{"id":3875,"date":"2021-10-11T13:44:56","date_gmt":"2021-10-11T11:44:56","guid":{"rendered":"https:\/\/www.fakolith.de\/?page_id=3875"},"modified":"2022-12-21T14:53:14","modified_gmt":"2022-12-21T13:53:14","slug":"flood-remediation","status":"publish","type":"page","link":"https:\/\/www.fakolith.de\/en\/flood-remediation\/","title":{"rendered":"Flood remediation"},"content":{"rendered":"<div class=\"wpb-content-wrapper\">[vc_row full_width=&#8221;stretch_row_content_no_spaces&#8221; css=&#8221;.vc_custom_1617288255146{margin-bottom: 0px !important;padding-bottom: 0px !important;}&#8221;][vc_column css=&#8221;.vc_custom_1617288267876{margin-bottom: 0px !important;padding-bottom: 0px !important;}&#8221;][vc_single_image image=&#8221;3679&#8243; img_size=&#8221;2500x350px&#8221;][\/vc_column][\/vc_row][vc_row][vc_column css=&#8221;.vc_custom_1625739200557{margin-bottom: 0px !important;}&#8221;][vc_column_text css=&#8221;.vc_custom_1633955863813{padding-top: 20px !important;}&#8221;]\n<h1>In case of flood damage: cleaning and avoidance of mould and bacteria infestation<\/h1>\n[\/vc_column_text][vc_column_text css=&#8221;.vc_custom_1633955890027{padding-top: 20px !important;}&#8221;]<strong>Quick help with flood damage<\/strong><br \/>\nAct simply, quickly and safely with our system products for cleaning, avoidance of mould and bacteria infestation and restoration of moisture damage. Our flyer briefly provides you with the most important information on quick help at a glance.[\/vc_column_text][vc_raw_html css=&#8221;.vc_custom_1671630682722{padding-top: 20px !important;}&#8221;]JTVCM2QtZmxpcC1ib29rJTIwbW9kZSUzRCUyMmxpbmstbGlnaHRib3glMjIlMjBpZCUzRCUyMjcwOTclMjIlNUQlMEElM0NzcGFuJTIwY2xhc3MlM0QlMjJ2Y2V4LWJ1dHRvbiUyMHRoZW1lLWJ1dHRvbiUyMGZsYXQlMjBpbmxpbmUlMjB3cGV4LWRob3Zlci0wJTIyJTIwc3R5bGUlM0QlMjJjb2xvciUzQSUyMCUyM2ZmZmZmZiUzQiUyMGZvbnQtd2VpZ2h0JTNBJTIwNjAwJTNCJTIwbGV0dGVyLXNwYWNpbmclM0ElMjAxcHglM0IlMjBib3JkZXItcmFkaXVzJTNBJTIwMCUzQiUyMHRleHQtdHJhbnNmb3JtJTNBJTIwdXBwZXJjYXNlJTNCJTIyJTIwZGF0YS13cGV4LWhvdmVyJTNEJTIyJTdCJTI2cXVvdCUzQmJhY2tncm91bmQlMjZxdW90JTNCJTNBJTI2cXVvdCUzQiUyM2Y5MzAxZCUyNnF1b3QlM0IlN0QlMjIlM0UlM0NzcGFuJTIwY2xhc3MlM0QlMjJ0aGVtZS1idXR0b24taW5uZXIlMjIlM0VGTFlFUiUyMFFVSUNLJTIwSEVMUCUyMFdJVEglMjBGTE9PRCUyMERBTUFHRSUyMCUyOFBERiUyOSUyMCUzQ3NwYW4lMjBjbGFzcyUzRCUyMnRpY29uJTIwdGljb24tYXJyb3ctcmlnaHQlMjIlMjBzdHlsZSUzRCUyMnBhZGRpbmctbGVmdCUzQTVweCUzQiUyMiUyMGFyaWEtaGlkZGVuJTNEJTIydHJ1ZSUyMiUzRSUzQyUyRnNwYW4lM0UlM0MlMkZzcGFuJTNFJTNDJTJGc3BhbiUzRSUwQSU1QiUyRjNkLWZsaXAtYm9vayU1RA==[\/vc_raw_html][vc_raw_html css=&#8221;.vc_custom_1671630696401{padding-top: 20px !important;}&#8221;]JTVCM2QtZmxpcC1ib29rJTIwbW9kZSUzRCUyMmxpbmstbGlnaHRib3glMjIlMjBpZCUzRCUyMjcxMTElMjIlNUQlMEElM0NzcGFuJTIwY2xhc3MlM0QlMjJ2Y2V4LWJ1dHRvbiUyMHRoZW1lLWJ1dHRvbiUyMGZsYXQlMjBpbmxpbmUlMjB3cGV4LWRob3Zlci0wJTIyJTIwc3R5bGUlM0QlMjJjb2xvciUzQSUyMCUyM2ZmZmZmZiUzQiUyMGZvbnQtd2VpZ2h0JTNBJTIwNjAwJTNCJTIwbGV0dGVyLXNwYWNpbmclM0ElMjAxcHglM0IlMjBib3JkZXItcmFkaXVzJTNBJTIwMCUzQiUyMHRleHQtdHJhbnNmb3JtJTNBJTIwdXBwZXJjYXNlJTNCJTIyJTIwZGF0YS13cGV4LWhvdmVyJTNEJTIyJTdCJTI2cXVvdCUzQmJhY2tncm91bmQlMjZxdW90JTNCJTNBJTI2cXVvdCUzQiUyM2Y5MzAxZCUyNnF1b3QlM0IlN0QlMjIlM0UlM0NzcGFuJTIwY2xhc3MlM0QlMjJ0aGVtZS1idXR0b24taW5uZXIlMjIlM0VQUk9EVUNUUyUyMEZPUiUyMFFVSUNLJTIwSEVMUCUyMFdJVEglMjBGTE9PRCUyMERBTUFHRSUyMCUyOFBERiUyOSUyMCUzQ3NwYW4lMjBjbGFzcyUzRCUyMnRpY29uJTIwdGljb24tYXJyb3ctcmlnaHQlMjIlMjBzdHlsZSUzRCUyMnBhZGRpbmctbGVmdCUzQTVweCUzQiUyMiUyMGFyaWEtaGlkZGVuJTNEJTIydHJ1ZSUyMiUzRSUzQyUyRnNwYW4lM0UlM0MlMkZzcGFuJTNFJTNDJTJGc3BhbiUzRSUwQSU1QiUyRjNkLWZsaXAtYm9vayU1RA==[\/vc_raw_html][vc_empty_space height=&#8221;30px&#8221;][vc_separator][vc_empty_space height=&#8221;20px&#8221;][\/vc_column][\/vc_row][vc_row][vc_column width=&#8221;1\/2&#8243; css=&#8221;.vc_custom_1618835795868{margin-top: 0px !important;padding-top: 0px !important;}&#8221;][vc_column_text css=&#8221;.vc_custom_1633956372562{padding-top: 20px !important;padding-right: 20px !important;}&#8221;]<strong>After the water has receded, action must be taken quickly!<\/strong><br \/>\nAfter clearing out furniture, carpets and other inventory, cleaning of ceilings, walls and floor surfaces should be started immediately. Action must be taken quickly, because the impurities from the waste water provide an optimal breeding ground for microbial infestation. Especially in the summer months when temperatures are warm and humidity is high, there is a risk that surfaces indoors will become infested with mould and bacteria within a short period of time.<\/p>\n<p><strong>Cleaning mould, bacteria and oily contaminants.<\/strong><br \/>\nMould and bacteria form musty odours. By cleaning with FAKOLITH FK 12, mould and bacteria are combated. At the same time, the smell of mustiness, which is caused by metabolic processes, is significantly reduced.<br \/>\nAfter a flood, there are also oily substances in the service water, which become visible on wall, ceiling and floor surfaces after the water has receded. They are due to damaged oil tanks, vehicles carried along by the water or even defective sewage pipes and spread an unpleasant odour as well. Cleaning ceilings and walls with FAKOLITH INTENSIVE CLEANER dissolves grease from the substrate. We recommend the use of a cleaning kraken for the professional cleaning of oily substrates with FAKOLITH INTENSIVE CLEANER.[\/vc_column_text][\/vc_column][vc_column width=&#8221;1\/2&#8243; css=&#8221;.vc_custom_1618835819197{padding-right: 20px !important;padding-left: 20px !important;}&#8221;][vc_column_text css=&#8221;.vc_custom_1633961483751{padding-top: 20px !important;}&#8221;]<strong>Performance profile of the cleaners FAKOLITH FK 12 and<br \/>\nFAKOLITH INTENSIVE CLEANER in comparison<\/strong>[\/vc_column_text][vc_empty_space height=&#8221;20px&#8221;][vc_single_image image=&#8221;3944&#8243; img_size=&#8221;450&#215;414&#8243; style=&#8221;vc_box_border&#8221; onclick=&#8221;custom_link&#8221; link=&#8221;https:\/\/www.fakolith.de\/fk14&#8243; lightbox_custom_img=&#8221;2982&#8243;][\/vc_column][\/vc_row][vc_row][vc_column width=&#8221;1\/2&#8243; css=&#8221;.vc_custom_1618835795868{margin-top: 0px !important;padding-top: 0px !important;}&#8221;][vc_column_text css=&#8221;.vc_custom_1633956421471{padding-top: 20px !important;padding-right: 20px !important;}&#8221;]<strong>Avoid mould and bacteria infestation at all costs<\/strong><br \/>\nSpores that have already formed in the substrate are not completely destroyed by cleaning. For this purpose, the application of an anti-fungal solution is necessary after cleaning the substrates. If possible, this work step should be carried out before or at the same time as setting up drying devices. The products FAKOLITH FK 14 and FAKOLITH AQUA.SILAN.CONTROL penetrate the substrate and destroy fungal mycelium and bacteria.[\/vc_column_text]<style>.vcex-button.vcex_69e9f6168ef65{border-radius:0px;color:#ffffff!important;font-weight:600;text-transform:uppercase;letter-spacing:1px;}.vcex-button.vcex_69e9f6168ef65:hover{background:#f9301d!important;}<\/style><div class=\"vc_custom_1634756447721 wpex-clr\"><a href=\"https:\/\/www.fakolith.de\/en\/products\/fakolith-fk-14\/\" class=\"vcex-button theme-button flat inline vcex_69e9f6168ef65\"><span class=\"vcex-button-inner theme-button-inner wpex-flex wpex-flex-wrap wpex-items-center wpex-justify-center\">FAKOLITH FK 14<span class=\"vcex-button-icon vcex-icon-wrap theme-button-icon-right\"><span class=\"wpex-icon wpex-icon--bidi\" aria-hidden=\"true\"><svg xmlns=\"http:\/\/www.w3.org\/2000\/svg\" viewBox=\"0 0 448 512\"><path d=\"M438.6 278.6c12.5-12.5 12.5-32.8 0-45.3l-160-160c-12.5-12.5-32.8-12.5-45.3 0s-12.5 32.8 0 45.3L338.8 224 32 224c-17.7 0-32 14.3-32 32s14.3 32 32 32l306.7 0L233.4 393.4c-12.5 12.5-12.5 32.8 0 45.3s32.8 12.5 45.3 0l160-160z\"\/><\/svg><\/span><\/span><\/span><\/a><\/div> <style>.vcex-button.vcex_69e9f6168fe0e{border-radius:0px;color:#ffffff!important;font-weight:600;text-transform:uppercase;letter-spacing:1px;}.vcex-button.vcex_69e9f6168fe0e:hover{background:#f9301d!important;}<\/style><div class=\"vc_custom_1634756507242 wpex-clr\"><a href=\"https:\/\/www.fakolith.de\/en\/products\/aqua-silan-control\/\" class=\"vcex-button theme-button flat inline vcex_69e9f6168fe0e\"><span class=\"vcex-button-inner theme-button-inner wpex-flex wpex-flex-wrap wpex-items-center wpex-justify-center\">AQUA.SILAN.CONTROL<span class=\"vcex-button-icon vcex-icon-wrap theme-button-icon-right\"><span class=\"wpex-icon wpex-icon--bidi\" aria-hidden=\"true\"><svg xmlns=\"http:\/\/www.w3.org\/2000\/svg\" viewBox=\"0 0 448 512\"><path d=\"M438.6 278.6c12.5-12.5 12.5-32.8 0-45.3l-160-160c-12.5-12.5-32.8-12.5-45.3 0s-12.5 32.8 0 45.3L338.8 224 32 224c-17.7 0-32 14.3-32 32s14.3 32 32 32l306.7 0L233.4 393.4c-12.5 12.5-12.5 32.8 0 45.3s32.8 12.5 45.3 0l160-160z\"\/><\/svg><\/span><\/span><\/span><\/a><\/div> [vc_single_image image=&#8221;3682&#8243; img_size=&#8221;450&#215;450&#8243; css=&#8221;.vc_custom_1627989937723{padding-top: 40px !important;}&#8221;][\/vc_column][vc_column width=&#8221;1\/2&#8243; css=&#8221;.vc_custom_1618835819197{padding-right: 20px !important;padding-left: 20px !important;}&#8221;][vc_column_text css=&#8221;.vc_custom_1633961504654{padding-top: 20px !important;}&#8221;]<strong>Performance profile of the products FAKOLITH FK 14 antifungal solution and AQUA.SILAN.CONTROL in comparison<\/strong>[\/vc_column_text][vc_empty_space height=&#8221;20px&#8221;][vc_single_image image=&#8221;3946&#8243; img_size=&#8221;450&#215;563&#8243; style=&#8221;vc_box_border&#8221; onclick=&#8221;custom_link&#8221; link=&#8221;https:\/\/www.fakolith.de\/aqua-silan-control\/&#8221; lightbox_custom_img=&#8221;2981&#8243;][\/vc_column][\/vc_row][vc_row][vc_column width=&#8221;1\/2&#8243; css=&#8221;.vc_custom_1618835795868{margin-top: 0px !important;padding-top: 0px !important;}&#8221;][vc_column_text css=&#8221;.vc_custom_1633956445417{padding-top: 20px !important;padding-right: 20px !important;}&#8221;]During the dry-out phase, the substrate should remain as &#8220;open&#8221; as possible in order not to impair the capillary transport of moisture. We recommend removing substrates irreversibly damaged by the water, e.g. sheetrock, gypsum plaster and wallpaper.[\/vc_column_text][vc_column_text css=&#8221;.vc_custom_1633956507809{padding-top: 20px !important;padding-right: 20px !important;}&#8221;]In summary: The application of the above-mentioned system products is simple and effective. Decide on variant 1 or variant 2. The application means value retention and protection for your building:[\/vc_column_text][vc_column_text css=&#8221;.vc_custom_1633956574780{padding-top: 20px !important;padding-right: 20px !important;}&#8221;]Now you have time for<\/p>\n<ul>\n<li>clarifying the damage with the insurance company,<\/li>\n<li>planning and implementing the concrete restoration measures,<\/li>\n<li>consulting an appraiser,<\/li>\n<li>and, of course, for the complete drying out of ceilings and walls.<\/li>\n<\/ul>\n[\/vc_column_text][\/vc_column][vc_column width=&#8221;1\/2&#8243; css=&#8221;.vc_custom_1618835819197{padding-right: 20px !important;padding-left: 20px !important;}&#8221;][vc_column_text css=&#8221;.vc_custom_1633961631560{padding-top: 20px !important;}&#8221;]<strong>Comparison of application variants<\/strong>[\/vc_column_text][vc_single_image image=&#8221;3942&#8243; img_size=&#8221;450&#215;277&#8243; onclick=&#8221;link_image&#8221; css=&#8221;.vc_custom_1633963268743{padding-top: 20px !important;}&#8221; lightbox_custom_img=&#8221;2989&#8243;][\/vc_column][\/vc_row][vc_row][vc_column][vc_separator css=&#8221;.vc_custom_1627980057769{padding-top: 30px !important;padding-bottom: 20px !important;}&#8221;][vc_column_text css=&#8221;.vc_custom_1633961650808{padding-top: 20px !important;}&#8221;]\n<h2><span  style=\"color:#dd2a1b;margin-right:5px;font-size:28px;\" class=\"wpex-icon\" aria-hidden=\"true\"><svg xmlns=\"http:\/\/www.w3.org\/2000\/svg\" viewBox=\"0 0 512 512\"><path d=\"M256 512A256 256 0 1 0 256 0a256 256 0 1 0 0 512zM216 336h24V272H216c-13.3 0-24-10.7-24-24s10.7-24 24-24h48c13.3 0 24 10.7 24 24v88h8c13.3 0 24 10.7 24 24s-10.7 24-24 24H216c-13.3 0-24-10.7-24-24s10.7-24 24-24zm40-208a32 32 0 1 1 0 64 32 32 0 1 1 0-64z\"\/><\/svg><\/span> Information and service<\/h2>\n[\/vc_column_text][vc_column_text css=&#8221;.vc_custom_1633961729681{padding-top: 20px !important;}&#8221;]We know the requirements of flood-damaged buildings and have experience in providing rapid assistance after a flood.<\/p>\n<p>Do you have any questions about our products or their use in connection with floods and moisture damage?<\/p>\n<p>Feel free to contact our application technology personally by phone or send us an e-mail.<\/p>\n<p>Phone: +49 (0)6253 \/ 23 94 &#8211; 18<br \/>\nE-mail: <a href=\"mailto:anwendungstechnik@fakolith.de\">anwendungstechnik@fakolith.de<\/a>[\/vc_column_text][vc_empty_space][\/vc_column][\/vc_row]\n<\/div>","protected":false},"excerpt":{"rendered":"<p>[vc_row full_width=&#8221;stretch_row_content_no_spaces&#8221; css=&#8221;.vc_custom_1617288255146{margin-bottom: 0px !important;padding-bottom: 0px !important;}&#8221;][vc_column css=&#8221;.vc_custom_1617288267876{margin-bottom: 0px !important;padding-bottom: 0px !important;}&#8221;][vc_single_image image=&#8221;3679&#8243; img_size=&#8221;2500x350px&#8221;][\/vc_column][\/vc_row][vc_row][vc_column css=&#8221;.vc_custom_1625739200557{margin-bottom: 0px !important;}&#8221;][vc_column_text css=&#8221;.vc_custom_1633955863813{padding-top: 20px !important;}&#8221;] In case of flood damage: cleaning and avoidance of mould and bacteria infestation [\/vc_column_text][vc_column_text css=&#8221;.vc_custom_1633955890027{padding-top: 20px !important;}&#8221;]Quick help with flood damage Act simply, quickly and safely with our system products for cleaning, avoidance of mould&hellip;<\/p>\n","protected":false},"author":1,"featured_media":0,"parent":0,"menu_order":3,"comment_status":"closed","ping_status":"closed","template":"","meta":{"inline_featured_image":false,"footnotes":""},"tags":[],"class_list":["post-3875","page","type-page","status-publish","hentry","entry","no-media"],"yoast_head":"<!-- This site is optimized with the Yoast SEO Premium plugin v27.4 (Yoast SEO v27.4) - https:\/\/yoast.com\/product\/yoast-seo-premium-wordpress\/ -->\n<title>Flood remediation - Fakolith - Schimmelschutz, Bautenschutz, Hygienebeschichtungen<\/title>\n<meta name=\"robots\" content=\"index, follow, max-snippet:-1, max-image-preview:large, max-video-preview:-1\" \/>\n<link rel=\"canonical\" href=\"https:\/\/www.fakolith.de\/en\/flood-remediation\/\" \/>\n<meta property=\"og:locale\" content=\"en_US\" \/>\n<meta property=\"og:type\" content=\"article\" \/>\n<meta property=\"og:title\" content=\"FAKOLITH - Profiprodukte f\u00fcr Schimmelsanierung an Geb\u00e4uden, Hygienebeschichtungen im Gesundheitswesen, FOODGRADE-Produkte in der Lebensmittelindustrie\" \/>\n<meta property=\"og:description\" content=\"FAKOLITH entwickelt und produziert seit \u00fcber 60 Jahren innovative Beschichtungssysteme f\u00fcr professionelle Anwendungen. Heute ist FAKOLITH ein international t\u00e4tiger Hersteller von Qualit\u00e4tsprodukten im Bereich Schimmelschutz und Bautenschutz, Hochwassersch\u00e4den sowie von Farben f\u00fcr das Gesundheitswesen und Beschichtungen f\u00fcr die Lebensmittelindustrie. Die lebensmittelechten FOODGRADE-Produkte, zertifiziert f\u00fcr den Direktkontakt mit Lebensmitteln nach VO (EU) 10\/2011 und FDA 21 CFR 175.300, wurden im Rahmen von internationalen Forschungsprojekten entwickelt und erweitern heute das Produktportfolio der FAKOLITH Gruppe.\" \/>\n<meta property=\"og:url\" content=\"https:\/\/www.fakolith.de\/en\/flood-remediation\/\" \/>\n<meta property=\"og:site_name\" content=\"Fakolith - Schimmelschutz, Bautenschutz, Hygienebeschichtungen\" \/>\n<meta property=\"article:modified_time\" content=\"2022-12-21T13:53:14+00:00\" \/>\n<meta property=\"og:image\" content=\"https:\/\/www.fakolith.de\/wp-content\/uploads\/default-social-media.jpg\" \/>\n\t<meta property=\"og:image:width\" content=\"1200\" \/>\n\t<meta property=\"og:image:height\" content=\"675\" \/>\n\t<meta property=\"og:image:type\" content=\"image\/jpeg\" \/>\n<meta name=\"twitter:card\" content=\"summary_large_image\" \/>\n<meta name=\"twitter:label1\" content=\"Est. reading time\" \/>\n\t<meta name=\"twitter:data1\" content=\"4 minutes\" \/>\n<script type=\"application\/ld+json\" class=\"yoast-schema-graph\">{\"@context\":\"https:\\\/\\\/schema.org\",\"@graph\":[{\"@type\":\"WebPage\",\"@id\":\"https:\\\/\\\/www.fakolith.de\\\/en\\\/flood-remediation\\\/\",\"url\":\"https:\\\/\\\/www.fakolith.de\\\/en\\\/flood-remediation\\\/\",\"name\":\"Flood remediation - Fakolith - Schimmelschutz, Bautenschutz, Hygienebeschichtungen\",\"isPartOf\":{\"@id\":\"https:\\\/\\\/www.fakolith.de\\\/en\\\/#website\"},\"datePublished\":\"2021-10-11T11:44:56+00:00\",\"dateModified\":\"2022-12-21T13:53:14+00:00\",\"breadcrumb\":{\"@id\":\"https:\\\/\\\/www.fakolith.de\\\/en\\\/flood-remediation\\\/#breadcrumb\"},\"inLanguage\":\"en-US\",\"potentialAction\":[{\"@type\":\"ReadAction\",\"target\":[\"https:\\\/\\\/www.fakolith.de\\\/en\\\/flood-remediation\\\/\"]}]},{\"@type\":\"BreadcrumbList\",\"@id\":\"https:\\\/\\\/www.fakolith.de\\\/en\\\/flood-remediation\\\/#breadcrumb\",\"itemListElement\":[{\"@type\":\"ListItem\",\"position\":1,\"name\":\"Startseite\",\"item\":\"https:\\\/\\\/www.fakolith.de\\\/en\\\/\"},{\"@type\":\"ListItem\",\"position\":2,\"name\":\"Flood remediation\"}]},{\"@type\":\"WebSite\",\"@id\":\"https:\\\/\\\/www.fakolith.de\\\/en\\\/#website\",\"url\":\"https:\\\/\\\/www.fakolith.de\\\/en\\\/\",\"name\":\"Fakolith - Schimmelschutz, Bautenschutz, Hygienebeschichtungen\",\"description\":\"\",\"publisher\":{\"@id\":\"https:\\\/\\\/www.fakolith.de\\\/en\\\/#organization\"},\"potentialAction\":[{\"@type\":\"SearchAction\",\"target\":{\"@type\":\"EntryPoint\",\"urlTemplate\":\"https:\\\/\\\/www.fakolith.de\\\/en\\\/?s={search_term_string}\"},\"query-input\":{\"@type\":\"PropertyValueSpecification\",\"valueRequired\":true,\"valueName\":\"search_term_string\"}}],\"inLanguage\":\"en-US\"},{\"@type\":\"Organization\",\"@id\":\"https:\\\/\\\/www.fakolith.de\\\/en\\\/#organization\",\"name\":\"FAKOLITH Farben GmbH\",\"url\":\"https:\\\/\\\/www.fakolith.de\\\/en\\\/\",\"logo\":{\"@type\":\"ImageObject\",\"inLanguage\":\"en-US\",\"@id\":\"https:\\\/\\\/www.fakolith.de\\\/en\\\/#\\\/schema\\\/logo\\\/image\\\/\",\"url\":\"https:\\\/\\\/www.fakolith.de\\\/wp-content\\\/uploads\\\/2021\\\/03\\\/FAKOLITH-Logo.png\",\"contentUrl\":\"https:\\\/\\\/www.fakolith.de\\\/wp-content\\\/uploads\\\/2021\\\/03\\\/FAKOLITH-Logo.png\",\"width\":920,\"height\":185,\"caption\":\"FAKOLITH Farben GmbH\"},\"image\":{\"@id\":\"https:\\\/\\\/www.fakolith.de\\\/en\\\/#\\\/schema\\\/logo\\\/image\\\/\"},\"sameAs\":[\"https:\\\/\\\/de.linkedin.com\\\/company\\\/fakolith-hygienic-paints\",\"https:\\\/\\\/www.youtube.com\\\/channel\\\/UCMZ_L-Ut3xtVeWryvOYjaew\"],\"description\":\"Als Hersteller chemischer Produkte produziert FAKOLITH alle Produkte in Deutschland und Spanien. Gemeinsam mit der spanischen Tochterfirma FAKOLITH CHEMICAL SYSTEMS ist FAKOLITH seit 2006 nach dem Qualit\u00e4tsmanagementsystem DIN EN ISO 9001:2015 zertifiziert.\",\"email\":\"info@fakolith.de\",\"telephone\":\"+49 (0)6253 \\\/ 2394-0\",\"legalName\":\"FAKOLITH Farben GmbH\",\"vatID\":\"DE 111629099\",\"numberOfEmployees\":{\"@type\":\"QuantitativeValue\",\"minValue\":\"11\",\"maxValue\":\"50\"}}]}<\/script>\n<!-- \/ Yoast SEO Premium plugin. -->","yoast_head_json":{"title":"Flood remediation - Fakolith - Schimmelschutz, Bautenschutz, Hygienebeschichtungen","robots":{"index":"index","follow":"follow","max-snippet":"max-snippet:-1","max-image-preview":"max-image-preview:large","max-video-preview":"max-video-preview:-1"},"canonical":"https:\/\/www.fakolith.de\/en\/flood-remediation\/","og_locale":"en_US","og_type":"article","og_title":"FAKOLITH - Profiprodukte f\u00fcr Schimmelsanierung an Geb\u00e4uden, Hygienebeschichtungen im Gesundheitswesen, FOODGRADE-Produkte in der Lebensmittelindustrie","og_description":"FAKOLITH entwickelt und produziert seit \u00fcber 60 Jahren innovative Beschichtungssysteme f\u00fcr professionelle Anwendungen. Heute ist FAKOLITH ein international t\u00e4tiger Hersteller von Qualit\u00e4tsprodukten im Bereich Schimmelschutz und Bautenschutz, Hochwassersch\u00e4den sowie von Farben f\u00fcr das Gesundheitswesen und Beschichtungen f\u00fcr die Lebensmittelindustrie. Die lebensmittelechten FOODGRADE-Produkte, zertifiziert f\u00fcr den Direktkontakt mit Lebensmitteln nach VO (EU) 10\/2011 und FDA 21 CFR 175.300, wurden im Rahmen von internationalen Forschungsprojekten entwickelt und erweitern heute das Produktportfolio der FAKOLITH Gruppe.","og_url":"https:\/\/www.fakolith.de\/en\/flood-remediation\/","og_site_name":"Fakolith - Schimmelschutz, Bautenschutz, Hygienebeschichtungen","article_modified_time":"2022-12-21T13:53:14+00:00","og_image":[{"width":1200,"height":675,"url":"https:\/\/www.fakolith.de\/wp-content\/uploads\/default-social-media.jpg","type":"image\/jpeg"}],"twitter_card":"summary_large_image","twitter_misc":{"Est. reading time":"4 minutes"},"schema":{"@context":"https:\/\/schema.org","@graph":[{"@type":"WebPage","@id":"https:\/\/www.fakolith.de\/en\/flood-remediation\/","url":"https:\/\/www.fakolith.de\/en\/flood-remediation\/","name":"Flood remediation - Fakolith - Schimmelschutz, Bautenschutz, Hygienebeschichtungen","isPartOf":{"@id":"https:\/\/www.fakolith.de\/en\/#website"},"datePublished":"2021-10-11T11:44:56+00:00","dateModified":"2022-12-21T13:53:14+00:00","breadcrumb":{"@id":"https:\/\/www.fakolith.de\/en\/flood-remediation\/#breadcrumb"},"inLanguage":"en-US","potentialAction":[{"@type":"ReadAction","target":["https:\/\/www.fakolith.de\/en\/flood-remediation\/"]}]},{"@type":"BreadcrumbList","@id":"https:\/\/www.fakolith.de\/en\/flood-remediation\/#breadcrumb","itemListElement":[{"@type":"ListItem","position":1,"name":"Startseite","item":"https:\/\/www.fakolith.de\/en\/"},{"@type":"ListItem","position":2,"name":"Flood remediation"}]},{"@type":"WebSite","@id":"https:\/\/www.fakolith.de\/en\/#website","url":"https:\/\/www.fakolith.de\/en\/","name":"Fakolith - Schimmelschutz, Bautenschutz, Hygienebeschichtungen","description":"","publisher":{"@id":"https:\/\/www.fakolith.de\/en\/#organization"},"potentialAction":[{"@type":"SearchAction","target":{"@type":"EntryPoint","urlTemplate":"https:\/\/www.fakolith.de\/en\/?s={search_term_string}"},"query-input":{"@type":"PropertyValueSpecification","valueRequired":true,"valueName":"search_term_string"}}],"inLanguage":"en-US"},{"@type":"Organization","@id":"https:\/\/www.fakolith.de\/en\/#organization","name":"FAKOLITH Farben GmbH","url":"https:\/\/www.fakolith.de\/en\/","logo":{"@type":"ImageObject","inLanguage":"en-US","@id":"https:\/\/www.fakolith.de\/en\/#\/schema\/logo\/image\/","url":"https:\/\/www.fakolith.de\/wp-content\/uploads\/2021\/03\/FAKOLITH-Logo.png","contentUrl":"https:\/\/www.fakolith.de\/wp-content\/uploads\/2021\/03\/FAKOLITH-Logo.png","width":920,"height":185,"caption":"FAKOLITH Farben GmbH"},"image":{"@id":"https:\/\/www.fakolith.de\/en\/#\/schema\/logo\/image\/"},"sameAs":["https:\/\/de.linkedin.com\/company\/fakolith-hygienic-paints","https:\/\/www.youtube.com\/channel\/UCMZ_L-Ut3xtVeWryvOYjaew"],"description":"Als Hersteller chemischer Produkte produziert FAKOLITH alle Produkte in Deutschland und Spanien. Gemeinsam mit der spanischen Tochterfirma FAKOLITH CHEMICAL SYSTEMS ist FAKOLITH seit 2006 nach dem Qualit\u00e4tsmanagementsystem DIN EN ISO 9001:2015 zertifiziert.","email":"info@fakolith.de","telephone":"+49 (0)6253 \/ 2394-0","legalName":"FAKOLITH Farben GmbH","vatID":"DE 111629099","numberOfEmployees":{"@type":"QuantitativeValue","minValue":"11","maxValue":"50"}}]}},"_links":{"self":[{"href":"https:\/\/www.fakolith.de\/en\/wp-json\/wp\/v2\/pages\/3875","targetHints":{"allow":["GET"]}}],"collection":[{"href":"https:\/\/www.fakolith.de\/en\/wp-json\/wp\/v2\/pages"}],"about":[{"href":"https:\/\/www.fakolith.de\/en\/wp-json\/wp\/v2\/types\/page"}],"author":[{"embeddable":true,"href":"https:\/\/www.fakolith.de\/en\/wp-json\/wp\/v2\/users\/1"}],"replies":[{"embeddable":true,"href":"https:\/\/www.fakolith.de\/en\/wp-json\/wp\/v2\/comments?post=3875"}],"version-history":[{"count":0,"href":"https:\/\/www.fakolith.de\/en\/wp-json\/wp\/v2\/pages\/3875\/revisions"}],"wp:attachment":[{"href":"https:\/\/www.fakolith.de\/en\/wp-json\/wp\/v2\/media?parent=3875"}],"wp:term":[{"taxonomy":"post_tag","embeddable":true,"href":"https:\/\/www.fakolith.de\/en\/wp-json\/wp\/v2\/tags?post=3875"}],"curies":[{"name":"wp","href":"https:\/\/api.w.org\/{rel}","templated":true}]}}