{"id":3882,"date":"2021-03-30T19:47:49","date_gmt":"2021-03-30T17:47:49","guid":{"rendered":"https:\/\/www.fakolith.de\/?page_id=3882"},"modified":"2023-08-14T15:26:30","modified_gmt":"2023-08-14T13:26:30","slug":"faq","status":"publish","type":"page","link":"https:\/\/www.fakolith.de\/en\/faq\/","title":{"rendered":"FAQ"},"content":{"rendered":"<div class=\"wpb-content-wrapper\">[vc_row full_width=&#8221;stretch_row_content_no_spaces&#8221; css=&#8221;.vc_custom_1617288255146{margin-bottom: 0px !important;padding-bottom: 0px !important;}&#8221;][vc_column css=&#8221;.vc_custom_1617288267876{margin-bottom: 0px !important;padding-bottom: 0px !important;}&#8221;][vc_single_image image=&#8221;3211&#8243; img_size=&#8221;2500x350px&#8221;][\/vc_column][\/vc_row][vc_row][vc_column][vc_column_text css=&#8221;.vc_custom_1634213725173{padding-top: 20px !important;}&#8221;]\n<h1>FAQ &#8211; Frequently asked Questions<\/h1>\n[\/vc_column_text][vc_column_text css=&#8221;.vc_custom_1635322476238{padding-top: 20px !important;}&#8221;]\n<p style=\"text-align: justify;\">On this page you will find frequently asked questions and answers about industry-specific topics, technical explanations and product-related questions.<\/p>\n[\/vc_column_text][vc_empty_space height=&#8221;30px&#8221;][vc_column_text]\n<h2>FAQ hygienic coatings<\/h2>\n[\/vc_column_text][vc_column_text]\n<h3><a href=\"https:\/\/www.fakolith.de\/en\/what-does-food-safe-mean\/\">&gt; What does \u201cfood safe\u201d mean?<\/a><\/h3>\n[\/vc_column_text][vc_column_text]\n<h3><a href=\"https:\/\/www.fakolith.de\/en\/what-does-bio-film-stop-mean\/\">&gt; What does BIO.FILM.STOP mean?<\/a><\/h3>\n[\/vc_column_text][vc_column_text]\n<h3><a href=\"https:\/\/www.fakolith.de\/en\/how-is-antimicrobial-efficacy-defined\/\">&gt; How is antimicrobial efficacy defined?<\/a><\/h3>\n[\/vc_column_text][vc_column_text]\n<h3><a href=\"https:\/\/www.fakolith.de\/en\/what-does-antimicrobial-mean\/\">&gt; What does antimicrobial mean?<\/a><\/h3>\n[\/vc_column_text][vc_column_text]\n<h3><a href=\"https:\/\/www.fakolith.de\/en\/what-does-foodgrade-mean\/\">&gt; What does \u201cFOODGRADE\u201d mean?<\/a><\/h3>\n[\/vc_column_text][vc_column_text]\n<h3><a href=\"https:\/\/www.fakolith.de\/en\/which-products-are-suitable-for-direct-contact-with-food\/\">&gt; Which products are suitable for direct contact with food?<\/a><\/h3>\n[\/vc_column_text][vc_column_text]\n<h3><a href=\"https:\/\/www.fakolith.de\/en\/what-exactly-is-antimicrobial-paint\/\">&gt; What exactly is antimicrobial paint?<\/a><\/h3>\n[\/vc_column_text][vc_column_text css=&#8221;.vc_custom_1692019496164{padding-top: 20px !important;}&#8221;]\n<h2>FAQ mould remediation<\/h2>\n[\/vc_column_text][vc_column_text]\n<h3><a href=\"https:\/\/www.fakolith.de\/en\/what-is-the-best-way-to-remove-mould\/\">&gt; What is the best way to remove \/ eliminate mould?<\/a><\/h3>\n[\/vc_column_text][vc_column_text]\n<h3><a href=\"https:\/\/www.fakolith.de\/en\/what-exactly-does-a-mould-remover-do\/\">&gt; What exactly does a mould remover do?<\/a><\/h3>\n[\/vc_column_text][vc_column_text]\n<h3><a href=\"https:\/\/www.fakolith.de\/en\/what-are-the-properties-of-anti-mould-paint\/\">&gt; What are the properties of anti-mould paint?<br \/>\n<\/a><\/h3>\n[\/vc_column_text][vc_column_text]\n<h3><a href=\"https:\/\/www.fakolith.de\/en\/how-to-remove-mould-from-the-wall\/\">&gt; How to remove mould from the wall?<\/a><\/h3>\n[\/vc_column_text][vc_column_text]\n<h3><a href=\"https:\/\/www.fakolith.de\/en\/how-to-remove-mould-in-the-home\/\">&gt; How to remove mould in the home?<\/a><\/h3>\n[\/vc_column_text][vc_empty_space height=&#8221;40px&#8221;][vc_separator][vc_column_text css=&#8221;.vc_custom_1635322612205{padding-top: 20px !important;}&#8221;]\n<h4>Consultation<\/h4>\n[\/vc_column_text][vc_column_text css=&#8221;.vc_custom_1635322638405{padding-top: 20px !important;}&#8221;]If you have any questions about the topics listed here, or if you have any other questions about our products and services that are not listed, please feel free to call us personally or send us an e-mail.<\/p>\n<p>Telephone: +49 (0)6253 \/ 23 94 &#8211; 0<br \/>\nE-mail: <a href=\"mailto:info@fakolith.de\">info@fakolith.de<\/a>[\/vc_column_text][vc_empty_space][vc_separator][\/vc_column][\/vc_row]\n<\/div>","protected":false},"excerpt":{"rendered":"<p>[vc_row full_width=&#8221;stretch_row_content_no_spaces&#8221; css=&#8221;.vc_custom_1617288255146{margin-bottom: 0px !important;padding-bottom: 0px !important;}&#8221;][vc_column css=&#8221;.vc_custom_1617288267876{margin-bottom: 0px !important;padding-bottom: 0px !important;}&#8221;][vc_single_image image=&#8221;3211&#8243; img_size=&#8221;2500x350px&#8221;][\/vc_column][\/vc_row][vc_row][vc_column][vc_column_text css=&#8221;.vc_custom_1634213725173{padding-top: 20px !important;}&#8221;] FAQ &#8211; Frequently asked Questions [\/vc_column_text][vc_column_text css=&#8221;.vc_custom_1635322476238{padding-top: 20px !important;}&#8221;] On this page you will find frequently asked questions and answers about industry-specific topics, technical explanations and product-related questions. [\/vc_column_text][vc_empty_space height=&#8221;30px&#8221;][vc_column_text] FAQ hygienic coatings [\/vc_column_text][vc_column_text] &gt; What does \u201cfood&hellip;<\/p>\n","protected":false},"author":1,"featured_media":0,"parent":0,"menu_order":216,"comment_status":"closed","ping_status":"closed","template":"","meta":{"footnotes":""},"tags":[],"class_list":["post-3882","page","type-page","status-publish","hentry","entry","no-media"],"yoast_head":"<!-- This site is optimized with the Yoast SEO Premium plugin v23.6 (Yoast SEO v27.4) - https:\/\/yoast.com\/product\/yoast-seo-premium-wordpress\/ -->\n<title>FAQ - Frequently Asked Questions - Fakolith Farben<\/title>\n<meta name=\"description\" content=\"FAQ - Frequently Asked Questions\" \/>\n<meta name=\"robots\" content=\"index, follow, max-snippet:-1, max-image-preview:large, max-video-preview:-1\" \/>\n<link rel=\"canonical\" href=\"https:\/\/www.fakolith.de\/en\/faq\/\" \/>\n<meta property=\"og:locale\" content=\"en_US\" \/>\n<meta property=\"og:type\" content=\"article\" \/>\n<meta property=\"og:title\" content=\"FAKOLITH - Profiprodukte f\u00fcr Schimmelsanierung an Geb\u00e4uden, Hygienebeschichtungen im Gesundheitswesen, FOODGRADE-Produkte in der Lebensmittelindustrie\" \/>\n<meta property=\"og:description\" content=\"FAKOLITH entwickelt und produziert seit \u00fcber 60 Jahren innovative Beschichtungssysteme f\u00fcr professionelle Anwendungen. Heute ist FAKOLITH ein international t\u00e4tiger Hersteller von Qualit\u00e4tsprodukten im Bereich Schimmelschutz und Bautenschutz, Hochwassersch\u00e4den sowie von Farben f\u00fcr das Gesundheitswesen und Beschichtungen f\u00fcr die Lebensmittelindustrie. Die lebensmittelechten FOODGRADE-Produkte, zertifiziert f\u00fcr den Direktkontakt mit Lebensmitteln nach VO (EU) 10\/2011 und FDA 21 CFR 175.300, wurden im Rahmen von internationalen Forschungsprojekten entwickelt und erweitern heute das Produktportfolio der FAKOLITH Gruppe.\" \/>\n<meta property=\"og:url\" content=\"https:\/\/www.fakolith.de\/en\/faq\/\" \/>\n<meta property=\"og:site_name\" content=\"Fakolith - Schimmelschutz, Bautenschutz, Hygienebeschichtungen\" \/>\n<meta property=\"article:modified_time\" content=\"2023-08-14T13:26:30+00:00\" \/>\n<meta property=\"og:image\" content=\"https:\/\/www.fakolith.de\/wp-content\/uploads\/default-social-media.jpg\" \/>\n\t<meta property=\"og:image:width\" content=\"1200\" \/>\n\t<meta property=\"og:image:height\" content=\"675\" \/>\n\t<meta property=\"og:image:type\" content=\"image\/jpeg\" \/>\n<meta name=\"twitter:card\" content=\"summary_large_image\" \/>\n<meta name=\"twitter:label1\" content=\"Est. reading time\" \/>\n\t<meta name=\"twitter:data1\" content=\"2 minutes\" \/>\n<script type=\"application\/ld+json\" class=\"yoast-schema-graph\">{\"@context\":\"https:\\\/\\\/schema.org\",\"@graph\":[{\"@type\":\"WebPage\",\"@id\":\"https:\\\/\\\/www.fakolith.de\\\/en\\\/faq\\\/\",\"url\":\"https:\\\/\\\/www.fakolith.de\\\/en\\\/faq\\\/\",\"name\":\"FAQ - Frequently Asked Questions - Fakolith Farben\",\"isPartOf\":{\"@id\":\"https:\\\/\\\/www.fakolith.de\\\/#website\"},\"datePublished\":\"2021-03-30T17:47:49+00:00\",\"dateModified\":\"2023-08-14T13:26:30+00:00\",\"description\":\"FAQ - Frequently Asked Questions\",\"breadcrumb\":{\"@id\":\"https:\\\/\\\/www.fakolith.de\\\/en\\\/faq\\\/#breadcrumb\"},\"inLanguage\":\"en-US\",\"potentialAction\":[{\"@type\":\"ReadAction\",\"target\":[\"https:\\\/\\\/www.fakolith.de\\\/en\\\/faq\\\/\"]}]},{\"@type\":\"BreadcrumbList\",\"@id\":\"https:\\\/\\\/www.fakolith.de\\\/en\\\/faq\\\/#breadcrumb\",\"itemListElement\":[{\"@type\":\"ListItem\",\"position\":1,\"name\":\"Startseite\",\"item\":\"https:\\\/\\\/www.fakolith.de\\\/en\\\/\"},{\"@type\":\"ListItem\",\"position\":2,\"name\":\"FAQ\"}]},{\"@type\":\"WebSite\",\"@id\":\"https:\\\/\\\/www.fakolith.de\\\/#website\",\"url\":\"https:\\\/\\\/www.fakolith.de\\\/\",\"name\":\"Fakolith - Schimmelschutz, Bautenschutz, Hygienebeschichtungen\",\"description\":\"\",\"publisher\":{\"@id\":\"https:\\\/\\\/www.fakolith.de\\\/#organization\"},\"potentialAction\":[{\"@type\":\"SearchAction\",\"target\":{\"@type\":\"EntryPoint\",\"urlTemplate\":\"https:\\\/\\\/www.fakolith.de\\\/?s={search_term_string}\"},\"query-input\":{\"@type\":\"PropertyValueSpecification\",\"valueRequired\":true,\"valueName\":\"search_term_string\"}}],\"inLanguage\":\"en-US\"},{\"@type\":\"Organization\",\"@id\":\"https:\\\/\\\/www.fakolith.de\\\/#organization\",\"name\":\"FAKOLITH Farben GmbH\",\"url\":\"https:\\\/\\\/www.fakolith.de\\\/\",\"logo\":{\"@type\":\"ImageObject\",\"inLanguage\":\"en-US\",\"@id\":\"https:\\\/\\\/www.fakolith.de\\\/#\\\/schema\\\/logo\\\/image\\\/\",\"url\":\"https:\\\/\\\/www.fakolith.de\\\/wp-content\\\/uploads\\\/2021\\\/03\\\/FAKOLITH-Logo.png\",\"contentUrl\":\"https:\\\/\\\/www.fakolith.de\\\/wp-content\\\/uploads\\\/2021\\\/03\\\/FAKOLITH-Logo.png\",\"width\":920,\"height\":185,\"caption\":\"FAKOLITH Farben GmbH\"},\"image\":{\"@id\":\"https:\\\/\\\/www.fakolith.de\\\/#\\\/schema\\\/logo\\\/image\\\/\"},\"sameAs\":[\"https:\\\/\\\/de.linkedin.com\\\/company\\\/fakolith-hygienic-paints\",\"https:\\\/\\\/www.youtube.com\\\/channel\\\/UCMZ_L-Ut3xtVeWryvOYjaew\"]}]}<\/script>\n<!-- \/ Yoast SEO Premium plugin. -->","yoast_head_json":{"title":"FAQ - Frequently Asked Questions - Fakolith Farben","description":"FAQ - Frequently Asked Questions","robots":{"index":"index","follow":"follow","max-snippet":"max-snippet:-1","max-image-preview":"max-image-preview:large","max-video-preview":"max-video-preview:-1"},"canonical":"https:\/\/www.fakolith.de\/en\/faq\/","og_locale":"en_US","og_type":"article","og_title":"FAKOLITH - Profiprodukte f\u00fcr Schimmelsanierung an Geb\u00e4uden, Hygienebeschichtungen im Gesundheitswesen, FOODGRADE-Produkte in der Lebensmittelindustrie","og_description":"FAKOLITH entwickelt und produziert seit \u00fcber 60 Jahren innovative Beschichtungssysteme f\u00fcr professionelle Anwendungen. Heute ist FAKOLITH ein international t\u00e4tiger Hersteller von Qualit\u00e4tsprodukten im Bereich Schimmelschutz und Bautenschutz, Hochwassersch\u00e4den sowie von Farben f\u00fcr das Gesundheitswesen und Beschichtungen f\u00fcr die Lebensmittelindustrie. Die lebensmittelechten FOODGRADE-Produkte, zertifiziert f\u00fcr den Direktkontakt mit Lebensmitteln nach VO (EU) 10\/2011 und FDA 21 CFR 175.300, wurden im Rahmen von internationalen Forschungsprojekten entwickelt und erweitern heute das Produktportfolio der FAKOLITH Gruppe.","og_url":"https:\/\/www.fakolith.de\/en\/faq\/","og_site_name":"Fakolith - Schimmelschutz, Bautenschutz, Hygienebeschichtungen","article_modified_time":"2023-08-14T13:26:30+00:00","og_image":[{"width":1200,"height":675,"url":"https:\/\/www.fakolith.de\/wp-content\/uploads\/default-social-media.jpg","type":"image\/jpeg"}],"twitter_card":"summary_large_image","twitter_misc":{"Est. reading time":"2 minutes"},"schema":{"@context":"https:\/\/schema.org","@graph":[{"@type":"WebPage","@id":"https:\/\/www.fakolith.de\/en\/faq\/","url":"https:\/\/www.fakolith.de\/en\/faq\/","name":"FAQ - Frequently Asked Questions - Fakolith Farben","isPartOf":{"@id":"https:\/\/www.fakolith.de\/#website"},"datePublished":"2021-03-30T17:47:49+00:00","dateModified":"2023-08-14T13:26:30+00:00","description":"FAQ - Frequently Asked Questions","breadcrumb":{"@id":"https:\/\/www.fakolith.de\/en\/faq\/#breadcrumb"},"inLanguage":"en-US","potentialAction":[{"@type":"ReadAction","target":["https:\/\/www.fakolith.de\/en\/faq\/"]}]},{"@type":"BreadcrumbList","@id":"https:\/\/www.fakolith.de\/en\/faq\/#breadcrumb","itemListElement":[{"@type":"ListItem","position":1,"name":"Startseite","item":"https:\/\/www.fakolith.de\/en\/"},{"@type":"ListItem","position":2,"name":"FAQ"}]},{"@type":"WebSite","@id":"https:\/\/www.fakolith.de\/#website","url":"https:\/\/www.fakolith.de\/","name":"Fakolith - Schimmelschutz, Bautenschutz, Hygienebeschichtungen","description":"","publisher":{"@id":"https:\/\/www.fakolith.de\/#organization"},"potentialAction":[{"@type":"SearchAction","target":{"@type":"EntryPoint","urlTemplate":"https:\/\/www.fakolith.de\/?s={search_term_string}"},"query-input":{"@type":"PropertyValueSpecification","valueRequired":true,"valueName":"search_term_string"}}],"inLanguage":"en-US"},{"@type":"Organization","@id":"https:\/\/www.fakolith.de\/#organization","name":"FAKOLITH Farben GmbH","url":"https:\/\/www.fakolith.de\/","logo":{"@type":"ImageObject","inLanguage":"en-US","@id":"https:\/\/www.fakolith.de\/#\/schema\/logo\/image\/","url":"https:\/\/www.fakolith.de\/wp-content\/uploads\/2021\/03\/FAKOLITH-Logo.png","contentUrl":"https:\/\/www.fakolith.de\/wp-content\/uploads\/2021\/03\/FAKOLITH-Logo.png","width":920,"height":185,"caption":"FAKOLITH Farben GmbH"},"image":{"@id":"https:\/\/www.fakolith.de\/#\/schema\/logo\/image\/"},"sameAs":["https:\/\/de.linkedin.com\/company\/fakolith-hygienic-paints","https:\/\/www.youtube.com\/channel\/UCMZ_L-Ut3xtVeWryvOYjaew"]}]}},"_links":{"self":[{"href":"https:\/\/www.fakolith.de\/en\/wp-json\/wp\/v2\/pages\/3882","targetHints":{"allow":["GET"]}}],"collection":[{"href":"https:\/\/www.fakolith.de\/en\/wp-json\/wp\/v2\/pages"}],"about":[{"href":"https:\/\/www.fakolith.de\/en\/wp-json\/wp\/v2\/types\/page"}],"author":[{"embeddable":true,"href":"https:\/\/www.fakolith.de\/en\/wp-json\/wp\/v2\/users\/1"}],"replies":[{"embeddable":true,"href":"https:\/\/www.fakolith.de\/en\/wp-json\/wp\/v2\/comments?post=3882"}],"version-history":[{"count":0,"href":"https:\/\/www.fakolith.de\/en\/wp-json\/wp\/v2\/pages\/3882\/revisions"}],"wp:attachment":[{"href":"https:\/\/www.fakolith.de\/en\/wp-json\/wp\/v2\/media?parent=3882"}],"wp:term":[{"taxonomy":"post_tag","embeddable":true,"href":"https:\/\/www.fakolith.de\/en\/wp-json\/wp\/v2\/tags?post=3882"}],"curies":[{"name":"wp","href":"https:\/\/api.w.org\/{rel}","templated":true}]}}