{"id":3892,"date":"2021-10-11T13:44:55","date_gmt":"2021-10-11T11:44:55","guid":{"rendered":"https:\/\/www.fakolith.de\/?page_id=3892"},"modified":"2025-11-03T14:53:13","modified_gmt":"2025-11-03T13:53:13","slug":"recommended-by-bvlk","status":"publish","type":"page","link":"https:\/\/www.fakolith.de\/en\/recommended-by-bvlk\/","title":{"rendered":"Recommended by BVLK"},"content":{"rendered":"<div class=\"wpb-content-wrapper\">[vc_row full_width=&#8221;stretch_row_content_no_spaces&#8221; css=&#8221;.vc_custom_1617288255146{margin-bottom: 0px !important;padding-bottom: 0px !important;}&#8221;][vc_column css=&#8221;.vc_custom_1617288267876{margin-bottom: 0px !important;padding-bottom: 0px !important;}&#8221;][vc_single_image image=&#8221;3588&#8243; img_size=&#8221;2500x350px&#8221;][\/vc_column][\/vc_row][vc_row][vc_column][vc_column_text css=&#8221;.vc_custom_1634042989958{padding-top: 20px !important;}&#8221;]\n<h1>Recommended by the German Federal Association of Food Inspectors (BVLK)<\/h1>\n[\/vc_column_text][\/vc_column][\/vc_row][vc_row][vc_column width=&#8221;1\/2&#8243;][vc_column_text]\n<p style=\"text-align: justify;\">Moisture is generated during the production of food due to manufacturing, storage and cleaning processes. This places a heavy load on surfaces in production, refrigeration and storage rooms, and there is a risk of mould and bacterial infestation. Coatings that are not resistant to moisture detach from the substrate and can contaminate the food.<\/p>\n<p>For the food inspector, the implementation of the Food Hygiene Ordinance is the basis for his work. Biofilms on ceiling surfaces, listeria behind wall panelling and defective coatings must be avoided at all costs. FAKOLITH offers coating solutions that comply 100% with the requirements of the Food Hygiene Ordinance and are explicitly recommended by the Federal Association of Food Inspectors.[\/vc_column_text]<div class=\"vc_custom_1762177982713 wpex-clr\"><a href=\"https:\/\/www.fakolith.de\/wp-content\/uploads\/Recommendation-from-BVLK_2025-2026.pdf\" class=\"vcex-button theme-button flat inline\" style=\"color:#ffffff;font-weight:600;letter-spacing:1px;border-radius:0px;text-transform:uppercase;\" data-wpex-hover='{&quot;background&quot;:&quot;#f9301d&quot;}' target=\"_blank\" rel=\"noopener noreferrer\"><span class=\"vcex-button-inner theme-button-inner\">RECOMMENDATION OF BVLK 2025\/26 (PDF)<span class=\"vcex-button-icon vcex-icon-wrap theme-button-icon-right\"><span class=\"ticon ticon-arrow-right\" aria-hidden=\"true\"><\/span><\/span><\/span><\/a><\/div> <div class=\"vc_custom_1729250401689 wpex-clr\"><a href=\"https:\/\/www.fakolith.de\/wp-content\/uploads\/Recommendation-from-BVLK_2024-2025.pdf\" class=\"vcex-button theme-button flat inline\" style=\"color:#ffffff;font-weight:600;letter-spacing:1px;border-radius:0px;text-transform:uppercase;\" data-wpex-hover='{&quot;background&quot;:&quot;#f9301d&quot;}' target=\"_blank\" rel=\"noopener noreferrer\"><span class=\"vcex-button-inner theme-button-inner\">RECOMMENDATION OF BVLK 2024\/25 (PDF)<span class=\"vcex-button-icon vcex-icon-wrap theme-button-icon-right\"><span class=\"ticon ticon-arrow-right\" aria-hidden=\"true\"><\/span><\/span><\/span><\/a><\/div> <div class=\"vc_custom_1729250383664 wpex-clr\"><a href=\"https:\/\/www.fakolith.de\/wp-content\/uploads\/Recommendation-from-BVLK_2023-2024.pdf\" class=\"vcex-button theme-button flat inline\" style=\"color:#ffffff;font-weight:600;letter-spacing:1px;border-radius:0px;text-transform:uppercase;\" data-wpex-hover='{&quot;background&quot;:&quot;#f9301d&quot;}' target=\"_blank\" rel=\"noopener noreferrer\"><span class=\"vcex-button-inner theme-button-inner\">RECOMMENDATION OF BVLK 2023\/24 (PDF)<span class=\"vcex-button-icon vcex-icon-wrap theme-button-icon-right\"><span class=\"ticon ticon-arrow-right\" aria-hidden=\"true\"><\/span><\/span><\/span><\/a><\/div> <div class=\"vc_custom_1729250363175 wpex-clr\"><a href=\"https:\/\/www.fakolith.de\/wp-content\/uploads\/FAKOLITH-recommendation-BVLK-23.pdf\" class=\"vcex-button theme-button flat inline\" style=\"color:#ffffff;font-weight:600;letter-spacing:1px;border-radius:0px;text-transform:uppercase;\" data-wpex-hover='{&quot;background&quot;:&quot;#f9301d&quot;}' target=\"_blank\" rel=\"noopener noreferrer\"><span class=\"vcex-button-inner theme-button-inner\">RECOMMENDATION OF BVLK 2022\/23 (PDF)<span class=\"vcex-button-icon vcex-icon-wrap theme-button-icon-right\"><span class=\"ticon ticon-arrow-right\" aria-hidden=\"true\"><\/span><\/span><\/span><\/a><\/div> <div class=\"vc_custom_1729250327356 wpex-clr\"><a href=\"https:\/\/www.fakolith.de\/wp-content\/uploads\/FAKOLITH-BVLK-Letter-of-recommentation.pdf\" class=\"vcex-button theme-button flat inline\" style=\"color:#ffffff;font-weight:600;letter-spacing:1px;border-radius:0px;text-transform:uppercase;\" data-wpex-hover='{&quot;background&quot;:&quot;#f9301d&quot;}' target=\"_blank\" rel=\"noopener noreferrer\"><span class=\"vcex-button-inner theme-button-inner\">RECOMMENDATION OF BVLK 2021\/22 (PDF)<span class=\"vcex-button-icon vcex-icon-wrap theme-button-icon-right\"><span class=\"ticon ticon-arrow-right\" aria-hidden=\"true\"><\/span><\/span><\/span><\/a><\/div> [vc_column_text css=&#8221;.vc_custom_1634043286453{padding-top: 30px !important;}&#8221;]\n<p style=\"text-align: justify;\">Food inspectors have a wide range of tasks and responsibilities. During the inspections, the main focus is on:<\/p>\n<ul style=\"text-align: justify;\">\n<li>Compliance with food law regulations<\/li>\n<li>The assessment of the structural and material-technical filment<\/li>\n<li>The assessment of general hygiene in connection with the cleaning and disinfection system<\/li>\n<\/ul>\n<p style=\"text-align: justify;\">In the process, precise questions are asked:<\/p>\n<ul>\n<li style=\"text-align: justify;\">Are maintenance measures carried out regularly?<\/li>\n<li style=\"text-align: justify;\">Is there obvious damage to the building fabric, e.g. damage to tiles, peeling wall and ceiling paint, black mould, leaking pipes?<\/li>\n<li style=\"text-align: justify;\">Is there a functioning exhaust air system?<\/li>\n<li style=\"text-align: justify;\">Does the water connection to the hand washing facility work?<\/li>\n<li style=\"text-align: justify;\">What is the condition of surfaces that come into contact with food?<\/li>\n<\/ul>\n[\/vc_column_text][vc_column_text css=&#8221;.vc_custom_1634043313622{padding-top: 20px !important;}&#8221;]\n<h2 style=\"text-align: justify;\">FAKOLITH is a cooperation partner of the BVLK<\/h2>\n<p style=\"text-align: justify;\">As a manufacturer of hygienic coatings, FAKOLITH has many years of practical experience. We are in constant contact with bakeries, butchers, dairies, wineries, breweries and the food industry with its production, cooling and storage facilities. Within the framework of our activities in the hygiene forum of the BVLK and participation in further training events of the association, we inform and advise food inspectors about the technical possibilities for optimizing spatial hygiene. Even with problematic substrates and the most difficult conditions.<\/p>\n[\/vc_column_text][\/vc_column][vc_column width=&#8221;1\/2&#8243;][vc_media_grid gap=&#8221;20&#8243; grid_id=&#8221;vc_gid:1762177912941-3eadf790-bb1b-6&#8243; include=&#8221;3661,3662,3663,3664,3665,3666,3667,3668,3669&#8243;][\/vc_column][\/vc_row][vc_row][vc_column]<div class=\"vc_custom_1634043367148 wpex-clr\"><a href=\"https:\/\/bvlk-hygieneforum.de\/\" class=\"vcex-button theme-button flat inline\" style=\"color:#ffffff;font-weight:600;letter-spacing:1px;border-radius:0px;text-transform:uppercase;\" data-wpex-hover='{&quot;background&quot;:&quot;#f9301d&quot;}' target=\"_blank\" rel=\"noopener noreferrer\"><span class=\"vcex-button-inner theme-button-inner\">MORE ABOUT THE ACTIVITIES OF THE BVLK<span class=\"vcex-button-icon vcex-icon-wrap theme-button-icon-right\"><span class=\"ticon ticon-arrow-right\" aria-hidden=\"true\"><\/span><\/span><\/span><\/a><\/div> <div class=\"vc_custom_1634043395533 wpex-clr\"><a href=\"https:\/\/bvlk.de\/\" class=\"vcex-button theme-button flat inline\" style=\"color:#ffffff;font-weight:600;letter-spacing:1px;border-radius:0px;text-transform:uppercase;\" data-wpex-hover='{&quot;background&quot;:&quot;#f9301d&quot;}'><span class=\"vcex-button-inner theme-button-inner\">MORE ABOUT THE ACTIVITIES OF THE HYGIENE FORUM OF THE BVLK<span class=\"vcex-button-icon vcex-icon-wrap theme-button-icon-right\"><span class=\"ticon ticon-arrow-right\" aria-hidden=\"true\"><\/span><\/span><\/span><\/a><\/div> [\/vc_column][\/vc_row][vc_row][vc_column][vc_separator][\/vc_column][\/vc_row][vc_row][vc_column][vc_column_text css=&#8221;.vc_custom_1634043407318{padding-top: 20px !important;}&#8221;]\n<h2><span class=\"ticon ticon-info-circle\" aria-hidden=\"true\" style=\"color:#dd2a1b;margin-right:5px;font-size:28px;\"><\/span> Information and service<\/h2>\n[\/vc_column_text][vc_column_text css=&#8221;.vc_custom_1634043435903{padding-top: 20px !important;}&#8221;]We know the requirements for surfaces in food processing companies and supply functional coating solutions.<\/p>\n<p>You only have a short time window for renovation? Do you have questions about our products or their use? Feel free to contact our application technology personally by phone or send us an e-mail.<\/p>\n<p>Phone: +49 (0)6253 \/ 23 94 &#8211; 18<br \/>\nE-mail: <a href=\"mailto:anwendungstechnik@fakolith.de\">anwendungstechnik@fakolith.de<\/a>[\/vc_column_text][vc_empty_space][\/vc_column][\/vc_row]\n<\/div>","protected":false},"excerpt":{"rendered":"<p>[vc_row full_width=&#8221;stretch_row_content_no_spaces&#8221; css=&#8221;.vc_custom_1617288255146{margin-bottom: 0px !important;padding-bottom: 0px !important;}&#8221;][vc_column css=&#8221;.vc_custom_1617288267876{margin-bottom: 0px !important;padding-bottom: 0px !important;}&#8221;][vc_single_image image=&#8221;3588&#8243; img_size=&#8221;2500x350px&#8221;][\/vc_column][\/vc_row][vc_row][vc_column][vc_column_text css=&#8221;.vc_custom_1634042989958{padding-top: 20px !important;}&#8221;] Recommended by the German Federal Association of Food Inspectors (BVLK) [\/vc_column_text][\/vc_column][\/vc_row][vc_row][vc_column width=&#8221;1\/2&#8243;][vc_column_text] Moisture is generated during the production of food due to manufacturing, storage and cleaning processes. This places a heavy load on surfaces in production, refrigeration and&hellip;<\/p>\n","protected":false},"author":1,"featured_media":0,"parent":0,"menu_order":8,"comment_status":"closed","ping_status":"closed","template":"","meta":{"footnotes":""},"tags":[],"class_list":["post-3892","page","type-page","status-publish","hentry","entry","no-media"],"yoast_head":"<!-- This site is optimized with the Yoast SEO Premium plugin v23.6 (Yoast SEO v27.4) - https:\/\/yoast.com\/product\/yoast-seo-premium-wordpress\/ -->\n<title>Recommended by BVLK - Fakolith - Schimmelschutz, Bautenschutz, Hygienebeschichtungen<\/title>\n<meta name=\"robots\" content=\"index, follow, max-snippet:-1, max-image-preview:large, max-video-preview:-1\" \/>\n<link rel=\"canonical\" href=\"https:\/\/www.fakolith.de\/en\/recommended-by-bvlk\/\" \/>\n<meta property=\"og:locale\" content=\"en_US\" \/>\n<meta property=\"og:type\" content=\"article\" \/>\n<meta property=\"og:title\" content=\"FAKOLITH - Profiprodukte f\u00fcr Schimmelsanierung an Geb\u00e4uden, Hygienebeschichtungen im Gesundheitswesen, FOODGRADE-Produkte in der Lebensmittelindustrie\" \/>\n<meta property=\"og:description\" content=\"FAKOLITH entwickelt und produziert seit \u00fcber 60 Jahren innovative Beschichtungssysteme f\u00fcr professionelle Anwendungen. Heute ist FAKOLITH ein international t\u00e4tiger Hersteller von Qualit\u00e4tsprodukten im Bereich Schimmelschutz und Bautenschutz, Hochwassersch\u00e4den sowie von Farben f\u00fcr das Gesundheitswesen und Beschichtungen f\u00fcr die Lebensmittelindustrie. Die lebensmittelechten FOODGRADE-Produkte, zertifiziert f\u00fcr den Direktkontakt mit Lebensmitteln nach VO (EU) 10\/2011 und FDA 21 CFR 175.300, wurden im Rahmen von internationalen Forschungsprojekten entwickelt und erweitern heute das Produktportfolio der FAKOLITH Gruppe.\" \/>\n<meta property=\"og:url\" content=\"https:\/\/www.fakolith.de\/en\/recommended-by-bvlk\/\" \/>\n<meta property=\"og:site_name\" content=\"Fakolith - Schimmelschutz, Bautenschutz, Hygienebeschichtungen\" \/>\n<meta property=\"article:modified_time\" content=\"2025-11-03T13:53:13+00:00\" \/>\n<meta property=\"og:image\" content=\"https:\/\/www.fakolith.de\/wp-content\/uploads\/default-social-media.jpg\" \/>\n\t<meta property=\"og:image:width\" content=\"1200\" \/>\n\t<meta property=\"og:image:height\" content=\"675\" \/>\n\t<meta property=\"og:image:type\" content=\"image\/jpeg\" \/>\n<meta name=\"twitter:card\" content=\"summary_large_image\" \/>\n<meta name=\"twitter:label1\" content=\"Est. reading time\" \/>\n\t<meta name=\"twitter:data1\" content=\"4 minutes\" \/>\n<script type=\"application\/ld+json\" class=\"yoast-schema-graph\">{\"@context\":\"https:\\\/\\\/schema.org\",\"@graph\":[{\"@type\":\"WebPage\",\"@id\":\"https:\\\/\\\/www.fakolith.de\\\/en\\\/recommended-by-bvlk\\\/\",\"url\":\"https:\\\/\\\/www.fakolith.de\\\/en\\\/recommended-by-bvlk\\\/\",\"name\":\"Recommended by BVLK - Fakolith - Schimmelschutz, Bautenschutz, Hygienebeschichtungen\",\"isPartOf\":{\"@id\":\"https:\\\/\\\/www.fakolith.de\\\/#website\"},\"datePublished\":\"2021-10-11T11:44:55+00:00\",\"dateModified\":\"2025-11-03T13:53:13+00:00\",\"breadcrumb\":{\"@id\":\"https:\\\/\\\/www.fakolith.de\\\/en\\\/recommended-by-bvlk\\\/#breadcrumb\"},\"inLanguage\":\"en-US\",\"potentialAction\":[{\"@type\":\"ReadAction\",\"target\":[\"https:\\\/\\\/www.fakolith.de\\\/en\\\/recommended-by-bvlk\\\/\"]}]},{\"@type\":\"BreadcrumbList\",\"@id\":\"https:\\\/\\\/www.fakolith.de\\\/en\\\/recommended-by-bvlk\\\/#breadcrumb\",\"itemListElement\":[{\"@type\":\"ListItem\",\"position\":1,\"name\":\"Startseite\",\"item\":\"https:\\\/\\\/www.fakolith.de\\\/en\\\/\"},{\"@type\":\"ListItem\",\"position\":2,\"name\":\"Recommended by BVLK\"}]},{\"@type\":\"WebSite\",\"@id\":\"https:\\\/\\\/www.fakolith.de\\\/#website\",\"url\":\"https:\\\/\\\/www.fakolith.de\\\/\",\"name\":\"Fakolith - Schimmelschutz, Bautenschutz, Hygienebeschichtungen\",\"description\":\"\",\"publisher\":{\"@id\":\"https:\\\/\\\/www.fakolith.de\\\/#organization\"},\"potentialAction\":[{\"@type\":\"SearchAction\",\"target\":{\"@type\":\"EntryPoint\",\"urlTemplate\":\"https:\\\/\\\/www.fakolith.de\\\/?s={search_term_string}\"},\"query-input\":{\"@type\":\"PropertyValueSpecification\",\"valueRequired\":true,\"valueName\":\"search_term_string\"}}],\"inLanguage\":\"en-US\"},{\"@type\":\"Organization\",\"@id\":\"https:\\\/\\\/www.fakolith.de\\\/#organization\",\"name\":\"FAKOLITH Farben GmbH\",\"url\":\"https:\\\/\\\/www.fakolith.de\\\/\",\"logo\":{\"@type\":\"ImageObject\",\"inLanguage\":\"en-US\",\"@id\":\"https:\\\/\\\/www.fakolith.de\\\/#\\\/schema\\\/logo\\\/image\\\/\",\"url\":\"https:\\\/\\\/www.fakolith.de\\\/wp-content\\\/uploads\\\/2021\\\/03\\\/FAKOLITH-Logo.png\",\"contentUrl\":\"https:\\\/\\\/www.fakolith.de\\\/wp-content\\\/uploads\\\/2021\\\/03\\\/FAKOLITH-Logo.png\",\"width\":920,\"height\":185,\"caption\":\"FAKOLITH Farben GmbH\"},\"image\":{\"@id\":\"https:\\\/\\\/www.fakolith.de\\\/#\\\/schema\\\/logo\\\/image\\\/\"},\"sameAs\":[\"https:\\\/\\\/de.linkedin.com\\\/company\\\/fakolith-hygienic-paints\",\"https:\\\/\\\/www.youtube.com\\\/channel\\\/UCMZ_L-Ut3xtVeWryvOYjaew\"]}]}<\/script>\n<!-- \/ Yoast SEO Premium plugin. -->","yoast_head_json":{"title":"Recommended by BVLK - Fakolith - Schimmelschutz, Bautenschutz, Hygienebeschichtungen","robots":{"index":"index","follow":"follow","max-snippet":"max-snippet:-1","max-image-preview":"max-image-preview:large","max-video-preview":"max-video-preview:-1"},"canonical":"https:\/\/www.fakolith.de\/en\/recommended-by-bvlk\/","og_locale":"en_US","og_type":"article","og_title":"FAKOLITH - Profiprodukte f\u00fcr Schimmelsanierung an Geb\u00e4uden, Hygienebeschichtungen im Gesundheitswesen, FOODGRADE-Produkte in der Lebensmittelindustrie","og_description":"FAKOLITH entwickelt und produziert seit \u00fcber 60 Jahren innovative Beschichtungssysteme f\u00fcr professionelle Anwendungen. Heute ist FAKOLITH ein international t\u00e4tiger Hersteller von Qualit\u00e4tsprodukten im Bereich Schimmelschutz und Bautenschutz, Hochwassersch\u00e4den sowie von Farben f\u00fcr das Gesundheitswesen und Beschichtungen f\u00fcr die Lebensmittelindustrie. Die lebensmittelechten FOODGRADE-Produkte, zertifiziert f\u00fcr den Direktkontakt mit Lebensmitteln nach VO (EU) 10\/2011 und FDA 21 CFR 175.300, wurden im Rahmen von internationalen Forschungsprojekten entwickelt und erweitern heute das Produktportfolio der FAKOLITH Gruppe.","og_url":"https:\/\/www.fakolith.de\/en\/recommended-by-bvlk\/","og_site_name":"Fakolith - Schimmelschutz, Bautenschutz, Hygienebeschichtungen","article_modified_time":"2025-11-03T13:53:13+00:00","og_image":[{"width":1200,"height":675,"url":"https:\/\/www.fakolith.de\/wp-content\/uploads\/default-social-media.jpg","type":"image\/jpeg"}],"twitter_card":"summary_large_image","twitter_misc":{"Est. reading time":"4 minutes"},"schema":{"@context":"https:\/\/schema.org","@graph":[{"@type":"WebPage","@id":"https:\/\/www.fakolith.de\/en\/recommended-by-bvlk\/","url":"https:\/\/www.fakolith.de\/en\/recommended-by-bvlk\/","name":"Recommended by BVLK - Fakolith - Schimmelschutz, Bautenschutz, Hygienebeschichtungen","isPartOf":{"@id":"https:\/\/www.fakolith.de\/#website"},"datePublished":"2021-10-11T11:44:55+00:00","dateModified":"2025-11-03T13:53:13+00:00","breadcrumb":{"@id":"https:\/\/www.fakolith.de\/en\/recommended-by-bvlk\/#breadcrumb"},"inLanguage":"en-US","potentialAction":[{"@type":"ReadAction","target":["https:\/\/www.fakolith.de\/en\/recommended-by-bvlk\/"]}]},{"@type":"BreadcrumbList","@id":"https:\/\/www.fakolith.de\/en\/recommended-by-bvlk\/#breadcrumb","itemListElement":[{"@type":"ListItem","position":1,"name":"Startseite","item":"https:\/\/www.fakolith.de\/en\/"},{"@type":"ListItem","position":2,"name":"Recommended by BVLK"}]},{"@type":"WebSite","@id":"https:\/\/www.fakolith.de\/#website","url":"https:\/\/www.fakolith.de\/","name":"Fakolith - Schimmelschutz, Bautenschutz, Hygienebeschichtungen","description":"","publisher":{"@id":"https:\/\/www.fakolith.de\/#organization"},"potentialAction":[{"@type":"SearchAction","target":{"@type":"EntryPoint","urlTemplate":"https:\/\/www.fakolith.de\/?s={search_term_string}"},"query-input":{"@type":"PropertyValueSpecification","valueRequired":true,"valueName":"search_term_string"}}],"inLanguage":"en-US"},{"@type":"Organization","@id":"https:\/\/www.fakolith.de\/#organization","name":"FAKOLITH Farben GmbH","url":"https:\/\/www.fakolith.de\/","logo":{"@type":"ImageObject","inLanguage":"en-US","@id":"https:\/\/www.fakolith.de\/#\/schema\/logo\/image\/","url":"https:\/\/www.fakolith.de\/wp-content\/uploads\/2021\/03\/FAKOLITH-Logo.png","contentUrl":"https:\/\/www.fakolith.de\/wp-content\/uploads\/2021\/03\/FAKOLITH-Logo.png","width":920,"height":185,"caption":"FAKOLITH Farben GmbH"},"image":{"@id":"https:\/\/www.fakolith.de\/#\/schema\/logo\/image\/"},"sameAs":["https:\/\/de.linkedin.com\/company\/fakolith-hygienic-paints","https:\/\/www.youtube.com\/channel\/UCMZ_L-Ut3xtVeWryvOYjaew"]}]}},"_links":{"self":[{"href":"https:\/\/www.fakolith.de\/en\/wp-json\/wp\/v2\/pages\/3892","targetHints":{"allow":["GET"]}}],"collection":[{"href":"https:\/\/www.fakolith.de\/en\/wp-json\/wp\/v2\/pages"}],"about":[{"href":"https:\/\/www.fakolith.de\/en\/wp-json\/wp\/v2\/types\/page"}],"author":[{"embeddable":true,"href":"https:\/\/www.fakolith.de\/en\/wp-json\/wp\/v2\/users\/1"}],"replies":[{"embeddable":true,"href":"https:\/\/www.fakolith.de\/en\/wp-json\/wp\/v2\/comments?post=3892"}],"version-history":[{"count":2,"href":"https:\/\/www.fakolith.de\/en\/wp-json\/wp\/v2\/pages\/3892\/revisions"}],"predecessor-version":[{"id":10660,"href":"https:\/\/www.fakolith.de\/en\/wp-json\/wp\/v2\/pages\/3892\/revisions\/10660"}],"wp:attachment":[{"href":"https:\/\/www.fakolith.de\/en\/wp-json\/wp\/v2\/media?parent=3892"}],"wp:term":[{"taxonomy":"post_tag","embeddable":true,"href":"https:\/\/www.fakolith.de\/en\/wp-json\/wp\/v2\/tags?post=3892"}],"curies":[{"name":"wp","href":"https:\/\/api.w.org\/{rel}","templated":true}]}}