{"id":3909,"date":"2021-10-11T13:44:54","date_gmt":"2021-10-11T11:44:54","guid":{"rendered":"https:\/\/www.fakolith.de\/?page_id=3909"},"modified":"2024-01-15T18:27:13","modified_gmt":"2024-01-15T17:27:13","slug":"imprint","status":"publish","type":"page","link":"https:\/\/www.fakolith.de\/en\/imprint\/","title":{"rendered":"Imprint"},"content":{"rendered":"<div class=\"wpb-content-wrapper\">[vc_row full_width=&#8221;stretch_row_content_no_spaces&#8221; css=&#8221;.vc_custom_1617288255146{margin-bottom: 0px !important;padding-bottom: 0px !important;}&#8221;][vc_column css=&#8221;.vc_custom_1617288267876{margin-bottom: 0px !important;padding-bottom: 0px !important;}&#8221;][vc_single_image image=&#8221;3211&#8243; img_size=&#8221;2500x350px&#8221;][\/vc_column][\/vc_row][vc_row][vc_column][vc_column_text css=&#8221;.vc_custom_1635318060703{padding-top: 20px !important;}&#8221;]\n<h1>Imprint<\/h1>\n[\/vc_column_text][vc_column_text css=&#8221;.vc_custom_1635318073293{padding-top: 20px !important;}&#8221;]\n<h2>Information according to \u00a7 5 TMG:<\/h2>\n[\/vc_column_text][vc_row_inner][vc_column_inner width=&#8221;1\/3&#8243;][vc_column_text css=&#8221;.vc_custom_1687273722366{padding-top: 20px !important;}&#8221;]FAKOLITH Farben GmbH<br \/>\nCarl-Benz-Stra\u00dfe 19<br \/>\n64658 F\u00fcrth<\/p>\n<p>Commercial register: HRB 40397<br \/>\nRegister court: Local court F\u00fcrth<\/p>\n<p>Represented by:<br \/>\nHeike G\u00f6hlich<br \/>\nUwe Farenkopf<\/p>\n<p>Contact:<br \/>\nPhone: +49 (0)6253 \/ 2394-0<br \/>\nFax: +49 (0)6253 \/ 2394-10<br \/>\nE-mail: <a href=\"mailto:info@fakolith.de\">info@fakolith.de<\/a>[\/vc_column_text][\/vc_column_inner][vc_column_inner width=&#8221;2\/3&#8243;][vc_column_text css=&#8221;.vc_custom_1635318143928{padding-top: 20px !important;}&#8221;]Sales tax ID:<br \/>\nSales tax identification number according to \u00a7 27 a<br \/>\nSales tax law:DE 111629099<\/p>\n<p>Details of professional liability insurance:<br \/>\nName and domicile of the insurer: Gothaer Versicherung AG<br \/>\nArea of validity of the insurance: Worldwide<\/p>\n<p>Editorially responsible:<br \/>\nHeike G\u00f6hlich<br \/>\n[\/vc_column_text][\/vc_column_inner][\/vc_row_inner][vc_column_text]\n<h2>EU dispute resolution<\/h2>\n<p>The European Commission provides a platform for online dispute resolution (OS):<br \/>\nhttps:\/\/ec.europa.eu\/consumers\/odr\/.<br \/>\nYou can find our e-mail address in the imprint above.<\/p>\n<h2>Consumer dispute resolution\/universal arbitration board<\/h2>\n<p>We participate in a dispute resolution procedure before a consumer arbitration board. The competent body is the universal arbitration board of the Zentrum f\u00fcr Schlichtung e.V., Stra\u00dfburger Stra\u00dfe 8, 77694 Kehl am<br \/>\nRhine (https:\/\/www.verbraucher-schlichter.de).<br \/>\nSource: https:\/\/www.e-recht24.de\/impressum-generator.html<\/p>\n<h2>Disclaimer<\/h2>\n<p>Liability for contents<\/p>\n<p>As a service provider, we are responsible for our own content on these pages in accordance with \u00a7 7 Para. 1 of the German Telemedia Act (TMG). However, according to \u00a7\u00a7 8 to 10 TMG, we are not obliged as a service provider to monitor transmitted or stored third-party information or to investigate circumstances that indicate illegal activity. Obligations to remove or block the use of information in accordance with general laws remain unaffected by this. However, liability in this regard is only possible from the point in time at which a concrete infringement of the law becomes known. If we become aware of corresponding infringements, we will remove this content immediately.<\/p>\n<p>Liability for links<\/p>\n<p>Our website contains links to external websites of third parties over whose content we have no influence. Therefore, we cannot assume any liability for these external contents. The respective provider or operator of the pages is always responsible for the content of the linked pages. The linked pages were checked for possible legal violations at the time of linking. Illegal contents were not recognisable at the time of linking. However, permanent monitoring of the content of the linked pages is not reasonable without concrete indications of a legal violation. If we become aware of any infringements of the law, we will remove such links immediately.<\/p>\n<p>Copyright<\/p>\n<p>The contents and works on these pages created by the site operators are subject to German copyright law. Duplication, processing, distribution and any kind of exploitation outside the limits of copyright require the written consent of the respective author or creator. Downloads and copies of this site are only permitted for private, non-commercial use. Insofar as the content on this site was not created by the operator, the copyrights of third parties are respected. In particular, third-party content is marked as such. Should you nevertheless become aware of a copyright infringement, please inform us accordingly. If we become aware of any infringements, we will remove such content immediately.<\/p>\n<p>Picture credits<br \/>\n\u00a9RioPatuca Images\/Stock.Adobe.com<br \/>\n\u00a9Jakub Krechowicz\/Stock.Adobe.com<br \/>\n\u00a9fotoliaxrender\/Stock.Adobe.com<br \/>\n\u00a9Dinadesign\/Stock.Adobe.com<br \/>\n\u00a9industrieblick\/Stock.Adobe.com<br \/>\n\u00a9Gresei\/Stock.Adobe.com<br \/>\n\u00a9ematon\/Stock.Adobe.com<br \/>\n\u00a9crevis\/Stock.Adobe.com<br \/>\n\u00a9Sagittaria\/Stock.Adobe.com<br \/>\n\u00a9fotoliaxrender\/Stock.Adobe.com<br \/>\n\u00a9cmfotoworks\/Stock.Adobe.com<br \/>\n\u00a9elen31\/Stock.Adobe.com<br \/>\n\u00a9Alexander Potapov\/Stock.Adobe.com<br \/>\n\u00a9Mexrix\/Stock.Adobe.com<br \/>\n\u00a9Lushpix\/Fotosearch<br \/>\n\u00a9iStockphoto.com\/DavidMarchal<br \/>\n\u00a9iStockphoto.com\/Justin Horrocks<br \/>\n\u00a9iStockphoto.com\/Karl Thaller<br \/>\n\u00a9iStockphoto.com\/Timur Arbaev<br \/>\n\u00a9imagepointfr\/Depositphotos<br \/>\n\u00a9Alexander Raths\/Shutterstock.com<br \/>\n\u00a9Andrii Muzyka\/Shutterstock.com<br \/>\n\u00a9Sebastian Kaulitzki\/Shutterstock.com<br \/>\n\u00a9Pixel 4 Images\/Shutterstock.com<br \/>\n\u00a9Watin\/Shutterstock.com<br \/>\n\u00a9Apostolosmastoris\/dreamstime<br \/>\n\u00a9panthermedia\/Richterfoto<br \/>\n\u00a9panthermedia\/Viktor Cap<br \/>\n\u00a9panthermedia\/Anatolii Tsekhmister<br \/>\n\u00a9trendobjects\/Stock.Adobe.com<br \/>\n\u00a9mapoli-photo-Stock.Adobe.com<br \/>\n\u00a9El\u00e9onore H\/Stock.Adobe.com<br \/>\n\u00a9bongkarn\/Stock.Adobe.com<br \/>\n\u00a9i-picture\/Stock.Adobe.com[\/vc_column_text][vc_empty_space][vc_column_text]Website:<br \/>\nDaniel Eiberger, <a href=\"https:\/\/www.reonex.de\" target=\"_blank\" rel=\"noopener\">www.reonex.de<\/a>[\/vc_column_text][\/vc_column][\/vc_row]\n<\/div>","protected":false},"excerpt":{"rendered":"<p>[vc_row full_width=&#8221;stretch_row_content_no_spaces&#8221; css=&#8221;.vc_custom_1617288255146{margin-bottom: 0px !important;padding-bottom: 0px !important;}&#8221;][vc_column css=&#8221;.vc_custom_1617288267876{margin-bottom: 0px !important;padding-bottom: 0px !important;}&#8221;][vc_single_image image=&#8221;3211&#8243; img_size=&#8221;2500x350px&#8221;][\/vc_column][\/vc_row][vc_row][vc_column][vc_column_text css=&#8221;.vc_custom_1635318060703{padding-top: 20px !important;}&#8221;] Imprint [\/vc_column_text][vc_column_text css=&#8221;.vc_custom_1635318073293{padding-top: 20px !important;}&#8221;] Information according to \u00a7 5 TMG: [\/vc_column_text][vc_row_inner][vc_column_inner width=&#8221;1\/3&#8243;][vc_column_text css=&#8221;.vc_custom_1687273722366{padding-top: 20px !important;}&#8221;]FAKOLITH Farben GmbH Carl-Benz-Stra\u00dfe 19 64658 F\u00fcrth Commercial register: HRB 40397 Register court: Local court F\u00fcrth Represented by: Heike G\u00f6hlich Uwe Farenkopf Contact:&hellip;<\/p>\n","protected":false},"author":1,"featured_media":0,"parent":0,"menu_order":231,"comment_status":"closed","ping_status":"closed","template":"","meta":{"footnotes":""},"tags":[],"class_list":["post-3909","page","type-page","status-publish","hentry","entry","no-media"],"yoast_head":"<!-- This site is optimized with the Yoast SEO Premium plugin v23.6 (Yoast SEO v27.4) - https:\/\/yoast.com\/product\/yoast-seo-premium-wordpress\/ -->\n<title>Imprint - Fakolith - Schimmelschutz, Bautenschutz, Hygienebeschichtungen<\/title>\n<meta name=\"robots\" content=\"index, follow, max-snippet:-1, max-image-preview:large, max-video-preview:-1\" \/>\n<link rel=\"canonical\" href=\"https:\/\/www.fakolith.de\/en\/imprint\/\" \/>\n<meta property=\"og:locale\" content=\"en_US\" \/>\n<meta property=\"og:type\" content=\"article\" \/>\n<meta property=\"og:title\" content=\"FAKOLITH - Profiprodukte f\u00fcr Schimmelsanierung an Geb\u00e4uden, Hygienebeschichtungen im Gesundheitswesen, FOODGRADE-Produkte in der Lebensmittelindustrie\" \/>\n<meta property=\"og:description\" content=\"FAKOLITH entwickelt und produziert seit \u00fcber 60 Jahren innovative Beschichtungssysteme f\u00fcr professionelle Anwendungen. Heute ist FAKOLITH ein international t\u00e4tiger Hersteller von Qualit\u00e4tsprodukten im Bereich Schimmelschutz und Bautenschutz, Hochwassersch\u00e4den sowie von Farben f\u00fcr das Gesundheitswesen und Beschichtungen f\u00fcr die Lebensmittelindustrie. Die lebensmittelechten FOODGRADE-Produkte, zertifiziert f\u00fcr den Direktkontakt mit Lebensmitteln nach VO (EU) 10\/2011 und FDA 21 CFR 175.300, wurden im Rahmen von internationalen Forschungsprojekten entwickelt und erweitern heute das Produktportfolio der FAKOLITH Gruppe.\" \/>\n<meta property=\"og:url\" content=\"https:\/\/www.fakolith.de\/en\/imprint\/\" \/>\n<meta property=\"og:site_name\" content=\"Fakolith - Schimmelschutz, Bautenschutz, Hygienebeschichtungen\" \/>\n<meta property=\"article:modified_time\" content=\"2024-01-15T17:27:13+00:00\" \/>\n<meta property=\"og:image\" content=\"https:\/\/www.fakolith.de\/wp-content\/uploads\/default-social-media.jpg\" \/>\n\t<meta property=\"og:image:width\" content=\"1200\" \/>\n\t<meta property=\"og:image:height\" content=\"675\" \/>\n\t<meta property=\"og:image:type\" content=\"image\/jpeg\" \/>\n<meta name=\"twitter:card\" content=\"summary_large_image\" \/>\n<meta name=\"twitter:label1\" content=\"Est. reading time\" \/>\n\t<meta name=\"twitter:data1\" content=\"4 minutes\" \/>\n<script type=\"application\/ld+json\" class=\"yoast-schema-graph\">{\"@context\":\"https:\\\/\\\/schema.org\",\"@graph\":[{\"@type\":\"WebPage\",\"@id\":\"https:\\\/\\\/www.fakolith.de\\\/en\\\/imprint\\\/\",\"url\":\"https:\\\/\\\/www.fakolith.de\\\/en\\\/imprint\\\/\",\"name\":\"Imprint - Fakolith - Schimmelschutz, Bautenschutz, Hygienebeschichtungen\",\"isPartOf\":{\"@id\":\"https:\\\/\\\/www.fakolith.de\\\/#website\"},\"datePublished\":\"2021-10-11T11:44:54+00:00\",\"dateModified\":\"2024-01-15T17:27:13+00:00\",\"breadcrumb\":{\"@id\":\"https:\\\/\\\/www.fakolith.de\\\/en\\\/imprint\\\/#breadcrumb\"},\"inLanguage\":\"en-US\",\"potentialAction\":[{\"@type\":\"ReadAction\",\"target\":[\"https:\\\/\\\/www.fakolith.de\\\/en\\\/imprint\\\/\"]}]},{\"@type\":\"BreadcrumbList\",\"@id\":\"https:\\\/\\\/www.fakolith.de\\\/en\\\/imprint\\\/#breadcrumb\",\"itemListElement\":[{\"@type\":\"ListItem\",\"position\":1,\"name\":\"Startseite\",\"item\":\"https:\\\/\\\/www.fakolith.de\\\/en\\\/\"},{\"@type\":\"ListItem\",\"position\":2,\"name\":\"Imprint\"}]},{\"@type\":\"WebSite\",\"@id\":\"https:\\\/\\\/www.fakolith.de\\\/#website\",\"url\":\"https:\\\/\\\/www.fakolith.de\\\/\",\"name\":\"Fakolith - Schimmelschutz, Bautenschutz, Hygienebeschichtungen\",\"description\":\"\",\"publisher\":{\"@id\":\"https:\\\/\\\/www.fakolith.de\\\/#organization\"},\"potentialAction\":[{\"@type\":\"SearchAction\",\"target\":{\"@type\":\"EntryPoint\",\"urlTemplate\":\"https:\\\/\\\/www.fakolith.de\\\/?s={search_term_string}\"},\"query-input\":{\"@type\":\"PropertyValueSpecification\",\"valueRequired\":true,\"valueName\":\"search_term_string\"}}],\"inLanguage\":\"en-US\"},{\"@type\":\"Organization\",\"@id\":\"https:\\\/\\\/www.fakolith.de\\\/#organization\",\"name\":\"FAKOLITH Farben GmbH\",\"url\":\"https:\\\/\\\/www.fakolith.de\\\/\",\"logo\":{\"@type\":\"ImageObject\",\"inLanguage\":\"en-US\",\"@id\":\"https:\\\/\\\/www.fakolith.de\\\/#\\\/schema\\\/logo\\\/image\\\/\",\"url\":\"https:\\\/\\\/www.fakolith.de\\\/wp-content\\\/uploads\\\/2021\\\/03\\\/FAKOLITH-Logo.png\",\"contentUrl\":\"https:\\\/\\\/www.fakolith.de\\\/wp-content\\\/uploads\\\/2021\\\/03\\\/FAKOLITH-Logo.png\",\"width\":920,\"height\":185,\"caption\":\"FAKOLITH Farben GmbH\"},\"image\":{\"@id\":\"https:\\\/\\\/www.fakolith.de\\\/#\\\/schema\\\/logo\\\/image\\\/\"},\"sameAs\":[\"https:\\\/\\\/de.linkedin.com\\\/company\\\/fakolith-hygienic-paints\",\"https:\\\/\\\/www.youtube.com\\\/channel\\\/UCMZ_L-Ut3xtVeWryvOYjaew\"]}]}<\/script>\n<!-- \/ Yoast SEO Premium plugin. -->","yoast_head_json":{"title":"Imprint - Fakolith - Schimmelschutz, Bautenschutz, Hygienebeschichtungen","robots":{"index":"index","follow":"follow","max-snippet":"max-snippet:-1","max-image-preview":"max-image-preview:large","max-video-preview":"max-video-preview:-1"},"canonical":"https:\/\/www.fakolith.de\/en\/imprint\/","og_locale":"en_US","og_type":"article","og_title":"FAKOLITH - Profiprodukte f\u00fcr Schimmelsanierung an Geb\u00e4uden, Hygienebeschichtungen im Gesundheitswesen, FOODGRADE-Produkte in der Lebensmittelindustrie","og_description":"FAKOLITH entwickelt und produziert seit \u00fcber 60 Jahren innovative Beschichtungssysteme f\u00fcr professionelle Anwendungen. Heute ist FAKOLITH ein international t\u00e4tiger Hersteller von Qualit\u00e4tsprodukten im Bereich Schimmelschutz und Bautenschutz, Hochwassersch\u00e4den sowie von Farben f\u00fcr das Gesundheitswesen und Beschichtungen f\u00fcr die Lebensmittelindustrie. Die lebensmittelechten FOODGRADE-Produkte, zertifiziert f\u00fcr den Direktkontakt mit Lebensmitteln nach VO (EU) 10\/2011 und FDA 21 CFR 175.300, wurden im Rahmen von internationalen Forschungsprojekten entwickelt und erweitern heute das Produktportfolio der FAKOLITH Gruppe.","og_url":"https:\/\/www.fakolith.de\/en\/imprint\/","og_site_name":"Fakolith - Schimmelschutz, Bautenschutz, Hygienebeschichtungen","article_modified_time":"2024-01-15T17:27:13+00:00","og_image":[{"width":1200,"height":675,"url":"https:\/\/www.fakolith.de\/wp-content\/uploads\/default-social-media.jpg","type":"image\/jpeg"}],"twitter_card":"summary_large_image","twitter_misc":{"Est. reading time":"4 minutes"},"schema":{"@context":"https:\/\/schema.org","@graph":[{"@type":"WebPage","@id":"https:\/\/www.fakolith.de\/en\/imprint\/","url":"https:\/\/www.fakolith.de\/en\/imprint\/","name":"Imprint - Fakolith - Schimmelschutz, Bautenschutz, Hygienebeschichtungen","isPartOf":{"@id":"https:\/\/www.fakolith.de\/#website"},"datePublished":"2021-10-11T11:44:54+00:00","dateModified":"2024-01-15T17:27:13+00:00","breadcrumb":{"@id":"https:\/\/www.fakolith.de\/en\/imprint\/#breadcrumb"},"inLanguage":"en-US","potentialAction":[{"@type":"ReadAction","target":["https:\/\/www.fakolith.de\/en\/imprint\/"]}]},{"@type":"BreadcrumbList","@id":"https:\/\/www.fakolith.de\/en\/imprint\/#breadcrumb","itemListElement":[{"@type":"ListItem","position":1,"name":"Startseite","item":"https:\/\/www.fakolith.de\/en\/"},{"@type":"ListItem","position":2,"name":"Imprint"}]},{"@type":"WebSite","@id":"https:\/\/www.fakolith.de\/#website","url":"https:\/\/www.fakolith.de\/","name":"Fakolith - Schimmelschutz, Bautenschutz, Hygienebeschichtungen","description":"","publisher":{"@id":"https:\/\/www.fakolith.de\/#organization"},"potentialAction":[{"@type":"SearchAction","target":{"@type":"EntryPoint","urlTemplate":"https:\/\/www.fakolith.de\/?s={search_term_string}"},"query-input":{"@type":"PropertyValueSpecification","valueRequired":true,"valueName":"search_term_string"}}],"inLanguage":"en-US"},{"@type":"Organization","@id":"https:\/\/www.fakolith.de\/#organization","name":"FAKOLITH Farben GmbH","url":"https:\/\/www.fakolith.de\/","logo":{"@type":"ImageObject","inLanguage":"en-US","@id":"https:\/\/www.fakolith.de\/#\/schema\/logo\/image\/","url":"https:\/\/www.fakolith.de\/wp-content\/uploads\/2021\/03\/FAKOLITH-Logo.png","contentUrl":"https:\/\/www.fakolith.de\/wp-content\/uploads\/2021\/03\/FAKOLITH-Logo.png","width":920,"height":185,"caption":"FAKOLITH Farben GmbH"},"image":{"@id":"https:\/\/www.fakolith.de\/#\/schema\/logo\/image\/"},"sameAs":["https:\/\/de.linkedin.com\/company\/fakolith-hygienic-paints","https:\/\/www.youtube.com\/channel\/UCMZ_L-Ut3xtVeWryvOYjaew"]}]}},"_links":{"self":[{"href":"https:\/\/www.fakolith.de\/en\/wp-json\/wp\/v2\/pages\/3909","targetHints":{"allow":["GET"]}}],"collection":[{"href":"https:\/\/www.fakolith.de\/en\/wp-json\/wp\/v2\/pages"}],"about":[{"href":"https:\/\/www.fakolith.de\/en\/wp-json\/wp\/v2\/types\/page"}],"author":[{"embeddable":true,"href":"https:\/\/www.fakolith.de\/en\/wp-json\/wp\/v2\/users\/1"}],"replies":[{"embeddable":true,"href":"https:\/\/www.fakolith.de\/en\/wp-json\/wp\/v2\/comments?post=3909"}],"version-history":[{"count":0,"href":"https:\/\/www.fakolith.de\/en\/wp-json\/wp\/v2\/pages\/3909\/revisions"}],"wp:attachment":[{"href":"https:\/\/www.fakolith.de\/en\/wp-json\/wp\/v2\/media?parent=3909"}],"wp:term":[{"taxonomy":"post_tag","embeddable":true,"href":"https:\/\/www.fakolith.de\/en\/wp-json\/wp\/v2\/tags?post=3909"}],"curies":[{"name":"wp","href":"https:\/\/api.w.org\/{rel}","templated":true}]}}