{"id":3957,"date":"2021-10-11T17:15:32","date_gmt":"2021-10-11T15:15:32","guid":{"rendered":"https:\/\/www.fakolith.de\/?page_id=3957"},"modified":"2025-11-28T10:05:53","modified_gmt":"2025-11-28T09:05:53","slug":"building-protection","status":"publish","type":"page","link":"https:\/\/www.fakolith.de\/en\/building-protection\/","title":{"rendered":"Building protection"},"content":{"rendered":"<div class=\"wpb-content-wrapper\">[vc_row full_width=&#8221;stretch_row_content_no_spaces&#8221; css=&#8221;.vc_custom_1617288255146{margin-bottom: 0px !important;padding-bottom: 0px !important;}&#8221;][vc_column css=&#8221;.vc_custom_1617288267876{margin-bottom: 0px !important;padding-bottom: 0px !important;}&#8221;][vc_single_image image=&#8221;3354&#8243; img_size=&#8221;2500x350px&#8221;][\/vc_column][\/vc_row][vc_row][vc_column css=&#8221;.vc_custom_1619183595042{margin-bottom: 10px !important;}&#8221;][vc_column_text css=&#8221;.vc_custom_1633964929509{padding-top: 20px !important;}&#8221;]\n<h1>Building protection &#8211; conservation of value and protection of buildings<\/h1>\n[\/vc_column_text][vc_column_text css=&#8221;.vc_custom_1633965046229{padding-top: 20px !important;}&#8221;]\n<p style=\"text-align: justify;\">The effects of moisture can have harmful and dangerous consequences on an inadequately protected building. A tight roof, an intact facade and a technically well-planned seal in the basement area make a significant contribution to protecting the building from external influences of moisture.<\/p>\n<p>Ageing, conversion or environmental influences can change a previously intact building envelope. Promptly implemented preventive measures offer comprehensive protection for the building and ensure the long-term preservation of the building fabric.[\/vc_column_text][\/vc_column][\/vc_row][vc_row][vc_column width=&#8221;2\/3&#8243;][vc_column_text]\n<h2><strong>Unprotected fa\u00e7ade<\/strong><\/h2>\n<p>FAKOLITH FK 7 waterproofing protects <b>the fa\u00e7ade from weathering and driving rain<\/b>. It also strengthens the substrate and provides excellent protection against mould and algae infestation.[\/vc_column_text][vc_row_inner][vc_column_inner]<style>.vcex-button.vcex_69e9f626afb96{border-radius:0px;color:#ffffff!important;font-weight:600;text-transform:uppercase;letter-spacing:1px;}.vcex-button.vcex_69e9f626afb96:hover{background:#f9301d!important;}<\/style><div class=\"vc_custom_1634756921451 wpex-clr\"><a href=\"https:\/\/www.fakolith.de\/en\/products\/fakolith-fk-7\/\" class=\"vcex-button theme-button flat inline vcex_69e9f626afb96\"><span class=\"vcex-button-inner theme-button-inner wpex-flex wpex-flex-wrap wpex-items-center wpex-justify-center\">FAKOLITH FK 7<span class=\"vcex-button-icon vcex-icon-wrap theme-button-icon-right\"><span class=\"wpex-icon wpex-icon--bidi\" aria-hidden=\"true\"><svg xmlns=\"http:\/\/www.w3.org\/2000\/svg\" viewBox=\"0 0 448 512\"><path d=\"M438.6 278.6c12.5-12.5 12.5-32.8 0-45.3l-160-160c-12.5-12.5-32.8-12.5-45.3 0s-12.5 32.8 0 45.3L338.8 224 32 224c-17.7 0-32 14.3-32 32s14.3 32 32 32l306.7 0L233.4 393.4c-12.5 12.5-12.5 32.8 0 45.3s32.8 12.5 45.3 0l160-160z\"\/><\/svg><\/span><\/span><\/span><\/a><\/div> [\/vc_column_inner][\/vc_row_inner][\/vc_column][vc_column width=&#8221;1\/3&#8243;][vc_single_image image=&#8221;3355&#8243; css=&#8221;.vc_custom_1619183845279{padding-top: 30px !important;}&#8221;][\/vc_column][\/vc_row][vc_row][vc_column width=&#8221;2\/3&#8243;][vc_column_text]\n<h2><strong>Rising damp<\/strong><\/h2>\n<p style=\"text-align: justify;\">The FAKOLITH horizontal barrier AQUA.SILAN.INJECTION reliably stops the vertical transport of moisture in the wall. To do this, drill holes in the wall at 10 cm intervals and fill them once with an injection agent. Only to be used for rising damp, but not for pressing damp.<\/p>\n<p>In the practical video on the right you can see the application of a horizontal barrier against rising damp with AQUA.SILAN.INJECTION from FAKOLITH.[\/vc_column_text]<style>.vcex-button.vcex_69e9f626b12f2{border-radius:0px;color:#ffffff!important;font-weight:600;text-transform:uppercase;letter-spacing:1px;}.vcex-button.vcex_69e9f626b12f2:hover{background:#f9301d!important;}<\/style><div class=\"vc_custom_1634756857412 wpex-clr\"><a href=\"https:\/\/www.fakolith.de\/en\/products\/aqua-silan-injection\/\" class=\"vcex-button theme-button flat inline vcex_69e9f626b12f2\"><span class=\"vcex-button-inner theme-button-inner wpex-flex wpex-flex-wrap wpex-items-center wpex-justify-center\">AQUA.SILAN.INJECTION<span class=\"vcex-button-icon vcex-icon-wrap theme-button-icon-right\"><span class=\"wpex-icon wpex-icon--bidi\" aria-hidden=\"true\"><svg xmlns=\"http:\/\/www.w3.org\/2000\/svg\" viewBox=\"0 0 448 512\"><path d=\"M438.6 278.6c12.5-12.5 12.5-32.8 0-45.3l-160-160c-12.5-12.5-32.8-12.5-45.3 0s-12.5 32.8 0 45.3L338.8 224 32 224c-17.7 0-32 14.3-32 32s14.3 32 32 32l306.7 0L233.4 393.4c-12.5 12.5-12.5 32.8 0 45.3s32.8 12.5 45.3 0l160-160z\"\/><\/svg><\/span><\/span><\/span><\/a><\/div> [\/vc_column][vc_column width=&#8221;1\/3&#8243;][vc_video link=&#8221;https:\/\/www.youtube.com\/watch?v=nikD0I0RWlY&#8221; css=&#8221;.vc_custom_1619183655074{margin-top: 20px !important;padding-top: 20px !important;padding-bottom: 20px !important;background-color: #cccccc !important;}&#8221;][\/vc_column][\/vc_row][vc_row][vc_column width=&#8221;2\/3&#8243;][vc_column_text]\n<h2><strong>Damp cellars and walls<\/strong><\/h2>\n<p style=\"text-align: justify;\">Unpleasant odours, defective wall coatings and mould often make it impossible to use damp basement rooms. Remediation of &#8220;pressing&#8221; moisture in the wall area in contact with the ground usually involves a great deal of effort and corresponding costs. The emulsion AQUA.SILAN.CONTROL does not eliminate the cause of the dampness. But the application of AQUA.SILAN.CONTROL significantly reduces unpleasant musty odours, solidifies the substrate and protects the wall from mould. In addition, we recommend the installation of dehumidification equipment.<\/p>\n<p>Preventive measures protect the building from moisture in the long term. Later cost-intensive renovation measures can be significantly avoided.[\/vc_column_text]<style>.vcex-button.vcex_69e9f626b20f3{border-radius:0px;color:#ffffff!important;font-weight:600;text-transform:uppercase;letter-spacing:1px;}.vcex-button.vcex_69e9f626b20f3:hover{background:#f9301d!important;}<\/style><div class=\"vc_custom_1634756838175 wpex-clr\"><a href=\"https:\/\/www.fakolith.de\/en\/products\/aqua-silan-control\/\" class=\"vcex-button theme-button flat inline vcex_69e9f626b20f3\"><span class=\"vcex-button-inner theme-button-inner wpex-flex wpex-flex-wrap wpex-items-center wpex-justify-center\">AQUA.SILAN.CONTROL<span class=\"vcex-button-icon vcex-icon-wrap theme-button-icon-right\"><span class=\"wpex-icon wpex-icon--bidi\" aria-hidden=\"true\"><svg xmlns=\"http:\/\/www.w3.org\/2000\/svg\" viewBox=\"0 0 448 512\"><path d=\"M438.6 278.6c12.5-12.5 12.5-32.8 0-45.3l-160-160c-12.5-12.5-32.8-12.5-45.3 0s-12.5 32.8 0 45.3L338.8 224 32 224c-17.7 0-32 14.3-32 32s14.3 32 32 32l306.7 0L233.4 393.4c-12.5 12.5-12.5 32.8 0 45.3s32.8 12.5 45.3 0l160-160z\"\/><\/svg><\/span><\/span><\/span><\/a><\/div> [\/vc_column][vc_column width=&#8221;1\/3&#8243;][vc_single_image image=&#8221;3356&#8243; css=&#8221;.vc_custom_1619183913604{padding-top: 30px !important;}&#8221;][\/vc_column][\/vc_row][vc_row][vc_column][vc_separator][vc_column_text css=&#8221;.vc_custom_1633965220358{padding-top: 20px !important;}&#8221;]\n<h2><strong>Overview of our products in the field of building protection<\/strong><\/h2>\n[\/vc_column_text][vc_empty_space height=&#8221;20px&#8221;]<style>.vcex-portfolio-grid-wrap.vcex_69e9f626b337f .entry-title{font-size:1.0em;font-weight:400;}<\/style><div class=\"vcex-module vcex-portfolio-grid-wrap wpex-clr vcex_69e9f626b337f\"><div class=\"wpex-row vcex-portfolio-grid wpex-clr entries\"><div class=\"portfolio-entry vcex-grid-item entry-has-details span_1_of_4 col col-1 entry post-4110 type-portfolio has-media cat-36 translation_priority-69 has-redirect\"><div class=\"portfolio-entry-inner entry-inner wpex-first-mt-0 wpex-last-mb-0 wpex-clr\"><div class=\"portfolio-entry-media entry-media wpex-relative\"><a href=\"https:\/\/www.fakolith.de\/en\/products\/application-gun-for-aqua-silan-injection\/\" title=\"Processing gun\" class=\"portfolio-entry-media-link\"><img width=\"400\" height=\"250\" src=\"https:\/\/www.fakolith.de\/wp-content\/uploads\/portfolio-verarbeitungspistole.png\" class=\"portfolio-entry-img wpex-align-middle\" alt=\"Verarbeitungspistole\" loading=\"lazy\" decoding=\"async\" srcset=\"https:\/\/www.fakolith.de\/wp-content\/uploads\/portfolio-verarbeitungspistole.png 400w, https:\/\/www.fakolith.de\/wp-content\/uploads\/portfolio-verarbeitungspistole-300x188.png 300w\" sizes=\"auto, (max-width: 400px) 100vw, 400px\" \/><\/a><\/div><div class=\"portfolio-entry-details entry-details wpex-boxed wpex-first-mt-0 wpex-last-mb-0 wpex-clr\"><h2 class=\"portfolio-entry-title entry-title wpex-mb-5\">Processing gun<\/h2><\/div><\/div><\/div><div class=\"portfolio-entry vcex-grid-item entry-has-details span_1_of_4 col col-2 entry post-4124 type-portfolio has-media cat-39 translation_priority-69 has-redirect\"><div class=\"portfolio-entry-inner entry-inner wpex-first-mt-0 wpex-last-mb-0 wpex-clr\"><div class=\"portfolio-entry-media entry-media wpex-relative\"><a href=\"https:\/\/www.fakolith.de\/en\/products\/fakolith-fk-7\/\" title=\"FAKOLITH FK 7\" class=\"portfolio-entry-media-link\"><img width=\"400\" height=\"250\" src=\"https:\/\/www.fakolith.de\/wp-content\/uploads\/portfolio-fk-7.png\" class=\"portfolio-entry-img wpex-align-middle\" alt=\"FK 7\" loading=\"lazy\" decoding=\"async\" srcset=\"https:\/\/www.fakolith.de\/wp-content\/uploads\/portfolio-fk-7.png 400w, https:\/\/www.fakolith.de\/wp-content\/uploads\/portfolio-fk-7-300x188.png 300w\" sizes=\"auto, (max-width: 400px) 100vw, 400px\" \/><\/a><\/div><div class=\"portfolio-entry-details entry-details wpex-boxed wpex-first-mt-0 wpex-last-mb-0 wpex-clr\"><h2 class=\"portfolio-entry-title entry-title wpex-mb-5\">FAKOLITH FK 7<\/h2><\/div><\/div><\/div><div class=\"portfolio-entry vcex-grid-item entry-has-details span_1_of_4 col col-3 entry post-4130 type-portfolio has-media cat-39 translation_priority-69 has-redirect\"><div class=\"portfolio-entry-inner entry-inner wpex-first-mt-0 wpex-last-mb-0 wpex-clr\"><div class=\"portfolio-entry-media entry-media wpex-relative\"><a href=\"https:\/\/www.fakolith.de\/en\/products\/aqua-silan-control\/\" title=\"AQUA.SILAN.CONTROL\" class=\"portfolio-entry-media-link\"><img width=\"400\" height=\"250\" src=\"https:\/\/www.fakolith.de\/wp-content\/uploads\/ascontrol-teaser-portfolio.png\" class=\"portfolio-entry-img wpex-align-middle\" alt=\"Aqua Silan Control\" loading=\"lazy\" decoding=\"async\" srcset=\"https:\/\/www.fakolith.de\/wp-content\/uploads\/ascontrol-teaser-portfolio.png 400w, https:\/\/www.fakolith.de\/wp-content\/uploads\/ascontrol-teaser-portfolio-300x188.png 300w\" sizes=\"auto, (max-width: 400px) 100vw, 400px\" \/><\/a><\/div><div class=\"portfolio-entry-details entry-details wpex-boxed wpex-first-mt-0 wpex-last-mb-0 wpex-clr\"><h2 class=\"portfolio-entry-title entry-title wpex-mb-5\">AQUA.SILAN.CONTROL<\/h2><\/div><\/div><\/div><div class=\"portfolio-entry vcex-grid-item entry-has-details span_1_of_4 col col-4 entry post-4132 type-portfolio has-media cat-36 translation_priority-69 has-redirect\"><div class=\"portfolio-entry-inner entry-inner wpex-first-mt-0 wpex-last-mb-0 wpex-clr\"><div class=\"portfolio-entry-media entry-media wpex-relative\"><a href=\"https:\/\/www.fakolith.de\/en\/products\/aqua-silan-injection\/\" title=\"AQUA.SILAN.INJECTION\" class=\"portfolio-entry-media-link\"><img width=\"400\" height=\"250\" src=\"https:\/\/www.fakolith.de\/wp-content\/uploads\/portfolio-fk-injection.png\" class=\"portfolio-entry-img wpex-align-middle\" alt=\"Aqua.Silan.Injection\" loading=\"lazy\" decoding=\"async\" srcset=\"https:\/\/www.fakolith.de\/wp-content\/uploads\/portfolio-fk-injection.png 400w, https:\/\/www.fakolith.de\/wp-content\/uploads\/portfolio-fk-injection-300x188.png 300w\" sizes=\"auto, (max-width: 400px) 100vw, 400px\" \/><\/a><\/div><div class=\"portfolio-entry-details entry-details wpex-boxed wpex-first-mt-0 wpex-last-mb-0 wpex-clr\"><h2 class=\"portfolio-entry-title entry-title wpex-mb-5\">AQUA.SILAN.INJECTION<\/h2><\/div><\/div><\/div><\/div><\/div>[\/vc_column][\/vc_row][vc_row][vc_column][vc_separator][vc_column_text css=&#8221;.vc_custom_1633965246703{padding-top: 20px !important;}&#8221;]\n<h2><strong>Further information as download on this topic<\/strong><\/h2>\n[\/vc_column_text][vc_empty_space height=&#8221;20px&#8221;][vc_row_inner][vc_column_inner width=&#8221;1\/2&#8243;][vc_column_text]\n<h2>Value retention and protection through functional impregnations<\/h2>\n<p>Background information and guide to product selection and application[\/vc_column_text][vc_empty_space height=&#8221;20px&#8221;][vc_raw_html]JTVCM2QtZmxpcC1ib29rJTIwbW9kZSUzRCUyMmxpbmstbGlnaHRib3glMjIlMjBpZCUzRCUyMjc1NTUlMjIlNUQlMEElM0NzcGFuJTIwY2xhc3MlM0QlMjJ2Y2V4LWJ1dHRvbiUyMHRoZW1lLWJ1dHRvbiUyMGZsYXQlMjBpbmxpbmUlMjB3cGV4LWRob3Zlci0wJTIyJTIwc3R5bGUlM0QlMjJjb2xvciUzQSUyMCUyM2ZmZmZmZiUzQiUyMGZvbnQtd2VpZ2h0JTNBJTIwNjAwJTNCJTIwbGV0dGVyLXNwYWNpbmclM0ElMjAxcHglM0IlMjBib3JkZXItcmFkaXVzJTNBJTIwMCUzQiUyMHRleHQtdHJhbnNmb3JtJTNBJTIwdXBwZXJjYXNlJTNCJTIyJTIwZGF0YS13cGV4LWhvdmVyJTNEJTIyJTdCJTI2cXVvdCUzQmJhY2tncm91bmQlMjZxdW90JTNCJTNBJTI2cXVvdCUzQiUyM2Y5MzAxZCUyNnF1b3QlM0IlN0QlMjIlM0UlM0NzcGFuJTIwY2xhc3MlM0QlMjJ0aGVtZS1idXR0b24taW5uZXIlMjIlM0VGTFlFUiUyMEZJUkUlMjBQUk9URUNUSU9OJTIwRk9SJTIwQlVJTERJTkdTJTIwJTI4UERGJTIwJTJGJTIwZ2VybWFuJTI5JTIwJTNDc3BhbiUyMGNsYXNzJTNEJTIydGljb24lMjB0aWNvbi1hcnJvdy1yaWdodCUyMiUyMHN0eWxlJTNEJTIycGFkZGluZy1sZWZ0JTNBNXB4JTNCJTIyJTIwYXJpYS1oaWRkZW4lM0QlMjJ0cnVlJTIyJTNFJTNDJTJGc3BhbiUzRSUzQyUyRnNwYW4lM0UlM0MlMkZzcGFuJTNFJTBBJTVCJTJGM2QtZmxpcC1ib29rJTVE[\/vc_raw_html][\/vc_column_inner][vc_column_inner width=&#8221;1\/2&#8243;][\/vc_column_inner][\/vc_row_inner][\/vc_column][\/vc_row][vc_row][vc_column][vc_separator][vc_column_text css=&#8221;.vc_custom_1633965299798{padding-top: 20px !important;}&#8221;]\n<h2><span  style=\"color:#dd2a1b;margin-right:5px;font-size:28px;\" class=\"wpex-icon\" aria-hidden=\"true\"><svg xmlns=\"http:\/\/www.w3.org\/2000\/svg\" viewBox=\"0 0 512 512\"><path d=\"M256 512A256 256 0 1 0 256 0a256 256 0 1 0 0 512zM216 336h24V272H216c-13.3 0-24-10.7-24-24s10.7-24 24-24h48c13.3 0 24 10.7 24 24v88h8c13.3 0 24 10.7 24 24s-10.7 24-24 24H216c-13.3 0-24-10.7-24-24s10.7-24 24-24zm40-208a32 32 0 1 1 0 64 32 32 0 1 1 0-64z\"\/><\/svg><\/span> Information and service<\/h2>\n[\/vc_column_text][vc_column_text css=&#8221;.vc_custom_1633965328447{padding-top: 20px !important;}&#8221;]Do you have any questions about building protection or our products in this area? Please contact our application technology personally by phone or send us an e-mail.<\/p>\n<p>Phone: +49 (0)6253 \/ 23 94 &#8211; 18<br \/>\nE-mail: <a href=\"mailto:anwendungstechnik@fakolith.de\">anwendungstechnik@fakolith.de<\/a>[\/vc_column_text][vc_empty_space][\/vc_column][\/vc_row]\n<\/div>","protected":false},"excerpt":{"rendered":"<p>[vc_row full_width=&#8221;stretch_row_content_no_spaces&#8221; css=&#8221;.vc_custom_1617288255146{margin-bottom: 0px !important;padding-bottom: 0px !important;}&#8221;][vc_column css=&#8221;.vc_custom_1617288267876{margin-bottom: 0px !important;padding-bottom: 0px !important;}&#8221;][vc_single_image image=&#8221;3354&#8243; img_size=&#8221;2500x350px&#8221;][\/vc_column][\/vc_row][vc_row][vc_column css=&#8221;.vc_custom_1619183595042{margin-bottom: 10px !important;}&#8221;][vc_column_text css=&#8221;.vc_custom_1633964929509{padding-top: 20px !important;}&#8221;] Building protection &#8211; conservation of value and protection of buildings [\/vc_column_text][vc_column_text css=&#8221;.vc_custom_1633965046229{padding-top: 20px !important;}&#8221;] The effects of moisture can have harmful and dangerous consequences on an inadequately protected building. A tight roof, an intact facade&hellip;<\/p>\n","protected":false},"author":1,"featured_media":0,"parent":0,"menu_order":241,"comment_status":"closed","ping_status":"closed","template":"","meta":{"inline_featured_image":false,"footnotes":""},"tags":[],"class_list":["post-3957","page","type-page","status-publish","hentry","entry","has-media"],"yoast_head":"<!-- This site is optimized with the Yoast SEO Premium plugin v27.4 (Yoast SEO v27.4) - https:\/\/yoast.com\/product\/yoast-seo-premium-wordpress\/ -->\n<title>Building protection - Fakolith - Schimmelschutz, Bautenschutz, Hygienebeschichtungen<\/title>\n<meta name=\"robots\" content=\"index, follow, max-snippet:-1, max-image-preview:large, max-video-preview:-1\" \/>\n<link rel=\"canonical\" href=\"https:\/\/www.fakolith.de\/en\/building-protection\/\" \/>\n<meta property=\"og:locale\" content=\"en_US\" \/>\n<meta property=\"og:type\" content=\"article\" \/>\n<meta property=\"og:title\" content=\"FAKOLITH - Profiprodukte f\u00fcr Schimmelsanierung an Geb\u00e4uden, Hygienebeschichtungen im Gesundheitswesen, FOODGRADE-Produkte in der Lebensmittelindustrie\" \/>\n<meta property=\"og:description\" content=\"FAKOLITH entwickelt und produziert seit \u00fcber 60 Jahren innovative Beschichtungssysteme f\u00fcr professionelle Anwendungen. Heute ist FAKOLITH ein international t\u00e4tiger Hersteller von Qualit\u00e4tsprodukten im Bereich Schimmelschutz und Bautenschutz, Hochwassersch\u00e4den sowie von Farben f\u00fcr das Gesundheitswesen und Beschichtungen f\u00fcr die Lebensmittelindustrie. Die lebensmittelechten FOODGRADE-Produkte, zertifiziert f\u00fcr den Direktkontakt mit Lebensmitteln nach VO (EU) 10\/2011 und FDA 21 CFR 175.300, wurden im Rahmen von internationalen Forschungsprojekten entwickelt und erweitern heute das Produktportfolio der FAKOLITH Gruppe.\" \/>\n<meta property=\"og:url\" content=\"https:\/\/www.fakolith.de\/en\/building-protection\/\" \/>\n<meta property=\"og:site_name\" content=\"Fakolith - Schimmelschutz, Bautenschutz, Hygienebeschichtungen\" \/>\n<meta property=\"article:modified_time\" content=\"2025-11-28T09:05:53+00:00\" \/>\n<meta property=\"og:image\" content=\"https:\/\/www.fakolith.de\/wp-content\/uploads\/default-social-media.jpg\" \/>\n\t<meta property=\"og:image:width\" content=\"1200\" \/>\n\t<meta property=\"og:image:height\" content=\"675\" \/>\n\t<meta property=\"og:image:type\" content=\"image\/jpeg\" \/>\n<meta name=\"twitter:card\" content=\"summary_large_image\" \/>\n<meta name=\"twitter:label1\" content=\"Est. reading time\" \/>\n\t<meta name=\"twitter:data1\" content=\"3 minutes\" \/>\n<script type=\"application\/ld+json\" class=\"yoast-schema-graph\">{\"@context\":\"https:\\\/\\\/schema.org\",\"@graph\":[{\"@type\":\"WebPage\",\"@id\":\"https:\\\/\\\/www.fakolith.de\\\/en\\\/building-protection\\\/\",\"url\":\"https:\\\/\\\/www.fakolith.de\\\/en\\\/building-protection\\\/\",\"name\":\"Building protection - Fakolith - Schimmelschutz, Bautenschutz, Hygienebeschichtungen\",\"isPartOf\":{\"@id\":\"https:\\\/\\\/www.fakolith.de\\\/en\\\/#website\"},\"datePublished\":\"2021-10-11T15:15:32+00:00\",\"dateModified\":\"2025-11-28T09:05:53+00:00\",\"breadcrumb\":{\"@id\":\"https:\\\/\\\/www.fakolith.de\\\/en\\\/building-protection\\\/#breadcrumb\"},\"inLanguage\":\"en-US\",\"potentialAction\":[{\"@type\":\"ReadAction\",\"target\":[\"https:\\\/\\\/www.fakolith.de\\\/en\\\/building-protection\\\/\"]}]},{\"@type\":\"BreadcrumbList\",\"@id\":\"https:\\\/\\\/www.fakolith.de\\\/en\\\/building-protection\\\/#breadcrumb\",\"itemListElement\":[{\"@type\":\"ListItem\",\"position\":1,\"name\":\"Startseite\",\"item\":\"https:\\\/\\\/www.fakolith.de\\\/en\\\/\"},{\"@type\":\"ListItem\",\"position\":2,\"name\":\"Building protection\"}]},{\"@type\":\"WebSite\",\"@id\":\"https:\\\/\\\/www.fakolith.de\\\/en\\\/#website\",\"url\":\"https:\\\/\\\/www.fakolith.de\\\/en\\\/\",\"name\":\"Fakolith - Schimmelschutz, Bautenschutz, Hygienebeschichtungen\",\"description\":\"\",\"publisher\":{\"@id\":\"https:\\\/\\\/www.fakolith.de\\\/en\\\/#organization\"},\"potentialAction\":[{\"@type\":\"SearchAction\",\"target\":{\"@type\":\"EntryPoint\",\"urlTemplate\":\"https:\\\/\\\/www.fakolith.de\\\/en\\\/?s={search_term_string}\"},\"query-input\":{\"@type\":\"PropertyValueSpecification\",\"valueRequired\":true,\"valueName\":\"search_term_string\"}}],\"inLanguage\":\"en-US\"},{\"@type\":\"Organization\",\"@id\":\"https:\\\/\\\/www.fakolith.de\\\/en\\\/#organization\",\"name\":\"FAKOLITH Farben GmbH\",\"url\":\"https:\\\/\\\/www.fakolith.de\\\/en\\\/\",\"logo\":{\"@type\":\"ImageObject\",\"inLanguage\":\"en-US\",\"@id\":\"https:\\\/\\\/www.fakolith.de\\\/en\\\/#\\\/schema\\\/logo\\\/image\\\/\",\"url\":\"https:\\\/\\\/www.fakolith.de\\\/wp-content\\\/uploads\\\/2021\\\/03\\\/FAKOLITH-Logo.png\",\"contentUrl\":\"https:\\\/\\\/www.fakolith.de\\\/wp-content\\\/uploads\\\/2021\\\/03\\\/FAKOLITH-Logo.png\",\"width\":920,\"height\":185,\"caption\":\"FAKOLITH Farben GmbH\"},\"image\":{\"@id\":\"https:\\\/\\\/www.fakolith.de\\\/en\\\/#\\\/schema\\\/logo\\\/image\\\/\"},\"sameAs\":[\"https:\\\/\\\/de.linkedin.com\\\/company\\\/fakolith-hygienic-paints\",\"https:\\\/\\\/www.youtube.com\\\/channel\\\/UCMZ_L-Ut3xtVeWryvOYjaew\"],\"description\":\"Als Hersteller chemischer Produkte produziert FAKOLITH alle Produkte in Deutschland und Spanien. Gemeinsam mit der spanischen Tochterfirma FAKOLITH CHEMICAL SYSTEMS ist FAKOLITH seit 2006 nach dem Qualit\u00e4tsmanagementsystem DIN EN ISO 9001:2015 zertifiziert.\",\"email\":\"info@fakolith.de\",\"telephone\":\"+49 (0)6253 \\\/ 2394-0\",\"legalName\":\"FAKOLITH Farben GmbH\",\"vatID\":\"DE 111629099\",\"numberOfEmployees\":{\"@type\":\"QuantitativeValue\",\"minValue\":\"11\",\"maxValue\":\"50\"}}]}<\/script>\n<!-- \/ Yoast SEO Premium plugin. -->","yoast_head_json":{"title":"Building protection - Fakolith - Schimmelschutz, Bautenschutz, Hygienebeschichtungen","robots":{"index":"index","follow":"follow","max-snippet":"max-snippet:-1","max-image-preview":"max-image-preview:large","max-video-preview":"max-video-preview:-1"},"canonical":"https:\/\/www.fakolith.de\/en\/building-protection\/","og_locale":"en_US","og_type":"article","og_title":"FAKOLITH - Profiprodukte f\u00fcr Schimmelsanierung an Geb\u00e4uden, Hygienebeschichtungen im Gesundheitswesen, FOODGRADE-Produkte in der Lebensmittelindustrie","og_description":"FAKOLITH entwickelt und produziert seit \u00fcber 60 Jahren innovative Beschichtungssysteme f\u00fcr professionelle Anwendungen. Heute ist FAKOLITH ein international t\u00e4tiger Hersteller von Qualit\u00e4tsprodukten im Bereich Schimmelschutz und Bautenschutz, Hochwassersch\u00e4den sowie von Farben f\u00fcr das Gesundheitswesen und Beschichtungen f\u00fcr die Lebensmittelindustrie. Die lebensmittelechten FOODGRADE-Produkte, zertifiziert f\u00fcr den Direktkontakt mit Lebensmitteln nach VO (EU) 10\/2011 und FDA 21 CFR 175.300, wurden im Rahmen von internationalen Forschungsprojekten entwickelt und erweitern heute das Produktportfolio der FAKOLITH Gruppe.","og_url":"https:\/\/www.fakolith.de\/en\/building-protection\/","og_site_name":"Fakolith - Schimmelschutz, Bautenschutz, Hygienebeschichtungen","article_modified_time":"2025-11-28T09:05:53+00:00","og_image":[{"width":1200,"height":675,"url":"https:\/\/www.fakolith.de\/wp-content\/uploads\/default-social-media.jpg","type":"image\/jpeg"}],"twitter_card":"summary_large_image","twitter_misc":{"Est. reading time":"3 minutes"},"schema":{"@context":"https:\/\/schema.org","@graph":[{"@type":"WebPage","@id":"https:\/\/www.fakolith.de\/en\/building-protection\/","url":"https:\/\/www.fakolith.de\/en\/building-protection\/","name":"Building protection - Fakolith - Schimmelschutz, Bautenschutz, Hygienebeschichtungen","isPartOf":{"@id":"https:\/\/www.fakolith.de\/en\/#website"},"datePublished":"2021-10-11T15:15:32+00:00","dateModified":"2025-11-28T09:05:53+00:00","breadcrumb":{"@id":"https:\/\/www.fakolith.de\/en\/building-protection\/#breadcrumb"},"inLanguage":"en-US","potentialAction":[{"@type":"ReadAction","target":["https:\/\/www.fakolith.de\/en\/building-protection\/"]}]},{"@type":"BreadcrumbList","@id":"https:\/\/www.fakolith.de\/en\/building-protection\/#breadcrumb","itemListElement":[{"@type":"ListItem","position":1,"name":"Startseite","item":"https:\/\/www.fakolith.de\/en\/"},{"@type":"ListItem","position":2,"name":"Building protection"}]},{"@type":"WebSite","@id":"https:\/\/www.fakolith.de\/en\/#website","url":"https:\/\/www.fakolith.de\/en\/","name":"Fakolith - Schimmelschutz, Bautenschutz, Hygienebeschichtungen","description":"","publisher":{"@id":"https:\/\/www.fakolith.de\/en\/#organization"},"potentialAction":[{"@type":"SearchAction","target":{"@type":"EntryPoint","urlTemplate":"https:\/\/www.fakolith.de\/en\/?s={search_term_string}"},"query-input":{"@type":"PropertyValueSpecification","valueRequired":true,"valueName":"search_term_string"}}],"inLanguage":"en-US"},{"@type":"Organization","@id":"https:\/\/www.fakolith.de\/en\/#organization","name":"FAKOLITH Farben GmbH","url":"https:\/\/www.fakolith.de\/en\/","logo":{"@type":"ImageObject","inLanguage":"en-US","@id":"https:\/\/www.fakolith.de\/en\/#\/schema\/logo\/image\/","url":"https:\/\/www.fakolith.de\/wp-content\/uploads\/2021\/03\/FAKOLITH-Logo.png","contentUrl":"https:\/\/www.fakolith.de\/wp-content\/uploads\/2021\/03\/FAKOLITH-Logo.png","width":920,"height":185,"caption":"FAKOLITH Farben GmbH"},"image":{"@id":"https:\/\/www.fakolith.de\/en\/#\/schema\/logo\/image\/"},"sameAs":["https:\/\/de.linkedin.com\/company\/fakolith-hygienic-paints","https:\/\/www.youtube.com\/channel\/UCMZ_L-Ut3xtVeWryvOYjaew"],"description":"Als Hersteller chemischer Produkte produziert FAKOLITH alle Produkte in Deutschland und Spanien. Gemeinsam mit der spanischen Tochterfirma FAKOLITH CHEMICAL SYSTEMS ist FAKOLITH seit 2006 nach dem Qualit\u00e4tsmanagementsystem DIN EN ISO 9001:2015 zertifiziert.","email":"info@fakolith.de","telephone":"+49 (0)6253 \/ 2394-0","legalName":"FAKOLITH Farben GmbH","vatID":"DE 111629099","numberOfEmployees":{"@type":"QuantitativeValue","minValue":"11","maxValue":"50"}}]}},"_links":{"self":[{"href":"https:\/\/www.fakolith.de\/en\/wp-json\/wp\/v2\/pages\/3957","targetHints":{"allow":["GET"]}}],"collection":[{"href":"https:\/\/www.fakolith.de\/en\/wp-json\/wp\/v2\/pages"}],"about":[{"href":"https:\/\/www.fakolith.de\/en\/wp-json\/wp\/v2\/types\/page"}],"author":[{"embeddable":true,"href":"https:\/\/www.fakolith.de\/en\/wp-json\/wp\/v2\/users\/1"}],"replies":[{"embeddable":true,"href":"https:\/\/www.fakolith.de\/en\/wp-json\/wp\/v2\/comments?post=3957"}],"version-history":[{"count":2,"href":"https:\/\/www.fakolith.de\/en\/wp-json\/wp\/v2\/pages\/3957\/revisions"}],"predecessor-version":[{"id":10777,"href":"https:\/\/www.fakolith.de\/en\/wp-json\/wp\/v2\/pages\/3957\/revisions\/10777"}],"wp:attachment":[{"href":"https:\/\/www.fakolith.de\/en\/wp-json\/wp\/v2\/media?parent=3957"}],"wp:term":[{"taxonomy":"post_tag","embeddable":true,"href":"https:\/\/www.fakolith.de\/en\/wp-json\/wp\/v2\/tags?post=3957"}],"curies":[{"name":"wp","href":"https:\/\/api.w.org\/{rel}","templated":true}]}}