{"id":3964,"date":"2021-10-11T17:30:05","date_gmt":"2021-10-11T15:30:05","guid":{"rendered":"https:\/\/www.fakolith.de\/?page_id=3964"},"modified":"2023-10-25T13:23:55","modified_gmt":"2023-10-25T11:23:55","slug":"hygiene-coatings-food","status":"publish","type":"page","link":"https:\/\/www.fakolith.de\/en\/hygiene-coatings-food\/","title":{"rendered":"Hygiene coatings for food producing companies"},"content":{"rendered":"<div class=\"wpb-content-wrapper\">[vc_row full_width=&#8221;stretch_row_content_no_spaces&#8221; css=&#8221;.vc_custom_1617288255146{margin-bottom: 0px !important;padding-bottom: 0px !important;}&#8221;][vc_column css=&#8221;.vc_custom_1617288267876{margin-bottom: 0px !important;padding-bottom: 0px !important;}&#8221;][vc_single_image image=&#8221;3506&#8243; img_size=&#8221;2000&#215;260&#8243;][\/vc_column][\/vc_row][vc_row][vc_column][vc_column_text css=&#8221;.vc_custom_1633965475536{padding-top: 20px !important;}&#8221;]\n<h1>Hygiene coatings for food producing companies<\/h1>\n[\/vc_column_text][vc_row_inner][vc_column_inner width=&#8221;4\/5&#8243;][vc_column_text css=&#8221;.vc_custom_1698232937968{padding-top: 20px !important;}&#8221;]\n<p style=\"text-align: justify;\">High demands are placed on coatings for surfaces in the food industry. These concern compliance with the special regulations and ordinances for direct or indirect contact with food, as well as resistance to strong cleaning agents and production-related stresses. In addition, ceilings and walls must generally be protected against mould and bacterial infestation.<\/p>\n<p>The requirements for surfaces in food processing plants are very different, depending on the industry. In production rooms with low temperatures, permanently high humidity and daily cleaning intervals, such as in the meat industry, a dense, highly chemical-resistant coating is required. In production rooms with only intermittent high humidity, such as in a bakery, a coating with high vapour diffusion is required to avoid dripping water in the ceiling area.<\/p>\n<p>The certified hygienic coatings developed and produced by FAKOLITH are primarily used in the food processing industry, such as bakeries, butchers, dairies, cheese dairies, beverage production, breweries and bottling plants, distilleries, wineries and fish processing. But also in large kitchens, the catering trade and canteens. When looking for a suitable, resilient coating for production, cooling and storage rooms, the term &#8220;food-safe&#8221; is often used colloquially. But: The term &#8220;food-safe&#8221; is not defined. In Europe, the requirements of Regulation (EU)10\/2011 and Regulation (EC) 852\/2004 apply to surface coatings.<\/p>\n<p>In order to narrow down the product selection, we have created branch-related recommendations with the products that are usually used in the respective branch. Depending on the conditions on the object, the application of another coating from our product portfolio may of course also be suitable.[\/vc_column_text][\/vc_column_inner][vc_column_inner width=&#8221;1\/5&#8243;][vc_single_image image=&#8221;8643&#8243; onclick=&#8221;custom_link&#8221; img_link_target=&#8221;_blank&#8221; el_class=&#8221;product-image&#8221; link=&#8221;https:\/\/www.fakolith.de\/wp-content\/uploads\/FAKOLITH-Hygienic-coatings-for-the-food-industry.pdf&#8221;][vc_column_text css=&#8221;.vc_custom_1698233030338{padding-top: 10px !important;}&#8221;]\n<p style=\"text-align: center;\"><a href=\"https:\/\/www.fakolith.de\/wp-content\/uploads\/FAKOLITH-Hygienic-coatings-for-the-food-industry.pdf\" target=\"_blank\" rel=\"noopener\">Download (PDF)<\/a><\/p>\n[\/vc_column_text][\/vc_column_inner][\/vc_row_inner][\/vc_column][\/vc_row][vc_row][vc_column width=&#8221;1\/3&#8243;][vc_single_image image=&#8221;3585&#8243; onclick=&#8221;custom_link&#8221; img_hover=&#8221;opacity&#8221; link=&#8221;https:\/\/www.fakolith.de\/en\/hygienic-coatings\/hygienic-coatings-for-the-meat-industry\/&#8221;][vc_column_text el_class=&#8221;teaser&#8221;]\n<h2>Hygienic coatings for the meat industry<\/h2>\n<p style=\"text-align: justify;\">High humidity and daily cleaning require resilient surface coatings. Short downtimes and low temperatures are other factors to consider when planning renovations in meat processing plants. <a href=\"https:\/\/www.fakolith.de\/en\/hygienic-coatings\/hygienic-coatings-for-the-meat-industry\/\">&gt;&gt; LEARN MORE<\/a><\/p>\n[\/vc_column_text][\/vc_column][vc_column width=&#8221;1\/3&#8243;][vc_single_image image=&#8221;3586&#8243; onclick=&#8221;custom_link&#8221; img_hover=&#8221;opacity&#8221; link=&#8221;https:\/\/www.fakolith.de\/en\/hygienic-coatings\/hygienic-coatings-for-bakeries\/&#8221;][vc_column_text el_class=&#8221;teaser&#8221;]\n<h2>Hygienic coatings for bakeries<\/h2>\n<p style=\"text-align: justify;\">In bakeries, the opening of the ovens causes a strong increase in humidity and a high steam load. This leads to a brown discoloration and dripping of water in the ceiling area, which must be avoided. <a href=\"https:\/\/www.fakolith.de\/en\/hygienic-coatings\/hygienic-coatings-for-bakeries\/\">&gt;&gt; LEARN MORE<\/a><\/p>\n[\/vc_column_text][\/vc_column][vc_column width=&#8221;1\/3&#8243;][vc_single_image image=&#8221;3587&#8243; onclick=&#8221;custom_link&#8221; img_hover=&#8221;opacity&#8221; link=&#8221;https:\/\/www.fakolith.de\/en\/hygienic-coatings\/hygienic-coatings-for-the-beverage-industry\/&#8221;][vc_column_text el_class=&#8221;teaser&#8221;]\n<h2>Hygienic coatings for the beverage industry<\/h2>\n<p style=\"text-align: justify;\">In production rooms in the beverage industry, the air humidity averages 70-90%. This condenses on the surface of ceilings and walls. There is a risk of mould and bacteria infestation. <a href=\"https:\/\/www.fakolith.de\/en\/hygienic-coatings\/hygienic-coatings-for-the-beverage-industry\/\">&gt;&gt; LEARN MORE<\/a><\/p>\n[\/vc_column_text][\/vc_column][\/vc_row][vc_row][vc_column width=&#8221;1\/3&#8243;][vc_single_image image=&#8221;3584&#8243; onclick=&#8221;custom_link&#8221; img_hover=&#8221;opacity&#8221; link=&#8221;https:\/\/www.fakolith.de\/en\/hygienic-coatings\/foodgrade-coatings-for-food-tanks\/&#8221;][vc_column_text el_class=&#8221;teaser&#8221;]\n<h2>FOODGRADE coatings for food tanks<\/h2>\n<p style=\"text-align: justify;\">If food is stored in tanks, silos or basins, it must be ensured that no toxic substances migrate from the tank coating into the food. <a href=\"https:\/\/www.fakolith.de\/en\/hygienic-coatings\/foodgrade-coatings-for-food-tanks\/\">&gt;&gt; LEARN MORE<\/a><\/p>\n[\/vc_column_text][\/vc_column][vc_column width=&#8221;1\/3&#8243;][vc_single_image image=&#8221;3292&#8243; onclick=&#8221;custom_link&#8221; img_hover=&#8221;opacity&#8221; link=&#8221;https:\/\/www.fakolith.de\/en\/hygienic-coatings\/surface-coatings-for-cold-and-storerooms\/&#8221;][vc_column_text el_class=&#8221;teaser&#8221;]\n<h2>Surface coatings for cold storage rooms and storage rooms<\/h2>\n<p style=\"text-align: justify;\">Rust, mould, bacteria and flaking coatings in commercially used cold stores are objected to by the food inspectorate and should be avoided. <a href=\"https:\/\/www.fakolith.de\/en\/hygienic-coatings\/surface-coatings-for-cold-and-storerooms\/\">&gt;&gt; LEARN MORE<\/a><\/p>\n[\/vc_column_text][\/vc_column][vc_column width=&#8221;1\/3&#8243;][vc_single_image image=&#8221;3528&#8243; onclick=&#8221;custom_link&#8221; img_hover=&#8221;opacity&#8221; link=&#8221;..\/legende\/#biofilmstop&#8221;][vc_column_text el_class=&#8221;teaser&#8221;]\n<h2>What does BIO.FILM.STOP mean?<\/h2>\n<p style=\"text-align: justify;\">Biofilm is the term used to describe a complex community of microorganisms on surfaces. If the formation of a biofilm is not stopped, this can lead to the contamination of open food. <a href=\"https:\/\/www.fakolith.de\/hygienebeschichtungen\/legende\/#biofilmstop\">&gt;&gt; LEARN MORE<\/a><\/p>\n[\/vc_column_text][\/vc_column][\/vc_row][vc_row][vc_column width=&#8221;1\/3&#8243;][\/vc_column][vc_column width=&#8221;1\/3&#8243;][vc_single_image image=&#8221;3529&#8243; onclick=&#8221;custom_link&#8221; img_hover=&#8221;opacity&#8221; link=&#8221;https:\/\/www.fakolith.de\/en\/legend#foodgrade&#8221;][vc_column_text el_class=&#8221;teaser&#8221;]\n<h2>What does FOODGRADE mean?<\/h2>\n<p style=\"text-align: justify;\">In our product portfolio, the term FOODGRADE stands for inks and coatings that are developed and produced by FAKOLITH for applications in direct contact with food. <a href=\"https:\/\/www.fakolith.de\/en\/legend\/#foodgrade\">&gt;&gt; LEARN MORE<\/a><\/p>\n[\/vc_column_text][\/vc_column][vc_column width=&#8221;1\/3&#8243;][\/vc_column][\/vc_row][vc_row][vc_column][vc_empty_space][\/vc_column][\/vc_row]\n<\/div>","protected":false},"excerpt":{"rendered":"<p>[vc_row full_width=&#8221;stretch_row_content_no_spaces&#8221; css=&#8221;.vc_custom_1617288255146{margin-bottom: 0px !important;padding-bottom: 0px !important;}&#8221;][vc_column css=&#8221;.vc_custom_1617288267876{margin-bottom: 0px !important;padding-bottom: 0px !important;}&#8221;][vc_single_image image=&#8221;3506&#8243; img_size=&#8221;2000&#215;260&#8243;][\/vc_column][\/vc_row][vc_row][vc_column][vc_column_text css=&#8221;.vc_custom_1633965475536{padding-top: 20px !important;}&#8221;] Hygiene coatings for food producing companies [\/vc_column_text][vc_row_inner][vc_column_inner width=&#8221;4\/5&#8243;][vc_column_text css=&#8221;.vc_custom_1698232937968{padding-top: 20px !important;}&#8221;] High demands are placed on coatings for surfaces in the food industry. These concern compliance with the special regulations and ordinances for direct or indirect contact with&hellip;<\/p>\n","protected":false},"author":1,"featured_media":0,"parent":0,"menu_order":35,"comment_status":"closed","ping_status":"closed","template":"","meta":{"inline_featured_image":false,"footnotes":""},"tags":[],"class_list":["post-3964","page","type-page","status-publish","hentry","entry","no-media"],"yoast_head":"<!-- This site is optimized with the Yoast SEO Premium plugin v27.4 (Yoast SEO v27.4) - https:\/\/yoast.com\/product\/yoast-seo-premium-wordpress\/ -->\n<title>Hygiene coatings for food producing companies - Fakolith - Schimmelschutz, Bautenschutz, Hygienebeschichtungen<\/title>\n<meta name=\"robots\" content=\"index, follow, max-snippet:-1, max-image-preview:large, max-video-preview:-1\" \/>\n<link rel=\"canonical\" href=\"https:\/\/www.fakolith.de\/en\/hygiene-coatings-food\/\" \/>\n<meta property=\"og:locale\" content=\"en_US\" \/>\n<meta property=\"og:type\" content=\"article\" \/>\n<meta property=\"og:title\" content=\"FAKOLITH - Profiprodukte f\u00fcr Schimmelsanierung an Geb\u00e4uden, Hygienebeschichtungen im Gesundheitswesen, FOODGRADE-Produkte in der Lebensmittelindustrie\" \/>\n<meta property=\"og:description\" content=\"FAKOLITH entwickelt und produziert seit \u00fcber 60 Jahren innovative Beschichtungssysteme f\u00fcr professionelle Anwendungen. Heute ist FAKOLITH ein international t\u00e4tiger Hersteller von Qualit\u00e4tsprodukten im Bereich Schimmelschutz und Bautenschutz, Hochwassersch\u00e4den sowie von Farben f\u00fcr das Gesundheitswesen und Beschichtungen f\u00fcr die Lebensmittelindustrie. Die lebensmittelechten FOODGRADE-Produkte, zertifiziert f\u00fcr den Direktkontakt mit Lebensmitteln nach VO (EU) 10\/2011 und FDA 21 CFR 175.300, wurden im Rahmen von internationalen Forschungsprojekten entwickelt und erweitern heute das Produktportfolio der FAKOLITH Gruppe.\" \/>\n<meta property=\"og:url\" content=\"https:\/\/www.fakolith.de\/en\/hygiene-coatings-food\/\" \/>\n<meta property=\"og:site_name\" content=\"Fakolith - Schimmelschutz, Bautenschutz, Hygienebeschichtungen\" \/>\n<meta property=\"article:modified_time\" content=\"2023-10-25T11:23:55+00:00\" \/>\n<meta property=\"og:image\" content=\"https:\/\/www.fakolith.de\/wp-content\/uploads\/default-social-media.jpg\" \/>\n\t<meta property=\"og:image:width\" content=\"1200\" \/>\n\t<meta property=\"og:image:height\" content=\"675\" \/>\n\t<meta property=\"og:image:type\" content=\"image\/jpeg\" \/>\n<meta name=\"twitter:card\" content=\"summary_large_image\" \/>\n<meta name=\"twitter:label1\" content=\"Est. reading time\" \/>\n\t<meta name=\"twitter:data1\" content=\"4 minutes\" \/>\n<script type=\"application\/ld+json\" class=\"yoast-schema-graph\">{\"@context\":\"https:\\\/\\\/schema.org\",\"@graph\":[{\"@type\":\"WebPage\",\"@id\":\"https:\\\/\\\/www.fakolith.de\\\/en\\\/hygiene-coatings-food\\\/\",\"url\":\"https:\\\/\\\/www.fakolith.de\\\/en\\\/hygiene-coatings-food\\\/\",\"name\":\"Hygiene coatings for food producing companies - Fakolith - Schimmelschutz, Bautenschutz, Hygienebeschichtungen\",\"isPartOf\":{\"@id\":\"https:\\\/\\\/www.fakolith.de\\\/en\\\/#website\"},\"datePublished\":\"2021-10-11T15:30:05+00:00\",\"dateModified\":\"2023-10-25T11:23:55+00:00\",\"breadcrumb\":{\"@id\":\"https:\\\/\\\/www.fakolith.de\\\/en\\\/hygiene-coatings-food\\\/#breadcrumb\"},\"inLanguage\":\"en-US\",\"potentialAction\":[{\"@type\":\"ReadAction\",\"target\":[\"https:\\\/\\\/www.fakolith.de\\\/en\\\/hygiene-coatings-food\\\/\"]}]},{\"@type\":\"BreadcrumbList\",\"@id\":\"https:\\\/\\\/www.fakolith.de\\\/en\\\/hygiene-coatings-food\\\/#breadcrumb\",\"itemListElement\":[{\"@type\":\"ListItem\",\"position\":1,\"name\":\"Startseite\",\"item\":\"https:\\\/\\\/www.fakolith.de\\\/en\\\/\"},{\"@type\":\"ListItem\",\"position\":2,\"name\":\"Hygienic coatings\",\"item\":\"https:\\\/\\\/www.fakolith.de\\\/en\\\/hygienic-coatings\\\/\"},{\"@type\":\"ListItem\",\"position\":3,\"name\":\"Hygiene coatings for food producing companies\"}]},{\"@type\":\"WebSite\",\"@id\":\"https:\\\/\\\/www.fakolith.de\\\/en\\\/#website\",\"url\":\"https:\\\/\\\/www.fakolith.de\\\/en\\\/\",\"name\":\"Fakolith - Schimmelschutz, Bautenschutz, Hygienebeschichtungen\",\"description\":\"\",\"publisher\":{\"@id\":\"https:\\\/\\\/www.fakolith.de\\\/en\\\/#organization\"},\"potentialAction\":[{\"@type\":\"SearchAction\",\"target\":{\"@type\":\"EntryPoint\",\"urlTemplate\":\"https:\\\/\\\/www.fakolith.de\\\/en\\\/?s={search_term_string}\"},\"query-input\":{\"@type\":\"PropertyValueSpecification\",\"valueRequired\":true,\"valueName\":\"search_term_string\"}}],\"inLanguage\":\"en-US\"},{\"@type\":\"Organization\",\"@id\":\"https:\\\/\\\/www.fakolith.de\\\/en\\\/#organization\",\"name\":\"FAKOLITH Farben GmbH\",\"url\":\"https:\\\/\\\/www.fakolith.de\\\/en\\\/\",\"logo\":{\"@type\":\"ImageObject\",\"inLanguage\":\"en-US\",\"@id\":\"https:\\\/\\\/www.fakolith.de\\\/en\\\/#\\\/schema\\\/logo\\\/image\\\/\",\"url\":\"https:\\\/\\\/www.fakolith.de\\\/wp-content\\\/uploads\\\/2021\\\/03\\\/FAKOLITH-Logo.png\",\"contentUrl\":\"https:\\\/\\\/www.fakolith.de\\\/wp-content\\\/uploads\\\/2021\\\/03\\\/FAKOLITH-Logo.png\",\"width\":920,\"height\":185,\"caption\":\"FAKOLITH Farben GmbH\"},\"image\":{\"@id\":\"https:\\\/\\\/www.fakolith.de\\\/en\\\/#\\\/schema\\\/logo\\\/image\\\/\"},\"sameAs\":[\"https:\\\/\\\/de.linkedin.com\\\/company\\\/fakolith-hygienic-paints\",\"https:\\\/\\\/www.youtube.com\\\/channel\\\/UCMZ_L-Ut3xtVeWryvOYjaew\"],\"description\":\"Als Hersteller chemischer Produkte produziert FAKOLITH alle Produkte in Deutschland und Spanien. Gemeinsam mit der spanischen Tochterfirma FAKOLITH CHEMICAL SYSTEMS ist FAKOLITH seit 2006 nach dem Qualit\u00e4tsmanagementsystem DIN EN ISO 9001:2015 zertifiziert.\",\"email\":\"info@fakolith.de\",\"telephone\":\"+49 (0)6253 \\\/ 2394-0\",\"legalName\":\"FAKOLITH Farben GmbH\",\"vatID\":\"DE 111629099\",\"numberOfEmployees\":{\"@type\":\"QuantitativeValue\",\"minValue\":\"11\",\"maxValue\":\"50\"}}]}<\/script>\n<!-- \/ Yoast SEO Premium plugin. -->","yoast_head_json":{"title":"Hygiene coatings for food producing companies - Fakolith - Schimmelschutz, Bautenschutz, Hygienebeschichtungen","robots":{"index":"index","follow":"follow","max-snippet":"max-snippet:-1","max-image-preview":"max-image-preview:large","max-video-preview":"max-video-preview:-1"},"canonical":"https:\/\/www.fakolith.de\/en\/hygiene-coatings-food\/","og_locale":"en_US","og_type":"article","og_title":"FAKOLITH - Profiprodukte f\u00fcr Schimmelsanierung an Geb\u00e4uden, Hygienebeschichtungen im Gesundheitswesen, FOODGRADE-Produkte in der Lebensmittelindustrie","og_description":"FAKOLITH entwickelt und produziert seit \u00fcber 60 Jahren innovative Beschichtungssysteme f\u00fcr professionelle Anwendungen. Heute ist FAKOLITH ein international t\u00e4tiger Hersteller von Qualit\u00e4tsprodukten im Bereich Schimmelschutz und Bautenschutz, Hochwassersch\u00e4den sowie von Farben f\u00fcr das Gesundheitswesen und Beschichtungen f\u00fcr die Lebensmittelindustrie. Die lebensmittelechten FOODGRADE-Produkte, zertifiziert f\u00fcr den Direktkontakt mit Lebensmitteln nach VO (EU) 10\/2011 und FDA 21 CFR 175.300, wurden im Rahmen von internationalen Forschungsprojekten entwickelt und erweitern heute das Produktportfolio der FAKOLITH Gruppe.","og_url":"https:\/\/www.fakolith.de\/en\/hygiene-coatings-food\/","og_site_name":"Fakolith - Schimmelschutz, Bautenschutz, Hygienebeschichtungen","article_modified_time":"2023-10-25T11:23:55+00:00","og_image":[{"width":1200,"height":675,"url":"https:\/\/www.fakolith.de\/wp-content\/uploads\/default-social-media.jpg","type":"image\/jpeg"}],"twitter_card":"summary_large_image","twitter_misc":{"Est. reading time":"4 minutes"},"schema":{"@context":"https:\/\/schema.org","@graph":[{"@type":"WebPage","@id":"https:\/\/www.fakolith.de\/en\/hygiene-coatings-food\/","url":"https:\/\/www.fakolith.de\/en\/hygiene-coatings-food\/","name":"Hygiene coatings for food producing companies - Fakolith - Schimmelschutz, Bautenschutz, Hygienebeschichtungen","isPartOf":{"@id":"https:\/\/www.fakolith.de\/en\/#website"},"datePublished":"2021-10-11T15:30:05+00:00","dateModified":"2023-10-25T11:23:55+00:00","breadcrumb":{"@id":"https:\/\/www.fakolith.de\/en\/hygiene-coatings-food\/#breadcrumb"},"inLanguage":"en-US","potentialAction":[{"@type":"ReadAction","target":["https:\/\/www.fakolith.de\/en\/hygiene-coatings-food\/"]}]},{"@type":"BreadcrumbList","@id":"https:\/\/www.fakolith.de\/en\/hygiene-coatings-food\/#breadcrumb","itemListElement":[{"@type":"ListItem","position":1,"name":"Startseite","item":"https:\/\/www.fakolith.de\/en\/"},{"@type":"ListItem","position":2,"name":"Hygienic coatings","item":"https:\/\/www.fakolith.de\/en\/hygienic-coatings\/"},{"@type":"ListItem","position":3,"name":"Hygiene coatings for food producing companies"}]},{"@type":"WebSite","@id":"https:\/\/www.fakolith.de\/en\/#website","url":"https:\/\/www.fakolith.de\/en\/","name":"Fakolith - Schimmelschutz, Bautenschutz, Hygienebeschichtungen","description":"","publisher":{"@id":"https:\/\/www.fakolith.de\/en\/#organization"},"potentialAction":[{"@type":"SearchAction","target":{"@type":"EntryPoint","urlTemplate":"https:\/\/www.fakolith.de\/en\/?s={search_term_string}"},"query-input":{"@type":"PropertyValueSpecification","valueRequired":true,"valueName":"search_term_string"}}],"inLanguage":"en-US"},{"@type":"Organization","@id":"https:\/\/www.fakolith.de\/en\/#organization","name":"FAKOLITH Farben GmbH","url":"https:\/\/www.fakolith.de\/en\/","logo":{"@type":"ImageObject","inLanguage":"en-US","@id":"https:\/\/www.fakolith.de\/en\/#\/schema\/logo\/image\/","url":"https:\/\/www.fakolith.de\/wp-content\/uploads\/2021\/03\/FAKOLITH-Logo.png","contentUrl":"https:\/\/www.fakolith.de\/wp-content\/uploads\/2021\/03\/FAKOLITH-Logo.png","width":920,"height":185,"caption":"FAKOLITH Farben GmbH"},"image":{"@id":"https:\/\/www.fakolith.de\/en\/#\/schema\/logo\/image\/"},"sameAs":["https:\/\/de.linkedin.com\/company\/fakolith-hygienic-paints","https:\/\/www.youtube.com\/channel\/UCMZ_L-Ut3xtVeWryvOYjaew"],"description":"Als Hersteller chemischer Produkte produziert FAKOLITH alle Produkte in Deutschland und Spanien. Gemeinsam mit der spanischen Tochterfirma FAKOLITH CHEMICAL SYSTEMS ist FAKOLITH seit 2006 nach dem Qualit\u00e4tsmanagementsystem DIN EN ISO 9001:2015 zertifiziert.","email":"info@fakolith.de","telephone":"+49 (0)6253 \/ 2394-0","legalName":"FAKOLITH Farben GmbH","vatID":"DE 111629099","numberOfEmployees":{"@type":"QuantitativeValue","minValue":"11","maxValue":"50"}}]}},"_links":{"self":[{"href":"https:\/\/www.fakolith.de\/en\/wp-json\/wp\/v2\/pages\/3964","targetHints":{"allow":["GET"]}}],"collection":[{"href":"https:\/\/www.fakolith.de\/en\/wp-json\/wp\/v2\/pages"}],"about":[{"href":"https:\/\/www.fakolith.de\/en\/wp-json\/wp\/v2\/types\/page"}],"author":[{"embeddable":true,"href":"https:\/\/www.fakolith.de\/en\/wp-json\/wp\/v2\/users\/1"}],"replies":[{"embeddable":true,"href":"https:\/\/www.fakolith.de\/en\/wp-json\/wp\/v2\/comments?post=3964"}],"version-history":[{"count":0,"href":"https:\/\/www.fakolith.de\/en\/wp-json\/wp\/v2\/pages\/3964\/revisions"}],"wp:attachment":[{"href":"https:\/\/www.fakolith.de\/en\/wp-json\/wp\/v2\/media?parent=3964"}],"wp:term":[{"taxonomy":"post_tag","embeddable":true,"href":"https:\/\/www.fakolith.de\/en\/wp-json\/wp\/v2\/tags?post=3964"}],"curies":[{"name":"wp","href":"https:\/\/api.w.org\/{rel}","templated":true}]}}