{"id":3969,"date":"2021-10-11T18:01:39","date_gmt":"2021-10-11T16:01:39","guid":{"rendered":"https:\/\/www.fakolith.de\/?page_id=3969"},"modified":"2022-01-27T11:44:16","modified_gmt":"2022-01-27T10:44:16","slug":"foodgrade-coatings-for-food-tanks","status":"publish","type":"page","link":"https:\/\/www.fakolith.de\/en\/foodgrade-coatings-for-food-tanks\/","title":{"rendered":"FOODGRADE &#8211; Coatings for food tanks"},"content":{"rendered":"<div class=\"wpb-content-wrapper\">[vc_row full_width=&#8221;stretch_row_content_no_spaces&#8221; css=&#8221;.vc_custom_1617288255146{margin-bottom: 0px !important;padding-bottom: 0px !important;}&#8221;][vc_column css=&#8221;.vc_custom_1617288267876{margin-bottom: 0px !important;padding-bottom: 0px !important;}&#8221;][vc_single_image image=&#8221;4462&#8243; img_size=&#8221;2500x350px&#8221;][\/vc_column][\/vc_row][vc_row][vc_column css=&#8221;.vc_custom_1625739200557{margin-bottom: 0px !important;}&#8221;][vc_column_text css=&#8221;.vc_custom_1633966499920{padding-top: 20px !important;}&#8221;]\n<h1>FOODGRADE &#8211; Coatings for food tanks<\/h1>\n[\/vc_column_text][\/vc_column][\/vc_row][vc_row][vc_column width=&#8221;1\/2&#8243; css=&#8221;.vc_custom_1618835795868{margin-top: 0px !important;padding-top: 0px !important;}&#8221;][vc_column_text css=&#8221;.vc_custom_1633966684301{padding-top: 20px !important;padding-right: 20px !important;}&#8221;]\n<p style=\"text-align: justify;\">Surfaces of containers, tanks and silos in which food is produced, transferred or stored must be explicitly suitable for this use. It must be ensured that no unauthorised substances migrate into the food, contaminate it and make it unfit for consumption.<\/p>\n<h2 style=\"text-align: justify;\">Tank coatings provide a barrier layer.<\/h2>\n<p style=\"text-align: justify;\">It protects the food from corrosion, contamination and migration. The selection of the right coating and professional application is crucial for the result of the remediation. Decisive factors for product selection are<\/p>\n<ul>\n<li>The type of filling material<\/li>\n<li>The cleaning agents<\/li>\n<li>The temperature during use<\/li>\n<li>The local normative requirements (e.g. EU or FDA)<\/li>\n<li>The storage period of the product<\/li>\n<li>The substrate or old coating<\/li>\n<li>The time available for renovation<\/li>\n<li>The use for interior or exterior<\/li>\n<\/ul>\n<h2>Regulation (EU) 10\/2011 and FDA 21 CFR 175.300<\/h2>\n<p>Surface coatings that come into direct contact with food must comply with the regulations of Regulation (EU) 10\/2011 in Europe and FDA 21 CFR 175.300 for the US market. Regulation (EU) 10\/2011 and FDA 21 CFR 175.300 regulate the technical requirements for plastic materials and articles intended to come into contact with food. These coatings have the additional designation FOODGRADE in our product portfolio.<\/p>\n<p>The following tank coatings are tested for direct contact with all foodstuffs in accordance with VO (EU) 10\/2011. FK 100 FOODGRADE is double certified, i.e. according to VO (EU) 10\/2011 and FDA 21 CFR 175.300. The coatings differ in:<\/p>\n<ul>\n<li>Binder base<\/li>\n<li>Type of certification<\/li>\n<li>Chemical resistance<\/li>\n<li>Processing temperatures<\/li>\n<li>Weather resistance<\/li>\n<li>Odour intensity during processing<\/li>\n<\/ul>\n[\/vc_column_text][\/vc_column][vc_column width=&#8221;1\/2&#8243; css=&#8221;.vc_custom_1618835819197{padding-right: 20px !important;padding-left: 20px !important;}&#8221;][vc_media_grid gap=&#8221;20&#8243; grid_id=&#8221;vc_gid:1643280170940-21b289d3-1e37-7&#8243; include=&#8221;3660,3659,3658,3657,3621,3622,3623,3624,3625&#8243; css=&#8221;.vc_custom_1625759576484{padding-top: 30px !important;}&#8221;][\/vc_column][\/vc_row][vc_row][vc_column css=&#8221;.vc_custom_1618837702517{margin-bottom: 20px !important;}&#8221;][vc_column_text]\n<h2>Overview of FOODGRADE tank and silo coatings<\/h2>\n[\/vc_column_text][\/vc_column][\/vc_row][vc_row][vc_column][vc_single_image image=&#8221;5414&#8243;][vc_empty_space height=&#8221;10px&#8221;][vc_raw_html css=&#8221;.vc_custom_1643052713668{padding-top: 20px !important;}&#8221;]JTNDcCUzRSU1QjNkLWZsaXAtYm9vayUyMG1vZGUlM0QlMjJsaW5rLWxpZ2h0Ym94JTIyJTIwaWQlM0QlMjI1MjQ4JTIyJTVEJTNDYnIlMjAlMkYlM0UlMEElM0NzcGFuJTIwY2xhc3MlM0QlMjJ2Y2V4LWJ1dHRvbiUyMHRoZW1lLWJ1dHRvbiUyMGZsYXQlMjBpbmxpbmUlMjB3cGV4LWRob3Zlci0wJTIyJTIwc3R5bGUlM0QlMjJjb2xvciUzQSUyMCUyM2ZmZmZmZiUzQiUyMGZvbnQtd2VpZ2h0JTNBJTIwNjAwJTNCJTIwbGV0dGVyLXNwYWNpbmclM0ElMjAxcHglM0IlMjBib3JkZXItcmFkaXVzJTNBJTIwMCUzQiUyMHRleHQtdHJhbnNmb3JtJTNBJTIwdXBwZXJjYXNlJTNCJTIyJTIwZGF0YS13cGV4LWhvdmVyJTNEJTIyJTdCJTI2cXVvdCUzQmJhY2tncm91bmQlMjZxdW90JTNCJTNBJTI2cXVvdCUzQiUyM2Y5MzAxZCUyNnF1b3QlM0IlN0QlMjIlM0UlM0NzcGFuJTIwY2xhc3MlM0QlMjJ0aGVtZS1idXR0b24taW5uZXIlMjIlM0VDT01QQVJJU09OJTIwT0YlMjBGT09ER1JBREUlMjBUQU5LJTIwQU5EJTIwU0lMTyUyMENPQVRJTkdTJTIwJTI4UERGJTI5JTIwJTNDc3BhbiUyMGNsYXNzJTNEJTIydGljb24lMjB0aWNvbi1hcnJvdy1yaWdodCUyMiUyMHN0eWxlJTNEJTIycGFkZGluZy1sZWZ0JTNBNXB4JTNCJTIyJTIwYXJpYS1oaWRkZW4lM0QlMjJ0cnVlJTIyJTNFJTNDJTJGc3BhbiUzRSUzQyUyRnNwYW4lM0UlM0MlMkZzcGFuJTNFJTNDYnIlMjAlMkYlM0UlMEElNUIlMkYzZC1mbGlwLWJvb2slNUQlM0MlMkZwJTNF[\/vc_raw_html][vc_empty_space height=&#8221;10px&#8221;][vc_column_text visibility=&#8221;show-at-mm-breakpoint&#8221;]Scroll the table with your fingers or the mouse to the right to see all products.[\/vc_column_text][vc_row_inner css=&#8221;.vc_custom_1625762382340{margin-bottom: 0px !important;padding-bottom: 0px !important;}&#8221;][vc_column_inner width=&#8221;1\/3&#8243;]<style>.vcex-button.vcex_69e9f62a6fd06{border-radius:0px;color:#ffffff!important;font-weight:600;text-transform:uppercase;letter-spacing:1px;}.vcex-button.vcex_69e9f62a6fd06:hover{background:#f9301d!important;}<\/style><div class=\"vc_custom_1634227813601 wpex-clr\"><a href=\"https:\/\/www.fakolith.de\/en\/products\/fk-100-foodgrade\/\" class=\"vcex-button theme-button flat inline vcex_69e9f62a6fd06\"><span class=\"vcex-button-inner theme-button-inner wpex-flex wpex-flex-wrap wpex-items-center wpex-justify-center\">FAKOLITH FK 100 FOODGRADE <span class=\"vcex-button-icon vcex-icon-wrap theme-button-icon-right\"><span class=\"wpex-icon wpex-icon--bidi\" aria-hidden=\"true\"><svg xmlns=\"http:\/\/www.w3.org\/2000\/svg\" viewBox=\"0 0 448 512\"><path d=\"M438.6 278.6c12.5-12.5 12.5-32.8 0-45.3l-160-160c-12.5-12.5-32.8-12.5-45.3 0s-12.5 32.8 0 45.3L338.8 224 32 224c-17.7 0-32 14.3-32 32s14.3 32 32 32l306.7 0L233.4 393.4c-12.5 12.5-12.5 32.8 0 45.3s32.8 12.5 45.3 0l160-160z\"\/><\/svg><\/span><\/span><\/span><\/a><\/div> [\/vc_column_inner][vc_column_inner width=&#8221;1\/3&#8243;]<style>.vcex-button.vcex_69e9f62a70bcf{border-radius:0px;color:#ffffff!important;font-weight:600;text-transform:uppercase;letter-spacing:1px;}.vcex-button.vcex_69e9f62a70bcf:hover{background:#f9301d!important;}<\/style><div class=\"vc_custom_1634227826693 wpex-clr\"><a href=\"https:\/\/www.fakolith.de\/en\/products\/fakopur-foodgrade\/\" class=\"vcex-button theme-button flat inline vcex_69e9f62a70bcf\"><span class=\"vcex-button-inner theme-button-inner wpex-flex wpex-flex-wrap wpex-items-center wpex-justify-center\">FAKOPUR FOODGRADE <span class=\"vcex-button-icon vcex-icon-wrap theme-button-icon-right\"><span class=\"wpex-icon wpex-icon--bidi\" aria-hidden=\"true\"><svg xmlns=\"http:\/\/www.w3.org\/2000\/svg\" viewBox=\"0 0 448 512\"><path d=\"M438.6 278.6c12.5-12.5 12.5-32.8 0-45.3l-160-160c-12.5-12.5-32.8-12.5-45.3 0s-12.5 32.8 0 45.3L338.8 224 32 224c-17.7 0-32 14.3-32 32s14.3 32 32 32l306.7 0L233.4 393.4c-12.5 12.5-12.5 32.8 0 45.3s32.8 12.5 45.3 0l160-160z\"\/><\/svg><\/span><\/span><\/span><\/a><\/div> [\/vc_column_inner][vc_column_inner width=&#8221;1\/3&#8243;]<style>.vcex-button.vcex_69e9f62a71420{border-radius:0px;color:#ffffff!important;font-weight:600;text-transform:uppercase;letter-spacing:1px;}.vcex-button.vcex_69e9f62a71420:hover{background:#f9301d!important;}<\/style><div class=\"vc_custom_1634227802203 wpex-clr\"><a href=\"https:\/\/www.fakolith.de\/en\/products\/fk-45-foodgrade\/\" class=\"vcex-button theme-button flat inline vcex_69e9f62a71420\"><span class=\"vcex-button-inner theme-button-inner wpex-flex wpex-flex-wrap wpex-items-center wpex-justify-center\">FAKOLITH FK 45 FOODGRADE <span class=\"vcex-button-icon vcex-icon-wrap theme-button-icon-right\"><span class=\"wpex-icon wpex-icon--bidi\" aria-hidden=\"true\"><svg xmlns=\"http:\/\/www.w3.org\/2000\/svg\" viewBox=\"0 0 448 512\"><path d=\"M438.6 278.6c12.5-12.5 12.5-32.8 0-45.3l-160-160c-12.5-12.5-32.8-12.5-45.3 0s-12.5 32.8 0 45.3L338.8 224 32 224c-17.7 0-32 14.3-32 32s14.3 32 32 32l306.7 0L233.4 393.4c-12.5 12.5-12.5 32.8 0 45.3s32.8 12.5 45.3 0l160-160z\"\/><\/svg><\/span><\/span><\/span><\/a><\/div> [\/vc_column_inner][\/vc_row_inner][vc_separator][\/vc_column][\/vc_row][vc_row][vc_column][vc_column_text]\n<h2>The declaration of conformity<\/h2>\n<p>In our detailed declarations of conformity you will find all the information on the global and specific migration tests carried out as well as the organoleptic and mechanical tests. By signing the declaration of conformity, we assume full responsibility that the FOODGRADE product complies with the requirements of VO (EU) 10\/2011 or FDA 21 CFR 175.300.<\/p>\n<h2>Processing by the professional<\/h2>\n<p>A tank interior coating can only be applied by trained professionals. For application, we recommend the spraying method to achieve a coating film with maximum surface quality.[\/vc_column_text][vc_empty_space][vc_separator][\/vc_column][\/vc_row][vc_row][vc_column][vc_column_text css=&#8221;.vc_custom_1633968052659{padding-top: 20px !important;}&#8221;]\n<h2><span  style=\"color:#dd2a1b;margin-right:5px;font-size:28px;\" class=\"wpex-icon\" aria-hidden=\"true\"><svg xmlns=\"http:\/\/www.w3.org\/2000\/svg\" viewBox=\"0 0 512 512\"><path d=\"M256 512A256 256 0 1 0 256 0a256 256 0 1 0 0 512zM216 336h24V272H216c-13.3 0-24-10.7-24-24s10.7-24 24-24h48c13.3 0 24 10.7 24 24v88h8c13.3 0 24 10.7 24 24s-10.7 24-24 24H216c-13.3 0-24-10.7-24-24s10.7-24 24-24zm40-208a32 32 0 1 1 0 64 32 32 0 1 1 0-64z\"\/><\/svg><\/span> Information and service<\/h2>\n[\/vc_column_text][vc_column_text css=&#8221;.vc_custom_1633968092762{padding-top: 20px !important;}&#8221;]We know the requirements for surfaces in food processing companies and supply functional coating solutions.<\/p>\n<p>You only have a short time window for renovation? Do you have questions about our products or their use? Feel free to contact our application technology personally by phone or send us an e-mail.<\/p>\n<p>Phone: +49 (0)6253 \/ 23 94 &#8211; 18<br \/>\nE-mail: <a href=\"mailto:anwendungstechnik@fakolith.de\">anwendungstechnik@fakolith.de<\/a>[\/vc_column_text][vc_empty_space][\/vc_column][\/vc_row]\n<\/div>","protected":false},"excerpt":{"rendered":"<p>[vc_row full_width=&#8221;stretch_row_content_no_spaces&#8221; css=&#8221;.vc_custom_1617288255146{margin-bottom: 0px !important;padding-bottom: 0px !important;}&#8221;][vc_column css=&#8221;.vc_custom_1617288267876{margin-bottom: 0px !important;padding-bottom: 0px !important;}&#8221;][vc_single_image image=&#8221;4462&#8243; img_size=&#8221;2500x350px&#8221;][\/vc_column][\/vc_row][vc_row][vc_column css=&#8221;.vc_custom_1625739200557{margin-bottom: 0px !important;}&#8221;][vc_column_text css=&#8221;.vc_custom_1633966499920{padding-top: 20px !important;}&#8221;] FOODGRADE &#8211; Coatings for food tanks [\/vc_column_text][\/vc_column][\/vc_row][vc_row][vc_column width=&#8221;1\/2&#8243; css=&#8221;.vc_custom_1618835795868{margin-top: 0px !important;padding-top: 0px !important;}&#8221;][vc_column_text css=&#8221;.vc_custom_1633966684301{padding-top: 20px !important;padding-right: 20px !important;}&#8221;] Surfaces of containers, tanks and silos in which food is produced, transferred or stored must be explicitly&hellip;<\/p>\n","protected":false},"author":1,"featured_media":0,"parent":0,"menu_order":36,"comment_status":"closed","ping_status":"closed","template":"","meta":{"inline_featured_image":false,"footnotes":""},"tags":[],"class_list":["post-3969","page","type-page","status-publish","hentry","entry","no-media"],"yoast_head":"<!-- This site is optimized with the Yoast SEO Premium plugin v27.4 (Yoast SEO v27.4) - https:\/\/yoast.com\/product\/yoast-seo-premium-wordpress\/ -->\n<title>FOODGRADE - Coatings for food tanks - Fakolith - Schimmelschutz, Bautenschutz, Hygienebeschichtungen<\/title>\n<meta name=\"robots\" content=\"index, follow, max-snippet:-1, max-image-preview:large, max-video-preview:-1\" \/>\n<link rel=\"canonical\" href=\"https:\/\/www.fakolith.de\/en\/foodgrade-coatings-for-food-tanks\/\" \/>\n<meta property=\"og:locale\" content=\"en_US\" \/>\n<meta property=\"og:type\" content=\"article\" \/>\n<meta property=\"og:title\" content=\"FAKOLITH - Profiprodukte f\u00fcr Schimmelsanierung an Geb\u00e4uden, Hygienebeschichtungen im Gesundheitswesen, FOODGRADE-Produkte in der Lebensmittelindustrie\" \/>\n<meta property=\"og:description\" content=\"FAKOLITH entwickelt und produziert seit \u00fcber 60 Jahren innovative Beschichtungssysteme f\u00fcr professionelle Anwendungen. Heute ist FAKOLITH ein international t\u00e4tiger Hersteller von Qualit\u00e4tsprodukten im Bereich Schimmelschutz und Bautenschutz, Hochwassersch\u00e4den sowie von Farben f\u00fcr das Gesundheitswesen und Beschichtungen f\u00fcr die Lebensmittelindustrie. Die lebensmittelechten FOODGRADE-Produkte, zertifiziert f\u00fcr den Direktkontakt mit Lebensmitteln nach VO (EU) 10\/2011 und FDA 21 CFR 175.300, wurden im Rahmen von internationalen Forschungsprojekten entwickelt und erweitern heute das Produktportfolio der FAKOLITH Gruppe.\" \/>\n<meta property=\"og:url\" content=\"https:\/\/www.fakolith.de\/en\/foodgrade-coatings-for-food-tanks\/\" \/>\n<meta property=\"og:site_name\" content=\"Fakolith - Schimmelschutz, Bautenschutz, Hygienebeschichtungen\" \/>\n<meta property=\"article:modified_time\" content=\"2022-01-27T10:44:16+00:00\" \/>\n<meta property=\"og:image\" content=\"https:\/\/www.fakolith.de\/wp-content\/uploads\/default-social-media.jpg\" \/>\n\t<meta property=\"og:image:width\" content=\"1200\" \/>\n\t<meta property=\"og:image:height\" content=\"675\" \/>\n\t<meta property=\"og:image:type\" content=\"image\/jpeg\" \/>\n<meta name=\"twitter:card\" content=\"summary_large_image\" \/>\n<meta name=\"twitter:label1\" content=\"Est. reading time\" \/>\n\t<meta name=\"twitter:data1\" content=\"4 minutes\" \/>\n<script type=\"application\/ld+json\" class=\"yoast-schema-graph\">{\"@context\":\"https:\\\/\\\/schema.org\",\"@graph\":[{\"@type\":\"WebPage\",\"@id\":\"https:\\\/\\\/www.fakolith.de\\\/en\\\/foodgrade-coatings-for-food-tanks\\\/\",\"url\":\"https:\\\/\\\/www.fakolith.de\\\/en\\\/foodgrade-coatings-for-food-tanks\\\/\",\"name\":\"FOODGRADE - Coatings for food tanks - Fakolith - Schimmelschutz, Bautenschutz, Hygienebeschichtungen\",\"isPartOf\":{\"@id\":\"https:\\\/\\\/www.fakolith.de\\\/en\\\/#website\"},\"datePublished\":\"2021-10-11T16:01:39+00:00\",\"dateModified\":\"2022-01-27T10:44:16+00:00\",\"breadcrumb\":{\"@id\":\"https:\\\/\\\/www.fakolith.de\\\/en\\\/foodgrade-coatings-for-food-tanks\\\/#breadcrumb\"},\"inLanguage\":\"en-US\",\"potentialAction\":[{\"@type\":\"ReadAction\",\"target\":[\"https:\\\/\\\/www.fakolith.de\\\/en\\\/foodgrade-coatings-for-food-tanks\\\/\"]}]},{\"@type\":\"BreadcrumbList\",\"@id\":\"https:\\\/\\\/www.fakolith.de\\\/en\\\/foodgrade-coatings-for-food-tanks\\\/#breadcrumb\",\"itemListElement\":[{\"@type\":\"ListItem\",\"position\":1,\"name\":\"Startseite\",\"item\":\"https:\\\/\\\/www.fakolith.de\\\/en\\\/\"},{\"@type\":\"ListItem\",\"position\":2,\"name\":\"Hygienic coatings\",\"item\":\"https:\\\/\\\/www.fakolith.de\\\/en\\\/hygienic-coatings\\\/\"},{\"@type\":\"ListItem\",\"position\":3,\"name\":\"FOODGRADE &#8211; Coatings for food tanks\"}]},{\"@type\":\"WebSite\",\"@id\":\"https:\\\/\\\/www.fakolith.de\\\/en\\\/#website\",\"url\":\"https:\\\/\\\/www.fakolith.de\\\/en\\\/\",\"name\":\"Fakolith - Schimmelschutz, Bautenschutz, Hygienebeschichtungen\",\"description\":\"\",\"publisher\":{\"@id\":\"https:\\\/\\\/www.fakolith.de\\\/en\\\/#organization\"},\"potentialAction\":[{\"@type\":\"SearchAction\",\"target\":{\"@type\":\"EntryPoint\",\"urlTemplate\":\"https:\\\/\\\/www.fakolith.de\\\/en\\\/?s={search_term_string}\"},\"query-input\":{\"@type\":\"PropertyValueSpecification\",\"valueRequired\":true,\"valueName\":\"search_term_string\"}}],\"inLanguage\":\"en-US\"},{\"@type\":\"Organization\",\"@id\":\"https:\\\/\\\/www.fakolith.de\\\/en\\\/#organization\",\"name\":\"FAKOLITH Farben GmbH\",\"url\":\"https:\\\/\\\/www.fakolith.de\\\/en\\\/\",\"logo\":{\"@type\":\"ImageObject\",\"inLanguage\":\"en-US\",\"@id\":\"https:\\\/\\\/www.fakolith.de\\\/en\\\/#\\\/schema\\\/logo\\\/image\\\/\",\"url\":\"https:\\\/\\\/www.fakolith.de\\\/wp-content\\\/uploads\\\/2021\\\/03\\\/FAKOLITH-Logo.png\",\"contentUrl\":\"https:\\\/\\\/www.fakolith.de\\\/wp-content\\\/uploads\\\/2021\\\/03\\\/FAKOLITH-Logo.png\",\"width\":920,\"height\":185,\"caption\":\"FAKOLITH Farben GmbH\"},\"image\":{\"@id\":\"https:\\\/\\\/www.fakolith.de\\\/en\\\/#\\\/schema\\\/logo\\\/image\\\/\"},\"sameAs\":[\"https:\\\/\\\/de.linkedin.com\\\/company\\\/fakolith-hygienic-paints\",\"https:\\\/\\\/www.youtube.com\\\/channel\\\/UCMZ_L-Ut3xtVeWryvOYjaew\"],\"description\":\"Als Hersteller chemischer Produkte produziert FAKOLITH alle Produkte in Deutschland und Spanien. Gemeinsam mit der spanischen Tochterfirma FAKOLITH CHEMICAL SYSTEMS ist FAKOLITH seit 2006 nach dem Qualit\u00e4tsmanagementsystem DIN EN ISO 9001:2015 zertifiziert.\",\"email\":\"info@fakolith.de\",\"telephone\":\"+49 (0)6253 \\\/ 2394-0\",\"legalName\":\"FAKOLITH Farben GmbH\",\"vatID\":\"DE 111629099\",\"numberOfEmployees\":{\"@type\":\"QuantitativeValue\",\"minValue\":\"11\",\"maxValue\":\"50\"}}]}<\/script>\n<!-- \/ Yoast SEO Premium plugin. -->","yoast_head_json":{"title":"FOODGRADE - Coatings for food tanks - Fakolith - Schimmelschutz, Bautenschutz, Hygienebeschichtungen","robots":{"index":"index","follow":"follow","max-snippet":"max-snippet:-1","max-image-preview":"max-image-preview:large","max-video-preview":"max-video-preview:-1"},"canonical":"https:\/\/www.fakolith.de\/en\/foodgrade-coatings-for-food-tanks\/","og_locale":"en_US","og_type":"article","og_title":"FAKOLITH - Profiprodukte f\u00fcr Schimmelsanierung an Geb\u00e4uden, Hygienebeschichtungen im Gesundheitswesen, FOODGRADE-Produkte in der Lebensmittelindustrie","og_description":"FAKOLITH entwickelt und produziert seit \u00fcber 60 Jahren innovative Beschichtungssysteme f\u00fcr professionelle Anwendungen. Heute ist FAKOLITH ein international t\u00e4tiger Hersteller von Qualit\u00e4tsprodukten im Bereich Schimmelschutz und Bautenschutz, Hochwassersch\u00e4den sowie von Farben f\u00fcr das Gesundheitswesen und Beschichtungen f\u00fcr die Lebensmittelindustrie. Die lebensmittelechten FOODGRADE-Produkte, zertifiziert f\u00fcr den Direktkontakt mit Lebensmitteln nach VO (EU) 10\/2011 und FDA 21 CFR 175.300, wurden im Rahmen von internationalen Forschungsprojekten entwickelt und erweitern heute das Produktportfolio der FAKOLITH Gruppe.","og_url":"https:\/\/www.fakolith.de\/en\/foodgrade-coatings-for-food-tanks\/","og_site_name":"Fakolith - Schimmelschutz, Bautenschutz, Hygienebeschichtungen","article_modified_time":"2022-01-27T10:44:16+00:00","og_image":[{"width":1200,"height":675,"url":"https:\/\/www.fakolith.de\/wp-content\/uploads\/default-social-media.jpg","type":"image\/jpeg"}],"twitter_card":"summary_large_image","twitter_misc":{"Est. reading time":"4 minutes"},"schema":{"@context":"https:\/\/schema.org","@graph":[{"@type":"WebPage","@id":"https:\/\/www.fakolith.de\/en\/foodgrade-coatings-for-food-tanks\/","url":"https:\/\/www.fakolith.de\/en\/foodgrade-coatings-for-food-tanks\/","name":"FOODGRADE - Coatings for food tanks - Fakolith - Schimmelschutz, Bautenschutz, Hygienebeschichtungen","isPartOf":{"@id":"https:\/\/www.fakolith.de\/en\/#website"},"datePublished":"2021-10-11T16:01:39+00:00","dateModified":"2022-01-27T10:44:16+00:00","breadcrumb":{"@id":"https:\/\/www.fakolith.de\/en\/foodgrade-coatings-for-food-tanks\/#breadcrumb"},"inLanguage":"en-US","potentialAction":[{"@type":"ReadAction","target":["https:\/\/www.fakolith.de\/en\/foodgrade-coatings-for-food-tanks\/"]}]},{"@type":"BreadcrumbList","@id":"https:\/\/www.fakolith.de\/en\/foodgrade-coatings-for-food-tanks\/#breadcrumb","itemListElement":[{"@type":"ListItem","position":1,"name":"Startseite","item":"https:\/\/www.fakolith.de\/en\/"},{"@type":"ListItem","position":2,"name":"Hygienic coatings","item":"https:\/\/www.fakolith.de\/en\/hygienic-coatings\/"},{"@type":"ListItem","position":3,"name":"FOODGRADE &#8211; Coatings for food tanks"}]},{"@type":"WebSite","@id":"https:\/\/www.fakolith.de\/en\/#website","url":"https:\/\/www.fakolith.de\/en\/","name":"Fakolith - Schimmelschutz, Bautenschutz, Hygienebeschichtungen","description":"","publisher":{"@id":"https:\/\/www.fakolith.de\/en\/#organization"},"potentialAction":[{"@type":"SearchAction","target":{"@type":"EntryPoint","urlTemplate":"https:\/\/www.fakolith.de\/en\/?s={search_term_string}"},"query-input":{"@type":"PropertyValueSpecification","valueRequired":true,"valueName":"search_term_string"}}],"inLanguage":"en-US"},{"@type":"Organization","@id":"https:\/\/www.fakolith.de\/en\/#organization","name":"FAKOLITH Farben GmbH","url":"https:\/\/www.fakolith.de\/en\/","logo":{"@type":"ImageObject","inLanguage":"en-US","@id":"https:\/\/www.fakolith.de\/en\/#\/schema\/logo\/image\/","url":"https:\/\/www.fakolith.de\/wp-content\/uploads\/2021\/03\/FAKOLITH-Logo.png","contentUrl":"https:\/\/www.fakolith.de\/wp-content\/uploads\/2021\/03\/FAKOLITH-Logo.png","width":920,"height":185,"caption":"FAKOLITH Farben GmbH"},"image":{"@id":"https:\/\/www.fakolith.de\/en\/#\/schema\/logo\/image\/"},"sameAs":["https:\/\/de.linkedin.com\/company\/fakolith-hygienic-paints","https:\/\/www.youtube.com\/channel\/UCMZ_L-Ut3xtVeWryvOYjaew"],"description":"Als Hersteller chemischer Produkte produziert FAKOLITH alle Produkte in Deutschland und Spanien. Gemeinsam mit der spanischen Tochterfirma FAKOLITH CHEMICAL SYSTEMS ist FAKOLITH seit 2006 nach dem Qualit\u00e4tsmanagementsystem DIN EN ISO 9001:2015 zertifiziert.","email":"info@fakolith.de","telephone":"+49 (0)6253 \/ 2394-0","legalName":"FAKOLITH Farben GmbH","vatID":"DE 111629099","numberOfEmployees":{"@type":"QuantitativeValue","minValue":"11","maxValue":"50"}}]}},"_links":{"self":[{"href":"https:\/\/www.fakolith.de\/en\/wp-json\/wp\/v2\/pages\/3969","targetHints":{"allow":["GET"]}}],"collection":[{"href":"https:\/\/www.fakolith.de\/en\/wp-json\/wp\/v2\/pages"}],"about":[{"href":"https:\/\/www.fakolith.de\/en\/wp-json\/wp\/v2\/types\/page"}],"author":[{"embeddable":true,"href":"https:\/\/www.fakolith.de\/en\/wp-json\/wp\/v2\/users\/1"}],"replies":[{"embeddable":true,"href":"https:\/\/www.fakolith.de\/en\/wp-json\/wp\/v2\/comments?post=3969"}],"version-history":[{"count":0,"href":"https:\/\/www.fakolith.de\/en\/wp-json\/wp\/v2\/pages\/3969\/revisions"}],"wp:attachment":[{"href":"https:\/\/www.fakolith.de\/en\/wp-json\/wp\/v2\/media?parent=3969"}],"wp:term":[{"taxonomy":"post_tag","embeddable":true,"href":"https:\/\/www.fakolith.de\/en\/wp-json\/wp\/v2\/tags?post=3969"}],"curies":[{"name":"wp","href":"https:\/\/api.w.org\/{rel}","templated":true}]}}