{"id":4032,"date":"2021-10-13T08:42:42","date_gmt":"2021-10-13T06:42:42","guid":{"rendered":"https:\/\/www.fakolith.de\/?page_id=4032"},"modified":"2025-10-21T10:41:50","modified_gmt":"2025-10-21T08:41:50","slug":"company","status":"publish","type":"page","link":"https:\/\/www.fakolith.de\/en\/company\/","title":{"rendered":"Company"},"content":{"rendered":"<div class=\"wpb-content-wrapper\">[vc_row full_width=&#8221;stretch_row_content_no_spaces&#8221; css=&#8221;.vc_custom_1617288255146{margin-bottom: 0px !important;padding-bottom: 0px !important;}&#8221;][vc_column css=&#8221;.vc_custom_1617288267876{margin-bottom: 0px !important;padding-bottom: 0px !important;}&#8221;][vc_single_image image=&#8221;3211&#8243; img_size=&#8221;2500x350px&#8221;][\/vc_column][\/vc_row][vc_row][vc_column][vc_column_text css=&#8221;.vc_custom_1634106911656{padding-top: 20px !important;}&#8221;]\n<h1>FAKOLITH &#8211; Professional coatings for trade and industry<\/h1>\n[\/vc_column_text][vc_row_inner][vc_column_inner width=&#8221;2\/3&#8243; css=&#8221;.vc_custom_1620393259199{padding-right: 20px !important;}&#8221;][vc_column_text css=&#8221;.vc_custom_1711626660368{padding-top: 0px !important;}&#8221;]\n<h6>Competent &amp; experienced:<\/h6>\n<p style=\"text-align: justify;\">FAKOLITH is a family-run company with headquarters in F\u00fcrth\/Germany. For over 60 years, FAKOLITH has been developing, producing and distributing customised, innovative product systems for the craft, food and packaging industries as well as the healthcare sector. The core competencies are in the area of food-safe and antimicrobial surface coatings as well as the prevention and restoration of moisture damage to buildings.<\/p>\n<h6>Product quality &#8220;made in Europe&#8221;:<\/h6>\n<p style=\"text-align: justify;\">Since 1994, FAKOLITH has been represented with an additional location for production, research and development in Tortosa, Spain, and with FAKOLITH CHEMICAL SYSTEMS offers the Southern European as well as Spanish-speaking market an additional variety of services and competent expert advice.<\/p>\n<p>Today, FAKOLITH sells its products worldwide and is one of the leading suppliers of certified hygienic coatings for direct contact with food in Europe.<\/p>\n[\/vc_column_text][vc_column_text css=&#8221;.vc_custom_1711626646834{padding-top: 0px !important;}&#8221;]\n<h6>Innovative &amp; demand-oriented:<\/h6>\n<p style=\"text-align: justify;\">FAKOLITH&#8217;s many years of participation in international research projects and its close networking with trade, industry, sector representatives and professional associations provide it with additional important information for the sustainable and innovative further development of its own products and services.<\/p>\n<h6>Certified &amp; future-oriented:<img loading=\"lazy\" decoding=\"async\" class=\"alignright wp-image-7331 size-medium\" style=\"margin: 25px;\" src=\"https:\/\/www.fakolith.de\/wp-content\/uploads\/Zertifizierungszeichen-TUeV-ISO-9001.2015-300x152.png\" alt=\"\" width=\"150\" height=\"75\" srcset=\"https:\/\/www.fakolith.de\/wp-content\/uploads\/Zertifizierungszeichen-TUeV-ISO-9001.2015-300x152.png 300w, https:\/\/www.fakolith.de\/wp-content\/uploads\/Zertifizierungszeichen-TUeV-ISO-9001.2015.png 358w\" sizes=\"auto, (max-width: 150px) 100vw, 150px\" \/><\/h6>\n<p style=\"text-align: justify;\">Both companies are certified in accordance with the quality management system DIN EN ISO 9001:2015 in the association and are regularly monitored by T\u00dcV Rheinland. The production of the certified FAKOLITH hygienic coatings is carried out in application of an internationally binding hygiene management quality management system for food companies (HACCP).<\/p>\n<p>The requirements for the quality and properties of the products are based on the current state of the art, taking into account the findings of ongoing research and development.<\/p>\n<p>We&#8217;re living (love) colour![\/vc_column_text][\/vc_column_inner][vc_column_inner width=&#8221;1\/3&#8243;][vc_single_image image=&#8221;3504&#8243; css=&#8221;.vc_custom_1620392123879{padding-top: 40px !important;}&#8221;][vc_column_text css=&#8221;.vc_custom_1634107461466{padding-top: 10px !important;}&#8221;]\n<p style=\"text-align: center;\">FAKOLITH \/ Germany<\/p>\n[\/vc_column_text][vc_empty_space height=&#8221;20px&#8221;][vc_single_image image=&#8221;3505&#8243; css=&#8221;.vc_custom_1620393163667{padding-top: 20px !important;}&#8221;][vc_column_text css=&#8221;.vc_custom_1634107469928{padding-top: 10px !important;}&#8221;]\n<p style=\"text-align: center;\">FAKOLITH \/ Spain<\/p>\n[\/vc_column_text][vc_empty_space height=&#8221;10px&#8221;]<style>.vcex-button.vcex_69e9e01e71e76{font-size:15px;}<\/style><div class=\"vc_custom_1761036056055 wpex-clr\"><div class=\"theme-button-wrap textcenter wpex-clr\"><a href=\"https:\/\/www.fakolith.de\/wp-content\/uploads\/FAKOLITH-ISO-9001-Certificat.pdf\" class=\"vcex-button theme-button align-center inline vcex_69e9e01e71e76\" target=\"_blank\" rel=\"noopener noreferrer\"><span class=\"vcex-button-inner theme-button-inner wpex-flex wpex-flex-wrap wpex-items-center wpex-justify-center\">FAKOLITH FARBEN | ISO-Certificate (PDF)<\/span><\/a><\/div><\/div> <style>.vcex-button.vcex_69e9e01e734f0{font-size:15px;}<\/style><div class=\"vc_custom_1761036071797 wpex-clr\"><div class=\"theme-button-wrap textcenter wpex-clr\"><a href=\"https:\/\/www.fakolith.de\/wp-content\/uploads\/FAKOLITH-Chemical-Systems-ISO-9001-Certificat.pdf\" class=\"vcex-button theme-button align-center inline vcex_69e9e01e734f0\" target=\"_blank\" rel=\"noopener noreferrer\"><span class=\"vcex-button-inner theme-button-inner wpex-flex wpex-flex-wrap wpex-items-center wpex-justify-center\">FAKOLITH CHEMICAL SYSTEMS | ISO-Certificate (PDF)<\/span><\/a><\/div><\/div> [\/vc_column_inner][\/vc_row_inner][vc_empty_space height=&#8221;10px&#8221;][vc_separator][vc_column_text]\n<h6>Chronicle of the company<\/h6>\n[\/vc_column_text][vc_empty_space height=&#8221;20px&#8221;][vc_column_text]\n<table>\n<tbody>\n<tr>\n<td>1963<\/td>\n<td>Foundation of the company HANOLITH in Frankfurt by Dieter Farenkopf<\/td>\n<\/tr>\n<tr>\n<td><\/td>\n<td>Production, distribution and processing of paints for production rooms in bakeries, butcheries, wineries<\/td>\n<\/tr>\n<tr>\n<td>1967<\/td>\n<td>Change of the company name HANOLITH to FAKOLITH<\/td>\n<\/tr>\n<tr>\n<td>1969<\/td>\n<td>Change of name of the sole proprietorship into a limited liability company (GmbH)<\/td>\n<\/tr>\n<tr>\n<td>1982<\/td>\n<td>Construction of a new production and storage hall in F\u00fcrth<\/td>\n<\/tr>\n<tr>\n<td>1985<\/td>\n<td>Relocation of the company headquarters from Frankfurt to F\u00fcrth<\/td>\n<\/tr>\n<tr>\n<td>1992<\/td>\n<td>Extension of the production hall in F\u00fcrth<\/td>\n<\/tr>\n<tr>\n<td>1993<\/td>\n<td>Construction of a new administration building<\/td>\n<\/tr>\n<tr>\n<td>1993<\/td>\n<td>Foundation of the subsidiary FAKOLITH Espana SL and new construction of a production hall with administration building in Tortosa (Spain \/ Alicante)<\/td>\n<\/tr>\n<tr>\n<td>2002<\/td>\n<td>Foundation of the company FAKOLITH do Brasil in Curitiba, Brazil<\/td>\n<\/tr>\n<tr>\n<td>2006<\/td>\n<td>Extension of the production hall of FAKOLITH Espana SL<\/td>\n<\/tr>\n<tr>\n<td>2007<\/td>\n<td>Joint certification of the sites in Germany and Spain by T\u00dcV Rheinland ISO 9001:2008.<\/td>\n<\/tr>\n<tr>\n<td>2008<\/td>\n<td>Splitting of FAKOLITH Espana SL and foundation of the company FAKOLITH Chemical Systems SL in Tortosa<\/td>\n<\/tr>\n<tr>\n<td>2015<\/td>\n<td>Recertification of the sites in Germany and Spain by T\u00dcV Rheinland ISO 9001:2015.<\/td>\n<\/tr>\n<tr>\n<td>2017<\/td>\n<td>50th anniversary of FAKOLITH Farben GmbH<\/td>\n<\/tr>\n<tr>\n<td>2021<\/td>\n<td>New construction of a laboratory and test centre at the F\u00fcrth site<\/td>\n<\/tr>\n<\/tbody>\n<\/table>\n[\/vc_column_text][vc_empty_space][vc_separator][vc_empty_space height=&#8221;20px&#8221;][vc_column_text]\n<h6>Further information<\/h6>\n<p><a href=\"https:\/\/www.fakolith.de\/en\/research-projects\/\">&gt; Overview of participations in research projects<\/a><br \/>\n<a href=\"https:\/\/www.fakolith.de\/en\/cooperation-partners\/\">&gt; Information on cooperations and association memberships<\/a><br \/>\n<a href=\"https:\/\/www.fakolith.de\/en\/hygienic-coatings\/\">&gt; Certified hygienic coatings \/ product systems<\/a><br \/>\n<a href=\"https:\/\/www.fakolith.de\/en\/products\/\">&gt; To the FAKOLITH product overview<\/a><br \/>\n<a href=\"https:\/\/www.fakolith.es\/\" target=\"_blank\" rel=\"noopener\">&gt; To the website of FAKOLITH CHEMICAL SYSTEMS, S.L.U. (Spain) &#8211; (new window opens)<\/a><br \/>\n<a href=\"https:\/\/www.fakolith.de\/wp-content\/uploads\/FAKOLITH-ISO-9001-Certificat.pdf\" target=\"_blank\" rel=\"noopener\">&gt; T\u00dcV Reinland certificate &#8211; ISO 9001:2015<\/a>[\/vc_column_text][\/vc_column][\/vc_row][vc_row][vc_column][vc_separator][vc_column_text css=&#8221;.vc_custom_1634107336191{padding-top: 20px !important;}&#8221;]\n<h2><span  style=\"color:#dd2a1b;margin-right:5px;font-size:28px;\" class=\"wpex-icon\" aria-hidden=\"true\"><svg xmlns=\"http:\/\/www.w3.org\/2000\/svg\" viewBox=\"0 0 512 512\"><path d=\"M256 512A256 256 0 1 0 256 0a256 256 0 1 0 0 512zM216 336h24V272H216c-13.3 0-24-10.7-24-24s10.7-24 24-24h48c13.3 0 24 10.7 24 24v88h8c13.3 0 24 10.7 24 24s-10.7 24-24 24H216c-13.3 0-24-10.7-24-24s10.7-24 24-24zm40-208a32 32 0 1 1 0 64 32 32 0 1 1 0-64z\"\/><\/svg><\/span> Information and service<\/h2>\n[\/vc_column_text][vc_column_text css=&#8221;.vc_custom_1634107357385{padding-top: 20px !important;}&#8221;]Do you have any questions about our company? Feel free to contact us personally by phone or send us an e-mail.<\/p>\n<p>Phone: +49 (0)6253 \/ 23 94 &#8211; 0<br \/>\nE-mail: <a href=\"mailto:info@fakolith.de\">info@fakolith.de<\/a>[\/vc_column_text][vc_empty_space][\/vc_column][\/vc_row]\n<\/div>","protected":false},"excerpt":{"rendered":"<p>[vc_row full_width=&#8221;stretch_row_content_no_spaces&#8221; css=&#8221;.vc_custom_1617288255146{margin-bottom: 0px !important;padding-bottom: 0px !important;}&#8221;][vc_column css=&#8221;.vc_custom_1617288267876{margin-bottom: 0px !important;padding-bottom: 0px !important;}&#8221;][vc_single_image image=&#8221;3211&#8243; img_size=&#8221;2500x350px&#8221;][\/vc_column][\/vc_row][vc_row][vc_column][vc_column_text css=&#8221;.vc_custom_1634106911656{padding-top: 20px !important;}&#8221;] FAKOLITH &#8211; Professional coatings for trade and industry [\/vc_column_text][vc_row_inner][vc_column_inner width=&#8221;2\/3&#8243; css=&#8221;.vc_custom_1620393259199{padding-right: 20px !important;}&#8221;][vc_column_text css=&#8221;.vc_custom_1711626660368{padding-top: 0px !important;}&#8221;] Competent &amp; experienced: FAKOLITH is a family-run company with headquarters in F\u00fcrth\/Germany. For over 60 years, FAKOLITH has been developing, producing and&hellip;<\/p>\n","protected":false},"author":1,"featured_media":0,"parent":0,"menu_order":259,"comment_status":"closed","ping_status":"closed","template":"","meta":{"inline_featured_image":false,"footnotes":""},"tags":[],"class_list":["post-4032","page","type-page","status-publish","hentry","entry","no-media"],"yoast_head":"<!-- This site is optimized with the Yoast SEO Premium plugin v27.4 (Yoast SEO v27.4) - https:\/\/yoast.com\/product\/yoast-seo-premium-wordpress\/ -->\n<title>Company - Fakolith - Schimmelschutz, Bautenschutz, Hygienebeschichtungen<\/title>\n<meta name=\"robots\" content=\"index, follow, max-snippet:-1, max-image-preview:large, max-video-preview:-1\" \/>\n<link rel=\"canonical\" href=\"https:\/\/www.fakolith.de\/en\/company\/\" \/>\n<meta property=\"og:locale\" content=\"en_US\" \/>\n<meta property=\"og:type\" content=\"article\" \/>\n<meta property=\"og:title\" content=\"FAKOLITH - Profiprodukte f\u00fcr Schimmelsanierung an Geb\u00e4uden, Hygienebeschichtungen im Gesundheitswesen, FOODGRADE-Produkte in der Lebensmittelindustrie\" \/>\n<meta property=\"og:description\" content=\"FAKOLITH entwickelt und produziert seit \u00fcber 60 Jahren innovative Beschichtungssysteme f\u00fcr professionelle Anwendungen. Heute ist FAKOLITH ein international t\u00e4tiger Hersteller von Qualit\u00e4tsprodukten im Bereich Schimmelschutz und Bautenschutz, Hochwassersch\u00e4den sowie von Farben f\u00fcr das Gesundheitswesen und Beschichtungen f\u00fcr die Lebensmittelindustrie. Die lebensmittelechten FOODGRADE-Produkte, zertifiziert f\u00fcr den Direktkontakt mit Lebensmitteln nach VO (EU) 10\/2011 und FDA 21 CFR 175.300, wurden im Rahmen von internationalen Forschungsprojekten entwickelt und erweitern heute das Produktportfolio der FAKOLITH Gruppe.\" \/>\n<meta property=\"og:url\" content=\"https:\/\/www.fakolith.de\/en\/company\/\" \/>\n<meta property=\"og:site_name\" content=\"Fakolith - Schimmelschutz, Bautenschutz, Hygienebeschichtungen\" \/>\n<meta property=\"article:modified_time\" content=\"2025-10-21T08:41:50+00:00\" \/>\n<meta property=\"og:image\" content=\"https:\/\/www.fakolith.de\/wp-content\/uploads\/Zertifizierungszeichen-TUeV-ISO-9001.2015-300x152.png\" \/>\n<meta name=\"twitter:card\" content=\"summary_large_image\" \/>\n<meta name=\"twitter:label1\" content=\"Est. reading time\" \/>\n\t<meta name=\"twitter:data1\" content=\"5 minutes\" \/>\n<script type=\"application\/ld+json\" class=\"yoast-schema-graph\">{\"@context\":\"https:\\\/\\\/schema.org\",\"@graph\":[{\"@type\":\"WebPage\",\"@id\":\"https:\\\/\\\/www.fakolith.de\\\/en\\\/company\\\/\",\"url\":\"https:\\\/\\\/www.fakolith.de\\\/en\\\/company\\\/\",\"name\":\"Company - Fakolith - Schimmelschutz, Bautenschutz, Hygienebeschichtungen\",\"isPartOf\":{\"@id\":\"https:\\\/\\\/www.fakolith.de\\\/en\\\/#website\"},\"primaryImageOfPage\":{\"@id\":\"https:\\\/\\\/www.fakolith.de\\\/en\\\/company\\\/#primaryimage\"},\"image\":{\"@id\":\"https:\\\/\\\/www.fakolith.de\\\/en\\\/company\\\/#primaryimage\"},\"thumbnailUrl\":\"https:\\\/\\\/www.fakolith.de\\\/wp-content\\\/uploads\\\/Zertifizierungszeichen-TUeV-ISO-9001.2015-300x152.png\",\"datePublished\":\"2021-10-13T06:42:42+00:00\",\"dateModified\":\"2025-10-21T08:41:50+00:00\",\"breadcrumb\":{\"@id\":\"https:\\\/\\\/www.fakolith.de\\\/en\\\/company\\\/#breadcrumb\"},\"inLanguage\":\"en-US\",\"potentialAction\":[{\"@type\":\"ReadAction\",\"target\":[\"https:\\\/\\\/www.fakolith.de\\\/en\\\/company\\\/\"]}]},{\"@type\":\"ImageObject\",\"inLanguage\":\"en-US\",\"@id\":\"https:\\\/\\\/www.fakolith.de\\\/en\\\/company\\\/#primaryimage\",\"url\":\"https:\\\/\\\/www.fakolith.de\\\/wp-content\\\/uploads\\\/Zertifizierungszeichen-TUeV-ISO-9001.2015-300x152.png\",\"contentUrl\":\"https:\\\/\\\/www.fakolith.de\\\/wp-content\\\/uploads\\\/Zertifizierungszeichen-TUeV-ISO-9001.2015-300x152.png\"},{\"@type\":\"BreadcrumbList\",\"@id\":\"https:\\\/\\\/www.fakolith.de\\\/en\\\/company\\\/#breadcrumb\",\"itemListElement\":[{\"@type\":\"ListItem\",\"position\":1,\"name\":\"Startseite\",\"item\":\"https:\\\/\\\/www.fakolith.de\\\/en\\\/\"},{\"@type\":\"ListItem\",\"position\":2,\"name\":\"Company\"}]},{\"@type\":\"WebSite\",\"@id\":\"https:\\\/\\\/www.fakolith.de\\\/en\\\/#website\",\"url\":\"https:\\\/\\\/www.fakolith.de\\\/en\\\/\",\"name\":\"Fakolith - Schimmelschutz, Bautenschutz, Hygienebeschichtungen\",\"description\":\"\",\"publisher\":{\"@id\":\"https:\\\/\\\/www.fakolith.de\\\/en\\\/#organization\"},\"potentialAction\":[{\"@type\":\"SearchAction\",\"target\":{\"@type\":\"EntryPoint\",\"urlTemplate\":\"https:\\\/\\\/www.fakolith.de\\\/en\\\/?s={search_term_string}\"},\"query-input\":{\"@type\":\"PropertyValueSpecification\",\"valueRequired\":true,\"valueName\":\"search_term_string\"}}],\"inLanguage\":\"en-US\"},{\"@type\":\"Organization\",\"@id\":\"https:\\\/\\\/www.fakolith.de\\\/en\\\/#organization\",\"name\":\"FAKOLITH Farben GmbH\",\"url\":\"https:\\\/\\\/www.fakolith.de\\\/en\\\/\",\"logo\":{\"@type\":\"ImageObject\",\"inLanguage\":\"en-US\",\"@id\":\"https:\\\/\\\/www.fakolith.de\\\/en\\\/#\\\/schema\\\/logo\\\/image\\\/\",\"url\":\"https:\\\/\\\/www.fakolith.de\\\/wp-content\\\/uploads\\\/2021\\\/03\\\/FAKOLITH-Logo.png\",\"contentUrl\":\"https:\\\/\\\/www.fakolith.de\\\/wp-content\\\/uploads\\\/2021\\\/03\\\/FAKOLITH-Logo.png\",\"width\":920,\"height\":185,\"caption\":\"FAKOLITH Farben GmbH\"},\"image\":{\"@id\":\"https:\\\/\\\/www.fakolith.de\\\/en\\\/#\\\/schema\\\/logo\\\/image\\\/\"},\"sameAs\":[\"https:\\\/\\\/de.linkedin.com\\\/company\\\/fakolith-hygienic-paints\",\"https:\\\/\\\/www.youtube.com\\\/channel\\\/UCMZ_L-Ut3xtVeWryvOYjaew\"],\"description\":\"Als Hersteller chemischer Produkte produziert FAKOLITH alle Produkte in Deutschland und Spanien. Gemeinsam mit der spanischen Tochterfirma FAKOLITH CHEMICAL SYSTEMS ist FAKOLITH seit 2006 nach dem Qualit\u00e4tsmanagementsystem DIN EN ISO 9001:2015 zertifiziert.\",\"email\":\"info@fakolith.de\",\"telephone\":\"+49 (0)6253 \\\/ 2394-0\",\"legalName\":\"FAKOLITH Farben GmbH\",\"vatID\":\"DE 111629099\",\"numberOfEmployees\":{\"@type\":\"QuantitativeValue\",\"minValue\":\"11\",\"maxValue\":\"50\"}}]}<\/script>\n<!-- \/ Yoast SEO Premium plugin. -->","yoast_head_json":{"title":"Company - Fakolith - Schimmelschutz, Bautenschutz, Hygienebeschichtungen","robots":{"index":"index","follow":"follow","max-snippet":"max-snippet:-1","max-image-preview":"max-image-preview:large","max-video-preview":"max-video-preview:-1"},"canonical":"https:\/\/www.fakolith.de\/en\/company\/","og_locale":"en_US","og_type":"article","og_title":"FAKOLITH - Profiprodukte f\u00fcr Schimmelsanierung an Geb\u00e4uden, Hygienebeschichtungen im Gesundheitswesen, FOODGRADE-Produkte in der Lebensmittelindustrie","og_description":"FAKOLITH entwickelt und produziert seit \u00fcber 60 Jahren innovative Beschichtungssysteme f\u00fcr professionelle Anwendungen. Heute ist FAKOLITH ein international t\u00e4tiger Hersteller von Qualit\u00e4tsprodukten im Bereich Schimmelschutz und Bautenschutz, Hochwassersch\u00e4den sowie von Farben f\u00fcr das Gesundheitswesen und Beschichtungen f\u00fcr die Lebensmittelindustrie. Die lebensmittelechten FOODGRADE-Produkte, zertifiziert f\u00fcr den Direktkontakt mit Lebensmitteln nach VO (EU) 10\/2011 und FDA 21 CFR 175.300, wurden im Rahmen von internationalen Forschungsprojekten entwickelt und erweitern heute das Produktportfolio der FAKOLITH Gruppe.","og_url":"https:\/\/www.fakolith.de\/en\/company\/","og_site_name":"Fakolith - Schimmelschutz, Bautenschutz, Hygienebeschichtungen","article_modified_time":"2025-10-21T08:41:50+00:00","og_image":[{"url":"https:\/\/www.fakolith.de\/wp-content\/uploads\/Zertifizierungszeichen-TUeV-ISO-9001.2015-300x152.png","type":"","width":"","height":""}],"twitter_card":"summary_large_image","twitter_misc":{"Est. reading time":"5 minutes"},"schema":{"@context":"https:\/\/schema.org","@graph":[{"@type":"WebPage","@id":"https:\/\/www.fakolith.de\/en\/company\/","url":"https:\/\/www.fakolith.de\/en\/company\/","name":"Company - Fakolith - Schimmelschutz, Bautenschutz, Hygienebeschichtungen","isPartOf":{"@id":"https:\/\/www.fakolith.de\/en\/#website"},"primaryImageOfPage":{"@id":"https:\/\/www.fakolith.de\/en\/company\/#primaryimage"},"image":{"@id":"https:\/\/www.fakolith.de\/en\/company\/#primaryimage"},"thumbnailUrl":"https:\/\/www.fakolith.de\/wp-content\/uploads\/Zertifizierungszeichen-TUeV-ISO-9001.2015-300x152.png","datePublished":"2021-10-13T06:42:42+00:00","dateModified":"2025-10-21T08:41:50+00:00","breadcrumb":{"@id":"https:\/\/www.fakolith.de\/en\/company\/#breadcrumb"},"inLanguage":"en-US","potentialAction":[{"@type":"ReadAction","target":["https:\/\/www.fakolith.de\/en\/company\/"]}]},{"@type":"ImageObject","inLanguage":"en-US","@id":"https:\/\/www.fakolith.de\/en\/company\/#primaryimage","url":"https:\/\/www.fakolith.de\/wp-content\/uploads\/Zertifizierungszeichen-TUeV-ISO-9001.2015-300x152.png","contentUrl":"https:\/\/www.fakolith.de\/wp-content\/uploads\/Zertifizierungszeichen-TUeV-ISO-9001.2015-300x152.png"},{"@type":"BreadcrumbList","@id":"https:\/\/www.fakolith.de\/en\/company\/#breadcrumb","itemListElement":[{"@type":"ListItem","position":1,"name":"Startseite","item":"https:\/\/www.fakolith.de\/en\/"},{"@type":"ListItem","position":2,"name":"Company"}]},{"@type":"WebSite","@id":"https:\/\/www.fakolith.de\/en\/#website","url":"https:\/\/www.fakolith.de\/en\/","name":"Fakolith - Schimmelschutz, Bautenschutz, Hygienebeschichtungen","description":"","publisher":{"@id":"https:\/\/www.fakolith.de\/en\/#organization"},"potentialAction":[{"@type":"SearchAction","target":{"@type":"EntryPoint","urlTemplate":"https:\/\/www.fakolith.de\/en\/?s={search_term_string}"},"query-input":{"@type":"PropertyValueSpecification","valueRequired":true,"valueName":"search_term_string"}}],"inLanguage":"en-US"},{"@type":"Organization","@id":"https:\/\/www.fakolith.de\/en\/#organization","name":"FAKOLITH Farben GmbH","url":"https:\/\/www.fakolith.de\/en\/","logo":{"@type":"ImageObject","inLanguage":"en-US","@id":"https:\/\/www.fakolith.de\/en\/#\/schema\/logo\/image\/","url":"https:\/\/www.fakolith.de\/wp-content\/uploads\/2021\/03\/FAKOLITH-Logo.png","contentUrl":"https:\/\/www.fakolith.de\/wp-content\/uploads\/2021\/03\/FAKOLITH-Logo.png","width":920,"height":185,"caption":"FAKOLITH Farben GmbH"},"image":{"@id":"https:\/\/www.fakolith.de\/en\/#\/schema\/logo\/image\/"},"sameAs":["https:\/\/de.linkedin.com\/company\/fakolith-hygienic-paints","https:\/\/www.youtube.com\/channel\/UCMZ_L-Ut3xtVeWryvOYjaew"],"description":"Als Hersteller chemischer Produkte produziert FAKOLITH alle Produkte in Deutschland und Spanien. Gemeinsam mit der spanischen Tochterfirma FAKOLITH CHEMICAL SYSTEMS ist FAKOLITH seit 2006 nach dem Qualit\u00e4tsmanagementsystem DIN EN ISO 9001:2015 zertifiziert.","email":"info@fakolith.de","telephone":"+49 (0)6253 \/ 2394-0","legalName":"FAKOLITH Farben GmbH","vatID":"DE 111629099","numberOfEmployees":{"@type":"QuantitativeValue","minValue":"11","maxValue":"50"}}]}},"_links":{"self":[{"href":"https:\/\/www.fakolith.de\/en\/wp-json\/wp\/v2\/pages\/4032","targetHints":{"allow":["GET"]}}],"collection":[{"href":"https:\/\/www.fakolith.de\/en\/wp-json\/wp\/v2\/pages"}],"about":[{"href":"https:\/\/www.fakolith.de\/en\/wp-json\/wp\/v2\/types\/page"}],"author":[{"embeddable":true,"href":"https:\/\/www.fakolith.de\/en\/wp-json\/wp\/v2\/users\/1"}],"replies":[{"embeddable":true,"href":"https:\/\/www.fakolith.de\/en\/wp-json\/wp\/v2\/comments?post=4032"}],"version-history":[{"count":2,"href":"https:\/\/www.fakolith.de\/en\/wp-json\/wp\/v2\/pages\/4032\/revisions"}],"predecessor-version":[{"id":10534,"href":"https:\/\/www.fakolith.de\/en\/wp-json\/wp\/v2\/pages\/4032\/revisions\/10534"}],"wp:attachment":[{"href":"https:\/\/www.fakolith.de\/en\/wp-json\/wp\/v2\/media?parent=4032"}],"wp:term":[{"taxonomy":"post_tag","embeddable":true,"href":"https:\/\/www.fakolith.de\/en\/wp-json\/wp\/v2\/tags?post=4032"}],"curies":[{"name":"wp","href":"https:\/\/api.w.org\/{rel}","templated":true}]}}