{"id":4194,"date":"2021-10-14T14:11:15","date_gmt":"2021-10-14T12:11:15","guid":{"rendered":"https:\/\/www.fakolith.de\/?page_id=4194"},"modified":"2022-02-09T14:39:31","modified_gmt":"2022-02-09T13:39:31","slug":"causes-for-mould-infestation","status":"publish","type":"page","link":"https:\/\/www.fakolith.de\/en\/mould-remediation\/causes-for-mould-infestation\/","title":{"rendered":"Causes for mould infestation"},"content":{"rendered":"<div class=\"wpb-content-wrapper\">[vc_row full_width=&#8221;stretch_row_content_no_spaces&#8221; css=&#8221;.vc_custom_1617288255146{margin-bottom: 0px !important;padding-bottom: 0px !important;}&#8221;][vc_column css=&#8221;.vc_custom_1617288267876{margin-bottom: 0px !important;padding-bottom: 0px !important;}&#8221;][vc_single_image image=&#8221;3211&#8243; img_size=&#8221;2500x350px&#8221;][\/vc_column][\/vc_row][vc_row][vc_column css=&#8221;.vc_custom_1620314473263{margin-bottom: 0px !important;}&#8221;][vc_column_text css=&#8221;.vc_custom_1634213523973{padding-top: 20px !important;}&#8221;]\n<h1>The causes of mould infestation<\/h1>\n[\/vc_column_text][vc_column_text css=&#8221;.vc_custom_1635319864037{padding-top: 20px !important;}&#8221;]\n<h6>Nutrients and moisture<\/h6>\n<p style=\"text-align: justify;\">Mould can develop in living spaces if nutrients and sufficient moisture are present. Structural factors, especially in combination with incorrect ventilation and heating behaviour or lack of technical ventilation, favour mould growth. Moisture then mostly appears in the form of condensation on the colder building components. Thermal bridges, e.g. in the area of the window reveal, the upper room corner on the outside wall or behind the cupboard standing close to the outside wall, are the most common types of damage. In addition, there is damage caused by direct moisture penetration of the masonry due to leaking roofs, cellars, pipes or averages.<\/p>\n[\/vc_column_text][vc_column_text css=&#8221;.vc_custom_1635319889929{padding-top: 20px !important;}&#8221;]\n<h6>The determination of causes<\/h6>\n<p style=\"text-align: justify;\">Moisture measuring devices, data loggers and calculation methods are available to experts for determining the cause. In practice, it has been shown that the interaction of several factors is often the cause of mould infestation in living areas. To ensure that mould does not form again within a very short time, it should be clarified in advance of the renovation what the cause of the damage is.<\/p>\n[\/vc_column_text][vc_column_text css=&#8221;.vc_custom_1635319917825{padding-top: 20px !important;}&#8221;]\n<h6>Cause check<\/h6>\n<p style=\"text-align: justify;\">Below you will find some of the common causes of mould infestation.<\/p>\n[\/vc_column_text][vc_row_inner css=&#8221;.vc_custom_1620312299247{padding-top: 30px !important;}&#8221;][vc_column_inner width=&#8221;1\/4&#8243;][vc_single_image image=&#8221;3498&#8243;][vc_column_text css=&#8221;.vc_custom_1635319929605{padding-top: 10px !important;}&#8221;]\n<p style=\"text-align: center;\">Furniture on the outside wall<\/p>\n[\/vc_column_text][\/vc_column_inner][vc_column_inner width=&#8221;1\/4&#8243;][vc_single_image image=&#8221;3497&#8243;][vc_column_text css=&#8221;.vc_custom_1635319941090{padding-top: 10px !important;}&#8221;]\n<p style=\"text-align: center;\">Pipeline damage<\/p>\n[\/vc_column_text][\/vc_column_inner][vc_column_inner width=&#8221;1\/4&#8243;][vc_single_image image=&#8221;3496&#8243;][vc_column_text css=&#8221;.vc_custom_1635319952489{padding-top: 10px !important;}&#8221;]\n<p style=\"text-align: center;\">Flood damage<\/p>\n[\/vc_column_text][\/vc_column_inner][vc_column_inner width=&#8221;1\/4&#8243;][vc_single_image image=&#8221;3495&#8243;][vc_column_text css=&#8221;.vc_custom_1635319965761{padding-top: 10px !important;}&#8221;]\n<p style=\"text-align: center;\">Facade not intact<\/p>\n[\/vc_column_text][\/vc_column_inner][\/vc_row_inner][vc_row_inner][vc_column_inner width=&#8221;1\/4&#8243;][vc_single_image image=&#8221;3300&#8243;][vc_column_text css=&#8221;.vc_custom_1635319977042{padding-top: 10px !important;}&#8221;]\n<p style=\"text-align: center;\">Missing insulation<\/p>\n[\/vc_column_text][\/vc_column_inner][vc_column_inner width=&#8221;1\/4&#8243;][vc_single_image image=&#8221;3493&#8243;][vc_column_text css=&#8221;.vc_custom_1635319987578{padding-top: 10px !important;}&#8221;]\n<p style=\"text-align: center;\">Rising damp<\/p>\n[\/vc_column_text][\/vc_column_inner][vc_column_inner width=&#8221;1\/4&#8243;][vc_single_image image=&#8221;3494&#8243;][vc_column_text css=&#8221;.vc_custom_1644413968719{padding-top: 10px !important;}&#8221;]\n<p style=\"text-align: center;\">Pressing dampness<\/p>\n[\/vc_column_text][\/vc_column_inner][vc_column_inner width=&#8221;1\/4&#8243;][vc_single_image image=&#8221;3499&#8243;][vc_column_text css=&#8221;.vc_custom_1635320007914{padding-top: 10px !important;}&#8221;]\n<p style=\"text-align: center;\">New building damp<\/p>\n[\/vc_column_text][\/vc_column_inner][\/vc_row_inner][vc_row_inner][vc_column_inner width=&#8221;1\/4&#8243;][vc_single_image image=&#8221;3500&#8243;][vc_column_text css=&#8221;.vc_custom_1635320018457{padding-top: 10px !important;}&#8221;]\n<p style=\"text-align: center;\">Thermal bridges<\/p>\n[\/vc_column_text][\/vc_column_inner][vc_column_inner width=&#8221;1\/4&#8243;][vc_single_image image=&#8221;3503&#8243;][vc_column_text css=&#8221;.vc_custom_1635320028393{padding-top: 10px !important;}&#8221;]\n<p style=\"text-align: center;\">Ventilation behaviour<\/p>\n[\/vc_column_text][\/vc_column_inner][vc_column_inner width=&#8221;1\/4&#8243;][\/vc_column_inner][vc_column_inner width=&#8221;1\/4&#8243;][\/vc_column_inner][\/vc_row_inner][vc_separator][vc_empty_space height=&#8221;40px&#8221;][vc_column_text]\n<h6>Prophylaxis through FAKOLITH mould protection paints with BIO.FILM.STOP technology<\/h6>\n<p style=\"text-align: justify;\">Particularly in the rental sector, it is not always possible to eliminate all causes or even to completely renovate living areas. In this case, painting ceilings and walls with the interior wall paints FAKOLITH FK 5, FAKOLITH FK 10 and DISPERLITH HYGIENIC is absolutely recommended as prophylaxis. The innovative BIO.FILM.STOP technology demonstrably protects the colour film of the vapour-diffusion-open professional colours against mould and bacteria infestation.<\/p>\n[\/vc_column_text]<style>.vcex-button.vcex_69e9f654b41f6{border-radius:0px;color:#ffffff!important;font-weight:600;text-transform:uppercase;letter-spacing:1px;}.vcex-button.vcex_69e9f654b41f6:hover{background:#f9301d!important;}<\/style><div class=\"vc_custom_1635320450174 wpex-clr\"><a href=\"https:\/\/www.fakolith.de\/en\/products\/?filter=42\" class=\"vcex-button theme-button flat inline vcex_69e9f654b41f6\"><span class=\"vcex-button-inner theme-button-inner wpex-flex wpex-flex-wrap wpex-items-center wpex-justify-center\">TO THE FAKOLITH MOULD PROTECTION PAINTS<span class=\"vcex-button-icon vcex-icon-wrap theme-button-icon-right\"><span class=\"wpex-icon wpex-icon--bidi\" aria-hidden=\"true\"><svg xmlns=\"http:\/\/www.w3.org\/2000\/svg\" viewBox=\"0 0 448 512\"><path d=\"M438.6 278.6c12.5-12.5 12.5-32.8 0-45.3l-160-160c-12.5-12.5-32.8-12.5-45.3 0s-12.5 32.8 0 45.3L338.8 224 32 224c-17.7 0-32 14.3-32 32s14.3 32 32 32l306.7 0L233.4 393.4c-12.5 12.5-12.5 32.8 0 45.3s32.8 12.5 45.3 0l160-160z\"\/><\/svg><\/span><\/span><\/span><\/a><\/div> [vc_empty_space height=&#8221;40px&#8221;][vc_separator][vc_empty_space height=&#8221;40px&#8221;][vc_row_inner css=&#8221;.vc_custom_1620314448391{margin-bottom: 0px !important;padding-bottom: 0px !important;}&#8221;][vc_column_inner width=&#8221;2\/3&#8243; css=&#8221;.vc_custom_1620371656375{margin-bottom: 0px !important;}&#8221;][vc_column_text css=&#8221;.vc_custom_1635320515014{padding-right: 30px !important;}&#8221;]\n<h6>Our guidebook &#8220;Heating and Ventilating Properly\u201d<\/h6>\n<p style=\"text-align: justify;\">In the past, airing was done properly &#8211; with the window wide open. How do you ventilate today?<\/p>\n<p>You can find more information on the topic of &#8220;Correct heating and ventilation&#8221; in our guidebook &#8220;Correct heating and ventilation&#8221; as a download (PDF).[\/vc_column_text][vc_raw_html css=&#8221;.vc_custom_1643052407575{padding-top: 20px !important;}&#8221;]JTVCM2QtZmxpcC1ib29rJTIwbW9kZSUzRCUyMmxpbmstbGlnaHRib3glMjIlMjBpZCUzRCUyMjUyNTQlMjIlNUQlMEElM0NzcGFuJTIwY2xhc3MlM0QlMjJ2Y2V4LWJ1dHRvbiUyMHRoZW1lLWJ1dHRvbiUyMGZsYXQlMjBpbmxpbmUlMjB3cGV4LWRob3Zlci0wJTIyJTIwc3R5bGUlM0QlMjJjb2xvciUzQSUyMCUyM2ZmZmZmZiUzQiUyMGZvbnQtd2VpZ2h0JTNBJTIwNjAwJTNCJTIwbGV0dGVyLXNwYWNpbmclM0ElMjAxcHglM0IlMjBib3JkZXItcmFkaXVzJTNBJTIwMCUzQiUyMHRleHQtdHJhbnNmb3JtJTNBJTIwdXBwZXJjYXNlJTNCJTIyJTIwZGF0YS13cGV4LWhvdmVyJTNEJTIyJTdCJTI2cXVvdCUzQmJhY2tncm91bmQlMjZxdW90JTNCJTNBJTI2cXVvdCUzQiUyM2Y5MzAxZCUyNnF1b3QlM0IlN0QlMjIlM0UlM0NzcGFuJTIwY2xhc3MlM0QlMjJ0aGVtZS1idXR0b24taW5uZXIlMjIlM0VHVUlERUJPT0slMjAlRTIlODAlOUNQUk9QRVIlMjBIRUFUSU5HJTIwQU5EJTIwVkVOVElMQVRJT04lRTIlODAlOUQlMjAlMjhQREYlMjklMjAlM0NzcGFuJTIwY2xhc3MlM0QlMjJ0aWNvbiUyMHRpY29uLWFycm93LXJpZ2h0JTIyJTIwc3R5bGUlM0QlMjJwYWRkaW5nLWxlZnQlM0E1cHglM0IlMjIlMjBhcmlhLWhpZGRlbiUzRCUyMnRydWUlMjIlM0UlM0MlMkZzcGFuJTNFJTNDJTJGc3BhbiUzRSUzQyUyRnNwYW4lM0UlMEElNUIlMkYzZC1mbGlwLWJvb2slNUQ=[\/vc_raw_html][\/vc_column_inner][vc_column_inner width=&#8221;1\/3&#8243; css=&#8221;.vc_custom_1620371671121{margin-bottom: 0px !important;}&#8221;][vc_single_image image=&#8221;3492&#8243;][\/vc_column_inner][\/vc_row_inner][vc_empty_space height=&#8221;40px&#8221;][vc_separator][vc_empty_space height=&#8221;40px&#8221;][vc_row_inner css=&#8221;.vc_custom_1620314448391{margin-bottom: 0px !important;padding-bottom: 0px !important;}&#8221;][vc_column_inner width=&#8221;2\/3&#8243;][vc_column_text]\n<h6>Professional mould sample analysis<\/h6>\n<p style=\"text-align: justify;\">We offer you the examination and evaluation of samples taken from the object. You will receive a well-founded laboratory report including the determination type and the classification of the intensity of the microbial infestation. We recommend the use of the test slides we provide for this purpose. Detailed information on laboratory analysis can be found here.<\/p>\n[\/vc_column_text][vc_raw_html css=&#8221;.vc_custom_1643052413734{padding-top: 20px !important;}&#8221;]JTVCM2QtZmxpcC1ib29rJTIwbW9kZSUzRCUyMmxpbmstbGlnaHRib3glMjIlMjBpZCUzRCUyMjUyNTclMjIlNUQlMEElM0NzcGFuJTIwY2xhc3MlM0QlMjJ2Y2V4LWJ1dHRvbiUyMHRoZW1lLWJ1dHRvbiUyMGZsYXQlMjBpbmxpbmUlMjB3cGV4LWRob3Zlci0wJTIyJTIwc3R5bGUlM0QlMjJjb2xvciUzQSUyMCUyM2ZmZmZmZiUzQiUyMGZvbnQtd2VpZ2h0JTNBJTIwNjAwJTNCJTIwbGV0dGVyLXNwYWNpbmclM0ElMjAxcHglM0IlMjBib3JkZXItcmFkaXVzJTNBJTIwMCUzQiUyMHRleHQtdHJhbnNmb3JtJTNBJTIwdXBwZXJjYXNlJTNCJTIyJTIwZGF0YS13cGV4LWhvdmVyJTNEJTIyJTdCJTI2cXVvdCUzQmJhY2tncm91bmQlMjZxdW90JTNCJTNBJTI2cXVvdCUzQiUyM2Y5MzAxZCUyNnF1b3QlM0IlN0QlMjIlM0UlM0NzcGFuJTIwY2xhc3MlM0QlMjJ0aGVtZS1idXR0b24taW5uZXIlMjIlM0VPUkRFUiUyMEElMjBMQUJPUkFUT1JZJTIwQU5BTFlTSVMlMjAlMjhQREYlMjklMjAlM0NzcGFuJTIwY2xhc3MlM0QlMjJ0aWNvbiUyMHRpY29uLWFycm93LXJpZ2h0JTIyJTIwc3R5bGUlM0QlMjJwYWRkaW5nLWxlZnQlM0E1cHglM0IlMjIlMjBhcmlhLWhpZGRlbiUzRCUyMnRydWUlMjIlM0UlM0MlMkZzcGFuJTNFJTNDJTJGc3BhbiUzRSUzQyUyRnNwYW4lM0UlMEElNUIlMkYzZC1mbGlwLWJvb2slNUQ=[\/vc_raw_html][\/vc_column_inner][vc_column_inner width=&#8221;1\/3&#8243;][vc_single_image image=&#8221;3502&#8243;][\/vc_column_inner][\/vc_row_inner][\/vc_column][\/vc_row][vc_row][vc_column][vc_separator][vc_column_text css=&#8221;.vc_custom_1635320706714{padding-top: 20px !important;}&#8221;]\n<h4>Application technology \/ advice<\/h4>\n[\/vc_column_text][vc_column_text css=&#8221;.vc_custom_1635320752236{padding-top: 20px !important;}&#8221;]If you cannot find the right product for your requirements in our product portfolio, if you have questions about selected products or if you would like further advice, please feel free to call us personally or send us an e-mail.<\/p>\n<p>Telephone: +49 (0)6253 \/ 23 94 &#8211; 18<br \/>\nConsultation hours: Monday to Friday 7.30 a.m. &#8211; 12.00 p.m. and 1.00 p.m. &#8211; 4.00 p.m.<br \/>\nE-mail: <a href=\"mailto:anwendungstechnik@fakolith.de\">anwendungstechnik@fakolith.de<\/a>[\/vc_column_text][vc_empty_space][\/vc_column][\/vc_row][vc_row][vc_column][\/vc_column][\/vc_row]\n<\/div>","protected":false},"excerpt":{"rendered":"<p>[vc_row full_width=&#8221;stretch_row_content_no_spaces&#8221; css=&#8221;.vc_custom_1617288255146{margin-bottom: 0px !important;padding-bottom: 0px !important;}&#8221;][vc_column css=&#8221;.vc_custom_1617288267876{margin-bottom: 0px !important;padding-bottom: 0px !important;}&#8221;][vc_single_image image=&#8221;3211&#8243; img_size=&#8221;2500x350px&#8221;][\/vc_column][\/vc_row][vc_row][vc_column css=&#8221;.vc_custom_1620314473263{margin-bottom: 0px !important;}&#8221;][vc_column_text css=&#8221;.vc_custom_1634213523973{padding-top: 20px !important;}&#8221;] The causes of mould infestation [\/vc_column_text][vc_column_text css=&#8221;.vc_custom_1635319864037{padding-top: 20px !important;}&#8221;] Nutrients and moisture Mould can develop in living spaces if nutrients and sufficient moisture are present. Structural factors, especially in combination with incorrect ventilation and heating&hellip;<\/p>\n","protected":false},"author":1,"featured_media":0,"parent":4073,"menu_order":190,"comment_status":"closed","ping_status":"closed","template":"","meta":{"inline_featured_image":false,"footnotes":""},"tags":[],"class_list":["post-4194","page","type-page","status-publish","hentry","entry","no-media"],"yoast_head":"<!-- This site is optimized with the Yoast SEO Premium plugin v27.4 (Yoast SEO v27.4) - https:\/\/yoast.com\/product\/yoast-seo-premium-wordpress\/ -->\n<title>Causes for mould infestation - Fakolith - Schimmelschutz, Bautenschutz, Hygienebeschichtungen<\/title>\n<meta name=\"robots\" content=\"index, follow, max-snippet:-1, max-image-preview:large, max-video-preview:-1\" \/>\n<link rel=\"canonical\" href=\"https:\/\/www.fakolith.de\/en\/mould-remediation\/causes-for-mould-infestation\/\" \/>\n<meta property=\"og:locale\" content=\"en_US\" \/>\n<meta property=\"og:type\" content=\"article\" \/>\n<meta property=\"og:title\" content=\"FAKOLITH - Profiprodukte f\u00fcr Schimmelsanierung an Geb\u00e4uden, Hygienebeschichtungen im Gesundheitswesen, FOODGRADE-Produkte in der Lebensmittelindustrie\" \/>\n<meta property=\"og:description\" content=\"FAKOLITH entwickelt und produziert seit \u00fcber 60 Jahren innovative Beschichtungssysteme f\u00fcr professionelle Anwendungen. Heute ist FAKOLITH ein international t\u00e4tiger Hersteller von Qualit\u00e4tsprodukten im Bereich Schimmelschutz und Bautenschutz, Hochwassersch\u00e4den sowie von Farben f\u00fcr das Gesundheitswesen und Beschichtungen f\u00fcr die Lebensmittelindustrie. Die lebensmittelechten FOODGRADE-Produkte, zertifiziert f\u00fcr den Direktkontakt mit Lebensmitteln nach VO (EU) 10\/2011 und FDA 21 CFR 175.300, wurden im Rahmen von internationalen Forschungsprojekten entwickelt und erweitern heute das Produktportfolio der FAKOLITH Gruppe.\" \/>\n<meta property=\"og:url\" content=\"https:\/\/www.fakolith.de\/en\/mould-remediation\/causes-for-mould-infestation\/\" \/>\n<meta property=\"og:site_name\" content=\"Fakolith - Schimmelschutz, Bautenschutz, Hygienebeschichtungen\" \/>\n<meta property=\"article:modified_time\" content=\"2022-02-09T13:39:31+00:00\" \/>\n<meta property=\"og:image\" content=\"https:\/\/www.fakolith.de\/wp-content\/uploads\/default-social-media.jpg\" \/>\n\t<meta property=\"og:image:width\" content=\"1200\" \/>\n\t<meta property=\"og:image:height\" content=\"675\" \/>\n\t<meta property=\"og:image:type\" content=\"image\/jpeg\" \/>\n<meta name=\"twitter:card\" content=\"summary_large_image\" \/>\n<meta name=\"twitter:label1\" content=\"Est. reading time\" \/>\n\t<meta name=\"twitter:data1\" content=\"4 minutes\" \/>\n<script type=\"application\/ld+json\" class=\"yoast-schema-graph\">{\"@context\":\"https:\\\/\\\/schema.org\",\"@graph\":[{\"@type\":\"WebPage\",\"@id\":\"https:\\\/\\\/www.fakolith.de\\\/en\\\/mould-remediation\\\/causes-for-mould-infestation\\\/\",\"url\":\"https:\\\/\\\/www.fakolith.de\\\/en\\\/mould-remediation\\\/causes-for-mould-infestation\\\/\",\"name\":\"Causes for mould infestation - Fakolith - Schimmelschutz, Bautenschutz, Hygienebeschichtungen\",\"isPartOf\":{\"@id\":\"https:\\\/\\\/www.fakolith.de\\\/en\\\/#website\"},\"datePublished\":\"2021-10-14T12:11:15+00:00\",\"dateModified\":\"2022-02-09T13:39:31+00:00\",\"breadcrumb\":{\"@id\":\"https:\\\/\\\/www.fakolith.de\\\/en\\\/mould-remediation\\\/causes-for-mould-infestation\\\/#breadcrumb\"},\"inLanguage\":\"en-US\",\"potentialAction\":[{\"@type\":\"ReadAction\",\"target\":[\"https:\\\/\\\/www.fakolith.de\\\/en\\\/mould-remediation\\\/causes-for-mould-infestation\\\/\"]}]},{\"@type\":\"BreadcrumbList\",\"@id\":\"https:\\\/\\\/www.fakolith.de\\\/en\\\/mould-remediation\\\/causes-for-mould-infestation\\\/#breadcrumb\",\"itemListElement\":[{\"@type\":\"ListItem\",\"position\":1,\"name\":\"Startseite\",\"item\":\"https:\\\/\\\/www.fakolith.de\\\/en\\\/\"},{\"@type\":\"ListItem\",\"position\":2,\"name\":\"Mould remediation\",\"item\":\"https:\\\/\\\/www.fakolith.de\\\/en\\\/mould-remediation\\\/\"},{\"@type\":\"ListItem\",\"position\":3,\"name\":\"Causes for mould infestation\"}]},{\"@type\":\"WebSite\",\"@id\":\"https:\\\/\\\/www.fakolith.de\\\/en\\\/#website\",\"url\":\"https:\\\/\\\/www.fakolith.de\\\/en\\\/\",\"name\":\"Fakolith - Schimmelschutz, Bautenschutz, Hygienebeschichtungen\",\"description\":\"\",\"publisher\":{\"@id\":\"https:\\\/\\\/www.fakolith.de\\\/en\\\/#organization\"},\"potentialAction\":[{\"@type\":\"SearchAction\",\"target\":{\"@type\":\"EntryPoint\",\"urlTemplate\":\"https:\\\/\\\/www.fakolith.de\\\/en\\\/?s={search_term_string}\"},\"query-input\":{\"@type\":\"PropertyValueSpecification\",\"valueRequired\":true,\"valueName\":\"search_term_string\"}}],\"inLanguage\":\"en-US\"},{\"@type\":\"Organization\",\"@id\":\"https:\\\/\\\/www.fakolith.de\\\/en\\\/#organization\",\"name\":\"FAKOLITH Farben GmbH\",\"url\":\"https:\\\/\\\/www.fakolith.de\\\/en\\\/\",\"logo\":{\"@type\":\"ImageObject\",\"inLanguage\":\"en-US\",\"@id\":\"https:\\\/\\\/www.fakolith.de\\\/en\\\/#\\\/schema\\\/logo\\\/image\\\/\",\"url\":\"https:\\\/\\\/www.fakolith.de\\\/wp-content\\\/uploads\\\/2021\\\/03\\\/FAKOLITH-Logo.png\",\"contentUrl\":\"https:\\\/\\\/www.fakolith.de\\\/wp-content\\\/uploads\\\/2021\\\/03\\\/FAKOLITH-Logo.png\",\"width\":920,\"height\":185,\"caption\":\"FAKOLITH Farben GmbH\"},\"image\":{\"@id\":\"https:\\\/\\\/www.fakolith.de\\\/en\\\/#\\\/schema\\\/logo\\\/image\\\/\"},\"sameAs\":[\"https:\\\/\\\/de.linkedin.com\\\/company\\\/fakolith-hygienic-paints\",\"https:\\\/\\\/www.youtube.com\\\/channel\\\/UCMZ_L-Ut3xtVeWryvOYjaew\"],\"description\":\"Als Hersteller chemischer Produkte produziert FAKOLITH alle Produkte in Deutschland und Spanien. Gemeinsam mit der spanischen Tochterfirma FAKOLITH CHEMICAL SYSTEMS ist FAKOLITH seit 2006 nach dem Qualit\u00e4tsmanagementsystem DIN EN ISO 9001:2015 zertifiziert.\",\"email\":\"info@fakolith.de\",\"telephone\":\"+49 (0)6253 \\\/ 2394-0\",\"legalName\":\"FAKOLITH Farben GmbH\",\"vatID\":\"DE 111629099\",\"numberOfEmployees\":{\"@type\":\"QuantitativeValue\",\"minValue\":\"11\",\"maxValue\":\"50\"}}]}<\/script>\n<!-- \/ Yoast SEO Premium plugin. -->","yoast_head_json":{"title":"Causes for mould infestation - Fakolith - Schimmelschutz, Bautenschutz, Hygienebeschichtungen","robots":{"index":"index","follow":"follow","max-snippet":"max-snippet:-1","max-image-preview":"max-image-preview:large","max-video-preview":"max-video-preview:-1"},"canonical":"https:\/\/www.fakolith.de\/en\/mould-remediation\/causes-for-mould-infestation\/","og_locale":"en_US","og_type":"article","og_title":"FAKOLITH - Profiprodukte f\u00fcr Schimmelsanierung an Geb\u00e4uden, Hygienebeschichtungen im Gesundheitswesen, FOODGRADE-Produkte in der Lebensmittelindustrie","og_description":"FAKOLITH entwickelt und produziert seit \u00fcber 60 Jahren innovative Beschichtungssysteme f\u00fcr professionelle Anwendungen. Heute ist FAKOLITH ein international t\u00e4tiger Hersteller von Qualit\u00e4tsprodukten im Bereich Schimmelschutz und Bautenschutz, Hochwassersch\u00e4den sowie von Farben f\u00fcr das Gesundheitswesen und Beschichtungen f\u00fcr die Lebensmittelindustrie. Die lebensmittelechten FOODGRADE-Produkte, zertifiziert f\u00fcr den Direktkontakt mit Lebensmitteln nach VO (EU) 10\/2011 und FDA 21 CFR 175.300, wurden im Rahmen von internationalen Forschungsprojekten entwickelt und erweitern heute das Produktportfolio der FAKOLITH Gruppe.","og_url":"https:\/\/www.fakolith.de\/en\/mould-remediation\/causes-for-mould-infestation\/","og_site_name":"Fakolith - Schimmelschutz, Bautenschutz, Hygienebeschichtungen","article_modified_time":"2022-02-09T13:39:31+00:00","og_image":[{"width":1200,"height":675,"url":"https:\/\/www.fakolith.de\/wp-content\/uploads\/default-social-media.jpg","type":"image\/jpeg"}],"twitter_card":"summary_large_image","twitter_misc":{"Est. reading time":"4 minutes"},"schema":{"@context":"https:\/\/schema.org","@graph":[{"@type":"WebPage","@id":"https:\/\/www.fakolith.de\/en\/mould-remediation\/causes-for-mould-infestation\/","url":"https:\/\/www.fakolith.de\/en\/mould-remediation\/causes-for-mould-infestation\/","name":"Causes for mould infestation - Fakolith - Schimmelschutz, Bautenschutz, Hygienebeschichtungen","isPartOf":{"@id":"https:\/\/www.fakolith.de\/en\/#website"},"datePublished":"2021-10-14T12:11:15+00:00","dateModified":"2022-02-09T13:39:31+00:00","breadcrumb":{"@id":"https:\/\/www.fakolith.de\/en\/mould-remediation\/causes-for-mould-infestation\/#breadcrumb"},"inLanguage":"en-US","potentialAction":[{"@type":"ReadAction","target":["https:\/\/www.fakolith.de\/en\/mould-remediation\/causes-for-mould-infestation\/"]}]},{"@type":"BreadcrumbList","@id":"https:\/\/www.fakolith.de\/en\/mould-remediation\/causes-for-mould-infestation\/#breadcrumb","itemListElement":[{"@type":"ListItem","position":1,"name":"Startseite","item":"https:\/\/www.fakolith.de\/en\/"},{"@type":"ListItem","position":2,"name":"Mould remediation","item":"https:\/\/www.fakolith.de\/en\/mould-remediation\/"},{"@type":"ListItem","position":3,"name":"Causes for mould infestation"}]},{"@type":"WebSite","@id":"https:\/\/www.fakolith.de\/en\/#website","url":"https:\/\/www.fakolith.de\/en\/","name":"Fakolith - Schimmelschutz, Bautenschutz, Hygienebeschichtungen","description":"","publisher":{"@id":"https:\/\/www.fakolith.de\/en\/#organization"},"potentialAction":[{"@type":"SearchAction","target":{"@type":"EntryPoint","urlTemplate":"https:\/\/www.fakolith.de\/en\/?s={search_term_string}"},"query-input":{"@type":"PropertyValueSpecification","valueRequired":true,"valueName":"search_term_string"}}],"inLanguage":"en-US"},{"@type":"Organization","@id":"https:\/\/www.fakolith.de\/en\/#organization","name":"FAKOLITH Farben GmbH","url":"https:\/\/www.fakolith.de\/en\/","logo":{"@type":"ImageObject","inLanguage":"en-US","@id":"https:\/\/www.fakolith.de\/en\/#\/schema\/logo\/image\/","url":"https:\/\/www.fakolith.de\/wp-content\/uploads\/2021\/03\/FAKOLITH-Logo.png","contentUrl":"https:\/\/www.fakolith.de\/wp-content\/uploads\/2021\/03\/FAKOLITH-Logo.png","width":920,"height":185,"caption":"FAKOLITH Farben GmbH"},"image":{"@id":"https:\/\/www.fakolith.de\/en\/#\/schema\/logo\/image\/"},"sameAs":["https:\/\/de.linkedin.com\/company\/fakolith-hygienic-paints","https:\/\/www.youtube.com\/channel\/UCMZ_L-Ut3xtVeWryvOYjaew"],"description":"Als Hersteller chemischer Produkte produziert FAKOLITH alle Produkte in Deutschland und Spanien. Gemeinsam mit der spanischen Tochterfirma FAKOLITH CHEMICAL SYSTEMS ist FAKOLITH seit 2006 nach dem Qualit\u00e4tsmanagementsystem DIN EN ISO 9001:2015 zertifiziert.","email":"info@fakolith.de","telephone":"+49 (0)6253 \/ 2394-0","legalName":"FAKOLITH Farben GmbH","vatID":"DE 111629099","numberOfEmployees":{"@type":"QuantitativeValue","minValue":"11","maxValue":"50"}}]}},"_links":{"self":[{"href":"https:\/\/www.fakolith.de\/en\/wp-json\/wp\/v2\/pages\/4194","targetHints":{"allow":["GET"]}}],"collection":[{"href":"https:\/\/www.fakolith.de\/en\/wp-json\/wp\/v2\/pages"}],"about":[{"href":"https:\/\/www.fakolith.de\/en\/wp-json\/wp\/v2\/types\/page"}],"author":[{"embeddable":true,"href":"https:\/\/www.fakolith.de\/en\/wp-json\/wp\/v2\/users\/1"}],"replies":[{"embeddable":true,"href":"https:\/\/www.fakolith.de\/en\/wp-json\/wp\/v2\/comments?post=4194"}],"version-history":[{"count":0,"href":"https:\/\/www.fakolith.de\/en\/wp-json\/wp\/v2\/pages\/4194\/revisions"}],"up":[{"embeddable":true,"href":"https:\/\/www.fakolith.de\/en\/wp-json\/wp\/v2\/pages\/4073"}],"wp:attachment":[{"href":"https:\/\/www.fakolith.de\/en\/wp-json\/wp\/v2\/media?parent=4194"}],"wp:term":[{"taxonomy":"post_tag","embeddable":true,"href":"https:\/\/www.fakolith.de\/en\/wp-json\/wp\/v2\/tags?post=4194"}],"curies":[{"name":"wp","href":"https:\/\/api.w.org\/{rel}","templated":true}]}}