{"id":4241,"date":"2021-10-14T17:49:53","date_gmt":"2021-10-14T15:49:53","guid":{"rendered":"https:\/\/www.fakolith.de\/?page_id=4241"},"modified":"2025-05-26T11:25:54","modified_gmt":"2025-05-26T09:25:54","slug":"anti-mould-package-hygienic","status":"publish","type":"page","link":"https:\/\/www.fakolith.de\/en\/products\/anti-mould-package-hygienic\/","title":{"rendered":"ANTI-MOULD PACKAGE HYGIENIC"},"content":{"rendered":"<div class=\"wpb-content-wrapper\">[vc_row full_width=&#8221;stretch_row_content_no_spaces&#8221; css=&#8221;.vc_custom_1617288255146{margin-bottom: 0px !important;padding-bottom: 0px !important;}&#8221;][vc_column css=&#8221;.vc_custom_1617288267876{margin-bottom: 0px !important;padding-bottom: 0px !important;}&#8221;][vc_single_image image=&#8221;3211&#8243; img_size=&#8221;2500x350px&#8221;][\/vc_column][\/vc_row][vc_row][vc_column][vc_column_text css=&#8221;.vc_custom_1635843871128{padding-top: 20px !important;}&#8221;]\n<h1>Anti-Mould Package Hygienic &#8211; Anti-Mould Package for 10 m\u00b2 mould remediation with hygienic protection<\/h1>\n[\/vc_column_text][vc_column_text css=&#8221;.vc_custom_1635843882008{padding-top: 20px !important;}&#8221;]\n<h2 style=\"text-align: left;\">Intended use<\/h2>\n[\/vc_column_text][vc_column_text css=&#8221;.vc_custom_1635843895647{padding-top: 20px !important;}&#8221;]\n<p style=\"text-align: justify;\">The Anti-Mould Package Hygienic contains 1 L mould cleaner FAKOLITH FK 12 (chlorine-free), 1 L antifungal solution FAKOLITH FK 14 and 2.5 L DISPERLITH HYGIENIC, the ECO-LABEL-certified interior paint with film protection against mould, virus and bacteria infestation. Also: protective mask, gloves, sponge. All packed in a practical work bucket, sufficient for 10 m\u00b2 of mould remediation in hygienically demanding interiors.<\/p>\n[\/vc_column_text][vc_empty_space height=&#8221;40px&#8221;][vc_separator][vc_row_inner][vc_column_inner width=&#8221;1\/2&#8243;][vc_column_text css=&#8221;.vc_custom_1635843906838{padding-top: 20px !important;}&#8221;]\n<h2 style=\"text-align: left;\">Processing<\/h2>\n[\/vc_column_text][vc_column_text css=&#8221;.vc_custom_1635843934047{padding-top: 20px !important;}&#8221;]\n<ul>\n<li>Clean the substrate with FAKOLITH FK 12 and soften the cell wall of the fungal mycelium<\/li>\n<li>Paint, roll, spray FAKOLITH FK 14 and destroy the fungal mycelium in the substrate<\/li>\n<li>Paint, roll, spray a prophylactic paint film with protection against mould, viruses and bacteria with DISPERLITH HYGIENIC<\/li>\n<\/ul>\n[\/vc_column_text][vc_column_text css=&#8221;.vc_custom_1635843947710{padding-top: 20px !important;}&#8221;]\n<h2 style=\"text-align: left;\">Container sizes<\/h2>\n[\/vc_column_text][vc_column_text css=&#8221;.vc_custom_1635843959462{padding-top: 20px !important;}&#8221;]VE = bucket with each[\/vc_column_text][vc_column_text css=&#8221;.vc_custom_1643113339372{padding-top: 20px !important;}&#8221;]\n<ul>\n<li>1.0 L FAKOLITH FK 12 Cleaner<\/li>\n<li>1.0 L FAKOLITH FK 14 Antifungal remedy<\/li>\n<li>2.5 L DISPERLITH HYGIENIC<\/li>\n<\/ul>\n[\/vc_column_text][vc_column_text css=&#8221;.vc_custom_1635843999047{padding-top: 20px !important;}&#8221;]For 10 m\u00b2 mould remediation indoors (with hygiene protection)[\/vc_column_text][vc_column_text css=&#8221;.vc_custom_1643114488082{padding-top: 20px !important;}&#8221;]\n<h2>FAKOLITH FK 12 \u2013 Cleaner for the treatment of substrates infested with mould, algae,\u00a0bacteria\u00a0and moss<\/h2>\n<p>Acidic cleaning concentrate for cleaning substrates affected by mould, bacteria, algae and green coatings as well as for dissolving salts harmful to the building from the front masonry. Limescale remover with a broad spectrum of action. FAKOLITH FK 12 MICROCLEANER is suitable for indoor use and outdoor use, neutralises odours and delays the formation of new bacteria.<\/p>\n<p><a href=\"https:\/\/www.fakolith.de\/en\/products\/fakolith-fk-12\/\">&gt; Productdetails FK 12<\/a><\/p>\n<h2>FAKOLITH FK 14 &#8211; Anti-fungal substrate remediation for mould, bacteria and algae infestation<\/h2>\n<p>Aqueous, odourless antifungal remedy substrate for reliable sanitation of the substrate in case of deep-seated bacteria, germs, fungi, spores, yeasts and algae. FAKOLITH FK 14 is suitable for indoor and outdoor use.<\/p>\n<p><a href=\"https:\/\/www.fakolith.de\/en\/products\/fakolith-fk-14\/\">&gt; Productdetails FK 14<\/a><\/p>\n<h2>DISPERLITH HYGIENIC \u2013 Resilient ECO-Label-certified hygienic coating with film protection against mould, virus and bacteria infestation<\/h2>\n<p>DISPERLITH HYGIENIC is an ECO-label certified, highly vapour-diffusion-open interior paint based on dispersion. Due to its antibacterial and antiviral properties, DISPERLITH HYGIENIC is particularly suitable for rooms where high demands are made on hygiene and health protection due to their use, e.g. in medically relevant areas, doctors\u2019 surgeries, retirement homes, hospitals and laboratories.<\/p>\n<p>The BLUE-BIO.FILM.STOP technology of DISPERLITH HYGIENIC protects the surface of DISPERLITH HYGIENIC against mould, viruses and bacteria.<\/p>\n<p><a href=\"https:\/\/www.fakolith.de\/en\/products\/disperlith-hygienic\/\">&gt; Productpage DISPERLITH HYGIENIC<\/a>[\/vc_column_text][vc_empty_space height=&#8221;10px&#8221;][\/vc_column_inner][vc_column_inner width=&#8221;1\/2&#8243;][vc_empty_space height=&#8221;50px&#8221;][vc_single_image image=&#8221;10172&#8243; onclick=&#8221;link_image&#8221; el_class=&#8221;product-image&#8221; img_hover=&#8221;opacity&#8221;][vc_empty_space height=&#8221;25px&#8221;][vc_column_text]\n<p style=\"text-align: center;\"><img loading=\"lazy\" decoding=\"async\" class=\"alignnone size-full wp-image-2597\" src=\"https:\/\/www.fakolith.de\/wp-content\/uploads\/Innenanwendung.png\" alt=\"\" width=\"75\" height=\"75\" \/>\u00a0 \u00a0\u00a0<img loading=\"lazy\" decoding=\"async\" class=\"alignnone size-full wp-image-2592\" src=\"https:\/\/www.fakolith.de\/wp-content\/uploads\/Deckkraft1.png\" alt=\"\" width=\"75\" height=\"75\" \/>\u00a0 \u00a0\u00a0<img loading=\"lazy\" decoding=\"async\" class=\"alignnone size-full wp-image-2603\" src=\"https:\/\/www.fakolith.de\/wp-content\/uploads\/StreichenRollenSpritzen.png\" alt=\"\" width=\"75\" height=\"75\" \/>\u00a0 \u00a0\u00a0<img loading=\"lazy\" decoding=\"async\" class=\"alignnone size-full wp-image-2616\" src=\"https:\/\/www.fakolith.de\/wp-content\/uploads\/Verarbeitung-10Grad.png\" alt=\"\" width=\"75\" height=\"75\" \/><\/p>\n[\/vc_column_text][vc_empty_space height=&#8221;25px&#8221;][vc_column_text]\n<p style=\"text-align: center;\"><img loading=\"lazy\" decoding=\"async\" class=\"alignnone wp-image-2507\" src=\"https:\/\/www.fakolith.de\/wp-content\/uploads\/CLIP-0163B77A-300x300.jpg\" alt=\"\" width=\"120\" height=\"120\" srcset=\"https:\/\/www.fakolith.de\/wp-content\/uploads\/CLIP-0163B77A-300x300.jpg 300w, https:\/\/www.fakolith.de\/wp-content\/uploads\/CLIP-0163B77A-150x150.jpg 150w, https:\/\/www.fakolith.de\/wp-content\/uploads\/CLIP-0163B77A.jpg 539w\" sizes=\"auto, (max-width: 120px) 100vw, 120px\" \/><\/p>\n[\/vc_column_text][\/vc_column_inner][\/vc_row_inner][vc_separator][vc_column_text css=&#8221;.vc_custom_1635844008990{padding-top: 20px !important;}&#8221;]\n<h2>Precautions<\/h2>\n[\/vc_column_text][vc_column_text css=&#8221;.vc_custom_1635844021455{padding-top: 20px !important;padding-right: 20px !important;}&#8221;]\n<p style=\"text-align: justify;\">Use biocides safely. Read the label and product information before use.<\/p>\n[\/vc_column_text][vc_empty_space height=&#8221;40px&#8221;][vc_separator][vc_column_text css=&#8221;.vc_custom_1645199408624{padding-top: 20px !important;}&#8221;]<div class=\"templatera_shortcode\"><style type=\"text\/css\" data-type=\"vc_shortcodes-custom-css\">.vc_custom_1645196250814{padding-top: 20px !important;}.vc_custom_1646314021278{padding-top: 20px !important;}.vc_custom_1645192763627{padding-top: 20px !important;}.vc_custom_1645195820073{padding-top: 20px !important;}<\/style><div class=\"vc_row wpb_row vc_row-fluid wpex-relative\"><div class=\"wpb_column vc_column_container vc_col-sm-12\"><div class=\"vc_column-inner\"><div class=\"wpb_wrapper\">\n\t<div class=\"wpb_text_column wpb_content_element vc_custom_1645196250814\" >\n\t\t<div class=\"wpb_wrapper\">\n\t\t\t<h2><span  style=\"color:#dd2a1b;margin-right:5px;font-size:28px;\" class=\"wpex-icon\" aria-hidden=\"true\"><svg xmlns=\"http:\/\/www.w3.org\/2000\/svg\" viewBox=\"0 0 576 512\"><path d=\"M290.8 48.6l78.4 29.7L288 109.5 206.8 78.3l78.4-29.7c1.8-.7 3.8-.7 5.7 0zM136 92.5V204.7c-1.3 .4-2.6 .8-3.9 1.3l-96 36.4C14.4 250.6 0 271.5 0 294.7V413.9c0 22.2 13.1 42.3 33.5 51.3l96 42.2c14.4 6.3 30.7 6.3 45.1 0L288 457.5l113.5 49.9c14.4 6.3 30.7 6.3 45.1 0l96-42.2c20.3-8.9 33.5-29.1 33.5-51.3V294.7c0-23.3-14.4-44.1-36.1-52.4l-96-36.4c-1.3-.5-2.6-.9-3.9-1.3V92.5c0-23.3-14.4-44.1-36.1-52.4l-96-36.4c-12.8-4.8-26.9-4.8-39.7 0l-96 36.4C150.4 48.4 136 69.3 136 92.5zM392 210.6l-82.4 31.2V152.6L392 121v89.6zM154.8 250.9l78.4 29.7L152 311.7 70.8 280.6l78.4-29.7c1.8-.7 3.8-.7 5.7 0zm18.8 204.4V354.8L256 323.2v95.9l-82.4 36.2zM421.2 250.9c1.8-.7 3.8-.7 5.7 0l78.4 29.7L424 311.7l-81.2-31.1 78.4-29.7zM523.2 421.2l-77.6 34.1V354.8L528 323.2v90.7c0 3.2-1.9 6-4.8 7.3z\"\/><\/svg><\/span> Ordering, price information and delivery<\/h2>\n\n\t\t<\/div>\n\t<\/div>\n\n\t<div class=\"wpb_text_column wpb_content_element vc_custom_1646314021278\" >\n\t\t<div class=\"wpb_wrapper\">\n\t\t\t<p>Would you like to order our products, do you need price information or an offer? Contact our sales department by telephone or e-mail. We would be happy to name a sales partner for FAKOLITH products in your region.<\/p>\n<p>FAKOLITH Farben \/ Sales<br \/>\nPhone: +49 (0)6253 \/ 23 94 - 23<br \/>\nEmail: <a href=\"mailto:sales@fakolith.de\">sales@fakolith.de<\/a><\/p>\n\n\t\t<\/div>\n\t<\/div>\n\n\t<div class=\"wpb_text_column wpb_content_element vc_custom_1645192763627\" >\n\t\t<div class=\"wpb_wrapper\">\n\t\t\t<h2><span  style=\"color:#dd2a1b;margin-right:5px;font-size:28px;\" class=\"wpex-icon\" aria-hidden=\"true\"><svg xmlns=\"http:\/\/www.w3.org\/2000\/svg\" viewBox=\"0 0 512 512\"><path d=\"M256 512A256 256 0 1 0 256 0a256 256 0 1 0 0 512zM216 336h24V272H216c-13.3 0-24-10.7-24-24s10.7-24 24-24h48c13.3 0 24 10.7 24 24v88h8c13.3 0 24 10.7 24 24s-10.7 24-24 24H216c-13.3 0-24-10.7-24-24s10.7-24 24-24zm40-208a32 32 0 1 1 0 64 32 32 0 1 1 0-64z\"\/><\/svg><\/span> Information and service<\/h2>\n\n\t\t<\/div>\n\t<\/div>\n\n\t<div class=\"wpb_text_column wpb_content_element vc_custom_1645195820073\" >\n\t\t<div class=\"wpb_wrapper\">\n\t\t\t<p>We know our way around mold remediation and the removal of moisture damage. You are a processor and you have questions about product selection, preparation or the use of our FAKOLITH products? Our technical support is at your disposal personally by telephone or e-mail.<\/p>\n<p>FAKOLITH Farben \/ Technical support<br \/>\nPhone: +49 (0)6253 \/ 23 94 - 18<br \/>\nEmail: <a href=\"mailto:technical-support@fakolith.de\">technical-support@fakolith.de<\/a><\/p>\n\n\t\t<\/div>\n\t<\/div>\n<div class=\"vc_empty_space\"   style=\"height: 32px\"><span class=\"vc_empty_space_inner\"><\/span><\/div><\/div><\/div><\/div><\/div><\/div>[\/vc_column_text][\/vc_column][\/vc_row][vc_row visibility=&#8221;hidden&#8221;][vc_column][vc_column_text]<strong>Schlagw\u00f6rter &#8211; Nicht Sichtbar<\/strong><\/p>\n<p>Antimould Package Hygienic, antimold, anti-mould, mold remedy, mould remedy,\u00a0mould remediation, mold remediation[\/vc_column_text][\/vc_column][\/vc_row]\n<\/div>","protected":false},"excerpt":{"rendered":"Anti-Mould Package Hygienic - Anti-Mould Package for 10 m\u00b2 mould remediation with hygienic protection Intended use The Anti-Mould Package Hygienic contains 1 L mould cleaner FAKOLITH FK 12 (chlorine-free), 1 L antifungal solution FAKOLITH FK 14 and 2.5 L DISPERLITH HYGIENIC, the ECO-LABEL-certified interior paint with film protection against mould, virus and bacteria infestation. Also:&hellip;","protected":false},"author":1,"featured_media":10172,"parent":3973,"menu_order":100,"comment_status":"closed","ping_status":"closed","template":"","meta":{"inline_featured_image":false,"footnotes":""},"tags":[],"class_list":["post-4241","page","type-page","status-publish","has-post-thumbnail","hentry","entry","has-media"],"yoast_head":"<!-- This site is optimized with the Yoast SEO Premium plugin v27.4 (Yoast SEO v27.4) - https:\/\/yoast.com\/product\/yoast-seo-premium-wordpress\/ -->\n<title>Anti-Mould Package with film protection<\/title>\n<meta name=\"description\" content=\"Anti-Mould Package with film protection - 3-phase system with cleaner, antifungal remedy and hygienic anti-mould paint for mould remediation\" \/>\n<meta name=\"robots\" content=\"index, follow, max-snippet:-1, max-image-preview:large, max-video-preview:-1\" \/>\n<link rel=\"canonical\" href=\"https:\/\/www.fakolith.de\/en\/products\/anti-mould-package-hygienic\/\" \/>\n<meta property=\"og:locale\" content=\"en_US\" \/>\n<meta property=\"og:type\" content=\"article\" \/>\n<meta property=\"og:title\" content=\"FAKOLITH - Profiprodukte f\u00fcr Schimmelsanierung an Geb\u00e4uden, Hygienebeschichtungen im Gesundheitswesen, FOODGRADE-Produkte in der Lebensmittelindustrie\" \/>\n<meta property=\"og:description\" content=\"FAKOLITH entwickelt und produziert seit \u00fcber 60 Jahren innovative Beschichtungssysteme f\u00fcr professionelle Anwendungen. Heute ist FAKOLITH ein international t\u00e4tiger Hersteller von Qualit\u00e4tsprodukten im Bereich Schimmelschutz und Bautenschutz, Hochwassersch\u00e4den sowie von Farben f\u00fcr das Gesundheitswesen und Beschichtungen f\u00fcr die Lebensmittelindustrie. Die lebensmittelechten FOODGRADE-Produkte, zertifiziert f\u00fcr den Direktkontakt mit Lebensmitteln nach VO (EU) 10\/2011 und FDA 21 CFR 175.300, wurden im Rahmen von internationalen Forschungsprojekten entwickelt und erweitern heute das Produktportfolio der FAKOLITH Gruppe.\" \/>\n<meta property=\"og:url\" content=\"https:\/\/www.fakolith.de\/en\/products\/anti-mould-package-hygienic\/\" \/>\n<meta property=\"og:site_name\" content=\"Fakolith - Schimmelschutz, Bautenschutz, Hygienebeschichtungen\" \/>\n<meta property=\"article:modified_time\" content=\"2025-05-26T09:25:54+00:00\" \/>\n<meta property=\"og:image\" content=\"https:\/\/www.fakolith.de\/wp-content\/uploads\/produktdetail-asp-hygienic.jpg\" \/>\n\t<meta property=\"og:image:width\" content=\"800\" \/>\n\t<meta property=\"og:image:height\" content=\"600\" \/>\n\t<meta property=\"og:image:type\" content=\"image\/jpeg\" \/>\n<meta name=\"twitter:card\" content=\"summary_large_image\" \/>\n<meta name=\"twitter:label1\" content=\"Est. reading time\" \/>\n\t<meta name=\"twitter:data1\" content=\"4 minutes\" \/>\n<script type=\"application\/ld+json\" class=\"yoast-schema-graph\">{\"@context\":\"https:\\\/\\\/schema.org\",\"@graph\":[{\"@type\":\"WebPage\",\"@id\":\"https:\\\/\\\/www.fakolith.de\\\/en\\\/products\\\/anti-mould-package-hygienic\\\/\",\"url\":\"https:\\\/\\\/www.fakolith.de\\\/en\\\/products\\\/anti-mould-package-hygienic\\\/\",\"name\":\"Anti-Mould Package with film protection\",\"isPartOf\":{\"@id\":\"https:\\\/\\\/www.fakolith.de\\\/en\\\/#website\"},\"primaryImageOfPage\":{\"@id\":\"https:\\\/\\\/www.fakolith.de\\\/en\\\/products\\\/anti-mould-package-hygienic\\\/#primaryimage\"},\"image\":{\"@id\":\"https:\\\/\\\/www.fakolith.de\\\/en\\\/products\\\/anti-mould-package-hygienic\\\/#primaryimage\"},\"thumbnailUrl\":\"https:\\\/\\\/www.fakolith.de\\\/wp-content\\\/uploads\\\/produktdetail-asp-hygienic.jpg\",\"datePublished\":\"2021-10-14T15:49:53+00:00\",\"dateModified\":\"2025-05-26T09:25:54+00:00\",\"description\":\"Anti-Mould Package with film protection - 3-phase system with cleaner, antifungal remedy and hygienic anti-mould paint for mould remediation\",\"breadcrumb\":{\"@id\":\"https:\\\/\\\/www.fakolith.de\\\/en\\\/products\\\/anti-mould-package-hygienic\\\/#breadcrumb\"},\"inLanguage\":\"en-US\",\"potentialAction\":[{\"@type\":\"ReadAction\",\"target\":[\"https:\\\/\\\/www.fakolith.de\\\/en\\\/products\\\/anti-mould-package-hygienic\\\/\"]}]},{\"@type\":\"ImageObject\",\"inLanguage\":\"en-US\",\"@id\":\"https:\\\/\\\/www.fakolith.de\\\/en\\\/products\\\/anti-mould-package-hygienic\\\/#primaryimage\",\"url\":\"https:\\\/\\\/www.fakolith.de\\\/wp-content\\\/uploads\\\/produktdetail-asp-hygienic.jpg\",\"contentUrl\":\"https:\\\/\\\/www.fakolith.de\\\/wp-content\\\/uploads\\\/produktdetail-asp-hygienic.jpg\",\"width\":800,\"height\":600,\"caption\":\"Anti Schimmel Paket Hygienic\"},{\"@type\":\"BreadcrumbList\",\"@id\":\"https:\\\/\\\/www.fakolith.de\\\/en\\\/products\\\/anti-mould-package-hygienic\\\/#breadcrumb\",\"itemListElement\":[{\"@type\":\"ListItem\",\"position\":1,\"name\":\"Startseite\",\"item\":\"https:\\\/\\\/www.fakolith.de\\\/en\\\/\"},{\"@type\":\"ListItem\",\"position\":2,\"name\":\"Products\",\"item\":\"https:\\\/\\\/www.fakolith.de\\\/en\\\/products\\\/\"},{\"@type\":\"ListItem\",\"position\":3,\"name\":\"ANTI-MOULD PACKAGE HYGIENIC\"}]},{\"@type\":\"WebSite\",\"@id\":\"https:\\\/\\\/www.fakolith.de\\\/en\\\/#website\",\"url\":\"https:\\\/\\\/www.fakolith.de\\\/en\\\/\",\"name\":\"Fakolith - Schimmelschutz, Bautenschutz, Hygienebeschichtungen\",\"description\":\"\",\"publisher\":{\"@id\":\"https:\\\/\\\/www.fakolith.de\\\/en\\\/#organization\"},\"potentialAction\":[{\"@type\":\"SearchAction\",\"target\":{\"@type\":\"EntryPoint\",\"urlTemplate\":\"https:\\\/\\\/www.fakolith.de\\\/en\\\/?s={search_term_string}\"},\"query-input\":{\"@type\":\"PropertyValueSpecification\",\"valueRequired\":true,\"valueName\":\"search_term_string\"}}],\"inLanguage\":\"en-US\"},{\"@type\":\"Organization\",\"@id\":\"https:\\\/\\\/www.fakolith.de\\\/en\\\/#organization\",\"name\":\"FAKOLITH Farben GmbH\",\"url\":\"https:\\\/\\\/www.fakolith.de\\\/en\\\/\",\"logo\":{\"@type\":\"ImageObject\",\"inLanguage\":\"en-US\",\"@id\":\"https:\\\/\\\/www.fakolith.de\\\/en\\\/#\\\/schema\\\/logo\\\/image\\\/\",\"url\":\"https:\\\/\\\/www.fakolith.de\\\/wp-content\\\/uploads\\\/2021\\\/03\\\/FAKOLITH-Logo.png\",\"contentUrl\":\"https:\\\/\\\/www.fakolith.de\\\/wp-content\\\/uploads\\\/2021\\\/03\\\/FAKOLITH-Logo.png\",\"width\":920,\"height\":185,\"caption\":\"FAKOLITH Farben GmbH\"},\"image\":{\"@id\":\"https:\\\/\\\/www.fakolith.de\\\/en\\\/#\\\/schema\\\/logo\\\/image\\\/\"},\"sameAs\":[\"https:\\\/\\\/de.linkedin.com\\\/company\\\/fakolith-hygienic-paints\",\"https:\\\/\\\/www.youtube.com\\\/channel\\\/UCMZ_L-Ut3xtVeWryvOYjaew\"],\"description\":\"Als Hersteller chemischer Produkte produziert FAKOLITH alle Produkte in Deutschland und Spanien. Gemeinsam mit der spanischen Tochterfirma FAKOLITH CHEMICAL SYSTEMS ist FAKOLITH seit 2006 nach dem Qualit\u00e4tsmanagementsystem DIN EN ISO 9001:2015 zertifiziert.\",\"email\":\"info@fakolith.de\",\"telephone\":\"+49 (0)6253 \\\/ 2394-0\",\"legalName\":\"FAKOLITH Farben GmbH\",\"vatID\":\"DE 111629099\",\"numberOfEmployees\":{\"@type\":\"QuantitativeValue\",\"minValue\":\"11\",\"maxValue\":\"50\"}}]}<\/script>\n<!-- \/ Yoast SEO Premium plugin. -->","yoast_head_json":{"title":"Anti-Mould Package with film protection","description":"Anti-Mould Package with film protection - 3-phase system with cleaner, antifungal remedy and hygienic anti-mould paint for mould remediation","robots":{"index":"index","follow":"follow","max-snippet":"max-snippet:-1","max-image-preview":"max-image-preview:large","max-video-preview":"max-video-preview:-1"},"canonical":"https:\/\/www.fakolith.de\/en\/products\/anti-mould-package-hygienic\/","og_locale":"en_US","og_type":"article","og_title":"FAKOLITH - Profiprodukte f\u00fcr Schimmelsanierung an Geb\u00e4uden, Hygienebeschichtungen im Gesundheitswesen, FOODGRADE-Produkte in der Lebensmittelindustrie","og_description":"FAKOLITH entwickelt und produziert seit \u00fcber 60 Jahren innovative Beschichtungssysteme f\u00fcr professionelle Anwendungen. Heute ist FAKOLITH ein international t\u00e4tiger Hersteller von Qualit\u00e4tsprodukten im Bereich Schimmelschutz und Bautenschutz, Hochwassersch\u00e4den sowie von Farben f\u00fcr das Gesundheitswesen und Beschichtungen f\u00fcr die Lebensmittelindustrie. Die lebensmittelechten FOODGRADE-Produkte, zertifiziert f\u00fcr den Direktkontakt mit Lebensmitteln nach VO (EU) 10\/2011 und FDA 21 CFR 175.300, wurden im Rahmen von internationalen Forschungsprojekten entwickelt und erweitern heute das Produktportfolio der FAKOLITH Gruppe.","og_url":"https:\/\/www.fakolith.de\/en\/products\/anti-mould-package-hygienic\/","og_site_name":"Fakolith - Schimmelschutz, Bautenschutz, Hygienebeschichtungen","article_modified_time":"2025-05-26T09:25:54+00:00","og_image":[{"width":800,"height":600,"url":"https:\/\/www.fakolith.de\/wp-content\/uploads\/produktdetail-asp-hygienic.jpg","type":"image\/jpeg"}],"twitter_card":"summary_large_image","twitter_misc":{"Est. reading time":"4 minutes"},"schema":{"@context":"https:\/\/schema.org","@graph":[{"@type":"WebPage","@id":"https:\/\/www.fakolith.de\/en\/products\/anti-mould-package-hygienic\/","url":"https:\/\/www.fakolith.de\/en\/products\/anti-mould-package-hygienic\/","name":"Anti-Mould Package with film protection","isPartOf":{"@id":"https:\/\/www.fakolith.de\/en\/#website"},"primaryImageOfPage":{"@id":"https:\/\/www.fakolith.de\/en\/products\/anti-mould-package-hygienic\/#primaryimage"},"image":{"@id":"https:\/\/www.fakolith.de\/en\/products\/anti-mould-package-hygienic\/#primaryimage"},"thumbnailUrl":"https:\/\/www.fakolith.de\/wp-content\/uploads\/produktdetail-asp-hygienic.jpg","datePublished":"2021-10-14T15:49:53+00:00","dateModified":"2025-05-26T09:25:54+00:00","description":"Anti-Mould Package with film protection - 3-phase system with cleaner, antifungal remedy and hygienic anti-mould paint for mould remediation","breadcrumb":{"@id":"https:\/\/www.fakolith.de\/en\/products\/anti-mould-package-hygienic\/#breadcrumb"},"inLanguage":"en-US","potentialAction":[{"@type":"ReadAction","target":["https:\/\/www.fakolith.de\/en\/products\/anti-mould-package-hygienic\/"]}]},{"@type":"ImageObject","inLanguage":"en-US","@id":"https:\/\/www.fakolith.de\/en\/products\/anti-mould-package-hygienic\/#primaryimage","url":"https:\/\/www.fakolith.de\/wp-content\/uploads\/produktdetail-asp-hygienic.jpg","contentUrl":"https:\/\/www.fakolith.de\/wp-content\/uploads\/produktdetail-asp-hygienic.jpg","width":800,"height":600,"caption":"Anti Schimmel Paket Hygienic"},{"@type":"BreadcrumbList","@id":"https:\/\/www.fakolith.de\/en\/products\/anti-mould-package-hygienic\/#breadcrumb","itemListElement":[{"@type":"ListItem","position":1,"name":"Startseite","item":"https:\/\/www.fakolith.de\/en\/"},{"@type":"ListItem","position":2,"name":"Products","item":"https:\/\/www.fakolith.de\/en\/products\/"},{"@type":"ListItem","position":3,"name":"ANTI-MOULD PACKAGE HYGIENIC"}]},{"@type":"WebSite","@id":"https:\/\/www.fakolith.de\/en\/#website","url":"https:\/\/www.fakolith.de\/en\/","name":"Fakolith - Schimmelschutz, Bautenschutz, Hygienebeschichtungen","description":"","publisher":{"@id":"https:\/\/www.fakolith.de\/en\/#organization"},"potentialAction":[{"@type":"SearchAction","target":{"@type":"EntryPoint","urlTemplate":"https:\/\/www.fakolith.de\/en\/?s={search_term_string}"},"query-input":{"@type":"PropertyValueSpecification","valueRequired":true,"valueName":"search_term_string"}}],"inLanguage":"en-US"},{"@type":"Organization","@id":"https:\/\/www.fakolith.de\/en\/#organization","name":"FAKOLITH Farben GmbH","url":"https:\/\/www.fakolith.de\/en\/","logo":{"@type":"ImageObject","inLanguage":"en-US","@id":"https:\/\/www.fakolith.de\/en\/#\/schema\/logo\/image\/","url":"https:\/\/www.fakolith.de\/wp-content\/uploads\/2021\/03\/FAKOLITH-Logo.png","contentUrl":"https:\/\/www.fakolith.de\/wp-content\/uploads\/2021\/03\/FAKOLITH-Logo.png","width":920,"height":185,"caption":"FAKOLITH Farben GmbH"},"image":{"@id":"https:\/\/www.fakolith.de\/en\/#\/schema\/logo\/image\/"},"sameAs":["https:\/\/de.linkedin.com\/company\/fakolith-hygienic-paints","https:\/\/www.youtube.com\/channel\/UCMZ_L-Ut3xtVeWryvOYjaew"],"description":"Als Hersteller chemischer Produkte produziert FAKOLITH alle Produkte in Deutschland und Spanien. Gemeinsam mit der spanischen Tochterfirma FAKOLITH CHEMICAL SYSTEMS ist FAKOLITH seit 2006 nach dem Qualit\u00e4tsmanagementsystem DIN EN ISO 9001:2015 zertifiziert.","email":"info@fakolith.de","telephone":"+49 (0)6253 \/ 2394-0","legalName":"FAKOLITH Farben GmbH","vatID":"DE 111629099","numberOfEmployees":{"@type":"QuantitativeValue","minValue":"11","maxValue":"50"}}]}},"_links":{"self":[{"href":"https:\/\/www.fakolith.de\/en\/wp-json\/wp\/v2\/pages\/4241","targetHints":{"allow":["GET"]}}],"collection":[{"href":"https:\/\/www.fakolith.de\/en\/wp-json\/wp\/v2\/pages"}],"about":[{"href":"https:\/\/www.fakolith.de\/en\/wp-json\/wp\/v2\/types\/page"}],"author":[{"embeddable":true,"href":"https:\/\/www.fakolith.de\/en\/wp-json\/wp\/v2\/users\/1"}],"replies":[{"embeddable":true,"href":"https:\/\/www.fakolith.de\/en\/wp-json\/wp\/v2\/comments?post=4241"}],"version-history":[{"count":1,"href":"https:\/\/www.fakolith.de\/en\/wp-json\/wp\/v2\/pages\/4241\/revisions"}],"predecessor-version":[{"id":10265,"href":"https:\/\/www.fakolith.de\/en\/wp-json\/wp\/v2\/pages\/4241\/revisions\/10265"}],"up":[{"embeddable":true,"href":"https:\/\/www.fakolith.de\/en\/wp-json\/wp\/v2\/pages\/3973"}],"wp:featuredmedia":[{"embeddable":true,"href":"https:\/\/www.fakolith.de\/en\/wp-json\/wp\/v2\/media\/10172"}],"wp:attachment":[{"href":"https:\/\/www.fakolith.de\/en\/wp-json\/wp\/v2\/media?parent=4241"}],"wp:term":[{"taxonomy":"post_tag","embeddable":true,"href":"https:\/\/www.fakolith.de\/en\/wp-json\/wp\/v2\/tags?post=4241"}],"curies":[{"name":"wp","href":"https:\/\/api.w.org\/{rel}","templated":true}]}}