{"id":4332,"date":"2021-10-18T18:37:07","date_gmt":"2021-10-18T16:37:07","guid":{"rendered":"https:\/\/www.fakolith.de\/?page_id=4332"},"modified":"2025-05-26T11:24:50","modified_gmt":"2025-05-26T09:24:50","slug":"anti-mould-package-mini","status":"publish","type":"page","link":"https:\/\/www.fakolith.de\/en\/products\/anti-mould-package-mini\/","title":{"rendered":"ANTI-MOULD PACKAGE MINI"},"content":{"rendered":"<div class=\"wpb-content-wrapper\">[vc_row full_width=&#8221;stretch_row_content_no_spaces&#8221; css=&#8221;.vc_custom_1617288255146{margin-bottom: 0px !important;padding-bottom: 0px !important;}&#8221;][vc_column css=&#8221;.vc_custom_1617288267876{margin-bottom: 0px !important;padding-bottom: 0px !important;}&#8221;][vc_single_image image=&#8221;3211&#8243; img_size=&#8221;2500x350px&#8221;][\/vc_column][\/vc_row][vc_row][vc_column][vc_column_text css=&#8221;.vc_custom_1635842991725{padding-top: 20px !important;}&#8221;]\n<h1>Anti-Mould Package Mini &#8211; Anti-Mould Package for 5 m\u00b2 mould remediation in the living area<\/h1>\n[\/vc_column_text][vc_column_text css=&#8221;.vc_custom_1635843003627{padding-top: 20px !important;}&#8221;]\n<h2 style=\"text-align: left;\">Intended use<\/h2>\n[\/vc_column_text][vc_column_text css=&#8221;.vc_custom_1635843019115{padding-top: 20px !important;}&#8221;]\n<p style=\"text-align: justify;\">The Anti-Mould Package MINI contains 500 ml mould cleaner FAKOLITH FK 12 (chlorine-free), 500 ml antifungal solution FAKOLITH FK 14 and 1.25 L FAKOLITH FK 5 pure acrylic paint with film protection against mould, virus and bacteria infestation. Also: protective mask, gloves, sponge. All packed in a practical work bucket, sufficient for 5 m\u00b2 mould remediation in living areas.<\/p>\n[\/vc_column_text][vc_empty_space height=&#8221;40px&#8221;][vc_separator][vc_row_inner][vc_column_inner width=&#8221;1\/2&#8243;][vc_column_text css=&#8221;.vc_custom_1635843035958{padding-top: 20px !important;}&#8221;]\n<h2 style=\"text-align: left;\">Processing<\/h2>\n[\/vc_column_text][vc_column_text css=&#8221;.vc_custom_1635843070524{padding-top: 20px !important;}&#8221;]\n<ul>\n<li>Clean the substrate with FAKOLITH FK 12 and soften the cell wall of the fungal mycelium<\/li>\n<li>Paint, roll, spray FAKOLITH FK 14 and destroy the fungal mycelium in the substrate<\/li>\n<li>Paint, roll, spray a prophylactic paint film with protection against mould, viruses and bacteria with FAKOLITH FK 5<\/li>\n<\/ul>\n[\/vc_column_text][vc_column_text css=&#8221;.vc_custom_1635843086342{padding-top: 20px !important;}&#8221;]\n<h2 style=\"text-align: left;\">Container sizes \/ properties<\/h2>\n[\/vc_column_text][vc_column_text css=&#8221;.vc_custom_1635843102357{padding-top: 20px !important;}&#8221;]<span lang=\"en-US\">VE = bucket with each<\/span>[\/vc_column_text][vc_column_text css=&#8221;.vc_custom_1644415727718{padding-top: 20px !important;}&#8221;]\n<ul>\n<li>500 ml FAKOLITH FK 12 Cleaner<\/li>\n<li>500 ml FAKOLITH FK 14 Antifungal solution<\/li>\n<li>1.25 L FAKOLITH FK 5 Anti-mould paint<\/li>\n<\/ul>\n[\/vc_column_text][vc_column_text css=&#8221;.vc_custom_1635843158044{padding-top: 20px !important;}&#8221;]For 5 m\u00b2 mould remediation in the living area[\/vc_column_text][vc_column_text css=&#8221;.vc_custom_1639417079682{padding-top: 20px !important;}&#8221;]\n<h2>FAKOLITH FK 12 \u2013 Cleaner for the treatment of substrates infested with mould, bacteria, algae and moss<\/h2>\n<p>Acidic cleaning concentrate for cleaning substrates affected by mould, bacteria, algae and green coatings as well as for dissolving salts harmful to the building from the front masonry. Limescale remover with a broad spectrum of action. FAKOLITH FK 12 MICRO-CLEANER is suitable for indoor and outdoor use, neutralises odours and delays the formation of new bacteria.<\/p>\n<p><a href=\"https:\/\/www.fakolith.de\/en\/products\/fakolith-fk-12\/\">&gt; Productdetails FK 12<\/a><\/p>\n<h2>FAKOLITH FK 14 &#8211; Anti-fungal substrate remediation for mould, bacteria and algae infestation<\/h2>\n<p>Aqueous, odourless antifungal solution for reliable sanitation of the substrate in case of deep-seated bacteria, germs, spores, fungi, yeasts and algae. FAKOLITH FK 14 is suitable for indoor and outdoor use.<\/p>\n<p><a href=\"https:\/\/www.fakolith.de\/en\/products\/fakolith-fk-14\/\">&gt; Productdetails FK 14<\/a><\/p>\n<h2>FAKOLITH FK 5 &#8211; Living room paint with film protection against mould, virus and bacteria infestation<\/h2>\n<p>Vapor diffusion-open pure acrylic dispersion paint with BLUE-BIO.FILM.STOP technology. Especially recommended for ceilings and walls in living and sanitary areas as well as storage rooms in the food industry. The modern BLUEBIO.FILM.STOP technology protects the paint film against the infestation of mold and bacteria.<\/p>\n<p><a href=\"https:\/\/www.fakolith.de\/en\/products\/fakolith-fk-5\/\">&gt; Productpage FK 5<\/a>[\/vc_column_text][vc_empty_space height=&#8221;10px&#8221;][\/vc_column_inner][vc_column_inner width=&#8221;1\/2&#8243;][vc_empty_space height=&#8221;50px&#8221;][vc_single_image image=&#8221;10176&#8243; onclick=&#8221;link_image&#8221; el_class=&#8221;product-image&#8221; img_hover=&#8221;opacity&#8221;][vc_empty_space height=&#8221;25px&#8221;][vc_column_text]\n<p style=\"text-align: center;\"><img decoding=\"async\" class=\"alignnone size-full wp-image-2597\" src=\"https:\/\/www.fakolith.de\/wp-content\/uploads\/Innenanwendung.png\" alt=\"\" width=\"75\" height=\"75\" \/>\u00a0 \u00a0\u00a0<img decoding=\"async\" class=\"alignnone size-full wp-image-2627\" src=\"https:\/\/www.fakolith.de\/wp-content\/uploads\/Deckkraft1.png\" alt=\"\" width=\"75\" height=\"75\" \/>\u00a0 \u00a0\u00a0<img decoding=\"async\" class=\"alignnone size-full wp-image-2594\" src=\"https:\/\/www.fakolith.de\/wp-content\/uploads\/Feuchtraumgeeignet1.png\" alt=\"\" width=\"75\" height=\"75\" \/>\u00a0 \u00a0\u00a0<img decoding=\"async\" class=\"alignnone size-full wp-image-2603\" src=\"https:\/\/www.fakolith.de\/wp-content\/uploads\/StreichenRollenSpritzen.png\" alt=\"\" width=\"75\" height=\"75\" \/>\u00a0 \u00a0\u00a0<img decoding=\"async\" class=\"alignnone size-full wp-image-2616\" src=\"https:\/\/www.fakolith.de\/wp-content\/uploads\/Verarbeitung-10Grad.png\" alt=\"\" width=\"75\" height=\"75\" \/><\/p>\n[\/vc_column_text][\/vc_column_inner][\/vc_row_inner][vc_separator][vc_column_text css=&#8221;.vc_custom_1635843169020{padding-top: 20px !important;}&#8221;]\n<h2>Precautions<\/h2>\n[\/vc_column_text][vc_column_text css=&#8221;.vc_custom_1635843181060{padding-top: 20px !important;padding-right: 20px !important;}&#8221;]\n<p style=\"text-align: justify;\">Use biocides safely. Read the label and product information before use.<\/p>\n[\/vc_column_text][vc_empty_space height=&#8221;40px&#8221;][vc_separator][vc_column_text css=&#8221;.vc_custom_1645199487200{padding-top: 20px !important;}&#8221;]<div class=\"templatera_shortcode\"><style type=\"text\/css\" data-type=\"vc_shortcodes-custom-css\">.vc_custom_1645196250814{padding-top: 20px !important;}.vc_custom_1646314021278{padding-top: 20px !important;}.vc_custom_1645192763627{padding-top: 20px !important;}.vc_custom_1645195820073{padding-top: 20px !important;}<\/style>[vc_row][vc_column][vc_column_text css=\".vc_custom_1645196250814{padding-top: 20px !important;}\"]\r\n<h2><span class=\"ticon ticon-cubes\" aria-hidden=\"true\" style=\"color:#dd2a1b;margin-right:5px;font-size:28px;\"><\/span> Ordering, price information and delivery<\/h2>\r\n[\/vc_column_text][vc_column_text css=\".vc_custom_1646314021278{padding-top: 20px !important;}\"]Would you like to order our products, do you need price information or an offer? Contact our sales department by telephone or e-mail. We would be happy to name a sales partner for FAKOLITH products in your region.\r\n\r\nFAKOLITH Farben \/ Sales\r\nPhone: +49 (0)6253 \/ 23 94 - 23\r\nEmail: <a href=\"mailto:sales@fakolith.de\">sales@fakolith.de<\/a>[\/vc_column_text][vc_column_text css=\".vc_custom_1645192763627{padding-top: 20px !important;}\"]\r\n<h2><span class=\"ticon ticon-info-circle\" aria-hidden=\"true\" style=\"color:#dd2a1b;margin-right:5px;font-size:28px;\"><\/span> Information and service<\/h2>\r\n[\/vc_column_text][vc_column_text css=\".vc_custom_1645195820073{padding-top: 20px !important;}\"]We know our way around mold remediation and the removal of moisture damage. You are a processor and you have questions about product selection, preparation or the use of our FAKOLITH products? Our technical support is at your disposal personally by telephone or e-mail.\r\n\r\nFAKOLITH Farben \/ Technical support\r\nPhone: +49 (0)6253 \/ 23 94 - 18\r\nEmail: <a href=\"mailto:technical-support@fakolith.de\">technical-support@fakolith.de<\/a>[\/vc_column_text][vc_empty_space][\/vc_column][\/vc_row]<\/div>[\/vc_column_text][\/vc_column][\/vc_row][vc_row visibility=&#8221;hidden&#8221;][vc_column][vc_column_text]<strong>Schlagw\u00f6rter &#8211; Nicht Sichtbar<\/strong><\/p>\n<p>Antimould Package, antimold, anti-mould, mold remedy, mould remedy, mould remediation, mold remediation, antifigal, film protection[\/vc_column_text][\/vc_column][\/vc_row]\n<\/div>","protected":false},"excerpt":{"rendered":"<p>[vc_row full_width=&#8221;stretch_row_content_no_spaces&#8221; css=&#8221;.vc_custom_1617288255146{margin-bottom: 0px !important;padding-bottom: 0px !important;}&#8221;][vc_column css=&#8221;.vc_custom_1617288267876{margin-bottom: 0px !important;padding-bottom: 0px !important;}&#8221;][vc_single_image image=&#8221;3211&#8243; img_size=&#8221;2500x350px&#8221;][\/vc_column][\/vc_row][vc_row][vc_column][vc_column_text css=&#8221;.vc_custom_1635842991725{padding-top: 20px !important;}&#8221;] Anti-Mould Package Mini &#8211; Anti-Mould Package for 5 m\u00b2 mould remediation in the living area [\/vc_column_text][vc_column_text css=&#8221;.vc_custom_1635843003627{padding-top: 20px !important;}&#8221;] Intended use [\/vc_column_text][vc_column_text css=&#8221;.vc_custom_1635843019115{padding-top: 20px !important;}&#8221;] The Anti-Mould Package MINI contains 500 ml mould cleaner FAKOLITH FK 12 (chlorine-free),&hellip;<\/p>\n","protected":false},"author":1,"featured_media":10176,"parent":3973,"menu_order":109,"comment_status":"closed","ping_status":"closed","template":"","meta":{"footnotes":""},"tags":[],"class_list":["post-4332","page","type-page","status-publish","has-post-thumbnail","hentry","entry","has-media"],"yoast_head":"<!-- This site is optimized with the Yoast SEO Premium plugin v23.6 (Yoast SEO v27.3) - https:\/\/yoast.com\/product\/yoast-seo-premium-wordpress\/ -->\n<title>Anti-Mould Package Mini for 5 m\u00b2 in living areas<\/title>\n<meta name=\"description\" content=\"Anti-Mould Package Mini for 5 m\u00b2 mould remediation in the living area. Contains Cleaner, anti-fungal substrate and living room paint\" \/>\n<meta name=\"robots\" content=\"index, follow, max-snippet:-1, max-image-preview:large, max-video-preview:-1\" \/>\n<link rel=\"canonical\" href=\"https:\/\/www.fakolith.de\/en\/products\/anti-mould-package-mini\/\" \/>\n<meta property=\"og:locale\" content=\"en_US\" \/>\n<meta property=\"og:type\" content=\"article\" \/>\n<meta property=\"og:title\" content=\"FAKOLITH - Profiprodukte f\u00fcr Schimmelsanierung an Geb\u00e4uden, Hygienebeschichtungen im Gesundheitswesen, FOODGRADE-Produkte in der Lebensmittelindustrie\" \/>\n<meta property=\"og:description\" content=\"FAKOLITH entwickelt und produziert seit \u00fcber 60 Jahren innovative Beschichtungssysteme f\u00fcr professionelle Anwendungen. Heute ist FAKOLITH ein international t\u00e4tiger Hersteller von Qualit\u00e4tsprodukten im Bereich Schimmelschutz und Bautenschutz, Hochwassersch\u00e4den sowie von Farben f\u00fcr das Gesundheitswesen und Beschichtungen f\u00fcr die Lebensmittelindustrie. Die lebensmittelechten FOODGRADE-Produkte, zertifiziert f\u00fcr den Direktkontakt mit Lebensmitteln nach VO (EU) 10\/2011 und FDA 21 CFR 175.300, wurden im Rahmen von internationalen Forschungsprojekten entwickelt und erweitern heute das Produktportfolio der FAKOLITH Gruppe.\" \/>\n<meta property=\"og:url\" content=\"https:\/\/www.fakolith.de\/en\/products\/anti-mould-package-mini\/\" \/>\n<meta property=\"og:site_name\" content=\"Fakolith - Schimmelschutz, Bautenschutz, Hygienebeschichtungen\" \/>\n<meta property=\"article:modified_time\" content=\"2025-05-26T09:24:50+00:00\" \/>\n<meta property=\"og:image\" content=\"https:\/\/www.fakolith.de\/wp-content\/uploads\/produktdetail-asp-mini.jpg\" \/>\n\t<meta property=\"og:image:width\" content=\"800\" \/>\n\t<meta property=\"og:image:height\" content=\"600\" \/>\n\t<meta property=\"og:image:type\" content=\"image\/jpeg\" \/>\n<meta name=\"twitter:card\" content=\"summary_large_image\" \/>\n<meta name=\"twitter:label1\" content=\"Est. reading time\" \/>\n\t<meta name=\"twitter:data1\" content=\"4 minutes\" \/>\n<script type=\"application\/ld+json\" class=\"yoast-schema-graph\">{\"@context\":\"https:\\\/\\\/schema.org\",\"@graph\":[{\"@type\":\"WebPage\",\"@id\":\"https:\\\/\\\/www.fakolith.de\\\/en\\\/products\\\/anti-mould-package-mini\\\/\",\"url\":\"https:\\\/\\\/www.fakolith.de\\\/en\\\/products\\\/anti-mould-package-mini\\\/\",\"name\":\"Anti-Mould Package Mini for 5 m\u00b2 in living areas\",\"isPartOf\":{\"@id\":\"https:\\\/\\\/www.fakolith.de\\\/#website\"},\"primaryImageOfPage\":{\"@id\":\"https:\\\/\\\/www.fakolith.de\\\/en\\\/products\\\/anti-mould-package-mini\\\/#primaryimage\"},\"image\":{\"@id\":\"https:\\\/\\\/www.fakolith.de\\\/en\\\/products\\\/anti-mould-package-mini\\\/#primaryimage\"},\"thumbnailUrl\":\"https:\\\/\\\/www.fakolith.de\\\/wp-content\\\/uploads\\\/produktdetail-asp-mini.jpg\",\"datePublished\":\"2021-10-18T16:37:07+00:00\",\"dateModified\":\"2025-05-26T09:24:50+00:00\",\"description\":\"Anti-Mould Package Mini for 5 m\u00b2 mould remediation in the living area. Contains Cleaner, anti-fungal substrate and living room paint\",\"breadcrumb\":{\"@id\":\"https:\\\/\\\/www.fakolith.de\\\/en\\\/products\\\/anti-mould-package-mini\\\/#breadcrumb\"},\"inLanguage\":\"en-US\",\"potentialAction\":[{\"@type\":\"ReadAction\",\"target\":[\"https:\\\/\\\/www.fakolith.de\\\/en\\\/products\\\/anti-mould-package-mini\\\/\"]}]},{\"@type\":\"ImageObject\",\"inLanguage\":\"en-US\",\"@id\":\"https:\\\/\\\/www.fakolith.de\\\/en\\\/products\\\/anti-mould-package-mini\\\/#primaryimage\",\"url\":\"https:\\\/\\\/www.fakolith.de\\\/wp-content\\\/uploads\\\/produktdetail-asp-mini.jpg\",\"contentUrl\":\"https:\\\/\\\/www.fakolith.de\\\/wp-content\\\/uploads\\\/produktdetail-asp-mini.jpg\",\"width\":800,\"height\":600,\"caption\":\"Anti Schimmel Paket Mini\"},{\"@type\":\"BreadcrumbList\",\"@id\":\"https:\\\/\\\/www.fakolith.de\\\/en\\\/products\\\/anti-mould-package-mini\\\/#breadcrumb\",\"itemListElement\":[{\"@type\":\"ListItem\",\"position\":1,\"name\":\"Startseite\",\"item\":\"https:\\\/\\\/www.fakolith.de\\\/en\\\/\"},{\"@type\":\"ListItem\",\"position\":2,\"name\":\"Products\",\"item\":\"https:\\\/\\\/www.fakolith.de\\\/en\\\/products\\\/\"},{\"@type\":\"ListItem\",\"position\":3,\"name\":\"ANTI-MOULD PACKAGE MINI\"}]},{\"@type\":\"WebSite\",\"@id\":\"https:\\\/\\\/www.fakolith.de\\\/#website\",\"url\":\"https:\\\/\\\/www.fakolith.de\\\/\",\"name\":\"Fakolith - Schimmelschutz, Bautenschutz, Hygienebeschichtungen\",\"description\":\"\",\"publisher\":{\"@id\":\"https:\\\/\\\/www.fakolith.de\\\/#organization\"},\"potentialAction\":[{\"@type\":\"SearchAction\",\"target\":{\"@type\":\"EntryPoint\",\"urlTemplate\":\"https:\\\/\\\/www.fakolith.de\\\/?s={search_term_string}\"},\"query-input\":{\"@type\":\"PropertyValueSpecification\",\"valueRequired\":true,\"valueName\":\"search_term_string\"}}],\"inLanguage\":\"en-US\"},{\"@type\":\"Organization\",\"@id\":\"https:\\\/\\\/www.fakolith.de\\\/#organization\",\"name\":\"FAKOLITH Farben GmbH\",\"url\":\"https:\\\/\\\/www.fakolith.de\\\/\",\"logo\":{\"@type\":\"ImageObject\",\"inLanguage\":\"en-US\",\"@id\":\"https:\\\/\\\/www.fakolith.de\\\/#\\\/schema\\\/logo\\\/image\\\/\",\"url\":\"https:\\\/\\\/www.fakolith.de\\\/wp-content\\\/uploads\\\/2021\\\/03\\\/FAKOLITH-Logo.png\",\"contentUrl\":\"https:\\\/\\\/www.fakolith.de\\\/wp-content\\\/uploads\\\/2021\\\/03\\\/FAKOLITH-Logo.png\",\"width\":920,\"height\":185,\"caption\":\"FAKOLITH Farben GmbH\"},\"image\":{\"@id\":\"https:\\\/\\\/www.fakolith.de\\\/#\\\/schema\\\/logo\\\/image\\\/\"},\"sameAs\":[\"https:\\\/\\\/de.linkedin.com\\\/company\\\/fakolith-hygienic-paints\",\"https:\\\/\\\/www.youtube.com\\\/channel\\\/UCMZ_L-Ut3xtVeWryvOYjaew\"]}]}<\/script>\n<!-- \/ Yoast SEO Premium plugin. -->","yoast_head_json":{"title":"Anti-Mould Package Mini for 5 m\u00b2 in living areas","description":"Anti-Mould Package Mini for 5 m\u00b2 mould remediation in the living area. Contains Cleaner, anti-fungal substrate and living room paint","robots":{"index":"index","follow":"follow","max-snippet":"max-snippet:-1","max-image-preview":"max-image-preview:large","max-video-preview":"max-video-preview:-1"},"canonical":"https:\/\/www.fakolith.de\/en\/products\/anti-mould-package-mini\/","og_locale":"en_US","og_type":"article","og_title":"FAKOLITH - Profiprodukte f\u00fcr Schimmelsanierung an Geb\u00e4uden, Hygienebeschichtungen im Gesundheitswesen, FOODGRADE-Produkte in der Lebensmittelindustrie","og_description":"FAKOLITH entwickelt und produziert seit \u00fcber 60 Jahren innovative Beschichtungssysteme f\u00fcr professionelle Anwendungen. Heute ist FAKOLITH ein international t\u00e4tiger Hersteller von Qualit\u00e4tsprodukten im Bereich Schimmelschutz und Bautenschutz, Hochwassersch\u00e4den sowie von Farben f\u00fcr das Gesundheitswesen und Beschichtungen f\u00fcr die Lebensmittelindustrie. Die lebensmittelechten FOODGRADE-Produkte, zertifiziert f\u00fcr den Direktkontakt mit Lebensmitteln nach VO (EU) 10\/2011 und FDA 21 CFR 175.300, wurden im Rahmen von internationalen Forschungsprojekten entwickelt und erweitern heute das Produktportfolio der FAKOLITH Gruppe.","og_url":"https:\/\/www.fakolith.de\/en\/products\/anti-mould-package-mini\/","og_site_name":"Fakolith - Schimmelschutz, Bautenschutz, Hygienebeschichtungen","article_modified_time":"2025-05-26T09:24:50+00:00","og_image":[{"width":800,"height":600,"url":"https:\/\/www.fakolith.de\/wp-content\/uploads\/produktdetail-asp-mini.jpg","type":"image\/jpeg"}],"twitter_card":"summary_large_image","twitter_misc":{"Est. reading time":"4 minutes"},"schema":{"@context":"https:\/\/schema.org","@graph":[{"@type":"WebPage","@id":"https:\/\/www.fakolith.de\/en\/products\/anti-mould-package-mini\/","url":"https:\/\/www.fakolith.de\/en\/products\/anti-mould-package-mini\/","name":"Anti-Mould Package Mini for 5 m\u00b2 in living areas","isPartOf":{"@id":"https:\/\/www.fakolith.de\/#website"},"primaryImageOfPage":{"@id":"https:\/\/www.fakolith.de\/en\/products\/anti-mould-package-mini\/#primaryimage"},"image":{"@id":"https:\/\/www.fakolith.de\/en\/products\/anti-mould-package-mini\/#primaryimage"},"thumbnailUrl":"https:\/\/www.fakolith.de\/wp-content\/uploads\/produktdetail-asp-mini.jpg","datePublished":"2021-10-18T16:37:07+00:00","dateModified":"2025-05-26T09:24:50+00:00","description":"Anti-Mould Package Mini for 5 m\u00b2 mould remediation in the living area. Contains Cleaner, anti-fungal substrate and living room paint","breadcrumb":{"@id":"https:\/\/www.fakolith.de\/en\/products\/anti-mould-package-mini\/#breadcrumb"},"inLanguage":"en-US","potentialAction":[{"@type":"ReadAction","target":["https:\/\/www.fakolith.de\/en\/products\/anti-mould-package-mini\/"]}]},{"@type":"ImageObject","inLanguage":"en-US","@id":"https:\/\/www.fakolith.de\/en\/products\/anti-mould-package-mini\/#primaryimage","url":"https:\/\/www.fakolith.de\/wp-content\/uploads\/produktdetail-asp-mini.jpg","contentUrl":"https:\/\/www.fakolith.de\/wp-content\/uploads\/produktdetail-asp-mini.jpg","width":800,"height":600,"caption":"Anti Schimmel Paket Mini"},{"@type":"BreadcrumbList","@id":"https:\/\/www.fakolith.de\/en\/products\/anti-mould-package-mini\/#breadcrumb","itemListElement":[{"@type":"ListItem","position":1,"name":"Startseite","item":"https:\/\/www.fakolith.de\/en\/"},{"@type":"ListItem","position":2,"name":"Products","item":"https:\/\/www.fakolith.de\/en\/products\/"},{"@type":"ListItem","position":3,"name":"ANTI-MOULD PACKAGE MINI"}]},{"@type":"WebSite","@id":"https:\/\/www.fakolith.de\/#website","url":"https:\/\/www.fakolith.de\/","name":"Fakolith - Schimmelschutz, Bautenschutz, Hygienebeschichtungen","description":"","publisher":{"@id":"https:\/\/www.fakolith.de\/#organization"},"potentialAction":[{"@type":"SearchAction","target":{"@type":"EntryPoint","urlTemplate":"https:\/\/www.fakolith.de\/?s={search_term_string}"},"query-input":{"@type":"PropertyValueSpecification","valueRequired":true,"valueName":"search_term_string"}}],"inLanguage":"en-US"},{"@type":"Organization","@id":"https:\/\/www.fakolith.de\/#organization","name":"FAKOLITH Farben GmbH","url":"https:\/\/www.fakolith.de\/","logo":{"@type":"ImageObject","inLanguage":"en-US","@id":"https:\/\/www.fakolith.de\/#\/schema\/logo\/image\/","url":"https:\/\/www.fakolith.de\/wp-content\/uploads\/2021\/03\/FAKOLITH-Logo.png","contentUrl":"https:\/\/www.fakolith.de\/wp-content\/uploads\/2021\/03\/FAKOLITH-Logo.png","width":920,"height":185,"caption":"FAKOLITH Farben GmbH"},"image":{"@id":"https:\/\/www.fakolith.de\/#\/schema\/logo\/image\/"},"sameAs":["https:\/\/de.linkedin.com\/company\/fakolith-hygienic-paints","https:\/\/www.youtube.com\/channel\/UCMZ_L-Ut3xtVeWryvOYjaew"]}]}},"_links":{"self":[{"href":"https:\/\/www.fakolith.de\/en\/wp-json\/wp\/v2\/pages\/4332","targetHints":{"allow":["GET"]}}],"collection":[{"href":"https:\/\/www.fakolith.de\/en\/wp-json\/wp\/v2\/pages"}],"about":[{"href":"https:\/\/www.fakolith.de\/en\/wp-json\/wp\/v2\/types\/page"}],"author":[{"embeddable":true,"href":"https:\/\/www.fakolith.de\/en\/wp-json\/wp\/v2\/users\/1"}],"replies":[{"embeddable":true,"href":"https:\/\/www.fakolith.de\/en\/wp-json\/wp\/v2\/comments?post=4332"}],"version-history":[{"count":1,"href":"https:\/\/www.fakolith.de\/en\/wp-json\/wp\/v2\/pages\/4332\/revisions"}],"predecessor-version":[{"id":10264,"href":"https:\/\/www.fakolith.de\/en\/wp-json\/wp\/v2\/pages\/4332\/revisions\/10264"}],"up":[{"embeddable":true,"href":"https:\/\/www.fakolith.de\/en\/wp-json\/wp\/v2\/pages\/3973"}],"wp:featuredmedia":[{"embeddable":true,"href":"https:\/\/www.fakolith.de\/en\/wp-json\/wp\/v2\/media\/10176"}],"wp:attachment":[{"href":"https:\/\/www.fakolith.de\/en\/wp-json\/wp\/v2\/media?parent=4332"}],"wp:term":[{"taxonomy":"post_tag","embeddable":true,"href":"https:\/\/www.fakolith.de\/en\/wp-json\/wp\/v2\/tags?post=4332"}],"curies":[{"name":"wp","href":"https:\/\/api.w.org\/{rel}","templated":true}]}}