{"id":4359,"date":"2021-10-18T21:40:55","date_gmt":"2021-10-18T19:40:55","guid":{"rendered":"https:\/\/www.fakolith.de\/?page_id=4359"},"modified":"2025-05-26T11:18:00","modified_gmt":"2025-05-26T09:18:00","slug":"fakolith-fk-14-anti-fungal-solution-mould-removal-phase-2","status":"publish","type":"page","link":"https:\/\/www.fakolith.de\/en\/products\/fakolith-fk-14-anti-fungal-solution-mould-removal-phase-2\/","title":{"rendered":"FAKOLITH FK 14"},"content":{"rendered":"<div class=\"wpb-content-wrapper\">[vc_row full_width=&#8221;stretch_row_content_no_spaces&#8221; css=&#8221;.vc_custom_1617288255146{margin-bottom: 0px !important;padding-bottom: 0px !important;}&#8221;][vc_column css=&#8221;.vc_custom_1617288267876{margin-bottom: 0px !important;padding-bottom: 0px !important;}&#8221;][vc_single_image image=&#8221;3211&#8243; img_size=&#8221;2500x350px&#8221;][\/vc_column][\/vc_row][vc_row][vc_column][vc_column_text css=&#8221;.vc_custom_1745911233302{padding-top: 20px !important;}&#8221;]\n<h1>FAKOLITH FK 14 \u2013 Antifungal solution for reliable remediation of mould-infested substrates.<\/h1>\n[\/vc_column_text][vc_column_text css=&#8221;.vc_custom_1745911226461{padding-top: 20px !important;}&#8221;]<span style=\"font-family: Arial, serif;\">PHASE 2 of the FAKOLITH 3-PHASE SYSTEM.<\/span><br \/>\n[\/vc_column_text][vc_column_text css=&#8221;.vc_custom_1635348955452{padding-top: 20px !important;}&#8221;]\n<h2 style=\"text-align: left;\">Intended use<\/h2>\n[\/vc_column_text][vc_column_text css=&#8221;.vc_custom_1745845327155{padding-top: 20px !important;}&#8221;]\n<p style=\"text-align: justify;\">FAKOLITH FK 14 is an aqueous dispersion for the remediation substrates affected by mould in interior and exterior areas. FAKOLITH FK 14 reliably destroys the cell structure of the fungal mycelium in the substrate. FAKOLITH FK 14 is chlorine-free and odourless. The anti-fungal solution develops its fungicidal effect within 48 hours and has no prophylactic effect.<\/p>\n<p>In preparation for the application of FAKOLITH FK 14, it is important to clean the mould-infested substrate. Wet cleaning with FAKOLITH FK 12 (PHASE 1) removes surface deposits and optimally prepares the substrate for subsequent treatment with FAKOLITH FK 14 antifungal solution (PHASE 2).<\/p>\n[\/vc_column_text][vc_single_image image=&#8221;10056&#8243; css=&#8221;.vc_custom_1747151852485{padding-top: 25px !important;}&#8221;][vc_empty_space height=&#8221;40px&#8221;][vc_separator][vc_row_inner][vc_column_inner width=&#8221;1\/2&#8243;][vc_column_text css=&#8221;.vc_custom_1635349046348{padding-top: 20px !important;}&#8221;]\n<h2 style=\"text-align: left;\">Material base<\/h2>\n[\/vc_column_text][vc_column_text css=&#8221;.vc_custom_1635349066036{padding-top: 20px !important;}&#8221;]\n<ul>\n<li>Dispersion with active substance base quaternary ammonium compound<\/li>\n<\/ul>\n[\/vc_column_text][vc_column_text css=&#8221;.vc_custom_1635349079788{padding-top: 20px !important;}&#8221;]\n<h2 style=\"text-align: left;\">Product features \/ properties<\/h2>\n[\/vc_column_text][vc_column_text css=&#8221;.vc_custom_1745845368724{padding-top: 20px !important;}&#8221;]\n<ul>\n<li>Water-based, solvent-free<\/li>\n<li>Alkaline, PH-value 7<\/li>\n<li>Odourless<\/li>\n<li>Chlorine-free<\/li>\n<li>Transparent drying<\/li>\n<li>High penetration<\/li>\n<li>Material-friendly<\/li>\n<li>Biodegradable<\/li>\n<li>For concrete substrates, Mineral plasters, synthetic resin plasters, old coatings, tiles, iron, steel, stainless steel, emulsion paints, lacquers, plastics, etc.<\/li>\n<\/ul>\n[\/vc_column_text][vc_column_text css=&#8221;.vc_custom_1635349143893{padding-top: 20px !important;}&#8221;]\n<h2 style=\"text-align: left;\">Processing<\/h2>\n[\/vc_column_text][vc_column_text css=&#8221;.vc_custom_1745845405606{padding-top: 20px !important;}&#8221;]\n<ul>\n<li>Processing from + 6\u00b0C<\/li>\n<li>Process undiluted<\/li>\n<li>Brush, roll or apply by airless spray method<\/li>\n<li>No rewashing<\/li>\n<li>Drying time before recoating approx. 3h (20\u00b0C\/ 50% rel. air)<\/li>\n<li>Can be recoated with standard deep primer or coatings.<\/li>\n<li>Recommendation: Stay within the system. Pre-treat the substrate and apply the final coat with FAKOLITH system products, e.g. FAKOLITH FK 5 pure acrylic paint with film protection against mould and bacteria.<\/li>\n<li>No waiting times indoors after mould remediation with FAKOLITH FK 14. The rooms can be used again immediately.<\/li>\n<li>Consumption: Approx. 100 ml\/m\u00b2<\/li>\n<\/ul>\n[\/vc_column_text][vc_column_text css=&#8221;.vc_custom_1635349194389{padding-top: 20px !important;}&#8221;]\n<h2 style=\"text-align: left;\">Container sizes<\/h2>\n[\/vc_column_text][vc_column_text css=&#8221;.vc_custom_1624375381043{padding-top: 20px !important;}&#8221;]\n<ul>\n<li>500 ml<\/li>\n<li>1 L<\/li>\n<li>5 L<\/li>\n<li>10 L<\/li>\n<\/ul>\n[\/vc_column_text][vc_column_text css=&#8221;.vc_custom_1635349206372{padding-top: 20px !important;}&#8221;]\n<h2>Downloads for the product<\/h2>\n[\/vc_column_text][vc_column_text css=&#8221;.vc_custom_1746695017511{padding-top: 20px !important;}&#8221; el_class=&#8221;downloads&#8221;]\n<ul>\n<li><a href=\"https:\/\/www.fakolith.de\/wp-content\/uploads\/FAKOLITH-TM-FK-14-Anti-fungal-substrate-remediation-PHASE-2.pdf\" target=\"_blank\" rel=\"noopener\">Technical leaflet (PDF)<\/a><\/li>\n<li><a href=\"https:\/\/www.fakolith.de\/wp-content\/uploads\/FAKOLITH-FK-14-Safety-Data-Sheet.pdf\" target=\"_blank\" rel=\"noopener\">Safety data sheet (PDF)<\/a><\/li>\n<\/ul>\n[\/vc_column_text][vc_empty_space height=&#8221;10px&#8221;][\/vc_column_inner][vc_column_inner width=&#8221;1\/2&#8243;][vc_empty_space height=&#8221;50px&#8221;][vc_single_image image=&#8221;10204&#8243; onclick=&#8221;link_image&#8221; el_class=&#8221;product-image&#8221; img_hover=&#8221;opacity&#8221;][vc_empty_space height=&#8221;25px&#8221;][vc_column_text]\n<p style=\"text-align: center;\"><img loading=\"lazy\" decoding=\"async\" class=\"alignnone size-full wp-image-2598\" src=\"https:\/\/www.fakolith.de\/wp-content\/uploads\/Innen-Aussenanwendung.png\" alt=\"\" width=\"75\" height=\"75\" \/>\u00a0 \u00a0\u00a0<img loading=\"lazy\" decoding=\"async\" class=\"alignnone size-full wp-image-2591\" src=\"https:\/\/www.fakolith.de\/wp-content\/uploads\/Bodenanwendung.png\" alt=\"\" width=\"75\" height=\"75\" \/>\u00a0 \u00a0\u00a0<img loading=\"lazy\" decoding=\"async\" class=\"alignnone size-full wp-image-2603\" src=\"https:\/\/www.fakolith.de\/wp-content\/uploads\/StreichenRollenSpritzen.png\" alt=\"\" width=\"75\" height=\"75\" \/>\u00a0 \u00a0\u00a0<img loading=\"lazy\" decoding=\"async\" class=\"alignnone size-full wp-image-2606\" src=\"https:\/\/www.fakolith.de\/wp-content\/uploads\/Verarbeitung-6Grad.png\" alt=\"\" width=\"75\" height=\"75\" \/><\/p>\n[\/vc_column_text][\/vc_column_inner][\/vc_row_inner][vc_separator][vc_column_text css=&#8221;.vc_custom_1635349246556{padding-top: 20px !important;}&#8221;]\n<h2>Precautions<\/h2>\n[\/vc_column_text][vc_column_text css=&#8221;.vc_custom_1635349258492{padding-top: 20px !important;padding-right: 20px !important;}&#8221;]\n<p style=\"text-align: justify;\">Use biocides safely. Read the label and product information before use.<\/p>\n[\/vc_column_text][vc_empty_space height=&#8221;40px&#8221;][vc_separator][vc_column_text css=&#8221;.vc_custom_1645198782630{padding-top: 20px !important;}&#8221;]<div class=\"templatera_shortcode\"><style type=\"text\/css\" data-type=\"vc_shortcodes-custom-css\">.vc_custom_1645196250814{padding-top: 20px !important;}.vc_custom_1646314021278{padding-top: 20px !important;}.vc_custom_1645192763627{padding-top: 20px !important;}.vc_custom_1645195820073{padding-top: 20px !important;}<\/style><div class=\"vc_row wpb_row vc_row-fluid wpex-relative\"><div class=\"wpb_column vc_column_container vc_col-sm-12\"><div class=\"vc_column-inner\"><div class=\"wpb_wrapper\">\n\t<div class=\"wpb_text_column wpb_content_element vc_custom_1645196250814\" >\n\t\t<div class=\"wpb_wrapper\">\n\t\t\t<h2><span  style=\"color:#dd2a1b;margin-right:5px;font-size:28px;\" class=\"wpex-icon\" aria-hidden=\"true\"><svg xmlns=\"http:\/\/www.w3.org\/2000\/svg\" viewBox=\"0 0 576 512\"><path d=\"M290.8 48.6l78.4 29.7L288 109.5 206.8 78.3l78.4-29.7c1.8-.7 3.8-.7 5.7 0zM136 92.5V204.7c-1.3 .4-2.6 .8-3.9 1.3l-96 36.4C14.4 250.6 0 271.5 0 294.7V413.9c0 22.2 13.1 42.3 33.5 51.3l96 42.2c14.4 6.3 30.7 6.3 45.1 0L288 457.5l113.5 49.9c14.4 6.3 30.7 6.3 45.1 0l96-42.2c20.3-8.9 33.5-29.1 33.5-51.3V294.7c0-23.3-14.4-44.1-36.1-52.4l-96-36.4c-1.3-.5-2.6-.9-3.9-1.3V92.5c0-23.3-14.4-44.1-36.1-52.4l-96-36.4c-12.8-4.8-26.9-4.8-39.7 0l-96 36.4C150.4 48.4 136 69.3 136 92.5zM392 210.6l-82.4 31.2V152.6L392 121v89.6zM154.8 250.9l78.4 29.7L152 311.7 70.8 280.6l78.4-29.7c1.8-.7 3.8-.7 5.7 0zm18.8 204.4V354.8L256 323.2v95.9l-82.4 36.2zM421.2 250.9c1.8-.7 3.8-.7 5.7 0l78.4 29.7L424 311.7l-81.2-31.1 78.4-29.7zM523.2 421.2l-77.6 34.1V354.8L528 323.2v90.7c0 3.2-1.9 6-4.8 7.3z\"\/><\/svg><\/span> Ordering, price information and delivery<\/h2>\n\n\t\t<\/div>\n\t<\/div>\n\n\t<div class=\"wpb_text_column wpb_content_element vc_custom_1646314021278\" >\n\t\t<div class=\"wpb_wrapper\">\n\t\t\t<p>Would you like to order our products, do you need price information or an offer? Contact our sales department by telephone or e-mail. We would be happy to name a sales partner for FAKOLITH products in your region.<\/p>\n<p>FAKOLITH Farben \/ Sales<br \/>\nPhone: +49 (0)6253 \/ 23 94 - 23<br \/>\nEmail: <a href=\"mailto:sales@fakolith.de\">sales@fakolith.de<\/a><\/p>\n\n\t\t<\/div>\n\t<\/div>\n\n\t<div class=\"wpb_text_column wpb_content_element vc_custom_1645192763627\" >\n\t\t<div class=\"wpb_wrapper\">\n\t\t\t<h2><span  style=\"color:#dd2a1b;margin-right:5px;font-size:28px;\" class=\"wpex-icon\" aria-hidden=\"true\"><svg xmlns=\"http:\/\/www.w3.org\/2000\/svg\" viewBox=\"0 0 512 512\"><path d=\"M256 512A256 256 0 1 0 256 0a256 256 0 1 0 0 512zM216 336h24V272H216c-13.3 0-24-10.7-24-24s10.7-24 24-24h48c13.3 0 24 10.7 24 24v88h8c13.3 0 24 10.7 24 24s-10.7 24-24 24H216c-13.3 0-24-10.7-24-24s10.7-24 24-24zm40-208a32 32 0 1 1 0 64 32 32 0 1 1 0-64z\"\/><\/svg><\/span> Information and service<\/h2>\n\n\t\t<\/div>\n\t<\/div>\n\n\t<div class=\"wpb_text_column wpb_content_element vc_custom_1645195820073\" >\n\t\t<div class=\"wpb_wrapper\">\n\t\t\t<p>We know our way around mold remediation and the removal of moisture damage. You are a processor and you have questions about product selection, preparation or the use of our FAKOLITH products? Our technical support is at your disposal personally by telephone or e-mail.<\/p>\n<p>FAKOLITH Farben \/ Technical support<br \/>\nPhone: +49 (0)6253 \/ 23 94 - 18<br \/>\nEmail: <a href=\"mailto:technical-support@fakolith.de\">technical-support@fakolith.de<\/a><\/p>\n\n\t\t<\/div>\n\t<\/div>\n<div class=\"vc_empty_space\"   style=\"height: 32px\"><span class=\"vc_empty_space_inner\"><\/span><\/div><\/div><\/div><\/div><\/div><\/div>[\/vc_column_text][\/vc_column][\/vc_row][vc_row visibility=&#8221;hidden&#8221;][vc_column][vc_column_text]<strong>Schlagw\u00f6rter &#8211; Nicht Sichtbar<\/strong><\/p>\n<p>Antipilz Untergrundsanierung bei Schimmel-, Bakterien- und Algenbefall<br \/>\nFK14[\/vc_column_text][\/vc_column][\/vc_row]\n<\/div>","protected":false},"excerpt":{"rendered":"FAKOLITH FK 14 \u2013 Antifungal solution for reliable remediation of mould-infested substrates. PHASE 2 of the FAKOLITH 3-PHASE SYSTEM. Intended use FAKOLITH FK 14 is an aqueous dispersion for the remediation substrates affected by mould in interior and exterior areas. FAKOLITH FK 14 reliably destroys the cell structure of the fungal mycelium in the substrate.&hellip;","protected":false},"author":1,"featured_media":10204,"parent":3973,"menu_order":162,"comment_status":"closed","ping_status":"closed","template":"","meta":{"inline_featured_image":false,"footnotes":""},"tags":[],"class_list":["post-4359","page","type-page","status-publish","has-post-thumbnail","hentry","entry","has-media"],"yoast_head":"<!-- This site is optimized with the Yoast SEO Premium plugin v27.4 (Yoast SEO v27.4) - https:\/\/yoast.com\/product\/yoast-seo-premium-wordpress\/ -->\n<title>Anti-fungal solution for substrate restoration in cases of mould infestation.<\/title>\n<meta name=\"description\" content=\"FAKOLITH FK 14 anti-fungal solution for substrate remedation in mould removal (PHASE 2), indoor and outdoor use\" \/>\n<meta name=\"robots\" content=\"index, follow, max-snippet:-1, max-image-preview:large, max-video-preview:-1\" \/>\n<link rel=\"canonical\" href=\"https:\/\/www.fakolith.de\/en\/products\/fakolith-fk-14-anti-fungal-solution-mould-removal-phase-2\/\" \/>\n<meta property=\"og:locale\" content=\"en_US\" \/>\n<meta property=\"og:type\" content=\"article\" \/>\n<meta property=\"og:title\" content=\"FAKOLITH - Profiprodukte f\u00fcr Schimmelsanierung an Geb\u00e4uden, Hygienebeschichtungen im Gesundheitswesen, FOODGRADE-Produkte in der Lebensmittelindustrie\" \/>\n<meta property=\"og:description\" content=\"FAKOLITH entwickelt und produziert seit \u00fcber 60 Jahren innovative Beschichtungssysteme f\u00fcr professionelle Anwendungen. Heute ist FAKOLITH ein international t\u00e4tiger Hersteller von Qualit\u00e4tsprodukten im Bereich Schimmelschutz und Bautenschutz, Hochwassersch\u00e4den sowie von Farben f\u00fcr das Gesundheitswesen und Beschichtungen f\u00fcr die Lebensmittelindustrie. Die lebensmittelechten FOODGRADE-Produkte, zertifiziert f\u00fcr den Direktkontakt mit Lebensmitteln nach VO (EU) 10\/2011 und FDA 21 CFR 175.300, wurden im Rahmen von internationalen Forschungsprojekten entwickelt und erweitern heute das Produktportfolio der FAKOLITH Gruppe.\" \/>\n<meta property=\"og:url\" content=\"https:\/\/www.fakolith.de\/en\/products\/fakolith-fk-14-anti-fungal-solution-mould-removal-phase-2\/\" \/>\n<meta property=\"og:site_name\" content=\"Fakolith - Schimmelschutz, Bautenschutz, Hygienebeschichtungen\" \/>\n<meta property=\"article:modified_time\" content=\"2025-05-26T09:18:00+00:00\" \/>\n<meta property=\"og:image\" content=\"https:\/\/www.fakolith.de\/wp-content\/uploads\/produktdetail-fk-14.jpg\" \/>\n\t<meta property=\"og:image:width\" content=\"800\" \/>\n\t<meta property=\"og:image:height\" content=\"600\" \/>\n\t<meta property=\"og:image:type\" content=\"image\/jpeg\" \/>\n<meta name=\"twitter:card\" content=\"summary_large_image\" \/>\n<meta name=\"twitter:label1\" content=\"Est. reading time\" \/>\n\t<meta name=\"twitter:data1\" content=\"4 minutes\" \/>\n<script type=\"application\/ld+json\" class=\"yoast-schema-graph\">{\"@context\":\"https:\\\/\\\/schema.org\",\"@graph\":[{\"@type\":\"WebPage\",\"@id\":\"https:\\\/\\\/www.fakolith.de\\\/en\\\/products\\\/fakolith-fk-14-anti-fungal-solution-mould-removal-phase-2\\\/\",\"url\":\"https:\\\/\\\/www.fakolith.de\\\/en\\\/products\\\/fakolith-fk-14-anti-fungal-solution-mould-removal-phase-2\\\/\",\"name\":\"Anti-fungal solution for substrate restoration in cases of mould infestation.\",\"isPartOf\":{\"@id\":\"https:\\\/\\\/www.fakolith.de\\\/en\\\/#website\"},\"primaryImageOfPage\":{\"@id\":\"https:\\\/\\\/www.fakolith.de\\\/en\\\/products\\\/fakolith-fk-14-anti-fungal-solution-mould-removal-phase-2\\\/#primaryimage\"},\"image\":{\"@id\":\"https:\\\/\\\/www.fakolith.de\\\/en\\\/products\\\/fakolith-fk-14-anti-fungal-solution-mould-removal-phase-2\\\/#primaryimage\"},\"thumbnailUrl\":\"https:\\\/\\\/www.fakolith.de\\\/wp-content\\\/uploads\\\/produktdetail-fk-14.jpg\",\"datePublished\":\"2021-10-18T19:40:55+00:00\",\"dateModified\":\"2025-05-26T09:18:00+00:00\",\"description\":\"FAKOLITH FK 14 anti-fungal solution for substrate remedation in mould removal (PHASE 2), indoor and outdoor use\",\"breadcrumb\":{\"@id\":\"https:\\\/\\\/www.fakolith.de\\\/en\\\/products\\\/fakolith-fk-14-anti-fungal-solution-mould-removal-phase-2\\\/#breadcrumb\"},\"inLanguage\":\"en-US\",\"potentialAction\":[{\"@type\":\"ReadAction\",\"target\":[\"https:\\\/\\\/www.fakolith.de\\\/en\\\/products\\\/fakolith-fk-14-anti-fungal-solution-mould-removal-phase-2\\\/\"]}]},{\"@type\":\"ImageObject\",\"inLanguage\":\"en-US\",\"@id\":\"https:\\\/\\\/www.fakolith.de\\\/en\\\/products\\\/fakolith-fk-14-anti-fungal-solution-mould-removal-phase-2\\\/#primaryimage\",\"url\":\"https:\\\/\\\/www.fakolith.de\\\/wp-content\\\/uploads\\\/produktdetail-fk-14.jpg\",\"contentUrl\":\"https:\\\/\\\/www.fakolith.de\\\/wp-content\\\/uploads\\\/produktdetail-fk-14.jpg\",\"width\":800,\"height\":600,\"caption\":\"FK 14\"},{\"@type\":\"BreadcrumbList\",\"@id\":\"https:\\\/\\\/www.fakolith.de\\\/en\\\/products\\\/fakolith-fk-14-anti-fungal-solution-mould-removal-phase-2\\\/#breadcrumb\",\"itemListElement\":[{\"@type\":\"ListItem\",\"position\":1,\"name\":\"Startseite\",\"item\":\"https:\\\/\\\/www.fakolith.de\\\/en\\\/\"},{\"@type\":\"ListItem\",\"position\":2,\"name\":\"Products\",\"item\":\"https:\\\/\\\/www.fakolith.de\\\/en\\\/products\\\/\"},{\"@type\":\"ListItem\",\"position\":3,\"name\":\"FAKOLITH FK 14\"}]},{\"@type\":\"WebSite\",\"@id\":\"https:\\\/\\\/www.fakolith.de\\\/en\\\/#website\",\"url\":\"https:\\\/\\\/www.fakolith.de\\\/en\\\/\",\"name\":\"Fakolith - Schimmelschutz, Bautenschutz, Hygienebeschichtungen\",\"description\":\"\",\"publisher\":{\"@id\":\"https:\\\/\\\/www.fakolith.de\\\/en\\\/#organization\"},\"potentialAction\":[{\"@type\":\"SearchAction\",\"target\":{\"@type\":\"EntryPoint\",\"urlTemplate\":\"https:\\\/\\\/www.fakolith.de\\\/en\\\/?s={search_term_string}\"},\"query-input\":{\"@type\":\"PropertyValueSpecification\",\"valueRequired\":true,\"valueName\":\"search_term_string\"}}],\"inLanguage\":\"en-US\"},{\"@type\":\"Organization\",\"@id\":\"https:\\\/\\\/www.fakolith.de\\\/en\\\/#organization\",\"name\":\"FAKOLITH Farben GmbH\",\"url\":\"https:\\\/\\\/www.fakolith.de\\\/en\\\/\",\"logo\":{\"@type\":\"ImageObject\",\"inLanguage\":\"en-US\",\"@id\":\"https:\\\/\\\/www.fakolith.de\\\/en\\\/#\\\/schema\\\/logo\\\/image\\\/\",\"url\":\"https:\\\/\\\/www.fakolith.de\\\/wp-content\\\/uploads\\\/2021\\\/03\\\/FAKOLITH-Logo.png\",\"contentUrl\":\"https:\\\/\\\/www.fakolith.de\\\/wp-content\\\/uploads\\\/2021\\\/03\\\/FAKOLITH-Logo.png\",\"width\":920,\"height\":185,\"caption\":\"FAKOLITH Farben GmbH\"},\"image\":{\"@id\":\"https:\\\/\\\/www.fakolith.de\\\/en\\\/#\\\/schema\\\/logo\\\/image\\\/\"},\"sameAs\":[\"https:\\\/\\\/de.linkedin.com\\\/company\\\/fakolith-hygienic-paints\",\"https:\\\/\\\/www.youtube.com\\\/channel\\\/UCMZ_L-Ut3xtVeWryvOYjaew\"],\"description\":\"Als Hersteller chemischer Produkte produziert FAKOLITH alle Produkte in Deutschland und Spanien. Gemeinsam mit der spanischen Tochterfirma FAKOLITH CHEMICAL SYSTEMS ist FAKOLITH seit 2006 nach dem Qualit\u00e4tsmanagementsystem DIN EN ISO 9001:2015 zertifiziert.\",\"email\":\"info@fakolith.de\",\"telephone\":\"+49 (0)6253 \\\/ 2394-0\",\"legalName\":\"FAKOLITH Farben GmbH\",\"vatID\":\"DE 111629099\",\"numberOfEmployees\":{\"@type\":\"QuantitativeValue\",\"minValue\":\"11\",\"maxValue\":\"50\"}}]}<\/script>\n<!-- \/ Yoast SEO Premium plugin. -->","yoast_head_json":{"title":"Anti-fungal solution for substrate restoration in cases of mould infestation.","description":"FAKOLITH FK 14 anti-fungal solution for substrate remedation in mould removal (PHASE 2), indoor and outdoor use","robots":{"index":"index","follow":"follow","max-snippet":"max-snippet:-1","max-image-preview":"max-image-preview:large","max-video-preview":"max-video-preview:-1"},"canonical":"https:\/\/www.fakolith.de\/en\/products\/fakolith-fk-14-anti-fungal-solution-mould-removal-phase-2\/","og_locale":"en_US","og_type":"article","og_title":"FAKOLITH - Profiprodukte f\u00fcr Schimmelsanierung an Geb\u00e4uden, Hygienebeschichtungen im Gesundheitswesen, FOODGRADE-Produkte in der Lebensmittelindustrie","og_description":"FAKOLITH entwickelt und produziert seit \u00fcber 60 Jahren innovative Beschichtungssysteme f\u00fcr professionelle Anwendungen. Heute ist FAKOLITH ein international t\u00e4tiger Hersteller von Qualit\u00e4tsprodukten im Bereich Schimmelschutz und Bautenschutz, Hochwassersch\u00e4den sowie von Farben f\u00fcr das Gesundheitswesen und Beschichtungen f\u00fcr die Lebensmittelindustrie. Die lebensmittelechten FOODGRADE-Produkte, zertifiziert f\u00fcr den Direktkontakt mit Lebensmitteln nach VO (EU) 10\/2011 und FDA 21 CFR 175.300, wurden im Rahmen von internationalen Forschungsprojekten entwickelt und erweitern heute das Produktportfolio der FAKOLITH Gruppe.","og_url":"https:\/\/www.fakolith.de\/en\/products\/fakolith-fk-14-anti-fungal-solution-mould-removal-phase-2\/","og_site_name":"Fakolith - Schimmelschutz, Bautenschutz, Hygienebeschichtungen","article_modified_time":"2025-05-26T09:18:00+00:00","og_image":[{"width":800,"height":600,"url":"https:\/\/www.fakolith.de\/wp-content\/uploads\/produktdetail-fk-14.jpg","type":"image\/jpeg"}],"twitter_card":"summary_large_image","twitter_misc":{"Est. reading time":"4 minutes"},"schema":{"@context":"https:\/\/schema.org","@graph":[{"@type":"WebPage","@id":"https:\/\/www.fakolith.de\/en\/products\/fakolith-fk-14-anti-fungal-solution-mould-removal-phase-2\/","url":"https:\/\/www.fakolith.de\/en\/products\/fakolith-fk-14-anti-fungal-solution-mould-removal-phase-2\/","name":"Anti-fungal solution for substrate restoration in cases of mould infestation.","isPartOf":{"@id":"https:\/\/www.fakolith.de\/en\/#website"},"primaryImageOfPage":{"@id":"https:\/\/www.fakolith.de\/en\/products\/fakolith-fk-14-anti-fungal-solution-mould-removal-phase-2\/#primaryimage"},"image":{"@id":"https:\/\/www.fakolith.de\/en\/products\/fakolith-fk-14-anti-fungal-solution-mould-removal-phase-2\/#primaryimage"},"thumbnailUrl":"https:\/\/www.fakolith.de\/wp-content\/uploads\/produktdetail-fk-14.jpg","datePublished":"2021-10-18T19:40:55+00:00","dateModified":"2025-05-26T09:18:00+00:00","description":"FAKOLITH FK 14 anti-fungal solution for substrate remedation in mould removal (PHASE 2), indoor and outdoor use","breadcrumb":{"@id":"https:\/\/www.fakolith.de\/en\/products\/fakolith-fk-14-anti-fungal-solution-mould-removal-phase-2\/#breadcrumb"},"inLanguage":"en-US","potentialAction":[{"@type":"ReadAction","target":["https:\/\/www.fakolith.de\/en\/products\/fakolith-fk-14-anti-fungal-solution-mould-removal-phase-2\/"]}]},{"@type":"ImageObject","inLanguage":"en-US","@id":"https:\/\/www.fakolith.de\/en\/products\/fakolith-fk-14-anti-fungal-solution-mould-removal-phase-2\/#primaryimage","url":"https:\/\/www.fakolith.de\/wp-content\/uploads\/produktdetail-fk-14.jpg","contentUrl":"https:\/\/www.fakolith.de\/wp-content\/uploads\/produktdetail-fk-14.jpg","width":800,"height":600,"caption":"FK 14"},{"@type":"BreadcrumbList","@id":"https:\/\/www.fakolith.de\/en\/products\/fakolith-fk-14-anti-fungal-solution-mould-removal-phase-2\/#breadcrumb","itemListElement":[{"@type":"ListItem","position":1,"name":"Startseite","item":"https:\/\/www.fakolith.de\/en\/"},{"@type":"ListItem","position":2,"name":"Products","item":"https:\/\/www.fakolith.de\/en\/products\/"},{"@type":"ListItem","position":3,"name":"FAKOLITH FK 14"}]},{"@type":"WebSite","@id":"https:\/\/www.fakolith.de\/en\/#website","url":"https:\/\/www.fakolith.de\/en\/","name":"Fakolith - Schimmelschutz, Bautenschutz, Hygienebeschichtungen","description":"","publisher":{"@id":"https:\/\/www.fakolith.de\/en\/#organization"},"potentialAction":[{"@type":"SearchAction","target":{"@type":"EntryPoint","urlTemplate":"https:\/\/www.fakolith.de\/en\/?s={search_term_string}"},"query-input":{"@type":"PropertyValueSpecification","valueRequired":true,"valueName":"search_term_string"}}],"inLanguage":"en-US"},{"@type":"Organization","@id":"https:\/\/www.fakolith.de\/en\/#organization","name":"FAKOLITH Farben GmbH","url":"https:\/\/www.fakolith.de\/en\/","logo":{"@type":"ImageObject","inLanguage":"en-US","@id":"https:\/\/www.fakolith.de\/en\/#\/schema\/logo\/image\/","url":"https:\/\/www.fakolith.de\/wp-content\/uploads\/2021\/03\/FAKOLITH-Logo.png","contentUrl":"https:\/\/www.fakolith.de\/wp-content\/uploads\/2021\/03\/FAKOLITH-Logo.png","width":920,"height":185,"caption":"FAKOLITH Farben GmbH"},"image":{"@id":"https:\/\/www.fakolith.de\/en\/#\/schema\/logo\/image\/"},"sameAs":["https:\/\/de.linkedin.com\/company\/fakolith-hygienic-paints","https:\/\/www.youtube.com\/channel\/UCMZ_L-Ut3xtVeWryvOYjaew"],"description":"Als Hersteller chemischer Produkte produziert FAKOLITH alle Produkte in Deutschland und Spanien. Gemeinsam mit der spanischen Tochterfirma FAKOLITH CHEMICAL SYSTEMS ist FAKOLITH seit 2006 nach dem Qualit\u00e4tsmanagementsystem DIN EN ISO 9001:2015 zertifiziert.","email":"info@fakolith.de","telephone":"+49 (0)6253 \/ 2394-0","legalName":"FAKOLITH Farben GmbH","vatID":"DE 111629099","numberOfEmployees":{"@type":"QuantitativeValue","minValue":"11","maxValue":"50"}}]}},"_links":{"self":[{"href":"https:\/\/www.fakolith.de\/en\/wp-json\/wp\/v2\/pages\/4359","targetHints":{"allow":["GET"]}}],"collection":[{"href":"https:\/\/www.fakolith.de\/en\/wp-json\/wp\/v2\/pages"}],"about":[{"href":"https:\/\/www.fakolith.de\/en\/wp-json\/wp\/v2\/types\/page"}],"author":[{"embeddable":true,"href":"https:\/\/www.fakolith.de\/en\/wp-json\/wp\/v2\/users\/1"}],"replies":[{"embeddable":true,"href":"https:\/\/www.fakolith.de\/en\/wp-json\/wp\/v2\/comments?post=4359"}],"version-history":[{"count":11,"href":"https:\/\/www.fakolith.de\/en\/wp-json\/wp\/v2\/pages\/4359\/revisions"}],"predecessor-version":[{"id":10257,"href":"https:\/\/www.fakolith.de\/en\/wp-json\/wp\/v2\/pages\/4359\/revisions\/10257"}],"up":[{"embeddable":true,"href":"https:\/\/www.fakolith.de\/en\/wp-json\/wp\/v2\/pages\/3973"}],"wp:featuredmedia":[{"embeddable":true,"href":"https:\/\/www.fakolith.de\/en\/wp-json\/wp\/v2\/media\/10204"}],"wp:attachment":[{"href":"https:\/\/www.fakolith.de\/en\/wp-json\/wp\/v2\/media?parent=4359"}],"wp:term":[{"taxonomy":"post_tag","embeddable":true,"href":"https:\/\/www.fakolith.de\/en\/wp-json\/wp\/v2\/tags?post=4359"}],"curies":[{"name":"wp","href":"https:\/\/api.w.org\/{rel}","templated":true}]}}