{"id":4427,"date":"2021-10-18T21:53:47","date_gmt":"2021-10-18T19:53:47","guid":{"rendered":"https:\/\/www.fakolith.de\/?page_id=4427"},"modified":"2022-02-18T16:34:04","modified_gmt":"2022-02-18T15:34:04","slug":"fakolith-antifreeze-additive","status":"publish","type":"page","link":"https:\/\/www.fakolith.de\/en\/products\/fakolith-antifreeze-additive\/","title":{"rendered":"FAKOLITH ANTIFREEZE ADDITIVE"},"content":{"rendered":"<div class=\"wpb-content-wrapper\">[vc_row full_width=&#8221;stretch_row_content_no_spaces&#8221; css=&#8221;.vc_custom_1617288255146{margin-bottom: 0px !important;padding-bottom: 0px !important;}&#8221;][vc_column css=&#8221;.vc_custom_1617288267876{margin-bottom: 0px !important;padding-bottom: 0px !important;}&#8221;][vc_single_image image=&#8221;3211&#8243; img_size=&#8221;2500x350px&#8221;][\/vc_column][\/vc_row][vc_row][vc_column][vc_column_text css=&#8221;.vc_custom_1635847530493{padding-top: 20px !important;}&#8221;]\n<h1>FAKOLITH ANTIFROST ADDITIVE &#8211; Anti-frost additive for the products FAKOLITH FK 32<br \/>\nand FAKOLITH FK 3000<\/h1>\n[\/vc_column_text][vc_column_text css=&#8221;.vc_custom_1635847259353{padding-top: 20px !important;}&#8221;]\n<h2 style=\"text-align: left;\">Intended use<\/h2>\n[\/vc_column_text][vc_column_text css=&#8221;.vc_custom_1635847273035{padding-top: 20px !important;}&#8221;]\n<p style=\"text-align: justify;\">FAKOLITH ANTI-FROST ADDITIVE enables the processing of the paints FAKOLITH FK 32 and FAKOLITH FK 3000 within the temperature range of +1\u00b0C to +4\u00b0C. With FAKOLITH ANTI-FROST ADDITIVE, the paints FAKOLITH FK 32 and FAKOLITH FK 3000 can be adjusted to the individual conditions on the object.<\/p>\n[\/vc_column_text][vc_empty_space height=&#8221;40px&#8221;][vc_separator][vc_row_inner][vc_column_inner width=&#8221;1\/2&#8243;][vc_column_text css=&#8221;.vc_custom_1635847283891{padding-top: 20px !important;}&#8221;]\n<h2 style=\"text-align: left;\">Material base<\/h2>\n[\/vc_column_text][vc_column_text css=&#8221;.vc_custom_1635847295825{padding-top: 20px !important;}&#8221;]\n<ul>\n<li>Solvent<\/li>\n<\/ul>\n[\/vc_column_text][vc_column_text css=&#8221;.vc_custom_1635847309130{padding-top: 20px !important;}&#8221;]\n<h2 style=\"text-align: left;\">Product features \/ properties<\/h2>\n[\/vc_column_text][vc_column_text css=&#8221;.vc_custom_1635847318954{padding-top: 20px !important;}&#8221;]\n<ul>\n<li>Odourless<\/li>\n<\/ul>\n[\/vc_column_text][vc_column_text css=&#8221;.vc_custom_1635847336499{padding-top: 20px !important;}&#8221;]\n<h2 style=\"text-align: left;\">Processing<\/h2>\n[\/vc_column_text][vc_column_text css=&#8221;.vc_custom_1635847346698{padding-top: 20px !important;}&#8221;]\n<ul>\n<li>1-10% addition<\/li>\n<\/ul>\n[\/vc_column_text][vc_column_text css=&#8221;.vc_custom_1635847378988{padding-top: 20px !important;}&#8221;]\n<h2 style=\"text-align: left;\">Container sizes<\/h2>\n[\/vc_column_text][vc_column_text css=&#8221;.vc_custom_1624547507942{padding-top: 20px !important;}&#8221;]\n<ul>\n<li>250 ml<\/li>\n<\/ul>\n[\/vc_column_text][vc_column_text css=&#8221;.vc_custom_1635847392818{padding-top: 20px !important;}&#8221;]\n<h2>Downloads for the product<\/h2>\n[\/vc_column_text][vc_column_text css=&#8221;.vc_custom_1637869485039{padding-top: 20px !important;}&#8221; el_class=&#8221;downloads&#8221;]\n<ul>\n<li><a href=\"https:\/\/www.fakolith.de\/wp-content\/uploads\/produkte\/FAKOLITH-TM-ANTIFREEZE-ADDITIVE.pdf\" target=\"_blank\" rel=\"noopener\">Technical leaflet (PDF)<\/a><\/li>\n<li><a href=\"https:\/\/www.fakolith.de\/wp-content\/uploads\/FAKOLITH-ANTIFREEZE-ADDITIVE-Safety-data-sheet.pdf\" target=\"_blank\" rel=\"noopener\">Safety data sheet (PDF)<\/a><\/li>\n<\/ul>\n[\/vc_column_text][vc_empty_space height=&#8221;10px&#8221;][\/vc_column_inner][vc_column_inner width=&#8221;1\/2&#8243;][vc_empty_space height=&#8221;50px&#8221;][vc_single_image image=&#8221;3512&#8243; onclick=&#8221;link_image&#8221; css=&#8221;.vc_custom_1624606219520{padding-top: 30px !important;}&#8221; el_class=&#8221;product-image&#8221; img_hover=&#8221;opacity&#8221;][vc_empty_space height=&#8221;25px&#8221;][\/vc_column_inner][\/vc_row_inner][vc_separator][vc_column_text css=&#8221;.vc_custom_1645198440997{padding-top: 20px !important;}&#8221;]<div class=\"templatera_shortcode\"><style type=\"text\/css\" data-type=\"vc_shortcodes-custom-css\">.vc_custom_1645196250814{padding-top: 20px !important;}.vc_custom_1646314021278{padding-top: 20px !important;}.vc_custom_1645192763627{padding-top: 20px !important;}.vc_custom_1645195820073{padding-top: 20px !important;}<\/style>[vc_row][vc_column][vc_column_text css=\".vc_custom_1645196250814{padding-top: 20px !important;}\"]\r\n<h2><span class=\"ticon ticon-cubes\" aria-hidden=\"true\" style=\"color:#dd2a1b;margin-right:5px;font-size:28px;\"><\/span> Ordering, price information and delivery<\/h2>\r\n[\/vc_column_text][vc_column_text css=\".vc_custom_1646314021278{padding-top: 20px !important;}\"]Would you like to order our products, do you need price information or an offer? Contact our sales department by telephone or e-mail. We would be happy to name a sales partner for FAKOLITH products in your region.\r\n\r\nFAKOLITH Farben \/ Sales\r\nPhone: +49 (0)6253 \/ 23 94 - 23\r\nEmail: <a href=\"mailto:sales@fakolith.de\">sales@fakolith.de<\/a>[\/vc_column_text][vc_column_text css=\".vc_custom_1645192763627{padding-top: 20px !important;}\"]\r\n<h2><span class=\"ticon ticon-info-circle\" aria-hidden=\"true\" style=\"color:#dd2a1b;margin-right:5px;font-size:28px;\"><\/span> Information and service<\/h2>\r\n[\/vc_column_text][vc_column_text css=\".vc_custom_1645195820073{padding-top: 20px !important;}\"]We know our way around mold remediation and the removal of moisture damage. You are a processor and you have questions about product selection, preparation or the use of our FAKOLITH products? Our technical support is at your disposal personally by telephone or e-mail.\r\n\r\nFAKOLITH Farben \/ Technical support\r\nPhone: +49 (0)6253 \/ 23 94 - 18\r\nEmail: <a href=\"mailto:technical-support@fakolith.de\">technical-support@fakolith.de<\/a>[\/vc_column_text][vc_empty_space][\/vc_column][\/vc_row]<\/div>[\/vc_column_text][\/vc_column][\/vc_row][vc_row visibility=&#8221;hidden&#8221;][vc_column][vc_column_text]<strong>Schlagw\u00f6rter &#8211; Nicht Sichtbar<\/strong><\/p>\n<p>Antifrostzusatz f\u00fcr FAKOLITH FK 32 und FAKOLITH FK 3000<br \/>\nZusatz, Antifrostschutz, frostschutzzusatz, antifrost, fk3000, fk32[\/vc_column_text][\/vc_column][\/vc_row]\n<\/div>","protected":false},"excerpt":{"rendered":"<p>[vc_row full_width=&#8221;stretch_row_content_no_spaces&#8221; css=&#8221;.vc_custom_1617288255146{margin-bottom: 0px !important;padding-bottom: 0px !important;}&#8221;][vc_column css=&#8221;.vc_custom_1617288267876{margin-bottom: 0px !important;padding-bottom: 0px !important;}&#8221;][vc_single_image image=&#8221;3211&#8243; img_size=&#8221;2500x350px&#8221;][\/vc_column][\/vc_row][vc_row][vc_column][vc_column_text css=&#8221;.vc_custom_1635847530493{padding-top: 20px !important;}&#8221;] FAKOLITH ANTIFROST ADDITIVE &#8211; Anti-frost additive for the products FAKOLITH FK 32 and FAKOLITH FK 3000 [\/vc_column_text][vc_column_text css=&#8221;.vc_custom_1635847259353{padding-top: 20px !important;}&#8221;] Intended use [\/vc_column_text][vc_column_text css=&#8221;.vc_custom_1635847273035{padding-top: 20px !important;}&#8221;] FAKOLITH ANTI-FROST ADDITIVE enables the processing of the paints FAKOLITH FK 32&hellip;<\/p>\n","protected":false},"author":1,"featured_media":0,"parent":3973,"menu_order":53,"comment_status":"closed","ping_status":"closed","template":"","meta":{"footnotes":""},"tags":[],"class_list":["post-4427","page","type-page","status-publish","hentry","entry","no-media"],"yoast_head":"<!-- This site is optimized with the Yoast SEO Premium plugin v23.6 (Yoast SEO v27.3) - https:\/\/yoast.com\/product\/yoast-seo-premium-wordpress\/ -->\n<title>FAKOLITH ANTIFREEZE ADDITIVE - Fakolith - Schimmelschutz, Bautenschutz, Hygienebeschichtungen<\/title>\n<meta name=\"robots\" content=\"index, follow, max-snippet:-1, max-image-preview:large, max-video-preview:-1\" \/>\n<link rel=\"canonical\" href=\"https:\/\/www.fakolith.de\/en\/products\/fakolith-antifreeze-additive\/\" \/>\n<meta property=\"og:locale\" content=\"en_US\" \/>\n<meta property=\"og:type\" content=\"article\" \/>\n<meta property=\"og:title\" content=\"FAKOLITH - Profiprodukte f\u00fcr Schimmelsanierung an Geb\u00e4uden, Hygienebeschichtungen im Gesundheitswesen, FOODGRADE-Produkte in der Lebensmittelindustrie\" \/>\n<meta property=\"og:description\" content=\"FAKOLITH entwickelt und produziert seit \u00fcber 60 Jahren innovative Beschichtungssysteme f\u00fcr professionelle Anwendungen. Heute ist FAKOLITH ein international t\u00e4tiger Hersteller von Qualit\u00e4tsprodukten im Bereich Schimmelschutz und Bautenschutz, Hochwassersch\u00e4den sowie von Farben f\u00fcr das Gesundheitswesen und Beschichtungen f\u00fcr die Lebensmittelindustrie. Die lebensmittelechten FOODGRADE-Produkte, zertifiziert f\u00fcr den Direktkontakt mit Lebensmitteln nach VO (EU) 10\/2011 und FDA 21 CFR 175.300, wurden im Rahmen von internationalen Forschungsprojekten entwickelt und erweitern heute das Produktportfolio der FAKOLITH Gruppe.\" \/>\n<meta property=\"og:url\" content=\"https:\/\/www.fakolith.de\/en\/products\/fakolith-antifreeze-additive\/\" \/>\n<meta property=\"og:site_name\" content=\"Fakolith - Schimmelschutz, Bautenschutz, Hygienebeschichtungen\" \/>\n<meta property=\"article:modified_time\" content=\"2022-02-18T15:34:04+00:00\" \/>\n<meta property=\"og:image\" content=\"https:\/\/www.fakolith.de\/wp-content\/uploads\/default-social-media.jpg\" \/>\n\t<meta property=\"og:image:width\" content=\"1200\" \/>\n\t<meta property=\"og:image:height\" content=\"675\" \/>\n\t<meta property=\"og:image:type\" content=\"image\/jpeg\" \/>\n<meta name=\"twitter:card\" content=\"summary_large_image\" \/>\n<meta name=\"twitter:label1\" content=\"Est. reading time\" \/>\n\t<meta name=\"twitter:data1\" content=\"2 minutes\" \/>\n<script type=\"application\/ld+json\" class=\"yoast-schema-graph\">{\"@context\":\"https:\\\/\\\/schema.org\",\"@graph\":[{\"@type\":\"WebPage\",\"@id\":\"https:\\\/\\\/www.fakolith.de\\\/en\\\/products\\\/fakolith-antifreeze-additive\\\/\",\"url\":\"https:\\\/\\\/www.fakolith.de\\\/en\\\/products\\\/fakolith-antifreeze-additive\\\/\",\"name\":\"FAKOLITH ANTIFREEZE ADDITIVE - Fakolith - Schimmelschutz, Bautenschutz, Hygienebeschichtungen\",\"isPartOf\":{\"@id\":\"https:\\\/\\\/www.fakolith.de\\\/#website\"},\"datePublished\":\"2021-10-18T19:53:47+00:00\",\"dateModified\":\"2022-02-18T15:34:04+00:00\",\"breadcrumb\":{\"@id\":\"https:\\\/\\\/www.fakolith.de\\\/en\\\/products\\\/fakolith-antifreeze-additive\\\/#breadcrumb\"},\"inLanguage\":\"en-US\",\"potentialAction\":[{\"@type\":\"ReadAction\",\"target\":[\"https:\\\/\\\/www.fakolith.de\\\/en\\\/products\\\/fakolith-antifreeze-additive\\\/\"]}]},{\"@type\":\"BreadcrumbList\",\"@id\":\"https:\\\/\\\/www.fakolith.de\\\/en\\\/products\\\/fakolith-antifreeze-additive\\\/#breadcrumb\",\"itemListElement\":[{\"@type\":\"ListItem\",\"position\":1,\"name\":\"Startseite\",\"item\":\"https:\\\/\\\/www.fakolith.de\\\/en\\\/\"},{\"@type\":\"ListItem\",\"position\":2,\"name\":\"Products\",\"item\":\"https:\\\/\\\/www.fakolith.de\\\/en\\\/products\\\/\"},{\"@type\":\"ListItem\",\"position\":3,\"name\":\"FAKOLITH ANTIFREEZE ADDITIVE\"}]},{\"@type\":\"WebSite\",\"@id\":\"https:\\\/\\\/www.fakolith.de\\\/#website\",\"url\":\"https:\\\/\\\/www.fakolith.de\\\/\",\"name\":\"Fakolith - Schimmelschutz, Bautenschutz, Hygienebeschichtungen\",\"description\":\"\",\"publisher\":{\"@id\":\"https:\\\/\\\/www.fakolith.de\\\/#organization\"},\"potentialAction\":[{\"@type\":\"SearchAction\",\"target\":{\"@type\":\"EntryPoint\",\"urlTemplate\":\"https:\\\/\\\/www.fakolith.de\\\/?s={search_term_string}\"},\"query-input\":{\"@type\":\"PropertyValueSpecification\",\"valueRequired\":true,\"valueName\":\"search_term_string\"}}],\"inLanguage\":\"en-US\"},{\"@type\":\"Organization\",\"@id\":\"https:\\\/\\\/www.fakolith.de\\\/#organization\",\"name\":\"FAKOLITH Farben GmbH\",\"url\":\"https:\\\/\\\/www.fakolith.de\\\/\",\"logo\":{\"@type\":\"ImageObject\",\"inLanguage\":\"en-US\",\"@id\":\"https:\\\/\\\/www.fakolith.de\\\/#\\\/schema\\\/logo\\\/image\\\/\",\"url\":\"https:\\\/\\\/www.fakolith.de\\\/wp-content\\\/uploads\\\/2021\\\/03\\\/FAKOLITH-Logo.png\",\"contentUrl\":\"https:\\\/\\\/www.fakolith.de\\\/wp-content\\\/uploads\\\/2021\\\/03\\\/FAKOLITH-Logo.png\",\"width\":920,\"height\":185,\"caption\":\"FAKOLITH Farben GmbH\"},\"image\":{\"@id\":\"https:\\\/\\\/www.fakolith.de\\\/#\\\/schema\\\/logo\\\/image\\\/\"},\"sameAs\":[\"https:\\\/\\\/de.linkedin.com\\\/company\\\/fakolith-hygienic-paints\",\"https:\\\/\\\/www.youtube.com\\\/channel\\\/UCMZ_L-Ut3xtVeWryvOYjaew\"]}]}<\/script>\n<!-- \/ Yoast SEO Premium plugin. -->","yoast_head_json":{"title":"FAKOLITH ANTIFREEZE ADDITIVE - Fakolith - Schimmelschutz, Bautenschutz, Hygienebeschichtungen","robots":{"index":"index","follow":"follow","max-snippet":"max-snippet:-1","max-image-preview":"max-image-preview:large","max-video-preview":"max-video-preview:-1"},"canonical":"https:\/\/www.fakolith.de\/en\/products\/fakolith-antifreeze-additive\/","og_locale":"en_US","og_type":"article","og_title":"FAKOLITH - Profiprodukte f\u00fcr Schimmelsanierung an Geb\u00e4uden, Hygienebeschichtungen im Gesundheitswesen, FOODGRADE-Produkte in der Lebensmittelindustrie","og_description":"FAKOLITH entwickelt und produziert seit \u00fcber 60 Jahren innovative Beschichtungssysteme f\u00fcr professionelle Anwendungen. Heute ist FAKOLITH ein international t\u00e4tiger Hersteller von Qualit\u00e4tsprodukten im Bereich Schimmelschutz und Bautenschutz, Hochwassersch\u00e4den sowie von Farben f\u00fcr das Gesundheitswesen und Beschichtungen f\u00fcr die Lebensmittelindustrie. Die lebensmittelechten FOODGRADE-Produkte, zertifiziert f\u00fcr den Direktkontakt mit Lebensmitteln nach VO (EU) 10\/2011 und FDA 21 CFR 175.300, wurden im Rahmen von internationalen Forschungsprojekten entwickelt und erweitern heute das Produktportfolio der FAKOLITH Gruppe.","og_url":"https:\/\/www.fakolith.de\/en\/products\/fakolith-antifreeze-additive\/","og_site_name":"Fakolith - Schimmelschutz, Bautenschutz, Hygienebeschichtungen","article_modified_time":"2022-02-18T15:34:04+00:00","og_image":[{"width":1200,"height":675,"url":"https:\/\/www.fakolith.de\/wp-content\/uploads\/default-social-media.jpg","type":"image\/jpeg"}],"twitter_card":"summary_large_image","twitter_misc":{"Est. reading time":"2 minutes"},"schema":{"@context":"https:\/\/schema.org","@graph":[{"@type":"WebPage","@id":"https:\/\/www.fakolith.de\/en\/products\/fakolith-antifreeze-additive\/","url":"https:\/\/www.fakolith.de\/en\/products\/fakolith-antifreeze-additive\/","name":"FAKOLITH ANTIFREEZE ADDITIVE - Fakolith - Schimmelschutz, Bautenschutz, Hygienebeschichtungen","isPartOf":{"@id":"https:\/\/www.fakolith.de\/#website"},"datePublished":"2021-10-18T19:53:47+00:00","dateModified":"2022-02-18T15:34:04+00:00","breadcrumb":{"@id":"https:\/\/www.fakolith.de\/en\/products\/fakolith-antifreeze-additive\/#breadcrumb"},"inLanguage":"en-US","potentialAction":[{"@type":"ReadAction","target":["https:\/\/www.fakolith.de\/en\/products\/fakolith-antifreeze-additive\/"]}]},{"@type":"BreadcrumbList","@id":"https:\/\/www.fakolith.de\/en\/products\/fakolith-antifreeze-additive\/#breadcrumb","itemListElement":[{"@type":"ListItem","position":1,"name":"Startseite","item":"https:\/\/www.fakolith.de\/en\/"},{"@type":"ListItem","position":2,"name":"Products","item":"https:\/\/www.fakolith.de\/en\/products\/"},{"@type":"ListItem","position":3,"name":"FAKOLITH ANTIFREEZE ADDITIVE"}]},{"@type":"WebSite","@id":"https:\/\/www.fakolith.de\/#website","url":"https:\/\/www.fakolith.de\/","name":"Fakolith - Schimmelschutz, Bautenschutz, Hygienebeschichtungen","description":"","publisher":{"@id":"https:\/\/www.fakolith.de\/#organization"},"potentialAction":[{"@type":"SearchAction","target":{"@type":"EntryPoint","urlTemplate":"https:\/\/www.fakolith.de\/?s={search_term_string}"},"query-input":{"@type":"PropertyValueSpecification","valueRequired":true,"valueName":"search_term_string"}}],"inLanguage":"en-US"},{"@type":"Organization","@id":"https:\/\/www.fakolith.de\/#organization","name":"FAKOLITH Farben GmbH","url":"https:\/\/www.fakolith.de\/","logo":{"@type":"ImageObject","inLanguage":"en-US","@id":"https:\/\/www.fakolith.de\/#\/schema\/logo\/image\/","url":"https:\/\/www.fakolith.de\/wp-content\/uploads\/2021\/03\/FAKOLITH-Logo.png","contentUrl":"https:\/\/www.fakolith.de\/wp-content\/uploads\/2021\/03\/FAKOLITH-Logo.png","width":920,"height":185,"caption":"FAKOLITH Farben GmbH"},"image":{"@id":"https:\/\/www.fakolith.de\/#\/schema\/logo\/image\/"},"sameAs":["https:\/\/de.linkedin.com\/company\/fakolith-hygienic-paints","https:\/\/www.youtube.com\/channel\/UCMZ_L-Ut3xtVeWryvOYjaew"]}]}},"_links":{"self":[{"href":"https:\/\/www.fakolith.de\/en\/wp-json\/wp\/v2\/pages\/4427","targetHints":{"allow":["GET"]}}],"collection":[{"href":"https:\/\/www.fakolith.de\/en\/wp-json\/wp\/v2\/pages"}],"about":[{"href":"https:\/\/www.fakolith.de\/en\/wp-json\/wp\/v2\/types\/page"}],"author":[{"embeddable":true,"href":"https:\/\/www.fakolith.de\/en\/wp-json\/wp\/v2\/users\/1"}],"replies":[{"embeddable":true,"href":"https:\/\/www.fakolith.de\/en\/wp-json\/wp\/v2\/comments?post=4427"}],"version-history":[{"count":0,"href":"https:\/\/www.fakolith.de\/en\/wp-json\/wp\/v2\/pages\/4427\/revisions"}],"up":[{"embeddable":true,"href":"https:\/\/www.fakolith.de\/en\/wp-json\/wp\/v2\/pages\/3973"}],"wp:attachment":[{"href":"https:\/\/www.fakolith.de\/en\/wp-json\/wp\/v2\/media?parent=4427"}],"wp:term":[{"taxonomy":"post_tag","embeddable":true,"href":"https:\/\/www.fakolith.de\/en\/wp-json\/wp\/v2\/tags?post=4427"}],"curies":[{"name":"wp","href":"https:\/\/api.w.org\/{rel}","templated":true}]}}