{"id":7483,"date":"2023-03-09T12:27:56","date_gmt":"2023-03-09T11:27:56","guid":{"rendered":"https:\/\/www.fakolith.de\/?page_id=7483"},"modified":"2023-08-30T08:29:47","modified_gmt":"2023-08-30T06:29:47","slug":"fakolith-productfinder","status":"publish","type":"page","link":"https:\/\/www.fakolith.de\/en\/fakolith-productfinder\/","title":{"rendered":"Fakolith Productfinder"},"content":{"rendered":"<div class=\"wpb-content-wrapper\">[vc_row full_width=&#8221;stretch_row_content_no_spaces&#8221; css=&#8221;.vc_custom_1617288255146{margin-bottom: 0px !important;padding-bottom: 0px !important;}&#8221;][vc_column css=&#8221;.vc_custom_1617288267876{margin-bottom: 0px !important;padding-bottom: 0px !important;}&#8221;][vc_single_image image=&#8221;3506&#8243; img_size=&#8221;2500x350px&#8221;][\/vc_column][\/vc_row][vc_row][vc_column css=&#8221;.vc_custom_1625065826129{margin-bottom: 10px !important;}&#8221;][vc_column_text css=&#8221;.vc_custom_1693376733557{padding-top: 20px !important;}&#8221;]\n<h1>FAKOLITH Productfinder for coatings in the food industry<\/h1>\n[\/vc_column_text][vc_empty_space height=&#8221;25px&#8221;][vc_row_inner][vc_column_inner width=&#8221;1\/2&#8243; css=&#8221;.vc_custom_1693376823837{margin-bottom: 0px !important;padding-bottom: 0px !important;}&#8221;][vc_column_text]<strong>Simplified product search in four steps<\/strong>[\/vc_column_text][vc_column_text css=&#8221;.vc_custom_1693376783797{padding-top: 20px !important;}&#8221;]High demands are placed on wall and ceiling coatings in food processing plants. Particularly strict legal requirements apply to basin, tank and silo coatings.<\/p>\n<p>The new FAKOLITH product finder helps you to find the optimal FAKOLITH system products for your application from the areas of cleaning, substrate renovation and final coating quickly and efficiently in 4 steps. These will be made available to you clearly in a renovation concept as a PDF on request.[\/vc_column_text][vc_empty_space height=&#8221;20px&#8221;]<div class=\"vc_custom_1678362357862 wpex-clr\"><a href=\"https:\/\/profi.fakolith.de\/?lng=en\" class=\"vcex-button theme-button inline green\" style=\"background:#53b43e;font-weight:600;letter-spacing:1px;\" target=\"_blank\" rel=\"noopener noreferrer\"><span class=\"vcex-button-inner theme-button-inner\">Open FAKOLITH Productfinder (new window)<span class=\"vcex-button-icon vcex-icon-wrap theme-button-icon-right\"><span class=\"ticon ticon-arrow-right\" aria-hidden=\"true\"><\/span><\/span><\/span><\/a><\/div> [\/vc_column_inner][vc_column_inner width=&#8221;1\/2&#8243; css=&#8221;.vc_custom_1693376951157{margin-bottom: 0px !important;}&#8221;][vc_single_image image=&#8221;8291&#8243; onclick=&#8221;custom_link&#8221; img_link_target=&#8221;_blank&#8221; link=&#8221;https:\/\/vimeo.com\/855051808&#8243;][vc_column_text]\n<p style=\"text-align: center;\">Opens video on vimeo.com (new window)<\/p>\n[\/vc_column_text][\/vc_column_inner][\/vc_row_inner][vc_column_text]\n<p class=\"subhead\">Your advantages at a glance<\/p>\n<ul>\n<li>Query only the relevant object criteria with information on special features in 4 simple steps<\/li>\n<li>Combination of suitable system products from cleaning, substrate renovation and final coating<\/li>\n<li>Sensible, automatic pre-selection of products in case of multiple hits based on your object data<\/li>\n<li>Output of a renovation concept as a PDF for calculation purposes or for passing on to others<\/li>\n<li>Immediate search result with the option to discuss this subsequently with FAKOLITH technical support.<\/li>\n<\/ul>\n[\/vc_column_text][vc_empty_space height=&#8221;30px&#8221;][vc_separator][vc_column_text css=&#8221;.vc_custom_1678361690873{padding-top: 10px !important;}&#8221;]\n<p class=\"subhead\">Are you looking for a coating for production-, cooling-, storagerooms and sales areas in food-producing companies?<\/p>\n<p>Every industry has its own special requirements for the surface of a coating. Whether for walls, ceilings, tanks, silos or tiles. The product finder is suitable for all branches of the food industry and distinguishes, for example, systems for butcheries, bakeries, dairies, cheese dairies, wineries, breweries, the fish industry, the fruit, vegetable and canning industry, etc. from each other. With the help of your object data, the software can already suggest a good preliminary selection of suitable products. If several products come into question or if essential object data is missing in order to narrow down the selection, we recommend that you also contact our application technology department.[\/vc_column_text][vc_empty_space height=&#8221;15px&#8221;]<div class=\"vc_custom_1678362367573 wpex-clr\"><a href=\"https:\/\/profi.fakolith.de\/?lng=en\" class=\"vcex-button theme-button inline green\" style=\"background:#53b43e;font-weight:600;letter-spacing:1px;\" target=\"_blank\" rel=\"noopener noreferrer\"><span class=\"vcex-button-inner theme-button-inner\">Open FAKOLITH Productfinder (new window)<span class=\"vcex-button-icon vcex-icon-wrap theme-button-icon-right\"><span class=\"ticon ticon-arrow-right\" aria-hidden=\"true\"><\/span><\/span><\/span><\/a><\/div> [\/vc_column][\/vc_row][vc_row][vc_column][vc_separator][vc_column_text css=&#8221;.vc_custom_1678361190544{padding-top: 20px !important;}&#8221;]\n<h2><span class=\"ticon ticon-info-circle\" aria-hidden=\"true\" style=\"color:#dd2a1b;margin-right:5px;font-size:28px;\"><\/span> Technical support and advice<\/h2>\n[\/vc_column_text][vc_column_text css=&#8221;.vc_custom_1678361703043{padding-top: 20px !important;padding-right: 25px !important;}&#8221;]Do you have any questions concerning the FAKOLITH Productfinder or would you like further advice on the products found, please call our technical support directly or send an e-mail.<\/p>\n<p>Phone: +49 (0)6253 \/ 23 94 &#8211; 18<br \/>\nConsulting hours: Monday to Friday 7.30 a.m. &#8211; 12.00 p.m. and 1.00 p.m. &#8211; 4.00 p.m.<br \/>\nE-mail: <a href=\"mailto:anwendungstechnik@fakolith.de\">anwendungstechnik@fakolith.de<\/a>[\/vc_column_text][vc_empty_space][\/vc_column][\/vc_row][vc_row][vc_column][vc_column_text visibility=&#8221;hidden&#8221;]F\u00fcr Suche \/ nicht sichtbar:<br \/>\nProduktsuche, Produktfinder, Productfinder, Produkt Suche, Product Search[\/vc_column_text][\/vc_column][\/vc_row]\n<\/div>","protected":false},"excerpt":{"rendered":"<p>[vc_row full_width=&#8221;stretch_row_content_no_spaces&#8221; css=&#8221;.vc_custom_1617288255146{margin-bottom: 0px !important;padding-bottom: 0px !important;}&#8221;][vc_column css=&#8221;.vc_custom_1617288267876{margin-bottom: 0px !important;padding-bottom: 0px !important;}&#8221;][vc_single_image image=&#8221;3506&#8243; img_size=&#8221;2500x350px&#8221;][\/vc_column][\/vc_row][vc_row][vc_column css=&#8221;.vc_custom_1625065826129{margin-bottom: 10px !important;}&#8221;][vc_column_text css=&#8221;.vc_custom_1693376733557{padding-top: 20px !important;}&#8221;] FAKOLITH Productfinder for coatings in the food industry [\/vc_column_text][vc_empty_space height=&#8221;25px&#8221;][vc_row_inner][vc_column_inner width=&#8221;1\/2&#8243; css=&#8221;.vc_custom_1693376823837{margin-bottom: 0px !important;padding-bottom: 0px !important;}&#8221;][vc_column_text]Simplified product search in four steps[\/vc_column_text][vc_column_text css=&#8221;.vc_custom_1693376783797{padding-top: 20px !important;}&#8221;]High demands are placed on wall and ceiling coatings in food processing&hellip;<\/p>\n","protected":false},"author":1,"featured_media":0,"parent":0,"menu_order":249,"comment_status":"closed","ping_status":"closed","template":"","meta":{"footnotes":""},"tags":[],"class_list":["post-7483","page","type-page","status-publish","hentry","entry","no-media"],"yoast_head":"<!-- This site is optimized with the Yoast SEO Premium plugin v23.6 (Yoast SEO v27.3) - https:\/\/yoast.com\/product\/yoast-seo-premium-wordpress\/ -->\n<title>Productfinder for coatings in the food industry<\/title>\n<meta name=\"description\" content=\"Test the FAKOLITH Productfinder now! Your individual renovation concept by specifically entering your object requirements in 4 simple steps.\" \/>\n<meta name=\"robots\" content=\"index, follow, max-snippet:-1, max-image-preview:large, max-video-preview:-1\" \/>\n<link rel=\"canonical\" href=\"https:\/\/www.fakolith.de\/en\/fakolith-productfinder\/\" \/>\n<meta property=\"og:locale\" content=\"en_US\" \/>\n<meta property=\"og:type\" content=\"article\" \/>\n<meta property=\"og:title\" content=\"FAKOLITH - Profiprodukte f\u00fcr Schimmelsanierung an Geb\u00e4uden, Hygienebeschichtungen im Gesundheitswesen, FOODGRADE-Produkte in der Lebensmittelindustrie\" \/>\n<meta property=\"og:description\" content=\"FAKOLITH entwickelt und produziert seit \u00fcber 60 Jahren innovative Beschichtungssysteme f\u00fcr professionelle Anwendungen. Heute ist FAKOLITH ein international t\u00e4tiger Hersteller von Qualit\u00e4tsprodukten im Bereich Schimmelschutz und Bautenschutz, Hochwassersch\u00e4den sowie von Farben f\u00fcr das Gesundheitswesen und Beschichtungen f\u00fcr die Lebensmittelindustrie. Die lebensmittelechten FOODGRADE-Produkte, zertifiziert f\u00fcr den Direktkontakt mit Lebensmitteln nach VO (EU) 10\/2011 und FDA 21 CFR 175.300, wurden im Rahmen von internationalen Forschungsprojekten entwickelt und erweitern heute das Produktportfolio der FAKOLITH Gruppe.\" \/>\n<meta property=\"og:url\" content=\"https:\/\/www.fakolith.de\/en\/fakolith-productfinder\/\" \/>\n<meta property=\"og:site_name\" content=\"Fakolith - Schimmelschutz, Bautenschutz, Hygienebeschichtungen\" \/>\n<meta property=\"article:modified_time\" content=\"2023-08-30T06:29:47+00:00\" \/>\n<meta property=\"og:image\" content=\"https:\/\/www.fakolith.de\/wp-content\/uploads\/default-social-media.jpg\" \/>\n\t<meta property=\"og:image:width\" content=\"1200\" \/>\n\t<meta property=\"og:image:height\" content=\"675\" \/>\n\t<meta property=\"og:image:type\" content=\"image\/jpeg\" \/>\n<meta name=\"twitter:card\" content=\"summary_large_image\" \/>\n<meta name=\"twitter:label1\" content=\"Est. reading time\" \/>\n\t<meta name=\"twitter:data1\" content=\"3 minutes\" \/>\n<script type=\"application\/ld+json\" class=\"yoast-schema-graph\">{\"@context\":\"https:\\\/\\\/schema.org\",\"@graph\":[{\"@type\":\"WebPage\",\"@id\":\"https:\\\/\\\/www.fakolith.de\\\/en\\\/fakolith-productfinder\\\/\",\"url\":\"https:\\\/\\\/www.fakolith.de\\\/en\\\/fakolith-productfinder\\\/\",\"name\":\"Productfinder for coatings in the food industry\",\"isPartOf\":{\"@id\":\"https:\\\/\\\/www.fakolith.de\\\/#website\"},\"datePublished\":\"2023-03-09T11:27:56+00:00\",\"dateModified\":\"2023-08-30T06:29:47+00:00\",\"description\":\"Test the FAKOLITH Productfinder now! Your individual renovation concept by specifically entering your object requirements in 4 simple steps.\",\"breadcrumb\":{\"@id\":\"https:\\\/\\\/www.fakolith.de\\\/en\\\/fakolith-productfinder\\\/#breadcrumb\"},\"inLanguage\":\"en-US\",\"potentialAction\":[{\"@type\":\"ReadAction\",\"target\":[\"https:\\\/\\\/www.fakolith.de\\\/en\\\/fakolith-productfinder\\\/\"]}]},{\"@type\":\"BreadcrumbList\",\"@id\":\"https:\\\/\\\/www.fakolith.de\\\/en\\\/fakolith-productfinder\\\/#breadcrumb\",\"itemListElement\":[{\"@type\":\"ListItem\",\"position\":1,\"name\":\"Startseite\",\"item\":\"https:\\\/\\\/www.fakolith.de\\\/en\\\/\"},{\"@type\":\"ListItem\",\"position\":2,\"name\":\"Fakolith Productfinder\"}]},{\"@type\":\"WebSite\",\"@id\":\"https:\\\/\\\/www.fakolith.de\\\/#website\",\"url\":\"https:\\\/\\\/www.fakolith.de\\\/\",\"name\":\"Fakolith - Schimmelschutz, Bautenschutz, Hygienebeschichtungen\",\"description\":\"\",\"publisher\":{\"@id\":\"https:\\\/\\\/www.fakolith.de\\\/#organization\"},\"potentialAction\":[{\"@type\":\"SearchAction\",\"target\":{\"@type\":\"EntryPoint\",\"urlTemplate\":\"https:\\\/\\\/www.fakolith.de\\\/?s={search_term_string}\"},\"query-input\":{\"@type\":\"PropertyValueSpecification\",\"valueRequired\":true,\"valueName\":\"search_term_string\"}}],\"inLanguage\":\"en-US\"},{\"@type\":\"Organization\",\"@id\":\"https:\\\/\\\/www.fakolith.de\\\/#organization\",\"name\":\"FAKOLITH Farben GmbH\",\"url\":\"https:\\\/\\\/www.fakolith.de\\\/\",\"logo\":{\"@type\":\"ImageObject\",\"inLanguage\":\"en-US\",\"@id\":\"https:\\\/\\\/www.fakolith.de\\\/#\\\/schema\\\/logo\\\/image\\\/\",\"url\":\"https:\\\/\\\/www.fakolith.de\\\/wp-content\\\/uploads\\\/2021\\\/03\\\/FAKOLITH-Logo.png\",\"contentUrl\":\"https:\\\/\\\/www.fakolith.de\\\/wp-content\\\/uploads\\\/2021\\\/03\\\/FAKOLITH-Logo.png\",\"width\":920,\"height\":185,\"caption\":\"FAKOLITH Farben GmbH\"},\"image\":{\"@id\":\"https:\\\/\\\/www.fakolith.de\\\/#\\\/schema\\\/logo\\\/image\\\/\"},\"sameAs\":[\"https:\\\/\\\/de.linkedin.com\\\/company\\\/fakolith-hygienic-paints\",\"https:\\\/\\\/www.youtube.com\\\/channel\\\/UCMZ_L-Ut3xtVeWryvOYjaew\"]}]}<\/script>\n<!-- \/ Yoast SEO Premium plugin. -->","yoast_head_json":{"title":"Productfinder for coatings in the food industry","description":"Test the FAKOLITH Productfinder now! Your individual renovation concept by specifically entering your object requirements in 4 simple steps.","robots":{"index":"index","follow":"follow","max-snippet":"max-snippet:-1","max-image-preview":"max-image-preview:large","max-video-preview":"max-video-preview:-1"},"canonical":"https:\/\/www.fakolith.de\/en\/fakolith-productfinder\/","og_locale":"en_US","og_type":"article","og_title":"FAKOLITH - Profiprodukte f\u00fcr Schimmelsanierung an Geb\u00e4uden, Hygienebeschichtungen im Gesundheitswesen, FOODGRADE-Produkte in der Lebensmittelindustrie","og_description":"FAKOLITH entwickelt und produziert seit \u00fcber 60 Jahren innovative Beschichtungssysteme f\u00fcr professionelle Anwendungen. Heute ist FAKOLITH ein international t\u00e4tiger Hersteller von Qualit\u00e4tsprodukten im Bereich Schimmelschutz und Bautenschutz, Hochwassersch\u00e4den sowie von Farben f\u00fcr das Gesundheitswesen und Beschichtungen f\u00fcr die Lebensmittelindustrie. Die lebensmittelechten FOODGRADE-Produkte, zertifiziert f\u00fcr den Direktkontakt mit Lebensmitteln nach VO (EU) 10\/2011 und FDA 21 CFR 175.300, wurden im Rahmen von internationalen Forschungsprojekten entwickelt und erweitern heute das Produktportfolio der FAKOLITH Gruppe.","og_url":"https:\/\/www.fakolith.de\/en\/fakolith-productfinder\/","og_site_name":"Fakolith - Schimmelschutz, Bautenschutz, Hygienebeschichtungen","article_modified_time":"2023-08-30T06:29:47+00:00","og_image":[{"width":1200,"height":675,"url":"https:\/\/www.fakolith.de\/wp-content\/uploads\/default-social-media.jpg","type":"image\/jpeg"}],"twitter_card":"summary_large_image","twitter_misc":{"Est. reading time":"3 minutes"},"schema":{"@context":"https:\/\/schema.org","@graph":[{"@type":"WebPage","@id":"https:\/\/www.fakolith.de\/en\/fakolith-productfinder\/","url":"https:\/\/www.fakolith.de\/en\/fakolith-productfinder\/","name":"Productfinder for coatings in the food industry","isPartOf":{"@id":"https:\/\/www.fakolith.de\/#website"},"datePublished":"2023-03-09T11:27:56+00:00","dateModified":"2023-08-30T06:29:47+00:00","description":"Test the FAKOLITH Productfinder now! Your individual renovation concept by specifically entering your object requirements in 4 simple steps.","breadcrumb":{"@id":"https:\/\/www.fakolith.de\/en\/fakolith-productfinder\/#breadcrumb"},"inLanguage":"en-US","potentialAction":[{"@type":"ReadAction","target":["https:\/\/www.fakolith.de\/en\/fakolith-productfinder\/"]}]},{"@type":"BreadcrumbList","@id":"https:\/\/www.fakolith.de\/en\/fakolith-productfinder\/#breadcrumb","itemListElement":[{"@type":"ListItem","position":1,"name":"Startseite","item":"https:\/\/www.fakolith.de\/en\/"},{"@type":"ListItem","position":2,"name":"Fakolith Productfinder"}]},{"@type":"WebSite","@id":"https:\/\/www.fakolith.de\/#website","url":"https:\/\/www.fakolith.de\/","name":"Fakolith - Schimmelschutz, Bautenschutz, Hygienebeschichtungen","description":"","publisher":{"@id":"https:\/\/www.fakolith.de\/#organization"},"potentialAction":[{"@type":"SearchAction","target":{"@type":"EntryPoint","urlTemplate":"https:\/\/www.fakolith.de\/?s={search_term_string}"},"query-input":{"@type":"PropertyValueSpecification","valueRequired":true,"valueName":"search_term_string"}}],"inLanguage":"en-US"},{"@type":"Organization","@id":"https:\/\/www.fakolith.de\/#organization","name":"FAKOLITH Farben GmbH","url":"https:\/\/www.fakolith.de\/","logo":{"@type":"ImageObject","inLanguage":"en-US","@id":"https:\/\/www.fakolith.de\/#\/schema\/logo\/image\/","url":"https:\/\/www.fakolith.de\/wp-content\/uploads\/2021\/03\/FAKOLITH-Logo.png","contentUrl":"https:\/\/www.fakolith.de\/wp-content\/uploads\/2021\/03\/FAKOLITH-Logo.png","width":920,"height":185,"caption":"FAKOLITH Farben GmbH"},"image":{"@id":"https:\/\/www.fakolith.de\/#\/schema\/logo\/image\/"},"sameAs":["https:\/\/de.linkedin.com\/company\/fakolith-hygienic-paints","https:\/\/www.youtube.com\/channel\/UCMZ_L-Ut3xtVeWryvOYjaew"]}]}},"_links":{"self":[{"href":"https:\/\/www.fakolith.de\/en\/wp-json\/wp\/v2\/pages\/7483","targetHints":{"allow":["GET"]}}],"collection":[{"href":"https:\/\/www.fakolith.de\/en\/wp-json\/wp\/v2\/pages"}],"about":[{"href":"https:\/\/www.fakolith.de\/en\/wp-json\/wp\/v2\/types\/page"}],"author":[{"embeddable":true,"href":"https:\/\/www.fakolith.de\/en\/wp-json\/wp\/v2\/users\/1"}],"replies":[{"embeddable":true,"href":"https:\/\/www.fakolith.de\/en\/wp-json\/wp\/v2\/comments?post=7483"}],"version-history":[{"count":0,"href":"https:\/\/www.fakolith.de\/en\/wp-json\/wp\/v2\/pages\/7483\/revisions"}],"wp:attachment":[{"href":"https:\/\/www.fakolith.de\/en\/wp-json\/wp\/v2\/media?parent=7483"}],"wp:term":[{"taxonomy":"post_tag","embeddable":true,"href":"https:\/\/www.fakolith.de\/en\/wp-json\/wp\/v2\/tags?post=7483"}],"curies":[{"name":"wp","href":"https:\/\/api.w.org\/{rel}","templated":true}]}}