{"id":8208,"date":"2025-08-18T09:42:54","date_gmt":"2025-08-18T07:42:54","guid":{"rendered":"https:\/\/www.fakolith.de\/?page_id=8208"},"modified":"2025-12-17T12:22:03","modified_gmt":"2025-12-17T11:22:03","slug":"dispaint-foodgrade","status":"publish","type":"page","link":"https:\/\/www.fakolith.de\/en\/products\/dispaint-foodgrade\/","title":{"rendered":"DISPAINT FOODGRADE"},"content":{"rendered":"<div class=\"wpb-content-wrapper\">[vc_row full_width=&#8221;stretch_row_content_no_spaces&#8221; css=&#8221;.vc_custom_1617288255146{margin-bottom: 0px !important;padding-bottom: 0px !important;}&#8221;][vc_column css=&#8221;.vc_custom_1617288267876{margin-bottom: 0px !important;padding-bottom: 0px !important;}&#8221;][vc_single_image image=&#8221;8212&#8243; img_size=&#8221;2500x350px&#8221;][\/vc_column][\/vc_row][vc_row][vc_column][vc_column_text css=&#8221;.vc_custom_1755502286475{padding-top: 20px !important;}&#8221;]\n<h1>DISPAINT FOODGRADE &#8211; Highly durable hygienic coating (thin film varnish)<\/h1>\n[\/vc_column_text][vc_column_text css=&#8221;.vc_custom_1755502330762{padding-top: 20px !important;}&#8221;]\n<h2 style=\"text-align: left;\">Intended use<\/h2>\n[\/vc_column_text][vc_column_text css=&#8221;.vc_custom_1755502375801{padding-top: 20px !important;}&#8221;]\n<p style=\"text-align: justify;\"><span lang=\"es-ES\">DISPAINT FOODGRADE is a dispersion-based hygienic coating for interior surfaces that come into direct contact with food. DISPAINT FOODGRADE is certified according to VO(EU)10\/2011 and FDA 21 CFR 175.300 for direct contact with food. The 1K dispersion coating is characterised by fast drying, low-odour processing, a very good substrate adhesion and a resilient surface. DISPAINT FOODGRADE is particularly recommended for surfaces that come into direct contact with food.<\/span><\/p>\n<p><span lang=\"es-ES\">DISPAINT FOODGRADE is not recommended for rooms where there is a risk of mould growth due to high humidity (better: FK 45 FOODGRADE or DISPAINT HYGIENIC FORTE).<\/span><\/p>\n<p>The GREEN-BIO.FILM.STOP-Technology protects the surface of DISPAINT FOODGRADE from virus and bacteria infestation.[\/vc_column_text][vc_empty_space height=&#8221;40px&#8221;][vc_separator][vc_row_inner][vc_column_inner width=&#8221;1\/2&#8243;][vc_column_text css=&#8221;.vc_custom_1755502389911{padding-top: 20px !important;}&#8221;]\n<h2 style=\"text-align: left;\">Material base<\/h2>\n[\/vc_column_text][vc_column_text css=&#8221;.vc_custom_1755502405319{padding-top: 20px !important;}&#8221;]\n<ul>\n<li>Thin-film varnish based on a dispersion with film protection (GREEN-BIO.FILM.STOP-Technology)<\/li>\n<\/ul>\n[\/vc_column_text][vc_column_text css=&#8221;.vc_custom_1755502419860{padding-top: 20px !important;}&#8221;]\n<h2 style=\"text-align: left;\">Product features \/ properties<\/h2>\n[\/vc_column_text][vc_column_text css=&#8221;.vc_custom_1755502462181{padding-top: 20px !important;}&#8221;]\n<ul>\n<li>Certified for direct contact with all foods (Tested simulants = A, B, C and D2)<\/li>\n<li>Surface protection virus and bacteria infestation by tested GREEN-BIO.FILM.STOP-Technology (ISO 21702:2019-05, ISO 22196:2011-08)<\/li>\n<li>Recommended by the Federal Association of Food Inspectors Germany e.V.<\/li>\n<li>CE marking. Tested according to UNE-EN 1504-2:2005<\/li>\n<li>Water-based and solvent-free<\/li>\n<li>Low odour<\/li>\n<li>Colour: White, tinting on request<\/li>\n<li>Quick-drying<\/li>\n<li>Brilliant white and highly opaque<\/li>\n<li>Water vapour diffusion = SD 2,07m<\/li>\n<li>Water absorption = W3 = 0,01kg\/(m\u00b2 x h0,5)<\/li>\n<li>Opacity class 1 (5 m\u00b2 \/L)<\/li>\n<li>Wet abrasion class 1 (DIN 53778)<\/li>\n<li>Gloss level: matt (DIN EN 13 300)<\/li>\n<\/ul>\n[\/vc_column_text][vc_column_text css=&#8221;.vc_custom_1755502474532{padding-top: 20px !important;}&#8221;]\n<h2 style=\"text-align: left;\">Processing<\/h2>\n[\/vc_column_text][vc_column_text css=&#8221;.vc_custom_1755502497715{padding-top: 20px !important;}&#8221;]\n<ul>\n<li>Processing from + 4\u00b0C<\/li>\n<li>Brush, roller or airless spray application<\/li>\n<li>Drying time between coats approx. 1h, completly dry and fully loadable after 48h (20\u00b0C\/ 60% rel. Air)<\/li>\n<li>Water- thinnable<\/li>\n<li>Consumption: Approx. 200-300 ml\/m\u00b2<\/li>\n<\/ul>\n[\/vc_column_text][vc_column_text css=&#8221;.vc_custom_1755502512592{padding-top: 20px !important;}&#8221;]\n<h2 style=\"text-align: left;\">Container sizes<\/h2>\n[\/vc_column_text][vc_column_text css=&#8221;.vc_custom_1691829242813{padding-top: 20px !important;}&#8221;]\n<ul>\n<li>5 L<\/li>\n<li>12,5 L<\/li>\n<\/ul>\n[\/vc_column_text][vc_column_text css=&#8221;.vc_custom_1755502530130{padding-top: 20px !important;}&#8221;]\n<h2>Downloads for the product<\/h2>\n[\/vc_column_text][vc_column_text css=&#8221;.vc_custom_1765970513851{padding-top: 20px !important;}&#8221; el_class=&#8221;downloads&#8221;]\n<ul>\n<li><a href=\"https:\/\/www.fakolith.de\/wp-content\/uploads\/FAKOLITH-TM-DISPAINT-FOODGRADE.pdf\" target=\"_blank\" rel=\"noopener\">Technical data sheet (PDF &#8211; german)<\/a><\/li>\n<li><a href=\"https:\/\/www.fakolith.de\/wp-content\/uploads\/FAKOLITH-DISPAINT-FOODGRADE-Safety-Data-Sheet.pdf\" target=\"_blank\" rel=\"noopener\">Safety data sheet (PDF)<\/a><\/li>\n<li><a href=\"https:\/\/www.fakolith.de\/wp-content\/uploads\/Recommendation-BVLK-FK45-FK100-2025-2026.pdf\" target=\"_blank\" rel=\"noopener\">Recommendation BVLK 2026 (PDF &#8211; german)<\/a><\/li>\n<\/ul>\n[\/vc_column_text][vc_empty_space height=&#8221;10px&#8221;][\/vc_column_inner][vc_column_inner width=&#8221;1\/2&#8243;][vc_empty_space height=&#8221;50px&#8221;][vc_single_image image=&#8221;8195&#8243; onclick=&#8221;link_image&#8221; css=&#8221;.vc_custom_1695054134234{padding-top: 30px !important;}&#8221; el_class=&#8221;product-image&#8221; img_hover=&#8221;opacity&#8221;][vc_empty_space height=&#8221;25px&#8221;][vc_column_text]\n<p><center><img loading=\"lazy\" decoding=\"async\" class=\"alignnone size-full wp-image-2597\" src=\"https:\/\/www.fakolith.de\/wp-content\/uploads\/Innenanwendung.png\" alt=\"\" width=\"75\" height=\"75\" \/>\u00a0 \u00a0\u00a0<img loading=\"lazy\" decoding=\"async\" class=\"alignnone size-full wp-image-2596\" src=\"https:\/\/www.fakolith.de\/wp-content\/uploads\/Feuchtraumgeeignet3.png\" alt=\"\" width=\"75\" height=\"75\" \/>\u00a0 \u00a0\u00a0<img loading=\"lazy\" decoding=\"async\" class=\"alignnone size-full wp-image-2603\" src=\"https:\/\/www.fakolith.de\/wp-content\/uploads\/StreichenRollenSpritzen.png\" alt=\"\" width=\"75\" height=\"75\" \/>\u00a0 \u00a0\u00a0<img loading=\"lazy\" decoding=\"async\" class=\"alignnone size-full wp-image-2597\" src=\"https:\/\/www.fakolith.de\/wp-content\/uploads\/Verarbeitung-4Grad.png\" alt=\"\" width=\"75\" height=\"75\" \/><\/center>[\/vc_column_text][vc_empty_space height=&#8221;10px&#8221;][vc_column_text]\n<p><center><img loading=\"lazy\" decoding=\"async\" class=\"alignnone size-full wp-image-2591\" src=\"https:\/\/www.fakolith.de\/wp-content\/uploads\/Nassabriebsklasse1.png\" alt=\"\" width=\"75\" height=\"75\" \/>\u00a0 \u00a0\u00a0<img loading=\"lazy\" decoding=\"async\" class=\"alignnone size-full wp-image-2596\" src=\"https:\/\/www.fakolith.de\/wp-content\/uploads\/Wasserverduennbar.png\" alt=\"\" width=\"75\" height=\"75\" \/>\u00a0 \u00a0\u00a0<img loading=\"lazy\" decoding=\"async\" class=\"alignnone size-full wp-image-2603\" src=\"https:\/\/www.fakolith.de\/wp-content\/uploads\/Deckkraft1.png\" alt=\"\" width=\"75\" height=\"75\" \/><\/center>[\/vc_column_text][vc_empty_space height=&#8221;25px&#8221;][vc_column_text]\n<p><center><a style=\"text-decoration: none;\" href=\"https:\/\/www.fakolith.de\/en\/legend\/\"><img loading=\"lazy\" decoding=\"async\" class=\"alignnone wp-image-2105\" src=\"https:\/\/www.fakolith.de\/wp-content\/uploads\/biofilmstop-logo_gruen-150.png\" alt=\"\" width=\"120\" height=\"120\" \/><\/a>\u00a0\u00a0\u00a0<a style=\"text-decoration: none;\" href=\"https:\/\/www.fakolith.de\/en\/legend\/\"><img loading=\"lazy\" decoding=\"async\" class=\"alignnone wp-image-2105\" src=\"https:\/\/www.fakolith.de\/wp-content\/uploads\/legende_FOODGRADE.png\" alt=\"\" width=\"120\" height=\"120\" \/><\/a><\/center>[\/vc_column_text][\/vc_column_inner][\/vc_row_inner][vc_separator][vc_column_text css=&#8221;.vc_custom_1755502957393{padding-top: 20px !important;}&#8221;]<div class=\"templatera_shortcode\"><style type=\"text\/css\" data-type=\"vc_shortcodes-custom-css\">.vc_custom_1645195332740{padding-top: 20px !important;}.vc_custom_1646314040375{padding-top: 20px !important;}.vc_custom_1645195401373{padding-top: 20px !important;}.vc_custom_1645196869454{padding-top: 20px !important;}<\/style><div class=\"vc_row wpb_row vc_row-fluid wpex-relative\"><div class=\"wpb_column vc_column_container vc_col-sm-12\"><div class=\"vc_column-inner\"><div class=\"wpb_wrapper\">\n\t<div class=\"wpb_text_column wpb_content_element vc_custom_1645195332740\" >\n\t\t<div class=\"wpb_wrapper\">\n\t\t\t<h2><span  style=\"color:#dd2a1b;margin-right:5px;font-size:28px;\" class=\"wpex-icon\" aria-hidden=\"true\"><svg xmlns=\"http:\/\/www.w3.org\/2000\/svg\" viewBox=\"0 0 576 512\"><path d=\"M290.8 48.6l78.4 29.7L288 109.5 206.8 78.3l78.4-29.7c1.8-.7 3.8-.7 5.7 0zM136 92.5V204.7c-1.3 .4-2.6 .8-3.9 1.3l-96 36.4C14.4 250.6 0 271.5 0 294.7V413.9c0 22.2 13.1 42.3 33.5 51.3l96 42.2c14.4 6.3 30.7 6.3 45.1 0L288 457.5l113.5 49.9c14.4 6.3 30.7 6.3 45.1 0l96-42.2c20.3-8.9 33.5-29.1 33.5-51.3V294.7c0-23.3-14.4-44.1-36.1-52.4l-96-36.4c-1.3-.5-2.6-.9-3.9-1.3V92.5c0-23.3-14.4-44.1-36.1-52.4l-96-36.4c-12.8-4.8-26.9-4.8-39.7 0l-96 36.4C150.4 48.4 136 69.3 136 92.5zM392 210.6l-82.4 31.2V152.6L392 121v89.6zM154.8 250.9l78.4 29.7L152 311.7 70.8 280.6l78.4-29.7c1.8-.7 3.8-.7 5.7 0zm18.8 204.4V354.8L256 323.2v95.9l-82.4 36.2zM421.2 250.9c1.8-.7 3.8-.7 5.7 0l78.4 29.7L424 311.7l-81.2-31.1 78.4-29.7zM523.2 421.2l-77.6 34.1V354.8L528 323.2v90.7c0 3.2-1.9 6-4.8 7.3z\"\/><\/svg><\/span> Ordering, price information and delivery<\/h2>\n\n\t\t<\/div>\n\t<\/div>\n\n\t<div class=\"wpb_text_column wpb_content_element vc_custom_1646314040375\" >\n\t\t<div class=\"wpb_wrapper\">\n\t\t\t<p>You would like to order our products, need an offer or do you have questions about ordering? Our sales department will be happy to assist you personally by telephone or e-mail.<\/p>\n<p>FAKOLITH Farben \/ Sales<br \/>\nPhone: +49 (0)6253 \/ 23 94 - 23<br \/>\nEmail: <a href=\"mailto:sales@fakolith.de\">sales@fakolith.de<\/a><\/p>\n\n\t\t<\/div>\n\t<\/div>\n\n\t<div class=\"wpb_text_column wpb_content_element vc_custom_1645195401373\" >\n\t\t<div class=\"wpb_wrapper\">\n\t\t\t<h2><span  style=\"color:#dd2a1b;margin-right:5px;font-size:28px;\" class=\"wpex-icon\" aria-hidden=\"true\"><svg xmlns=\"http:\/\/www.w3.org\/2000\/svg\" viewBox=\"0 0 512 512\"><path d=\"M256 512A256 256 0 1 0 256 0a256 256 0 1 0 0 512zM216 336h24V272H216c-13.3 0-24-10.7-24-24s10.7-24 24-24h48c13.3 0 24 10.7 24 24v88h8c13.3 0 24 10.7 24 24s-10.7 24-24 24H216c-13.3 0-24-10.7-24-24s10.7-24 24-24zm40-208a32 32 0 1 1 0 64 32 32 0 1 1 0-64z\"\/><\/svg><\/span> Information and service<\/h2>\n\n\t\t<\/div>\n\t<\/div>\n\n\t<div class=\"wpb_text_column wpb_content_element vc_custom_1645196869454\" >\n\t\t<div class=\"wpb_wrapper\">\n\t\t\t<p>We know the requirements for surfaces in food processing companies and supply functional coating solutions. Do you only have a short time window for the renovation? Do you have questions about the product selection, preparation or use of our FAKOLITH products? Our technical support is at your disposal personally by telephone or e-mail.<\/p>\n<p>FAKOLITH Farben \/ Technical support<br \/>\nPhone: +49 (0)6253 \/ 23 94 - 18<br \/>\nEmail: <a href=\"mailto:technical-support@fakolith.de\">technical-support@fakolith.de<\/a><\/p>\n\n\t\t<\/div>\n\t<\/div>\n<div class=\"vc_empty_space\"   style=\"height: 32px\"><span class=\"vc_empty_space_inner\"><\/span><\/div><\/div><\/div><\/div><\/div><\/div>[\/vc_column_text][\/vc_column][\/vc_row][vc_row visibility=&#8221;hidden&#8221;][vc_column][vc_column_text]<strong>Schlagw\u00f6rter &#8211; Nicht Sichtbar<\/strong><\/p>\n<p>foodgrade, foodgrate, lebensmittelecht, lebensmittelkontakt[\/vc_column_text][\/vc_column][\/vc_row]\n<\/div>","protected":false},"excerpt":{"rendered":"DISPAINT FOODGRADE - Highly durable hygienic coating (thin film varnish) Intended use DISPAINT FOODGRADE is a dispersion-based hygienic coating for interior surfaces that come into direct contact with food. DISPAINT FOODGRADE is certified according to VO(EU)10\/2011 and FDA 21 CFR 175.300 for direct contact with food. The 1K dispersion coating is characterised by fast drying,&hellip;","protected":false},"author":1,"featured_media":8213,"parent":3973,"menu_order":49,"comment_status":"closed","ping_status":"closed","template":"","meta":{"inline_featured_image":false,"footnotes":""},"tags":[],"class_list":["post-8208","page","type-page","status-publish","has-post-thumbnail","hentry","entry","has-media"],"yoast_head":"<!-- This site is optimized with the Yoast SEO Premium plugin v27.4 (Yoast SEO v27.4) - https:\/\/yoast.com\/product\/yoast-seo-premium-wordpress\/ -->\n<title>DISPAINT FOODGRADE - Highly durable hygienic coating<\/title>\n<meta name=\"description\" content=\"Thin film varnish, certified for direct contact with food in accordance with Regulation (EU) 10\/2011 and FDA 21CFR 175.300\" \/>\n<meta name=\"robots\" content=\"index, follow, max-snippet:-1, max-image-preview:large, max-video-preview:-1\" \/>\n<link rel=\"canonical\" href=\"https:\/\/www.fakolith.de\/en\/products\/dispaint-foodgrade\/\" \/>\n<meta property=\"og:locale\" content=\"en_US\" \/>\n<meta property=\"og:type\" content=\"article\" \/>\n<meta property=\"og:title\" content=\"FAKOLITH - Profiprodukte f\u00fcr Schimmelsanierung an Geb\u00e4uden, Hygienebeschichtungen im Gesundheitswesen, FOODGRADE-Produkte in der Lebensmittelindustrie\" \/>\n<meta property=\"og:description\" content=\"FAKOLITH entwickelt und produziert seit \u00fcber 60 Jahren innovative Beschichtungssysteme f\u00fcr professionelle Anwendungen. Heute ist FAKOLITH ein international t\u00e4tiger Hersteller von Qualit\u00e4tsprodukten im Bereich Schimmelschutz und Bautenschutz, Hochwassersch\u00e4den sowie von Farben f\u00fcr das Gesundheitswesen und Beschichtungen f\u00fcr die Lebensmittelindustrie. Die lebensmittelechten FOODGRADE-Produkte, zertifiziert f\u00fcr den Direktkontakt mit Lebensmitteln nach VO (EU) 10\/2011 und FDA 21 CFR 175.300, wurden im Rahmen von internationalen Forschungsprojekten entwickelt und erweitern heute das Produktportfolio der FAKOLITH Gruppe.\" \/>\n<meta property=\"og:url\" content=\"https:\/\/www.fakolith.de\/en\/products\/dispaint-foodgrade\/\" \/>\n<meta property=\"og:site_name\" content=\"Fakolith - Schimmelschutz, Bautenschutz, Hygienebeschichtungen\" \/>\n<meta property=\"article:modified_time\" content=\"2025-12-17T11:22:03+00:00\" \/>\n<meta property=\"og:image\" content=\"https:\/\/www.fakolith.de\/wp-content\/uploads\/header-fleischverarbeitung.jpg\" \/>\n\t<meta property=\"og:image:width\" content=\"2000\" \/>\n\t<meta property=\"og:image:height\" content=\"260\" \/>\n\t<meta property=\"og:image:type\" content=\"image\/jpeg\" \/>\n<meta name=\"twitter:card\" content=\"summary_large_image\" \/>\n<meta name=\"twitter:label1\" content=\"Est. reading time\" \/>\n\t<meta name=\"twitter:data1\" content=\"5 minutes\" \/>\n<script type=\"application\/ld+json\" class=\"yoast-schema-graph\">{\"@context\":\"https:\\\/\\\/schema.org\",\"@graph\":[{\"@type\":\"WebPage\",\"@id\":\"https:\\\/\\\/www.fakolith.de\\\/en\\\/products\\\/dispaint-foodgrade\\\/\",\"url\":\"https:\\\/\\\/www.fakolith.de\\\/en\\\/products\\\/dispaint-foodgrade\\\/\",\"name\":\"DISPAINT FOODGRADE - Highly durable hygienic coating\",\"isPartOf\":{\"@id\":\"https:\\\/\\\/www.fakolith.de\\\/en\\\/#website\"},\"primaryImageOfPage\":{\"@id\":\"https:\\\/\\\/www.fakolith.de\\\/en\\\/products\\\/dispaint-foodgrade\\\/#primaryimage\"},\"image\":{\"@id\":\"https:\\\/\\\/www.fakolith.de\\\/en\\\/products\\\/dispaint-foodgrade\\\/#primaryimage\"},\"thumbnailUrl\":\"https:\\\/\\\/www.fakolith.de\\\/wp-content\\\/uploads\\\/header-fleischverarbeitung.jpg\",\"datePublished\":\"2025-08-18T07:42:54+00:00\",\"dateModified\":\"2025-12-17T11:22:03+00:00\",\"description\":\"Thin film varnish, certified for direct contact with food in accordance with Regulation (EU) 10\\\/2011 and FDA 21CFR 175.300\",\"breadcrumb\":{\"@id\":\"https:\\\/\\\/www.fakolith.de\\\/en\\\/products\\\/dispaint-foodgrade\\\/#breadcrumb\"},\"inLanguage\":\"en-US\",\"potentialAction\":[{\"@type\":\"ReadAction\",\"target\":[\"https:\\\/\\\/www.fakolith.de\\\/en\\\/products\\\/dispaint-foodgrade\\\/\"]}]},{\"@type\":\"ImageObject\",\"inLanguage\":\"en-US\",\"@id\":\"https:\\\/\\\/www.fakolith.de\\\/en\\\/products\\\/dispaint-foodgrade\\\/#primaryimage\",\"url\":\"https:\\\/\\\/www.fakolith.de\\\/wp-content\\\/uploads\\\/header-fleischverarbeitung.jpg\",\"contentUrl\":\"https:\\\/\\\/www.fakolith.de\\\/wp-content\\\/uploads\\\/header-fleischverarbeitung.jpg\",\"width\":2000,\"height\":260,\"caption\":\"Beschichtung Lebensmittelverarbeitung\"},{\"@type\":\"BreadcrumbList\",\"@id\":\"https:\\\/\\\/www.fakolith.de\\\/en\\\/products\\\/dispaint-foodgrade\\\/#breadcrumb\",\"itemListElement\":[{\"@type\":\"ListItem\",\"position\":1,\"name\":\"Startseite\",\"item\":\"https:\\\/\\\/www.fakolith.de\\\/en\\\/\"},{\"@type\":\"ListItem\",\"position\":2,\"name\":\"Products\",\"item\":\"https:\\\/\\\/www.fakolith.de\\\/en\\\/products\\\/\"},{\"@type\":\"ListItem\",\"position\":3,\"name\":\"DISPAINT FOODGRADE\"}]},{\"@type\":\"WebSite\",\"@id\":\"https:\\\/\\\/www.fakolith.de\\\/en\\\/#website\",\"url\":\"https:\\\/\\\/www.fakolith.de\\\/en\\\/\",\"name\":\"Fakolith - Schimmelschutz, Bautenschutz, Hygienebeschichtungen\",\"description\":\"\",\"publisher\":{\"@id\":\"https:\\\/\\\/www.fakolith.de\\\/en\\\/#organization\"},\"potentialAction\":[{\"@type\":\"SearchAction\",\"target\":{\"@type\":\"EntryPoint\",\"urlTemplate\":\"https:\\\/\\\/www.fakolith.de\\\/en\\\/?s={search_term_string}\"},\"query-input\":{\"@type\":\"PropertyValueSpecification\",\"valueRequired\":true,\"valueName\":\"search_term_string\"}}],\"inLanguage\":\"en-US\"},{\"@type\":\"Organization\",\"@id\":\"https:\\\/\\\/www.fakolith.de\\\/en\\\/#organization\",\"name\":\"FAKOLITH Farben GmbH\",\"url\":\"https:\\\/\\\/www.fakolith.de\\\/en\\\/\",\"logo\":{\"@type\":\"ImageObject\",\"inLanguage\":\"en-US\",\"@id\":\"https:\\\/\\\/www.fakolith.de\\\/en\\\/#\\\/schema\\\/logo\\\/image\\\/\",\"url\":\"https:\\\/\\\/www.fakolith.de\\\/wp-content\\\/uploads\\\/2021\\\/03\\\/FAKOLITH-Logo.png\",\"contentUrl\":\"https:\\\/\\\/www.fakolith.de\\\/wp-content\\\/uploads\\\/2021\\\/03\\\/FAKOLITH-Logo.png\",\"width\":920,\"height\":185,\"caption\":\"FAKOLITH Farben GmbH\"},\"image\":{\"@id\":\"https:\\\/\\\/www.fakolith.de\\\/en\\\/#\\\/schema\\\/logo\\\/image\\\/\"},\"sameAs\":[\"https:\\\/\\\/de.linkedin.com\\\/company\\\/fakolith-hygienic-paints\",\"https:\\\/\\\/www.youtube.com\\\/channel\\\/UCMZ_L-Ut3xtVeWryvOYjaew\"],\"description\":\"Als Hersteller chemischer Produkte produziert FAKOLITH alle Produkte in Deutschland und Spanien. Gemeinsam mit der spanischen Tochterfirma FAKOLITH CHEMICAL SYSTEMS ist FAKOLITH seit 2006 nach dem Qualit\u00e4tsmanagementsystem DIN EN ISO 9001:2015 zertifiziert.\",\"email\":\"info@fakolith.de\",\"telephone\":\"+49 (0)6253 \\\/ 2394-0\",\"legalName\":\"FAKOLITH Farben GmbH\",\"vatID\":\"DE 111629099\",\"numberOfEmployees\":{\"@type\":\"QuantitativeValue\",\"minValue\":\"11\",\"maxValue\":\"50\"}}]}<\/script>\n<!-- \/ Yoast SEO Premium plugin. -->","yoast_head_json":{"title":"DISPAINT FOODGRADE - Highly durable hygienic coating","description":"Thin film varnish, certified for direct contact with food in accordance with Regulation (EU) 10\/2011 and FDA 21CFR 175.300","robots":{"index":"index","follow":"follow","max-snippet":"max-snippet:-1","max-image-preview":"max-image-preview:large","max-video-preview":"max-video-preview:-1"},"canonical":"https:\/\/www.fakolith.de\/en\/products\/dispaint-foodgrade\/","og_locale":"en_US","og_type":"article","og_title":"FAKOLITH - Profiprodukte f\u00fcr Schimmelsanierung an Geb\u00e4uden, Hygienebeschichtungen im Gesundheitswesen, FOODGRADE-Produkte in der Lebensmittelindustrie","og_description":"FAKOLITH entwickelt und produziert seit \u00fcber 60 Jahren innovative Beschichtungssysteme f\u00fcr professionelle Anwendungen. Heute ist FAKOLITH ein international t\u00e4tiger Hersteller von Qualit\u00e4tsprodukten im Bereich Schimmelschutz und Bautenschutz, Hochwassersch\u00e4den sowie von Farben f\u00fcr das Gesundheitswesen und Beschichtungen f\u00fcr die Lebensmittelindustrie. Die lebensmittelechten FOODGRADE-Produkte, zertifiziert f\u00fcr den Direktkontakt mit Lebensmitteln nach VO (EU) 10\/2011 und FDA 21 CFR 175.300, wurden im Rahmen von internationalen Forschungsprojekten entwickelt und erweitern heute das Produktportfolio der FAKOLITH Gruppe.","og_url":"https:\/\/www.fakolith.de\/en\/products\/dispaint-foodgrade\/","og_site_name":"Fakolith - Schimmelschutz, Bautenschutz, Hygienebeschichtungen","article_modified_time":"2025-12-17T11:22:03+00:00","og_image":[{"width":2000,"height":260,"url":"https:\/\/www.fakolith.de\/wp-content\/uploads\/header-fleischverarbeitung.jpg","type":"image\/jpeg"}],"twitter_card":"summary_large_image","twitter_misc":{"Est. reading time":"5 minutes"},"schema":{"@context":"https:\/\/schema.org","@graph":[{"@type":"WebPage","@id":"https:\/\/www.fakolith.de\/en\/products\/dispaint-foodgrade\/","url":"https:\/\/www.fakolith.de\/en\/products\/dispaint-foodgrade\/","name":"DISPAINT FOODGRADE - Highly durable hygienic coating","isPartOf":{"@id":"https:\/\/www.fakolith.de\/en\/#website"},"primaryImageOfPage":{"@id":"https:\/\/www.fakolith.de\/en\/products\/dispaint-foodgrade\/#primaryimage"},"image":{"@id":"https:\/\/www.fakolith.de\/en\/products\/dispaint-foodgrade\/#primaryimage"},"thumbnailUrl":"https:\/\/www.fakolith.de\/wp-content\/uploads\/header-fleischverarbeitung.jpg","datePublished":"2025-08-18T07:42:54+00:00","dateModified":"2025-12-17T11:22:03+00:00","description":"Thin film varnish, certified for direct contact with food in accordance with Regulation (EU) 10\/2011 and FDA 21CFR 175.300","breadcrumb":{"@id":"https:\/\/www.fakolith.de\/en\/products\/dispaint-foodgrade\/#breadcrumb"},"inLanguage":"en-US","potentialAction":[{"@type":"ReadAction","target":["https:\/\/www.fakolith.de\/en\/products\/dispaint-foodgrade\/"]}]},{"@type":"ImageObject","inLanguage":"en-US","@id":"https:\/\/www.fakolith.de\/en\/products\/dispaint-foodgrade\/#primaryimage","url":"https:\/\/www.fakolith.de\/wp-content\/uploads\/header-fleischverarbeitung.jpg","contentUrl":"https:\/\/www.fakolith.de\/wp-content\/uploads\/header-fleischverarbeitung.jpg","width":2000,"height":260,"caption":"Beschichtung Lebensmittelverarbeitung"},{"@type":"BreadcrumbList","@id":"https:\/\/www.fakolith.de\/en\/products\/dispaint-foodgrade\/#breadcrumb","itemListElement":[{"@type":"ListItem","position":1,"name":"Startseite","item":"https:\/\/www.fakolith.de\/en\/"},{"@type":"ListItem","position":2,"name":"Products","item":"https:\/\/www.fakolith.de\/en\/products\/"},{"@type":"ListItem","position":3,"name":"DISPAINT FOODGRADE"}]},{"@type":"WebSite","@id":"https:\/\/www.fakolith.de\/en\/#website","url":"https:\/\/www.fakolith.de\/en\/","name":"Fakolith - Schimmelschutz, Bautenschutz, Hygienebeschichtungen","description":"","publisher":{"@id":"https:\/\/www.fakolith.de\/en\/#organization"},"potentialAction":[{"@type":"SearchAction","target":{"@type":"EntryPoint","urlTemplate":"https:\/\/www.fakolith.de\/en\/?s={search_term_string}"},"query-input":{"@type":"PropertyValueSpecification","valueRequired":true,"valueName":"search_term_string"}}],"inLanguage":"en-US"},{"@type":"Organization","@id":"https:\/\/www.fakolith.de\/en\/#organization","name":"FAKOLITH Farben GmbH","url":"https:\/\/www.fakolith.de\/en\/","logo":{"@type":"ImageObject","inLanguage":"en-US","@id":"https:\/\/www.fakolith.de\/en\/#\/schema\/logo\/image\/","url":"https:\/\/www.fakolith.de\/wp-content\/uploads\/2021\/03\/FAKOLITH-Logo.png","contentUrl":"https:\/\/www.fakolith.de\/wp-content\/uploads\/2021\/03\/FAKOLITH-Logo.png","width":920,"height":185,"caption":"FAKOLITH Farben GmbH"},"image":{"@id":"https:\/\/www.fakolith.de\/en\/#\/schema\/logo\/image\/"},"sameAs":["https:\/\/de.linkedin.com\/company\/fakolith-hygienic-paints","https:\/\/www.youtube.com\/channel\/UCMZ_L-Ut3xtVeWryvOYjaew"],"description":"Als Hersteller chemischer Produkte produziert FAKOLITH alle Produkte in Deutschland und Spanien. Gemeinsam mit der spanischen Tochterfirma FAKOLITH CHEMICAL SYSTEMS ist FAKOLITH seit 2006 nach dem Qualit\u00e4tsmanagementsystem DIN EN ISO 9001:2015 zertifiziert.","email":"info@fakolith.de","telephone":"+49 (0)6253 \/ 2394-0","legalName":"FAKOLITH Farben GmbH","vatID":"DE 111629099","numberOfEmployees":{"@type":"QuantitativeValue","minValue":"11","maxValue":"50"}}]}},"_links":{"self":[{"href":"https:\/\/www.fakolith.de\/en\/wp-json\/wp\/v2\/pages\/8208","targetHints":{"allow":["GET"]}}],"collection":[{"href":"https:\/\/www.fakolith.de\/en\/wp-json\/wp\/v2\/pages"}],"about":[{"href":"https:\/\/www.fakolith.de\/en\/wp-json\/wp\/v2\/types\/page"}],"author":[{"embeddable":true,"href":"https:\/\/www.fakolith.de\/en\/wp-json\/wp\/v2\/users\/1"}],"replies":[{"embeddable":true,"href":"https:\/\/www.fakolith.de\/en\/wp-json\/wp\/v2\/comments?post=8208"}],"version-history":[{"count":10,"href":"https:\/\/www.fakolith.de\/en\/wp-json\/wp\/v2\/pages\/8208\/revisions"}],"predecessor-version":[{"id":12492,"href":"https:\/\/www.fakolith.de\/en\/wp-json\/wp\/v2\/pages\/8208\/revisions\/12492"}],"up":[{"embeddable":true,"href":"https:\/\/www.fakolith.de\/en\/wp-json\/wp\/v2\/pages\/3973"}],"wp:featuredmedia":[{"embeddable":true,"href":"https:\/\/www.fakolith.de\/en\/wp-json\/wp\/v2\/media\/8213"}],"wp:attachment":[{"href":"https:\/\/www.fakolith.de\/en\/wp-json\/wp\/v2\/media?parent=8208"}],"wp:term":[{"taxonomy":"post_tag","embeddable":true,"href":"https:\/\/www.fakolith.de\/en\/wp-json\/wp\/v2\/tags?post=8208"}],"curies":[{"name":"wp","href":"https:\/\/api.w.org\/{rel}","templated":true}]}}