{"id":9187,"date":"2024-03-25T20:20:35","date_gmt":"2024-03-25T19:20:35","guid":{"rendered":"https:\/\/www.fakolith.de\/?page_id=9187"},"modified":"2024-03-26T12:57:26","modified_gmt":"2024-03-26T11:57:26","slug":"fakolith-produktfinder","status":"publish","type":"page","link":"https:\/\/www.fakolith.de\/fr\/fakolith-produktfinder\/","title":{"rendered":"Fakolith Produktfinder"},"content":{"rendered":"<div class=\"wpb-content-wrapper\">[vc_row full_width=\u00a0\u00bbstretch_row_content_no_spaces\u00a0\u00bb css=\u00a0\u00bb.vc_custom_1617288255146{margin-bottom: 0px !important;padding-bottom: 0px !important;}\u00a0\u00bb][vc_column css=\u00a0\u00bb.vc_custom_1617288267876{margin-bottom: 0px !important;padding-bottom: 0px !important;}\u00a0\u00bb][vc_single_image image=\u00a0\u00bb1818&Prime; img_size=\u00a0\u00bb2500x350px\u00a0\u00bb][\/vc_column][\/vc_row][vc_row][vc_column css=\u00a0\u00bb.vc_custom_1625065826129{margin-bottom: 10px !important;}\u00a0\u00bb][vc_column_text css=\u00a0\u00bb.vc_custom_1711394023138{padding-top: 20px !important;}\u00a0\u00bb]\n<h1>Outil de recherche de produits de FAKOLITH pour les rev\u00eatements de surface dans l\u2019industrie alimentaire<\/h1>\n[\/vc_column_text][vc_row_inner][vc_column_inner width=\u00a0\u00bb1\/2&Prime; css=\u00a0\u00bb.vc_custom_1689949264360{margin-bottom: 0px !important;}\u00a0\u00bb][vc_column_text]\n<p class=\"subhead\">Recherche de produits simplifi\u00e9e en quatre \u00e9tapes<\/p>\n<p>Dans les entreprises de transformation de produits alimentaires, les rev\u00eatements des murs et des plafonds doivent satisfaire des exigences rigoureuses. La r\u00e9glementation concernant les rev\u00eatements des bassins, r\u00e9servoirs et silos est particuli\u00e8rement stricte.<\/p>\n<p>En 4 \u00e9tapes rapides et efficaces, le nouvel outil de recherche de produits de FAKOLITH vous aide \u00e0 trouver les syst\u00e8mes de produits FAKOLITH qui conviendront le mieux pour le nettoyage, l\u2019assainissement et le rev\u00eatement final des surfaces dans votre activit\u00e9. Si vous le souhaitez, vous pouvez obtenir une pr\u00e9sentation de vos r\u00e9sultats de recherche organis\u00e9e sous la forme d\u2019un concept de r\u00e9novation au format PDF.[\/vc_column_text]<div class=\"vc_custom_1711394137153 wpex-clr\"><a href=\"https:\/\/profi.fakolith.de\" class=\"vcex-button theme-button inline green\" style=\"background:#53b43e;font-weight:600;letter-spacing:1px;\" target=\"_blank\" rel=\"noopener noreferrer\"><span class=\"vcex-button-inner theme-button-inner\">Ouvrir la recherche de produits FAKOLITH (nouvelle fen\u00eatre)<span class=\"vcex-button-icon vcex-icon-wrap theme-button-icon-right\"><span class=\"ticon ticon-arrow-right\" aria-hidden=\"true\"><\/span><\/span><\/span><\/a><\/div> [\/vc_column_inner][vc_column_inner width=\u00a0\u00bb1\/2&Prime; css=\u00a0\u00bb.vc_custom_1689949287639{margin-bottom: 0px !important;padding-top: 30px !important;}\u00a0\u00bb][vc_single_image image=\u00a0\u00bb9193&Prime; alignment=\u00a0\u00bbcenter\u00a0\u00bb onclick=\u00a0\u00bbcustom_link\u00a0\u00bb img_link_target=\u00a0\u00bb_blank\u00a0\u00bb link=\u00a0\u00bbhttps:\/\/vimeo.com\/927502993&Prime;][vc_column_text css=\u00a0\u00bb.vc_custom_1711394126268{padding-top: 10px !important;}\u00a0\u00bb]\n<p style=\"text-align: center;\">Ouvre la vid\u00e9o sur vimeo.com (nouvelle fen\u00eatre)<\/p>\n[\/vc_column_text][\/vc_column_inner][\/vc_row_inner][vc_column_text]\n<p class=\"subhead\">Quels avantages\u00a0?<\/p>\n<ul>\n<li>Interrogation bas\u00e9e seulement sur les crit\u00e8res pertinents concernant les surfaces \u00e0 traiter indication des particularit\u00e9s, en 4 \u00e9tapes simples<\/li>\n<li>Composition d\u2019un syst\u00e8me de produits adapt\u00e9s pour le nettoyage, l&rsquo;assainissement du support et le rev\u00eatement final<\/li>\n<li>Pr\u00e9s\u00e9lection automatique judicieuse de produits si vos donn\u00e9es concernant les surfaces donnent plusieurs r\u00e9sultats de recherche<\/li>\n<li>\u00c9dition d&rsquo;un concept de r\u00e9novation au format PDF pour devis ou communication<\/li>\n<li>R\u00e9sultat de recherche imm\u00e9diat, avec la possibilit\u00e9 d\u2019en discuter ensuite avec le service technique de FAKOLITH.<\/li>\n<\/ul>\n[\/vc_column_text][vc_empty_space height=\u00a0\u00bb30px\u00a0\u00bb][vc_separator][vc_column_text css=\u00a0\u00bb.vc_custom_1711394315220{padding-top: 10px !important;}\u00a0\u00bb]\n<p class=\"subhead\">Vous cherchez un rev\u00eatement pour les locaux de production, de r\u00e9frig\u00e9ration, de stockage et de vente d\u2019une entreprise de production alimentaire\u00a0?<\/p>\n<p>Les exigences concernant la qualit\u00e9 de surface des rev\u00eatements varient selon les domaines d\u2019activit\u00e9, qu\u2019il s\u2019agisse des murs, des plafonds, des cuves ou silos ou des carrelages. L\u2019outil de recherche de produits r\u00e9pond \u00e0 tous les besoins de l\u2019industrie alimentaire tout en diff\u00e9renciant les syst\u00e8mes par secteur d\u2019activit\u00e9, par exemple boucheries, boulangeries, laiteries, fromageries, caves \u00e0 vin, brasseries, transformation de poisson, transformation de fruits et l\u00e9gumes et conserveries, etc. \u00c0 l&rsquo;aide des donn\u00e9es concernant vos surfaces, le logiciel peut d\u00e9j\u00e0 proposer une bonne pr\u00e9s\u00e9lection de produits appropri\u00e9s. Si la recherche donne plusieurs r\u00e9sultats ou s\u2019il manque des donn\u00e9es essentielles pour restreindre le choix, nous vous recommandons de contacter notre service technique pour affiner votre recherche.[\/vc_column_text][vc_empty_space height=\u00a0\u00bb15px\u00a0\u00bb]<div class=\"vc_custom_1711394341778 wpex-clr\"><a href=\"https:\/\/profi.fakolith.de\" class=\"vcex-button theme-button inline green\" style=\"background:#53b43e;font-weight:600;letter-spacing:1px;\" target=\"_blank\" rel=\"noopener noreferrer\"><span class=\"vcex-button-inner theme-button-inner\">Ouvrir la recherche de produits FAKOLITH (nouvelle fen\u00eatre)<span class=\"vcex-button-icon vcex-icon-wrap theme-button-icon-right\"><span class=\"ticon ticon-arrow-right\" aria-hidden=\"true\"><\/span><\/span><\/span><\/a><\/div> [\/vc_column][\/vc_row][vc_row][vc_column][vc_separator][vc_column_text css=\u00a0\u00bb.vc_custom_1711394364522{padding-top: 20px !important;}\u00a0\u00bb]\n<h2><span class=\"ticon ticon-info-circle\" aria-hidden=\"true\" style=\"color:#dd2a1b;margin-right:5px;font-size:28px;\"><\/span> Service et conseil<\/h2>\n[\/vc_column_text][vc_column_text css=\u00a0\u00bb.vc_custom_1711453549565{padding-top: 20px !important;}\u00a0\u00bb]Si vous avez des questions sur l\u2019outil de recherche de produits de FAKOLITH ou si vous souhaitez un conseil plus approfondi sur les produits trouv\u00e9s lors de votre recherche, n&rsquo;h\u00e9sitez pas \u00e0 appeler directement notre service technique ou \u00e0 nous envoyer un e-mail.<\/p>\n<p>T\u00e9l\u00e9phone: +49 (0)6253 \/ 23 94 &#8211; 18<br \/>\nHoraires du service de conseil\u00a0: du lundi au vendredi 7.30 &#8211; 12.00 Uhr et 13.00 &#8211; 16.00 Uhr<br \/>\nE-mail: <a href=\"mailto:anwendungstechnik@fakolith.de\">anwendungstechnik@fakolith.de<\/a>[\/vc_column_text][vc_empty_space][\/vc_column][\/vc_row][vc_row][vc_column][vc_column_text visibility=\u00a0\u00bbhidden\u00a0\u00bb]F\u00fcr Suche \/ nicht sichtbar:<br \/>\nRecherche de produits, Recherche de produits, Recherche de produits, Recherche de produits, Produits rev\u00eatements hygi\u00e9niques, Rev\u00eatements alimentaires[\/vc_column_text][\/vc_column][\/vc_row]\n<\/div>","protected":false},"excerpt":{"rendered":"<p>[vc_row full_width=\u00a0\u00bbstretch_row_content_no_spaces\u00a0\u00bb css=\u00a0\u00bb.vc_custom_1617288255146{margin-bottom: 0px !important;padding-bottom: 0px !important;}\u00a0\u00bb][vc_column css=\u00a0\u00bb.vc_custom_1617288267876{margin-bottom: 0px !important;padding-bottom: 0px !important;}\u00a0\u00bb][vc_single_image image=\u00a0\u00bb1818&Prime; img_size=\u00a0\u00bb2500x350px\u00a0\u00bb][\/vc_column][\/vc_row][vc_row][vc_column css=\u00a0\u00bb.vc_custom_1625065826129{margin-bottom: 10px !important;}\u00a0\u00bb][vc_column_text css=\u00a0\u00bb.vc_custom_1711394023138{padding-top: 20px !important;}\u00a0\u00bb] Outil de recherche de produits de FAKOLITH pour les rev\u00eatements de surface dans l\u2019industrie alimentaire [\/vc_column_text][vc_row_inner][vc_column_inner width=\u00a0\u00bb1\/2&Prime; css=\u00a0\u00bb.vc_custom_1689949264360{margin-bottom: 0px !important;}\u00a0\u00bb][vc_column_text] Recherche de produits simplifi\u00e9e en quatre \u00e9tapes Dans les entreprises de transformation de produits alimentaires,&hellip;<\/p>\n","protected":false},"author":1,"featured_media":0,"parent":0,"menu_order":249,"comment_status":"closed","ping_status":"closed","template":"","meta":{"footnotes":""},"tags":[],"class_list":["post-9187","page","type-page","status-publish","hentry","entry","no-media"],"yoast_head":"<!-- This site is optimized with the Yoast SEO Premium plugin v23.6 (Yoast SEO v27.3) - https:\/\/yoast.com\/product\/yoast-seo-premium-wordpress\/ -->\n<title>Recherche de produits rev\u00eatements hygi\u00e9niques, alimentaires<\/title>\n<meta name=\"description\" content=\"Outil de recherche de produits de FAKOLITH pour les rev\u00eatements de surface dans l\u2019industrie alimentaire\" \/>\n<meta name=\"robots\" content=\"index, follow, max-snippet:-1, max-image-preview:large, max-video-preview:-1\" \/>\n<link rel=\"canonical\" href=\"https:\/\/www.fakolith.de\/fr\/fakolith-produktfinder\/\" \/>\n<meta property=\"og:locale\" content=\"fr_FR\" \/>\n<meta property=\"og:type\" content=\"article\" \/>\n<meta property=\"og:title\" content=\"FAKOLITH - Profiprodukte f\u00fcr Schimmelsanierung an Geb\u00e4uden, Hygienebeschichtungen im Gesundheitswesen, FOODGRADE-Produkte in der Lebensmittelindustrie\" \/>\n<meta property=\"og:description\" content=\"FAKOLITH entwickelt und produziert seit \u00fcber 60 Jahren innovative Beschichtungssysteme f\u00fcr professionelle Anwendungen. Heute ist FAKOLITH ein international t\u00e4tiger Hersteller von Qualit\u00e4tsprodukten im Bereich Schimmelschutz und Bautenschutz, Hochwassersch\u00e4den sowie von Farben f\u00fcr das Gesundheitswesen und Beschichtungen f\u00fcr die Lebensmittelindustrie. Die lebensmittelechten FOODGRADE-Produkte, zertifiziert f\u00fcr den Direktkontakt mit Lebensmitteln nach VO (EU) 10\/2011 und FDA 21 CFR 175.300, wurden im Rahmen von internationalen Forschungsprojekten entwickelt und erweitern heute das Produktportfolio der FAKOLITH Gruppe.\" \/>\n<meta property=\"og:url\" content=\"https:\/\/www.fakolith.de\/fr\/fakolith-produktfinder\/\" \/>\n<meta property=\"og:site_name\" content=\"Fakolith - Schimmelschutz, Bautenschutz, Hygienebeschichtungen\" \/>\n<meta property=\"article:modified_time\" content=\"2024-03-26T11:57:26+00:00\" \/>\n<meta property=\"og:image\" content=\"https:\/\/www.fakolith.de\/wp-content\/uploads\/default-social-media.jpg\" \/>\n\t<meta property=\"og:image:width\" content=\"1200\" \/>\n\t<meta property=\"og:image:height\" content=\"675\" \/>\n\t<meta property=\"og:image:type\" content=\"image\/jpeg\" \/>\n<meta name=\"twitter:card\" content=\"summary_large_image\" \/>\n<meta name=\"twitter:label1\" content=\"Dur\u00e9e de lecture estim\u00e9e\" \/>\n\t<meta name=\"twitter:data1\" content=\"4 minutes\" \/>\n<script type=\"application\/ld+json\" class=\"yoast-schema-graph\">{\"@context\":\"https:\\\/\\\/schema.org\",\"@graph\":[{\"@type\":\"WebPage\",\"@id\":\"https:\\\/\\\/www.fakolith.de\\\/fr\\\/fakolith-produktfinder\\\/\",\"url\":\"https:\\\/\\\/www.fakolith.de\\\/fr\\\/fakolith-produktfinder\\\/\",\"name\":\"Recherche de produits rev\u00eatements hygi\u00e9niques, alimentaires\",\"isPartOf\":{\"@id\":\"https:\\\/\\\/www.fakolith.de\\\/#website\"},\"datePublished\":\"2024-03-25T19:20:35+00:00\",\"dateModified\":\"2024-03-26T11:57:26+00:00\",\"description\":\"Outil de recherche de produits de FAKOLITH pour les rev\u00eatements de surface dans l\u2019industrie alimentaire\",\"breadcrumb\":{\"@id\":\"https:\\\/\\\/www.fakolith.de\\\/fr\\\/fakolith-produktfinder\\\/#breadcrumb\"},\"inLanguage\":\"fr-FR\",\"potentialAction\":[{\"@type\":\"ReadAction\",\"target\":[\"https:\\\/\\\/www.fakolith.de\\\/fr\\\/fakolith-produktfinder\\\/\"]}]},{\"@type\":\"BreadcrumbList\",\"@id\":\"https:\\\/\\\/www.fakolith.de\\\/fr\\\/fakolith-produktfinder\\\/#breadcrumb\",\"itemListElement\":[{\"@type\":\"ListItem\",\"position\":1,\"name\":\"Startseite\",\"item\":\"https:\\\/\\\/www.fakolith.de\\\/\"},{\"@type\":\"ListItem\",\"position\":2,\"name\":\"Fakolith Produktfinder\"}]},{\"@type\":\"WebSite\",\"@id\":\"https:\\\/\\\/www.fakolith.de\\\/#website\",\"url\":\"https:\\\/\\\/www.fakolith.de\\\/\",\"name\":\"Fakolith - Schimmelschutz, Bautenschutz, Hygienebeschichtungen\",\"description\":\"\",\"publisher\":{\"@id\":\"https:\\\/\\\/www.fakolith.de\\\/#organization\"},\"potentialAction\":[{\"@type\":\"SearchAction\",\"target\":{\"@type\":\"EntryPoint\",\"urlTemplate\":\"https:\\\/\\\/www.fakolith.de\\\/?s={search_term_string}\"},\"query-input\":{\"@type\":\"PropertyValueSpecification\",\"valueRequired\":true,\"valueName\":\"search_term_string\"}}],\"inLanguage\":\"fr-FR\"},{\"@type\":\"Organization\",\"@id\":\"https:\\\/\\\/www.fakolith.de\\\/#organization\",\"name\":\"FAKOLITH Farben GmbH\",\"url\":\"https:\\\/\\\/www.fakolith.de\\\/\",\"logo\":{\"@type\":\"ImageObject\",\"inLanguage\":\"fr-FR\",\"@id\":\"https:\\\/\\\/www.fakolith.de\\\/#\\\/schema\\\/logo\\\/image\\\/\",\"url\":\"https:\\\/\\\/www.fakolith.de\\\/wp-content\\\/uploads\\\/2021\\\/03\\\/FAKOLITH-Logo.png\",\"contentUrl\":\"https:\\\/\\\/www.fakolith.de\\\/wp-content\\\/uploads\\\/2021\\\/03\\\/FAKOLITH-Logo.png\",\"width\":920,\"height\":185,\"caption\":\"FAKOLITH Farben GmbH\"},\"image\":{\"@id\":\"https:\\\/\\\/www.fakolith.de\\\/#\\\/schema\\\/logo\\\/image\\\/\"},\"sameAs\":[\"https:\\\/\\\/de.linkedin.com\\\/company\\\/fakolith-hygienic-paints\",\"https:\\\/\\\/www.youtube.com\\\/channel\\\/UCMZ_L-Ut3xtVeWryvOYjaew\"]}]}<\/script>\n<!-- \/ Yoast SEO Premium plugin. -->","yoast_head_json":{"title":"Recherche de produits rev\u00eatements hygi\u00e9niques, alimentaires","description":"Outil de recherche de produits de FAKOLITH pour les rev\u00eatements de surface dans l\u2019industrie alimentaire","robots":{"index":"index","follow":"follow","max-snippet":"max-snippet:-1","max-image-preview":"max-image-preview:large","max-video-preview":"max-video-preview:-1"},"canonical":"https:\/\/www.fakolith.de\/fr\/fakolith-produktfinder\/","og_locale":"fr_FR","og_type":"article","og_title":"FAKOLITH - Profiprodukte f\u00fcr Schimmelsanierung an Geb\u00e4uden, Hygienebeschichtungen im Gesundheitswesen, FOODGRADE-Produkte in der Lebensmittelindustrie","og_description":"FAKOLITH entwickelt und produziert seit \u00fcber 60 Jahren innovative Beschichtungssysteme f\u00fcr professionelle Anwendungen. Heute ist FAKOLITH ein international t\u00e4tiger Hersteller von Qualit\u00e4tsprodukten im Bereich Schimmelschutz und Bautenschutz, Hochwassersch\u00e4den sowie von Farben f\u00fcr das Gesundheitswesen und Beschichtungen f\u00fcr die Lebensmittelindustrie. Die lebensmittelechten FOODGRADE-Produkte, zertifiziert f\u00fcr den Direktkontakt mit Lebensmitteln nach VO (EU) 10\/2011 und FDA 21 CFR 175.300, wurden im Rahmen von internationalen Forschungsprojekten entwickelt und erweitern heute das Produktportfolio der FAKOLITH Gruppe.","og_url":"https:\/\/www.fakolith.de\/fr\/fakolith-produktfinder\/","og_site_name":"Fakolith - Schimmelschutz, Bautenschutz, Hygienebeschichtungen","article_modified_time":"2024-03-26T11:57:26+00:00","og_image":[{"width":1200,"height":675,"url":"https:\/\/www.fakolith.de\/wp-content\/uploads\/default-social-media.jpg","type":"image\/jpeg"}],"twitter_card":"summary_large_image","twitter_misc":{"Dur\u00e9e de lecture estim\u00e9e":"4 minutes"},"schema":{"@context":"https:\/\/schema.org","@graph":[{"@type":"WebPage","@id":"https:\/\/www.fakolith.de\/fr\/fakolith-produktfinder\/","url":"https:\/\/www.fakolith.de\/fr\/fakolith-produktfinder\/","name":"Recherche de produits rev\u00eatements hygi\u00e9niques, alimentaires","isPartOf":{"@id":"https:\/\/www.fakolith.de\/#website"},"datePublished":"2024-03-25T19:20:35+00:00","dateModified":"2024-03-26T11:57:26+00:00","description":"Outil de recherche de produits de FAKOLITH pour les rev\u00eatements de surface dans l\u2019industrie alimentaire","breadcrumb":{"@id":"https:\/\/www.fakolith.de\/fr\/fakolith-produktfinder\/#breadcrumb"},"inLanguage":"fr-FR","potentialAction":[{"@type":"ReadAction","target":["https:\/\/www.fakolith.de\/fr\/fakolith-produktfinder\/"]}]},{"@type":"BreadcrumbList","@id":"https:\/\/www.fakolith.de\/fr\/fakolith-produktfinder\/#breadcrumb","itemListElement":[{"@type":"ListItem","position":1,"name":"Startseite","item":"https:\/\/www.fakolith.de\/"},{"@type":"ListItem","position":2,"name":"Fakolith Produktfinder"}]},{"@type":"WebSite","@id":"https:\/\/www.fakolith.de\/#website","url":"https:\/\/www.fakolith.de\/","name":"Fakolith - Schimmelschutz, Bautenschutz, Hygienebeschichtungen","description":"","publisher":{"@id":"https:\/\/www.fakolith.de\/#organization"},"potentialAction":[{"@type":"SearchAction","target":{"@type":"EntryPoint","urlTemplate":"https:\/\/www.fakolith.de\/?s={search_term_string}"},"query-input":{"@type":"PropertyValueSpecification","valueRequired":true,"valueName":"search_term_string"}}],"inLanguage":"fr-FR"},{"@type":"Organization","@id":"https:\/\/www.fakolith.de\/#organization","name":"FAKOLITH Farben GmbH","url":"https:\/\/www.fakolith.de\/","logo":{"@type":"ImageObject","inLanguage":"fr-FR","@id":"https:\/\/www.fakolith.de\/#\/schema\/logo\/image\/","url":"https:\/\/www.fakolith.de\/wp-content\/uploads\/2021\/03\/FAKOLITH-Logo.png","contentUrl":"https:\/\/www.fakolith.de\/wp-content\/uploads\/2021\/03\/FAKOLITH-Logo.png","width":920,"height":185,"caption":"FAKOLITH Farben GmbH"},"image":{"@id":"https:\/\/www.fakolith.de\/#\/schema\/logo\/image\/"},"sameAs":["https:\/\/de.linkedin.com\/company\/fakolith-hygienic-paints","https:\/\/www.youtube.com\/channel\/UCMZ_L-Ut3xtVeWryvOYjaew"]}]}},"_links":{"self":[{"href":"https:\/\/www.fakolith.de\/fr\/wp-json\/wp\/v2\/pages\/9187","targetHints":{"allow":["GET"]}}],"collection":[{"href":"https:\/\/www.fakolith.de\/fr\/wp-json\/wp\/v2\/pages"}],"about":[{"href":"https:\/\/www.fakolith.de\/fr\/wp-json\/wp\/v2\/types\/page"}],"author":[{"embeddable":true,"href":"https:\/\/www.fakolith.de\/fr\/wp-json\/wp\/v2\/users\/1"}],"replies":[{"embeddable":true,"href":"https:\/\/www.fakolith.de\/fr\/wp-json\/wp\/v2\/comments?post=9187"}],"version-history":[{"count":0,"href":"https:\/\/www.fakolith.de\/fr\/wp-json\/wp\/v2\/pages\/9187\/revisions"}],"wp:attachment":[{"href":"https:\/\/www.fakolith.de\/fr\/wp-json\/wp\/v2\/media?parent=9187"}],"wp:term":[{"taxonomy":"post_tag","embeddable":true,"href":"https:\/\/www.fakolith.de\/fr\/wp-json\/wp\/v2\/tags?post=9187"}],"curies":[{"name":"wp","href":"https:\/\/api.w.org\/{rel}","templated":true}]}}