{"id":5886,"date":"2022-08-17T15:34:19","date_gmt":"2022-08-17T13:34:19","guid":{"rendered":"https:\/\/www.fakolith.de\/?page_id=5886"},"modified":"2023-10-12T09:17:33","modified_gmt":"2023-10-12T07:17:33","slug":"rivestimenti-superficiali-alimenti","status":"publish","type":"page","link":"https:\/\/www.fakolith.de\/it\/rivestimenti-superficiali-alimenti\/","title":{"rendered":"Hygienebeschichtungen f\u00fcr Lebensmittel produzierende Unternehmen"},"content":{"rendered":"<div class=\"wpb-content-wrapper\">[vc_row full_width=&#8221;stretch_row_content_no_spaces&#8221; css=&#8221;.vc_custom_1617288255146{margin-bottom: 0px !important;padding-bottom: 0px !important;}&#8221;][vc_column css=&#8221;.vc_custom_1617288267876{margin-bottom: 0px !important;padding-bottom: 0px !important;}&#8221;][vc_single_image image=&#8221;5888&#8243; img_size=&#8221;2000&#215;260&#8243;][\/vc_column][\/vc_row][vc_row css=&#8221;.vc_custom_1649065380611{margin-bottom: 0px !important;padding-bottom: 0px !important;}&#8221;][vc_column css=&#8221;.vc_custom_1649065440671{margin-bottom: 0px !important;padding-bottom: 0px !important;}&#8221;][vc_column_text css=&#8221;.vc_custom_1649157787865{margin-bottom: 0px !important;padding-top: 20px !important;padding-bottom: 0px !important;}&#8221;]\n<h1>Rivestimenti igienici per aziende del settore alimentare<\/h1>\n[\/vc_column_text][\/vc_column][\/vc_row][vc_row][vc_column width=&#8221;3\/4&#8243;][vc_column_text css=&#8221;.vc_custom_1697095042780{padding-top: 20px !important;}&#8221;]\n<p style=\"text-align: justify;\">I rivestimenti per le superfici nell\u2019industria alimentare devono soddisfare requisiti stringenti. Questi prodotti devono infatti garantire la conformit\u00e0 con i regolamenti e le ordinanze specifiche per il contatto diretto o indiretto con gli alimenti secondo il regolamento (UE) 10\/2011, cos\u00ec come la resistenza a detergenti aggressivi e alle sollecitazioni legate alla produzione. Il rischio di formazione di muffa e batteri su soffitti e pareti deve essere sempre evitato in conformit\u00e0 con il regolamento europeo sull&#8217;igiene dei prodotti alimentari (852\/2004\/CE).<\/p>\n<p>I requisiti per le superfici negli impianti di trasformazione alimentare possono variare fortemente a seconda del settore. Nei locali di produzione con basse temperature, umidit\u00e0 permanentemente alta e intervalli di pulizia giornalieri, come nell\u2019industria della carne, \u00e8 necessario un rivestimento compatto e altamente resistente agli agenti chimici. Nei locali di produzione in cui un\u2019umidit\u00e0 elevata \u00e8 presente solo in certi momenti, come in un panificio, \u00e8 necessario un rivestimento altamente permeabile al vapore per evitare lo sgocciolamento di acqua dal soffitto.<\/p>\n<p>I rivestimenti igienici certificati sviluppati e prodotti da FAKOLITH sono utilizzati principalmente nell&#8217;industria della trasformazione alimentare, come ad esempio in panifici, macellerie, latterie, caseifici, produzione di bevande, birrerie e impianti di imbottigliamento, distillerie, cantine e settore della lavorazione del pesce. Ma anche nelle grandi cucine, nella ristorazione e nelle mense.<\/p>\n<p>Quando si cerca un rivestimento adatto e resistente per i locali di produzione, refrigerazione e stoccaggio, si usa spesso colloquialmente il termine &#8220;food-safe&#8221;. Ma: il termine &#8220;food-safe&#8221; non \u00e8 definito. In Europa, per i rivestimenti delle superfici valgono i requisiti del regolamento (UE) 10\/2011 e del regolamento (CE) 852\/2004.<\/p>\n<p>Quali detergenti utilizzare, qual \u00e8 la resistenza ai detergenti e alle sostanze chimiche del rivestimento, a quali temperature pu\u00f2 essere esposto? Conosciamo i requisiti specifici, propri del settore e saremo lieti di consigliarvi il rivestimento superficiale adatto al vostro ambito di impiego e giusto per il vostro immobile.[\/vc_column_text][\/vc_column][vc_column width=&#8221;1\/4&#8243;][vc_single_image image=&#8221;8563&#8243; onclick=&#8221;custom_link&#8221; img_link_target=&#8221;_blank&#8221; css=&#8221;.vc_custom_1697094936564{margin-top: 30px !important;}&#8221; el_class=&#8221;product-image&#8221; link=&#8221;https:\/\/www.fakolith.de\/wp-content\/uploads\/FAKOLITH-Rivestimenti-igienici-per-lindustria-alimentare.pdf&#8221;][vc_column_text css=&#8221;.vc_custom_1697095009810{padding-top: 10px !important;}&#8221;]\n<p style=\"text-align: center;\"><a href=\"https:\/\/www.fakolith.de\/wp-content\/uploads\/FAKOLITH-Rivestimenti-igienici-per-lindustria-alimentare.pdf\" target=\"_blank\" rel=\"noopener\">Scarica il volantino (PDF \/ Italiano)<\/a><\/p>\n[\/vc_column_text][\/vc_column][\/vc_row][vc_row][vc_column width=&#8221;1\/3&#8243;][vc_single_image image=&#8221;5897&#8243; onclick=&#8221;custom_link&#8221; img_hover=&#8221;opacity&#8221; link=&#8221;https:\/\/www.fakolith.de\/it\/rivestimenti-igienici\/rivestimenti-igienici-per-il-settore-della-carne\/&#8221;][vc_column_text el_class=&#8221;teaser&#8221;]\n<h2>Rivestimenti igienici per il settore della carne<\/h2>\n<p style=\"text-align: justify;\">L\u2019alta umidit\u00e0 e la pulizia quotidiana richiedono rivestimenti superficiali resistenti. Brevi tempi di inattivit\u00e0 e basse temperature sono altri fattori da considerare quando si pianificano le ristrutturazioni negli impianti di lavorazione della carne. <a href=\"https:\/\/www.fakolith.de\/it\/rivestimenti-igienici\/rivestimenti-igienici-per-il-settore-della-carne\/\">&gt;&gt; PER SAPERNE DI PI\u00d9<\/a><\/p>\n[\/vc_column_text][\/vc_column][vc_column width=&#8221;1\/3&#8243;][vc_single_image image=&#8221;5898&#8243; onclick=&#8221;custom_link&#8221; img_hover=&#8221;opacity&#8221; link=&#8221;https:\/\/www.fakolith.de\/it\/rivestimenti-igienici\/rivestimenti-igienici-per-panifici\/&#8221;][vc_column_text el_class=&#8221;teaser&#8221;]\n<h2>Rivestimenti igienici per panifici<\/h2>\n<p style=\"text-align: justify;\">Nei panifici, l\u2019apertura dei forni provoca, temporaneamente, un forte aumento dell\u2019umidit\u00e0 e un alto carico di vapore. Questo porta a fenomeni di imbrunimento e alla formazione di gocce d\u2019acqua nella zona del soffitto, che devono essere evitate. <a href=\"https:\/\/www.fakolith.de\/it\/rivestimenti-igienici\/rivestimenti-igienici-per-panifici\/\">&gt;&gt; PER SAPERNE DI PI\u00d9<\/a><\/p>\n[\/vc_column_text][\/vc_column][vc_column width=&#8221;1\/3&#8243;][vc_single_image image=&#8221;5899&#8243; onclick=&#8221;custom_link&#8221; img_hover=&#8221;opacity&#8221; link=&#8221;https:\/\/www.fakolith.de\/it\/rivestimenti-igienici\/rivestimenti-igienici-per-il-settore-delle-bevande\/&#8221;][vc_column_text el_class=&#8221;teaser&#8221;]\n<h2>Rivestimenti igienici per il settore delle bevande<\/h2>\n<p style=\"text-align: justify;\">Nei locali in cui si producono bevande, l\u2019umidit\u00e0 \u00e8 in media del 70-90%. Tale umidit\u00e0 si condensa sulla superficie di soffitti e pareti, con conseguente rischio di formazione di muffa e batteri. <a href=\"https:\/\/www.fakolith.de\/it\/rivestimenti-igienici\/rivestimenti-igienici-per-il-settore-delle-bevande\/\">&gt;&gt; PER SAPERNE DI PI\u00d9<\/a><\/p>\n[\/vc_column_text][\/vc_column][\/vc_row][vc_row][vc_column width=&#8221;1\/3&#8243;][vc_single_image image=&#8221;5846&#8243; onclick=&#8221;custom_link&#8221; img_hover=&#8221;opacity&#8221; link=&#8221;https:\/\/www.fakolith.de\/it\/rivestimenti-igienici\/rivestimenti-foodgrade-per-cisterne-alimentari\/&#8221;][vc_column_text el_class=&#8221;teaser&#8221;]\n<h2>Rivestimenti FOODGRADE per cisterne alimentari<\/h2>\n<p style=\"text-align: justify;\">Quando si utilizzano cisterne, silos o vasche per lo stoccaggio di prodotti alimentari, \u00e8 essenziale escludere qualsiasi rischio di rilascio di sostanze tossiche dal rivestimento della cisterna agli alimenti in essa contenuti. <a href=\"https:\/\/www.fakolith.de\/it\/rivestimenti-igienici\/rivestimenti-foodgrade-per-cisterne-alimentari\/\">&gt;&gt; PER SAPERNE DI PI\u00d9<\/a><\/p>\n[\/vc_column_text][\/vc_column][vc_column width=&#8221;1\/3&#8243;][vc_single_image image=&#8221;6002&#8243; onclick=&#8221;custom_link&#8221; img_hover=&#8221;opacity&#8221; link=&#8221;https:\/\/www.fakolith.de\/it\/rivestimenti-igienici\/rivestimenti-superficiali-celle-frigorifere\/&#8221;][vc_column_text el_class=&#8221;teaser&#8221;]\n<h2>Rivestimenti superficiali per celle frigorifere e magazzini<\/h2>\n<p style=\"text-align: justify;\">Nelle celle frigorifere industriali, la presenza di ruggine, muffa, batteri e vernice scrostata va evitata, non da ultimo per il rischio di contestazioni da parte delle autorit\u00e0 sanitarie preposte. <a href=\"https:\/\/www.fakolith.de\/it\/rivestimenti-igienici\/rivestimenti-superficiali-celle-frigorifere\/\">&gt;&gt; PER SAPERNE DI PI\u00d9<\/a><\/p>\n[\/vc_column_text][\/vc_column][vc_column width=&#8221;1\/3&#8243;][vc_single_image image=&#8221;5895&#8243; onclick=&#8221;custom_link&#8221; img_hover=&#8221;opacity&#8221; link=&#8221;https:\/\/www.fakolith.de\/it\/legenda\/#biofilmstop&#8221;][vc_column_text el_class=&#8221;teaser&#8221;]\n<h2>Che cosa significa BIO.FILM.STOP?<\/h2>\n<p style=\"text-align: justify;\">\u201cBiofilm\u201d \u00e8 un termine usato per descrivere un complesso aggregato di microrganismi sulle superfici. Se la formazione di un biofilm non viene fermata, pu\u00f2 portare alla contaminazione degli alimenti aperti. <a href=\"https:\/\/www.fakolith.de\/it\/legenda\/#biofilmstop\">&gt;&gt; PER SAPERNE DI PI\u00d9<\/a><\/p>\n[\/vc_column_text][\/vc_column][\/vc_row][vc_row][vc_column width=&#8221;1\/3&#8243;][\/vc_column][vc_column width=&#8221;1\/3&#8243;][vc_single_image image=&#8221;5896&#8243; onclick=&#8221;custom_link&#8221; img_hover=&#8221;opacity&#8221; link=&#8221;https:\/\/www.fakolith.de\/it\/foodgrade-contatto-diretto-con-gli-alimenti\/&#8221;][vc_column_text el_class=&#8221;teaser&#8221;]\n<h2>Che cosa significa FOODGRADE?<\/h2>\n<p style=\"text-align: justify;\">Nel nostro portafoglio di prodotti, il termine FOODGRADE indica pitture e rivestimenti sviluppati e prodotti da FAKOLITH per applicazioni a diretto contatto con gli alimenti.<br \/>\n<a href=\"https:\/\/www.fakolith.de\/it\/foodgrade-contatto-diretto-con-gli-alimenti\/\" target=\"_blank\" rel=\"noopener\">&gt;&gt; PER SAPERNE DI PI\u00d9<\/a><\/p>\n[\/vc_column_text][\/vc_column][vc_column width=&#8221;1\/3&#8243;][\/vc_column][\/vc_row][vc_row][vc_column][vc_empty_space][\/vc_column][\/vc_row]\n<\/div>","protected":false},"excerpt":{"rendered":"<p>[vc_row full_width=&#8221;stretch_row_content_no_spaces&#8221; css=&#8221;.vc_custom_1617288255146{margin-bottom: 0px !important;padding-bottom: 0px !important;}&#8221;][vc_column css=&#8221;.vc_custom_1617288267876{margin-bottom: 0px !important;padding-bottom: 0px !important;}&#8221;][vc_single_image image=&#8221;5888&#8243; img_size=&#8221;2000&#215;260&#8243;][\/vc_column][\/vc_row][vc_row css=&#8221;.vc_custom_1649065380611{margin-bottom: 0px !important;padding-bottom: 0px !important;}&#8221;][vc_column css=&#8221;.vc_custom_1649065440671{margin-bottom: 0px !important;padding-bottom: 0px !important;}&#8221;][vc_column_text css=&#8221;.vc_custom_1649157787865{margin-bottom: 0px !important;padding-top: 20px !important;padding-bottom: 0px !important;}&#8221;] Rivestimenti igienici per aziende del settore alimentare [\/vc_column_text][\/vc_column][\/vc_row][vc_row][vc_column width=&#8221;3\/4&#8243;][vc_column_text css=&#8221;.vc_custom_1697095042780{padding-top: 20px !important;}&#8221;] I rivestimenti per le superfici nell\u2019industria alimentare devono soddisfare requisiti stringenti. Questi&hellip;<\/p>\n","protected":false},"author":1,"featured_media":0,"parent":0,"menu_order":35,"comment_status":"closed","ping_status":"closed","template":"","meta":{"inline_featured_image":false,"footnotes":""},"tags":[],"class_list":["post-5886","page","type-page","status-publish","hentry","entry","no-media"],"yoast_head":"<!-- This site is optimized with the Yoast SEO Premium plugin v27.4 (Yoast SEO v27.4) - https:\/\/yoast.com\/product\/yoast-seo-premium-wordpress\/ -->\n<title>Rivestimenti igienici per aziende del settore alimentare<\/title>\n<meta name=\"description\" content=\"I rivestimenti per le superfici nell\u2019industria alimentare devono soddisfare requisiti stringenti.\" \/>\n<meta name=\"robots\" content=\"index, follow, max-snippet:-1, max-image-preview:large, max-video-preview:-1\" \/>\n<link rel=\"canonical\" href=\"https:\/\/www.fakolith.de\/it\/rivestimenti-superficiali-alimenti\/\" \/>\n<meta property=\"og:locale\" content=\"it_IT\" \/>\n<meta property=\"og:type\" content=\"article\" \/>\n<meta property=\"og:title\" content=\"FAKOLITH - Profiprodukte f\u00fcr Schimmelsanierung an Geb\u00e4uden, Hygienebeschichtungen im Gesundheitswesen, FOODGRADE-Produkte in der Lebensmittelindustrie\" \/>\n<meta property=\"og:description\" content=\"FAKOLITH entwickelt und produziert seit \u00fcber 60 Jahren innovative Beschichtungssysteme f\u00fcr professionelle Anwendungen. Heute ist FAKOLITH ein international t\u00e4tiger Hersteller von Qualit\u00e4tsprodukten im Bereich Schimmelschutz und Bautenschutz, Hochwassersch\u00e4den sowie von Farben f\u00fcr das Gesundheitswesen und Beschichtungen f\u00fcr die Lebensmittelindustrie. Die lebensmittelechten FOODGRADE-Produkte, zertifiziert f\u00fcr den Direktkontakt mit Lebensmitteln nach VO (EU) 10\/2011 und FDA 21 CFR 175.300, wurden im Rahmen von internationalen Forschungsprojekten entwickelt und erweitern heute das Produktportfolio der FAKOLITH Gruppe.\" \/>\n<meta property=\"og:url\" content=\"https:\/\/www.fakolith.de\/it\/rivestimenti-superficiali-alimenti\/\" \/>\n<meta property=\"og:site_name\" content=\"Fakolith - Schimmelschutz, Bautenschutz, Hygienebeschichtungen\" \/>\n<meta property=\"article:modified_time\" content=\"2023-10-12T07:17:33+00:00\" \/>\n<meta property=\"og:image\" content=\"https:\/\/www.fakolith.de\/wp-content\/uploads\/default-social-media.jpg\" \/>\n\t<meta property=\"og:image:width\" content=\"1200\" \/>\n\t<meta property=\"og:image:height\" content=\"675\" \/>\n\t<meta property=\"og:image:type\" content=\"image\/jpeg\" \/>\n<meta name=\"twitter:card\" content=\"summary_large_image\" \/>\n<meta name=\"twitter:label1\" content=\"Tempo di lettura stimato\" \/>\n\t<meta name=\"twitter:data1\" content=\"4 minuti\" \/>\n<script type=\"application\/ld+json\" class=\"yoast-schema-graph\">{\"@context\":\"https:\\\/\\\/schema.org\",\"@graph\":[{\"@type\":\"WebPage\",\"@id\":\"https:\\\/\\\/www.fakolith.de\\\/it\\\/rivestimenti-superficiali-alimenti\\\/\",\"url\":\"https:\\\/\\\/www.fakolith.de\\\/it\\\/rivestimenti-superficiali-alimenti\\\/\",\"name\":\"Rivestimenti igienici per aziende del settore alimentare\",\"isPartOf\":{\"@id\":\"https:\\\/\\\/www.fakolith.de\\\/it\\\/#website\"},\"datePublished\":\"2022-08-17T13:34:19+00:00\",\"dateModified\":\"2023-10-12T07:17:33+00:00\",\"description\":\"I rivestimenti per le superfici nell\u2019industria alimentare devono soddisfare requisiti stringenti.\",\"breadcrumb\":{\"@id\":\"https:\\\/\\\/www.fakolith.de\\\/it\\\/rivestimenti-superficiali-alimenti\\\/#breadcrumb\"},\"inLanguage\":\"it-IT\",\"potentialAction\":[{\"@type\":\"ReadAction\",\"target\":[\"https:\\\/\\\/www.fakolith.de\\\/it\\\/rivestimenti-superficiali-alimenti\\\/\"]}]},{\"@type\":\"BreadcrumbList\",\"@id\":\"https:\\\/\\\/www.fakolith.de\\\/it\\\/rivestimenti-superficiali-alimenti\\\/#breadcrumb\",\"itemListElement\":[{\"@type\":\"ListItem\",\"position\":1,\"name\":\"Startseite\",\"item\":\"https:\\\/\\\/www.fakolith.de\\\/it\\\/\"},{\"@type\":\"ListItem\",\"position\":2,\"name\":\"Hygienebeschichtungen\",\"item\":\"https:\\\/\\\/www.fakolith.de\\\/it\\\/rivestimenti-igienici\\\/\"},{\"@type\":\"ListItem\",\"position\":3,\"name\":\"Hygienebeschichtungen f\u00fcr Lebensmittel produzierende Unternehmen\"}]},{\"@type\":\"WebSite\",\"@id\":\"https:\\\/\\\/www.fakolith.de\\\/it\\\/#website\",\"url\":\"https:\\\/\\\/www.fakolith.de\\\/it\\\/\",\"name\":\"Fakolith - Schimmelschutz, Bautenschutz, Hygienebeschichtungen\",\"description\":\"\",\"publisher\":{\"@id\":\"https:\\\/\\\/www.fakolith.de\\\/it\\\/#organization\"},\"potentialAction\":[{\"@type\":\"SearchAction\",\"target\":{\"@type\":\"EntryPoint\",\"urlTemplate\":\"https:\\\/\\\/www.fakolith.de\\\/it\\\/?s={search_term_string}\"},\"query-input\":{\"@type\":\"PropertyValueSpecification\",\"valueRequired\":true,\"valueName\":\"search_term_string\"}}],\"inLanguage\":\"it-IT\"},{\"@type\":\"Organization\",\"@id\":\"https:\\\/\\\/www.fakolith.de\\\/it\\\/#organization\",\"name\":\"FAKOLITH Farben GmbH\",\"url\":\"https:\\\/\\\/www.fakolith.de\\\/it\\\/\",\"logo\":{\"@type\":\"ImageObject\",\"inLanguage\":\"it-IT\",\"@id\":\"https:\\\/\\\/www.fakolith.de\\\/it\\\/#\\\/schema\\\/logo\\\/image\\\/\",\"url\":\"https:\\\/\\\/www.fakolith.de\\\/wp-content\\\/uploads\\\/2021\\\/03\\\/FAKOLITH-Logo.png\",\"contentUrl\":\"https:\\\/\\\/www.fakolith.de\\\/wp-content\\\/uploads\\\/2021\\\/03\\\/FAKOLITH-Logo.png\",\"width\":920,\"height\":185,\"caption\":\"FAKOLITH Farben GmbH\"},\"image\":{\"@id\":\"https:\\\/\\\/www.fakolith.de\\\/it\\\/#\\\/schema\\\/logo\\\/image\\\/\"},\"sameAs\":[\"https:\\\/\\\/de.linkedin.com\\\/company\\\/fakolith-hygienic-paints\",\"https:\\\/\\\/www.youtube.com\\\/channel\\\/UCMZ_L-Ut3xtVeWryvOYjaew\"],\"description\":\"Als Hersteller chemischer Produkte produziert FAKOLITH alle Produkte in Deutschland und Spanien. Gemeinsam mit der spanischen Tochterfirma FAKOLITH CHEMICAL SYSTEMS ist FAKOLITH seit 2006 nach dem Qualit\u00e4tsmanagementsystem DIN EN ISO 9001:2015 zertifiziert.\",\"email\":\"info@fakolith.de\",\"telephone\":\"+49 (0)6253 \\\/ 2394-0\",\"legalName\":\"FAKOLITH Farben GmbH\",\"vatID\":\"DE 111629099\",\"numberOfEmployees\":{\"@type\":\"QuantitativeValue\",\"minValue\":\"11\",\"maxValue\":\"50\"}}]}<\/script>\n<!-- \/ Yoast SEO Premium plugin. -->","yoast_head_json":{"title":"Rivestimenti igienici per aziende del settore alimentare","description":"I rivestimenti per le superfici nell\u2019industria alimentare devono soddisfare requisiti stringenti.","robots":{"index":"index","follow":"follow","max-snippet":"max-snippet:-1","max-image-preview":"max-image-preview:large","max-video-preview":"max-video-preview:-1"},"canonical":"https:\/\/www.fakolith.de\/it\/rivestimenti-superficiali-alimenti\/","og_locale":"it_IT","og_type":"article","og_title":"FAKOLITH - Profiprodukte f\u00fcr Schimmelsanierung an Geb\u00e4uden, Hygienebeschichtungen im Gesundheitswesen, FOODGRADE-Produkte in der Lebensmittelindustrie","og_description":"FAKOLITH entwickelt und produziert seit \u00fcber 60 Jahren innovative Beschichtungssysteme f\u00fcr professionelle Anwendungen. Heute ist FAKOLITH ein international t\u00e4tiger Hersteller von Qualit\u00e4tsprodukten im Bereich Schimmelschutz und Bautenschutz, Hochwassersch\u00e4den sowie von Farben f\u00fcr das Gesundheitswesen und Beschichtungen f\u00fcr die Lebensmittelindustrie. Die lebensmittelechten FOODGRADE-Produkte, zertifiziert f\u00fcr den Direktkontakt mit Lebensmitteln nach VO (EU) 10\/2011 und FDA 21 CFR 175.300, wurden im Rahmen von internationalen Forschungsprojekten entwickelt und erweitern heute das Produktportfolio der FAKOLITH Gruppe.","og_url":"https:\/\/www.fakolith.de\/it\/rivestimenti-superficiali-alimenti\/","og_site_name":"Fakolith - Schimmelschutz, Bautenschutz, Hygienebeschichtungen","article_modified_time":"2023-10-12T07:17:33+00:00","og_image":[{"width":1200,"height":675,"url":"https:\/\/www.fakolith.de\/wp-content\/uploads\/default-social-media.jpg","type":"image\/jpeg"}],"twitter_card":"summary_large_image","twitter_misc":{"Tempo di lettura stimato":"4 minuti"},"schema":{"@context":"https:\/\/schema.org","@graph":[{"@type":"WebPage","@id":"https:\/\/www.fakolith.de\/it\/rivestimenti-superficiali-alimenti\/","url":"https:\/\/www.fakolith.de\/it\/rivestimenti-superficiali-alimenti\/","name":"Rivestimenti igienici per aziende del settore alimentare","isPartOf":{"@id":"https:\/\/www.fakolith.de\/it\/#website"},"datePublished":"2022-08-17T13:34:19+00:00","dateModified":"2023-10-12T07:17:33+00:00","description":"I rivestimenti per le superfici nell\u2019industria alimentare devono soddisfare requisiti stringenti.","breadcrumb":{"@id":"https:\/\/www.fakolith.de\/it\/rivestimenti-superficiali-alimenti\/#breadcrumb"},"inLanguage":"it-IT","potentialAction":[{"@type":"ReadAction","target":["https:\/\/www.fakolith.de\/it\/rivestimenti-superficiali-alimenti\/"]}]},{"@type":"BreadcrumbList","@id":"https:\/\/www.fakolith.de\/it\/rivestimenti-superficiali-alimenti\/#breadcrumb","itemListElement":[{"@type":"ListItem","position":1,"name":"Startseite","item":"https:\/\/www.fakolith.de\/it\/"},{"@type":"ListItem","position":2,"name":"Hygienebeschichtungen","item":"https:\/\/www.fakolith.de\/it\/rivestimenti-igienici\/"},{"@type":"ListItem","position":3,"name":"Hygienebeschichtungen f\u00fcr Lebensmittel produzierende Unternehmen"}]},{"@type":"WebSite","@id":"https:\/\/www.fakolith.de\/it\/#website","url":"https:\/\/www.fakolith.de\/it\/","name":"Fakolith - Schimmelschutz, Bautenschutz, Hygienebeschichtungen","description":"","publisher":{"@id":"https:\/\/www.fakolith.de\/it\/#organization"},"potentialAction":[{"@type":"SearchAction","target":{"@type":"EntryPoint","urlTemplate":"https:\/\/www.fakolith.de\/it\/?s={search_term_string}"},"query-input":{"@type":"PropertyValueSpecification","valueRequired":true,"valueName":"search_term_string"}}],"inLanguage":"it-IT"},{"@type":"Organization","@id":"https:\/\/www.fakolith.de\/it\/#organization","name":"FAKOLITH Farben GmbH","url":"https:\/\/www.fakolith.de\/it\/","logo":{"@type":"ImageObject","inLanguage":"it-IT","@id":"https:\/\/www.fakolith.de\/it\/#\/schema\/logo\/image\/","url":"https:\/\/www.fakolith.de\/wp-content\/uploads\/2021\/03\/FAKOLITH-Logo.png","contentUrl":"https:\/\/www.fakolith.de\/wp-content\/uploads\/2021\/03\/FAKOLITH-Logo.png","width":920,"height":185,"caption":"FAKOLITH Farben GmbH"},"image":{"@id":"https:\/\/www.fakolith.de\/it\/#\/schema\/logo\/image\/"},"sameAs":["https:\/\/de.linkedin.com\/company\/fakolith-hygienic-paints","https:\/\/www.youtube.com\/channel\/UCMZ_L-Ut3xtVeWryvOYjaew"],"description":"Als Hersteller chemischer Produkte produziert FAKOLITH alle Produkte in Deutschland und Spanien. Gemeinsam mit der spanischen Tochterfirma FAKOLITH CHEMICAL SYSTEMS ist FAKOLITH seit 2006 nach dem Qualit\u00e4tsmanagementsystem DIN EN ISO 9001:2015 zertifiziert.","email":"info@fakolith.de","telephone":"+49 (0)6253 \/ 2394-0","legalName":"FAKOLITH Farben GmbH","vatID":"DE 111629099","numberOfEmployees":{"@type":"QuantitativeValue","minValue":"11","maxValue":"50"}}]}},"_links":{"self":[{"href":"https:\/\/www.fakolith.de\/it\/wp-json\/wp\/v2\/pages\/5886","targetHints":{"allow":["GET"]}}],"collection":[{"href":"https:\/\/www.fakolith.de\/it\/wp-json\/wp\/v2\/pages"}],"about":[{"href":"https:\/\/www.fakolith.de\/it\/wp-json\/wp\/v2\/types\/page"}],"author":[{"embeddable":true,"href":"https:\/\/www.fakolith.de\/it\/wp-json\/wp\/v2\/users\/1"}],"replies":[{"embeddable":true,"href":"https:\/\/www.fakolith.de\/it\/wp-json\/wp\/v2\/comments?post=5886"}],"version-history":[{"count":0,"href":"https:\/\/www.fakolith.de\/it\/wp-json\/wp\/v2\/pages\/5886\/revisions"}],"wp:attachment":[{"href":"https:\/\/www.fakolith.de\/it\/wp-json\/wp\/v2\/media?parent=5886"}],"wp:term":[{"taxonomy":"post_tag","embeddable":true,"href":"https:\/\/www.fakolith.de\/it\/wp-json\/wp\/v2\/tags?post=5886"}],"curies":[{"name":"wp","href":"https:\/\/api.w.org\/{rel}","templated":true}]}}