{"id":5905,"date":"2022-04-05T13:52:45","date_gmt":"2022-04-05T11:52:45","guid":{"rendered":"https:\/\/www.fakolith.de\/?page_id=5905"},"modified":"2022-10-27T12:49:19","modified_gmt":"2022-10-27T10:49:19","slug":"rivestimenti-foodgrade-per-cisterne-alimentari","status":"publish","type":"page","link":"https:\/\/www.fakolith.de\/it\/rivestimenti-foodgrade-per-cisterne-alimentari\/","title":{"rendered":"FOODGRADE Beschichtungen f\u00fcr Lebensmitteltanks"},"content":{"rendered":"<div class=\"wpb-content-wrapper\">[vc_row full_width=&#8221;stretch_row_content_no_spaces&#8221; css=&#8221;.vc_custom_1617288255146{margin-bottom: 0px !important;padding-bottom: 0px !important;}&#8221;][vc_column css=&#8221;.vc_custom_1617288267876{margin-bottom: 0px !important;padding-bottom: 0px !important;}&#8221;][vc_single_image image=&#8221;5916&#8243; img_size=&#8221;2500x350px&#8221;][\/vc_column][\/vc_row][vc_row][vc_column css=&#8221;.vc_custom_1625739200557{margin-bottom: 0px !important;}&#8221;][vc_column_text css=&#8221;.vc_custom_1649159085260{padding-top: 20px !important;}&#8221;]\n<h1>FOODGRADE \u2013 Rivestimenti per cisterne alimentari<\/h1>\n[\/vc_column_text][\/vc_column][\/vc_row][vc_row][vc_column width=&#8221;1\/2&#8243; css=&#8221;.vc_custom_1618835795868{margin-top: 0px !important;padding-top: 0px !important;}&#8221;][vc_column_text css=&#8221;.vc_custom_1649159251472{padding-top: 20px !important;padding-right: 20px !important;}&#8221;]\n<p style=\"text-align: justify;\">Le superfici dei contenitori, delle cisterne e dei sili in cui si producono, si trasferiscono o si conservano gli alimenti devono essere espressamente idonee per questo utilizzo. \u00c8 essenziale escludere qualsiasi rischio di rilascio di sostanze tossiche dalla cisterna agli alimenti in essa contenuti, che risulterebbero in tal caso contaminati e non commestibili.<\/p>\n<h2 style=\"text-align: justify;\">I rivestimenti delle cisterne creano uno strato barriera.<\/h2>\n<p style=\"text-align: justify;\">Proteggono gli alimenti dalla corrosione, dalla contaminazione e dal rilascio di sostanze tossiche. In tal senso la scelta del giusto rivestimento e l\u2019applicazione professionale sono decisive per il risultato dei lavori. I fattori decisivi per la scelta del prodotto sono<\/p>\n<ul>\n<li>il tipo di materiale di riempimento<\/li>\n<li>i detergenti<\/li>\n<li>la temperatura durante l\u2019uso<\/li>\n<li>i requisiti normativi locali (p.es., UE o FDA)<\/li>\n<li>il periodo di conservazione del materiale di riempimento<\/li>\n<li>il sottofondo o il vecchio rivestimento<\/li>\n<li>il tempo disponibile per il rifacimento<\/li>\n<li>l\u2019uso interno o esterno<\/li>\n<\/ul>\n<h2>Reg. (UE) 10\/2011 e FDA 21 CFR 175.300<\/h2>\n<p>I rivestimenti superficiali che entrano in contatto diretto con gli alimenti devono essere conformi al regolamento (UE) 10\/2011 in Europa e alla norma FDA 21 CFR 175.300 per il mercato statunitense. Il regolamento (UE) 10\/2011 e la norma FDA 21 CFR 175.300 sanciscono i requisiti tecnici per i materiali e gli oggetti di plastica destinati a venire a contatto con gli alimenti. Questi rivestimenti sono contraddistinti dalla denominazione aggiuntiva FOODGRADE nel nostro assortimento di prodotti.<\/p>\n<p>I seguenti rivestimenti per cisterne sono testati per il contatto diretto con tutti i prodotti alimentari in conformit\u00e0 con il Reg. (UE) 10\/2011. FK 100 FOODGRADE \u00e8 doppiamente certificato, cio\u00e8 sia secondo il Reg. (UE) 10\/2011 che secondo la norma FDA 21 CFR 175.300. I rivestimenti si differenziano per:<\/p>\n<ul>\n<li>base legante<\/li>\n<li>tipo di certificazione<\/li>\n<li>resistenza chimica<\/li>\n<li>temperature di applicazione<\/li>\n<li>resistenza alle intemperie<\/li>\n<li>intensit\u00e0 dell\u2019odore durante l\u2019applicazione<\/li>\n<\/ul>\n[\/vc_column_text][\/vc_column][vc_column width=&#8221;1\/2&#8243; css=&#8221;.vc_custom_1618835819197{padding-right: 20px !important;padding-left: 20px !important;}&#8221;][vc_media_grid gap=&#8221;20&#8243; grid_id=&#8221;vc_gid:1666866139729-cc3f5cb4-0184-0&#8243; include=&#8221;5915,5914,5913,5912,5907,5908,5909,5910,5911&#8243; css=&#8221;.vc_custom_1625759576484{padding-top: 30px !important;}&#8221;][\/vc_column][\/vc_row][vc_row][vc_column css=&#8221;.vc_custom_1618837702517{margin-bottom: 20px !important;}&#8221;][vc_column_text]\n<h2>Panoramica dei rivestimenti per serbatoi e sili FOODGRADE<\/h2>\n[\/vc_column_text][\/vc_column][\/vc_row][vc_row][vc_column][vc_single_image image=&#8221;7378&#8243;][vc_empty_space height=&#8221;10px&#8221;][vc_raw_html css=&#8221;.vc_custom_1666866149654{padding-top: 20px !important;}&#8221;]JTVCM2QtZmxpcC1ib29rJTIwbW9kZSUzRCUyMmxpbmstbGlnaHRib3glMjIlMjBpZCUzRCUyMjc1NjclMjIlNUQlMEElM0NzcGFuJTIwY2xhc3MlM0QlMjJ2Y2V4LWJ1dHRvbiUyMHRoZW1lLWJ1dHRvbiUyMGZsYXQlMjBpbmxpbmUlMjB3cGV4LWRob3Zlci0wJTIyJTIwc3R5bGUlM0QlMjJjb2xvciUzQSUyMCUyM2ZmZmZmZiUzQiUyMGZvbnQtd2VpZ2h0JTNBJTIwNjAwJTNCJTIwbGV0dGVyLXNwYWNpbmclM0ElMjAxcHglM0IlMjBib3JkZXItcmFkaXVzJTNBJTIwMCUzQiUyMHRleHQtdHJhbnNmb3JtJTNBJTIwdXBwZXJjYXNlJTNCJTIyJTIwZGF0YS13cGV4LWhvdmVyJTNEJTIyJTdCJTI2cXVvdCUzQmJhY2tncm91bmQlMjZxdW90JTNCJTNBJTI2cXVvdCUzQiUyM2Y5MzAxZCUyNnF1b3QlM0IlN0QlMjIlM0UlM0NzcGFuJTIwY2xhc3MlM0QlMjJ0aGVtZS1idXR0b24taW5uZXIlMjIlM0VQQU5PUkFNSUNBJTIwJTJGJTIwVEFCRUxMQSUyMCUyOFBERiUyOSUyMCUzQ3NwYW4lMjBjbGFzcyUzRCUyMnRpY29uJTIwdGljb24tYXJyb3ctcmlnaHQlMjIlMjBzdHlsZSUzRCUyMnBhZGRpbmctbGVmdCUzQTVweCUzQiUyMiUyMGFyaWEtaGlkZGVuJTNEJTIydHJ1ZSUyMiUzRSUzQyUyRnNwYW4lM0UlM0MlMkZzcGFuJTNFJTNDJTJGc3BhbiUzRSUwQSU1QiUyRjNkLWZsaXAtYm9vayU1RA==[\/vc_raw_html][vc_empty_space height=&#8221;10px&#8221;][vc_column_text visibility=&#8221;show-at-mm-breakpoint&#8221;]Scorri la tabella verso destra con le dita o con il mouse per vedere tutti i prodotti.[\/vc_column_text][vc_row_inner css=&#8221;.vc_custom_1625762382340{margin-bottom: 0px !important;padding-bottom: 0px !important;}&#8221;][vc_column_inner width=&#8221;1\/3&#8243;]<style>.vcex-button.vcex_69e9f58e67e32{border-radius:0px;color:#ffffff!important;font-weight:600;text-transform:uppercase;letter-spacing:1px;}.vcex-button.vcex_69e9f58e67e32:hover{background:#f9301d!important;}<\/style><div class=\"vc_custom_1666865701455 wpex-clr\"><a href=\"https:\/\/www.fakolith.de\/it\/prodotti\/fk-100-foodgrade\/\" class=\"vcex-button theme-button flat inline vcex_69e9f58e67e32\"><span class=\"vcex-button-inner theme-button-inner wpex-flex wpex-flex-wrap wpex-items-center wpex-justify-center\">FAKOLITH FK 100 FOODGRADE <span class=\"vcex-button-icon vcex-icon-wrap theme-button-icon-right\"><span class=\"wpex-icon wpex-icon--bidi\" aria-hidden=\"true\"><svg xmlns=\"http:\/\/www.w3.org\/2000\/svg\" viewBox=\"0 0 448 512\"><path d=\"M438.6 278.6c12.5-12.5 12.5-32.8 0-45.3l-160-160c-12.5-12.5-32.8-12.5-45.3 0s-12.5 32.8 0 45.3L338.8 224 32 224c-17.7 0-32 14.3-32 32s14.3 32 32 32l306.7 0L233.4 393.4c-12.5 12.5-12.5 32.8 0 45.3s32.8 12.5 45.3 0l160-160z\"\/><\/svg><\/span><\/span><\/span><\/a><\/div> [\/vc_column_inner][vc_column_inner width=&#8221;1\/3&#8243;]<style>.vcex-button.vcex_69e9f58e69625{border-radius:0px;color:#ffffff!important;font-weight:600;text-transform:uppercase;letter-spacing:1px;}.vcex-button.vcex_69e9f58e69625:hover{background:#f9301d!important;}<\/style><div class=\"vc_custom_1666865713829 wpex-clr\"><a href=\"https:\/\/www.fakolith.de\/it\/prodotti\/fakopur-foodgrade\/\" class=\"vcex-button theme-button flat inline vcex_69e9f58e69625\"><span class=\"vcex-button-inner theme-button-inner wpex-flex wpex-flex-wrap wpex-items-center wpex-justify-center\">FAKOPUR FOODGRADE <span class=\"vcex-button-icon vcex-icon-wrap theme-button-icon-right\"><span class=\"wpex-icon wpex-icon--bidi\" aria-hidden=\"true\"><svg xmlns=\"http:\/\/www.w3.org\/2000\/svg\" viewBox=\"0 0 448 512\"><path d=\"M438.6 278.6c12.5-12.5 12.5-32.8 0-45.3l-160-160c-12.5-12.5-32.8-12.5-45.3 0s-12.5 32.8 0 45.3L338.8 224 32 224c-17.7 0-32 14.3-32 32s14.3 32 32 32l306.7 0L233.4 393.4c-12.5 12.5-12.5 32.8 0 45.3s32.8 12.5 45.3 0l160-160z\"\/><\/svg><\/span><\/span><\/span><\/a><\/div> [\/vc_column_inner][vc_column_inner width=&#8221;1\/3&#8243;]<style>.vcex-button.vcex_69e9f58e6a49e{border-radius:0px;color:#ffffff!important;font-weight:600;text-transform:uppercase;letter-spacing:1px;}.vcex-button.vcex_69e9f58e6a49e:hover{background:#f9301d!important;}<\/style><div class=\"vc_custom_1666865733877 wpex-clr\"><a href=\"https:\/\/www.fakolith.de\/it\/prodotti\/fakolith-fk-45-foodgrade\/\" class=\"vcex-button theme-button flat inline vcex_69e9f58e6a49e\"><span class=\"vcex-button-inner theme-button-inner wpex-flex wpex-flex-wrap wpex-items-center wpex-justify-center\">FAKOLITH FK 45 FOODGRADE <span class=\"vcex-button-icon vcex-icon-wrap theme-button-icon-right\"><span class=\"wpex-icon wpex-icon--bidi\" aria-hidden=\"true\"><svg xmlns=\"http:\/\/www.w3.org\/2000\/svg\" viewBox=\"0 0 448 512\"><path d=\"M438.6 278.6c12.5-12.5 12.5-32.8 0-45.3l-160-160c-12.5-12.5-32.8-12.5-45.3 0s-12.5 32.8 0 45.3L338.8 224 32 224c-17.7 0-32 14.3-32 32s14.3 32 32 32l306.7 0L233.4 393.4c-12.5 12.5-12.5 32.8 0 45.3s32.8 12.5 45.3 0l160-160z\"\/><\/svg><\/span><\/span><\/span><\/a><\/div> [\/vc_column_inner][\/vc_row_inner][vc_separator][\/vc_column][\/vc_row][vc_row][vc_column][vc_column_text]\n<h2>Dichiarazione di conformit\u00e0<\/h2>\n<p>Nelle nostre dichiarazioni di conformit\u00e0 dettagliate troverete tutte le informazioni sui test di migrazione globale e specifica effettuati, cos\u00ec come i test organolettici e meccanici. Firmando la dichiarazione di conformit\u00e0, ci assumiamo la piena responsabilit\u00e0 che il prodotto FOODGRADE sia conforme ai requisiti del Reg. (UE) 10\/2011 ovvero della norma FDA 21 CFR 175.300.<\/p>\n<h2>Applicazione da parte di un professionista<\/h2>\n<p>Un rivestimento interno per cisterne pu\u00f2 essere eseguito solo da specialisti qualificati. Per l\u2019applicazione, raccomandiamo il metodo a spruzzo per ottenere un film di rivestimento con la massima qualit\u00e0 superficiale.[\/vc_column_text][vc_empty_space][\/vc_column][\/vc_row][vc_row][vc_column][vc_column_text css=&#8221;.vc_custom_1649159536174{padding-top: 20px !important;}&#8221;]\n<h2><span  style=\"color:#dd2a1b;margin-right:5px;font-size:28px;\" class=\"wpex-icon\" aria-hidden=\"true\"><svg xmlns=\"http:\/\/www.w3.org\/2000\/svg\" viewBox=\"0 0 512 512\"><path d=\"M256 512A256 256 0 1 0 256 0a256 256 0 1 0 0 512zM216 336h24V272H216c-13.3 0-24-10.7-24-24s10.7-24 24-24h48c13.3 0 24 10.7 24 24v88h8c13.3 0 24 10.7 24 24s-10.7 24-24 24H216c-13.3 0-24-10.7-24-24s10.7-24 24-24zm40-208a32 32 0 1 1 0 64 32 32 0 1 1 0-64z\"\/><\/svg><\/span> Informazioni e assistenza<\/h2>\n[\/vc_column_text][vc_column_text css=&#8221;.vc_custom_1649159561037{padding-top: 20px !important;}&#8221;]Conosciamo i requisiti delle superfici negli impianti di trasformazione alimentare e forniamo soluzioni per rivestimenti funzionali.<\/p>\n<p>Avete poco tempo da dedicare ai lavori? Avete delle domande sui nostri prodotti o sul loro uso? Il nostro reparto tecnico specializzato \u00e8 sempre disponibile per un consulto personale, telefonicamente o per e-mail.<\/p>\n<p>Tel: +49 (0)6253 \/ 23 94 &#8211; 18<br \/>\nE-mail: <a href=\"mailto:anwendungstechnik@fakolith.de\">anwendungstechnik@fakolith.de<\/a>[\/vc_column_text][vc_empty_space][\/vc_column][\/vc_row]\n<\/div>","protected":false},"excerpt":{"rendered":"<p>[vc_row full_width=&#8221;stretch_row_content_no_spaces&#8221; css=&#8221;.vc_custom_1617288255146{margin-bottom: 0px !important;padding-bottom: 0px !important;}&#8221;][vc_column css=&#8221;.vc_custom_1617288267876{margin-bottom: 0px !important;padding-bottom: 0px !important;}&#8221;][vc_single_image image=&#8221;5916&#8243; img_size=&#8221;2500x350px&#8221;][\/vc_column][\/vc_row][vc_row][vc_column css=&#8221;.vc_custom_1625739200557{margin-bottom: 0px !important;}&#8221;][vc_column_text css=&#8221;.vc_custom_1649159085260{padding-top: 20px !important;}&#8221;] FOODGRADE \u2013 Rivestimenti per cisterne alimentari [\/vc_column_text][\/vc_column][\/vc_row][vc_row][vc_column width=&#8221;1\/2&#8243; css=&#8221;.vc_custom_1618835795868{margin-top: 0px !important;padding-top: 0px !important;}&#8221;][vc_column_text css=&#8221;.vc_custom_1649159251472{padding-top: 20px !important;padding-right: 20px !important;}&#8221;] Le superfici dei contenitori, delle cisterne e dei sili in cui si producono, si trasferiscono o si&hellip;<\/p>\n","protected":false},"author":1,"featured_media":0,"parent":0,"menu_order":36,"comment_status":"closed","ping_status":"closed","template":"","meta":{"inline_featured_image":false,"footnotes":""},"tags":[],"class_list":["post-5905","page","type-page","status-publish","hentry","entry","no-media"],"yoast_head":"<!-- This site is optimized with the Yoast SEO Premium plugin v27.4 (Yoast SEO v27.4) - https:\/\/yoast.com\/product\/yoast-seo-premium-wordpress\/ -->\n<title>FOODGRADE \u2013 Rivestimenti per cisterne alimentari<\/title>\n<meta name=\"description\" content=\"Le superfici dei contenitori, delle cisterne e dei sili in cui si producono, si trasferiscono o si conservano gli alimenti devono essere ...\" \/>\n<meta name=\"robots\" content=\"index, follow, max-snippet:-1, max-image-preview:large, max-video-preview:-1\" \/>\n<link rel=\"canonical\" href=\"https:\/\/www.fakolith.de\/it\/rivestimenti-foodgrade-per-cisterne-alimentari\/\" \/>\n<meta property=\"og:locale\" content=\"it_IT\" \/>\n<meta property=\"og:type\" content=\"article\" \/>\n<meta property=\"og:title\" content=\"FAKOLITH - Profiprodukte f\u00fcr Schimmelsanierung an Geb\u00e4uden, Hygienebeschichtungen im Gesundheitswesen, FOODGRADE-Produkte in der Lebensmittelindustrie\" \/>\n<meta property=\"og:description\" content=\"FAKOLITH entwickelt und produziert seit \u00fcber 60 Jahren innovative Beschichtungssysteme f\u00fcr professionelle Anwendungen. Heute ist FAKOLITH ein international t\u00e4tiger Hersteller von Qualit\u00e4tsprodukten im Bereich Schimmelschutz und Bautenschutz, Hochwassersch\u00e4den sowie von Farben f\u00fcr das Gesundheitswesen und Beschichtungen f\u00fcr die Lebensmittelindustrie. Die lebensmittelechten FOODGRADE-Produkte, zertifiziert f\u00fcr den Direktkontakt mit Lebensmitteln nach VO (EU) 10\/2011 und FDA 21 CFR 175.300, wurden im Rahmen von internationalen Forschungsprojekten entwickelt und erweitern heute das Produktportfolio der FAKOLITH Gruppe.\" \/>\n<meta property=\"og:url\" content=\"https:\/\/www.fakolith.de\/it\/rivestimenti-foodgrade-per-cisterne-alimentari\/\" \/>\n<meta property=\"og:site_name\" content=\"Fakolith - Schimmelschutz, Bautenschutz, Hygienebeschichtungen\" \/>\n<meta property=\"article:modified_time\" content=\"2022-10-27T10:49:19+00:00\" \/>\n<meta property=\"og:image\" content=\"https:\/\/www.fakolith.de\/wp-content\/uploads\/default-social-media.jpg\" \/>\n\t<meta property=\"og:image:width\" content=\"1200\" \/>\n\t<meta property=\"og:image:height\" content=\"675\" \/>\n\t<meta property=\"og:image:type\" content=\"image\/jpeg\" \/>\n<meta name=\"twitter:card\" content=\"summary_large_image\" \/>\n<meta name=\"twitter:label1\" content=\"Tempo di lettura stimato\" \/>\n\t<meta name=\"twitter:data1\" content=\"4 minuti\" \/>\n<script type=\"application\/ld+json\" class=\"yoast-schema-graph\">{\"@context\":\"https:\\\/\\\/schema.org\",\"@graph\":[{\"@type\":\"WebPage\",\"@id\":\"https:\\\/\\\/www.fakolith.de\\\/it\\\/rivestimenti-foodgrade-per-cisterne-alimentari\\\/\",\"url\":\"https:\\\/\\\/www.fakolith.de\\\/it\\\/rivestimenti-foodgrade-per-cisterne-alimentari\\\/\",\"name\":\"FOODGRADE \u2013 Rivestimenti per cisterne alimentari\",\"isPartOf\":{\"@id\":\"https:\\\/\\\/www.fakolith.de\\\/it\\\/#website\"},\"datePublished\":\"2022-04-05T11:52:45+00:00\",\"dateModified\":\"2022-10-27T10:49:19+00:00\",\"description\":\"Le superfici dei contenitori, delle cisterne e dei sili in cui si producono, si trasferiscono o si conservano gli alimenti devono essere ...\",\"breadcrumb\":{\"@id\":\"https:\\\/\\\/www.fakolith.de\\\/it\\\/rivestimenti-foodgrade-per-cisterne-alimentari\\\/#breadcrumb\"},\"inLanguage\":\"it-IT\",\"potentialAction\":[{\"@type\":\"ReadAction\",\"target\":[\"https:\\\/\\\/www.fakolith.de\\\/it\\\/rivestimenti-foodgrade-per-cisterne-alimentari\\\/\"]}]},{\"@type\":\"BreadcrumbList\",\"@id\":\"https:\\\/\\\/www.fakolith.de\\\/it\\\/rivestimenti-foodgrade-per-cisterne-alimentari\\\/#breadcrumb\",\"itemListElement\":[{\"@type\":\"ListItem\",\"position\":1,\"name\":\"Startseite\",\"item\":\"https:\\\/\\\/www.fakolith.de\\\/it\\\/\"},{\"@type\":\"ListItem\",\"position\":2,\"name\":\"Hygienebeschichtungen\",\"item\":\"https:\\\/\\\/www.fakolith.de\\\/it\\\/rivestimenti-igienici\\\/\"},{\"@type\":\"ListItem\",\"position\":3,\"name\":\"FOODGRADE Beschichtungen f\u00fcr Lebensmitteltanks\"}]},{\"@type\":\"WebSite\",\"@id\":\"https:\\\/\\\/www.fakolith.de\\\/it\\\/#website\",\"url\":\"https:\\\/\\\/www.fakolith.de\\\/it\\\/\",\"name\":\"Fakolith - Schimmelschutz, Bautenschutz, Hygienebeschichtungen\",\"description\":\"\",\"publisher\":{\"@id\":\"https:\\\/\\\/www.fakolith.de\\\/it\\\/#organization\"},\"potentialAction\":[{\"@type\":\"SearchAction\",\"target\":{\"@type\":\"EntryPoint\",\"urlTemplate\":\"https:\\\/\\\/www.fakolith.de\\\/it\\\/?s={search_term_string}\"},\"query-input\":{\"@type\":\"PropertyValueSpecification\",\"valueRequired\":true,\"valueName\":\"search_term_string\"}}],\"inLanguage\":\"it-IT\"},{\"@type\":\"Organization\",\"@id\":\"https:\\\/\\\/www.fakolith.de\\\/it\\\/#organization\",\"name\":\"FAKOLITH Farben GmbH\",\"url\":\"https:\\\/\\\/www.fakolith.de\\\/it\\\/\",\"logo\":{\"@type\":\"ImageObject\",\"inLanguage\":\"it-IT\",\"@id\":\"https:\\\/\\\/www.fakolith.de\\\/it\\\/#\\\/schema\\\/logo\\\/image\\\/\",\"url\":\"https:\\\/\\\/www.fakolith.de\\\/wp-content\\\/uploads\\\/2021\\\/03\\\/FAKOLITH-Logo.png\",\"contentUrl\":\"https:\\\/\\\/www.fakolith.de\\\/wp-content\\\/uploads\\\/2021\\\/03\\\/FAKOLITH-Logo.png\",\"width\":920,\"height\":185,\"caption\":\"FAKOLITH Farben GmbH\"},\"image\":{\"@id\":\"https:\\\/\\\/www.fakolith.de\\\/it\\\/#\\\/schema\\\/logo\\\/image\\\/\"},\"sameAs\":[\"https:\\\/\\\/de.linkedin.com\\\/company\\\/fakolith-hygienic-paints\",\"https:\\\/\\\/www.youtube.com\\\/channel\\\/UCMZ_L-Ut3xtVeWryvOYjaew\"],\"description\":\"Als Hersteller chemischer Produkte produziert FAKOLITH alle Produkte in Deutschland und Spanien. Gemeinsam mit der spanischen Tochterfirma FAKOLITH CHEMICAL SYSTEMS ist FAKOLITH seit 2006 nach dem Qualit\u00e4tsmanagementsystem DIN EN ISO 9001:2015 zertifiziert.\",\"email\":\"info@fakolith.de\",\"telephone\":\"+49 (0)6253 \\\/ 2394-0\",\"legalName\":\"FAKOLITH Farben GmbH\",\"vatID\":\"DE 111629099\",\"numberOfEmployees\":{\"@type\":\"QuantitativeValue\",\"minValue\":\"11\",\"maxValue\":\"50\"}}]}<\/script>\n<!-- \/ Yoast SEO Premium plugin. -->","yoast_head_json":{"title":"FOODGRADE \u2013 Rivestimenti per cisterne alimentari","description":"Le superfici dei contenitori, delle cisterne e dei sili in cui si producono, si trasferiscono o si conservano gli alimenti devono essere ...","robots":{"index":"index","follow":"follow","max-snippet":"max-snippet:-1","max-image-preview":"max-image-preview:large","max-video-preview":"max-video-preview:-1"},"canonical":"https:\/\/www.fakolith.de\/it\/rivestimenti-foodgrade-per-cisterne-alimentari\/","og_locale":"it_IT","og_type":"article","og_title":"FAKOLITH - Profiprodukte f\u00fcr Schimmelsanierung an Geb\u00e4uden, Hygienebeschichtungen im Gesundheitswesen, FOODGRADE-Produkte in der Lebensmittelindustrie","og_description":"FAKOLITH entwickelt und produziert seit \u00fcber 60 Jahren innovative Beschichtungssysteme f\u00fcr professionelle Anwendungen. Heute ist FAKOLITH ein international t\u00e4tiger Hersteller von Qualit\u00e4tsprodukten im Bereich Schimmelschutz und Bautenschutz, Hochwassersch\u00e4den sowie von Farben f\u00fcr das Gesundheitswesen und Beschichtungen f\u00fcr die Lebensmittelindustrie. Die lebensmittelechten FOODGRADE-Produkte, zertifiziert f\u00fcr den Direktkontakt mit Lebensmitteln nach VO (EU) 10\/2011 und FDA 21 CFR 175.300, wurden im Rahmen von internationalen Forschungsprojekten entwickelt und erweitern heute das Produktportfolio der FAKOLITH Gruppe.","og_url":"https:\/\/www.fakolith.de\/it\/rivestimenti-foodgrade-per-cisterne-alimentari\/","og_site_name":"Fakolith - Schimmelschutz, Bautenschutz, Hygienebeschichtungen","article_modified_time":"2022-10-27T10:49:19+00:00","og_image":[{"width":1200,"height":675,"url":"https:\/\/www.fakolith.de\/wp-content\/uploads\/default-social-media.jpg","type":"image\/jpeg"}],"twitter_card":"summary_large_image","twitter_misc":{"Tempo di lettura stimato":"4 minuti"},"schema":{"@context":"https:\/\/schema.org","@graph":[{"@type":"WebPage","@id":"https:\/\/www.fakolith.de\/it\/rivestimenti-foodgrade-per-cisterne-alimentari\/","url":"https:\/\/www.fakolith.de\/it\/rivestimenti-foodgrade-per-cisterne-alimentari\/","name":"FOODGRADE \u2013 Rivestimenti per cisterne alimentari","isPartOf":{"@id":"https:\/\/www.fakolith.de\/it\/#website"},"datePublished":"2022-04-05T11:52:45+00:00","dateModified":"2022-10-27T10:49:19+00:00","description":"Le superfici dei contenitori, delle cisterne e dei sili in cui si producono, si trasferiscono o si conservano gli alimenti devono essere ...","breadcrumb":{"@id":"https:\/\/www.fakolith.de\/it\/rivestimenti-foodgrade-per-cisterne-alimentari\/#breadcrumb"},"inLanguage":"it-IT","potentialAction":[{"@type":"ReadAction","target":["https:\/\/www.fakolith.de\/it\/rivestimenti-foodgrade-per-cisterne-alimentari\/"]}]},{"@type":"BreadcrumbList","@id":"https:\/\/www.fakolith.de\/it\/rivestimenti-foodgrade-per-cisterne-alimentari\/#breadcrumb","itemListElement":[{"@type":"ListItem","position":1,"name":"Startseite","item":"https:\/\/www.fakolith.de\/it\/"},{"@type":"ListItem","position":2,"name":"Hygienebeschichtungen","item":"https:\/\/www.fakolith.de\/it\/rivestimenti-igienici\/"},{"@type":"ListItem","position":3,"name":"FOODGRADE Beschichtungen f\u00fcr Lebensmitteltanks"}]},{"@type":"WebSite","@id":"https:\/\/www.fakolith.de\/it\/#website","url":"https:\/\/www.fakolith.de\/it\/","name":"Fakolith - Schimmelschutz, Bautenschutz, Hygienebeschichtungen","description":"","publisher":{"@id":"https:\/\/www.fakolith.de\/it\/#organization"},"potentialAction":[{"@type":"SearchAction","target":{"@type":"EntryPoint","urlTemplate":"https:\/\/www.fakolith.de\/it\/?s={search_term_string}"},"query-input":{"@type":"PropertyValueSpecification","valueRequired":true,"valueName":"search_term_string"}}],"inLanguage":"it-IT"},{"@type":"Organization","@id":"https:\/\/www.fakolith.de\/it\/#organization","name":"FAKOLITH Farben GmbH","url":"https:\/\/www.fakolith.de\/it\/","logo":{"@type":"ImageObject","inLanguage":"it-IT","@id":"https:\/\/www.fakolith.de\/it\/#\/schema\/logo\/image\/","url":"https:\/\/www.fakolith.de\/wp-content\/uploads\/2021\/03\/FAKOLITH-Logo.png","contentUrl":"https:\/\/www.fakolith.de\/wp-content\/uploads\/2021\/03\/FAKOLITH-Logo.png","width":920,"height":185,"caption":"FAKOLITH Farben GmbH"},"image":{"@id":"https:\/\/www.fakolith.de\/it\/#\/schema\/logo\/image\/"},"sameAs":["https:\/\/de.linkedin.com\/company\/fakolith-hygienic-paints","https:\/\/www.youtube.com\/channel\/UCMZ_L-Ut3xtVeWryvOYjaew"],"description":"Als Hersteller chemischer Produkte produziert FAKOLITH alle Produkte in Deutschland und Spanien. Gemeinsam mit der spanischen Tochterfirma FAKOLITH CHEMICAL SYSTEMS ist FAKOLITH seit 2006 nach dem Qualit\u00e4tsmanagementsystem DIN EN ISO 9001:2015 zertifiziert.","email":"info@fakolith.de","telephone":"+49 (0)6253 \/ 2394-0","legalName":"FAKOLITH Farben GmbH","vatID":"DE 111629099","numberOfEmployees":{"@type":"QuantitativeValue","minValue":"11","maxValue":"50"}}]}},"_links":{"self":[{"href":"https:\/\/www.fakolith.de\/it\/wp-json\/wp\/v2\/pages\/5905","targetHints":{"allow":["GET"]}}],"collection":[{"href":"https:\/\/www.fakolith.de\/it\/wp-json\/wp\/v2\/pages"}],"about":[{"href":"https:\/\/www.fakolith.de\/it\/wp-json\/wp\/v2\/types\/page"}],"author":[{"embeddable":true,"href":"https:\/\/www.fakolith.de\/it\/wp-json\/wp\/v2\/users\/1"}],"replies":[{"embeddable":true,"href":"https:\/\/www.fakolith.de\/it\/wp-json\/wp\/v2\/comments?post=5905"}],"version-history":[{"count":0,"href":"https:\/\/www.fakolith.de\/it\/wp-json\/wp\/v2\/pages\/5905\/revisions"}],"wp:attachment":[{"href":"https:\/\/www.fakolith.de\/it\/wp-json\/wp\/v2\/media?parent=5905"}],"wp:term":[{"taxonomy":"post_tag","embeddable":true,"href":"https:\/\/www.fakolith.de\/it\/wp-json\/wp\/v2\/tags?post=5905"}],"curies":[{"name":"wp","href":"https:\/\/api.w.org\/{rel}","templated":true}]}}