{"id":5934,"date":"2022-08-17T15:34:19","date_gmt":"2022-08-17T13:34:19","guid":{"rendered":"https:\/\/www.fakolith.de\/?page_id=5934"},"modified":"2023-10-11T12:23:17","modified_gmt":"2023-10-11T10:23:17","slug":"rivestimenti-antimicrobici","status":"publish","type":"page","link":"https:\/\/www.fakolith.de\/it\/rivestimenti-igienici\/rivestimenti-antimicrobici\/","title":{"rendered":"Antimikrobielle Beschichtungen"},"content":{"rendered":"<div class=\"wpb-content-wrapper\">[vc_row full_width=&#8221;stretch_row_content_no_spaces&#8221; css=&#8221;.vc_custom_1617288255146{margin-bottom: 0px !important;padding-bottom: 0px !important;}&#8221;][vc_column css=&#8221;.vc_custom_1617288267876{margin-bottom: 0px !important;padding-bottom: 0px !important;}&#8221;][vc_single_image image=&#8221;6566&#8243; img_size=&#8221;2500x350px&#8221;][\/vc_column][\/vc_row][vc_row][vc_column][vc_column_text css=&#8221;.vc_custom_1649160876713{padding-top: 20px !important;}&#8221;]\n<h1>Rivestimenti antimicrobici<\/h1>\n[\/vc_column_text][vc_column_text css=&#8221;.vc_custom_1697019787121{padding-top: 20px !important;}&#8221;]\n<p style=\"text-align: justify;\">L\u2019uso di materiali antimicrobici nelle aree in cui l\u2019igiene riveste un ruolo cruciale consente di ridurre drasticamente la trasmissione di batteri e virus. In tal senso, i rivestimenti antimicrobici sono particolarmente utili nell\u2019industria alimentare. Dallo scoppio della pandemia di Sars-CoV2, i rivestimenti funzionali delle superfici sono diventati sempre pi\u00f9 importanti anche per la prevenzione delle infezioni.<\/p>\n<p>FAKOLITH produce pitture e rivestimenti che proteggono le superfici dalle infestazioni microbiche grazie alla speciale BIO.FILM.STOP TECHNOLOGY. La superficie del rivestimento acquisisce cos\u00ec un effetto protettivo antivirale, battericida e, a seconda della tecnologia utilizzata, fungicida.<\/p>\n<p>I nostri prodotti per il rivestimento delle superfici sono utilizzati nel settore privato, pubblico, industriale e medico. I rivestimenti antimicrobici per l&#8217;igiene FAKOLITH sono utilizzati principalmente in molti settori rilevanti per l&#8217;igiene. Tra questi, ospedali, strutture di assistenza, case di cura, servizi di emergenza, fornitori di servizi di trasporto medico, studi medici, scuole, asili, centri diurni, universit\u00e0, piscine, edifici pubblici (ad esempio municipi, biblioteche) e palestre.[\/vc_column_text][\/vc_column][\/vc_row][vc_row][vc_column width=&#8221;1\/3&#8243;][vc_single_image image=&#8221;5979&#8243; onclick=&#8221;custom_link&#8221; img_hover=&#8221;opacity&#8221; link=&#8221;https:\/\/www.fakolith.de\/it\/rivestimenti-igienici\/rivestimenti-antimicrobici\/cosa-significa-antimicrobico\/&#8221;][vc_column_text]\n<h2><a href=\"https:\/\/www.fakolith.de\/it\/rivestimenti-igienici\/rivestimenti-antimicrobici\/cosa-significa-antimicrobico\/\">Cosa significa antimicrobico?<\/a><\/h2>\n[\/vc_column_text][\/vc_column][vc_column width=&#8221;1\/3&#8243;][vc_single_image image=&#8221;1085&#8243; onclick=&#8221;custom_link&#8221; img_hover=&#8221;opacity&#8221; link=&#8221;https:\/\/www.fakolith.de\/it\/rivestimenti-igienici\/rivestimenti-antimicrobici\/ambiti-di-impiego\/&#8221;][vc_column_text]\n<h2><a href=\"https:\/\/www.fakolith.de\/it\/rivestimenti-igienici\/rivestimenti-antimicrobici\/ambiti-di-impiego\/\">Ambiti di applicazione<\/a><\/h2>\n[\/vc_column_text][\/vc_column][vc_column width=&#8221;1\/3&#8243;][vc_single_image image=&#8221;8096&#8243; onclick=&#8221;custom_link&#8221; img_hover=&#8221;opacity&#8221; link=&#8221;https:\/\/www.fakolith.de\/it\/rivestimenti-igienici\/rivestimenti-antimicrobici\/prodotti\/&#8221;][vc_column_text]\n<h2><a href=\"https:\/\/www.fakolith.de\/it\/rivestimenti-igienici\/rivestimenti-antimicrobici\/prodotti\/\">Prodotti<\/a><\/h2>\n[\/vc_column_text][\/vc_column][\/vc_row][vc_row][vc_column width=&#8221;1\/3&#8243;][\/vc_column][vc_column width=&#8221;1\/3&#8243;][vc_single_image image=&#8221;5938&#8243; onclick=&#8221;custom_link&#8221; img_hover=&#8221;opacity&#8221; link=&#8221;https:\/\/www.fakolith.de\/it\/rivestimenti-igienici\/rivestimenti-antimicrobici\/concetto-one-health\/&#8221;][vc_column_text]\n<h2><a href=\"https:\/\/www.fakolith.de\/it\/rivestimenti-igienici\/rivestimenti-antimicrobici\/concetto-one-health\/\">Concetto \u201cOne-Health&#8221;<\/a><\/h2>\n[\/vc_column_text][\/vc_column][vc_column width=&#8221;1\/3&#8243;][\/vc_column][\/vc_row][vc_row][vc_column][vc_empty_space][\/vc_column][\/vc_row]\n<\/div>","protected":false},"excerpt":{"rendered":"<p>[vc_row full_width=&#8221;stretch_row_content_no_spaces&#8221; css=&#8221;.vc_custom_1617288255146{margin-bottom: 0px !important;padding-bottom: 0px !important;}&#8221;][vc_column css=&#8221;.vc_custom_1617288267876{margin-bottom: 0px !important;padding-bottom: 0px !important;}&#8221;][vc_single_image image=&#8221;6566&#8243; img_size=&#8221;2500x350px&#8221;][\/vc_column][\/vc_row][vc_row][vc_column][vc_column_text css=&#8221;.vc_custom_1649160876713{padding-top: 20px !important;}&#8221;] Rivestimenti antimicrobici [\/vc_column_text][vc_column_text css=&#8221;.vc_custom_1697019787121{padding-top: 20px !important;}&#8221;] L\u2019uso di materiali antimicrobici nelle aree in cui l\u2019igiene riveste un ruolo cruciale consente di ridurre drasticamente la trasmissione di batteri e virus. In tal senso, i rivestimenti antimicrobici sono particolarmente utili&hellip;<\/p>\n","protected":false},"author":1,"featured_media":0,"parent":5999,"menu_order":202,"comment_status":"closed","ping_status":"closed","template":"","meta":{"inline_featured_image":false,"footnotes":""},"tags":[],"class_list":["post-5934","page","type-page","status-publish","hentry","entry","no-media"],"yoast_head":"<!-- This site is optimized with the Yoast SEO Premium plugin v27.4 (Yoast SEO v27.4) - https:\/\/yoast.com\/product\/yoast-seo-premium-wordpress\/ -->\n<title>Rivestimenti antimicrobici<\/title>\n<meta name=\"description\" content=\"L\u2019uso di materiali antimicrobici nelle aree in cui l\u2019igiene riveste un ruolo cruciale consente di ridurre drasticamente la trasmissione di ...\" \/>\n<meta name=\"robots\" content=\"index, follow, max-snippet:-1, max-image-preview:large, max-video-preview:-1\" \/>\n<link rel=\"canonical\" href=\"https:\/\/www.fakolith.de\/it\/rivestimenti-igienici\/rivestimenti-antimicrobici\/\" \/>\n<meta property=\"og:locale\" content=\"it_IT\" \/>\n<meta property=\"og:type\" content=\"article\" \/>\n<meta property=\"og:title\" content=\"FAKOLITH - Profiprodukte f\u00fcr Schimmelsanierung an Geb\u00e4uden, Hygienebeschichtungen im Gesundheitswesen, FOODGRADE-Produkte in der Lebensmittelindustrie\" \/>\n<meta property=\"og:description\" content=\"FAKOLITH entwickelt und produziert seit \u00fcber 60 Jahren innovative Beschichtungssysteme f\u00fcr professionelle Anwendungen. Heute ist FAKOLITH ein international t\u00e4tiger Hersteller von Qualit\u00e4tsprodukten im Bereich Schimmelschutz und Bautenschutz, Hochwassersch\u00e4den sowie von Farben f\u00fcr das Gesundheitswesen und Beschichtungen f\u00fcr die Lebensmittelindustrie. Die lebensmittelechten FOODGRADE-Produkte, zertifiziert f\u00fcr den Direktkontakt mit Lebensmitteln nach VO (EU) 10\/2011 und FDA 21 CFR 175.300, wurden im Rahmen von internationalen Forschungsprojekten entwickelt und erweitern heute das Produktportfolio der FAKOLITH Gruppe.\" \/>\n<meta property=\"og:url\" content=\"https:\/\/www.fakolith.de\/it\/rivestimenti-igienici\/rivestimenti-antimicrobici\/\" \/>\n<meta property=\"og:site_name\" content=\"Fakolith - Schimmelschutz, Bautenschutz, Hygienebeschichtungen\" \/>\n<meta property=\"article:modified_time\" content=\"2023-10-11T10:23:17+00:00\" \/>\n<meta property=\"og:image\" content=\"https:\/\/www.fakolith.de\/wp-content\/uploads\/default-social-media.jpg\" \/>\n\t<meta property=\"og:image:width\" content=\"1200\" \/>\n\t<meta property=\"og:image:height\" content=\"675\" \/>\n\t<meta property=\"og:image:type\" content=\"image\/jpeg\" \/>\n<meta name=\"twitter:card\" content=\"summary_large_image\" \/>\n<meta name=\"twitter:label1\" content=\"Tempo di lettura stimato\" \/>\n\t<meta name=\"twitter:data1\" content=\"2 minuti\" \/>\n<script type=\"application\/ld+json\" class=\"yoast-schema-graph\">{\"@context\":\"https:\\\/\\\/schema.org\",\"@graph\":[{\"@type\":\"WebPage\",\"@id\":\"https:\\\/\\\/www.fakolith.de\\\/it\\\/rivestimenti-igienici\\\/rivestimenti-antimicrobici\\\/\",\"url\":\"https:\\\/\\\/www.fakolith.de\\\/it\\\/rivestimenti-igienici\\\/rivestimenti-antimicrobici\\\/\",\"name\":\"Rivestimenti antimicrobici\",\"isPartOf\":{\"@id\":\"https:\\\/\\\/www.fakolith.de\\\/it\\\/#website\"},\"datePublished\":\"2022-08-17T13:34:19+00:00\",\"dateModified\":\"2023-10-11T10:23:17+00:00\",\"description\":\"L\u2019uso di materiali antimicrobici nelle aree in cui l\u2019igiene riveste un ruolo cruciale consente di ridurre drasticamente la trasmissione di ...\",\"breadcrumb\":{\"@id\":\"https:\\\/\\\/www.fakolith.de\\\/it\\\/rivestimenti-igienici\\\/rivestimenti-antimicrobici\\\/#breadcrumb\"},\"inLanguage\":\"it-IT\",\"potentialAction\":[{\"@type\":\"ReadAction\",\"target\":[\"https:\\\/\\\/www.fakolith.de\\\/it\\\/rivestimenti-igienici\\\/rivestimenti-antimicrobici\\\/\"]}]},{\"@type\":\"BreadcrumbList\",\"@id\":\"https:\\\/\\\/www.fakolith.de\\\/it\\\/rivestimenti-igienici\\\/rivestimenti-antimicrobici\\\/#breadcrumb\",\"itemListElement\":[{\"@type\":\"ListItem\",\"position\":1,\"name\":\"Startseite\",\"item\":\"https:\\\/\\\/www.fakolith.de\\\/it\\\/\"},{\"@type\":\"ListItem\",\"position\":2,\"name\":\"Hygienebeschichtungen\",\"item\":\"https:\\\/\\\/www.fakolith.de\\\/it\\\/rivestimenti-igienici\\\/\"},{\"@type\":\"ListItem\",\"position\":3,\"name\":\"Antimikrobielle Beschichtungen\"}]},{\"@type\":\"WebSite\",\"@id\":\"https:\\\/\\\/www.fakolith.de\\\/it\\\/#website\",\"url\":\"https:\\\/\\\/www.fakolith.de\\\/it\\\/\",\"name\":\"Fakolith - Schimmelschutz, Bautenschutz, Hygienebeschichtungen\",\"description\":\"\",\"publisher\":{\"@id\":\"https:\\\/\\\/www.fakolith.de\\\/it\\\/#organization\"},\"potentialAction\":[{\"@type\":\"SearchAction\",\"target\":{\"@type\":\"EntryPoint\",\"urlTemplate\":\"https:\\\/\\\/www.fakolith.de\\\/it\\\/?s={search_term_string}\"},\"query-input\":{\"@type\":\"PropertyValueSpecification\",\"valueRequired\":true,\"valueName\":\"search_term_string\"}}],\"inLanguage\":\"it-IT\"},{\"@type\":\"Organization\",\"@id\":\"https:\\\/\\\/www.fakolith.de\\\/it\\\/#organization\",\"name\":\"FAKOLITH Farben GmbH\",\"url\":\"https:\\\/\\\/www.fakolith.de\\\/it\\\/\",\"logo\":{\"@type\":\"ImageObject\",\"inLanguage\":\"it-IT\",\"@id\":\"https:\\\/\\\/www.fakolith.de\\\/it\\\/#\\\/schema\\\/logo\\\/image\\\/\",\"url\":\"https:\\\/\\\/www.fakolith.de\\\/wp-content\\\/uploads\\\/2021\\\/03\\\/FAKOLITH-Logo.png\",\"contentUrl\":\"https:\\\/\\\/www.fakolith.de\\\/wp-content\\\/uploads\\\/2021\\\/03\\\/FAKOLITH-Logo.png\",\"width\":920,\"height\":185,\"caption\":\"FAKOLITH Farben GmbH\"},\"image\":{\"@id\":\"https:\\\/\\\/www.fakolith.de\\\/it\\\/#\\\/schema\\\/logo\\\/image\\\/\"},\"sameAs\":[\"https:\\\/\\\/de.linkedin.com\\\/company\\\/fakolith-hygienic-paints\",\"https:\\\/\\\/www.youtube.com\\\/channel\\\/UCMZ_L-Ut3xtVeWryvOYjaew\"],\"description\":\"Als Hersteller chemischer Produkte produziert FAKOLITH alle Produkte in Deutschland und Spanien. Gemeinsam mit der spanischen Tochterfirma FAKOLITH CHEMICAL SYSTEMS ist FAKOLITH seit 2006 nach dem Qualit\u00e4tsmanagementsystem DIN EN ISO 9001:2015 zertifiziert.\",\"email\":\"info@fakolith.de\",\"telephone\":\"+49 (0)6253 \\\/ 2394-0\",\"legalName\":\"FAKOLITH Farben GmbH\",\"vatID\":\"DE 111629099\",\"numberOfEmployees\":{\"@type\":\"QuantitativeValue\",\"minValue\":\"11\",\"maxValue\":\"50\"}}]}<\/script>\n<!-- \/ Yoast SEO Premium plugin. -->","yoast_head_json":{"title":"Rivestimenti antimicrobici","description":"L\u2019uso di materiali antimicrobici nelle aree in cui l\u2019igiene riveste un ruolo cruciale consente di ridurre drasticamente la trasmissione di ...","robots":{"index":"index","follow":"follow","max-snippet":"max-snippet:-1","max-image-preview":"max-image-preview:large","max-video-preview":"max-video-preview:-1"},"canonical":"https:\/\/www.fakolith.de\/it\/rivestimenti-igienici\/rivestimenti-antimicrobici\/","og_locale":"it_IT","og_type":"article","og_title":"FAKOLITH - Profiprodukte f\u00fcr Schimmelsanierung an Geb\u00e4uden, Hygienebeschichtungen im Gesundheitswesen, FOODGRADE-Produkte in der Lebensmittelindustrie","og_description":"FAKOLITH entwickelt und produziert seit \u00fcber 60 Jahren innovative Beschichtungssysteme f\u00fcr professionelle Anwendungen. Heute ist FAKOLITH ein international t\u00e4tiger Hersteller von Qualit\u00e4tsprodukten im Bereich Schimmelschutz und Bautenschutz, Hochwassersch\u00e4den sowie von Farben f\u00fcr das Gesundheitswesen und Beschichtungen f\u00fcr die Lebensmittelindustrie. Die lebensmittelechten FOODGRADE-Produkte, zertifiziert f\u00fcr den Direktkontakt mit Lebensmitteln nach VO (EU) 10\/2011 und FDA 21 CFR 175.300, wurden im Rahmen von internationalen Forschungsprojekten entwickelt und erweitern heute das Produktportfolio der FAKOLITH Gruppe.","og_url":"https:\/\/www.fakolith.de\/it\/rivestimenti-igienici\/rivestimenti-antimicrobici\/","og_site_name":"Fakolith - Schimmelschutz, Bautenschutz, Hygienebeschichtungen","article_modified_time":"2023-10-11T10:23:17+00:00","og_image":[{"width":1200,"height":675,"url":"https:\/\/www.fakolith.de\/wp-content\/uploads\/default-social-media.jpg","type":"image\/jpeg"}],"twitter_card":"summary_large_image","twitter_misc":{"Tempo di lettura stimato":"2 minuti"},"schema":{"@context":"https:\/\/schema.org","@graph":[{"@type":"WebPage","@id":"https:\/\/www.fakolith.de\/it\/rivestimenti-igienici\/rivestimenti-antimicrobici\/","url":"https:\/\/www.fakolith.de\/it\/rivestimenti-igienici\/rivestimenti-antimicrobici\/","name":"Rivestimenti antimicrobici","isPartOf":{"@id":"https:\/\/www.fakolith.de\/it\/#website"},"datePublished":"2022-08-17T13:34:19+00:00","dateModified":"2023-10-11T10:23:17+00:00","description":"L\u2019uso di materiali antimicrobici nelle aree in cui l\u2019igiene riveste un ruolo cruciale consente di ridurre drasticamente la trasmissione di ...","breadcrumb":{"@id":"https:\/\/www.fakolith.de\/it\/rivestimenti-igienici\/rivestimenti-antimicrobici\/#breadcrumb"},"inLanguage":"it-IT","potentialAction":[{"@type":"ReadAction","target":["https:\/\/www.fakolith.de\/it\/rivestimenti-igienici\/rivestimenti-antimicrobici\/"]}]},{"@type":"BreadcrumbList","@id":"https:\/\/www.fakolith.de\/it\/rivestimenti-igienici\/rivestimenti-antimicrobici\/#breadcrumb","itemListElement":[{"@type":"ListItem","position":1,"name":"Startseite","item":"https:\/\/www.fakolith.de\/it\/"},{"@type":"ListItem","position":2,"name":"Hygienebeschichtungen","item":"https:\/\/www.fakolith.de\/it\/rivestimenti-igienici\/"},{"@type":"ListItem","position":3,"name":"Antimikrobielle Beschichtungen"}]},{"@type":"WebSite","@id":"https:\/\/www.fakolith.de\/it\/#website","url":"https:\/\/www.fakolith.de\/it\/","name":"Fakolith - Schimmelschutz, Bautenschutz, Hygienebeschichtungen","description":"","publisher":{"@id":"https:\/\/www.fakolith.de\/it\/#organization"},"potentialAction":[{"@type":"SearchAction","target":{"@type":"EntryPoint","urlTemplate":"https:\/\/www.fakolith.de\/it\/?s={search_term_string}"},"query-input":{"@type":"PropertyValueSpecification","valueRequired":true,"valueName":"search_term_string"}}],"inLanguage":"it-IT"},{"@type":"Organization","@id":"https:\/\/www.fakolith.de\/it\/#organization","name":"FAKOLITH Farben GmbH","url":"https:\/\/www.fakolith.de\/it\/","logo":{"@type":"ImageObject","inLanguage":"it-IT","@id":"https:\/\/www.fakolith.de\/it\/#\/schema\/logo\/image\/","url":"https:\/\/www.fakolith.de\/wp-content\/uploads\/2021\/03\/FAKOLITH-Logo.png","contentUrl":"https:\/\/www.fakolith.de\/wp-content\/uploads\/2021\/03\/FAKOLITH-Logo.png","width":920,"height":185,"caption":"FAKOLITH Farben GmbH"},"image":{"@id":"https:\/\/www.fakolith.de\/it\/#\/schema\/logo\/image\/"},"sameAs":["https:\/\/de.linkedin.com\/company\/fakolith-hygienic-paints","https:\/\/www.youtube.com\/channel\/UCMZ_L-Ut3xtVeWryvOYjaew"],"description":"Als Hersteller chemischer Produkte produziert FAKOLITH alle Produkte in Deutschland und Spanien. Gemeinsam mit der spanischen Tochterfirma FAKOLITH CHEMICAL SYSTEMS ist FAKOLITH seit 2006 nach dem Qualit\u00e4tsmanagementsystem DIN EN ISO 9001:2015 zertifiziert.","email":"info@fakolith.de","telephone":"+49 (0)6253 \/ 2394-0","legalName":"FAKOLITH Farben GmbH","vatID":"DE 111629099","numberOfEmployees":{"@type":"QuantitativeValue","minValue":"11","maxValue":"50"}}]}},"_links":{"self":[{"href":"https:\/\/www.fakolith.de\/it\/wp-json\/wp\/v2\/pages\/5934","targetHints":{"allow":["GET"]}}],"collection":[{"href":"https:\/\/www.fakolith.de\/it\/wp-json\/wp\/v2\/pages"}],"about":[{"href":"https:\/\/www.fakolith.de\/it\/wp-json\/wp\/v2\/types\/page"}],"author":[{"embeddable":true,"href":"https:\/\/www.fakolith.de\/it\/wp-json\/wp\/v2\/users\/1"}],"replies":[{"embeddable":true,"href":"https:\/\/www.fakolith.de\/it\/wp-json\/wp\/v2\/comments?post=5934"}],"version-history":[{"count":0,"href":"https:\/\/www.fakolith.de\/it\/wp-json\/wp\/v2\/pages\/5934\/revisions"}],"up":[{"embeddable":true,"href":"https:\/\/www.fakolith.de\/it\/wp-json\/wp\/v2\/pages\/5999"}],"wp:attachment":[{"href":"https:\/\/www.fakolith.de\/it\/wp-json\/wp\/v2\/media?parent=5934"}],"wp:term":[{"taxonomy":"post_tag","embeddable":true,"href":"https:\/\/www.fakolith.de\/it\/wp-json\/wp\/v2\/tags?post=5934"}],"curies":[{"name":"wp","href":"https:\/\/api.w.org\/{rel}","templated":true}]}}