{"id":5956,"date":"2022-08-17T15:34:13","date_gmt":"2022-08-17T13:34:13","guid":{"rendered":"https:\/\/www.fakolith.de\/?page_id=5956"},"modified":"2023-07-19T11:06:16","modified_gmt":"2023-07-19T09:06:16","slug":"foodgrade-contatto-diretto-con-gli-alimenti","status":"publish","type":"page","link":"https:\/\/www.fakolith.de\/it\/foodgrade-contatto-diretto-con-gli-alimenti\/","title":{"rendered":"FOODGRADE"},"content":{"rendered":"<div class=\"wpb-content-wrapper\">[vc_row full_width=&#8221;stretch_row_content_no_spaces&#8221; css=&#8221;.vc_custom_1617288255146{margin-bottom: 0px !important;padding-bottom: 0px !important;}&#8221;][vc_column css=&#8221;.vc_custom_1617288267876{margin-bottom: 0px !important;padding-bottom: 0px !important;}&#8221;][vc_single_image image=&#8221;8137&#8243; img_size=&#8221;2500x350px&#8221;][\/vc_column][\/vc_row][vc_row][vc_column][vc_column_text css=&#8221;.vc_custom_1649162783797{padding-top: 20px !important;}&#8221;]\n<h1>FOODGRADE \u2013 linea di prodotti certificati per il contatto diretto con gli alimenti<\/h1>\n[\/vc_column_text][vc_row_inner gap=&#8221;30&#8243; css=&#8221;.vc_custom_1625733525151{margin-bottom: 0px !important;}&#8221;][vc_column_inner width=&#8221;1\/2&#8243; css=&#8221;.vc_custom_1625733306902{margin-bottom: 0px !important;}&#8221;][vc_column_text]\n<h2>Che cosa significa FOODGRADE?<\/h2>\n[\/vc_column_text][vc_column_text]\n<p style=\"text-align: justify;\">Nella nostra gamma prodotti, il termine FOODGRADE indica i prodotti che sono stati testati per il contatto diretto con gli alimenti.<\/p>\n<p>Questi prodotti sono conformi ai requisiti specifici e ai limiti di migrazione per i rivestimenti a diretto contatto con gli alimenti secondo il Reg. (CE) 1935\/2004, il Reg. (UE) 10\/2011, il Reg. (UE) 1282\/2011, il Reg. (UE) 2016\/1416, il Reg. (CE) 1895\/2005 (solo per i prodotti in resina epossidica), il Reg. (CE) 2023\/2006, il Reg. (CE) 2018\/213 e\/o la norma FDA 21 CFR 175.300.[\/vc_column_text][\/vc_column_inner][vc_column_inner width=&#8221;1\/2&#8243; css=&#8221;.vc_custom_1625733311598{margin-bottom: 0px !important;}&#8221;][vc_column_text]\n<h2>Dove si usano i rivestimenti FOODGRADE?<\/h2>\n[\/vc_column_text][vc_column_text]\n<p style=\"text-align: justify;\">Ovunque gli alimenti entrino in contatto diretto o indiretto con una superficie. Esempi di superfici a contatto diretto sono le cisterne per alimenti, i sili di grano, le vasche di maturazione per il formaggio o i pavimenti dei magazzini agricoli.<\/p>\n<p>Per contatto indiretto s\u2019intende, per esempio, la formazione di gocce d\u2019acqua nella zona del soffitto. In questo caso esiste il rischio che un prodotto alimentare non confezionato possa essere contaminato dalla condensa a causa di un rivestimento inadeguato del soffitto.[\/vc_column_text][\/vc_column_inner][\/vc_row_inner][vc_row_inner gap=&#8221;30&#8243; css=&#8221;.vc_custom_1625733586651{margin-top: 0px !important;padding-top: 0px !important;}&#8221;][vc_column_inner width=&#8221;1\/2&#8243; css=&#8221;.vc_custom_1625733548753{margin-top: 0px !important;margin-bottom: 0px !important;}&#8221;][vc_column_text]\n<h2>Come vengono testati i rivestimenti FOODGRADE?<\/h2>\n[\/vc_column_text][vc_column_text]\n<p style=\"text-align: justify;\">I prodotti FOODGRADE destinati al mercato europeo sono testati in conformit\u00e0 al regolamento (UE) n. 10\/2011. Questo regolamento disciplina i requisiti tecnici per i materiali e gli oggetti di plastica destinati a venire a contatto con gli alimenti. Le prove di migrazione globale e specifica sono effettuate con vari simulanti. I prodotti FAKOLITH FOODGRADE sono testati con i simulanti A, B, C, D2 rispettivamente (OM2-40\u00b0C per le dispersioni, OM4-100\u00b0C per i rivestimenti bicomponenti). Questo significa che i test di migrazione permettono il contatto diretto del rivestimento con tutti gli alimenti.<\/p>\n<p>Alcuni rivestimenti FAKOLITH FOODGRADE soddisfano i requisiti sia del Reg. (UE) 10\/2011 sia della norma statunitense FDA 21 CFR 175.300. La norma FDA 21 CFR 175.300 specifica i requisiti per i rivestimenti in resina e polimeri richiesti per le superfici a contatto con gli alimenti sul mercato statunitense.[\/vc_column_text][\/vc_column_inner][vc_column_inner width=&#8221;1\/2&#8243; css=&#8221;.vc_custom_1625733553962{margin-top: 0px !important;margin-bottom: 0px !important;}&#8221;][vc_column_text]\n<h2>Che significato ha la dichiarazione di conformit\u00e0 del fabbricante?<\/h2>\n[\/vc_column_text][vc_column_text]\n<p style=\"text-align: justify;\">La dichiarazione di conformit\u00e0 \u00e8 una conferma scritta in calce a una valutazione di conformit\u00e0, con la quale il produttore dichiara in modo vincolante che il prodotto presenta le propriet\u00e0 specificate nella dichiarazione. Nelle nostre dichiarazioni di conformit\u00e0 troverete tutte le informazioni sui test di migrazione globale e specifica, cos\u00ec come i test organolettici e meccanici eseguiti secondo i requisiti del Reg. (UE) 10\/2011 o della norma FDA 21 CFR 175.300.<\/p>\n<p>Firmando la dichiarazione di conformit\u00e0, FAKOLITH si assume la piena responsabilit\u00e0 di garantire che il prodotto FOODGRADE venduto sia conforme alle normative UE o USA vigenti in materia in materia. Tutti i certificati di prova e le perizie relative alla fabbricazione sono archiviati e a disposizione delle autorit\u00e0 per l\u2019ispezione, se necessario.<\/p>\n[\/vc_column_text][\/vc_column_inner][\/vc_row_inner][vc_row_inner gap=&#8221;30&#8243;][vc_column_inner width=&#8221;1\/2&#8243; css=&#8221;.vc_custom_1625733495535{margin-bottom: 0px !important;}&#8221;][vc_column_text]\n<h2>Che cosa significa \u201cfood-safe\u201d?<\/h2>\n[\/vc_column_text][vc_column_text]\n<p style=\"text-align: justify;\">Il termine \u201cfood-safe\u201d \u00e8 spesso usato colloquialmente per indicare un prodotto che \u00e8 adatto all\u2019uso nel settore alimentare. Non si tratta per\u00f2 di un termine definito con precisione. L\u2019idoneit\u00e0 di un rivestimento al contatto diretto con un prodotto alimentare \u00e8 confermata solo da una dichiarazione di conformit\u00e0 completa e firmata.<\/p>\n[\/vc_column_text][\/vc_column_inner][vc_column_inner width=&#8221;1\/2&#8243; css=&#8221;.vc_custom_1625733499791{margin-bottom: 0px !important;}&#8221;][\/vc_column_inner][\/vc_row_inner][\/vc_column][\/vc_row][vc_row][vc_column]<style>.vcex-button.vcex_69e9f5e202bc1{border-radius:0px;color:#ffffff!important;font-weight:600;text-transform:uppercase;letter-spacing:1px;}.vcex-button.vcex_69e9f5e202bc1:hover{background:#f9301d!important;}<\/style><div class=\"vc_custom_1666866592151 wpex-clr\"><a href=\"https:\/\/www.fakolith.de\/it\/prodotti\/?filter=59\" class=\"vcex-button theme-button flat inline vcex_69e9f5e202bc1\"><span class=\"vcex-button-inner theme-button-inner wpex-flex wpex-flex-wrap wpex-items-center wpex-justify-center\">PANORAMICA PRODOTTI FOODGRADE<span class=\"vcex-button-icon vcex-icon-wrap theme-button-icon-right\"><span class=\"wpex-icon wpex-icon--bidi\" aria-hidden=\"true\"><svg xmlns=\"http:\/\/www.w3.org\/2000\/svg\" viewBox=\"0 0 448 512\"><path d=\"M438.6 278.6c12.5-12.5 12.5-32.8 0-45.3l-160-160c-12.5-12.5-32.8-12.5-45.3 0s-12.5 32.8 0 45.3L338.8 224 32 224c-17.7 0-32 14.3-32 32s14.3 32 32 32l306.7 0L233.4 393.4c-12.5 12.5-12.5 32.8 0 45.3s32.8 12.5 45.3 0l160-160z\"\/><\/svg><\/span><\/span><\/span><\/a><\/div> [\/vc_column][\/vc_row][vc_row][vc_column][vc_separator][\/vc_column][\/vc_row][vc_row][vc_column][vc_column_text css=&#8221;.vc_custom_1649164950713{padding-top: 20px !important;}&#8221;]\n<h2><span  style=\"color:#dd2a1b;margin-right:5px;font-size:28px;\" class=\"wpex-icon\" aria-hidden=\"true\"><svg xmlns=\"http:\/\/www.w3.org\/2000\/svg\" viewBox=\"0 0 512 512\"><path d=\"M256 512A256 256 0 1 0 256 0a256 256 0 1 0 0 512zM216 336h24V272H216c-13.3 0-24-10.7-24-24s10.7-24 24-24h48c13.3 0 24 10.7 24 24v88h8c13.3 0 24 10.7 24 24s-10.7 24-24 24H216c-13.3 0-24-10.7-24-24s10.7-24 24-24zm40-208a32 32 0 1 1 0 64 32 32 0 1 1 0-64z\"\/><\/svg><\/span> Informazioni e assistenza<\/h2>\n[\/vc_column_text][vc_column_text css=&#8221;.vc_custom_1649164972778{padding-top: 20px !important;}&#8221;]Conosciamo i requisiti delle superfici negli impianti di trasformazione alimentare e forniamo soluzioni per rivestimenti funzionali.<\/p>\n<p>Avete poco tempo da dedicare ai lavori? Avete delle domande sui nostri prodotti o sul loro uso? Il nostro reparto tecnico specializzato \u00e8 sempre disponibile per un consulto personale, telefonicamente o per e-mail.<\/p>\n<p>Tel.: +49 (0)6253 \/ 23 94 &#8211; 18<br \/>\nE-mail: <a href=\"mailto:anwendungstechnik@fakolith.de\">anwendungstechnik@fakolith.de<\/a>[\/vc_column_text][vc_empty_space][\/vc_column][\/vc_row]\n<\/div>","protected":false},"excerpt":{"rendered":"<p>[vc_row full_width=&#8221;stretch_row_content_no_spaces&#8221; css=&#8221;.vc_custom_1617288255146{margin-bottom: 0px !important;padding-bottom: 0px !important;}&#8221;][vc_column css=&#8221;.vc_custom_1617288267876{margin-bottom: 0px !important;padding-bottom: 0px !important;}&#8221;][vc_single_image image=&#8221;8137&#8243; img_size=&#8221;2500x350px&#8221;][\/vc_column][\/vc_row][vc_row][vc_column][vc_column_text css=&#8221;.vc_custom_1649162783797{padding-top: 20px !important;}&#8221;] FOODGRADE \u2013 linea di prodotti certificati per il contatto diretto con gli alimenti [\/vc_column_text][vc_row_inner gap=&#8221;30&#8243; css=&#8221;.vc_custom_1625733525151{margin-bottom: 0px !important;}&#8221;][vc_column_inner width=&#8221;1\/2&#8243; css=&#8221;.vc_custom_1625733306902{margin-bottom: 0px !important;}&#8221;][vc_column_text] Che cosa significa FOODGRADE? [\/vc_column_text][vc_column_text] Nella nostra gamma prodotti, il termine FOODGRADE indica i prodotti che&hellip;<\/p>\n","protected":false},"author":1,"featured_media":0,"parent":0,"menu_order":9,"comment_status":"closed","ping_status":"closed","template":"","meta":{"inline_featured_image":false,"footnotes":""},"tags":[],"class_list":["post-5956","page","type-page","status-publish","hentry","entry","no-media"],"yoast_head":"<!-- This site is optimized with the Yoast SEO Premium plugin v27.4 (Yoast SEO v27.4) - https:\/\/yoast.com\/product\/yoast-seo-premium-wordpress\/ -->\n<title>FOODGRADE \u2013 linea di prodotti certificati per il contatto diretto<\/title>\n<meta name=\"description\" content=\"Nella nostra gamma prodotti, il termine FOODGRADE indica i prodotti che sono stati testati per il contatto diretto con gli alimenti.\" \/>\n<meta name=\"robots\" content=\"index, follow, max-snippet:-1, max-image-preview:large, max-video-preview:-1\" \/>\n<link rel=\"canonical\" href=\"https:\/\/www.fakolith.de\/it\/foodgrade-contatto-diretto-con-gli-alimenti\/\" \/>\n<meta property=\"og:locale\" content=\"it_IT\" \/>\n<meta property=\"og:type\" content=\"article\" \/>\n<meta property=\"og:title\" content=\"FAKOLITH - Profiprodukte f\u00fcr Schimmelsanierung an Geb\u00e4uden, Hygienebeschichtungen im Gesundheitswesen, FOODGRADE-Produkte in der Lebensmittelindustrie\" \/>\n<meta property=\"og:description\" content=\"FAKOLITH entwickelt und produziert seit \u00fcber 60 Jahren innovative Beschichtungssysteme f\u00fcr professionelle Anwendungen. Heute ist FAKOLITH ein international t\u00e4tiger Hersteller von Qualit\u00e4tsprodukten im Bereich Schimmelschutz und Bautenschutz, Hochwassersch\u00e4den sowie von Farben f\u00fcr das Gesundheitswesen und Beschichtungen f\u00fcr die Lebensmittelindustrie. Die lebensmittelechten FOODGRADE-Produkte, zertifiziert f\u00fcr den Direktkontakt mit Lebensmitteln nach VO (EU) 10\/2011 und FDA 21 CFR 175.300, wurden im Rahmen von internationalen Forschungsprojekten entwickelt und erweitern heute das Produktportfolio der FAKOLITH Gruppe.\" \/>\n<meta property=\"og:url\" content=\"https:\/\/www.fakolith.de\/it\/foodgrade-contatto-diretto-con-gli-alimenti\/\" \/>\n<meta property=\"og:site_name\" content=\"Fakolith - Schimmelschutz, Bautenschutz, Hygienebeschichtungen\" \/>\n<meta property=\"article:modified_time\" content=\"2023-07-19T09:06:16+00:00\" \/>\n<meta property=\"og:image\" content=\"https:\/\/www.fakolith.de\/wp-content\/uploads\/default-social-media.jpg\" \/>\n\t<meta property=\"og:image:width\" content=\"1200\" \/>\n\t<meta property=\"og:image:height\" content=\"675\" \/>\n\t<meta property=\"og:image:type\" content=\"image\/jpeg\" \/>\n<meta name=\"twitter:card\" content=\"summary_large_image\" \/>\n<meta name=\"twitter:label1\" content=\"Tempo di lettura stimato\" \/>\n\t<meta name=\"twitter:data1\" content=\"4 minuti\" \/>\n<script type=\"application\/ld+json\" class=\"yoast-schema-graph\">{\"@context\":\"https:\\\/\\\/schema.org\",\"@graph\":[{\"@type\":\"WebPage\",\"@id\":\"https:\\\/\\\/www.fakolith.de\\\/it\\\/foodgrade-contatto-diretto-con-gli-alimenti\\\/\",\"url\":\"https:\\\/\\\/www.fakolith.de\\\/it\\\/foodgrade-contatto-diretto-con-gli-alimenti\\\/\",\"name\":\"FOODGRADE \u2013 linea di prodotti certificati per il contatto diretto\",\"isPartOf\":{\"@id\":\"https:\\\/\\\/www.fakolith.de\\\/it\\\/#website\"},\"datePublished\":\"2022-08-17T13:34:13+00:00\",\"dateModified\":\"2023-07-19T09:06:16+00:00\",\"description\":\"Nella nostra gamma prodotti, il termine FOODGRADE indica i prodotti che sono stati testati per il contatto diretto con gli alimenti.\",\"breadcrumb\":{\"@id\":\"https:\\\/\\\/www.fakolith.de\\\/it\\\/foodgrade-contatto-diretto-con-gli-alimenti\\\/#breadcrumb\"},\"inLanguage\":\"it-IT\",\"potentialAction\":[{\"@type\":\"ReadAction\",\"target\":[\"https:\\\/\\\/www.fakolith.de\\\/it\\\/foodgrade-contatto-diretto-con-gli-alimenti\\\/\"]}]},{\"@type\":\"BreadcrumbList\",\"@id\":\"https:\\\/\\\/www.fakolith.de\\\/it\\\/foodgrade-contatto-diretto-con-gli-alimenti\\\/#breadcrumb\",\"itemListElement\":[{\"@type\":\"ListItem\",\"position\":1,\"name\":\"Startseite\",\"item\":\"https:\\\/\\\/www.fakolith.de\\\/it\\\/\"},{\"@type\":\"ListItem\",\"position\":2,\"name\":\"FOODGRADE\"}]},{\"@type\":\"WebSite\",\"@id\":\"https:\\\/\\\/www.fakolith.de\\\/it\\\/#website\",\"url\":\"https:\\\/\\\/www.fakolith.de\\\/it\\\/\",\"name\":\"Fakolith - Schimmelschutz, Bautenschutz, Hygienebeschichtungen\",\"description\":\"\",\"publisher\":{\"@id\":\"https:\\\/\\\/www.fakolith.de\\\/it\\\/#organization\"},\"potentialAction\":[{\"@type\":\"SearchAction\",\"target\":{\"@type\":\"EntryPoint\",\"urlTemplate\":\"https:\\\/\\\/www.fakolith.de\\\/it\\\/?s={search_term_string}\"},\"query-input\":{\"@type\":\"PropertyValueSpecification\",\"valueRequired\":true,\"valueName\":\"search_term_string\"}}],\"inLanguage\":\"it-IT\"},{\"@type\":\"Organization\",\"@id\":\"https:\\\/\\\/www.fakolith.de\\\/it\\\/#organization\",\"name\":\"FAKOLITH Farben GmbH\",\"url\":\"https:\\\/\\\/www.fakolith.de\\\/it\\\/\",\"logo\":{\"@type\":\"ImageObject\",\"inLanguage\":\"it-IT\",\"@id\":\"https:\\\/\\\/www.fakolith.de\\\/it\\\/#\\\/schema\\\/logo\\\/image\\\/\",\"url\":\"https:\\\/\\\/www.fakolith.de\\\/wp-content\\\/uploads\\\/2021\\\/03\\\/FAKOLITH-Logo.png\",\"contentUrl\":\"https:\\\/\\\/www.fakolith.de\\\/wp-content\\\/uploads\\\/2021\\\/03\\\/FAKOLITH-Logo.png\",\"width\":920,\"height\":185,\"caption\":\"FAKOLITH Farben GmbH\"},\"image\":{\"@id\":\"https:\\\/\\\/www.fakolith.de\\\/it\\\/#\\\/schema\\\/logo\\\/image\\\/\"},\"sameAs\":[\"https:\\\/\\\/de.linkedin.com\\\/company\\\/fakolith-hygienic-paints\",\"https:\\\/\\\/www.youtube.com\\\/channel\\\/UCMZ_L-Ut3xtVeWryvOYjaew\"],\"description\":\"Als Hersteller chemischer Produkte produziert FAKOLITH alle Produkte in Deutschland und Spanien. Gemeinsam mit der spanischen Tochterfirma FAKOLITH CHEMICAL SYSTEMS ist FAKOLITH seit 2006 nach dem Qualit\u00e4tsmanagementsystem DIN EN ISO 9001:2015 zertifiziert.\",\"email\":\"info@fakolith.de\",\"telephone\":\"+49 (0)6253 \\\/ 2394-0\",\"legalName\":\"FAKOLITH Farben GmbH\",\"vatID\":\"DE 111629099\",\"numberOfEmployees\":{\"@type\":\"QuantitativeValue\",\"minValue\":\"11\",\"maxValue\":\"50\"}}]}<\/script>\n<!-- \/ Yoast SEO Premium plugin. -->","yoast_head_json":{"title":"FOODGRADE \u2013 linea di prodotti certificati per il contatto diretto","description":"Nella nostra gamma prodotti, il termine FOODGRADE indica i prodotti che sono stati testati per il contatto diretto con gli alimenti.","robots":{"index":"index","follow":"follow","max-snippet":"max-snippet:-1","max-image-preview":"max-image-preview:large","max-video-preview":"max-video-preview:-1"},"canonical":"https:\/\/www.fakolith.de\/it\/foodgrade-contatto-diretto-con-gli-alimenti\/","og_locale":"it_IT","og_type":"article","og_title":"FAKOLITH - Profiprodukte f\u00fcr Schimmelsanierung an Geb\u00e4uden, Hygienebeschichtungen im Gesundheitswesen, FOODGRADE-Produkte in der Lebensmittelindustrie","og_description":"FAKOLITH entwickelt und produziert seit \u00fcber 60 Jahren innovative Beschichtungssysteme f\u00fcr professionelle Anwendungen. Heute ist FAKOLITH ein international t\u00e4tiger Hersteller von Qualit\u00e4tsprodukten im Bereich Schimmelschutz und Bautenschutz, Hochwassersch\u00e4den sowie von Farben f\u00fcr das Gesundheitswesen und Beschichtungen f\u00fcr die Lebensmittelindustrie. Die lebensmittelechten FOODGRADE-Produkte, zertifiziert f\u00fcr den Direktkontakt mit Lebensmitteln nach VO (EU) 10\/2011 und FDA 21 CFR 175.300, wurden im Rahmen von internationalen Forschungsprojekten entwickelt und erweitern heute das Produktportfolio der FAKOLITH Gruppe.","og_url":"https:\/\/www.fakolith.de\/it\/foodgrade-contatto-diretto-con-gli-alimenti\/","og_site_name":"Fakolith - Schimmelschutz, Bautenschutz, Hygienebeschichtungen","article_modified_time":"2023-07-19T09:06:16+00:00","og_image":[{"width":1200,"height":675,"url":"https:\/\/www.fakolith.de\/wp-content\/uploads\/default-social-media.jpg","type":"image\/jpeg"}],"twitter_card":"summary_large_image","twitter_misc":{"Tempo di lettura stimato":"4 minuti"},"schema":{"@context":"https:\/\/schema.org","@graph":[{"@type":"WebPage","@id":"https:\/\/www.fakolith.de\/it\/foodgrade-contatto-diretto-con-gli-alimenti\/","url":"https:\/\/www.fakolith.de\/it\/foodgrade-contatto-diretto-con-gli-alimenti\/","name":"FOODGRADE \u2013 linea di prodotti certificati per il contatto diretto","isPartOf":{"@id":"https:\/\/www.fakolith.de\/it\/#website"},"datePublished":"2022-08-17T13:34:13+00:00","dateModified":"2023-07-19T09:06:16+00:00","description":"Nella nostra gamma prodotti, il termine FOODGRADE indica i prodotti che sono stati testati per il contatto diretto con gli alimenti.","breadcrumb":{"@id":"https:\/\/www.fakolith.de\/it\/foodgrade-contatto-diretto-con-gli-alimenti\/#breadcrumb"},"inLanguage":"it-IT","potentialAction":[{"@type":"ReadAction","target":["https:\/\/www.fakolith.de\/it\/foodgrade-contatto-diretto-con-gli-alimenti\/"]}]},{"@type":"BreadcrumbList","@id":"https:\/\/www.fakolith.de\/it\/foodgrade-contatto-diretto-con-gli-alimenti\/#breadcrumb","itemListElement":[{"@type":"ListItem","position":1,"name":"Startseite","item":"https:\/\/www.fakolith.de\/it\/"},{"@type":"ListItem","position":2,"name":"FOODGRADE"}]},{"@type":"WebSite","@id":"https:\/\/www.fakolith.de\/it\/#website","url":"https:\/\/www.fakolith.de\/it\/","name":"Fakolith - Schimmelschutz, Bautenschutz, Hygienebeschichtungen","description":"","publisher":{"@id":"https:\/\/www.fakolith.de\/it\/#organization"},"potentialAction":[{"@type":"SearchAction","target":{"@type":"EntryPoint","urlTemplate":"https:\/\/www.fakolith.de\/it\/?s={search_term_string}"},"query-input":{"@type":"PropertyValueSpecification","valueRequired":true,"valueName":"search_term_string"}}],"inLanguage":"it-IT"},{"@type":"Organization","@id":"https:\/\/www.fakolith.de\/it\/#organization","name":"FAKOLITH Farben GmbH","url":"https:\/\/www.fakolith.de\/it\/","logo":{"@type":"ImageObject","inLanguage":"it-IT","@id":"https:\/\/www.fakolith.de\/it\/#\/schema\/logo\/image\/","url":"https:\/\/www.fakolith.de\/wp-content\/uploads\/2021\/03\/FAKOLITH-Logo.png","contentUrl":"https:\/\/www.fakolith.de\/wp-content\/uploads\/2021\/03\/FAKOLITH-Logo.png","width":920,"height":185,"caption":"FAKOLITH Farben GmbH"},"image":{"@id":"https:\/\/www.fakolith.de\/it\/#\/schema\/logo\/image\/"},"sameAs":["https:\/\/de.linkedin.com\/company\/fakolith-hygienic-paints","https:\/\/www.youtube.com\/channel\/UCMZ_L-Ut3xtVeWryvOYjaew"],"description":"Als Hersteller chemischer Produkte produziert FAKOLITH alle Produkte in Deutschland und Spanien. Gemeinsam mit der spanischen Tochterfirma FAKOLITH CHEMICAL SYSTEMS ist FAKOLITH seit 2006 nach dem Qualit\u00e4tsmanagementsystem DIN EN ISO 9001:2015 zertifiziert.","email":"info@fakolith.de","telephone":"+49 (0)6253 \/ 2394-0","legalName":"FAKOLITH Farben GmbH","vatID":"DE 111629099","numberOfEmployees":{"@type":"QuantitativeValue","minValue":"11","maxValue":"50"}}]}},"_links":{"self":[{"href":"https:\/\/www.fakolith.de\/it\/wp-json\/wp\/v2\/pages\/5956","targetHints":{"allow":["GET"]}}],"collection":[{"href":"https:\/\/www.fakolith.de\/it\/wp-json\/wp\/v2\/pages"}],"about":[{"href":"https:\/\/www.fakolith.de\/it\/wp-json\/wp\/v2\/types\/page"}],"author":[{"embeddable":true,"href":"https:\/\/www.fakolith.de\/it\/wp-json\/wp\/v2\/users\/1"}],"replies":[{"embeddable":true,"href":"https:\/\/www.fakolith.de\/it\/wp-json\/wp\/v2\/comments?post=5956"}],"version-history":[{"count":0,"href":"https:\/\/www.fakolith.de\/it\/wp-json\/wp\/v2\/pages\/5956\/revisions"}],"wp:attachment":[{"href":"https:\/\/www.fakolith.de\/it\/wp-json\/wp\/v2\/media?parent=5956"}],"wp:term":[{"taxonomy":"post_tag","embeddable":true,"href":"https:\/\/www.fakolith.de\/it\/wp-json\/wp\/v2\/tags?post=5956"}],"curies":[{"name":"wp","href":"https:\/\/api.w.org\/{rel}","templated":true}]}}