{"id":5967,"date":"2022-08-17T15:34:33","date_gmt":"2022-08-17T13:34:33","guid":{"rendered":"https:\/\/www.fakolith.de\/?page_id=5967"},"modified":"2025-10-21T10:44:56","modified_gmt":"2025-10-21T08:44:56","slug":"azienda","status":"publish","type":"page","link":"https:\/\/www.fakolith.de\/it\/azienda\/","title":{"rendered":"Unternehmen"},"content":{"rendered":"<div class=\"wpb-content-wrapper\">[vc_row full_width=&#8221;stretch_row_content_no_spaces&#8221; css=&#8221;.vc_custom_1617288255146{margin-bottom: 0px !important;padding-bottom: 0px !important;}&#8221;][vc_column css=&#8221;.vc_custom_1617288267876{margin-bottom: 0px !important;padding-bottom: 0px !important;}&#8221;][vc_single_image image=&#8221;6019&#8243; img_size=&#8221;2500x350px&#8221;][\/vc_column][\/vc_row][vc_row][vc_column][vc_column_text css=&#8221;.vc_custom_1649167119965{padding-top: 20px !important;}&#8221;]\n<h1>FAKOLITH \u2013 rivestimenti professionali per l\u2019artigianato e l\u2019industria<\/h1>\n[\/vc_column_text][vc_row_inner][vc_column_inner width=&#8221;2\/3&#8243; css=&#8221;.vc_custom_1620393259199{padding-right: 20px !important;}&#8221;][vc_column_text css=&#8221;.vc_custom_1711462055164{padding-top: 10px !important;}&#8221;]\n<h6>Competenza ed esperienza:<\/h6>\n<p style=\"text-align: justify;\">FAKOLITH \u00e8 un\u2019azienda a conduzione familiare con sede centrale a F\u00fcrth, in Germania. Da oltre 60 anni, FAKOLITH sviluppa, produce e distribuisce sistemi di prodotti su misura e innovativi per il settore artigianale, alimentare, del packaging e sanitario. L\u2019azienda vanta una particolare competenza nei rivestimenti superficiali food safe e antimicrobici, cos\u00ec come nella prevenzione e riparazione dei danni da umidit\u00e0 negli edifici.<\/p>\n<h6>Qualit\u00e0 del prodotto \u201cmade in Europe\u201d:<\/h6>\n<p style=\"text-align: justify;\">Dal 1994, FAKOLITH ha acquisito un\u2019ulteriore sede di produzione, ricerca e sviluppo a Tortosa, in Spagna, dove con FAKOLITH CHEMICAL SYSTEMS offre al mercato dell\u2019Europa meridionale e di lingua spagnola una gamma ancora pi\u00f9 estesa di servizi e una consulenza competente. Oggi, FAKOLITH vende i suoi prodotti in tutto il mondo ed \u00e8 uno dei principali fornitori di rivestimenti igienici certificati per il contatto diretto con gli alimenti in Europa.<\/p>\n[\/vc_column_text][vc_column_text css=&#8221;.vc_custom_1711626784645{padding-top: 20px !important;}&#8221;]\n<h6>Un\u2019azienda innovativa e orientata alla domanda:<\/h6>\n<p style=\"text-align: justify;\">La sua partecipazione pluriennale a progetti di ricerca internazionali e la sua stretta collaborazione con le rappresentanze artigianali, industriali e di settore, nonch\u00e9 con le associazioni di categoria, consentono inoltre a FAKOLITH di attingere a un bagaglio di conoscenze ed esperienze essenziale per l\u2019ulteriore sviluppo sostenibile e innovativo dei propri prodotti e servizi.<\/p>\n<h6>Aziende certificate che guardano al futuro:<img loading=\"lazy\" decoding=\"async\" class=\"alignright wp-image-7331 size-medium\" style=\"margin: 25px;\" src=\"https:\/\/www.fakolith.de\/wp-content\/uploads\/Zertifizierungszeichen-TUeV-ISO-9001.2015-300x152.png\" alt=\"\" width=\"150\" height=\"75\" srcset=\"https:\/\/www.fakolith.de\/wp-content\/uploads\/Zertifizierungszeichen-TUeV-ISO-9001.2015-300x152.png 300w, https:\/\/www.fakolith.de\/wp-content\/uploads\/Zertifizierungszeichen-TUeV-ISO-9001.2015.png 358w\" sizes=\"auto, (max-width: 150px) 100vw, 150px\" \/><\/h6>\n<p style=\"text-align: justify;\">Entrambe le aziende sono certificate secondo il sistema di gestione della qualit\u00e0 DIN EN ISO 9001:2015 e sono regolarmente esaminate da T\u00dcV Rheinland. La produzione dei rivestimenti igienici certificati FAKOLITH avviene secondo un sistema di gestione dell\u2019igiene e della qualit\u00e0 per aziende alimentari (HACCP) vincolante a livello internazionale. I requisiti per la qualit\u00e0 e le propriet\u00e0 dei prodotti si basano sullo stato attuale dell\u2019arte, tenendo conto dei risultati della ricerca e dello sviluppo in corso.<\/p>\n<p>Il nostro mondo \u00e8 a colori![\/vc_column_text][\/vc_column_inner][vc_column_inner width=&#8221;1\/3&#8243;][vc_single_image image=&#8221;5969&#8243; css=&#8221;.vc_custom_1620392123879{padding-top: 40px !important;}&#8221;][vc_column_text css=&#8221;.vc_custom_1620392306631{padding-top: 10px !important;}&#8221;]\n<p style=\"text-align: center;\">FAKOLITH \/ Deutschland<\/p>\n[\/vc_column_text][vc_empty_space height=&#8221;20px&#8221;][vc_single_image image=&#8221;5970&#8243; css=&#8221;.vc_custom_1620393163667{padding-top: 20px !important;}&#8221;][vc_column_text css=&#8221;.vc_custom_1620392311816{padding-top: 10px !important;}&#8221;]\n<p style=\"text-align: center;\">FAKOLITH \/ Spanien<\/p>\n[\/vc_column_text][vc_empty_space height=&#8221;20px&#8221;]<style>.vcex-button.vcex_69e9f5970e7d7{font-size:15px;}<\/style><div class=\"theme-button-wrap textcenter wpex-clr\"><a href=\"https:\/\/www.fakolith.de\/wp-content\/uploads\/FAKOLITH-ISO-9001-Certificat.pdf\" class=\"vcex-button theme-button align-center inline vcex_69e9f5970e7d7\" target=\"_blank\" rel=\"noopener noreferrer\"><span class=\"vcex-button-inner theme-button-inner wpex-flex wpex-flex-wrap wpex-items-center wpex-justify-center\">FAKOLITH FARBEN | Scarica il certificato ISO (PDF)<\/span><\/a><\/div> [vc_empty_space height=&#8221;10px&#8221;]<style>.vcex-button.vcex_69e9f5970fed4{font-size:15px;}<\/style><div class=\"theme-button-wrap textcenter wpex-clr\"><a href=\"https:\/\/www.fakolith.de\/wp-content\/uploads\/FAKOLITH-Chemical-Systems-ISO-9001-Certificat.pdf\" class=\"vcex-button theme-button align-center inline vcex_69e9f5970fed4\" target=\"_blank\" rel=\"noopener noreferrer\"><span class=\"vcex-button-inner theme-button-inner wpex-flex wpex-flex-wrap wpex-items-center wpex-justify-center\">FAKOLITH CHEM. SYST. | Scarica il certificato ISO (PDF)<\/span><\/a><\/div> [\/vc_column_inner][\/vc_row_inner][vc_empty_space height=&#8221;10px&#8221;][vc_separator][vc_empty_space height=&#8221;30px&#8221;][vc_column_text]\n<h6>Storia dell\u2019azienda<\/h6>\n[\/vc_column_text][vc_empty_space height=&#8221;20px&#8221;][vc_column_text]\n<table>\n<tbody>\n<tr>\n<td>1963<\/td>\n<td>Fondazione della societ\u00e0 HANOLITH a Francoforte da parte di Dieter Farenkopf<\/td>\n<\/tr>\n<tr>\n<td><\/td>\n<td>Produzione, distribuzione e lavorazione di vernici per locali di produzione di panifici, macellerie, cantine<\/td>\n<\/tr>\n<tr>\n<td>1967<\/td>\n<td>Cambiamento del nome della societ\u00e0 HANOLITH in FAKOLITH<\/td>\n<\/tr>\n<tr>\n<td>1969<\/td>\n<td>Cambiamento di nome della ditta individuale in una GmbH (societ\u00e0 a responsabilit\u00e0 limitata)<\/td>\n<\/tr>\n<tr>\n<td>1982<\/td>\n<td>Nuova costruzione di un capannone di produzione e stoccaggio a F\u00fcrth<\/td>\n<\/tr>\n<tr>\n<td>1985<\/td>\n<td>Trasferimento della sede aziendale da Francoforte a F\u00fcrth<\/td>\n<\/tr>\n<tr>\n<td>1992<\/td>\n<td>Ampliamento del capannone di produzione a F\u00fcrth<\/td>\n<\/tr>\n<tr>\n<td>1993<\/td>\n<td>Nuova costruzione di un edificio amministrativo<\/td>\n<\/tr>\n<tr>\n<td>1993<\/td>\n<td>Fondazione della filiale FAKOLITH Espana SL e nuova costruzione di un capannone di produzione con edificio amministrativo a Tortosa (Spagna \/ Alicante)<\/td>\n<\/tr>\n<tr>\n<td>2002<\/td>\n<td>Fondazione della societ\u00e0 FAKOLITH do Brasil a Curitiba, Brasile<\/td>\n<\/tr>\n<tr>\n<td>2006<\/td>\n<td>Ampliamento del capannone di produzione di FAKOLITH Espana SL<\/td>\n<\/tr>\n<tr>\n<td>2007<\/td>\n<td>Certificazione congiunta dei siti in Germania e Spagna da parte di T\u00dcV Rheinland ISO 9001:2008.<\/td>\n<\/tr>\n<tr>\n<td>2008<\/td>\n<td>Scissione di FAKOLITH Espana SL e fondazione della societ\u00e0 FAKOLITH Chemical Systems SL a Tortosa<\/td>\n<\/tr>\n<tr>\n<td>2015<\/td>\n<td>Ricertificazione dei siti in Germania e Spagna da parte di T\u00dcV Rheinland ISO 9001:2015.<\/td>\n<\/tr>\n<tr>\n<td>2017<\/td>\n<td>50 anni di FAKOLITH Farben GmbH<\/td>\n<\/tr>\n<tr>\n<td>2021<\/td>\n<td>Nuova costruzione di un laboratorio e centro prove nella sede di F\u00fcrth<\/td>\n<\/tr>\n<\/tbody>\n<\/table>\n[\/vc_column_text][vc_empty_space][vc_separator][vc_empty_space height=&#8221;20px&#8221;][vc_column_text]\n<h6>Ulteriori informazioni<\/h6>\n<p><a href=\"https:\/\/www.fakolith.de\/it\/progetti-di-ricerca\/\">&gt; Panoramica delle partecipazioni a progetti di ricerca<\/a><br \/>\n<a href=\"https:\/\/www.fakolith.de\/it\/partnership\/\">&gt; Informazioni su cooperazioni e iscrizione ad associazioni<\/a><br \/>\n<a href=\"https:\/\/www.fakolith.de\/it\/rivestimenti-igienici\/\">&gt; Rivestimenti igienici e sistemi di prodotti certificati<\/a><br \/>\n<a href=\"https:\/\/www.fakolith.de\/it\/prodotti\/\">&gt; Vai alla panoramica dei prodotti FAKOLITH<\/a><br \/>\n<a href=\"https:\/\/www.fakolith.es\/\" target=\"_blank\" rel=\"noopener\">&gt; Vai al sito web di FAKOLITH CHEMICAL SYSTEMS, S.L.U. (Spagna) \u2013 (si apre una nuova finestra)<\/a><br \/>\n<a href=\"https:\/\/www.fakolith.de\/wp-content\/uploads\/FAKOLITH-ISO-9001-Certificat.pdf\" target=\"_blank\" rel=\"noopener\">&gt; T\u00dcV Reinland certificato &#8211; ISO 9001:2015<\/a>[\/vc_column_text][\/vc_column][\/vc_row][vc_row][vc_column][vc_separator][vc_column_text css=&#8221;.vc_custom_1649168158270{padding-top: 20px !important;}&#8221;]\n<h2><span  style=\"color:#dd2a1b;margin-right:5px;font-size:28px;\" class=\"wpex-icon\" aria-hidden=\"true\"><svg xmlns=\"http:\/\/www.w3.org\/2000\/svg\" viewBox=\"0 0 512 512\"><path d=\"M256 512A256 256 0 1 0 256 0a256 256 0 1 0 0 512zM216 336h24V272H216c-13.3 0-24-10.7-24-24s10.7-24 24-24h48c13.3 0 24 10.7 24 24v88h8c13.3 0 24 10.7 24 24s-10.7 24-24 24H216c-13.3 0-24-10.7-24-24s10.7-24 24-24zm40-208a32 32 0 1 1 0 64 32 32 0 1 1 0-64z\"\/><\/svg><\/span> Informazioni e assistenza<\/h2>\n[\/vc_column_text][vc_column_text css=&#8221;.vc_custom_1649168180551{padding-top: 20px !important;}&#8221;]Avete qualche domanda sulla nostra azienda? Non esitate a contattarci personalmente, per telefono o tramite e-mail.<\/p>\n<p>Tel.: +49 (0)6253 \/ 23 94 &#8211; 0<br \/>\nE-mail: <a href=\"mailto:info@fakolith.de\">info@fakolith.de<\/a>[\/vc_column_text][vc_empty_space][\/vc_column][\/vc_row]\n<\/div>","protected":false},"excerpt":{"rendered":"<p>[vc_row full_width=&#8221;stretch_row_content_no_spaces&#8221; css=&#8221;.vc_custom_1617288255146{margin-bottom: 0px !important;padding-bottom: 0px !important;}&#8221;][vc_column css=&#8221;.vc_custom_1617288267876{margin-bottom: 0px !important;padding-bottom: 0px !important;}&#8221;][vc_single_image image=&#8221;6019&#8243; img_size=&#8221;2500x350px&#8221;][\/vc_column][\/vc_row][vc_row][vc_column][vc_column_text css=&#8221;.vc_custom_1649167119965{padding-top: 20px !important;}&#8221;] FAKOLITH \u2013 rivestimenti professionali per l\u2019artigianato e l\u2019industria [\/vc_column_text][vc_row_inner][vc_column_inner width=&#8221;2\/3&#8243; css=&#8221;.vc_custom_1620393259199{padding-right: 20px !important;}&#8221;][vc_column_text css=&#8221;.vc_custom_1711462055164{padding-top: 10px !important;}&#8221;] Competenza ed esperienza: FAKOLITH \u00e8 un\u2019azienda a conduzione familiare con sede centrale a F\u00fcrth, in Germania. Da oltre 60 anni, FAKOLITH sviluppa,&hellip;<\/p>\n","protected":false},"author":1,"featured_media":0,"parent":0,"menu_order":259,"comment_status":"closed","ping_status":"closed","template":"","meta":{"inline_featured_image":false,"footnotes":""},"tags":[],"class_list":["post-5967","page","type-page","status-publish","hentry","entry","no-media"],"yoast_head":"<!-- This site is optimized with the Yoast SEO Premium plugin v27.4 (Yoast SEO v27.4) - https:\/\/yoast.com\/product\/yoast-seo-premium-wordpress\/ -->\n<title>FAKOLITH \u2013 rivestimenti professionali per l\u2019artigianato e l\u2019industria<\/title>\n<meta name=\"description\" content=\"FAKOLITH \u00e8 un\u2019azienda a conduzione familiare con sede centrale a F\u00fcrth, in Germania. Da oltre 60 anni, FAKOLITH sviluppa, produce ...\" \/>\n<meta name=\"robots\" content=\"index, follow, max-snippet:-1, max-image-preview:large, max-video-preview:-1\" \/>\n<link rel=\"canonical\" href=\"https:\/\/www.fakolith.de\/it\/azienda\/\" \/>\n<meta property=\"og:locale\" content=\"it_IT\" \/>\n<meta property=\"og:type\" content=\"article\" \/>\n<meta property=\"og:title\" content=\"FAKOLITH - Profiprodukte f\u00fcr Schimmelsanierung an Geb\u00e4uden, Hygienebeschichtungen im Gesundheitswesen, FOODGRADE-Produkte in der Lebensmittelindustrie\" \/>\n<meta property=\"og:description\" content=\"FAKOLITH entwickelt und produziert seit \u00fcber 60 Jahren innovative Beschichtungssysteme f\u00fcr professionelle Anwendungen. Heute ist FAKOLITH ein international t\u00e4tiger Hersteller von Qualit\u00e4tsprodukten im Bereich Schimmelschutz und Bautenschutz, Hochwassersch\u00e4den sowie von Farben f\u00fcr das Gesundheitswesen und Beschichtungen f\u00fcr die Lebensmittelindustrie. Die lebensmittelechten FOODGRADE-Produkte, zertifiziert f\u00fcr den Direktkontakt mit Lebensmitteln nach VO (EU) 10\/2011 und FDA 21 CFR 175.300, wurden im Rahmen von internationalen Forschungsprojekten entwickelt und erweitern heute das Produktportfolio der FAKOLITH Gruppe.\" \/>\n<meta property=\"og:url\" content=\"https:\/\/www.fakolith.de\/it\/azienda\/\" \/>\n<meta property=\"og:site_name\" content=\"Fakolith - Schimmelschutz, Bautenschutz, Hygienebeschichtungen\" \/>\n<meta property=\"article:modified_time\" content=\"2025-10-21T08:44:56+00:00\" \/>\n<meta property=\"og:image\" content=\"https:\/\/www.fakolith.de\/wp-content\/uploads\/Zertifizierungszeichen-TUeV-ISO-9001.2015-300x152.png\" \/>\n<meta name=\"twitter:card\" content=\"summary_large_image\" \/>\n<meta name=\"twitter:label1\" content=\"Tempo di lettura stimato\" \/>\n\t<meta name=\"twitter:data1\" content=\"5 minuti\" \/>\n<script type=\"application\/ld+json\" class=\"yoast-schema-graph\">{\"@context\":\"https:\\\/\\\/schema.org\",\"@graph\":[{\"@type\":\"WebPage\",\"@id\":\"https:\\\/\\\/www.fakolith.de\\\/it\\\/azienda\\\/\",\"url\":\"https:\\\/\\\/www.fakolith.de\\\/it\\\/azienda\\\/\",\"name\":\"FAKOLITH \u2013 rivestimenti professionali per l\u2019artigianato e l\u2019industria\",\"isPartOf\":{\"@id\":\"https:\\\/\\\/www.fakolith.de\\\/it\\\/#website\"},\"primaryImageOfPage\":{\"@id\":\"https:\\\/\\\/www.fakolith.de\\\/it\\\/azienda\\\/#primaryimage\"},\"image\":{\"@id\":\"https:\\\/\\\/www.fakolith.de\\\/it\\\/azienda\\\/#primaryimage\"},\"thumbnailUrl\":\"https:\\\/\\\/www.fakolith.de\\\/wp-content\\\/uploads\\\/Zertifizierungszeichen-TUeV-ISO-9001.2015-300x152.png\",\"datePublished\":\"2022-08-17T13:34:33+00:00\",\"dateModified\":\"2025-10-21T08:44:56+00:00\",\"description\":\"FAKOLITH \u00e8 un\u2019azienda a conduzione familiare con sede centrale a F\u00fcrth, in Germania. Da oltre 60 anni, FAKOLITH sviluppa, produce ...\",\"breadcrumb\":{\"@id\":\"https:\\\/\\\/www.fakolith.de\\\/it\\\/azienda\\\/#breadcrumb\"},\"inLanguage\":\"it-IT\",\"potentialAction\":[{\"@type\":\"ReadAction\",\"target\":[\"https:\\\/\\\/www.fakolith.de\\\/it\\\/azienda\\\/\"]}]},{\"@type\":\"ImageObject\",\"inLanguage\":\"it-IT\",\"@id\":\"https:\\\/\\\/www.fakolith.de\\\/it\\\/azienda\\\/#primaryimage\",\"url\":\"https:\\\/\\\/www.fakolith.de\\\/wp-content\\\/uploads\\\/Zertifizierungszeichen-TUeV-ISO-9001.2015-300x152.png\",\"contentUrl\":\"https:\\\/\\\/www.fakolith.de\\\/wp-content\\\/uploads\\\/Zertifizierungszeichen-TUeV-ISO-9001.2015-300x152.png\"},{\"@type\":\"BreadcrumbList\",\"@id\":\"https:\\\/\\\/www.fakolith.de\\\/it\\\/azienda\\\/#breadcrumb\",\"itemListElement\":[{\"@type\":\"ListItem\",\"position\":1,\"name\":\"Startseite\",\"item\":\"https:\\\/\\\/www.fakolith.de\\\/it\\\/\"},{\"@type\":\"ListItem\",\"position\":2,\"name\":\"Unternehmen\"}]},{\"@type\":\"WebSite\",\"@id\":\"https:\\\/\\\/www.fakolith.de\\\/it\\\/#website\",\"url\":\"https:\\\/\\\/www.fakolith.de\\\/it\\\/\",\"name\":\"Fakolith - Schimmelschutz, Bautenschutz, Hygienebeschichtungen\",\"description\":\"\",\"publisher\":{\"@id\":\"https:\\\/\\\/www.fakolith.de\\\/it\\\/#organization\"},\"potentialAction\":[{\"@type\":\"SearchAction\",\"target\":{\"@type\":\"EntryPoint\",\"urlTemplate\":\"https:\\\/\\\/www.fakolith.de\\\/it\\\/?s={search_term_string}\"},\"query-input\":{\"@type\":\"PropertyValueSpecification\",\"valueRequired\":true,\"valueName\":\"search_term_string\"}}],\"inLanguage\":\"it-IT\"},{\"@type\":\"Organization\",\"@id\":\"https:\\\/\\\/www.fakolith.de\\\/it\\\/#organization\",\"name\":\"FAKOLITH Farben GmbH\",\"url\":\"https:\\\/\\\/www.fakolith.de\\\/it\\\/\",\"logo\":{\"@type\":\"ImageObject\",\"inLanguage\":\"it-IT\",\"@id\":\"https:\\\/\\\/www.fakolith.de\\\/it\\\/#\\\/schema\\\/logo\\\/image\\\/\",\"url\":\"https:\\\/\\\/www.fakolith.de\\\/wp-content\\\/uploads\\\/2021\\\/03\\\/FAKOLITH-Logo.png\",\"contentUrl\":\"https:\\\/\\\/www.fakolith.de\\\/wp-content\\\/uploads\\\/2021\\\/03\\\/FAKOLITH-Logo.png\",\"width\":920,\"height\":185,\"caption\":\"FAKOLITH Farben GmbH\"},\"image\":{\"@id\":\"https:\\\/\\\/www.fakolith.de\\\/it\\\/#\\\/schema\\\/logo\\\/image\\\/\"},\"sameAs\":[\"https:\\\/\\\/de.linkedin.com\\\/company\\\/fakolith-hygienic-paints\",\"https:\\\/\\\/www.youtube.com\\\/channel\\\/UCMZ_L-Ut3xtVeWryvOYjaew\"],\"description\":\"Als Hersteller chemischer Produkte produziert FAKOLITH alle Produkte in Deutschland und Spanien. Gemeinsam mit der spanischen Tochterfirma FAKOLITH CHEMICAL SYSTEMS ist FAKOLITH seit 2006 nach dem Qualit\u00e4tsmanagementsystem DIN EN ISO 9001:2015 zertifiziert.\",\"email\":\"info@fakolith.de\",\"telephone\":\"+49 (0)6253 \\\/ 2394-0\",\"legalName\":\"FAKOLITH Farben GmbH\",\"vatID\":\"DE 111629099\",\"numberOfEmployees\":{\"@type\":\"QuantitativeValue\",\"minValue\":\"11\",\"maxValue\":\"50\"}}]}<\/script>\n<!-- \/ Yoast SEO Premium plugin. -->","yoast_head_json":{"title":"FAKOLITH \u2013 rivestimenti professionali per l\u2019artigianato e l\u2019industria","description":"FAKOLITH \u00e8 un\u2019azienda a conduzione familiare con sede centrale a F\u00fcrth, in Germania. Da oltre 60 anni, FAKOLITH sviluppa, produce ...","robots":{"index":"index","follow":"follow","max-snippet":"max-snippet:-1","max-image-preview":"max-image-preview:large","max-video-preview":"max-video-preview:-1"},"canonical":"https:\/\/www.fakolith.de\/it\/azienda\/","og_locale":"it_IT","og_type":"article","og_title":"FAKOLITH - Profiprodukte f\u00fcr Schimmelsanierung an Geb\u00e4uden, Hygienebeschichtungen im Gesundheitswesen, FOODGRADE-Produkte in der Lebensmittelindustrie","og_description":"FAKOLITH entwickelt und produziert seit \u00fcber 60 Jahren innovative Beschichtungssysteme f\u00fcr professionelle Anwendungen. Heute ist FAKOLITH ein international t\u00e4tiger Hersteller von Qualit\u00e4tsprodukten im Bereich Schimmelschutz und Bautenschutz, Hochwassersch\u00e4den sowie von Farben f\u00fcr das Gesundheitswesen und Beschichtungen f\u00fcr die Lebensmittelindustrie. Die lebensmittelechten FOODGRADE-Produkte, zertifiziert f\u00fcr den Direktkontakt mit Lebensmitteln nach VO (EU) 10\/2011 und FDA 21 CFR 175.300, wurden im Rahmen von internationalen Forschungsprojekten entwickelt und erweitern heute das Produktportfolio der FAKOLITH Gruppe.","og_url":"https:\/\/www.fakolith.de\/it\/azienda\/","og_site_name":"Fakolith - Schimmelschutz, Bautenschutz, Hygienebeschichtungen","article_modified_time":"2025-10-21T08:44:56+00:00","og_image":[{"url":"https:\/\/www.fakolith.de\/wp-content\/uploads\/Zertifizierungszeichen-TUeV-ISO-9001.2015-300x152.png","type":"","width":"","height":""}],"twitter_card":"summary_large_image","twitter_misc":{"Tempo di lettura stimato":"5 minuti"},"schema":{"@context":"https:\/\/schema.org","@graph":[{"@type":"WebPage","@id":"https:\/\/www.fakolith.de\/it\/azienda\/","url":"https:\/\/www.fakolith.de\/it\/azienda\/","name":"FAKOLITH \u2013 rivestimenti professionali per l\u2019artigianato e l\u2019industria","isPartOf":{"@id":"https:\/\/www.fakolith.de\/it\/#website"},"primaryImageOfPage":{"@id":"https:\/\/www.fakolith.de\/it\/azienda\/#primaryimage"},"image":{"@id":"https:\/\/www.fakolith.de\/it\/azienda\/#primaryimage"},"thumbnailUrl":"https:\/\/www.fakolith.de\/wp-content\/uploads\/Zertifizierungszeichen-TUeV-ISO-9001.2015-300x152.png","datePublished":"2022-08-17T13:34:33+00:00","dateModified":"2025-10-21T08:44:56+00:00","description":"FAKOLITH \u00e8 un\u2019azienda a conduzione familiare con sede centrale a F\u00fcrth, in Germania. Da oltre 60 anni, FAKOLITH sviluppa, produce ...","breadcrumb":{"@id":"https:\/\/www.fakolith.de\/it\/azienda\/#breadcrumb"},"inLanguage":"it-IT","potentialAction":[{"@type":"ReadAction","target":["https:\/\/www.fakolith.de\/it\/azienda\/"]}]},{"@type":"ImageObject","inLanguage":"it-IT","@id":"https:\/\/www.fakolith.de\/it\/azienda\/#primaryimage","url":"https:\/\/www.fakolith.de\/wp-content\/uploads\/Zertifizierungszeichen-TUeV-ISO-9001.2015-300x152.png","contentUrl":"https:\/\/www.fakolith.de\/wp-content\/uploads\/Zertifizierungszeichen-TUeV-ISO-9001.2015-300x152.png"},{"@type":"BreadcrumbList","@id":"https:\/\/www.fakolith.de\/it\/azienda\/#breadcrumb","itemListElement":[{"@type":"ListItem","position":1,"name":"Startseite","item":"https:\/\/www.fakolith.de\/it\/"},{"@type":"ListItem","position":2,"name":"Unternehmen"}]},{"@type":"WebSite","@id":"https:\/\/www.fakolith.de\/it\/#website","url":"https:\/\/www.fakolith.de\/it\/","name":"Fakolith - Schimmelschutz, Bautenschutz, Hygienebeschichtungen","description":"","publisher":{"@id":"https:\/\/www.fakolith.de\/it\/#organization"},"potentialAction":[{"@type":"SearchAction","target":{"@type":"EntryPoint","urlTemplate":"https:\/\/www.fakolith.de\/it\/?s={search_term_string}"},"query-input":{"@type":"PropertyValueSpecification","valueRequired":true,"valueName":"search_term_string"}}],"inLanguage":"it-IT"},{"@type":"Organization","@id":"https:\/\/www.fakolith.de\/it\/#organization","name":"FAKOLITH Farben GmbH","url":"https:\/\/www.fakolith.de\/it\/","logo":{"@type":"ImageObject","inLanguage":"it-IT","@id":"https:\/\/www.fakolith.de\/it\/#\/schema\/logo\/image\/","url":"https:\/\/www.fakolith.de\/wp-content\/uploads\/2021\/03\/FAKOLITH-Logo.png","contentUrl":"https:\/\/www.fakolith.de\/wp-content\/uploads\/2021\/03\/FAKOLITH-Logo.png","width":920,"height":185,"caption":"FAKOLITH Farben GmbH"},"image":{"@id":"https:\/\/www.fakolith.de\/it\/#\/schema\/logo\/image\/"},"sameAs":["https:\/\/de.linkedin.com\/company\/fakolith-hygienic-paints","https:\/\/www.youtube.com\/channel\/UCMZ_L-Ut3xtVeWryvOYjaew"],"description":"Als Hersteller chemischer Produkte produziert FAKOLITH alle Produkte in Deutschland und Spanien. Gemeinsam mit der spanischen Tochterfirma FAKOLITH CHEMICAL SYSTEMS ist FAKOLITH seit 2006 nach dem Qualit\u00e4tsmanagementsystem DIN EN ISO 9001:2015 zertifiziert.","email":"info@fakolith.de","telephone":"+49 (0)6253 \/ 2394-0","legalName":"FAKOLITH Farben GmbH","vatID":"DE 111629099","numberOfEmployees":{"@type":"QuantitativeValue","minValue":"11","maxValue":"50"}}]}},"_links":{"self":[{"href":"https:\/\/www.fakolith.de\/it\/wp-json\/wp\/v2\/pages\/5967","targetHints":{"allow":["GET"]}}],"collection":[{"href":"https:\/\/www.fakolith.de\/it\/wp-json\/wp\/v2\/pages"}],"about":[{"href":"https:\/\/www.fakolith.de\/it\/wp-json\/wp\/v2\/types\/page"}],"author":[{"embeddable":true,"href":"https:\/\/www.fakolith.de\/it\/wp-json\/wp\/v2\/users\/1"}],"replies":[{"embeddable":true,"href":"https:\/\/www.fakolith.de\/it\/wp-json\/wp\/v2\/comments?post=5967"}],"version-history":[{"count":2,"href":"https:\/\/www.fakolith.de\/it\/wp-json\/wp\/v2\/pages\/5967\/revisions"}],"predecessor-version":[{"id":10536,"href":"https:\/\/www.fakolith.de\/it\/wp-json\/wp\/v2\/pages\/5967\/revisions\/10536"}],"wp:attachment":[{"href":"https:\/\/www.fakolith.de\/it\/wp-json\/wp\/v2\/media?parent=5967"}],"wp:term":[{"taxonomy":"post_tag","embeddable":true,"href":"https:\/\/www.fakolith.de\/it\/wp-json\/wp\/v2\/tags?post=5967"}],"curies":[{"name":"wp","href":"https:\/\/api.w.org\/{rel}","templated":true}]}}