{"id":5974,"date":"2022-08-17T15:34:21","date_gmt":"2022-08-17T13:34:21","guid":{"rendered":"https:\/\/www.fakolith.de\/?page_id=5974"},"modified":"2022-10-27T13:44:34","modified_gmt":"2022-10-27T11:44:34","slug":"progetti-di-ricerca","status":"publish","type":"page","link":"https:\/\/www.fakolith.de\/it\/progetti-di-ricerca\/","title":{"rendered":"Forschungsprojekte"},"content":{"rendered":"<div class=\"wpb-content-wrapper\">[vc_row full_width=&#8221;stretch_row_content_no_spaces&#8221; css=&#8221;.vc_custom_1617288255146{margin-bottom: 0px !important;padding-bottom: 0px !important;}&#8221;][vc_column css=&#8221;.vc_custom_1617288267876{margin-bottom: 0px !important;padding-bottom: 0px !important;}&#8221;][vc_single_image image=&#8221;5976&#8243; img_size=&#8221;2500x350px&#8221;][\/vc_column][\/vc_row][vc_row][vc_column][vc_column_text css=&#8221;.vc_custom_1649169958642{padding-top: 20px !important;}&#8221;]\n<h1>I nostri progetti di ricerca internazionali<\/h1>\n[\/vc_column_text][vc_empty_space height=&#8221;40px&#8221;][vc_row_inner][vc_column_inner width=&#8221;1\/3&#8243;][vc_single_image image=&#8221;5985&#8243;][vc_column_text]\n<h2>PROGETTI TECHNOCAI<\/h2>\n[\/vc_column_text][vc_column_text css=&#8221;.vc_custom_1649170006037{padding-top: 15px !important;}&#8221;]\n<p style=\"text-align: justify;\">Tecnologie efficienti e intelligenti incentrate sulla salute e il benessere negli ambienti interni \u2013 CEN-20091010.<\/p>\n<p>Periodo: 2009 &#8211; 2012<\/p>\n<p>L\u2019obiettivo principale del progetto CENIT TECNOCAI era quello di consolidare le competenze e perfezionare le tecnologie volte a ottimizzare il benessere all\u2019interno dei locali. Gli sviluppi dovrebbero contribuire ad assicurare il massimo livello possibile di comfort e salute a chi vi dimora. Questo obiettivo \u00e8 stato raggiunto grazie al contributo di varie scienze.[\/vc_column_text][\/vc_column_inner][vc_column_inner width=&#8221;1\/3&#8243;][vc_single_image image=&#8221;5984&#8243;][vc_column_text]\n<h2>PROGETTO APLICONS<\/h2>\n[\/vc_column_text][vc_column_text css=&#8221;.vc_custom_1649170069076{padding-top: 15px !important;}&#8221;]\n<p style=\"text-align: justify;\">Pitture antimicrobiche basate sulla nanotecnologia \u2013 IPT-2011-1499900000.<\/p>\n<p>Periodo: 2011 &#8211; 2013<\/p>\n<p>L\u2019obiettivo del progetto \u201cAPLICONS\u201d era quello di sviluppare rivestimenti per i settori edile e industriale basati sulla nanotecnologia con una superficie antimicrobica. Si trattava di evitare l\u2019uso di biocidi organici convenzionali e di ricercare nuove tecnologie per ottenere una superficie funzionale e antimicrobica.[\/vc_column_text][\/vc_column_inner][vc_column_inner width=&#8221;1\/3&#8243;][vc_single_image image=&#8221;5983&#8243;][vc_column_text]\n<h2>PROGETTO FOODTECH &amp; COATINGS<\/h2>\n[\/vc_column_text][vc_column_text css=&#8221;.vc_custom_1649170111501{padding-top: 15px !important;}&#8221;]\n<p style=\"text-align: justify;\">Sviluppo di agenti conservanti e per pellicole alternativi per rivestimenti ad acqua \u2013 RTC-2014-2020-5.<\/p>\n<p>Periodo: 2014 &#8211; 2016<\/p>\n<p>L\u2019obiettivo del FOODTECH &amp; COATINGS PROJECT era quello di sviluppare conservanti e preservanti per pellicole alternativi per pitture e vernici sfruttando principi attivi naturali. L\u2019efficacia microbica delle sostanze libere e microincapsulate dei conservanti per alimenti \u00e8 stata studiata allo scopo di utilizzarle nelle pitture a base acqua.[\/vc_column_text][\/vc_column_inner][\/vc_row_inner][vc_separator][vc_empty_space height=&#8221;50px&#8221;][vc_row_inner][vc_column_inner width=&#8221;1\/3&#8243;][vc_single_image image=&#8221;5982&#8243; add_caption=&#8221;yes&#8221;][vc_column_text]\n<h2>FDA &amp; EU FOOD PAINTS<\/h2>\n[\/vc_column_text][vc_column_text css=&#8221;.vc_custom_1649170158116{padding-top: 15px !important;}&#8221;]\n<p style=\"text-align: justify;\">Sviluppo di pitture e vernici per il contatto diretto con gli alimenti secondo il Reg. (UE) 10\/2011 e la norma FDA 21 CFR 175.300.<\/p>\n<p>Periodo: 2016 \u2013 2019<\/p>\n<p>L\u2019obiettivo principale del progetto era sviluppare e certificare pitture e vernici che rispettassero i requisiti europei e statunitensi per i rivestimenti a contatto diretto con gli alimenti secondo il regolamento (UE) 10\/2011 e la norma FDA 21 CFR 175.300. Il progetto \u00e8 stato realizzato con successo in collaborazione con l\u2019Instituto Tecnol\u00f3gico del Pl\u00e1stico di Valencia (AIMPLAS).[\/vc_column_text][\/vc_column_inner][vc_column_inner width=&#8221;1\/3&#8243;][vc_single_image image=&#8221;5986&#8243;][vc_column_text]\n<h2>BIOTECH COATINGS<\/h2>\n[\/vc_column_text][vc_column_text css=&#8221;.vc_custom_1649170185308{padding-top: 15px !important;}&#8221;]\n<p style=\"text-align: justify;\">Sviluppo di conservanti alternativi a base di peptidi e metaboliti.<\/p>\n<p>Periodo: 2018 &#8211; 2020<\/p>\n<p>Questo progetto prosegue sulla strada tracciata dal fortunato progetto FOODTECH &amp; COATINGS. Le tecnologie valutate e testate nell\u2019ambito di questo progetto si basano principalmente sull\u2019uso di peptidi antimicrobici e di metaboliti batterici e delle microalghe microincapsulati, con l\u2019obiettivo di utilizzarli in pitture e vernici destinate al settore alimentare per la conservazione e come preservanti per pellicole.[\/vc_column_text][\/vc_column_inner][vc_column_inner width=&#8221;1\/3&#8243;][vc_single_image image=&#8221;5987&#8243;][vc_column_text]\n<h2>VERNICI BIO-IBRIDE PER IL CONTATTO CON GLI ALIMENTI<\/h2>\n[\/vc_column_text][vc_column_text css=&#8221;.vc_custom_1649170247046{padding-top: 15px !important;}&#8221;]\n<p style=\"text-align: justify;\">Sostituzione delle materie prime fossili con materie prime vegetali per le pitture a contatto con gli alimenti.<\/p>\n<p>Periodo: 2020 \u2013 2022<\/p>\n<p>L\u2019obiettivo di questo progetto \u00e8 quello di sviluppare pitture e vernici a base biologica in cui le materie prime di origine fossile vengano sostituite da nuove materie prime di origine vegetale, e che siano allo stesso tempo adatte al contatto diretto con i prodotti alimentari in conformit\u00e0 con i requisiti del regolamento europeo (UE) 10\/2011 e della norma americana FDA 21 CFR 175.300.[\/vc_column_text]<div class=\"vc_custom_1625066629267 wpex-clr\"><a href=\"#\" class=\"vcex-button theme-button flat inline hidden\" style=\"color:#ffffff;font-weight:600;letter-spacing:1px;border-radius:0px;text-transform:uppercase;\" data-wpex-hover='{&quot;background&quot;:&quot;#f9301d&quot;}'><span class=\"vcex-button-inner theme-button-inner\">Weitere Informationen (PDF)<span class=\"vcex-button-icon vcex-icon-wrap theme-button-icon-right\"><span class=\"ticon ticon-arrow-right\" aria-hidden=\"true\"><\/span><\/span><\/span><\/a><\/div> [\/vc_column_inner][\/vc_row_inner][vc_separator][vc_column_text css=&#8221;.vc_custom_1649170275298{padding-top: 20px !important;}&#8221;]\n<h4>Ricerca \/ sviluppo del prodotto<\/h4>\n[\/vc_column_text][vc_column_text css=&#8221;.vc_custom_1649170297858{padding-top: 20px !important;}&#8221;]Se avete domande sui nostri progetti di ricerca, non esitate a contattarci personalmente per telefono o tramite e-mail.<\/p>\n<p>Tel.: +49 (0)6253 \/ 23 94 &#8211; 0<br \/>\nE-mail: <a href=\"mailto:info@fakolith.de\">info@fakolith.de<\/a>[\/vc_column_text][vc_empty_space][\/vc_column][\/vc_row]\n<\/div>","protected":false},"excerpt":{"rendered":"<p>[vc_row full_width=&#8221;stretch_row_content_no_spaces&#8221; css=&#8221;.vc_custom_1617288255146{margin-bottom: 0px !important;padding-bottom: 0px !important;}&#8221;][vc_column css=&#8221;.vc_custom_1617288267876{margin-bottom: 0px !important;padding-bottom: 0px !important;}&#8221;][vc_single_image image=&#8221;5976&#8243; img_size=&#8221;2500x350px&#8221;][\/vc_column][\/vc_row][vc_row][vc_column][vc_column_text css=&#8221;.vc_custom_1649169958642{padding-top: 20px !important;}&#8221;] I nostri progetti di ricerca internazionali [\/vc_column_text][vc_empty_space height=&#8221;40px&#8221;][vc_row_inner][vc_column_inner width=&#8221;1\/3&#8243;][vc_single_image image=&#8221;5985&#8243;][vc_column_text] PROGETTI TECHNOCAI [\/vc_column_text][vc_column_text css=&#8221;.vc_custom_1649170006037{padding-top: 15px !important;}&#8221;] Tecnologie efficienti e intelligenti incentrate sulla salute e il benessere negli ambienti interni \u2013 CEN-20091010. Periodo: 2009 &#8211; 2012 L\u2019obiettivo principale del&hellip;<\/p>\n","protected":false},"author":1,"featured_media":0,"parent":0,"menu_order":247,"comment_status":"closed","ping_status":"closed","template":"","meta":{"footnotes":""},"tags":[],"class_list":["post-5974","page","type-page","status-publish","hentry","entry","no-media"],"yoast_head":"<!-- This site is optimized with the Yoast SEO Premium plugin v23.6 (Yoast SEO v27.4) - https:\/\/yoast.com\/product\/yoast-seo-premium-wordpress\/ -->\n<title>I nostri progetti di ricerca internazionali<\/title>\n<meta name=\"description\" content=\"Sviluppo di pitture e vernici per il contatto diretto con gli alimenti secondo il Reg. (UE) 10\/2011 e la norma FDA 21 CFR 175.300.\" \/>\n<meta name=\"robots\" content=\"index, follow, max-snippet:-1, max-image-preview:large, max-video-preview:-1\" \/>\n<link rel=\"canonical\" href=\"https:\/\/www.fakolith.de\/it\/progetti-di-ricerca\/\" \/>\n<meta property=\"og:locale\" content=\"it_IT\" \/>\n<meta property=\"og:type\" content=\"article\" \/>\n<meta property=\"og:title\" content=\"FAKOLITH - Profiprodukte f\u00fcr Schimmelsanierung an Geb\u00e4uden, Hygienebeschichtungen im Gesundheitswesen, FOODGRADE-Produkte in der Lebensmittelindustrie\" \/>\n<meta property=\"og:description\" content=\"FAKOLITH entwickelt und produziert seit \u00fcber 60 Jahren innovative Beschichtungssysteme f\u00fcr professionelle Anwendungen. Heute ist FAKOLITH ein international t\u00e4tiger Hersteller von Qualit\u00e4tsprodukten im Bereich Schimmelschutz und Bautenschutz, Hochwassersch\u00e4den sowie von Farben f\u00fcr das Gesundheitswesen und Beschichtungen f\u00fcr die Lebensmittelindustrie. Die lebensmittelechten FOODGRADE-Produkte, zertifiziert f\u00fcr den Direktkontakt mit Lebensmitteln nach VO (EU) 10\/2011 und FDA 21 CFR 175.300, wurden im Rahmen von internationalen Forschungsprojekten entwickelt und erweitern heute das Produktportfolio der FAKOLITH Gruppe.\" \/>\n<meta property=\"og:url\" content=\"https:\/\/www.fakolith.de\/it\/progetti-di-ricerca\/\" \/>\n<meta property=\"og:site_name\" content=\"Fakolith - Schimmelschutz, Bautenschutz, Hygienebeschichtungen\" \/>\n<meta property=\"article:modified_time\" content=\"2022-10-27T11:44:34+00:00\" \/>\n<meta property=\"og:image\" content=\"https:\/\/www.fakolith.de\/wp-content\/uploads\/default-social-media.jpg\" \/>\n\t<meta property=\"og:image:width\" content=\"1200\" \/>\n\t<meta property=\"og:image:height\" content=\"675\" \/>\n\t<meta property=\"og:image:type\" content=\"image\/jpeg\" \/>\n<meta name=\"twitter:card\" content=\"summary_large_image\" \/>\n<meta name=\"twitter:label1\" content=\"Tempo di lettura stimato\" \/>\n\t<meta name=\"twitter:data1\" content=\"4 minuti\" \/>\n<script type=\"application\/ld+json\" class=\"yoast-schema-graph\">{\"@context\":\"https:\\\/\\\/schema.org\",\"@graph\":[{\"@type\":\"WebPage\",\"@id\":\"https:\\\/\\\/www.fakolith.de\\\/it\\\/progetti-di-ricerca\\\/\",\"url\":\"https:\\\/\\\/www.fakolith.de\\\/it\\\/progetti-di-ricerca\\\/\",\"name\":\"I nostri progetti di ricerca internazionali\",\"isPartOf\":{\"@id\":\"https:\\\/\\\/www.fakolith.de\\\/#website\"},\"datePublished\":\"2022-08-17T13:34:21+00:00\",\"dateModified\":\"2022-10-27T11:44:34+00:00\",\"description\":\"Sviluppo di pitture e vernici per il contatto diretto con gli alimenti secondo il Reg. (UE) 10\\\/2011 e la norma FDA 21 CFR 175.300.\",\"breadcrumb\":{\"@id\":\"https:\\\/\\\/www.fakolith.de\\\/it\\\/progetti-di-ricerca\\\/#breadcrumb\"},\"inLanguage\":\"it-IT\",\"potentialAction\":[{\"@type\":\"ReadAction\",\"target\":[\"https:\\\/\\\/www.fakolith.de\\\/it\\\/progetti-di-ricerca\\\/\"]}]},{\"@type\":\"BreadcrumbList\",\"@id\":\"https:\\\/\\\/www.fakolith.de\\\/it\\\/progetti-di-ricerca\\\/#breadcrumb\",\"itemListElement\":[{\"@type\":\"ListItem\",\"position\":1,\"name\":\"Startseite\",\"item\":\"https:\\\/\\\/www.fakolith.de\\\/it\\\/\"},{\"@type\":\"ListItem\",\"position\":2,\"name\":\"Forschungsprojekte\"}]},{\"@type\":\"WebSite\",\"@id\":\"https:\\\/\\\/www.fakolith.de\\\/#website\",\"url\":\"https:\\\/\\\/www.fakolith.de\\\/\",\"name\":\"Fakolith - Schimmelschutz, Bautenschutz, Hygienebeschichtungen\",\"description\":\"\",\"publisher\":{\"@id\":\"https:\\\/\\\/www.fakolith.de\\\/#organization\"},\"potentialAction\":[{\"@type\":\"SearchAction\",\"target\":{\"@type\":\"EntryPoint\",\"urlTemplate\":\"https:\\\/\\\/www.fakolith.de\\\/?s={search_term_string}\"},\"query-input\":{\"@type\":\"PropertyValueSpecification\",\"valueRequired\":true,\"valueName\":\"search_term_string\"}}],\"inLanguage\":\"it-IT\"},{\"@type\":\"Organization\",\"@id\":\"https:\\\/\\\/www.fakolith.de\\\/#organization\",\"name\":\"FAKOLITH Farben GmbH\",\"url\":\"https:\\\/\\\/www.fakolith.de\\\/\",\"logo\":{\"@type\":\"ImageObject\",\"inLanguage\":\"it-IT\",\"@id\":\"https:\\\/\\\/www.fakolith.de\\\/#\\\/schema\\\/logo\\\/image\\\/\",\"url\":\"https:\\\/\\\/www.fakolith.de\\\/wp-content\\\/uploads\\\/2021\\\/03\\\/FAKOLITH-Logo.png\",\"contentUrl\":\"https:\\\/\\\/www.fakolith.de\\\/wp-content\\\/uploads\\\/2021\\\/03\\\/FAKOLITH-Logo.png\",\"width\":920,\"height\":185,\"caption\":\"FAKOLITH Farben GmbH\"},\"image\":{\"@id\":\"https:\\\/\\\/www.fakolith.de\\\/#\\\/schema\\\/logo\\\/image\\\/\"},\"sameAs\":[\"https:\\\/\\\/de.linkedin.com\\\/company\\\/fakolith-hygienic-paints\",\"https:\\\/\\\/www.youtube.com\\\/channel\\\/UCMZ_L-Ut3xtVeWryvOYjaew\"]}]}<\/script>\n<!-- \/ Yoast SEO Premium plugin. -->","yoast_head_json":{"title":"I nostri progetti di ricerca internazionali","description":"Sviluppo di pitture e vernici per il contatto diretto con gli alimenti secondo il Reg. (UE) 10\/2011 e la norma FDA 21 CFR 175.300.","robots":{"index":"index","follow":"follow","max-snippet":"max-snippet:-1","max-image-preview":"max-image-preview:large","max-video-preview":"max-video-preview:-1"},"canonical":"https:\/\/www.fakolith.de\/it\/progetti-di-ricerca\/","og_locale":"it_IT","og_type":"article","og_title":"FAKOLITH - Profiprodukte f\u00fcr Schimmelsanierung an Geb\u00e4uden, Hygienebeschichtungen im Gesundheitswesen, FOODGRADE-Produkte in der Lebensmittelindustrie","og_description":"FAKOLITH entwickelt und produziert seit \u00fcber 60 Jahren innovative Beschichtungssysteme f\u00fcr professionelle Anwendungen. Heute ist FAKOLITH ein international t\u00e4tiger Hersteller von Qualit\u00e4tsprodukten im Bereich Schimmelschutz und Bautenschutz, Hochwassersch\u00e4den sowie von Farben f\u00fcr das Gesundheitswesen und Beschichtungen f\u00fcr die Lebensmittelindustrie. Die lebensmittelechten FOODGRADE-Produkte, zertifiziert f\u00fcr den Direktkontakt mit Lebensmitteln nach VO (EU) 10\/2011 und FDA 21 CFR 175.300, wurden im Rahmen von internationalen Forschungsprojekten entwickelt und erweitern heute das Produktportfolio der FAKOLITH Gruppe.","og_url":"https:\/\/www.fakolith.de\/it\/progetti-di-ricerca\/","og_site_name":"Fakolith - Schimmelschutz, Bautenschutz, Hygienebeschichtungen","article_modified_time":"2022-10-27T11:44:34+00:00","og_image":[{"width":1200,"height":675,"url":"https:\/\/www.fakolith.de\/wp-content\/uploads\/default-social-media.jpg","type":"image\/jpeg"}],"twitter_card":"summary_large_image","twitter_misc":{"Tempo di lettura stimato":"4 minuti"},"schema":{"@context":"https:\/\/schema.org","@graph":[{"@type":"WebPage","@id":"https:\/\/www.fakolith.de\/it\/progetti-di-ricerca\/","url":"https:\/\/www.fakolith.de\/it\/progetti-di-ricerca\/","name":"I nostri progetti di ricerca internazionali","isPartOf":{"@id":"https:\/\/www.fakolith.de\/#website"},"datePublished":"2022-08-17T13:34:21+00:00","dateModified":"2022-10-27T11:44:34+00:00","description":"Sviluppo di pitture e vernici per il contatto diretto con gli alimenti secondo il Reg. (UE) 10\/2011 e la norma FDA 21 CFR 175.300.","breadcrumb":{"@id":"https:\/\/www.fakolith.de\/it\/progetti-di-ricerca\/#breadcrumb"},"inLanguage":"it-IT","potentialAction":[{"@type":"ReadAction","target":["https:\/\/www.fakolith.de\/it\/progetti-di-ricerca\/"]}]},{"@type":"BreadcrumbList","@id":"https:\/\/www.fakolith.de\/it\/progetti-di-ricerca\/#breadcrumb","itemListElement":[{"@type":"ListItem","position":1,"name":"Startseite","item":"https:\/\/www.fakolith.de\/it\/"},{"@type":"ListItem","position":2,"name":"Forschungsprojekte"}]},{"@type":"WebSite","@id":"https:\/\/www.fakolith.de\/#website","url":"https:\/\/www.fakolith.de\/","name":"Fakolith - Schimmelschutz, Bautenschutz, Hygienebeschichtungen","description":"","publisher":{"@id":"https:\/\/www.fakolith.de\/#organization"},"potentialAction":[{"@type":"SearchAction","target":{"@type":"EntryPoint","urlTemplate":"https:\/\/www.fakolith.de\/?s={search_term_string}"},"query-input":{"@type":"PropertyValueSpecification","valueRequired":true,"valueName":"search_term_string"}}],"inLanguage":"it-IT"},{"@type":"Organization","@id":"https:\/\/www.fakolith.de\/#organization","name":"FAKOLITH Farben GmbH","url":"https:\/\/www.fakolith.de\/","logo":{"@type":"ImageObject","inLanguage":"it-IT","@id":"https:\/\/www.fakolith.de\/#\/schema\/logo\/image\/","url":"https:\/\/www.fakolith.de\/wp-content\/uploads\/2021\/03\/FAKOLITH-Logo.png","contentUrl":"https:\/\/www.fakolith.de\/wp-content\/uploads\/2021\/03\/FAKOLITH-Logo.png","width":920,"height":185,"caption":"FAKOLITH Farben GmbH"},"image":{"@id":"https:\/\/www.fakolith.de\/#\/schema\/logo\/image\/"},"sameAs":["https:\/\/de.linkedin.com\/company\/fakolith-hygienic-paints","https:\/\/www.youtube.com\/channel\/UCMZ_L-Ut3xtVeWryvOYjaew"]}]}},"_links":{"self":[{"href":"https:\/\/www.fakolith.de\/it\/wp-json\/wp\/v2\/pages\/5974","targetHints":{"allow":["GET"]}}],"collection":[{"href":"https:\/\/www.fakolith.de\/it\/wp-json\/wp\/v2\/pages"}],"about":[{"href":"https:\/\/www.fakolith.de\/it\/wp-json\/wp\/v2\/types\/page"}],"author":[{"embeddable":true,"href":"https:\/\/www.fakolith.de\/it\/wp-json\/wp\/v2\/users\/1"}],"replies":[{"embeddable":true,"href":"https:\/\/www.fakolith.de\/it\/wp-json\/wp\/v2\/comments?post=5974"}],"version-history":[{"count":0,"href":"https:\/\/www.fakolith.de\/it\/wp-json\/wp\/v2\/pages\/5974\/revisions"}],"wp:attachment":[{"href":"https:\/\/www.fakolith.de\/it\/wp-json\/wp\/v2\/media?parent=5974"}],"wp:term":[{"taxonomy":"post_tag","embeddable":true,"href":"https:\/\/www.fakolith.de\/it\/wp-json\/wp\/v2\/tags?post=5974"}],"curies":[{"name":"wp","href":"https:\/\/api.w.org\/{rel}","templated":true}]}}