{"id":5991,"date":"2022-08-17T15:34:13","date_gmt":"2022-08-17T13:34:13","guid":{"rendered":"https:\/\/www.fakolith.de\/?page_id=5991"},"modified":"2023-10-12T08:33:56","modified_gmt":"2023-10-12T06:33:56","slug":"consulenza-e-assistenza","status":"publish","type":"page","link":"https:\/\/www.fakolith.de\/it\/consulenza-e-assistenza\/","title":{"rendered":"Beratung und Service"},"content":{"rendered":"<div class=\"wpb-content-wrapper\">[vc_row full_width=&#8221;stretch_row_content_no_spaces&#8221; css=&#8221;.vc_custom_1617288255146{margin-bottom: 0px !important;padding-bottom: 0px !important;}&#8221;][vc_column css=&#8221;.vc_custom_1617288267876{margin-bottom: 0px !important;padding-bottom: 0px !important;}&#8221;][vc_single_image image=&#8221;6019&#8243; img_size=&#8221;2500x350px&#8221;][\/vc_column][\/vc_row][vc_row][vc_column][vc_column_text css=&#8221;.vc_custom_1649170481675{padding-top: 20px !important;}&#8221;]\n<h1>Consulenza e assistenza professionali e su misura<\/h1>\n[\/vc_column_text][vc_row_inner][vc_column_inner width=&#8221;1\/2&#8243;][vc_column_text css=&#8221;.vc_custom_1649170494682{padding-top: 20px !important;}&#8221;]I nostri prodotti sono spesso utilizzati in aree caratterizzate da condizioni estreme. Tutto questo richiede competenza, esperienza e particolare attenzione in fase di pianificazione e applicazione. Il team di assistenza FAKOLITH vi offre un supporto rapido, competente e affidabile nella pianificazione del vostro progetto.[\/vc_column_text][vc_empty_space height=&#8221;10px&#8221;][vc_column_text css=&#8221;.vc_custom_1649170516508{padding-top: 20px !important;}&#8221;]<strong>Informazioni tecniche sui nostri prodotti<\/strong> \u2013 le nostre informazioni tecniche sono regolarmente aggiornate e offrono un valido aiuto sia agli artigiani che ai progettisti nella scelta dei prodotti giusti e del metodo di applicazione corretto.[\/vc_column_text]<div class=\"vc_custom_1649423769362 wpex-clr\"><a href=\"https:\/\/www.fakolith.de\/it\/prodotti\/\" class=\"vcex-button theme-button flat inline\" style=\"color:#ffffff;font-weight:600;letter-spacing:1px;border-radius:0px;text-transform:uppercase;\" data-wpex-hover='{&quot;background&quot;:&quot;#f9301d&quot;}'><span class=\"vcex-button-inner theme-button-inner\">ai nostri prodotti<span class=\"vcex-button-icon vcex-icon-wrap theme-button-icon-right\"><span class=\"ticon ticon-arrow-right\" aria-hidden=\"true\"><\/span><\/span><\/span><\/a><\/div> [vc_empty_space height=&#8221;30px&#8221;][vc_separator][vc_empty_space height=&#8221;30px&#8221;][vc_column_text css=&#8221;.vc_custom_1649170556868{padding-top: 20px !important;}&#8221;]<strong>La hotline per gli utenti FAKOLITH<\/strong> \u00e8 disponibile dal luned\u00ec al venerd\u00ec dalle 7:30 alle 12:00 e dalle 13:00 alle 16:00 per telefono o tramite e-mail e risponde alle vostre domande sulle possibilit\u00e0 di applicazione e lavorazione dei prodotti FAKOLITH.<\/p>\n<p>In alcuni casi, le foto dell\u2019immobile possono essere utili per fornire una valutazione iniziale del danno e una raccomandazione specifica. Inviateci le foto via WhatsApp e descrivete brevemente l\u2019immobile su cui intervenire.<\/p>\n<p>Telefono e WhatsApp: +49 (0) 6253 2394-18<br \/>\nE-mail: anwendungstechnik@fakolith.de[\/vc_column_text][vc_empty_space height=&#8221;30px&#8221;][vc_separator][vc_empty_space height=&#8221;30px&#8221;][vc_column_text]<strong>I concetti \u201cgenerali\u201d di rifacimento<\/strong> \u2013 un modulo breve e conciso ma molto informativo per una prima consultazione. Il modulo chiede in modo preciso quali sono le condizioni dell\u2019immobile e gli obiettivi di rinnovamento. Ci\u00f2 permette di fornire una prima raccomandazione generale sulle possibilit\u00e0 di intervento. Dalla pulizia del sottofondo al suo rinnovamento fino al rivestimento finale.[\/vc_column_text]<div class=\"vc_custom_1697092399344 wpex-clr\"><a href=\"https:\/\/www.fakolith.de\/wp-content\/uploads\/FAKOLITH_Reno_Wohnbereich_Formular.pdf\" class=\"vcex-button theme-button flat inline\" style=\"color:#ffffff;font-weight:600;letter-spacing:1px;border-radius:0px;text-transform:uppercase;\" data-wpex-hover='{&quot;background&quot;:&quot;#f9301d&quot;}' target=\"_blank\" rel=\"noopener noreferrer\"><span class=\"vcex-button-inner theme-button-inner\">Concetto di ristrutturazione della zona giorno (PDF \/ tedesco)<span class=\"vcex-button-icon vcex-icon-wrap theme-button-icon-right\"><span class=\"ticon ticon-arrow-right\" aria-hidden=\"true\"><\/span><\/span><\/span><\/a><\/div> <div class=\"vc_custom_1697092410455 wpex-clr\"><a href=\"https:\/\/www.fakolith.de\/wp-content\/uploads\/FAKOLITH_Reno_Lebensmittelbetriebe.pdf\" class=\"vcex-button theme-button flat inline\" style=\"color:#ffffff;font-weight:600;letter-spacing:1px;border-radius:0px;text-transform:uppercase;\" data-wpex-hover='{&quot;background&quot;:&quot;#f9301d&quot;}' target=\"_blank\" rel=\"noopener noreferrer\"><span class=\"vcex-button-inner theme-button-inner\">Concetto di ristrutturazione dell&#8217;industria alimentare (PDF \/ tedesco)<span class=\"vcex-button-icon vcex-icon-wrap theme-button-icon-right\"><span class=\"ticon ticon-arrow-right\" aria-hidden=\"true\"><\/span><\/span><\/span><\/a><\/div> [\/vc_column_inner][vc_column_inner width=&#8221;1\/2&#8243;][vc_column_text css=&#8221;.vc_custom_1649170610300{padding-top: 20px !important;}&#8221;]<strong>Consulenza in loco da parte dei nostri consulenti esperti<\/strong><br \/>\nNei casi pi\u00f9 impegnativi, i nostri consulenti esperti vi supporteranno anche in loco con l\u2019analisi del sottofondo e la scelta del giusto rivestimento. Per fissare un appuntamento, contattate il nostro reparto tecnico specializzato e descrivete brevemente l\u2019immobile e l\u2019obiettivo dell\u2019intervento.[\/vc_column_text][vc_empty_space height=&#8221;30px&#8221;][vc_separator][vc_empty_space height=&#8221;30px&#8221;][vc_column_text]<strong>Vari seminari e corsi di formazione per gli utenti<\/strong> \u2013 per costruttori, ingegneri edili, architetti, addetti commerciali e, naturalmente, apprendisti nel settore delle pitture e vernici.<\/p>\n<p>I nostri seminari si svolgono principalmente nei mesi da gennaio a marzo. Come webinar, ma anche in presenza.<\/p>\n<p>Il vostro contatto per seminari e corsi di formazione:<\/p>\n<p>Marion Schw\u00f6bel<br \/>\nTel.: +49 (0)6253 \/ 23 94 \u2013 28<br \/>\nE-mail: seminare@fakolith.de[\/vc_column_text][vc_empty_space height=&#8221;30px&#8221;][vc_separator][vc_empty_space height=&#8221;30px&#8221;][vc_column_text]<strong>Il laboratorio di analisi (delle muffe)<\/strong> per l\u2019analisi e la determinazione dei campioni a contatto con la superficie e campioni di materiale.<br \/>\nL\u2019analisi dei campioni fornisce informazioni sul tipo di problema, unitamente a una valutazione quantitativa e a una stima del pericolo. Maggiori informazioni sui costi e sullo svolgimento di un\u2019analisi di laboratorio sono disponibili qui:[\/vc_column_text]<div class=\"vc_custom_1697092387897 wpex-clr\"><a href=\"https:\/\/www.fakolith.de\/wp-content\/uploads\/FAKOLITH-Laboranalyse-Bestellformular.pdf\" class=\"vcex-button theme-button flat inline\" style=\"color:#ffffff;font-weight:600;letter-spacing:1px;border-radius:0px;text-transform:uppercase;\" data-wpex-hover='{&quot;background&quot;:&quot;#f9301d&quot;}' target=\"_blank\" rel=\"noopener noreferrer\"><span class=\"vcex-button-inner theme-button-inner\">ORDINA UN\u2019ANALISI DI LABORATORIO (PDF \/ tedesco )<span class=\"vcex-button-icon vcex-icon-wrap theme-button-icon-right\"><span class=\"ticon ticon-arrow-right\" aria-hidden=\"true\"><\/span><\/span><\/span><\/a><\/div> [\/vc_column_inner][\/vc_row_inner][\/vc_column][\/vc_row]\n<\/div>","protected":false},"excerpt":{"rendered":"<p>[vc_row full_width=&#8221;stretch_row_content_no_spaces&#8221; css=&#8221;.vc_custom_1617288255146{margin-bottom: 0px !important;padding-bottom: 0px !important;}&#8221;][vc_column css=&#8221;.vc_custom_1617288267876{margin-bottom: 0px !important;padding-bottom: 0px !important;}&#8221;][vc_single_image image=&#8221;6019&#8243; img_size=&#8221;2500x350px&#8221;][\/vc_column][\/vc_row][vc_row][vc_column][vc_column_text css=&#8221;.vc_custom_1649170481675{padding-top: 20px !important;}&#8221;] Consulenza e assistenza professionali e su misura [\/vc_column_text][vc_row_inner][vc_column_inner width=&#8221;1\/2&#8243;][vc_column_text css=&#8221;.vc_custom_1649170494682{padding-top: 20px !important;}&#8221;]I nostri prodotti sono spesso utilizzati in aree caratterizzate da condizioni estreme. Tutto questo richiede competenza, esperienza e particolare attenzione in fase di pianificazione e applicazione. Il&hellip;<\/p>\n","protected":false},"author":1,"featured_media":0,"parent":0,"menu_order":5,"comment_status":"closed","ping_status":"closed","template":"","meta":{"footnotes":""},"tags":[],"class_list":["post-5991","page","type-page","status-publish","hentry","entry","no-media"],"yoast_head":"<!-- This site is optimized with the Yoast SEO Premium plugin v23.6 (Yoast SEO v27.4) - https:\/\/yoast.com\/product\/yoast-seo-premium-wordpress\/ -->\n<title>Consulenza e assistenza professionali e su misura<\/title>\n<meta name=\"robots\" content=\"index, follow, max-snippet:-1, max-image-preview:large, max-video-preview:-1\" \/>\n<link rel=\"canonical\" href=\"https:\/\/www.fakolith.de\/it\/consulenza-e-assistenza\/\" \/>\n<meta property=\"og:locale\" content=\"it_IT\" \/>\n<meta property=\"og:type\" content=\"article\" \/>\n<meta property=\"og:title\" content=\"FAKOLITH - Profiprodukte f\u00fcr Schimmelsanierung an Geb\u00e4uden, Hygienebeschichtungen im Gesundheitswesen, FOODGRADE-Produkte in der Lebensmittelindustrie\" \/>\n<meta property=\"og:description\" content=\"FAKOLITH entwickelt und produziert seit \u00fcber 60 Jahren innovative Beschichtungssysteme f\u00fcr professionelle Anwendungen. Heute ist FAKOLITH ein international t\u00e4tiger Hersteller von Qualit\u00e4tsprodukten im Bereich Schimmelschutz und Bautenschutz, Hochwassersch\u00e4den sowie von Farben f\u00fcr das Gesundheitswesen und Beschichtungen f\u00fcr die Lebensmittelindustrie. Die lebensmittelechten FOODGRADE-Produkte, zertifiziert f\u00fcr den Direktkontakt mit Lebensmitteln nach VO (EU) 10\/2011 und FDA 21 CFR 175.300, wurden im Rahmen von internationalen Forschungsprojekten entwickelt und erweitern heute das Produktportfolio der FAKOLITH Gruppe.\" \/>\n<meta property=\"og:url\" content=\"https:\/\/www.fakolith.de\/it\/consulenza-e-assistenza\/\" \/>\n<meta property=\"og:site_name\" content=\"Fakolith - Schimmelschutz, Bautenschutz, Hygienebeschichtungen\" \/>\n<meta property=\"article:modified_time\" content=\"2023-10-12T06:33:56+00:00\" \/>\n<meta property=\"og:image\" content=\"https:\/\/www.fakolith.de\/wp-content\/uploads\/default-social-media.jpg\" \/>\n\t<meta property=\"og:image:width\" content=\"1200\" \/>\n\t<meta property=\"og:image:height\" content=\"675\" \/>\n\t<meta property=\"og:image:type\" content=\"image\/jpeg\" \/>\n<meta name=\"twitter:card\" content=\"summary_large_image\" \/>\n<meta name=\"twitter:label1\" content=\"Tempo di lettura stimato\" \/>\n\t<meta name=\"twitter:data1\" content=\"3 minuti\" \/>\n<script type=\"application\/ld+json\" class=\"yoast-schema-graph\">{\"@context\":\"https:\\\/\\\/schema.org\",\"@graph\":[{\"@type\":\"WebPage\",\"@id\":\"https:\\\/\\\/www.fakolith.de\\\/it\\\/consulenza-e-assistenza\\\/\",\"url\":\"https:\\\/\\\/www.fakolith.de\\\/it\\\/consulenza-e-assistenza\\\/\",\"name\":\"Consulenza e assistenza professionali e su misura\",\"isPartOf\":{\"@id\":\"https:\\\/\\\/www.fakolith.de\\\/#website\"},\"datePublished\":\"2022-08-17T13:34:13+00:00\",\"dateModified\":\"2023-10-12T06:33:56+00:00\",\"breadcrumb\":{\"@id\":\"https:\\\/\\\/www.fakolith.de\\\/it\\\/consulenza-e-assistenza\\\/#breadcrumb\"},\"inLanguage\":\"it-IT\",\"potentialAction\":[{\"@type\":\"ReadAction\",\"target\":[\"https:\\\/\\\/www.fakolith.de\\\/it\\\/consulenza-e-assistenza\\\/\"]}]},{\"@type\":\"BreadcrumbList\",\"@id\":\"https:\\\/\\\/www.fakolith.de\\\/it\\\/consulenza-e-assistenza\\\/#breadcrumb\",\"itemListElement\":[{\"@type\":\"ListItem\",\"position\":1,\"name\":\"Startseite\",\"item\":\"https:\\\/\\\/www.fakolith.de\\\/it\\\/\"},{\"@type\":\"ListItem\",\"position\":2,\"name\":\"Beratung und Service\"}]},{\"@type\":\"WebSite\",\"@id\":\"https:\\\/\\\/www.fakolith.de\\\/#website\",\"url\":\"https:\\\/\\\/www.fakolith.de\\\/\",\"name\":\"Fakolith - Schimmelschutz, Bautenschutz, Hygienebeschichtungen\",\"description\":\"\",\"publisher\":{\"@id\":\"https:\\\/\\\/www.fakolith.de\\\/#organization\"},\"potentialAction\":[{\"@type\":\"SearchAction\",\"target\":{\"@type\":\"EntryPoint\",\"urlTemplate\":\"https:\\\/\\\/www.fakolith.de\\\/?s={search_term_string}\"},\"query-input\":{\"@type\":\"PropertyValueSpecification\",\"valueRequired\":true,\"valueName\":\"search_term_string\"}}],\"inLanguage\":\"it-IT\"},{\"@type\":\"Organization\",\"@id\":\"https:\\\/\\\/www.fakolith.de\\\/#organization\",\"name\":\"FAKOLITH Farben GmbH\",\"url\":\"https:\\\/\\\/www.fakolith.de\\\/\",\"logo\":{\"@type\":\"ImageObject\",\"inLanguage\":\"it-IT\",\"@id\":\"https:\\\/\\\/www.fakolith.de\\\/#\\\/schema\\\/logo\\\/image\\\/\",\"url\":\"https:\\\/\\\/www.fakolith.de\\\/wp-content\\\/uploads\\\/2021\\\/03\\\/FAKOLITH-Logo.png\",\"contentUrl\":\"https:\\\/\\\/www.fakolith.de\\\/wp-content\\\/uploads\\\/2021\\\/03\\\/FAKOLITH-Logo.png\",\"width\":920,\"height\":185,\"caption\":\"FAKOLITH Farben GmbH\"},\"image\":{\"@id\":\"https:\\\/\\\/www.fakolith.de\\\/#\\\/schema\\\/logo\\\/image\\\/\"},\"sameAs\":[\"https:\\\/\\\/de.linkedin.com\\\/company\\\/fakolith-hygienic-paints\",\"https:\\\/\\\/www.youtube.com\\\/channel\\\/UCMZ_L-Ut3xtVeWryvOYjaew\"]}]}<\/script>\n<!-- \/ Yoast SEO Premium plugin. -->","yoast_head_json":{"title":"Consulenza e assistenza professionali e su misura","robots":{"index":"index","follow":"follow","max-snippet":"max-snippet:-1","max-image-preview":"max-image-preview:large","max-video-preview":"max-video-preview:-1"},"canonical":"https:\/\/www.fakolith.de\/it\/consulenza-e-assistenza\/","og_locale":"it_IT","og_type":"article","og_title":"FAKOLITH - Profiprodukte f\u00fcr Schimmelsanierung an Geb\u00e4uden, Hygienebeschichtungen im Gesundheitswesen, FOODGRADE-Produkte in der Lebensmittelindustrie","og_description":"FAKOLITH entwickelt und produziert seit \u00fcber 60 Jahren innovative Beschichtungssysteme f\u00fcr professionelle Anwendungen. Heute ist FAKOLITH ein international t\u00e4tiger Hersteller von Qualit\u00e4tsprodukten im Bereich Schimmelschutz und Bautenschutz, Hochwassersch\u00e4den sowie von Farben f\u00fcr das Gesundheitswesen und Beschichtungen f\u00fcr die Lebensmittelindustrie. Die lebensmittelechten FOODGRADE-Produkte, zertifiziert f\u00fcr den Direktkontakt mit Lebensmitteln nach VO (EU) 10\/2011 und FDA 21 CFR 175.300, wurden im Rahmen von internationalen Forschungsprojekten entwickelt und erweitern heute das Produktportfolio der FAKOLITH Gruppe.","og_url":"https:\/\/www.fakolith.de\/it\/consulenza-e-assistenza\/","og_site_name":"Fakolith - Schimmelschutz, Bautenschutz, Hygienebeschichtungen","article_modified_time":"2023-10-12T06:33:56+00:00","og_image":[{"width":1200,"height":675,"url":"https:\/\/www.fakolith.de\/wp-content\/uploads\/default-social-media.jpg","type":"image\/jpeg"}],"twitter_card":"summary_large_image","twitter_misc":{"Tempo di lettura stimato":"3 minuti"},"schema":{"@context":"https:\/\/schema.org","@graph":[{"@type":"WebPage","@id":"https:\/\/www.fakolith.de\/it\/consulenza-e-assistenza\/","url":"https:\/\/www.fakolith.de\/it\/consulenza-e-assistenza\/","name":"Consulenza e assistenza professionali e su misura","isPartOf":{"@id":"https:\/\/www.fakolith.de\/#website"},"datePublished":"2022-08-17T13:34:13+00:00","dateModified":"2023-10-12T06:33:56+00:00","breadcrumb":{"@id":"https:\/\/www.fakolith.de\/it\/consulenza-e-assistenza\/#breadcrumb"},"inLanguage":"it-IT","potentialAction":[{"@type":"ReadAction","target":["https:\/\/www.fakolith.de\/it\/consulenza-e-assistenza\/"]}]},{"@type":"BreadcrumbList","@id":"https:\/\/www.fakolith.de\/it\/consulenza-e-assistenza\/#breadcrumb","itemListElement":[{"@type":"ListItem","position":1,"name":"Startseite","item":"https:\/\/www.fakolith.de\/it\/"},{"@type":"ListItem","position":2,"name":"Beratung und Service"}]},{"@type":"WebSite","@id":"https:\/\/www.fakolith.de\/#website","url":"https:\/\/www.fakolith.de\/","name":"Fakolith - Schimmelschutz, Bautenschutz, Hygienebeschichtungen","description":"","publisher":{"@id":"https:\/\/www.fakolith.de\/#organization"},"potentialAction":[{"@type":"SearchAction","target":{"@type":"EntryPoint","urlTemplate":"https:\/\/www.fakolith.de\/?s={search_term_string}"},"query-input":{"@type":"PropertyValueSpecification","valueRequired":true,"valueName":"search_term_string"}}],"inLanguage":"it-IT"},{"@type":"Organization","@id":"https:\/\/www.fakolith.de\/#organization","name":"FAKOLITH Farben GmbH","url":"https:\/\/www.fakolith.de\/","logo":{"@type":"ImageObject","inLanguage":"it-IT","@id":"https:\/\/www.fakolith.de\/#\/schema\/logo\/image\/","url":"https:\/\/www.fakolith.de\/wp-content\/uploads\/2021\/03\/FAKOLITH-Logo.png","contentUrl":"https:\/\/www.fakolith.de\/wp-content\/uploads\/2021\/03\/FAKOLITH-Logo.png","width":920,"height":185,"caption":"FAKOLITH Farben GmbH"},"image":{"@id":"https:\/\/www.fakolith.de\/#\/schema\/logo\/image\/"},"sameAs":["https:\/\/de.linkedin.com\/company\/fakolith-hygienic-paints","https:\/\/www.youtube.com\/channel\/UCMZ_L-Ut3xtVeWryvOYjaew"]}]}},"_links":{"self":[{"href":"https:\/\/www.fakolith.de\/it\/wp-json\/wp\/v2\/pages\/5991","targetHints":{"allow":["GET"]}}],"collection":[{"href":"https:\/\/www.fakolith.de\/it\/wp-json\/wp\/v2\/pages"}],"about":[{"href":"https:\/\/www.fakolith.de\/it\/wp-json\/wp\/v2\/types\/page"}],"author":[{"embeddable":true,"href":"https:\/\/www.fakolith.de\/it\/wp-json\/wp\/v2\/users\/1"}],"replies":[{"embeddable":true,"href":"https:\/\/www.fakolith.de\/it\/wp-json\/wp\/v2\/comments?post=5991"}],"version-history":[{"count":0,"href":"https:\/\/www.fakolith.de\/it\/wp-json\/wp\/v2\/pages\/5991\/revisions"}],"wp:attachment":[{"href":"https:\/\/www.fakolith.de\/it\/wp-json\/wp\/v2\/media?parent=5991"}],"wp:term":[{"taxonomy":"post_tag","embeddable":true,"href":"https:\/\/www.fakolith.de\/it\/wp-json\/wp\/v2\/tags?post=5991"}],"curies":[{"name":"wp","href":"https:\/\/api.w.org\/{rel}","templated":true}]}}