{"id":6049,"date":"2022-08-17T15:34:16","date_gmt":"2022-08-17T13:34:16","guid":{"rendered":"https:\/\/www.fakolith.de\/?page_id=6049"},"modified":"2022-08-17T15:34:52","modified_gmt":"2022-08-17T13:34:52","slug":"legenda","status":"publish","type":"page","link":"https:\/\/www.fakolith.de\/it\/legenda\/","title":{"rendered":"Legende"},"content":{"rendered":"<div class=\"wpb-content-wrapper\">[vc_row full_width=&#8221;stretch_row_content_no_spaces&#8221; css=&#8221;.vc_custom_1617288255146{margin-bottom: 0px !important;padding-bottom: 0px !important;}&#8221;][vc_column css=&#8221;.vc_custom_1617288267876{margin-bottom: 0px !important;padding-bottom: 0px !important;}&#8221;][vc_single_image image=&#8221;5976&#8243; img_size=&#8221;2500x350px&#8221;][\/vc_column][\/vc_row][vc_row][vc_column][vc_column_text css=&#8221;.vc_custom_1649188068885{padding-top: 20px !important;}&#8221;]<a name=\"foodgrade\"><\/a><\/p>\n<h1>Legenda \u2013 spiegazione dei loghi e dei simboli utilizzati<\/h1>\n[\/vc_column_text][vc_column_text css=&#8221;.vc_custom_1649188084331{padding-top: 20px !important;}&#8221;]\n<p style=\"text-align: justify;\">In questa pagina troverete tutti i loghi e i simboli utilizzati nel nostro sito web, corredati da spiegazioni e, se del caso, ulteriori informazioni e link.<\/p>\n[\/vc_column_text][vc_empty_space height=&#8221;40px&#8221;][vc_separator][vc_row_inner][vc_column_inner width=&#8221;3\/4&#8243;][vc_column_text css=&#8221;.vc_custom_1624863952890{padding-top: 20px !important;}&#8221;]\n<h2 style=\"text-align: left;\">FOODGRADE<\/h2>\n[\/vc_column_text][vc_column_text css=&#8221;.vc_custom_1649188113661{padding-top: 20px !important;}&#8221;]\n<p style=\"text-align: justify;\">Nel nostro portafoglio di prodotti, il termine FOODGRADE indica pitture e rivestimenti sviluppati e prodotti da FAKOLITH per applicazioni a diretto contatto con gli alimenti. I prodotti FAKOLITH FOODGRADE sono conformi ai requisiti specifici per i rivestimenti a diretto contatto con gli alimenti secondo il Reg. (CE) 1935\/2004, il Reg. (UE) 10\/2011, il Reg. (UE) 1282\/2011, il Reg. (UE) 2016\/1416, il Reg. (CE) 1895\/2005 (solo per i prodotti in resina epossidica), il Reg. (CE) 2023\/2006 e il Reg. (CE) 2018\/213. I prodotti FK 100 FOODGRADE e DISPAINT FOODGRADE sono inoltre conformi ai requisiti speciali della norma americana FDA 21 CFR 175.300.<\/p>\n<p><a name=\"biofilmstop\"><\/a><br \/>\nLa conformit\u00e0 dei prodotti FOODGRADE con i regolamenti summenzionati \u00e8 confermata da FAKOLITH in una dettagliata dichiarazione di conformit\u00e0. Le nostre dichiarazioni di conformit\u00e0 sono dettagliate e contengono informazioni complete sui test e le prove di migrazione effettuati.[\/vc_column_text][vc_empty_space height=&#8221;20px&#8221;][\/vc_column_inner][vc_column_inner width=&#8221;1\/4&#8243;][vc_single_image image=&#8221;6046&#8243; img_size=&#8221;141&#215;150&#8243; alignment=&#8221;center&#8221; css=&#8221;.vc_custom_1624865822808{padding-top: 50px !important;}&#8221;][\/vc_column_inner][\/vc_row_inner][vc_separator][vc_row_inner][vc_column_inner width=&#8221;3\/4&#8243;][vc_column_text css=&#8221;.vc_custom_1649188129260{padding-top: 20px !important;}&#8221;]\n<h2 style=\"text-align: left;\">Tecnologia BIO.FILM.STOP<\/h2>\n[\/vc_column_text][vc_column_text css=&#8221;.vc_custom_1649188211648{padding-top: 20px !important;}&#8221;]\n<p style=\"text-align: justify;\">Il termine biofilm si riferisce a strati mucosi costituiti da microrganismi (per esempio muffa, batteri, protozoi), che sono essi stessi incorporati in tali strati. L\u2019elevata umidit\u00e0 e le sostanze nutritive dell\u2019aria interna alimentano la crescita del biofilm. Nei locali di produzione delle aziende alimentari esiste quindi il rischio di formazione di muffa e batteri sulle superfici critiche in termini di igiene anche solo in caso di aumento sporadico dell\u2019umidit\u00e0. Per proteggere queste superfici anche tra un intervallo di pulizia e l\u2019altro, i rivestimenti igienici FAKOLITH sono dotati della tecnologia BIO.FILM.STOP. La combinazione selezionata di principi attivi e di leganti di alta qualit\u00e0 crea una pellicola che garantisce la massima resistenza qualitativa e quantitativa contro il biofilm.<br \/>\nI prodotti BIO.FILM.STOP sono contrassegnati con i loghi indicati in precedenza. Ci sono due tecnologie, GREEN + BLUE, che si differenziano quanto ad efficacia nel modo seguente:<\/p>\n<p><strong>Tecnologia GREEN-BIO.FILM.STOP:<\/strong><br \/>\nEfficacia testata contro batteri (ISO 22196:2011-08) e virus (ISO 21702:2019-05).<\/p>\n<p><strong>Tecnologia BLUE-BIO.FILM.STOP:<\/strong><br \/>\nEfficacia testata contro muffa (DIN EN 15457:2014-11), batteri (ISO 22196:2011-08) e virus (ISO 21702:2019-05).[\/vc_column_text][vc_empty_space height=&#8221;20px&#8221;][\/vc_column_inner][vc_column_inner width=&#8221;1\/4&#8243;][vc_single_image image=&#8221;6040&#8243; img_size=&#8221;thumbnail&#8221; alignment=&#8221;center&#8221; css=&#8221;.vc_custom_1624865829068{padding-top: 50px !important;}&#8221;][vc_single_image image=&#8221;6039&#8243; img_size=&#8221;thumbnail&#8221; alignment=&#8221;center&#8221; css=&#8221;.vc_custom_1619612989982{padding-top: 30px !important;}&#8221;][\/vc_column_inner][\/vc_row_inner][vc_separator][vc_row_inner][vc_column_inner width=&#8221;3\/4&#8243;][vc_column_text css=&#8221;.vc_custom_1649188227349{padding-top: 20px !important;}&#8221;]\n<h2 style=\"text-align: left;\">Ecolabel UE<\/h2>\n[\/vc_column_text][vc_column_text css=&#8221;.vc_custom_1649188243757{padding-top: 20px !important;}&#8221;]\n<p style=\"text-align: justify;\">Il marchio europeo di qualit\u00e0 ecologica (Ecolabel UE) \u00e8 un marchio internazionale di qualit\u00e0 per l\u2019etichettatura di prodotti di consumo e servizi. Questo riconoscimento \u00e8 stato introdotto dalla Commissione europea e viene assegnato in modo indipendente dagli istituti nazionali dei paesi partecipanti.<br \/>\nL\u2019attuale base giuridica di riferimento \u00e8 il regolamento (CE) n. 66\/2010.[2]. Vengono etichettati i beni di consumo caratterizzati da una particolare compatibilit\u00e0 ambientale e da un impatto relativamente basso sulla salute. Il rivestimento igienico DISPERLITH HYGIENIC ha ricevuto il marchio Ecolabel.<\/p>\n[\/vc_column_text][vc_empty_space height=&#8221;20px&#8221;][\/vc_column_inner][vc_column_inner width=&#8221;1\/4&#8243;][vc_single_image image=&#8221;6042&#8243; img_size=&#8221;thumbnail&#8221; alignment=&#8221;center&#8221; css=&#8221;.vc_custom_1624865835658{padding-top: 50px !important;}&#8221;][\/vc_column_inner][\/vc_row_inner][vc_separator][vc_row_inner][vc_column_inner width=&#8221;3\/4&#8243;][vc_column_text css=&#8221;.vc_custom_1649188266684{padding-top: 20px !important;}&#8221;]\n<h2 style=\"text-align: left;\">Marchio \u201cRaccomandato dall\u2019Associazione federale tedesca degli ispettori alimentari BVLK)\u201d<\/h2>\n[\/vc_column_text][vc_column_text css=&#8221;.vc_custom_1649188284676{padding-top: 20px !important;}&#8221;]\n<p style=\"text-align: justify;\">Questo marchio di qualit\u00e0 \u00e8 usato per identificare i prodotti che sono esplicitamente raccomandati dall\u2019Associazione federale tedesca degli ispettori alimentari (BVLK). Questi prodotti possono offrire un contributo importante per ottimizzare l\u2019igiene di base e garantire la sicurezza alimentare, a condizione che siano utilizzati in conformit\u00e0 alle norme, correttamente e per l\u2019uso previsto.<\/p>\n[\/vc_column_text][vc_empty_space height=&#8221;20px&#8221;][\/vc_column_inner][vc_column_inner width=&#8221;1\/4&#8243;][vc_single_image image=&#8221;6047&#8243; img_size=&#8221;150&#215;239&#8243; alignment=&#8221;center&#8221; css=&#8221;.vc_custom_1624865954167{padding-top: 50px !important;}&#8221;][\/vc_column_inner][\/vc_row_inner][vc_separator][vc_column_text css=&#8221;.vc_custom_1649188297316{padding-top: 20px !important;}&#8221;]\n<h2><span class=\"ticon ticon-info-circle\" aria-hidden=\"true\" style=\"color:#dd2a1b;margin-right:5px;font-size:28px;\"><\/span> Informazioni e assistenza<\/h2>\n[\/vc_column_text][vc_column_text css=&#8221;.vc_custom_1649188315701{padding-top: 20px !important;}&#8221;]Avete domande sui nostri loghi e sulle nostre dichiarazioni o siete interessati a una collaborazione?<br \/>\nNon esitate a contattarci personalmente, per telefono o tramite e-mail.<\/p>\n<p>Tel.: +49 (0)6253 \/ 23 94 &#8211; 0<br \/>\nE-mail: <a href=\"mailto:info@fakolith.de\">info@fakolith.de<\/a>[\/vc_column_text][vc_empty_space][\/vc_column][\/vc_row]\n<\/div>","protected":false},"excerpt":{"rendered":"<p>[vc_row full_width=&#8221;stretch_row_content_no_spaces&#8221; css=&#8221;.vc_custom_1617288255146{margin-bottom: 0px !important;padding-bottom: 0px !important;}&#8221;][vc_column css=&#8221;.vc_custom_1617288267876{margin-bottom: 0px !important;padding-bottom: 0px !important;}&#8221;][vc_single_image image=&#8221;5976&#8243; img_size=&#8221;2500x350px&#8221;][\/vc_column][\/vc_row][vc_row][vc_column][vc_column_text css=&#8221;.vc_custom_1649188068885{padding-top: 20px !important;}&#8221;] Legenda \u2013 spiegazione dei loghi e dei simboli utilizzati [\/vc_column_text][vc_column_text css=&#8221;.vc_custom_1649188084331{padding-top: 20px !important;}&#8221;] In questa pagina troverete tutti i loghi e i simboli utilizzati nel nostro sito web, corredati da spiegazioni e, se del caso, ulteriori informazioni e&hellip;<\/p>\n","protected":false},"author":1,"featured_media":0,"parent":0,"menu_order":218,"comment_status":"closed","ping_status":"closed","template":"","meta":{"footnotes":""},"tags":[],"class_list":["post-6049","page","type-page","status-publish","hentry","entry","no-media"],"yoast_head":"<!-- This site is optimized with the Yoast SEO Premium plugin v23.6 (Yoast SEO v27.4) - https:\/\/yoast.com\/product\/yoast-seo-premium-wordpress\/ -->\n<title>Legende - Fakolith - Schimmelschutz, Bautenschutz, Hygienebeschichtungen<\/title>\n<meta name=\"robots\" content=\"index, follow, max-snippet:-1, max-image-preview:large, max-video-preview:-1\" \/>\n<link rel=\"canonical\" href=\"https:\/\/www.fakolith.de\/it\/legenda\/\" \/>\n<meta property=\"og:locale\" content=\"it_IT\" \/>\n<meta property=\"og:type\" content=\"article\" \/>\n<meta property=\"og:title\" content=\"FAKOLITH - Profiprodukte f\u00fcr Schimmelsanierung an Geb\u00e4uden, Hygienebeschichtungen im Gesundheitswesen, FOODGRADE-Produkte in der Lebensmittelindustrie\" \/>\n<meta property=\"og:description\" content=\"FAKOLITH entwickelt und produziert seit \u00fcber 60 Jahren innovative Beschichtungssysteme f\u00fcr professionelle Anwendungen. Heute ist FAKOLITH ein international t\u00e4tiger Hersteller von Qualit\u00e4tsprodukten im Bereich Schimmelschutz und Bautenschutz, Hochwassersch\u00e4den sowie von Farben f\u00fcr das Gesundheitswesen und Beschichtungen f\u00fcr die Lebensmittelindustrie. Die lebensmittelechten FOODGRADE-Produkte, zertifiziert f\u00fcr den Direktkontakt mit Lebensmitteln nach VO (EU) 10\/2011 und FDA 21 CFR 175.300, wurden im Rahmen von internationalen Forschungsprojekten entwickelt und erweitern heute das Produktportfolio der FAKOLITH Gruppe.\" \/>\n<meta property=\"og:url\" content=\"https:\/\/www.fakolith.de\/it\/legenda\/\" \/>\n<meta property=\"og:site_name\" content=\"Fakolith - Schimmelschutz, Bautenschutz, Hygienebeschichtungen\" \/>\n<meta property=\"article:modified_time\" content=\"2022-08-17T13:34:52+00:00\" \/>\n<meta property=\"og:image\" content=\"https:\/\/www.fakolith.de\/wp-content\/uploads\/default-social-media.jpg\" \/>\n\t<meta property=\"og:image:width\" content=\"1200\" \/>\n\t<meta property=\"og:image:height\" content=\"675\" \/>\n\t<meta property=\"og:image:type\" content=\"image\/jpeg\" \/>\n<meta name=\"twitter:card\" content=\"summary_large_image\" \/>\n<meta name=\"twitter:label1\" content=\"Tempo di lettura stimato\" \/>\n\t<meta name=\"twitter:data1\" content=\"4 minuti\" \/>\n<script type=\"application\/ld+json\" class=\"yoast-schema-graph\">{\"@context\":\"https:\\\/\\\/schema.org\",\"@graph\":[{\"@type\":\"WebPage\",\"@id\":\"https:\\\/\\\/www.fakolith.de\\\/it\\\/legenda\\\/\",\"url\":\"https:\\\/\\\/www.fakolith.de\\\/it\\\/legenda\\\/\",\"name\":\"Legende - Fakolith - Schimmelschutz, Bautenschutz, Hygienebeschichtungen\",\"isPartOf\":{\"@id\":\"https:\\\/\\\/www.fakolith.de\\\/#website\"},\"datePublished\":\"2022-08-17T13:34:16+00:00\",\"dateModified\":\"2022-08-17T13:34:52+00:00\",\"breadcrumb\":{\"@id\":\"https:\\\/\\\/www.fakolith.de\\\/it\\\/legenda\\\/#breadcrumb\"},\"inLanguage\":\"it-IT\",\"potentialAction\":[{\"@type\":\"ReadAction\",\"target\":[\"https:\\\/\\\/www.fakolith.de\\\/it\\\/legenda\\\/\"]}]},{\"@type\":\"BreadcrumbList\",\"@id\":\"https:\\\/\\\/www.fakolith.de\\\/it\\\/legenda\\\/#breadcrumb\",\"itemListElement\":[{\"@type\":\"ListItem\",\"position\":1,\"name\":\"Startseite\",\"item\":\"https:\\\/\\\/www.fakolith.de\\\/it\\\/\"},{\"@type\":\"ListItem\",\"position\":2,\"name\":\"Legende\"}]},{\"@type\":\"WebSite\",\"@id\":\"https:\\\/\\\/www.fakolith.de\\\/#website\",\"url\":\"https:\\\/\\\/www.fakolith.de\\\/\",\"name\":\"Fakolith - Schimmelschutz, Bautenschutz, Hygienebeschichtungen\",\"description\":\"\",\"publisher\":{\"@id\":\"https:\\\/\\\/www.fakolith.de\\\/#organization\"},\"potentialAction\":[{\"@type\":\"SearchAction\",\"target\":{\"@type\":\"EntryPoint\",\"urlTemplate\":\"https:\\\/\\\/www.fakolith.de\\\/?s={search_term_string}\"},\"query-input\":{\"@type\":\"PropertyValueSpecification\",\"valueRequired\":true,\"valueName\":\"search_term_string\"}}],\"inLanguage\":\"it-IT\"},{\"@type\":\"Organization\",\"@id\":\"https:\\\/\\\/www.fakolith.de\\\/#organization\",\"name\":\"FAKOLITH Farben GmbH\",\"url\":\"https:\\\/\\\/www.fakolith.de\\\/\",\"logo\":{\"@type\":\"ImageObject\",\"inLanguage\":\"it-IT\",\"@id\":\"https:\\\/\\\/www.fakolith.de\\\/#\\\/schema\\\/logo\\\/image\\\/\",\"url\":\"https:\\\/\\\/www.fakolith.de\\\/wp-content\\\/uploads\\\/2021\\\/03\\\/FAKOLITH-Logo.png\",\"contentUrl\":\"https:\\\/\\\/www.fakolith.de\\\/wp-content\\\/uploads\\\/2021\\\/03\\\/FAKOLITH-Logo.png\",\"width\":920,\"height\":185,\"caption\":\"FAKOLITH Farben GmbH\"},\"image\":{\"@id\":\"https:\\\/\\\/www.fakolith.de\\\/#\\\/schema\\\/logo\\\/image\\\/\"},\"sameAs\":[\"https:\\\/\\\/de.linkedin.com\\\/company\\\/fakolith-hygienic-paints\",\"https:\\\/\\\/www.youtube.com\\\/channel\\\/UCMZ_L-Ut3xtVeWryvOYjaew\"]}]}<\/script>\n<!-- \/ Yoast SEO Premium plugin. -->","yoast_head_json":{"title":"Legende - Fakolith - Schimmelschutz, Bautenschutz, Hygienebeschichtungen","robots":{"index":"index","follow":"follow","max-snippet":"max-snippet:-1","max-image-preview":"max-image-preview:large","max-video-preview":"max-video-preview:-1"},"canonical":"https:\/\/www.fakolith.de\/it\/legenda\/","og_locale":"it_IT","og_type":"article","og_title":"FAKOLITH - Profiprodukte f\u00fcr Schimmelsanierung an Geb\u00e4uden, Hygienebeschichtungen im Gesundheitswesen, FOODGRADE-Produkte in der Lebensmittelindustrie","og_description":"FAKOLITH entwickelt und produziert seit \u00fcber 60 Jahren innovative Beschichtungssysteme f\u00fcr professionelle Anwendungen. Heute ist FAKOLITH ein international t\u00e4tiger Hersteller von Qualit\u00e4tsprodukten im Bereich Schimmelschutz und Bautenschutz, Hochwassersch\u00e4den sowie von Farben f\u00fcr das Gesundheitswesen und Beschichtungen f\u00fcr die Lebensmittelindustrie. Die lebensmittelechten FOODGRADE-Produkte, zertifiziert f\u00fcr den Direktkontakt mit Lebensmitteln nach VO (EU) 10\/2011 und FDA 21 CFR 175.300, wurden im Rahmen von internationalen Forschungsprojekten entwickelt und erweitern heute das Produktportfolio der FAKOLITH Gruppe.","og_url":"https:\/\/www.fakolith.de\/it\/legenda\/","og_site_name":"Fakolith - Schimmelschutz, Bautenschutz, Hygienebeschichtungen","article_modified_time":"2022-08-17T13:34:52+00:00","og_image":[{"width":1200,"height":675,"url":"https:\/\/www.fakolith.de\/wp-content\/uploads\/default-social-media.jpg","type":"image\/jpeg"}],"twitter_card":"summary_large_image","twitter_misc":{"Tempo di lettura stimato":"4 minuti"},"schema":{"@context":"https:\/\/schema.org","@graph":[{"@type":"WebPage","@id":"https:\/\/www.fakolith.de\/it\/legenda\/","url":"https:\/\/www.fakolith.de\/it\/legenda\/","name":"Legende - Fakolith - Schimmelschutz, Bautenschutz, Hygienebeschichtungen","isPartOf":{"@id":"https:\/\/www.fakolith.de\/#website"},"datePublished":"2022-08-17T13:34:16+00:00","dateModified":"2022-08-17T13:34:52+00:00","breadcrumb":{"@id":"https:\/\/www.fakolith.de\/it\/legenda\/#breadcrumb"},"inLanguage":"it-IT","potentialAction":[{"@type":"ReadAction","target":["https:\/\/www.fakolith.de\/it\/legenda\/"]}]},{"@type":"BreadcrumbList","@id":"https:\/\/www.fakolith.de\/it\/legenda\/#breadcrumb","itemListElement":[{"@type":"ListItem","position":1,"name":"Startseite","item":"https:\/\/www.fakolith.de\/it\/"},{"@type":"ListItem","position":2,"name":"Legende"}]},{"@type":"WebSite","@id":"https:\/\/www.fakolith.de\/#website","url":"https:\/\/www.fakolith.de\/","name":"Fakolith - Schimmelschutz, Bautenschutz, Hygienebeschichtungen","description":"","publisher":{"@id":"https:\/\/www.fakolith.de\/#organization"},"potentialAction":[{"@type":"SearchAction","target":{"@type":"EntryPoint","urlTemplate":"https:\/\/www.fakolith.de\/?s={search_term_string}"},"query-input":{"@type":"PropertyValueSpecification","valueRequired":true,"valueName":"search_term_string"}}],"inLanguage":"it-IT"},{"@type":"Organization","@id":"https:\/\/www.fakolith.de\/#organization","name":"FAKOLITH Farben GmbH","url":"https:\/\/www.fakolith.de\/","logo":{"@type":"ImageObject","inLanguage":"it-IT","@id":"https:\/\/www.fakolith.de\/#\/schema\/logo\/image\/","url":"https:\/\/www.fakolith.de\/wp-content\/uploads\/2021\/03\/FAKOLITH-Logo.png","contentUrl":"https:\/\/www.fakolith.de\/wp-content\/uploads\/2021\/03\/FAKOLITH-Logo.png","width":920,"height":185,"caption":"FAKOLITH Farben GmbH"},"image":{"@id":"https:\/\/www.fakolith.de\/#\/schema\/logo\/image\/"},"sameAs":["https:\/\/de.linkedin.com\/company\/fakolith-hygienic-paints","https:\/\/www.youtube.com\/channel\/UCMZ_L-Ut3xtVeWryvOYjaew"]}]}},"_links":{"self":[{"href":"https:\/\/www.fakolith.de\/it\/wp-json\/wp\/v2\/pages\/6049","targetHints":{"allow":["GET"]}}],"collection":[{"href":"https:\/\/www.fakolith.de\/it\/wp-json\/wp\/v2\/pages"}],"about":[{"href":"https:\/\/www.fakolith.de\/it\/wp-json\/wp\/v2\/types\/page"}],"author":[{"embeddable":true,"href":"https:\/\/www.fakolith.de\/it\/wp-json\/wp\/v2\/users\/1"}],"replies":[{"embeddable":true,"href":"https:\/\/www.fakolith.de\/it\/wp-json\/wp\/v2\/comments?post=6049"}],"version-history":[{"count":0,"href":"https:\/\/www.fakolith.de\/it\/wp-json\/wp\/v2\/pages\/6049\/revisions"}],"wp:attachment":[{"href":"https:\/\/www.fakolith.de\/it\/wp-json\/wp\/v2\/media?parent=6049"}],"wp:term":[{"taxonomy":"post_tag","embeddable":true,"href":"https:\/\/www.fakolith.de\/it\/wp-json\/wp\/v2\/tags?post=6049"}],"curies":[{"name":"wp","href":"https:\/\/api.w.org\/{rel}","templated":true}]}}