{"id":6055,"date":"2022-04-08T16:22:56","date_gmt":"2022-04-08T14:22:56","guid":{"rendered":"https:\/\/www.fakolith.de\/?page_id=6055"},"modified":"2022-10-27T12:54:42","modified_gmt":"2022-10-27T10:54:42","slug":"cosa-significa-antimicrobico","status":"publish","type":"page","link":"https:\/\/www.fakolith.de\/it\/cosa-significa-antimicrobico\/","title":{"rendered":"Was bedeutet antimikrobiell?"},"content":{"rendered":"<div class=\"wpb-content-wrapper\">[vc_row full_width=&#8221;stretch_row_content_no_spaces&#8221; css=&#8221;.vc_custom_1617288255146{margin-bottom: 0px !important;padding-bottom: 0px !important;}&#8221;][vc_column css=&#8221;.vc_custom_1617288267876{margin-bottom: 0px !important;padding-bottom: 0px !important;}&#8221;][vc_single_image image=&#8221;6057&#8243; img_size=&#8221;2500x350px&#8221;][\/vc_column][\/vc_row][vc_row][vc_column][vc_column_text css=&#8221;.vc_custom_1649333871206{padding-top: 20px !important;}&#8221;]\n<h1>Cosa significa antimicrobico?<\/h1>\n[\/vc_column_text][vc_column_text css=&#8221;.vc_custom_1649333909813{padding-top: 20px !important;}&#8221;]\n<p style=\"text-align: justify;\">Il termine \u201cantimicrobico\u201d comprende tutti i principi attivi volti a inibire la crescita di batteri, funghi e virus, a contrastarne a priori la proliferazione o a eliminare i microrganismi. L\u2019effetto dei rivestimenti antimicrobici \u00e8 limitato alla superficie del materiale su cui deve essere impedita la proliferazione di germi. I rivestimenti a base di leganti polimerici (ad esempio acrilati, resine epossidiche, poliuretani) rientrano nella categoria delle materie plastiche. Per la prova dell\u2019efficacia antimicrobica dei rivestimenti con leganti polimerici si applicano pertanto gli stessi requisiti presi a riferimento per la plastica.<\/p>\n[\/vc_column_text][vc_column_text css=&#8221;.vc_custom_1649333945885{padding-top: 20px !important;}&#8221;]\n<h2><strong>Come si definisce l\u2019efficacia antimicrobica?<\/strong><\/h2>\n<p style=\"text-align: justify;\">L\u2019efficacia di una superficie antimicrobica \u00e8 definita dalla riduzione dei germi raggiunta entro il tempo di contatto. Questo risultato \u00e8 espresso in livelli log, dove un livello log corrisponde alla riduzione dei germi di una potenza di dieci (log10). I requisiti possono variare a seconda dell\u2019applicazione dei materiali, ad esempio nelle aziende alimentari o nel settore medico. Per esempio, le superfici di plastica che entrano in contatto con gli alimenti per diversi giorni dovrebbero presentare valori misurabili di riduzione dei germi di 3 livelli log (= 99,9%) in relazione a una possibile contaminazione batterica, sulla base di un tempo di contatto di 24 ore o meno. Come regola generale, le sostanze antimicrobiche usate nei rivestimenti dovrebbero essere impiegate in modo mirato. Vanno incorporate nel rivestimento e nella matrice superficiale della vernice in modo tale da evitare il pi\u00f9 possibile il rischio che vengano lavate via dai detergenti e dai disinfettanti utilizzati.<\/p>\n<p style=\"text-align: justify;\">Le superfici antimicrobiche sono particolarmente utili nella produzione alimentare, ma anche nella prevenzione delle infezioni, poich\u00e9 possono ridurre significativamente la trasmissione di virus e batteri.<\/p>\n[\/vc_column_text][vc_empty_space height=&#8221;20px&#8221;]<style>.vcex-button.vcex_69ec8265124cf{border-radius:0px;color:#ffffff!important;font-weight:600;text-transform:uppercase;letter-spacing:1px;}.vcex-button.vcex_69ec8265124cf:hover{background:#f9301d!important;}<\/style><div class=\"vc_custom_1649427773708 wpex-clr\"><a href=\"https:\/\/www.fakolith.de\/it\/rivestimenti-igienici\/rivestimenti-antimicrobici\/\" class=\"vcex-button theme-button flat inline vcex_69ec8265124cf\"><span class=\"vcex-button-inner theme-button-inner wpex-flex wpex-flex-wrap wpex-items-center wpex-justify-center\"><span class=\"vcex-button-icon vcex-icon-wrap theme-button-icon-left\"><span class=\"wpex-icon wpex-icon--bidi\" aria-hidden=\"true\"><svg xmlns=\"http:\/\/www.w3.org\/2000\/svg\" viewBox=\"0 0 448 512\"><path d=\"M9.4 233.4c-12.5 12.5-12.5 32.8 0 45.3l160 160c12.5 12.5 32.8 12.5 45.3 0s12.5-32.8 0-45.3L109.2 288 416 288c17.7 0 32-14.3 32-32s-14.3-32-32-32l-306.7 0L214.6 118.6c12.5-12.5 12.5-32.8 0-45.3s-32.8-12.5-45.3 0l-160 160z\"\/><\/svg><\/span><\/span>TORNA ALLA PANORAMICA<\/span><\/a><\/div> [\/vc_column][\/vc_row][vc_row][vc_column][vc_empty_space][\/vc_column][\/vc_row][vc_row][vc_column][\/vc_column][\/vc_row]\n<\/div>","protected":false},"excerpt":{"rendered":"<p>[vc_row full_width=&#8221;stretch_row_content_no_spaces&#8221; css=&#8221;.vc_custom_1617288255146{margin-bottom: 0px !important;padding-bottom: 0px !important;}&#8221;][vc_column css=&#8221;.vc_custom_1617288267876{margin-bottom: 0px !important;padding-bottom: 0px !important;}&#8221;][vc_single_image image=&#8221;6057&#8243; img_size=&#8221;2500x350px&#8221;][\/vc_column][\/vc_row][vc_row][vc_column][vc_column_text css=&#8221;.vc_custom_1649333871206{padding-top: 20px !important;}&#8221;] Cosa significa antimicrobico? [\/vc_column_text][vc_column_text css=&#8221;.vc_custom_1649333909813{padding-top: 20px !important;}&#8221;] Il termine \u201cantimicrobico\u201d comprende tutti i principi attivi volti a inibire la crescita di batteri, funghi e virus, a contrastarne a priori la proliferazione o a eliminare i microrganismi. L\u2019effetto dei&hellip;<\/p>\n","protected":false},"author":1,"featured_media":0,"parent":0,"menu_order":184,"comment_status":"closed","ping_status":"closed","template":"","meta":{"inline_featured_image":false,"footnotes":""},"tags":[],"class_list":["post-6055","page","type-page","status-publish","hentry","entry","no-media"],"yoast_head":"<!-- This site is optimized with the Yoast SEO Premium plugin v27.4 (Yoast SEO v27.4) - https:\/\/yoast.com\/product\/yoast-seo-premium-wordpress\/ -->\n<title>Cosa significa antimicrobico?<\/title>\n<meta name=\"description\" content=\"Il termine \u201cantimicrobico\u201d comprende tutti i principi attivi volti a inibire la crescita di batteri, funghi e virus, ...\" \/>\n<meta name=\"robots\" content=\"index, follow, max-snippet:-1, max-image-preview:large, max-video-preview:-1\" \/>\n<link rel=\"canonical\" href=\"https:\/\/www.fakolith.de\/it\/cosa-significa-antimicrobico\/\" \/>\n<meta property=\"og:locale\" content=\"it_IT\" \/>\n<meta property=\"og:type\" content=\"article\" \/>\n<meta property=\"og:title\" content=\"FAKOLITH - Profiprodukte f\u00fcr Schimmelsanierung an Geb\u00e4uden, Hygienebeschichtungen im Gesundheitswesen, FOODGRADE-Produkte in der Lebensmittelindustrie\" \/>\n<meta property=\"og:description\" content=\"FAKOLITH entwickelt und produziert seit \u00fcber 60 Jahren innovative Beschichtungssysteme f\u00fcr professionelle Anwendungen. Heute ist FAKOLITH ein international t\u00e4tiger Hersteller von Qualit\u00e4tsprodukten im Bereich Schimmelschutz und Bautenschutz, Hochwassersch\u00e4den sowie von Farben f\u00fcr das Gesundheitswesen und Beschichtungen f\u00fcr die Lebensmittelindustrie. Die lebensmittelechten FOODGRADE-Produkte, zertifiziert f\u00fcr den Direktkontakt mit Lebensmitteln nach VO (EU) 10\/2011 und FDA 21 CFR 175.300, wurden im Rahmen von internationalen Forschungsprojekten entwickelt und erweitern heute das Produktportfolio der FAKOLITH Gruppe.\" \/>\n<meta property=\"og:url\" content=\"https:\/\/www.fakolith.de\/it\/cosa-significa-antimicrobico\/\" \/>\n<meta property=\"og:site_name\" content=\"Fakolith - Schimmelschutz, Bautenschutz, Hygienebeschichtungen\" \/>\n<meta property=\"article:modified_time\" content=\"2022-10-27T10:54:42+00:00\" \/>\n<meta property=\"og:image\" content=\"https:\/\/www.fakolith.de\/wp-content\/uploads\/default-social-media.jpg\" \/>\n\t<meta property=\"og:image:width\" content=\"1200\" \/>\n\t<meta property=\"og:image:height\" content=\"675\" \/>\n\t<meta property=\"og:image:type\" content=\"image\/jpeg\" \/>\n<meta name=\"twitter:card\" content=\"summary_large_image\" \/>\n<meta name=\"twitter:label1\" content=\"Tempo di lettura stimato\" \/>\n\t<meta name=\"twitter:data1\" content=\"2 minuti\" \/>\n<script type=\"application\/ld+json\" class=\"yoast-schema-graph\">{\"@context\":\"https:\\\/\\\/schema.org\",\"@graph\":[{\"@type\":\"WebPage\",\"@id\":\"https:\\\/\\\/www.fakolith.de\\\/it\\\/cosa-significa-antimicrobico\\\/\",\"url\":\"https:\\\/\\\/www.fakolith.de\\\/it\\\/cosa-significa-antimicrobico\\\/\",\"name\":\"Cosa significa antimicrobico?\",\"isPartOf\":{\"@id\":\"https:\\\/\\\/www.fakolith.de\\\/it\\\/#website\"},\"datePublished\":\"2022-04-08T14:22:56+00:00\",\"dateModified\":\"2022-10-27T10:54:42+00:00\",\"description\":\"Il termine \u201cantimicrobico\u201d comprende tutti i principi attivi volti a inibire la crescita di batteri, funghi e virus, ...\",\"breadcrumb\":{\"@id\":\"https:\\\/\\\/www.fakolith.de\\\/it\\\/cosa-significa-antimicrobico\\\/#breadcrumb\"},\"inLanguage\":\"it-IT\",\"potentialAction\":[{\"@type\":\"ReadAction\",\"target\":[\"https:\\\/\\\/www.fakolith.de\\\/it\\\/cosa-significa-antimicrobico\\\/\"]}]},{\"@type\":\"BreadcrumbList\",\"@id\":\"https:\\\/\\\/www.fakolith.de\\\/it\\\/cosa-significa-antimicrobico\\\/#breadcrumb\",\"itemListElement\":[{\"@type\":\"ListItem\",\"position\":1,\"name\":\"Startseite\",\"item\":\"https:\\\/\\\/www.fakolith.de\\\/it\\\/\"},{\"@type\":\"ListItem\",\"position\":2,\"name\":\"Hygienebeschichtungen\",\"item\":\"https:\\\/\\\/www.fakolith.de\\\/it\\\/rivestimenti-igienici\\\/\"},{\"@type\":\"ListItem\",\"position\":3,\"name\":\"Antimikrobielle Beschichtungen\",\"item\":\"https:\\\/\\\/www.fakolith.de\\\/it\\\/rivestimenti-igienici\\\/rivestimenti-antimicrobici\\\/\"},{\"@type\":\"ListItem\",\"position\":4,\"name\":\"Was bedeutet antimikrobiell?\"}]},{\"@type\":\"WebSite\",\"@id\":\"https:\\\/\\\/www.fakolith.de\\\/it\\\/#website\",\"url\":\"https:\\\/\\\/www.fakolith.de\\\/it\\\/\",\"name\":\"Fakolith - Schimmelschutz, Bautenschutz, Hygienebeschichtungen\",\"description\":\"\",\"publisher\":{\"@id\":\"https:\\\/\\\/www.fakolith.de\\\/it\\\/#organization\"},\"potentialAction\":[{\"@type\":\"SearchAction\",\"target\":{\"@type\":\"EntryPoint\",\"urlTemplate\":\"https:\\\/\\\/www.fakolith.de\\\/it\\\/?s={search_term_string}\"},\"query-input\":{\"@type\":\"PropertyValueSpecification\",\"valueRequired\":true,\"valueName\":\"search_term_string\"}}],\"inLanguage\":\"it-IT\"},{\"@type\":\"Organization\",\"@id\":\"https:\\\/\\\/www.fakolith.de\\\/it\\\/#organization\",\"name\":\"FAKOLITH Farben GmbH\",\"url\":\"https:\\\/\\\/www.fakolith.de\\\/it\\\/\",\"logo\":{\"@type\":\"ImageObject\",\"inLanguage\":\"it-IT\",\"@id\":\"https:\\\/\\\/www.fakolith.de\\\/it\\\/#\\\/schema\\\/logo\\\/image\\\/\",\"url\":\"https:\\\/\\\/www.fakolith.de\\\/wp-content\\\/uploads\\\/2021\\\/03\\\/FAKOLITH-Logo.png\",\"contentUrl\":\"https:\\\/\\\/www.fakolith.de\\\/wp-content\\\/uploads\\\/2021\\\/03\\\/FAKOLITH-Logo.png\",\"width\":920,\"height\":185,\"caption\":\"FAKOLITH Farben GmbH\"},\"image\":{\"@id\":\"https:\\\/\\\/www.fakolith.de\\\/it\\\/#\\\/schema\\\/logo\\\/image\\\/\"},\"sameAs\":[\"https:\\\/\\\/de.linkedin.com\\\/company\\\/fakolith-hygienic-paints\",\"https:\\\/\\\/www.youtube.com\\\/channel\\\/UCMZ_L-Ut3xtVeWryvOYjaew\"],\"description\":\"Als Hersteller chemischer Produkte produziert FAKOLITH alle Produkte in Deutschland und Spanien. Gemeinsam mit der spanischen Tochterfirma FAKOLITH CHEMICAL SYSTEMS ist FAKOLITH seit 2006 nach dem Qualit\u00e4tsmanagementsystem DIN EN ISO 9001:2015 zertifiziert.\",\"email\":\"info@fakolith.de\",\"telephone\":\"+49 (0)6253 \\\/ 2394-0\",\"legalName\":\"FAKOLITH Farben GmbH\",\"vatID\":\"DE 111629099\",\"numberOfEmployees\":{\"@type\":\"QuantitativeValue\",\"minValue\":\"11\",\"maxValue\":\"50\"}}]}<\/script>\n<!-- \/ Yoast SEO Premium plugin. -->","yoast_head_json":{"title":"Cosa significa antimicrobico?","description":"Il termine \u201cantimicrobico\u201d comprende tutti i principi attivi volti a inibire la crescita di batteri, funghi e virus, ...","robots":{"index":"index","follow":"follow","max-snippet":"max-snippet:-1","max-image-preview":"max-image-preview:large","max-video-preview":"max-video-preview:-1"},"canonical":"https:\/\/www.fakolith.de\/it\/cosa-significa-antimicrobico\/","og_locale":"it_IT","og_type":"article","og_title":"FAKOLITH - Profiprodukte f\u00fcr Schimmelsanierung an Geb\u00e4uden, Hygienebeschichtungen im Gesundheitswesen, FOODGRADE-Produkte in der Lebensmittelindustrie","og_description":"FAKOLITH entwickelt und produziert seit \u00fcber 60 Jahren innovative Beschichtungssysteme f\u00fcr professionelle Anwendungen. Heute ist FAKOLITH ein international t\u00e4tiger Hersteller von Qualit\u00e4tsprodukten im Bereich Schimmelschutz und Bautenschutz, Hochwassersch\u00e4den sowie von Farben f\u00fcr das Gesundheitswesen und Beschichtungen f\u00fcr die Lebensmittelindustrie. Die lebensmittelechten FOODGRADE-Produkte, zertifiziert f\u00fcr den Direktkontakt mit Lebensmitteln nach VO (EU) 10\/2011 und FDA 21 CFR 175.300, wurden im Rahmen von internationalen Forschungsprojekten entwickelt und erweitern heute das Produktportfolio der FAKOLITH Gruppe.","og_url":"https:\/\/www.fakolith.de\/it\/cosa-significa-antimicrobico\/","og_site_name":"Fakolith - Schimmelschutz, Bautenschutz, Hygienebeschichtungen","article_modified_time":"2022-10-27T10:54:42+00:00","og_image":[{"width":1200,"height":675,"url":"https:\/\/www.fakolith.de\/wp-content\/uploads\/default-social-media.jpg","type":"image\/jpeg"}],"twitter_card":"summary_large_image","twitter_misc":{"Tempo di lettura stimato":"2 minuti"},"schema":{"@context":"https:\/\/schema.org","@graph":[{"@type":"WebPage","@id":"https:\/\/www.fakolith.de\/it\/cosa-significa-antimicrobico\/","url":"https:\/\/www.fakolith.de\/it\/cosa-significa-antimicrobico\/","name":"Cosa significa antimicrobico?","isPartOf":{"@id":"https:\/\/www.fakolith.de\/it\/#website"},"datePublished":"2022-04-08T14:22:56+00:00","dateModified":"2022-10-27T10:54:42+00:00","description":"Il termine \u201cantimicrobico\u201d comprende tutti i principi attivi volti a inibire la crescita di batteri, funghi e virus, ...","breadcrumb":{"@id":"https:\/\/www.fakolith.de\/it\/cosa-significa-antimicrobico\/#breadcrumb"},"inLanguage":"it-IT","potentialAction":[{"@type":"ReadAction","target":["https:\/\/www.fakolith.de\/it\/cosa-significa-antimicrobico\/"]}]},{"@type":"BreadcrumbList","@id":"https:\/\/www.fakolith.de\/it\/cosa-significa-antimicrobico\/#breadcrumb","itemListElement":[{"@type":"ListItem","position":1,"name":"Startseite","item":"https:\/\/www.fakolith.de\/it\/"},{"@type":"ListItem","position":2,"name":"Hygienebeschichtungen","item":"https:\/\/www.fakolith.de\/it\/rivestimenti-igienici\/"},{"@type":"ListItem","position":3,"name":"Antimikrobielle Beschichtungen","item":"https:\/\/www.fakolith.de\/it\/rivestimenti-igienici\/rivestimenti-antimicrobici\/"},{"@type":"ListItem","position":4,"name":"Was bedeutet antimikrobiell?"}]},{"@type":"WebSite","@id":"https:\/\/www.fakolith.de\/it\/#website","url":"https:\/\/www.fakolith.de\/it\/","name":"Fakolith - Schimmelschutz, Bautenschutz, Hygienebeschichtungen","description":"","publisher":{"@id":"https:\/\/www.fakolith.de\/it\/#organization"},"potentialAction":[{"@type":"SearchAction","target":{"@type":"EntryPoint","urlTemplate":"https:\/\/www.fakolith.de\/it\/?s={search_term_string}"},"query-input":{"@type":"PropertyValueSpecification","valueRequired":true,"valueName":"search_term_string"}}],"inLanguage":"it-IT"},{"@type":"Organization","@id":"https:\/\/www.fakolith.de\/it\/#organization","name":"FAKOLITH Farben GmbH","url":"https:\/\/www.fakolith.de\/it\/","logo":{"@type":"ImageObject","inLanguage":"it-IT","@id":"https:\/\/www.fakolith.de\/it\/#\/schema\/logo\/image\/","url":"https:\/\/www.fakolith.de\/wp-content\/uploads\/2021\/03\/FAKOLITH-Logo.png","contentUrl":"https:\/\/www.fakolith.de\/wp-content\/uploads\/2021\/03\/FAKOLITH-Logo.png","width":920,"height":185,"caption":"FAKOLITH Farben GmbH"},"image":{"@id":"https:\/\/www.fakolith.de\/it\/#\/schema\/logo\/image\/"},"sameAs":["https:\/\/de.linkedin.com\/company\/fakolith-hygienic-paints","https:\/\/www.youtube.com\/channel\/UCMZ_L-Ut3xtVeWryvOYjaew"],"description":"Als Hersteller chemischer Produkte produziert FAKOLITH alle Produkte in Deutschland und Spanien. Gemeinsam mit der spanischen Tochterfirma FAKOLITH CHEMICAL SYSTEMS ist FAKOLITH seit 2006 nach dem Qualit\u00e4tsmanagementsystem DIN EN ISO 9001:2015 zertifiziert.","email":"info@fakolith.de","telephone":"+49 (0)6253 \/ 2394-0","legalName":"FAKOLITH Farben GmbH","vatID":"DE 111629099","numberOfEmployees":{"@type":"QuantitativeValue","minValue":"11","maxValue":"50"}}]}},"_links":{"self":[{"href":"https:\/\/www.fakolith.de\/it\/wp-json\/wp\/v2\/pages\/6055","targetHints":{"allow":["GET"]}}],"collection":[{"href":"https:\/\/www.fakolith.de\/it\/wp-json\/wp\/v2\/pages"}],"about":[{"href":"https:\/\/www.fakolith.de\/it\/wp-json\/wp\/v2\/types\/page"}],"author":[{"embeddable":true,"href":"https:\/\/www.fakolith.de\/it\/wp-json\/wp\/v2\/users\/1"}],"replies":[{"embeddable":true,"href":"https:\/\/www.fakolith.de\/it\/wp-json\/wp\/v2\/comments?post=6055"}],"version-history":[{"count":0,"href":"https:\/\/www.fakolith.de\/it\/wp-json\/wp\/v2\/pages\/6055\/revisions"}],"wp:attachment":[{"href":"https:\/\/www.fakolith.de\/it\/wp-json\/wp\/v2\/media?parent=6055"}],"wp:term":[{"taxonomy":"post_tag","embeddable":true,"href":"https:\/\/www.fakolith.de\/it\/wp-json\/wp\/v2\/tags?post=6055"}],"curies":[{"name":"wp","href":"https:\/\/api.w.org\/{rel}","templated":true}]}}