{"id":6080,"date":"2022-08-17T15:34:15","date_gmt":"2022-08-17T13:34:15","guid":{"rendered":"https:\/\/www.fakolith.de\/?page_id=6080"},"modified":"2024-10-18T13:44:23","modified_gmt":"2024-10-18T11:44:23","slug":"partnership","status":"publish","type":"page","link":"https:\/\/www.fakolith.de\/it\/partnership\/","title":{"rendered":"Kooperationspartner"},"content":{"rendered":"<div class=\"wpb-content-wrapper\">[vc_row full_width=&#8221;stretch_row_content_no_spaces&#8221; css=&#8221;.vc_custom_1617288255146{margin-bottom: 0px !important;padding-bottom: 0px !important;}&#8221;][vc_column css=&#8221;.vc_custom_1617288267876{margin-bottom: 0px !important;padding-bottom: 0px !important;}&#8221;][vc_single_image image=&#8221;6019&#8243; img_size=&#8221;2500x350px&#8221;][\/vc_column][\/vc_row][vc_row][vc_column][vc_column_text css=&#8221;.vc_custom_1649337779826{padding-top: 20px !important;}&#8221;]\n<h1>Le nostre partnership<\/h1>\n[\/vc_column_text][vc_column_text css=&#8221;.vc_custom_1649337796475{padding-top: 20px !important;}&#8221;]\n<p style=\"text-align: justify;\">Per offrire una gamma di prodotti e servizi orientati alla domanda, \u00e8 necessario garantire che siano pratici e commisurati alle esigenze del mercato. Ecco perch\u00e9 per noi \u00e8 essenziale collaborare e interfacciarci sistematicamente con enti e realt\u00e0 di riferimento nei settori specifici. Otteniamo cos\u00ec in anteprima importanti informazioni sulle nuove tendenze e potenziali fabbisogni, ma anche un prezioso riscontro sui nostri prodotti e sviluppi.<\/p>\n[\/vc_column_text][vc_empty_space height=&#8221;40px&#8221;][vc_separator][vc_row_inner][vc_column_inner width=&#8221;3\/4&#8243;][vc_column_text css=&#8221;.vc_custom_1649337809324{padding-top: 20px !important;}&#8221;]\n<h2 style=\"text-align: left;\">Associazione federale tedesca degli ispettori alimentari (BVLK)<\/h2>\n[\/vc_column_text][vc_column_text css=&#8221;.vc_custom_1649337825492{padding-top: 20px !important;}&#8221;]\n<p style=\"text-align: justify;\">L\u2019Associazione federale tedesca degli ispettori alimentari (BVLK) riunisce sotto il suo ombrello il 90% dei circa 2.500 ispettori alimentari, che sono organizzati in 15 associazioni. La cooperazione con questi specialisti offre un alto potenziale di sinergie. Lo scambio di esperienze nato dalla collaborazione con la BVLK, instaurata a ottobre 2018, ci fornisce informazioni e impulsi preziosi per l\u2019ulteriore sviluppo dei nostri rivestimenti igienici. Nell\u2019ambito degli eventi di formazione della BVLK, forniamo informazioni sulle opzioni tecniche di rivestimento disponibili per l\u2019industria alimentare attraverso l\u2019uso di sistemi di rivestimento moderni e resistenti. La BVLK ha ufficialmente raccomandato l\u2019uso di sei sistemi di rivestimento FAKOLITH.<\/p>\n[\/vc_column_text][vc_empty_space height=&#8221;20px&#8221;][\/vc_column_inner][vc_column_inner width=&#8221;1\/4&#8243;][vc_single_image image=&#8221;6082&#8243; css=&#8221;.vc_custom_1619677525918{padding-top: 30px !important;}&#8221;][\/vc_column_inner][\/vc_row_inner][vc_separator][vc_row_inner][vc_column_inner width=&#8221;3\/4&#8243;][vc_column_text css=&#8221;.vc_custom_1649337839908{padding-top: 20px !important;}&#8221;]\n<h2 style=\"text-align: left;\">Forum sull\u2019igiene della BVLK<\/h2>\n[\/vc_column_text][vc_column_text css=&#8221;.vc_custom_1649337856171{padding-top: 20px !important;}&#8221;]\n<p style=\"text-align: justify;\">La BVLK ha riunito aziende affermate e rinomate sul mercato con l\u2019obiettivo di promuovere la sicurezza alimentare in tutte le fasi della commercializzazione. \u00c8 cos\u00ec nato un forum composto esclusivamente da aziende i cui prodotti e servizi contribuiscono in modo significativo a garantire l\u2019igiene di base nelle aziende di trasformazione alimentare. Il forum si pone come fonte specializzata di informazioni per gli ispettori alimentari su quasi tutte le questioni di igiene aziendale. FAKOLITH Farben \u00e8 un membro attivo del Forum sull\u2019igiene della BVLK dal gennaio 2019.<\/p>\n[\/vc_column_text][vc_empty_space height=&#8221;20px&#8221;][\/vc_column_inner][vc_column_inner width=&#8221;1\/4&#8243;][vc_single_image image=&#8221;396&#8243; css=&#8221;.vc_custom_1617880430863{padding-top: 30px !important;}&#8221;][\/vc_column_inner][\/vc_row_inner][vc_separator][vc_row_inner][vc_column_inner width=&#8221;3\/4&#8243;][vc_column_text css=&#8221;.vc_custom_1649337869819{padding-top: 20px !important;}&#8221;]\n<h2 style=\"text-align: left;\">food.net:z \u2013 Rete alimentare della regione Rhein-Neckar<\/h2>\n[\/vc_column_text][vc_column_text css=&#8221;.vc_custom_1649337884395{padding-top: 20px !important;}&#8221;]\n<p style=\"text-align: justify;\">Le aziende della regione Rhein-Neckar pi\u00f9 sensibili al tema dell\u2019alimentazione si sono unite nell\u2019associazione food.net:z con l\u2019obiettivo di valorizzare ulteriormente l\u2019importanza economica del settore alimentare. Con i suoi eventi pratici e informativi dedicati, food.net:z coinvolge un gran numero di aziende innovative del settore alimentare nella regione. Per FAKOLITH Farben, specializzata in rivestimenti igienici per l\u2019industria alimentare, si tratta di un\u2019eccellente opportunit\u00e0 per contribuire con il proprio know-how e ricevere preziosi impulsi per l\u2019ulteriore sviluppo dei suoi sistemi di rivestimento. FAKOLITH \u00e8 un membro attivo di food.net:z da maggio 2019.<\/p>\n[\/vc_column_text][vc_empty_space height=&#8221;20px&#8221;][\/vc_column_inner][vc_column_inner width=&#8221;1\/4&#8243;][vc_single_image image=&#8221;397&#8243; css=&#8221;.vc_custom_1617880444573{padding-top: 30px !important;}&#8221;][\/vc_column_inner][\/vc_row_inner][vc_separator][vc_row_inner][vc_column_inner width=&#8221;3\/4&#8243;][vc_column_text css=&#8221;.vc_custom_1649337924233{padding-top: 20px !important;}&#8221;]\n<h2 style=\"text-align: left;\">Associazione di supervisione alimentare dell\u2019Alta Austria<\/h2>\n[\/vc_column_text][vc_column_text css=&#8221;.vc_custom_1649337942669{padding-top: 20px !important;}&#8221;]\n<p style=\"text-align: justify;\">Gli ispettori alimentari dell\u2019Ufficio del governo regionale dell\u2019Alta Austria operano con un obiettivo ben preciso: garantire la migliore qualit\u00e0 possibile degli alimenti per i consumatori. L\u2019ispettorato alimentare non solo determina la salubrit\u00e0 degli alimenti e dell\u2019acqua potabile, ma esegue anche test per trattamenti con radiazioni, radioattivit\u00e0 e modifiche genetiche degli alimenti. Vengono verificati anche i rischi per la salute dei cosmetici e la sicurezza dei giocattoli per i neonati. FAKOLITH Farben \u00e8 un partner dell\u2019associazione dal febbraio 2020. Lo scambio di esperienze reso possibile dalla piattaforma digitale e dalla partecipazione a eventi congiunti ci fornisce un prezioso feedback diretto. Parallelamente, noi forniamo informazioni sulle possibili soluzioni finalizzate all\u2019ottimizzazione dell\u2019igiene industriale, anche in condizioni difficili dal punto di vista strutturale e produttivo.<\/p>\n[\/vc_column_text][vc_empty_space height=&#8221;20px&#8221;][\/vc_column_inner][vc_column_inner width=&#8221;1\/4&#8243;][vc_single_image image=&#8221;7417&#8243; css=&#8221;.vc_custom_1665660991346{padding-top: 30px !important;}&#8221;][\/vc_column_inner][\/vc_row_inner][vc_separator][vc_row_inner][vc_column_inner width=&#8221;3\/4&#8243;][vc_column_text css=&#8221;.vc_custom_1649337963213{padding-top: 20px !important;}&#8221;]\n<h2 style=\"text-align: left;\">Consorzio per l\u2019ingegneria agraria e l\u2019edilizia agricola in Baviera (ALB Bayern e.V.)<\/h2>\n[\/vc_column_text][vc_column_text css=&#8221;.vc_custom_1649337977692{padding-top: 20px !important;}&#8221;]\n<p style=\"text-align: justify;\">L\u2019associazione ALB Bayern e.V. si considera un mediatore neutrale e l\u2019anello di congiunzione tra le realt\u00e0 del settore agricolo, la ricerca, il settore ambientale, la pubblica amministrazione, il commercio e l\u2019industria. In qualit\u00e0 di partner della ALB Bayern e.V., FAKOLITH Farben trae vantaggio dalla partecipazione a eventi pratici e dall\u2019ottenimento di altre informazioni periodiche su tematiche attuali relative ai rivestimenti di serbatoi, sili e cisterne. FAKOLITH \u00e8 membro da marzo 2018.<\/p>\n[\/vc_column_text][vc_empty_space height=&#8221;20px&#8221;][\/vc_column_inner][vc_column_inner width=&#8221;1\/4&#8243;][vc_single_image image=&#8221;395&#8243; css=&#8221;.vc_custom_1617880506591{padding-top: 30px !important;}&#8221;][\/vc_column_inner][\/vc_row_inner][vc_separator][vc_column_text css=&#8221;.vc_custom_1649338005520{padding-top: 20px !important;}&#8221;]\n<h2><span  style=\"color:#dd2a1b;margin-right:5px;font-size:28px;\" class=\"wpex-icon\" aria-hidden=\"true\"><svg xmlns=\"http:\/\/www.w3.org\/2000\/svg\" viewBox=\"0 0 512 512\"><path d=\"M256 512A256 256 0 1 0 256 0a256 256 0 1 0 0 512zM216 336h24V272H216c-13.3 0-24-10.7-24-24s10.7-24 24-24h48c13.3 0 24 10.7 24 24v88h8c13.3 0 24 10.7 24 24s-10.7 24-24 24H216c-13.3 0-24-10.7-24-24s10.7-24 24-24zm40-208a32 32 0 1 1 0 64 32 32 0 1 1 0-64z\"\/><\/svg><\/span> Contatto<\/h2>\n[\/vc_column_text][vc_column_text css=&#8221;.vc_custom_1649338042349{padding-top: 20px !important;}&#8221;]Avete domande sulle nostre partnership o siete interessati a una collaborazione? Non esitate a contattarci personalmente, per telefono o tramite e-mail.<\/p>\n<p>Tel.: +49 (0)6253 \/ 23 94 &#8211; 0<br \/>\nE-mail: <a href=\"mailto:info@fakolith.de\">info@fakolith.de<\/a>[\/vc_column_text][vc_empty_space][\/vc_column][\/vc_row]\n<\/div>","protected":false},"excerpt":{"rendered":"<p>[vc_row full_width=&#8221;stretch_row_content_no_spaces&#8221; css=&#8221;.vc_custom_1617288255146{margin-bottom: 0px !important;padding-bottom: 0px !important;}&#8221;][vc_column css=&#8221;.vc_custom_1617288267876{margin-bottom: 0px !important;padding-bottom: 0px !important;}&#8221;][vc_single_image image=&#8221;6019&#8243; img_size=&#8221;2500x350px&#8221;][\/vc_column][\/vc_row][vc_row][vc_column][vc_column_text css=&#8221;.vc_custom_1649337779826{padding-top: 20px !important;}&#8221;] Le nostre partnership [\/vc_column_text][vc_column_text css=&#8221;.vc_custom_1649337796475{padding-top: 20px !important;}&#8221;] Per offrire una gamma di prodotti e servizi orientati alla domanda, \u00e8 necessario garantire che siano pratici e commisurati alle esigenze del mercato. Ecco perch\u00e9 per noi \u00e8 essenziale collaborare e&hellip;<\/p>\n","protected":false},"author":1,"featured_media":0,"parent":0,"menu_order":210,"comment_status":"closed","ping_status":"closed","template":"","meta":{"inline_featured_image":false,"footnotes":""},"tags":[],"class_list":["post-6080","page","type-page","status-publish","hentry","entry","no-media"],"yoast_head":"<!-- This site is optimized with the Yoast SEO Premium plugin v27.4 (Yoast SEO v27.4) - https:\/\/yoast.com\/product\/yoast-seo-premium-wordpress\/ -->\n<title>Kooperationspartner - Fakolith - Schimmelschutz, Bautenschutz, Hygienebeschichtungen<\/title>\n<meta name=\"robots\" content=\"index, follow, max-snippet:-1, max-image-preview:large, max-video-preview:-1\" \/>\n<link rel=\"canonical\" href=\"https:\/\/www.fakolith.de\/it\/partnership\/\" \/>\n<meta property=\"og:locale\" content=\"it_IT\" \/>\n<meta property=\"og:type\" content=\"article\" \/>\n<meta property=\"og:title\" content=\"FAKOLITH - Profiprodukte f\u00fcr Schimmelsanierung an Geb\u00e4uden, Hygienebeschichtungen im Gesundheitswesen, FOODGRADE-Produkte in der Lebensmittelindustrie\" \/>\n<meta property=\"og:description\" content=\"FAKOLITH entwickelt und produziert seit \u00fcber 60 Jahren innovative Beschichtungssysteme f\u00fcr professionelle Anwendungen. Heute ist FAKOLITH ein international t\u00e4tiger Hersteller von Qualit\u00e4tsprodukten im Bereich Schimmelschutz und Bautenschutz, Hochwassersch\u00e4den sowie von Farben f\u00fcr das Gesundheitswesen und Beschichtungen f\u00fcr die Lebensmittelindustrie. Die lebensmittelechten FOODGRADE-Produkte, zertifiziert f\u00fcr den Direktkontakt mit Lebensmitteln nach VO (EU) 10\/2011 und FDA 21 CFR 175.300, wurden im Rahmen von internationalen Forschungsprojekten entwickelt und erweitern heute das Produktportfolio der FAKOLITH Gruppe.\" \/>\n<meta property=\"og:url\" content=\"https:\/\/www.fakolith.de\/it\/partnership\/\" \/>\n<meta property=\"og:site_name\" content=\"Fakolith - Schimmelschutz, Bautenschutz, Hygienebeschichtungen\" \/>\n<meta property=\"article:modified_time\" content=\"2024-10-18T11:44:23+00:00\" \/>\n<meta property=\"og:image\" content=\"https:\/\/www.fakolith.de\/wp-content\/uploads\/default-social-media.jpg\" \/>\n\t<meta property=\"og:image:width\" content=\"1200\" \/>\n\t<meta property=\"og:image:height\" content=\"675\" \/>\n\t<meta property=\"og:image:type\" content=\"image\/jpeg\" \/>\n<meta name=\"twitter:card\" content=\"summary_large_image\" \/>\n<meta name=\"twitter:label1\" content=\"Tempo di lettura stimato\" \/>\n\t<meta name=\"twitter:data1\" content=\"6 minuti\" \/>\n<script type=\"application\/ld+json\" class=\"yoast-schema-graph\">{\"@context\":\"https:\\\/\\\/schema.org\",\"@graph\":[{\"@type\":\"WebPage\",\"@id\":\"https:\\\/\\\/www.fakolith.de\\\/it\\\/partnership\\\/\",\"url\":\"https:\\\/\\\/www.fakolith.de\\\/it\\\/partnership\\\/\",\"name\":\"Kooperationspartner - Fakolith - Schimmelschutz, Bautenschutz, Hygienebeschichtungen\",\"isPartOf\":{\"@id\":\"https:\\\/\\\/www.fakolith.de\\\/it\\\/#website\"},\"datePublished\":\"2022-08-17T13:34:15+00:00\",\"dateModified\":\"2024-10-18T11:44:23+00:00\",\"breadcrumb\":{\"@id\":\"https:\\\/\\\/www.fakolith.de\\\/it\\\/partnership\\\/#breadcrumb\"},\"inLanguage\":\"it-IT\",\"potentialAction\":[{\"@type\":\"ReadAction\",\"target\":[\"https:\\\/\\\/www.fakolith.de\\\/it\\\/partnership\\\/\"]}]},{\"@type\":\"BreadcrumbList\",\"@id\":\"https:\\\/\\\/www.fakolith.de\\\/it\\\/partnership\\\/#breadcrumb\",\"itemListElement\":[{\"@type\":\"ListItem\",\"position\":1,\"name\":\"Startseite\",\"item\":\"https:\\\/\\\/www.fakolith.de\\\/it\\\/\"},{\"@type\":\"ListItem\",\"position\":2,\"name\":\"Kooperationspartner\"}]},{\"@type\":\"WebSite\",\"@id\":\"https:\\\/\\\/www.fakolith.de\\\/it\\\/#website\",\"url\":\"https:\\\/\\\/www.fakolith.de\\\/it\\\/\",\"name\":\"Fakolith - Schimmelschutz, Bautenschutz, Hygienebeschichtungen\",\"description\":\"\",\"publisher\":{\"@id\":\"https:\\\/\\\/www.fakolith.de\\\/it\\\/#organization\"},\"potentialAction\":[{\"@type\":\"SearchAction\",\"target\":{\"@type\":\"EntryPoint\",\"urlTemplate\":\"https:\\\/\\\/www.fakolith.de\\\/it\\\/?s={search_term_string}\"},\"query-input\":{\"@type\":\"PropertyValueSpecification\",\"valueRequired\":true,\"valueName\":\"search_term_string\"}}],\"inLanguage\":\"it-IT\"},{\"@type\":\"Organization\",\"@id\":\"https:\\\/\\\/www.fakolith.de\\\/it\\\/#organization\",\"name\":\"FAKOLITH Farben GmbH\",\"url\":\"https:\\\/\\\/www.fakolith.de\\\/it\\\/\",\"logo\":{\"@type\":\"ImageObject\",\"inLanguage\":\"it-IT\",\"@id\":\"https:\\\/\\\/www.fakolith.de\\\/it\\\/#\\\/schema\\\/logo\\\/image\\\/\",\"url\":\"https:\\\/\\\/www.fakolith.de\\\/wp-content\\\/uploads\\\/2021\\\/03\\\/FAKOLITH-Logo.png\",\"contentUrl\":\"https:\\\/\\\/www.fakolith.de\\\/wp-content\\\/uploads\\\/2021\\\/03\\\/FAKOLITH-Logo.png\",\"width\":920,\"height\":185,\"caption\":\"FAKOLITH Farben GmbH\"},\"image\":{\"@id\":\"https:\\\/\\\/www.fakolith.de\\\/it\\\/#\\\/schema\\\/logo\\\/image\\\/\"},\"sameAs\":[\"https:\\\/\\\/de.linkedin.com\\\/company\\\/fakolith-hygienic-paints\",\"https:\\\/\\\/www.youtube.com\\\/channel\\\/UCMZ_L-Ut3xtVeWryvOYjaew\"],\"description\":\"Als Hersteller chemischer Produkte produziert FAKOLITH alle Produkte in Deutschland und Spanien. Gemeinsam mit der spanischen Tochterfirma FAKOLITH CHEMICAL SYSTEMS ist FAKOLITH seit 2006 nach dem Qualit\u00e4tsmanagementsystem DIN EN ISO 9001:2015 zertifiziert.\",\"email\":\"info@fakolith.de\",\"telephone\":\"+49 (0)6253 \\\/ 2394-0\",\"legalName\":\"FAKOLITH Farben GmbH\",\"vatID\":\"DE 111629099\",\"numberOfEmployees\":{\"@type\":\"QuantitativeValue\",\"minValue\":\"11\",\"maxValue\":\"50\"}}]}<\/script>\n<!-- \/ Yoast SEO Premium plugin. -->","yoast_head_json":{"title":"Kooperationspartner - Fakolith - Schimmelschutz, Bautenschutz, Hygienebeschichtungen","robots":{"index":"index","follow":"follow","max-snippet":"max-snippet:-1","max-image-preview":"max-image-preview:large","max-video-preview":"max-video-preview:-1"},"canonical":"https:\/\/www.fakolith.de\/it\/partnership\/","og_locale":"it_IT","og_type":"article","og_title":"FAKOLITH - Profiprodukte f\u00fcr Schimmelsanierung an Geb\u00e4uden, Hygienebeschichtungen im Gesundheitswesen, FOODGRADE-Produkte in der Lebensmittelindustrie","og_description":"FAKOLITH entwickelt und produziert seit \u00fcber 60 Jahren innovative Beschichtungssysteme f\u00fcr professionelle Anwendungen. Heute ist FAKOLITH ein international t\u00e4tiger Hersteller von Qualit\u00e4tsprodukten im Bereich Schimmelschutz und Bautenschutz, Hochwassersch\u00e4den sowie von Farben f\u00fcr das Gesundheitswesen und Beschichtungen f\u00fcr die Lebensmittelindustrie. Die lebensmittelechten FOODGRADE-Produkte, zertifiziert f\u00fcr den Direktkontakt mit Lebensmitteln nach VO (EU) 10\/2011 und FDA 21 CFR 175.300, wurden im Rahmen von internationalen Forschungsprojekten entwickelt und erweitern heute das Produktportfolio der FAKOLITH Gruppe.","og_url":"https:\/\/www.fakolith.de\/it\/partnership\/","og_site_name":"Fakolith - Schimmelschutz, Bautenschutz, Hygienebeschichtungen","article_modified_time":"2024-10-18T11:44:23+00:00","og_image":[{"width":1200,"height":675,"url":"https:\/\/www.fakolith.de\/wp-content\/uploads\/default-social-media.jpg","type":"image\/jpeg"}],"twitter_card":"summary_large_image","twitter_misc":{"Tempo di lettura stimato":"6 minuti"},"schema":{"@context":"https:\/\/schema.org","@graph":[{"@type":"WebPage","@id":"https:\/\/www.fakolith.de\/it\/partnership\/","url":"https:\/\/www.fakolith.de\/it\/partnership\/","name":"Kooperationspartner - Fakolith - Schimmelschutz, Bautenschutz, Hygienebeschichtungen","isPartOf":{"@id":"https:\/\/www.fakolith.de\/it\/#website"},"datePublished":"2022-08-17T13:34:15+00:00","dateModified":"2024-10-18T11:44:23+00:00","breadcrumb":{"@id":"https:\/\/www.fakolith.de\/it\/partnership\/#breadcrumb"},"inLanguage":"it-IT","potentialAction":[{"@type":"ReadAction","target":["https:\/\/www.fakolith.de\/it\/partnership\/"]}]},{"@type":"BreadcrumbList","@id":"https:\/\/www.fakolith.de\/it\/partnership\/#breadcrumb","itemListElement":[{"@type":"ListItem","position":1,"name":"Startseite","item":"https:\/\/www.fakolith.de\/it\/"},{"@type":"ListItem","position":2,"name":"Kooperationspartner"}]},{"@type":"WebSite","@id":"https:\/\/www.fakolith.de\/it\/#website","url":"https:\/\/www.fakolith.de\/it\/","name":"Fakolith - Schimmelschutz, Bautenschutz, Hygienebeschichtungen","description":"","publisher":{"@id":"https:\/\/www.fakolith.de\/it\/#organization"},"potentialAction":[{"@type":"SearchAction","target":{"@type":"EntryPoint","urlTemplate":"https:\/\/www.fakolith.de\/it\/?s={search_term_string}"},"query-input":{"@type":"PropertyValueSpecification","valueRequired":true,"valueName":"search_term_string"}}],"inLanguage":"it-IT"},{"@type":"Organization","@id":"https:\/\/www.fakolith.de\/it\/#organization","name":"FAKOLITH Farben GmbH","url":"https:\/\/www.fakolith.de\/it\/","logo":{"@type":"ImageObject","inLanguage":"it-IT","@id":"https:\/\/www.fakolith.de\/it\/#\/schema\/logo\/image\/","url":"https:\/\/www.fakolith.de\/wp-content\/uploads\/2021\/03\/FAKOLITH-Logo.png","contentUrl":"https:\/\/www.fakolith.de\/wp-content\/uploads\/2021\/03\/FAKOLITH-Logo.png","width":920,"height":185,"caption":"FAKOLITH Farben GmbH"},"image":{"@id":"https:\/\/www.fakolith.de\/it\/#\/schema\/logo\/image\/"},"sameAs":["https:\/\/de.linkedin.com\/company\/fakolith-hygienic-paints","https:\/\/www.youtube.com\/channel\/UCMZ_L-Ut3xtVeWryvOYjaew"],"description":"Als Hersteller chemischer Produkte produziert FAKOLITH alle Produkte in Deutschland und Spanien. Gemeinsam mit der spanischen Tochterfirma FAKOLITH CHEMICAL SYSTEMS ist FAKOLITH seit 2006 nach dem Qualit\u00e4tsmanagementsystem DIN EN ISO 9001:2015 zertifiziert.","email":"info@fakolith.de","telephone":"+49 (0)6253 \/ 2394-0","legalName":"FAKOLITH Farben GmbH","vatID":"DE 111629099","numberOfEmployees":{"@type":"QuantitativeValue","minValue":"11","maxValue":"50"}}]}},"_links":{"self":[{"href":"https:\/\/www.fakolith.de\/it\/wp-json\/wp\/v2\/pages\/6080","targetHints":{"allow":["GET"]}}],"collection":[{"href":"https:\/\/www.fakolith.de\/it\/wp-json\/wp\/v2\/pages"}],"about":[{"href":"https:\/\/www.fakolith.de\/it\/wp-json\/wp\/v2\/types\/page"}],"author":[{"embeddable":true,"href":"https:\/\/www.fakolith.de\/it\/wp-json\/wp\/v2\/users\/1"}],"replies":[{"embeddable":true,"href":"https:\/\/www.fakolith.de\/it\/wp-json\/wp\/v2\/comments?post=6080"}],"version-history":[{"count":0,"href":"https:\/\/www.fakolith.de\/it\/wp-json\/wp\/v2\/pages\/6080\/revisions"}],"wp:attachment":[{"href":"https:\/\/www.fakolith.de\/it\/wp-json\/wp\/v2\/media?parent=6080"}],"wp:term":[{"taxonomy":"post_tag","embeddable":true,"href":"https:\/\/www.fakolith.de\/it\/wp-json\/wp\/v2\/tags?post=6080"}],"curies":[{"name":"wp","href":"https:\/\/api.w.org\/{rel}","templated":true}]}}