{"id":6350,"date":"2022-08-17T15:34:25","date_gmt":"2022-08-17T13:34:25","guid":{"rendered":"https:\/\/www.fakolith.de\/?page_id=6350"},"modified":"2023-11-06T17:02:30","modified_gmt":"2023-11-06T16:02:30","slug":"fakolith-fk-37-diluente","status":"publish","type":"page","link":"https:\/\/www.fakolith.de\/it\/prodotti\/fakolith-fk-37-diluente\/","title":{"rendered":"FAKOLITH FK 37"},"content":{"rendered":"<div class=\"wpb-content-wrapper\">[vc_row full_width=&#8221;stretch_row_content_no_spaces&#8221; css=&#8221;.vc_custom_1617288255146{margin-bottom: 0px !important;padding-bottom: 0px !important;}&#8221;][vc_column css=&#8221;.vc_custom_1617288267876{margin-bottom: 0px !important;padding-bottom: 0px !important;}&#8221;][vc_single_image image=&#8221;6019&#8243; img_size=&#8221;2500x350px&#8221;][\/vc_column][\/vc_row][vc_row][vc_column][vc_column_text css=&#8221;.vc_custom_1649363587881{padding-top: 20px !important;}&#8221;]\n<h1>FAKOLITH FK 37 \u2013 diluente privo di sostanze aromatiche per i prodotti FAKOLITH FK 32, FAKOLITH FK 3000 e FAKOLITH FK 34<\/h1>\n[\/vc_column_text][vc_column_text css=&#8221;.vc_custom_1649363598785{padding-top: 20px !important;}&#8221;]\n<h2 style=\"text-align: left;\">Ambito di applicazione<\/h2>\n[\/vc_column_text][vc_column_text css=&#8221;.vc_custom_1649363611033{padding-top: 20px !important;}&#8221;]<span lang=\"it-IT\">FAKOLITH FK 37 consente di diluire le pitture FAKOLITH FK 32 e FAKOLITH FK 3000 e il fondo penetrante FAKOLITH FK 34 in base alle specifiche condizioni della superficie da trattare. Il diluente FAKOLITH FK 37 \u00e8 privo di sostanze aromatiche e inodore.<\/span>[\/vc_column_text][vc_empty_space height=&#8221;40px&#8221;][vc_separator][vc_row_inner][vc_column_inner width=&#8221;1\/2&#8243;][vc_column_text css=&#8221;.vc_custom_1649363621544{padding-top: 20px !important;}&#8221;]\n<h2 style=\"text-align: left;\">Base<\/h2>\n[\/vc_column_text][vc_column_text css=&#8221;.vc_custom_1660736609678{padding-top: 20px !important;}&#8221;]\n<ul>\n<li>solvente<\/li>\n<\/ul>\n<p>Solvente privo di sostanze aromatiche, da usare con i prodotti FAKOLITH FK 3000, FK 32 e FK 34 contenenti solventi. Ha ottenuto l&#8217;approvazione FDA 21 CFR 178.3530 per l&#8217;uso a contatto indiretto con gli alimenti.[\/vc_column_text][vc_column_text css=&#8221;.vc_custom_1649363644343{padding-top: 20px !important;}&#8221;]\n<h2 style=\"text-align: left;\">Caratteristiche \/ propriet\u00e0 del prodotto<\/h2>\n[\/vc_column_text][vc_column_text css=&#8221;.vc_custom_1649363661024{padding-top: 20px !important;}&#8221;]\n<ul>\n<li>privo di sostanze aromatiche<\/li>\n<li>inodore<\/li>\n<\/ul>\n[\/vc_column_text][vc_column_text css=&#8221;.vc_custom_1649363671368{padding-top: 20px !important;}&#8221;]\n<h2 style=\"text-align: left;\">Applicazione<\/h2>\n[\/vc_column_text][vc_column_text css=&#8221;.vc_custom_1660736628260{padding-top: 20px !important;}&#8221;]\n<ul>\n<li>aggiunta dell\u20191-10%<\/li>\n<\/ul>\n<p>Indicato per regolare la consistenza dello spruzzo di FAKOLITH FK 3000, FK 32 e FK 34. Per evitare problemi di compatibilit\u00e0 e l&#8217;emissione di odori sgradevoli, con i sistemi vernicianti privi di sostanze aromatiche si raccomanda di utilizzare unicamente questo diluente. Inoltre, si consiglia l&#8217;impiego di FAKOLITH FK 37 per la pulizia degli attrezzi utilizzati per l&#8217;applicazione di FAKOLITH FK 3000, FK 32 e FK 34.[\/vc_column_text][vc_column_text css=&#8221;.vc_custom_1649363695912{padding-top: 20px !important;}&#8221;]\n<h2 style=\"text-align: left;\">Formato contenitori \/ propriet\u00e0<\/h2>\n[\/vc_column_text][vc_column_text css=&#8221;.vc_custom_1624547828927{padding-top: 20px !important;}&#8221;]\n<ul>\n<li>1 L<\/li>\n<li>5 L<\/li>\n<\/ul>\n[\/vc_column_text][vc_column_text css=&#8221;.vc_custom_1649363706904{padding-top: 20px !important;}&#8221;]\n<h2>Materiali scaricabili sul prodotto<\/h2>\n[\/vc_column_text][vc_column_text css=&#8221;.vc_custom_1699286527208{padding-top: 20px !important;}&#8221; el_class=&#8221;downloads&#8221;]\n<ul>\n<li><a href=\"https:\/\/www.fakolith.de\/wp-content\/uploads\/produkte\/FAKOLITH-TM-FK-37-Verduennung.pdf\" target=\"_blank\" rel=\"noopener\">Scheda tecnica (PDF \/ tedesco)<\/a><\/li>\n<li><a href=\"https:\/\/www.fakolith.de\/wp-content\/uploads\/FAKOLITH-FK-37-Sicherheitsdatenblatt.pdf\" target=\"_blank\" rel=\"noopener\">Scheda di sicurezza (PDF \/ tedesco)<\/a><\/li>\n<\/ul>\n[\/vc_column_text][vc_empty_space height=&#8221;10px&#8221;][\/vc_column_inner][vc_column_inner width=&#8221;1\/2&#8243;][vc_empty_space height=&#8221;50px&#8221;][vc_single_image image=&#8221;8397&#8243; onclick=&#8221;link_image&#8221; css=&#8221;.vc_custom_1694783703431{padding-top: 30px !important;}&#8221; el_class=&#8221;product-image&#8221; img_hover=&#8221;opacity&#8221;][vc_empty_space height=&#8221;25px&#8221;][vc_column_text]\n<p style=\"text-align: center;\"><img loading=\"lazy\" decoding=\"async\" class=\"alignnone size-full wp-image-2624\" src=\"https:\/\/www.fakolith.de\/wp-content\/uploads\/Verarbeitung-0Grad.png\" alt=\"\" width=\"75\" height=\"75\" \/><\/p>\n[\/vc_column_text][\/vc_column_inner][\/vc_row_inner][vc_separator][vc_column_text css=&#8221;.vc_custom_1649363740546{padding-top: 20px !important;}&#8221;]<div class=\"templatera_shortcode\"><style type=\"text\/css\" data-type=\"vc_shortcodes-custom-css\">.vc_custom_1660735539646{padding-top: 20px !important;}.vc_custom_1660735582143{padding-top: 20px !important;}.vc_custom_1649352385527{padding-top: 20px !important;}.vc_custom_1660735627919{padding-top: 20px !important;}<\/style><div class=\"vc_row wpb_row vc_row-fluid wpex-relative\"><div class=\"wpb_column vc_column_container vc_col-sm-12\"><div class=\"vc_column-inner\"><div class=\"wpb_wrapper\">\n\t<div class=\"wpb_text_column wpb_content_element vc_custom_1660735539646\" >\n\t\t<div class=\"wpb_wrapper\">\n\t\t\t<h2><span  style=\"color:#dd2a1b;margin-right:5px;font-size:28px;\" class=\"wpex-icon\" aria-hidden=\"true\"><svg xmlns=\"http:\/\/www.w3.org\/2000\/svg\" viewBox=\"0 0 576 512\"><path d=\"M290.8 48.6l78.4 29.7L288 109.5 206.8 78.3l78.4-29.7c1.8-.7 3.8-.7 5.7 0zM136 92.5V204.7c-1.3 .4-2.6 .8-3.9 1.3l-96 36.4C14.4 250.6 0 271.5 0 294.7V413.9c0 22.2 13.1 42.3 33.5 51.3l96 42.2c14.4 6.3 30.7 6.3 45.1 0L288 457.5l113.5 49.9c14.4 6.3 30.7 6.3 45.1 0l96-42.2c20.3-8.9 33.5-29.1 33.5-51.3V294.7c0-23.3-14.4-44.1-36.1-52.4l-96-36.4c-1.3-.5-2.6-.9-3.9-1.3V92.5c0-23.3-14.4-44.1-36.1-52.4l-96-36.4c-12.8-4.8-26.9-4.8-39.7 0l-96 36.4C150.4 48.4 136 69.3 136 92.5zM392 210.6l-82.4 31.2V152.6L392 121v89.6zM154.8 250.9l78.4 29.7L152 311.7 70.8 280.6l78.4-29.7c1.8-.7 3.8-.7 5.7 0zm18.8 204.4V354.8L256 323.2v95.9l-82.4 36.2zM421.2 250.9c1.8-.7 3.8-.7 5.7 0l78.4 29.7L424 311.7l-81.2-31.1 78.4-29.7zM523.2 421.2l-77.6 34.1V354.8L528 323.2v90.7c0 3.2-1.9 6-4.8 7.3z\"\/><\/svg><\/span> Ordini, informazioni sui prezzi e consegne<\/h2>\n\n\t\t<\/div>\n\t<\/div>\n\n\t<div class=\"wpb_text_column wpb_content_element vc_custom_1660735582143\" >\n\t\t<div class=\"wpb_wrapper\">\n\t\t\t<p style=\"text-align: justify;\">Volete ordinare i nostri prodotti, avete bisogno di informazioni sui prezzi o di un preventivo? Il nostro ufficio commerciale \u00e8 sempre a vostra disposizione per telefono o e-mail e pronto a indicarvi un partner commerciale per i prodotti FAKOLITH nella vostra regione.<\/p>\n<p>FAKOLITH Farben \/ Vendite<br \/>\nTel.: +49 (0)6253 \/ 23 94 - 23<br \/>\nE-mail: <a href=\"mailto:vertrieb@fakolith.de\">vertrieb@fakolith.de<\/a><\/p>\n\n\t\t<\/div>\n\t<\/div>\n\n\t<div class=\"wpb_text_column wpb_content_element vc_custom_1649352385527\" >\n\t\t<div class=\"wpb_wrapper\">\n\t\t\t<h2><span  style=\"color:#dd2a1b;margin-right:5px;font-size:28px;\" class=\"wpex-icon\" aria-hidden=\"true\"><svg xmlns=\"http:\/\/www.w3.org\/2000\/svg\" viewBox=\"0 0 512 512\"><path d=\"M256 512A256 256 0 1 0 256 0a256 256 0 1 0 0 512zM216 336h24V272H216c-13.3 0-24-10.7-24-24s10.7-24 24-24h48c13.3 0 24 10.7 24 24v88h8c13.3 0 24 10.7 24 24s-10.7 24-24 24H216c-13.3 0-24-10.7-24-24s10.7-24 24-24zm40-208a32 32 0 1 1 0 64 32 32 0 1 1 0-64z\"\/><\/svg><\/span> Informazioni e assistenza<\/h2>\n\n\t\t<\/div>\n\t<\/div>\n\n\t<div class=\"wpb_text_column wpb_content_element vc_custom_1660735627919\" >\n\t\t<div class=\"wpb_wrapper\">\n\t\t\t<p style=\"text-align: justify;\">Offriamo soluzioni definitive contro muffa e danni da umidit\u00e0. Siete degli addetti ai lavori e avete domande sulla scelta dei rivestimenti, il pretrattamento del sottofondo o l'applicazione dei prodotti FAKOLITH? Il nostro reparto tecnico specializzato \u00e8 a vostra disposizione personalmente per telefono o e-mail.<\/p>\n<p>FAKOLITH Farben \/ Reparto tecnico specializzato<br \/>\nTel.: +49 (0)6253 \/ 23 94 - 18<br \/>\nE-mail: <a href=\"mailto:anwendungstechnik@fakolith.de\">anwendungstechnik@fakolith.de<\/a><\/p>\n\n\t\t<\/div>\n\t<\/div>\n<div class=\"vc_empty_space\"   style=\"height: 32px\"><span class=\"vc_empty_space_inner\"><\/span><\/div><\/div><\/div><\/div><\/div><\/div>[\/vc_column_text][\/vc_column][\/vc_row][vc_row visibility=&#8221;hidden&#8221;][vc_column][vc_column_text]<strong>Schlagw\u00f6rter &#8211; Nicht Sichtbar<\/strong><\/p>\n<p>Aromatenfreie Verd\u00fcnnung f\u00fcr FAKOLITH FK 32, FK 3000 und FK 34<br \/>\nFK37, FK32, FK3000, FK34[\/vc_column_text][\/vc_column][\/vc_row]\n<\/div>","protected":false},"excerpt":{"rendered":"FAKOLITH FK 37 \u2013 diluente privo di sostanze aromatiche per i prodotti FAKOLITH FK 32, FAKOLITH FK 3000 e FAKOLITH FK 34 Ambito di applicazione FAKOLITH FK 37 consente di diluire le pitture FAKOLITH FK 32 e FAKOLITH FK 3000 e il fondo penetrante FAKOLITH FK 34 in base alle specifiche condizioni della superficie da&hellip;","protected":false},"author":1,"featured_media":8344,"parent":6017,"menu_order":59,"comment_status":"closed","ping_status":"closed","template":"","meta":{"inline_featured_image":false,"footnotes":""},"tags":[],"class_list":["post-6350","page","type-page","status-publish","has-post-thumbnail","hentry","entry","has-media"],"yoast_head":"<!-- This site is optimized with the Yoast SEO Premium plugin v27.4 (Yoast SEO v27.4) - https:\/\/yoast.com\/product\/yoast-seo-premium-wordpress\/ -->\n<title>FAKOLITH FK 37 \u2013 diluente<\/title>\n<meta name=\"description\" content=\"diluente privo di sostanze aromatiche per i prodotti FAKOLITH FK 32, FAKOLITH FK 3000 e FAKOLITH FK 34\" \/>\n<meta name=\"robots\" content=\"index, follow, max-snippet:-1, max-image-preview:large, max-video-preview:-1\" \/>\n<link rel=\"canonical\" href=\"https:\/\/www.fakolith.de\/it\/prodotti\/fakolith-fk-37-diluente\/\" \/>\n<meta property=\"og:locale\" content=\"it_IT\" \/>\n<meta property=\"og:type\" content=\"article\" \/>\n<meta property=\"og:title\" content=\"FAKOLITH - Profiprodukte f\u00fcr Schimmelsanierung an Geb\u00e4uden, Hygienebeschichtungen im Gesundheitswesen, FOODGRADE-Produkte in der Lebensmittelindustrie\" \/>\n<meta property=\"og:description\" content=\"FAKOLITH entwickelt und produziert seit \u00fcber 60 Jahren innovative Beschichtungssysteme f\u00fcr professionelle Anwendungen. Heute ist FAKOLITH ein international t\u00e4tiger Hersteller von Qualit\u00e4tsprodukten im Bereich Schimmelschutz und Bautenschutz, Hochwassersch\u00e4den sowie von Farben f\u00fcr das Gesundheitswesen und Beschichtungen f\u00fcr die Lebensmittelindustrie. Die lebensmittelechten FOODGRADE-Produkte, zertifiziert f\u00fcr den Direktkontakt mit Lebensmitteln nach VO (EU) 10\/2011 und FDA 21 CFR 175.300, wurden im Rahmen von internationalen Forschungsprojekten entwickelt und erweitern heute das Produktportfolio der FAKOLITH Gruppe.\" \/>\n<meta property=\"og:url\" content=\"https:\/\/www.fakolith.de\/it\/prodotti\/fakolith-fk-37-diluente\/\" \/>\n<meta property=\"og:site_name\" content=\"Fakolith - Schimmelschutz, Bautenschutz, Hygienebeschichtungen\" \/>\n<meta property=\"article:modified_time\" content=\"2023-11-06T16:02:30+00:00\" \/>\n<meta property=\"og:image\" content=\"https:\/\/www.fakolith.de\/wp-content\/uploads\/fk37-teaser-portfolio.png\" \/>\n\t<meta property=\"og:image:width\" content=\"400\" \/>\n\t<meta property=\"og:image:height\" content=\"250\" \/>\n\t<meta property=\"og:image:type\" content=\"image\/png\" \/>\n<meta name=\"twitter:card\" content=\"summary_large_image\" \/>\n<meta name=\"twitter:label1\" content=\"Tempo di lettura stimato\" \/>\n\t<meta name=\"twitter:data1\" content=\"2 minuti\" \/>\n<script type=\"application\/ld+json\" class=\"yoast-schema-graph\">{\"@context\":\"https:\\\/\\\/schema.org\",\"@graph\":[{\"@type\":\"WebPage\",\"@id\":\"https:\\\/\\\/www.fakolith.de\\\/it\\\/prodotti\\\/fakolith-fk-37-diluente\\\/\",\"url\":\"https:\\\/\\\/www.fakolith.de\\\/it\\\/prodotti\\\/fakolith-fk-37-diluente\\\/\",\"name\":\"FAKOLITH FK 37 \u2013 diluente\",\"isPartOf\":{\"@id\":\"https:\\\/\\\/www.fakolith.de\\\/it\\\/#website\"},\"primaryImageOfPage\":{\"@id\":\"https:\\\/\\\/www.fakolith.de\\\/it\\\/prodotti\\\/fakolith-fk-37-diluente\\\/#primaryimage\"},\"image\":{\"@id\":\"https:\\\/\\\/www.fakolith.de\\\/it\\\/prodotti\\\/fakolith-fk-37-diluente\\\/#primaryimage\"},\"thumbnailUrl\":\"https:\\\/\\\/www.fakolith.de\\\/wp-content\\\/uploads\\\/fk37-teaser-portfolio.png\",\"datePublished\":\"2022-08-17T13:34:25+00:00\",\"dateModified\":\"2023-11-06T16:02:30+00:00\",\"description\":\"diluente privo di sostanze aromatiche per i prodotti FAKOLITH FK 32, FAKOLITH FK 3000 e FAKOLITH FK 34\",\"breadcrumb\":{\"@id\":\"https:\\\/\\\/www.fakolith.de\\\/it\\\/prodotti\\\/fakolith-fk-37-diluente\\\/#breadcrumb\"},\"inLanguage\":\"it-IT\",\"potentialAction\":[{\"@type\":\"ReadAction\",\"target\":[\"https:\\\/\\\/www.fakolith.de\\\/it\\\/prodotti\\\/fakolith-fk-37-diluente\\\/\"]}]},{\"@type\":\"ImageObject\",\"inLanguage\":\"it-IT\",\"@id\":\"https:\\\/\\\/www.fakolith.de\\\/it\\\/prodotti\\\/fakolith-fk-37-diluente\\\/#primaryimage\",\"url\":\"https:\\\/\\\/www.fakolith.de\\\/wp-content\\\/uploads\\\/fk37-teaser-portfolio.png\",\"contentUrl\":\"https:\\\/\\\/www.fakolith.de\\\/wp-content\\\/uploads\\\/fk37-teaser-portfolio.png\",\"width\":400,\"height\":250,\"caption\":\"FK 37 Verd\u00fcnnung\"},{\"@type\":\"BreadcrumbList\",\"@id\":\"https:\\\/\\\/www.fakolith.de\\\/it\\\/prodotti\\\/fakolith-fk-37-diluente\\\/#breadcrumb\",\"itemListElement\":[{\"@type\":\"ListItem\",\"position\":1,\"name\":\"Startseite\",\"item\":\"https:\\\/\\\/www.fakolith.de\\\/it\\\/\"},{\"@type\":\"ListItem\",\"position\":2,\"name\":\"Prodotti\",\"item\":\"https:\\\/\\\/www.fakolith.de\\\/it\\\/prodotti\\\/\"},{\"@type\":\"ListItem\",\"position\":3,\"name\":\"FAKOLITH FK 37\"}]},{\"@type\":\"WebSite\",\"@id\":\"https:\\\/\\\/www.fakolith.de\\\/it\\\/#website\",\"url\":\"https:\\\/\\\/www.fakolith.de\\\/it\\\/\",\"name\":\"Fakolith - Schimmelschutz, Bautenschutz, Hygienebeschichtungen\",\"description\":\"\",\"publisher\":{\"@id\":\"https:\\\/\\\/www.fakolith.de\\\/it\\\/#organization\"},\"potentialAction\":[{\"@type\":\"SearchAction\",\"target\":{\"@type\":\"EntryPoint\",\"urlTemplate\":\"https:\\\/\\\/www.fakolith.de\\\/it\\\/?s={search_term_string}\"},\"query-input\":{\"@type\":\"PropertyValueSpecification\",\"valueRequired\":true,\"valueName\":\"search_term_string\"}}],\"inLanguage\":\"it-IT\"},{\"@type\":\"Organization\",\"@id\":\"https:\\\/\\\/www.fakolith.de\\\/it\\\/#organization\",\"name\":\"FAKOLITH Farben GmbH\",\"url\":\"https:\\\/\\\/www.fakolith.de\\\/it\\\/\",\"logo\":{\"@type\":\"ImageObject\",\"inLanguage\":\"it-IT\",\"@id\":\"https:\\\/\\\/www.fakolith.de\\\/it\\\/#\\\/schema\\\/logo\\\/image\\\/\",\"url\":\"https:\\\/\\\/www.fakolith.de\\\/wp-content\\\/uploads\\\/2021\\\/03\\\/FAKOLITH-Logo.png\",\"contentUrl\":\"https:\\\/\\\/www.fakolith.de\\\/wp-content\\\/uploads\\\/2021\\\/03\\\/FAKOLITH-Logo.png\",\"width\":920,\"height\":185,\"caption\":\"FAKOLITH Farben GmbH\"},\"image\":{\"@id\":\"https:\\\/\\\/www.fakolith.de\\\/it\\\/#\\\/schema\\\/logo\\\/image\\\/\"},\"sameAs\":[\"https:\\\/\\\/de.linkedin.com\\\/company\\\/fakolith-hygienic-paints\",\"https:\\\/\\\/www.youtube.com\\\/channel\\\/UCMZ_L-Ut3xtVeWryvOYjaew\"],\"description\":\"Als Hersteller chemischer Produkte produziert FAKOLITH alle Produkte in Deutschland und Spanien. Gemeinsam mit der spanischen Tochterfirma FAKOLITH CHEMICAL SYSTEMS ist FAKOLITH seit 2006 nach dem Qualit\u00e4tsmanagementsystem DIN EN ISO 9001:2015 zertifiziert.\",\"email\":\"info@fakolith.de\",\"telephone\":\"+49 (0)6253 \\\/ 2394-0\",\"legalName\":\"FAKOLITH Farben GmbH\",\"vatID\":\"DE 111629099\",\"numberOfEmployees\":{\"@type\":\"QuantitativeValue\",\"minValue\":\"11\",\"maxValue\":\"50\"}}]}<\/script>\n<!-- \/ Yoast SEO Premium plugin. -->","yoast_head_json":{"title":"FAKOLITH FK 37 \u2013 diluente","description":"diluente privo di sostanze aromatiche per i prodotti FAKOLITH FK 32, FAKOLITH FK 3000 e FAKOLITH FK 34","robots":{"index":"index","follow":"follow","max-snippet":"max-snippet:-1","max-image-preview":"max-image-preview:large","max-video-preview":"max-video-preview:-1"},"canonical":"https:\/\/www.fakolith.de\/it\/prodotti\/fakolith-fk-37-diluente\/","og_locale":"it_IT","og_type":"article","og_title":"FAKOLITH - Profiprodukte f\u00fcr Schimmelsanierung an Geb\u00e4uden, Hygienebeschichtungen im Gesundheitswesen, FOODGRADE-Produkte in der Lebensmittelindustrie","og_description":"FAKOLITH entwickelt und produziert seit \u00fcber 60 Jahren innovative Beschichtungssysteme f\u00fcr professionelle Anwendungen. Heute ist FAKOLITH ein international t\u00e4tiger Hersteller von Qualit\u00e4tsprodukten im Bereich Schimmelschutz und Bautenschutz, Hochwassersch\u00e4den sowie von Farben f\u00fcr das Gesundheitswesen und Beschichtungen f\u00fcr die Lebensmittelindustrie. Die lebensmittelechten FOODGRADE-Produkte, zertifiziert f\u00fcr den Direktkontakt mit Lebensmitteln nach VO (EU) 10\/2011 und FDA 21 CFR 175.300, wurden im Rahmen von internationalen Forschungsprojekten entwickelt und erweitern heute das Produktportfolio der FAKOLITH Gruppe.","og_url":"https:\/\/www.fakolith.de\/it\/prodotti\/fakolith-fk-37-diluente\/","og_site_name":"Fakolith - Schimmelschutz, Bautenschutz, Hygienebeschichtungen","article_modified_time":"2023-11-06T16:02:30+00:00","og_image":[{"width":400,"height":250,"url":"https:\/\/www.fakolith.de\/wp-content\/uploads\/fk37-teaser-portfolio.png","type":"image\/png"}],"twitter_card":"summary_large_image","twitter_misc":{"Tempo di lettura stimato":"2 minuti"},"schema":{"@context":"https:\/\/schema.org","@graph":[{"@type":"WebPage","@id":"https:\/\/www.fakolith.de\/it\/prodotti\/fakolith-fk-37-diluente\/","url":"https:\/\/www.fakolith.de\/it\/prodotti\/fakolith-fk-37-diluente\/","name":"FAKOLITH FK 37 \u2013 diluente","isPartOf":{"@id":"https:\/\/www.fakolith.de\/it\/#website"},"primaryImageOfPage":{"@id":"https:\/\/www.fakolith.de\/it\/prodotti\/fakolith-fk-37-diluente\/#primaryimage"},"image":{"@id":"https:\/\/www.fakolith.de\/it\/prodotti\/fakolith-fk-37-diluente\/#primaryimage"},"thumbnailUrl":"https:\/\/www.fakolith.de\/wp-content\/uploads\/fk37-teaser-portfolio.png","datePublished":"2022-08-17T13:34:25+00:00","dateModified":"2023-11-06T16:02:30+00:00","description":"diluente privo di sostanze aromatiche per i prodotti FAKOLITH FK 32, FAKOLITH FK 3000 e FAKOLITH FK 34","breadcrumb":{"@id":"https:\/\/www.fakolith.de\/it\/prodotti\/fakolith-fk-37-diluente\/#breadcrumb"},"inLanguage":"it-IT","potentialAction":[{"@type":"ReadAction","target":["https:\/\/www.fakolith.de\/it\/prodotti\/fakolith-fk-37-diluente\/"]}]},{"@type":"ImageObject","inLanguage":"it-IT","@id":"https:\/\/www.fakolith.de\/it\/prodotti\/fakolith-fk-37-diluente\/#primaryimage","url":"https:\/\/www.fakolith.de\/wp-content\/uploads\/fk37-teaser-portfolio.png","contentUrl":"https:\/\/www.fakolith.de\/wp-content\/uploads\/fk37-teaser-portfolio.png","width":400,"height":250,"caption":"FK 37 Verd\u00fcnnung"},{"@type":"BreadcrumbList","@id":"https:\/\/www.fakolith.de\/it\/prodotti\/fakolith-fk-37-diluente\/#breadcrumb","itemListElement":[{"@type":"ListItem","position":1,"name":"Startseite","item":"https:\/\/www.fakolith.de\/it\/"},{"@type":"ListItem","position":2,"name":"Prodotti","item":"https:\/\/www.fakolith.de\/it\/prodotti\/"},{"@type":"ListItem","position":3,"name":"FAKOLITH FK 37"}]},{"@type":"WebSite","@id":"https:\/\/www.fakolith.de\/it\/#website","url":"https:\/\/www.fakolith.de\/it\/","name":"Fakolith - Schimmelschutz, Bautenschutz, Hygienebeschichtungen","description":"","publisher":{"@id":"https:\/\/www.fakolith.de\/it\/#organization"},"potentialAction":[{"@type":"SearchAction","target":{"@type":"EntryPoint","urlTemplate":"https:\/\/www.fakolith.de\/it\/?s={search_term_string}"},"query-input":{"@type":"PropertyValueSpecification","valueRequired":true,"valueName":"search_term_string"}}],"inLanguage":"it-IT"},{"@type":"Organization","@id":"https:\/\/www.fakolith.de\/it\/#organization","name":"FAKOLITH Farben GmbH","url":"https:\/\/www.fakolith.de\/it\/","logo":{"@type":"ImageObject","inLanguage":"it-IT","@id":"https:\/\/www.fakolith.de\/it\/#\/schema\/logo\/image\/","url":"https:\/\/www.fakolith.de\/wp-content\/uploads\/2021\/03\/FAKOLITH-Logo.png","contentUrl":"https:\/\/www.fakolith.de\/wp-content\/uploads\/2021\/03\/FAKOLITH-Logo.png","width":920,"height":185,"caption":"FAKOLITH Farben GmbH"},"image":{"@id":"https:\/\/www.fakolith.de\/it\/#\/schema\/logo\/image\/"},"sameAs":["https:\/\/de.linkedin.com\/company\/fakolith-hygienic-paints","https:\/\/www.youtube.com\/channel\/UCMZ_L-Ut3xtVeWryvOYjaew"],"description":"Als Hersteller chemischer Produkte produziert FAKOLITH alle Produkte in Deutschland und Spanien. Gemeinsam mit der spanischen Tochterfirma FAKOLITH CHEMICAL SYSTEMS ist FAKOLITH seit 2006 nach dem Qualit\u00e4tsmanagementsystem DIN EN ISO 9001:2015 zertifiziert.","email":"info@fakolith.de","telephone":"+49 (0)6253 \/ 2394-0","legalName":"FAKOLITH Farben GmbH","vatID":"DE 111629099","numberOfEmployees":{"@type":"QuantitativeValue","minValue":"11","maxValue":"50"}}]}},"_links":{"self":[{"href":"https:\/\/www.fakolith.de\/it\/wp-json\/wp\/v2\/pages\/6350","targetHints":{"allow":["GET"]}}],"collection":[{"href":"https:\/\/www.fakolith.de\/it\/wp-json\/wp\/v2\/pages"}],"about":[{"href":"https:\/\/www.fakolith.de\/it\/wp-json\/wp\/v2\/types\/page"}],"author":[{"embeddable":true,"href":"https:\/\/www.fakolith.de\/it\/wp-json\/wp\/v2\/users\/1"}],"replies":[{"embeddable":true,"href":"https:\/\/www.fakolith.de\/it\/wp-json\/wp\/v2\/comments?post=6350"}],"version-history":[{"count":0,"href":"https:\/\/www.fakolith.de\/it\/wp-json\/wp\/v2\/pages\/6350\/revisions"}],"up":[{"embeddable":true,"href":"https:\/\/www.fakolith.de\/it\/wp-json\/wp\/v2\/pages\/6017"}],"wp:featuredmedia":[{"embeddable":true,"href":"https:\/\/www.fakolith.de\/it\/wp-json\/wp\/v2\/media\/8344"}],"wp:attachment":[{"href":"https:\/\/www.fakolith.de\/it\/wp-json\/wp\/v2\/media?parent=6350"}],"wp:term":[{"taxonomy":"post_tag","embeddable":true,"href":"https:\/\/www.fakolith.de\/it\/wp-json\/wp\/v2\/tags?post=6350"}],"curies":[{"name":"wp","href":"https:\/\/api.w.org\/{rel}","templated":true}]}}