{"id":6356,"date":"2022-08-17T15:34:27","date_gmt":"2022-08-17T13:34:27","guid":{"rendered":"https:\/\/www.fakolith.de\/?page_id=6356"},"modified":"2026-01-26T09:40:33","modified_gmt":"2026-01-26T08:40:33","slug":"disperlith-hygienic","status":"publish","type":"page","link":"https:\/\/www.fakolith.de\/it\/prodotti\/disperlith-hygienic\/","title":{"rendered":"DISPERLITH HYGIENIC"},"content":{"rendered":"<div class=\"wpb-content-wrapper\">[vc_row full_width=&#8221;stretch_row_content_no_spaces&#8221; css=&#8221;.vc_custom_1617288255146{margin-bottom: 0px !important;padding-bottom: 0px !important;}&#8221;][vc_column css=&#8221;.vc_custom_1617288267876{margin-bottom: 0px !important;padding-bottom: 0px !important;}&#8221;][vc_single_image image=&#8221;6019&#8243; img_size=&#8221;2500x350px&#8221;][\/vc_column][\/vc_row][vc_row][vc_column][vc_column_text css=&#8221;.vc_custom_1649363813857{padding-top: 20px !important;}&#8221;]\n<h1>DISPERLITH HYGIENIC \u2013 rivestimento igienico resistente certificato ECO-Label con preservante per pellicole contro muffa, virus e batteri<\/h1>\n[\/vc_column_text][vc_column_text css=&#8221;.vc_custom_1649363824754{padding-top: 20px !important;}&#8221;]\n<h2 style=\"text-align: left;\">Ambito di applicazione<\/h2>\n[\/vc_column_text][vc_column_text css=&#8221;.vc_custom_1649363852059{padding-top: 20px !important;}&#8221;]\n<p style=\"text-align: justify;\">DISPERLITH HYGIENIC \u00e8 una pittura in dispersione per interni certificata ECO-Label, ad elevata permeabilit\u00e0 al vapore acqueo. Grazie alle sue propriet\u00e0 antivirali e antibatteriche, il rivestimento DISPERLITH HYGIENIC \u00e8 particolarmente indicato per i locali il cui uso previsto impone il rispetto di stringenti requisiti a livello di igiene e protezione della salute, ad esempio in aree di rilevanza medica, ambulatori, case di riposo, laboratori, ospedali.<\/p>\n<p>La tecnologia BLUE-BIO.FILM.STOP protegge la superficie trattata con DISPERLITH HYGIENIC contro muffa, virus e batteri.<\/p>\n[\/vc_column_text][vc_empty_space height=&#8221;40px&#8221;][vc_separator][vc_row_inner][vc_column_inner width=&#8221;1\/2&#8243;][vc_column_text css=&#8221;.vc_custom_1649363864800{padding-top: 20px !important;}&#8221;]\n<h2 style=\"text-align: left;\">Base<\/h2>\n[\/vc_column_text][vc_column_text css=&#8221;.vc_custom_1649363878168{padding-top: 20px !important;}&#8221;]\n<ul>\n<li>Dispersione acrilica pura a base di etilene vinil acetato con preservante per pellicole (tecnologia BLUE-BIO.FILM.STOP)<\/li>\n<\/ul>\n[\/vc_column_text][vc_column_text css=&#8221;.vc_custom_1649363892974{padding-top: 20px !important;}&#8221;]\n<h2 style=\"text-align: left;\">Caratteristiche \/ propriet\u00e0 del prodotto<\/h2>\n[\/vc_column_text][vc_column_text css=&#8221;.vc_custom_1649363934523{padding-top: 20px !important;}&#8221;]\n<ul>\n<li>Protezione della superficie contro muffa, virus e batteri grazie alla tecnologia testata BLUE-BIO.FILM.STOP (DIN EN 15457:2014-11, ISO 21702:2019-05, ISO 22196:2011-08)<\/li>\n<li>Premiato con il marchio di qualit\u00e0 ambientale \u201cECO Label\u201d<\/li>\n<li>Raccomandato dall\u2019Associazione federale tedesca degli ispettori alimentari (BVLK)<\/li>\n<li>A base acqua e senza solventi<\/li>\n<li>Odore blando<\/li>\n<li>Colore: bianco, colorazione su richiesta<\/li>\n<li>Bianco brillante e altamente coprente<\/li>\n<li>Permeabilit\u00e0 al vapore acqueo = 0,035 m<\/li>\n<li>Assorbimento d\u2019acqua = W1 = 0,9 kg\/(m\u00b2 x h0,5)<\/li>\n<li>Potere coprente classe 1 (5 m\u00b2\/L)<\/li>\n<li>Resistenza all&#8217;abrasione a umido classe 1 (DIN 53778)<\/li>\n<li>Grado di brillantezza: opaco (DIN EN 13 300)<\/li>\n<\/ul>\n[\/vc_column_text][vc_column_text css=&#8221;.vc_custom_1649363945113{padding-top: 20px !important;}&#8221;]\n<h2 style=\"text-align: left;\">Applicazione<\/h2>\n[\/vc_column_text][vc_column_text css=&#8221;.vc_custom_1649363965187{padding-top: 20px !important;}&#8221;]\n<ul>\n<li>Applicazione a partire da +10\u00b0C<\/li>\n<li>Applicazione a pennello, rullo o spruzzo airless<\/li>\n<li>Tempo di asciugatura tra una mano e l\u2019altra circa 2 ore, completamente asciutto e caricabile dopo 48 ore (20\u00b0C\/um. rel. 60%)<\/li>\n<li>Diluibile con acqua<\/li>\n<li>Resa: circa 250 ml\/m\u00b2<\/li>\n<\/ul>\n[\/vc_column_text][vc_column_text css=&#8221;.vc_custom_1649363977842{padding-top: 20px !important;}&#8221;]\n<h2 style=\"text-align: left;\">Formato contenitori<\/h2>\n[\/vc_column_text][vc_column_text css=&#8221;.vc_custom_1624445113675{padding-top: 20px !important;}&#8221;]\n<ul>\n<li>5 L<\/li>\n<li>12,5 L<\/li>\n<\/ul>\n[\/vc_column_text][vc_column_text css=&#8221;.vc_custom_1649363993737{padding-top: 20px !important;}&#8221;]\n<h2>Materiali scaricabili sul prodotto<\/h2>\n[\/vc_column_text][vc_column_text css=&#8221;.vc_custom_1769416828031{padding-top: 20px !important;}&#8221; el_class=&#8221;downloads&#8221;]\n<ul>\n<li><a href=\"https:\/\/www.fakolith.de\/wp-content\/uploads\/FAKOLITH-TM-DISPERLITH-HYGIENIC-Pittura-a-dispersione-con-biofilm-stop-ECO-Lable-VO-EU-852-2004.pdf\" target=\"_blank\" rel=\"noopener\">Scheda tecnica (PDF)<\/a><\/li>\n<li><a href=\"https:\/\/www.fakolith.de\/wp-content\/uploads\/FAKOLITH-DISPERLITH-HYGIENIC-Sicherheitsdatenblatt-DE.pdf\" target=\"_blank\" rel=\"noopener\">Scheda di sicurezza (PDF \/ tedesco)<\/a><\/li>\n<li><a href=\"https:\/\/www.fakolith.de\/wp-content\/uploads\/FAKOLITH_Certificate-EU-Ecolabel-DISPERLITH-HYGIENIC.pdf\" target=\"_blank\" rel=\"noopener\">Certificato &#8211; Etichetta ECO (PDF \/ tedesco)<\/a><\/li>\n<\/ul>\n[\/vc_column_text][vc_empty_space height=&#8221;10px&#8221;][\/vc_column_inner][vc_column_inner width=&#8221;1\/2&#8243;][vc_empty_space height=&#8221;50px&#8221;][vc_single_image image=&#8221;6893&#8243; onclick=&#8221;link_image&#8221; css=&#8221;.vc_custom_1651487199324{padding-top: 30px !important;}&#8221; el_class=&#8221;product-image&#8221; img_hover=&#8221;opacity&#8221;][vc_empty_space height=&#8221;25px&#8221;][vc_column_text]\n<p><center><img loading=\"lazy\" decoding=\"async\" class=\"alignnone size-full wp-image-2597\" src=\"https:\/\/www.fakolith.de\/wp-content\/uploads\/Innenanwendung.png\" alt=\"\" width=\"75\" height=\"75\" \/>\u00a0 \u00a0 <img loading=\"lazy\" decoding=\"async\" class=\"alignnone size-full wp-image-2627\" src=\"https:\/\/www.fakolith.de\/wp-content\/uploads\/Deckkraft1.png\" alt=\"\" width=\"75\" height=\"75\" \/>\u00a0 \u00a0 <img loading=\"lazy\" decoding=\"async\" class=\"alignnone size-full wp-image-2594\" src=\"https:\/\/www.fakolith.de\/wp-content\/uploads\/Feuchtraumgeeignet1.png\" alt=\"\" width=\"75\" height=\"75\" \/>\u00a0 \u00a0 <img loading=\"lazy\" decoding=\"async\" class=\"alignnone size-full wp-image-2599\" src=\"https:\/\/www.fakolith.de\/wp-content\/uploads\/Nassabriebsklasse1.png\" alt=\"\" width=\"75\" height=\"75\" \/><\/center>[\/vc_column_text][vc_empty_space height=&#8221;10px&#8221;][vc_column_text]\n<p><center><img loading=\"lazy\" decoding=\"async\" class=\"alignnone size-full wp-image-2603\" src=\"https:\/\/www.fakolith.de\/wp-content\/uploads\/StreichenRollenSpritzen.png\" alt=\"\" width=\"75\" height=\"75\" \/>\u00a0 \u00a0 <img loading=\"lazy\" decoding=\"async\" class=\"alignnone size-full wp-image-2607\" src=\"https:\/\/www.fakolith.de\/wp-content\/uploads\/Wasserverduennbar.png\" alt=\"\" width=\"75\" height=\"75\" \/>\u00a0 \u00a0 <img loading=\"lazy\" decoding=\"async\" class=\"alignnone size-full wp-image-2616\" src=\"https:\/\/www.fakolith.de\/wp-content\/uploads\/Verarbeitung-10Grad.png\" alt=\"\" width=\"75\" height=\"75\" \/><\/center>[\/vc_column_text][vc_empty_space height=&#8221;25px&#8221;][vc_column_text]\n<p><center><img loading=\"lazy\" decoding=\"async\" class=\"alignnone wp-image-2501\" src=\"https:\/\/www.fakolith.de\/wp-content\/uploads\/biofilmstop-logo_blau-150.png\" alt=\"\" width=\"120\" height=\"120\" \/>\u00a0 <img loading=\"lazy\" decoding=\"async\" class=\"alignnone wp-image-2507\" src=\"https:\/\/www.fakolith.de\/wp-content\/uploads\/CLIP-0163B77A-300x300.jpg\" alt=\"\" width=\"120\" height=\"120\" srcset=\"https:\/\/www.fakolith.de\/wp-content\/uploads\/CLIP-0163B77A-300x300.jpg 300w, https:\/\/www.fakolith.de\/wp-content\/uploads\/CLIP-0163B77A-150x150.jpg 150w, https:\/\/www.fakolith.de\/wp-content\/uploads\/CLIP-0163B77A.jpg 539w\" sizes=\"auto, (max-width: 120px) 100vw, 120px\" \/><\/center>[\/vc_column_text][vc_column_text]\n<p><center><a href=\"https:\/\/www.fakolith.de\/legende\/\"><img loading=\"lazy\" decoding=\"async\" class=\"alignnone wp-image-2099\" src=\"https:\/\/www.fakolith.de\/wp-content\/uploads\/bvlk-logo-mit-zusatz-de.png\" alt=\"\" width=\"126\" height=\"200\" \/><\/a><\/center>[\/vc_column_text][\/vc_column_inner][\/vc_row_inner][vc_separator][vc_column_text css=&#8221;.vc_custom_1649364022818{padding-top: 20px !important;}&#8221;]<div class=\"templatera_shortcode\"><style type=\"text\/css\" data-type=\"vc_shortcodes-custom-css\">.vc_custom_1660735726824{padding-top: 20px !important;}.vc_custom_1660735765959{padding-top: 20px !important;}.vc_custom_1649339307625{padding-top: 20px !important;}.vc_custom_1660735813689{padding-top: 20px !important;}<\/style><div class=\"vc_row wpb_row vc_row-fluid wpex-relative\"><div class=\"wpb_column vc_column_container vc_col-sm-12\"><div class=\"vc_column-inner\"><div class=\"wpb_wrapper\">\n\t<div class=\"wpb_text_column wpb_content_element vc_custom_1660735726824\" >\n\t\t<div class=\"wpb_wrapper\">\n\t\t\t<h2><span  style=\"color:#dd2a1b;margin-right:5px;font-size:28px;\" class=\"wpex-icon\" aria-hidden=\"true\"><svg xmlns=\"http:\/\/www.w3.org\/2000\/svg\" viewBox=\"0 0 576 512\"><path d=\"M290.8 48.6l78.4 29.7L288 109.5 206.8 78.3l78.4-29.7c1.8-.7 3.8-.7 5.7 0zM136 92.5V204.7c-1.3 .4-2.6 .8-3.9 1.3l-96 36.4C14.4 250.6 0 271.5 0 294.7V413.9c0 22.2 13.1 42.3 33.5 51.3l96 42.2c14.4 6.3 30.7 6.3 45.1 0L288 457.5l113.5 49.9c14.4 6.3 30.7 6.3 45.1 0l96-42.2c20.3-8.9 33.5-29.1 33.5-51.3V294.7c0-23.3-14.4-44.1-36.1-52.4l-96-36.4c-1.3-.5-2.6-.9-3.9-1.3V92.5c0-23.3-14.4-44.1-36.1-52.4l-96-36.4c-12.8-4.8-26.9-4.8-39.7 0l-96 36.4C150.4 48.4 136 69.3 136 92.5zM392 210.6l-82.4 31.2V152.6L392 121v89.6zM154.8 250.9l78.4 29.7L152 311.7 70.8 280.6l78.4-29.7c1.8-.7 3.8-.7 5.7 0zm18.8 204.4V354.8L256 323.2v95.9l-82.4 36.2zM421.2 250.9c1.8-.7 3.8-.7 5.7 0l78.4 29.7L424 311.7l-81.2-31.1 78.4-29.7zM523.2 421.2l-77.6 34.1V354.8L528 323.2v90.7c0 3.2-1.9 6-4.8 7.3z\"\/><\/svg><\/span> Ordini, informazioni sui prezzi e consegne<\/h2>\n\n\t\t<\/div>\n\t<\/div>\n\n\t<div class=\"wpb_text_column wpb_content_element vc_custom_1660735765959\" >\n\t\t<div class=\"wpb_wrapper\">\n\t\t\t<p><span style=\"font-family: Tahoma;\">Volete ordinare i nostri prodotti, avete bisogno di un preventivo o avete domande sul processo di ordinazione? Il nostro ufficio vendite sar\u00e0 lieto di assistervi personalmente per telefono o via e-mail.<\/span><\/p>\n<p>FAKOLITH Farben \/ Vendite<br \/>\nTel.: +49 (0)6253 \/ 23 94 - 23<br \/>\nE-mail: <a href=\"mailto:vertrieb@fakolith.de\">vertrieb@fakolith.de<\/a><\/p>\n\n\t\t<\/div>\n\t<\/div>\n\n\t<div class=\"wpb_text_column wpb_content_element vc_custom_1649339307625\" >\n\t\t<div class=\"wpb_wrapper\">\n\t\t\t<h2><span  style=\"color:#dd2a1b;margin-right:5px;font-size:28px;\" class=\"wpex-icon\" aria-hidden=\"true\"><svg xmlns=\"http:\/\/www.w3.org\/2000\/svg\" viewBox=\"0 0 512 512\"><path d=\"M256 512A256 256 0 1 0 256 0a256 256 0 1 0 0 512zM216 336h24V272H216c-13.3 0-24-10.7-24-24s10.7-24 24-24h48c13.3 0 24 10.7 24 24v88h8c13.3 0 24 10.7 24 24s-10.7 24-24 24H216c-13.3 0-24-10.7-24-24s10.7-24 24-24zm40-208a32 32 0 1 1 0 64 32 32 0 1 1 0-64z\"\/><\/svg><\/span> Informazioni e assistenza<\/h2>\n\n\t\t<\/div>\n\t<\/div>\n\n\t<div class=\"wpb_text_column wpb_content_element vc_custom_1660735813689\" >\n\t\t<div class=\"wpb_wrapper\">\n\t\t\t<p>Conosciamo i requisiti delle superfici negli impianti di trasformazione alimentare e forniamo soluzioni di rivestimento funzionali. Avete poco tempo da dedicare ai lavori? Avete domande sulla scelta dei rivestimenti, il pretrattamento del sottofondo o l'applicazione dei prodotti FAKOLITH? Il nostro reparto tecnico specializzato \u00e8 a vostra disposizione personalmente per telefono o e-mail.<\/p>\n<p>FAKOLITH Farben \/ Reparto tecnico specializzato<br \/>\nTel.: +49 (0)6253 \/ 23 94 - 18<br \/>\nE-mail: <a href=\"mailto:anwendungstechnik@fakolith.de\">anwendungstechnik@fakolith.de<\/a><\/p>\n\n\t\t<\/div>\n\t<\/div>\n<div class=\"vc_empty_space\"   style=\"height: 32px\"><span class=\"vc_empty_space_inner\"><\/span><\/div><\/div><\/div><\/div><\/div><\/div>[\/vc_column_text][\/vc_column][\/vc_row][vc_row visibility=&#8221;hidden&#8221;][vc_column][vc_column_text]<strong>Schlagw\u00f6rter &#8211; Nicht Sichtbar<\/strong><\/p>\n<p>Hygienebeschichtung mit ECO-Label und hohem Gesundheitsschutz<br \/>\ndisperlit, disperlith-hygienic, disperlithhygienic<br \/>\n[\/vc_column_text][\/vc_column][\/vc_row]\n<\/div>","protected":false},"excerpt":{"rendered":"DISPERLITH HYGIENIC \u2013 rivestimento igienico resistente certificato ECO-Label con preservante per pellicole contro muffa, virus e batteri Ambito di applicazione DISPERLITH HYGIENIC \u00e8 una pittura in dispersione per interni certificata ECO-Label, ad elevata permeabilit\u00e0 al vapore acqueo. Grazie alle sue propriet\u00e0 antivirali e antibatteriche, il rivestimento DISPERLITH HYGIENIC \u00e8 particolarmente indicato per i locali il&hellip;","protected":false},"author":1,"featured_media":0,"parent":6017,"menu_order":115,"comment_status":"closed","ping_status":"closed","template":"","meta":{"inline_featured_image":false,"footnotes":""},"tags":[],"class_list":["post-6356","page","type-page","status-publish","hentry","entry","no-media"],"yoast_head":"<!-- This site is optimized with the Yoast SEO Premium plugin v27.4 (Yoast SEO v27.4) - https:\/\/yoast.com\/product\/yoast-seo-premium-wordpress\/ -->\n<title>DISPERLITH HYGIENIC<\/title>\n<meta name=\"description\" content=\"rivestimento igienico resistente certificato ECO-Label con preservante per pellicole contro muffa, virus e batteri\" \/>\n<meta name=\"robots\" content=\"index, follow, max-snippet:-1, max-image-preview:large, max-video-preview:-1\" \/>\n<link rel=\"canonical\" href=\"https:\/\/www.fakolith.de\/it\/prodotti\/disperlith-hygienic\/\" \/>\n<meta property=\"og:locale\" content=\"it_IT\" \/>\n<meta property=\"og:type\" content=\"article\" \/>\n<meta property=\"og:title\" content=\"FAKOLITH - Profiprodukte f\u00fcr Schimmelsanierung an Geb\u00e4uden, Hygienebeschichtungen im Gesundheitswesen, FOODGRADE-Produkte in der Lebensmittelindustrie\" \/>\n<meta property=\"og:description\" content=\"FAKOLITH entwickelt und produziert seit \u00fcber 60 Jahren innovative Beschichtungssysteme f\u00fcr professionelle Anwendungen. Heute ist FAKOLITH ein international t\u00e4tiger Hersteller von Qualit\u00e4tsprodukten im Bereich Schimmelschutz und Bautenschutz, Hochwassersch\u00e4den sowie von Farben f\u00fcr das Gesundheitswesen und Beschichtungen f\u00fcr die Lebensmittelindustrie. Die lebensmittelechten FOODGRADE-Produkte, zertifiziert f\u00fcr den Direktkontakt mit Lebensmitteln nach VO (EU) 10\/2011 und FDA 21 CFR 175.300, wurden im Rahmen von internationalen Forschungsprojekten entwickelt und erweitern heute das Produktportfolio der FAKOLITH Gruppe.\" \/>\n<meta property=\"og:url\" content=\"https:\/\/www.fakolith.de\/it\/prodotti\/disperlith-hygienic\/\" \/>\n<meta property=\"og:site_name\" content=\"Fakolith - Schimmelschutz, Bautenschutz, Hygienebeschichtungen\" \/>\n<meta property=\"article:modified_time\" content=\"2026-01-26T08:40:33+00:00\" \/>\n<meta property=\"og:image\" content=\"https:\/\/www.fakolith.de\/wp-content\/uploads\/Innenanwendung.png\" \/>\n<meta name=\"twitter:card\" content=\"summary_large_image\" \/>\n<meta name=\"twitter:label1\" content=\"Tempo di lettura stimato\" \/>\n\t<meta name=\"twitter:data1\" content=\"5 minuti\" \/>\n<script type=\"application\/ld+json\" class=\"yoast-schema-graph\">{\"@context\":\"https:\\\/\\\/schema.org\",\"@graph\":[{\"@type\":\"WebPage\",\"@id\":\"https:\\\/\\\/www.fakolith.de\\\/it\\\/prodotti\\\/disperlith-hygienic\\\/\",\"url\":\"https:\\\/\\\/www.fakolith.de\\\/it\\\/prodotti\\\/disperlith-hygienic\\\/\",\"name\":\"DISPERLITH HYGIENIC\",\"isPartOf\":{\"@id\":\"https:\\\/\\\/www.fakolith.de\\\/it\\\/#website\"},\"primaryImageOfPage\":{\"@id\":\"https:\\\/\\\/www.fakolith.de\\\/it\\\/prodotti\\\/disperlith-hygienic\\\/#primaryimage\"},\"image\":{\"@id\":\"https:\\\/\\\/www.fakolith.de\\\/it\\\/prodotti\\\/disperlith-hygienic\\\/#primaryimage\"},\"thumbnailUrl\":\"https:\\\/\\\/www.fakolith.de\\\/wp-content\\\/uploads\\\/Innenanwendung.png\",\"datePublished\":\"2022-08-17T13:34:27+00:00\",\"dateModified\":\"2026-01-26T08:40:33+00:00\",\"description\":\"rivestimento igienico resistente certificato ECO-Label con preservante per pellicole contro muffa, virus e batteri\",\"breadcrumb\":{\"@id\":\"https:\\\/\\\/www.fakolith.de\\\/it\\\/prodotti\\\/disperlith-hygienic\\\/#breadcrumb\"},\"inLanguage\":\"it-IT\",\"potentialAction\":[{\"@type\":\"ReadAction\",\"target\":[\"https:\\\/\\\/www.fakolith.de\\\/it\\\/prodotti\\\/disperlith-hygienic\\\/\"]}]},{\"@type\":\"ImageObject\",\"inLanguage\":\"it-IT\",\"@id\":\"https:\\\/\\\/www.fakolith.de\\\/it\\\/prodotti\\\/disperlith-hygienic\\\/#primaryimage\",\"url\":\"https:\\\/\\\/www.fakolith.de\\\/wp-content\\\/uploads\\\/Innenanwendung.png\",\"contentUrl\":\"https:\\\/\\\/www.fakolith.de\\\/wp-content\\\/uploads\\\/Innenanwendung.png\"},{\"@type\":\"BreadcrumbList\",\"@id\":\"https:\\\/\\\/www.fakolith.de\\\/it\\\/prodotti\\\/disperlith-hygienic\\\/#breadcrumb\",\"itemListElement\":[{\"@type\":\"ListItem\",\"position\":1,\"name\":\"Startseite\",\"item\":\"https:\\\/\\\/www.fakolith.de\\\/it\\\/\"},{\"@type\":\"ListItem\",\"position\":2,\"name\":\"Prodotti\",\"item\":\"https:\\\/\\\/www.fakolith.de\\\/it\\\/prodotti\\\/\"},{\"@type\":\"ListItem\",\"position\":3,\"name\":\"DISPERLITH HYGIENIC\"}]},{\"@type\":\"WebSite\",\"@id\":\"https:\\\/\\\/www.fakolith.de\\\/it\\\/#website\",\"url\":\"https:\\\/\\\/www.fakolith.de\\\/it\\\/\",\"name\":\"Fakolith - Schimmelschutz, Bautenschutz, Hygienebeschichtungen\",\"description\":\"\",\"publisher\":{\"@id\":\"https:\\\/\\\/www.fakolith.de\\\/it\\\/#organization\"},\"potentialAction\":[{\"@type\":\"SearchAction\",\"target\":{\"@type\":\"EntryPoint\",\"urlTemplate\":\"https:\\\/\\\/www.fakolith.de\\\/it\\\/?s={search_term_string}\"},\"query-input\":{\"@type\":\"PropertyValueSpecification\",\"valueRequired\":true,\"valueName\":\"search_term_string\"}}],\"inLanguage\":\"it-IT\"},{\"@type\":\"Organization\",\"@id\":\"https:\\\/\\\/www.fakolith.de\\\/it\\\/#organization\",\"name\":\"FAKOLITH Farben GmbH\",\"url\":\"https:\\\/\\\/www.fakolith.de\\\/it\\\/\",\"logo\":{\"@type\":\"ImageObject\",\"inLanguage\":\"it-IT\",\"@id\":\"https:\\\/\\\/www.fakolith.de\\\/it\\\/#\\\/schema\\\/logo\\\/image\\\/\",\"url\":\"https:\\\/\\\/www.fakolith.de\\\/wp-content\\\/uploads\\\/2021\\\/03\\\/FAKOLITH-Logo.png\",\"contentUrl\":\"https:\\\/\\\/www.fakolith.de\\\/wp-content\\\/uploads\\\/2021\\\/03\\\/FAKOLITH-Logo.png\",\"width\":920,\"height\":185,\"caption\":\"FAKOLITH Farben GmbH\"},\"image\":{\"@id\":\"https:\\\/\\\/www.fakolith.de\\\/it\\\/#\\\/schema\\\/logo\\\/image\\\/\"},\"sameAs\":[\"https:\\\/\\\/de.linkedin.com\\\/company\\\/fakolith-hygienic-paints\",\"https:\\\/\\\/www.youtube.com\\\/channel\\\/UCMZ_L-Ut3xtVeWryvOYjaew\"],\"description\":\"Als Hersteller chemischer Produkte produziert FAKOLITH alle Produkte in Deutschland und Spanien. Gemeinsam mit der spanischen Tochterfirma FAKOLITH CHEMICAL SYSTEMS ist FAKOLITH seit 2006 nach dem Qualit\u00e4tsmanagementsystem DIN EN ISO 9001:2015 zertifiziert.\",\"email\":\"info@fakolith.de\",\"telephone\":\"+49 (0)6253 \\\/ 2394-0\",\"legalName\":\"FAKOLITH Farben GmbH\",\"vatID\":\"DE 111629099\",\"numberOfEmployees\":{\"@type\":\"QuantitativeValue\",\"minValue\":\"11\",\"maxValue\":\"50\"}}]}<\/script>\n<!-- \/ Yoast SEO Premium plugin. -->","yoast_head_json":{"title":"DISPERLITH HYGIENIC","description":"rivestimento igienico resistente certificato ECO-Label con preservante per pellicole contro muffa, virus e batteri","robots":{"index":"index","follow":"follow","max-snippet":"max-snippet:-1","max-image-preview":"max-image-preview:large","max-video-preview":"max-video-preview:-1"},"canonical":"https:\/\/www.fakolith.de\/it\/prodotti\/disperlith-hygienic\/","og_locale":"it_IT","og_type":"article","og_title":"FAKOLITH - Profiprodukte f\u00fcr Schimmelsanierung an Geb\u00e4uden, Hygienebeschichtungen im Gesundheitswesen, FOODGRADE-Produkte in der Lebensmittelindustrie","og_description":"FAKOLITH entwickelt und produziert seit \u00fcber 60 Jahren innovative Beschichtungssysteme f\u00fcr professionelle Anwendungen. Heute ist FAKOLITH ein international t\u00e4tiger Hersteller von Qualit\u00e4tsprodukten im Bereich Schimmelschutz und Bautenschutz, Hochwassersch\u00e4den sowie von Farben f\u00fcr das Gesundheitswesen und Beschichtungen f\u00fcr die Lebensmittelindustrie. Die lebensmittelechten FOODGRADE-Produkte, zertifiziert f\u00fcr den Direktkontakt mit Lebensmitteln nach VO (EU) 10\/2011 und FDA 21 CFR 175.300, wurden im Rahmen von internationalen Forschungsprojekten entwickelt und erweitern heute das Produktportfolio der FAKOLITH Gruppe.","og_url":"https:\/\/www.fakolith.de\/it\/prodotti\/disperlith-hygienic\/","og_site_name":"Fakolith - Schimmelschutz, Bautenschutz, Hygienebeschichtungen","article_modified_time":"2026-01-26T08:40:33+00:00","og_image":[{"url":"https:\/\/www.fakolith.de\/wp-content\/uploads\/Innenanwendung.png","type":"","width":"","height":""}],"twitter_card":"summary_large_image","twitter_misc":{"Tempo di lettura stimato":"5 minuti"},"schema":{"@context":"https:\/\/schema.org","@graph":[{"@type":"WebPage","@id":"https:\/\/www.fakolith.de\/it\/prodotti\/disperlith-hygienic\/","url":"https:\/\/www.fakolith.de\/it\/prodotti\/disperlith-hygienic\/","name":"DISPERLITH HYGIENIC","isPartOf":{"@id":"https:\/\/www.fakolith.de\/it\/#website"},"primaryImageOfPage":{"@id":"https:\/\/www.fakolith.de\/it\/prodotti\/disperlith-hygienic\/#primaryimage"},"image":{"@id":"https:\/\/www.fakolith.de\/it\/prodotti\/disperlith-hygienic\/#primaryimage"},"thumbnailUrl":"https:\/\/www.fakolith.de\/wp-content\/uploads\/Innenanwendung.png","datePublished":"2022-08-17T13:34:27+00:00","dateModified":"2026-01-26T08:40:33+00:00","description":"rivestimento igienico resistente certificato ECO-Label con preservante per pellicole contro muffa, virus e batteri","breadcrumb":{"@id":"https:\/\/www.fakolith.de\/it\/prodotti\/disperlith-hygienic\/#breadcrumb"},"inLanguage":"it-IT","potentialAction":[{"@type":"ReadAction","target":["https:\/\/www.fakolith.de\/it\/prodotti\/disperlith-hygienic\/"]}]},{"@type":"ImageObject","inLanguage":"it-IT","@id":"https:\/\/www.fakolith.de\/it\/prodotti\/disperlith-hygienic\/#primaryimage","url":"https:\/\/www.fakolith.de\/wp-content\/uploads\/Innenanwendung.png","contentUrl":"https:\/\/www.fakolith.de\/wp-content\/uploads\/Innenanwendung.png"},{"@type":"BreadcrumbList","@id":"https:\/\/www.fakolith.de\/it\/prodotti\/disperlith-hygienic\/#breadcrumb","itemListElement":[{"@type":"ListItem","position":1,"name":"Startseite","item":"https:\/\/www.fakolith.de\/it\/"},{"@type":"ListItem","position":2,"name":"Prodotti","item":"https:\/\/www.fakolith.de\/it\/prodotti\/"},{"@type":"ListItem","position":3,"name":"DISPERLITH HYGIENIC"}]},{"@type":"WebSite","@id":"https:\/\/www.fakolith.de\/it\/#website","url":"https:\/\/www.fakolith.de\/it\/","name":"Fakolith - Schimmelschutz, Bautenschutz, Hygienebeschichtungen","description":"","publisher":{"@id":"https:\/\/www.fakolith.de\/it\/#organization"},"potentialAction":[{"@type":"SearchAction","target":{"@type":"EntryPoint","urlTemplate":"https:\/\/www.fakolith.de\/it\/?s={search_term_string}"},"query-input":{"@type":"PropertyValueSpecification","valueRequired":true,"valueName":"search_term_string"}}],"inLanguage":"it-IT"},{"@type":"Organization","@id":"https:\/\/www.fakolith.de\/it\/#organization","name":"FAKOLITH Farben GmbH","url":"https:\/\/www.fakolith.de\/it\/","logo":{"@type":"ImageObject","inLanguage":"it-IT","@id":"https:\/\/www.fakolith.de\/it\/#\/schema\/logo\/image\/","url":"https:\/\/www.fakolith.de\/wp-content\/uploads\/2021\/03\/FAKOLITH-Logo.png","contentUrl":"https:\/\/www.fakolith.de\/wp-content\/uploads\/2021\/03\/FAKOLITH-Logo.png","width":920,"height":185,"caption":"FAKOLITH Farben GmbH"},"image":{"@id":"https:\/\/www.fakolith.de\/it\/#\/schema\/logo\/image\/"},"sameAs":["https:\/\/de.linkedin.com\/company\/fakolith-hygienic-paints","https:\/\/www.youtube.com\/channel\/UCMZ_L-Ut3xtVeWryvOYjaew"],"description":"Als Hersteller chemischer Produkte produziert FAKOLITH alle Produkte in Deutschland und Spanien. Gemeinsam mit der spanischen Tochterfirma FAKOLITH CHEMICAL SYSTEMS ist FAKOLITH seit 2006 nach dem Qualit\u00e4tsmanagementsystem DIN EN ISO 9001:2015 zertifiziert.","email":"info@fakolith.de","telephone":"+49 (0)6253 \/ 2394-0","legalName":"FAKOLITH Farben GmbH","vatID":"DE 111629099","numberOfEmployees":{"@type":"QuantitativeValue","minValue":"11","maxValue":"50"}}]}},"_links":{"self":[{"href":"https:\/\/www.fakolith.de\/it\/wp-json\/wp\/v2\/pages\/6356","targetHints":{"allow":["GET"]}}],"collection":[{"href":"https:\/\/www.fakolith.de\/it\/wp-json\/wp\/v2\/pages"}],"about":[{"href":"https:\/\/www.fakolith.de\/it\/wp-json\/wp\/v2\/types\/page"}],"author":[{"embeddable":true,"href":"https:\/\/www.fakolith.de\/it\/wp-json\/wp\/v2\/users\/1"}],"replies":[{"embeddable":true,"href":"https:\/\/www.fakolith.de\/it\/wp-json\/wp\/v2\/comments?post=6356"}],"version-history":[{"count":2,"href":"https:\/\/www.fakolith.de\/it\/wp-json\/wp\/v2\/pages\/6356\/revisions"}],"predecessor-version":[{"id":12639,"href":"https:\/\/www.fakolith.de\/it\/wp-json\/wp\/v2\/pages\/6356\/revisions\/12639"}],"up":[{"embeddable":true,"href":"https:\/\/www.fakolith.de\/it\/wp-json\/wp\/v2\/pages\/6017"}],"wp:attachment":[{"href":"https:\/\/www.fakolith.de\/it\/wp-json\/wp\/v2\/media?parent=6356"}],"wp:term":[{"taxonomy":"post_tag","embeddable":true,"href":"https:\/\/www.fakolith.de\/it\/wp-json\/wp\/v2\/tags?post=6356"}],"curies":[{"name":"wp","href":"https:\/\/api.w.org\/{rel}","templated":true}]}}