{"id":6371,"date":"2022-08-17T15:34:20","date_gmt":"2022-08-17T13:34:20","guid":{"rendered":"https:\/\/www.fakolith.de\/?page_id=6371"},"modified":"2022-10-27T12:55:51","modified_gmt":"2022-10-27T10:55:51","slug":"ambiti-di-impiego","status":"publish","type":"page","link":"https:\/\/www.fakolith.de\/it\/ambiti-di-impiego\/","title":{"rendered":"Anwendungsbereiche"},"content":{"rendered":"<div class=\"wpb-content-wrapper\">[vc_row full_width=&#8221;stretch_row_content_no_spaces&#8221; css=&#8221;.vc_custom_1617288255146{margin-bottom: 0px !important;padding-bottom: 0px !important;}&#8221;][vc_column css=&#8221;.vc_custom_1617288267876{margin-bottom: 0px !important;padding-bottom: 0px !important;}&#8221;][vc_single_image image=&#8221;6382&#8243; img_size=&#8221;2500x350px&#8221;][\/vc_column][\/vc_row][vc_row][vc_column css=&#8221;.vc_custom_1618835862492{margin-bottom: 0px !important;}&#8221;][vc_column_text css=&#8221;.vc_custom_1649406714362{padding-top: 20px !important;}&#8221;]\n<h1>Ambiti di impiego dei rivestimenti superficiali antimicrobici<\/h1>\n[\/vc_column_text][\/vc_column][\/vc_row][vc_row][vc_column width=&#8221;1\/2&#8243; css=&#8221;.vc_custom_1618835795868{margin-top: 0px !important;padding-top: 0px !important;}&#8221;][vc_column_text css=&#8221;.vc_custom_1649406811660{padding-top: 20px !important;padding-right: 20px !important;}&#8221;]I rivestimenti antimicrobici stanno assumendo un\u2019importanza sempre maggiore. I rivestimenti igienici FAKOLITH sono utilizzati in molte aree rilevanti per l\u2019igiene. Alcuni esempi:<\/p>\n<ul>\n<li>industria alimentare<\/li>\n<li>packaging<\/li>\n<li>agricoltura<\/li>\n<li>sanit\u00e0<\/li>\n<\/ul>\n<p>Altri esempi di ambiti di impiego dei rivestimenti igienici certificati con la tecnologia BIO.FILM.STOP:<\/p>\n<ul>\n<li>locali ad uso abitativo e sanitario<\/li>\n<li>scuole e asili<\/li>\n<li>edifici pubblici<\/li>\n<li>case di riposo<\/li>\n<\/ul>\n<p>Laboratori esterni accreditati sono stati incaricati di effettuare test ufficiali per dimostrare l\u2019efficacia dell\u2019attivit\u00e0 battericida e antivirale dei prodotti FAKOLITH dotati delle tecnologie BIO.FILM.STOP. I test sono stati eseguiti in applicazione delle norme BSI ISO 21702:2019-05 (misurazione dell\u2019attivit\u00e0 antivirale sulla plastica) e ISO 22196:2011-08 (misurazione dell\u2019attivit\u00e0 antibatterica sulla plastica).<\/p>\n<p>I risultati ottenuti confermano che la riduzione della carica batterica con le tecnologie FAKOLITH BIO.FILM.STOP arriva al 99,99%. La riduzione della carica virale \u00e8 stata confermata in un tempo di sole 2 ore con un massimo del 99,49%. Il test \u00e8 stato effettuato con il ceppo virale \u201ccoronavirus felino\u201d (ceppo Munich).[\/vc_column_text][\/vc_column][vc_column width=&#8221;1\/2&#8243; css=&#8221;.vc_custom_1618835819197{padding-right: 20px !important;padding-left: 20px !important;}&#8221;][vc_media_grid gap=&#8221;20&#8243; grid_id=&#8221;vc_gid:1649427883403-6853a906-3017-9&#8243; include=&#8221;6373,6374,6375,6376,6377,6378,6379,6380,6381&#8243; css=&#8221;.vc_custom_1618835913461{padding-top: 30px !important;}&#8221;][\/vc_column][\/vc_row][vc_row][vc_column css=&#8221;.vc_custom_1618837702517{margin-bottom: 20px !important;}&#8221;][vc_separator][\/vc_column][\/vc_row][vc_row][vc_column width=&#8221;2\/3&#8243; css=&#8221;.vc_custom_1618837578634{margin-top: 0px !important;padding-top: 0px !important;}&#8221;][vc_column_text css=&#8221;.vc_custom_1649406845891{margin-top: 0px !important;padding-top: 0px !important;}&#8221;]\n<h2><strong>BIO.FILM.STOP<\/strong><\/h2>\n<p style=\"text-align: justify;\">BIO.FILM.STOP<br \/>\nI rivestimenti con tecnologia BIO.FILM.STOP hanno un effetto preventivo. La combinazione di principi attivi organici e inorganici incapsulati nel rivestimento offre un alto livello di protezione delle superfici sensibili contro i microbi. La tecnologia BIO.FILM.STOP \u00e8 disponibile in 2 varianti, che si differenziano sia per il loro effetto, sia per i requisiti a livello di prodotto e certificazione. Di seguito sono riportati i principali requisiti.<\/p>\n<p>Prodotti che richiedono la massima protezione della superficie contro i microbi a causa del loro campo d\u2019impiego: questi sono dotati della tecnologia bio-film \u201cblu\u201d. Ambiti di impiego raccomandati per questi prodotti: rivestimenti di soffitti e pareti in ambito sanitario, case di cura, ambienti residenziali, scuole, asili, punti vendita e ristoranti. Anche sottofondi sottoposti a forti sollecitazioni in locali di produzione, refrigerazione e stoccaggio nell\u2019industria alimentare.<\/p>\n<p>Prodotti certificati per il contatto diretto con gli alimenti secondo il Reg. (UE) 10\/2011 e\/o la norma FDA 21CFR 175.300 e che richiedono una protezione superficiale antibatterica: questi sono dotati della tecnologia BIO.FILM.STOP \u201cverde\u201d.<\/p>\n<p>Ambiti di impiego raccomandati per questi prodotti: rivestimenti di superfici in celle frigorifere (per contatto indiretto), rivestimento di cisterne e sili, macchine\/superfici in camere bianche, prodotti nell\u2019industria del packaging (imballaggi alimentari, imballaggi cosmetici), ecc.<\/p>\n[\/vc_column_text][vc_empty_space height=&#8221;20px&#8221;]<div class=\"vc_custom_1649427901075 wpex-clr\"><a href=\"https:\/\/www.fakolith.de\/it\/rivestimenti-igienici\/rivestimenti-antimicrobici\/\" class=\"vcex-button theme-button flat inline\" style=\"color:#ffffff;font-weight:600;letter-spacing:1px;border-radius:0px;text-transform:uppercase;\" data-wpex-hover='{&quot;background&quot;:&quot;#f9301d&quot;}'><span class=\"vcex-button-inner theme-button-inner\"><span class=\"vcex-button-icon vcex-icon-wrap theme-button-icon-left\"><span class=\"ticon ticon-arrow-left\" aria-hidden=\"true\"><\/span><\/span>Torna alla panoramica<\/span><\/a><\/div> [\/vc_column][vc_column width=&#8221;1\/3&#8243;][vc_empty_space height=&#8221;45px&#8221;][vc_single_image image=&#8221;6383&#8243; alignment=&#8221;center&#8221;][\/vc_column][\/vc_row][vc_row][vc_column][vc_empty_space][\/vc_column][\/vc_row]\n<\/div>","protected":false},"excerpt":{"rendered":"<p>[vc_row full_width=&#8221;stretch_row_content_no_spaces&#8221; css=&#8221;.vc_custom_1617288255146{margin-bottom: 0px !important;padding-bottom: 0px !important;}&#8221;][vc_column css=&#8221;.vc_custom_1617288267876{margin-bottom: 0px !important;padding-bottom: 0px !important;}&#8221;][vc_single_image image=&#8221;6382&#8243; img_size=&#8221;2500x350px&#8221;][\/vc_column][\/vc_row][vc_row][vc_column css=&#8221;.vc_custom_1618835862492{margin-bottom: 0px !important;}&#8221;][vc_column_text css=&#8221;.vc_custom_1649406714362{padding-top: 20px !important;}&#8221;] Ambiti di impiego dei rivestimenti superficiali antimicrobici [\/vc_column_text][\/vc_column][\/vc_row][vc_row][vc_column width=&#8221;1\/2&#8243; css=&#8221;.vc_custom_1618835795868{margin-top: 0px !important;padding-top: 0px !important;}&#8221;][vc_column_text css=&#8221;.vc_custom_1649406811660{padding-top: 20px !important;padding-right: 20px !important;}&#8221;]I rivestimenti antimicrobici stanno assumendo un\u2019importanza sempre maggiore. I rivestimenti igienici FAKOLITH sono utilizzati in molte aree&hellip;<\/p>\n","protected":false},"author":1,"featured_media":0,"parent":0,"menu_order":181,"comment_status":"closed","ping_status":"closed","template":"","meta":{"footnotes":""},"tags":[],"class_list":["post-6371","page","type-page","status-publish","hentry","entry","no-media"],"yoast_head":"<!-- This site is optimized with the Yoast SEO Premium plugin v23.6 (Yoast SEO v27.4) - https:\/\/yoast.com\/product\/yoast-seo-premium-wordpress\/ -->\n<title>Ambiti di impiego dei rivestimenti superficiali antimicrobici<\/title>\n<meta name=\"description\" content=\"I rivestimenti antimicrobici stanno assumendo un\u2019importanza sempre maggiore. I rivestimenti igienici FAKOLITH sono utilizzati ...\" \/>\n<meta name=\"robots\" content=\"index, follow, max-snippet:-1, max-image-preview:large, max-video-preview:-1\" \/>\n<link rel=\"canonical\" href=\"https:\/\/www.fakolith.de\/it\/rivestimenti-igienici\/rivestimenti-antimicrobici\/ambiti-di-impiego\/\" \/>\n<meta property=\"og:locale\" content=\"it_IT\" \/>\n<meta property=\"og:type\" content=\"article\" \/>\n<meta property=\"og:title\" content=\"FAKOLITH - Profiprodukte f\u00fcr Schimmelsanierung an Geb\u00e4uden, Hygienebeschichtungen im Gesundheitswesen, FOODGRADE-Produkte in der Lebensmittelindustrie\" \/>\n<meta property=\"og:description\" content=\"FAKOLITH entwickelt und produziert seit \u00fcber 60 Jahren innovative Beschichtungssysteme f\u00fcr professionelle Anwendungen. Heute ist FAKOLITH ein international t\u00e4tiger Hersteller von Qualit\u00e4tsprodukten im Bereich Schimmelschutz und Bautenschutz, Hochwassersch\u00e4den sowie von Farben f\u00fcr das Gesundheitswesen und Beschichtungen f\u00fcr die Lebensmittelindustrie. Die lebensmittelechten FOODGRADE-Produkte, zertifiziert f\u00fcr den Direktkontakt mit Lebensmitteln nach VO (EU) 10\/2011 und FDA 21 CFR 175.300, wurden im Rahmen von internationalen Forschungsprojekten entwickelt und erweitern heute das Produktportfolio der FAKOLITH Gruppe.\" \/>\n<meta property=\"og:url\" content=\"https:\/\/www.fakolith.de\/it\/rivestimenti-igienici\/rivestimenti-antimicrobici\/ambiti-di-impiego\/\" \/>\n<meta property=\"og:site_name\" content=\"Fakolith - Schimmelschutz, Bautenschutz, Hygienebeschichtungen\" \/>\n<meta property=\"article:modified_time\" content=\"2022-10-27T10:55:51+00:00\" \/>\n<meta property=\"og:image\" content=\"https:\/\/www.fakolith.de\/wp-content\/uploads\/default-social-media.jpg\" \/>\n\t<meta property=\"og:image:width\" content=\"1200\" \/>\n\t<meta property=\"og:image:height\" content=\"675\" \/>\n\t<meta property=\"og:image:type\" content=\"image\/jpeg\" \/>\n<meta name=\"twitter:card\" content=\"summary_large_image\" \/>\n<meta name=\"twitter:label1\" content=\"Tempo di lettura stimato\" \/>\n\t<meta name=\"twitter:data1\" content=\"3 minuti\" \/>\n<script type=\"application\/ld+json\" class=\"yoast-schema-graph\">{\"@context\":\"https:\\\/\\\/schema.org\",\"@graph\":[{\"@type\":\"WebPage\",\"@id\":\"https:\\\/\\\/www.fakolith.de\\\/it\\\/rivestimenti-igienici\\\/rivestimenti-antimicrobici\\\/ambiti-di-impiego\\\/\",\"url\":\"https:\\\/\\\/www.fakolith.de\\\/it\\\/rivestimenti-igienici\\\/rivestimenti-antimicrobici\\\/ambiti-di-impiego\\\/\",\"name\":\"Ambiti di impiego dei rivestimenti superficiali antimicrobici\",\"isPartOf\":{\"@id\":\"https:\\\/\\\/www.fakolith.de\\\/#website\"},\"datePublished\":\"2022-08-17T13:34:20+00:00\",\"dateModified\":\"2022-10-27T10:55:51+00:00\",\"description\":\"I rivestimenti antimicrobici stanno assumendo un\u2019importanza sempre maggiore. I rivestimenti igienici FAKOLITH sono utilizzati ...\",\"breadcrumb\":{\"@id\":\"https:\\\/\\\/www.fakolith.de\\\/it\\\/rivestimenti-igienici\\\/rivestimenti-antimicrobici\\\/ambiti-di-impiego\\\/#breadcrumb\"},\"inLanguage\":\"it-IT\",\"potentialAction\":[{\"@type\":\"ReadAction\",\"target\":[\"https:\\\/\\\/www.fakolith.de\\\/it\\\/rivestimenti-igienici\\\/rivestimenti-antimicrobici\\\/ambiti-di-impiego\\\/\"]}]},{\"@type\":\"BreadcrumbList\",\"@id\":\"https:\\\/\\\/www.fakolith.de\\\/it\\\/rivestimenti-igienici\\\/rivestimenti-antimicrobici\\\/ambiti-di-impiego\\\/#breadcrumb\",\"itemListElement\":[{\"@type\":\"ListItem\",\"position\":1,\"name\":\"Startseite\",\"item\":\"https:\\\/\\\/www.fakolith.de\\\/it\\\/\"},{\"@type\":\"ListItem\",\"position\":2,\"name\":\"Hygienebeschichtungen\",\"item\":\"https:\\\/\\\/www.fakolith.de\\\/it\\\/rivestimenti-igienici\\\/\"},{\"@type\":\"ListItem\",\"position\":3,\"name\":\"Antimikrobielle Beschichtungen\",\"item\":\"https:\\\/\\\/www.fakolith.de\\\/it\\\/rivestimenti-igienici\\\/rivestimenti-antimicrobici\\\/\"},{\"@type\":\"ListItem\",\"position\":4,\"name\":\"Anwendungsbereiche\"}]},{\"@type\":\"WebSite\",\"@id\":\"https:\\\/\\\/www.fakolith.de\\\/#website\",\"url\":\"https:\\\/\\\/www.fakolith.de\\\/\",\"name\":\"Fakolith - Schimmelschutz, Bautenschutz, Hygienebeschichtungen\",\"description\":\"\",\"publisher\":{\"@id\":\"https:\\\/\\\/www.fakolith.de\\\/#organization\"},\"potentialAction\":[{\"@type\":\"SearchAction\",\"target\":{\"@type\":\"EntryPoint\",\"urlTemplate\":\"https:\\\/\\\/www.fakolith.de\\\/?s={search_term_string}\"},\"query-input\":{\"@type\":\"PropertyValueSpecification\",\"valueRequired\":true,\"valueName\":\"search_term_string\"}}],\"inLanguage\":\"it-IT\"},{\"@type\":\"Organization\",\"@id\":\"https:\\\/\\\/www.fakolith.de\\\/#organization\",\"name\":\"FAKOLITH Farben GmbH\",\"url\":\"https:\\\/\\\/www.fakolith.de\\\/\",\"logo\":{\"@type\":\"ImageObject\",\"inLanguage\":\"it-IT\",\"@id\":\"https:\\\/\\\/www.fakolith.de\\\/#\\\/schema\\\/logo\\\/image\\\/\",\"url\":\"https:\\\/\\\/www.fakolith.de\\\/wp-content\\\/uploads\\\/2021\\\/03\\\/FAKOLITH-Logo.png\",\"contentUrl\":\"https:\\\/\\\/www.fakolith.de\\\/wp-content\\\/uploads\\\/2021\\\/03\\\/FAKOLITH-Logo.png\",\"width\":920,\"height\":185,\"caption\":\"FAKOLITH Farben GmbH\"},\"image\":{\"@id\":\"https:\\\/\\\/www.fakolith.de\\\/#\\\/schema\\\/logo\\\/image\\\/\"},\"sameAs\":[\"https:\\\/\\\/de.linkedin.com\\\/company\\\/fakolith-hygienic-paints\",\"https:\\\/\\\/www.youtube.com\\\/channel\\\/UCMZ_L-Ut3xtVeWryvOYjaew\"]}]}<\/script>\n<!-- \/ Yoast SEO Premium plugin. -->","yoast_head_json":{"title":"Ambiti di impiego dei rivestimenti superficiali antimicrobici","description":"I rivestimenti antimicrobici stanno assumendo un\u2019importanza sempre maggiore. I rivestimenti igienici FAKOLITH sono utilizzati ...","robots":{"index":"index","follow":"follow","max-snippet":"max-snippet:-1","max-image-preview":"max-image-preview:large","max-video-preview":"max-video-preview:-1"},"canonical":"https:\/\/www.fakolith.de\/it\/rivestimenti-igienici\/rivestimenti-antimicrobici\/ambiti-di-impiego\/","og_locale":"it_IT","og_type":"article","og_title":"FAKOLITH - Profiprodukte f\u00fcr Schimmelsanierung an Geb\u00e4uden, Hygienebeschichtungen im Gesundheitswesen, FOODGRADE-Produkte in der Lebensmittelindustrie","og_description":"FAKOLITH entwickelt und produziert seit \u00fcber 60 Jahren innovative Beschichtungssysteme f\u00fcr professionelle Anwendungen. Heute ist FAKOLITH ein international t\u00e4tiger Hersteller von Qualit\u00e4tsprodukten im Bereich Schimmelschutz und Bautenschutz, Hochwassersch\u00e4den sowie von Farben f\u00fcr das Gesundheitswesen und Beschichtungen f\u00fcr die Lebensmittelindustrie. Die lebensmittelechten FOODGRADE-Produkte, zertifiziert f\u00fcr den Direktkontakt mit Lebensmitteln nach VO (EU) 10\/2011 und FDA 21 CFR 175.300, wurden im Rahmen von internationalen Forschungsprojekten entwickelt und erweitern heute das Produktportfolio der FAKOLITH Gruppe.","og_url":"https:\/\/www.fakolith.de\/it\/rivestimenti-igienici\/rivestimenti-antimicrobici\/ambiti-di-impiego\/","og_site_name":"Fakolith - Schimmelschutz, Bautenschutz, Hygienebeschichtungen","article_modified_time":"2022-10-27T10:55:51+00:00","og_image":[{"width":1200,"height":675,"url":"https:\/\/www.fakolith.de\/wp-content\/uploads\/default-social-media.jpg","type":"image\/jpeg"}],"twitter_card":"summary_large_image","twitter_misc":{"Tempo di lettura stimato":"3 minuti"},"schema":{"@context":"https:\/\/schema.org","@graph":[{"@type":"WebPage","@id":"https:\/\/www.fakolith.de\/it\/rivestimenti-igienici\/rivestimenti-antimicrobici\/ambiti-di-impiego\/","url":"https:\/\/www.fakolith.de\/it\/rivestimenti-igienici\/rivestimenti-antimicrobici\/ambiti-di-impiego\/","name":"Ambiti di impiego dei rivestimenti superficiali antimicrobici","isPartOf":{"@id":"https:\/\/www.fakolith.de\/#website"},"datePublished":"2022-08-17T13:34:20+00:00","dateModified":"2022-10-27T10:55:51+00:00","description":"I rivestimenti antimicrobici stanno assumendo un\u2019importanza sempre maggiore. I rivestimenti igienici FAKOLITH sono utilizzati ...","breadcrumb":{"@id":"https:\/\/www.fakolith.de\/it\/rivestimenti-igienici\/rivestimenti-antimicrobici\/ambiti-di-impiego\/#breadcrumb"},"inLanguage":"it-IT","potentialAction":[{"@type":"ReadAction","target":["https:\/\/www.fakolith.de\/it\/rivestimenti-igienici\/rivestimenti-antimicrobici\/ambiti-di-impiego\/"]}]},{"@type":"BreadcrumbList","@id":"https:\/\/www.fakolith.de\/it\/rivestimenti-igienici\/rivestimenti-antimicrobici\/ambiti-di-impiego\/#breadcrumb","itemListElement":[{"@type":"ListItem","position":1,"name":"Startseite","item":"https:\/\/www.fakolith.de\/it\/"},{"@type":"ListItem","position":2,"name":"Hygienebeschichtungen","item":"https:\/\/www.fakolith.de\/it\/rivestimenti-igienici\/"},{"@type":"ListItem","position":3,"name":"Antimikrobielle Beschichtungen","item":"https:\/\/www.fakolith.de\/it\/rivestimenti-igienici\/rivestimenti-antimicrobici\/"},{"@type":"ListItem","position":4,"name":"Anwendungsbereiche"}]},{"@type":"WebSite","@id":"https:\/\/www.fakolith.de\/#website","url":"https:\/\/www.fakolith.de\/","name":"Fakolith - Schimmelschutz, Bautenschutz, Hygienebeschichtungen","description":"","publisher":{"@id":"https:\/\/www.fakolith.de\/#organization"},"potentialAction":[{"@type":"SearchAction","target":{"@type":"EntryPoint","urlTemplate":"https:\/\/www.fakolith.de\/?s={search_term_string}"},"query-input":{"@type":"PropertyValueSpecification","valueRequired":true,"valueName":"search_term_string"}}],"inLanguage":"it-IT"},{"@type":"Organization","@id":"https:\/\/www.fakolith.de\/#organization","name":"FAKOLITH Farben GmbH","url":"https:\/\/www.fakolith.de\/","logo":{"@type":"ImageObject","inLanguage":"it-IT","@id":"https:\/\/www.fakolith.de\/#\/schema\/logo\/image\/","url":"https:\/\/www.fakolith.de\/wp-content\/uploads\/2021\/03\/FAKOLITH-Logo.png","contentUrl":"https:\/\/www.fakolith.de\/wp-content\/uploads\/2021\/03\/FAKOLITH-Logo.png","width":920,"height":185,"caption":"FAKOLITH Farben GmbH"},"image":{"@id":"https:\/\/www.fakolith.de\/#\/schema\/logo\/image\/"},"sameAs":["https:\/\/de.linkedin.com\/company\/fakolith-hygienic-paints","https:\/\/www.youtube.com\/channel\/UCMZ_L-Ut3xtVeWryvOYjaew"]}]}},"_links":{"self":[{"href":"https:\/\/www.fakolith.de\/it\/wp-json\/wp\/v2\/pages\/6371","targetHints":{"allow":["GET"]}}],"collection":[{"href":"https:\/\/www.fakolith.de\/it\/wp-json\/wp\/v2\/pages"}],"about":[{"href":"https:\/\/www.fakolith.de\/it\/wp-json\/wp\/v2\/types\/page"}],"author":[{"embeddable":true,"href":"https:\/\/www.fakolith.de\/it\/wp-json\/wp\/v2\/users\/1"}],"replies":[{"embeddable":true,"href":"https:\/\/www.fakolith.de\/it\/wp-json\/wp\/v2\/comments?post=6371"}],"version-history":[{"count":0,"href":"https:\/\/www.fakolith.de\/it\/wp-json\/wp\/v2\/pages\/6371\/revisions"}],"wp:attachment":[{"href":"https:\/\/www.fakolith.de\/it\/wp-json\/wp\/v2\/media?parent=6371"}],"wp:term":[{"taxonomy":"post_tag","embeddable":true,"href":"https:\/\/www.fakolith.de\/it\/wp-json\/wp\/v2\/tags?post=6371"}],"curies":[{"name":"wp","href":"https:\/\/api.w.org\/{rel}","templated":true}]}}