{"id":6386,"date":"2022-08-17T15:34:14","date_gmt":"2022-08-17T13:34:14","guid":{"rendered":"https:\/\/www.fakolith.de\/?page_id=6386"},"modified":"2023-10-12T09:33:48","modified_gmt":"2023-10-12T07:33:48","slug":"cause-della-formazione-di-muffa","status":"publish","type":"page","link":"https:\/\/www.fakolith.de\/it\/risanamento-da-muffa\/cause-della-formazione-di-muffa\/","title":{"rendered":"Ursachen f\u00fcr Schimmelbefall"},"content":{"rendered":"<div class=\"wpb-content-wrapper\">[vc_row full_width=&#8221;stretch_row_content_no_spaces&#8221; css=&#8221;.vc_custom_1617288255146{margin-bottom: 0px !important;padding-bottom: 0px !important;}&#8221;][vc_column css=&#8221;.vc_custom_1617288267876{margin-bottom: 0px !important;padding-bottom: 0px !important;}&#8221;][vc_single_image image=&#8221;6019&#8243; img_size=&#8221;2500x350px&#8221;][\/vc_column][\/vc_row][vc_row][vc_column css=&#8221;.vc_custom_1620314473263{margin-bottom: 0px !important;}&#8221;][vc_column_text css=&#8221;.vc_custom_1649406999146{padding-top: 20px !important;}&#8221;]\n<h1>Cause della formazione di muffa<\/h1>\n[\/vc_column_text][vc_column_text css=&#8221;.vc_custom_1649407023116{padding-top: 20px !important;}&#8221;]\n<h6>Nutrienti e umidit\u00e0<\/h6>\n<p style=\"text-align: justify;\">La muffa pu\u00f2 svilupparsi negli spazi abitativi se sono presenti nutrienti e umidit\u00e0 sufficienti. La formazione di muffa pu\u00f2 anche essere favorita dalle condizioni strutturali, specialmente in combinazione con modalit\u00e0 di riscaldamento o aerazione errate, o in mancanza di impianti di ventilazione. L\u2019umidit\u00e0 appare principalmente sotto forma di condensa sulle parti pi\u00f9 fredde dell\u2019edificio. I danni pi\u00f9 comuni diventano visibili in corrispondenza dei ponti termici, ad es. negli intradossi delle finestre, negli angoli superiori delle pareti esterne o dietro i mobili collocati a ridosso delle pareti esterne. Vi sono inoltre danni causati dalla penetrazione diretta dell\u2019umidit\u00e0 nella muratura a causa di perdite da tetti o tubi, scantinati non isolati, oppure in caso di danneggiamenti agli impianti.<\/p>\n[\/vc_column_text][vc_column_text css=&#8221;.vc_custom_1649407048874{padding-top: 20px !important;}&#8221;]\n<h6>Come individuare le cause<\/h6>\n<p style=\"text-align: justify;\">Per individuare le cause dell\u2019umidit\u00e0, i periti si servono di apparecchi di misurazione dell\u2019umidit\u00e0, registratori di dati e procedure di calcolo. L\u2019esperienza mostra che negli ambienti interni la muffa \u00e8 causata dall\u2019interazione di diversi fattori. Per assicurarsi che la muffa non si formi di nuovo in breve tempo, prima del risanamento \u00e8 bene chiarire qual \u00e8 la causa del danno.<\/p>\n[\/vc_column_text][vc_column_text css=&#8221;.vc_custom_1649407075633{padding-top: 20px !important;}&#8221;]\n<h6>Ricerca della causa<\/h6>\n<p style=\"text-align: justify;\">Di seguito sono riportate alcune delle pi\u00f9 comuni cause della formazione di muffa:<\/p>\n[\/vc_column_text][vc_row_inner css=&#8221;.vc_custom_1620312299247{padding-top: 30px !important;}&#8221;][vc_column_inner width=&#8221;1\/4&#8243;][vc_single_image image=&#8221;6394&#8243;][vc_column_text css=&#8221;.vc_custom_1649407088185{padding-top: 10px !important;}&#8221;]\n<p style=\"text-align: center;\">mobili a ridosso della parete esterna<\/p>\n[\/vc_column_text][\/vc_column_inner][vc_column_inner width=&#8221;1\/4&#8243;][vc_single_image image=&#8221;6393&#8243;][vc_column_text css=&#8221;.vc_custom_1649407099090{padding-top: 10px !important;}&#8221;]\n<p style=\"text-align: center;\">danni alle tubazioni<\/p>\n[\/vc_column_text][\/vc_column_inner][vc_column_inner width=&#8221;1\/4&#8243;][vc_single_image image=&#8221;6392&#8243;][vc_column_text css=&#8221;.vc_custom_1649407110401{padding-top: 10px !important;}&#8221;]\n<p style=\"text-align: center;\">danni da allagamento<\/p>\n[\/vc_column_text][\/vc_column_inner][vc_column_inner width=&#8221;1\/4&#8243;][vc_single_image image=&#8221;6391&#8243;][vc_column_text css=&#8221;.vc_custom_1649407126035{padding-top: 10px !important;}&#8221;]\n<p style=\"text-align: center;\">facciata non intatta<\/p>\n[\/vc_column_text][\/vc_column_inner][\/vc_row_inner][vc_row_inner][vc_column_inner width=&#8221;1\/4&#8243;][vc_single_image image=&#8221;855&#8243;][vc_column_text css=&#8221;.vc_custom_1649407139633{padding-top: 10px !important;}&#8221;]\n<p style=\"text-align: center;\">isolamento mancante<\/p>\n[\/vc_column_text][\/vc_column_inner][vc_column_inner width=&#8221;1\/4&#8243;][vc_single_image image=&#8221;6389&#8243;][vc_column_text css=&#8221;.vc_custom_1649407153089{padding-top: 10px !important;}&#8221;]\n<p style=\"text-align: center;\">umidit\u00e0 di risalita<\/p>\n[\/vc_column_text][\/vc_column_inner][vc_column_inner width=&#8221;1\/4&#8243;][vc_single_image image=&#8221;6390&#8243;][vc_column_text css=&#8221;.vc_custom_1649407166554{padding-top: 10px !important;}&#8221;]\n<p style=\"text-align: center;\">umidit\u00e0 causata dalla pressione idrostatica<\/p>\n[\/vc_column_text][\/vc_column_inner][vc_column_inner width=&#8221;1\/4&#8243;][vc_single_image image=&#8221;6395&#8243;][vc_column_text css=&#8221;.vc_custom_1649407184026{padding-top: 10px !important;}&#8221;]\n<p style=\"text-align: center;\">umidit\u00e0 delle nuove costruzioni<\/p>\n[\/vc_column_text][\/vc_column_inner][\/vc_row_inner][vc_row_inner][vc_column_inner width=&#8221;1\/4&#8243;][vc_single_image image=&#8221;6396&#8243;][vc_column_text css=&#8221;.vc_custom_1649407196844{padding-top: 10px !important;}&#8221;]\n<p style=\"text-align: center;\">ponti termici<\/p>\n[\/vc_column_text][\/vc_column_inner][vc_column_inner width=&#8221;1\/4&#8243;][vc_single_image image=&#8221;6399&#8243;][vc_column_text css=&#8221;.vc_custom_1649407207425{padding-top: 10px !important;}&#8221;]\n<p style=\"text-align: center;\">abitudini di areazione<\/p>\n[\/vc_column_text][\/vc_column_inner][vc_column_inner width=&#8221;1\/4&#8243;][\/vc_column_inner][vc_column_inner width=&#8221;1\/4&#8243;][\/vc_column_inner][\/vc_row_inner][vc_separator][vc_empty_space height=&#8221;40px&#8221;][vc_column_text]\n<h6>Azione profilattica delle pitture antimuffa FAKOLITH con tecnologia BIO.FILM.STOP<\/h6>\n<p style=\"text-align: justify;\">Non \u00e8 sempre possibile eliminare tutte le cause dei problemi n\u00e9 rinnovare completamente i locali, specialmente se sono in affitto. In questo caso, la verniciatura di soffitti e pareti con le pitture per pareti interne DISPERLITH FK 5, DISPERLITH FK 10 e DISPERLITH HYGIENIC \u00e8 assolutamente raccomandata come profilassi. L\u2019innovativa tecnologia BIO.FILM.STOP ha un\u2019efficacia dimostrata nel proteggere dalla muffa e dai batteri la pellicola delle pitture professionali permeabili al vapore.<\/p>\n[\/vc_column_text]<style>.vcex-button.vcex_69e9f608b8159{border-radius:0px;color:#ffffff!important;font-weight:600;text-transform:uppercase;letter-spacing:1px;}.vcex-button.vcex_69e9f608b8159:hover{background:#f9301d!important;}<\/style><div class=\"vc_custom_1666784855368 wpex-clr\"><a href=\"https:\/\/www.fakolith.de\/it\/prodotti\/?filter=65\" class=\"vcex-button theme-button flat inline vcex_69e9f608b8159\"><span class=\"vcex-button-inner theme-button-inner wpex-flex wpex-flex-wrap wpex-items-center wpex-justify-center\">VAI ALLE PITTURE ANTIMUFFA FAKOLITH<span class=\"vcex-button-icon vcex-icon-wrap theme-button-icon-right\"><span class=\"wpex-icon wpex-icon--bidi\" aria-hidden=\"true\"><svg xmlns=\"http:\/\/www.w3.org\/2000\/svg\" viewBox=\"0 0 448 512\"><path d=\"M438.6 278.6c12.5-12.5 12.5-32.8 0-45.3l-160-160c-12.5-12.5-32.8-12.5-45.3 0s-12.5 32.8 0 45.3L338.8 224 32 224c-17.7 0-32 14.3-32 32s14.3 32 32 32l306.7 0L233.4 393.4c-12.5 12.5-12.5 32.8 0 45.3s32.8 12.5 45.3 0l160-160z\"\/><\/svg><\/span><\/span><\/span><\/a><\/div> [vc_empty_space height=&#8221;40px&#8221;][vc_separator][vc_empty_space height=&#8221;40px&#8221;][vc_row_inner css=&#8221;.vc_custom_1620314448391{margin-bottom: 0px !important;padding-bottom: 0px !important;}&#8221;][vc_column_inner width=&#8221;2\/3&#8243; css=&#8221;.vc_custom_1620371656375{margin-bottom: 0px !important;}&#8221;][vc_column_text css=&#8221;.vc_custom_1649407298785{padding-right: 30px !important;}&#8221;]\n<h6>La nostra guida \u201cRiscaldare e areare correttamente\u201d<\/h6>\n<p style=\"text-align: justify;\">In passato i locali venivano fatti areare correttamente, cio\u00e8 spalancando le finestre. Oggi invece?<\/p>\n<p>Maggiori informazioni su come areare e ventilare correttamente sono disponibili nella nostra guida \u201cRiscaldare e areare correttamente\u201d, scaricabile in PDF.<\/p>\n[\/vc_column_text][vc_raw_html css=&#8221;.vc_custom_1697096017170{padding-top: 20px !important;}&#8221;]JTVCM2QtZmxpcC1ib29rJTIwbW9kZSUzRCUyMmxpbmstbGlnaHRib3glMjIlMjBpZCUzRCUyMjczMTAlMjIlNUQlMEElM0NzcGFuJTIwY2xhc3MlM0QlMjJ2Y2V4LWJ1dHRvbiUyMHRoZW1lLWJ1dHRvbiUyMGZsYXQlMjBpbmxpbmUlMjB3cGV4LWRob3Zlci0wJTIyJTIwc3R5bGUlM0QlMjJjb2xvciUzQSUyMCUyM2ZmZmZmZiUzQiUyMGZvbnQtd2VpZ2h0JTNBJTIwNjAwJTNCJTIwbGV0dGVyLXNwYWNpbmclM0ElMjAxcHglM0IlMjBib3JkZXItcmFkaXVzJTNBJTIwMCUzQiUyMHRleHQtdHJhbnNmb3JtJTNBJTIwdXBwZXJjYXNlJTNCJTIyJTIwZGF0YS13cGV4LWhvdmVyJTNEJTIyJTdCJTI2cXVvdCUzQmJhY2tncm91bmQlMjZxdW90JTNCJTNBJTI2cXVvdCUzQiUyM2Y5MzAxZCUyNnF1b3QlM0IlN0QlMjIlM0UlM0NzcGFuJTIwY2xhc3MlM0QlMjJ0aGVtZS1idXR0b24taW5uZXIlMjIlM0VTQ0FSSUNBUkUlMjBMQSUyMEdVSURBJTIwJUUyJTgwJTlDUklTQ0FMREFSRSUyMEUlMjBBUkVBUkUlMjBDT1JSRVRUQU1FTlRFJUUyJTgwJTlEJTIwJTI4UERGJTIwJTJGJTIwdGVkZXNjbyUyOSUzQ3NwYW4lMjBjbGFzcyUzRCUyMnRpY29uJTIwdGljb24tYXJyb3ctcmlnaHQlMjIlMjBzdHlsZSUzRCUyMnBhZGRpbmctbGVmdCUzQTVweCUzQiUyMiUyMGFyaWEtaGlkZGVuJTNEJTIydHJ1ZSUyMiUzRSUzQyUyRnNwYW4lM0UlM0MlMkZzcGFuJTNFJTNDJTJGc3BhbiUzRSUwQSU1QiUyRjNkLWZsaXAtYm9vayU1RA==[\/vc_raw_html][\/vc_column_inner][vc_column_inner width=&#8221;1\/3&#8243; css=&#8221;.vc_custom_1620371671121{margin-bottom: 0px !important;}&#8221;][vc_single_image image=&#8221;6388&#8243;][\/vc_column_inner][\/vc_row_inner][vc_empty_space height=&#8221;40px&#8221;][vc_separator][vc_empty_space height=&#8221;40px&#8221;][vc_row_inner css=&#8221;.vc_custom_1620314448391{margin-bottom: 0px !important;padding-bottom: 0px !important;}&#8221;][vc_column_inner width=&#8221;2\/3&#8243;][vc_column_text]\n<h6>Analisi professionale dei campioni di muffa<\/h6>\n<p style=\"text-align: justify;\">Vi offriamo l\u2019esame e la valutazione di campioni prelevati in loco. Riceverete un rapporto di laboratorio dettagliato con la determinazione del tipo e la classificazione dell\u2019intensit\u00e0 della contaminazione microbica. Raccomandiamo l\u2019uso dei vetrini di prova appositamente forniti. Informazioni dettagliate sulle analisi di laboratorio sono disponibili qui.<\/p>\n[\/vc_column_text][vc_raw_html css=&#8221;.vc_custom_1697020307165{padding-top: 20px !important;}&#8221;]JTVCM2QtZmxpcC1ib29rJTIwbW9kZSUzRCUyMmxpbmstbGlnaHRib3glMjIlMjBpZCUzRCUyMjczMDUlMjIlNUQlMEElM0NzcGFuJTIwY2xhc3MlM0QlMjJ2Y2V4LWJ1dHRvbiUyMHRoZW1lLWJ1dHRvbiUyMGZsYXQlMjBpbmxpbmUlMjB3cGV4LWRob3Zlci0wJTIyJTIwc3R5bGUlM0QlMjJjb2xvciUzQSUyMCUyM2ZmZmZmZiUzQiUyMGZvbnQtd2VpZ2h0JTNBJTIwNjAwJTNCJTIwbGV0dGVyLXNwYWNpbmclM0ElMjAxcHglM0IlMjBib3JkZXItcmFkaXVzJTNBJTIwMCUzQiUyMHRleHQtdHJhbnNmb3JtJTNBJTIwdXBwZXJjYXNlJTNCJTIyJTIwZGF0YS13cGV4LWhvdmVyJTNEJTIyJTdCJTI2cXVvdCUzQmJhY2tncm91bmQlMjZxdW90JTNCJTNBJTI2cXVvdCUzQiUyM2Y5MzAxZCUyNnF1b3QlM0IlN0QlMjIlM0UlM0NzcGFuJTIwY2xhc3MlM0QlMjJ0aGVtZS1idXR0b24taW5uZXIlMjIlM0VPUkRJTkElMjBVTiVFMiU4MCU5OUFOQUxJU0klMjBESSUyMExBQk9SQVRPUklPJTIwJTI4UERGJTIwJTJGJTIwdGVkZXNjbyUyOSUyMCUzQ3NwYW4lMjBjbGFzcyUzRCUyMnRpY29uJTIwdGljb24tYXJyb3ctcmlnaHQlMjIlMjBzdHlsZSUzRCUyMnBhZGRpbmctbGVmdCUzQTVweCUzQiUyMiUyMGFyaWEtaGlkZGVuJTNEJTIydHJ1ZSUyMiUzRSUzQyUyRnNwYW4lM0UlM0MlMkZzcGFuJTNFJTNDJTJGc3BhbiUzRSUwQSU1QiUyRjNkLWZsaXAtYm9vayU1RA==[\/vc_raw_html][\/vc_column_inner][vc_column_inner width=&#8221;1\/3&#8243;][vc_single_image image=&#8221;6398&#8243;][\/vc_column_inner][\/vc_row_inner][\/vc_column][\/vc_row][vc_row][vc_column][vc_separator][vc_column_text css=&#8221;.vc_custom_1649407535579{padding-top: 20px !important;}&#8221;]<div class=\"templatera_shortcode\"><style type=\"text\/css\" data-type=\"vc_shortcodes-custom-css\">.vc_custom_1649407475069{padding-top: 20px !important;}.vc_custom_1660735860617{padding-top: 20px !important;}<\/style><div class=\"vc_row wpb_row vc_row-fluid wpex-relative\"><div class=\"wpb_column vc_column_container vc_col-sm-12\"><div class=\"vc_column-inner\"><div class=\"wpb_wrapper\">\n\t<div class=\"wpb_text_column wpb_content_element vc_custom_1649407475069\" >\n\t\t<div class=\"wpb_wrapper\">\n\t\t\t<h2><span  style=\"color:#dd2a1b;margin-right:5px;font-size:28px;\" class=\"wpex-icon\" aria-hidden=\"true\"><svg xmlns=\"http:\/\/www.w3.org\/2000\/svg\" viewBox=\"0 0 512 512\"><path d=\"M256 512A256 256 0 1 0 256 0a256 256 0 1 0 0 512zM216 336h24V272H216c-13.3 0-24-10.7-24-24s10.7-24 24-24h48c13.3 0 24 10.7 24 24v88h8c13.3 0 24 10.7 24 24s-10.7 24-24 24H216c-13.3 0-24-10.7-24-24s10.7-24 24-24zm40-208a32 32 0 1 1 0 64 32 32 0 1 1 0-64z\"\/><\/svg><\/span> Reparto tecnico specializzato \/ consulenza<\/h2>\n\n\t\t<\/div>\n\t<\/div>\n\n\t<div class=\"wpb_text_column wpb_content_element vc_custom_1660735860617\" >\n\t\t<div class=\"wpb_wrapper\">\n\t\t\t<p>Se nella nostra gamma di prodotti non riuscite a trovare l\u2019articolo giusto per le vostre esigenze, se avete domande sui prodotti scelti o desiderate una consulenza pi\u00f9 approfondita, non esitate a contattarci personalmente per telefono o a inviarci un\u2019e-mail.<\/p>\n<p>FAKOLITH Farben \/ Reparto tecnico specializzato<br \/>\nOrari: dal luned\u00ec al venerd\u00ec 7:30 - 12:00 e 13:00 - 16:00<br \/>\nTel.: +49 (0)6253 \/ 23 94 - 18<br \/>\nE-mail: <a href=\"mailto:anwendungstechnik@fakolith.de\">anwendungstechnik@fakolith.de<\/a><\/p>\n\n\t\t<\/div>\n\t<\/div>\n<div class=\"vc_empty_space\"   style=\"height: 32px\"><span class=\"vc_empty_space_inner\"><\/span><\/div><\/div><\/div><\/div><\/div><\/div>[\/vc_column_text][vc_empty_space][\/vc_column][\/vc_row]\n<\/div>","protected":false},"excerpt":{"rendered":"Cause della formazione di muffa Nutrienti e umidit\u00e0 La muffa pu\u00f2 svilupparsi negli spazi abitativi se sono presenti nutrienti e umidit\u00e0 sufficienti. La formazione di muffa pu\u00f2 anche essere favorita dalle condizioni strutturali, specialmente in combinazione con modalit\u00e0 di riscaldamento o aerazione errate, o in mancanza di impianti di ventilazione. L\u2019umidit\u00e0 appare principalmente sotto forma&hellip;","protected":false},"author":1,"featured_media":0,"parent":6009,"menu_order":190,"comment_status":"closed","ping_status":"closed","template":"","meta":{"inline_featured_image":false,"footnotes":""},"tags":[],"class_list":["post-6386","page","type-page","status-publish","hentry","entry","no-media"],"yoast_head":"<!-- This site is optimized with the Yoast SEO Premium plugin v27.4 (Yoast SEO v27.4) - https:\/\/yoast.com\/product\/yoast-seo-premium-wordpress\/ -->\n<title>Cause della formazione di muffa<\/title>\n<meta name=\"description\" content=\"Ricerca della causa - Di seguito sono riportate alcune delle pi\u00f9 comuni cause della formazione di muffa ...\" \/>\n<meta name=\"robots\" content=\"index, follow, max-snippet:-1, max-image-preview:large, max-video-preview:-1\" \/>\n<link rel=\"canonical\" href=\"https:\/\/www.fakolith.de\/it\/risanamento-da-muffa\/cause-della-formazione-di-muffa\/\" \/>\n<meta property=\"og:locale\" content=\"it_IT\" \/>\n<meta property=\"og:type\" content=\"article\" \/>\n<meta property=\"og:title\" content=\"FAKOLITH - Profiprodukte f\u00fcr Schimmelsanierung an Geb\u00e4uden, Hygienebeschichtungen im Gesundheitswesen, FOODGRADE-Produkte in der Lebensmittelindustrie\" \/>\n<meta property=\"og:description\" content=\"FAKOLITH entwickelt und produziert seit \u00fcber 60 Jahren innovative Beschichtungssysteme f\u00fcr professionelle Anwendungen. Heute ist FAKOLITH ein international t\u00e4tiger Hersteller von Qualit\u00e4tsprodukten im Bereich Schimmelschutz und Bautenschutz, Hochwassersch\u00e4den sowie von Farben f\u00fcr das Gesundheitswesen und Beschichtungen f\u00fcr die Lebensmittelindustrie. Die lebensmittelechten FOODGRADE-Produkte, zertifiziert f\u00fcr den Direktkontakt mit Lebensmitteln nach VO (EU) 10\/2011 und FDA 21 CFR 175.300, wurden im Rahmen von internationalen Forschungsprojekten entwickelt und erweitern heute das Produktportfolio der FAKOLITH Gruppe.\" \/>\n<meta property=\"og:url\" content=\"https:\/\/www.fakolith.de\/it\/risanamento-da-muffa\/cause-della-formazione-di-muffa\/\" \/>\n<meta property=\"og:site_name\" content=\"Fakolith - Schimmelschutz, Bautenschutz, Hygienebeschichtungen\" \/>\n<meta property=\"article:modified_time\" content=\"2023-10-12T07:33:48+00:00\" \/>\n<meta property=\"og:image\" content=\"https:\/\/www.fakolith.de\/wp-content\/uploads\/default-social-media.jpg\" \/>\n\t<meta property=\"og:image:width\" content=\"1200\" \/>\n\t<meta property=\"og:image:height\" content=\"675\" \/>\n\t<meta property=\"og:image:type\" content=\"image\/jpeg\" \/>\n<meta name=\"twitter:card\" content=\"summary_large_image\" \/>\n<meta name=\"twitter:label1\" content=\"Tempo di lettura stimato\" \/>\n\t<meta name=\"twitter:data1\" content=\"4 minuti\" \/>\n<script type=\"application\/ld+json\" class=\"yoast-schema-graph\">{\"@context\":\"https:\\\/\\\/schema.org\",\"@graph\":[{\"@type\":\"WebPage\",\"@id\":\"https:\\\/\\\/www.fakolith.de\\\/it\\\/risanamento-da-muffa\\\/cause-della-formazione-di-muffa\\\/\",\"url\":\"https:\\\/\\\/www.fakolith.de\\\/it\\\/risanamento-da-muffa\\\/cause-della-formazione-di-muffa\\\/\",\"name\":\"Cause della formazione di muffa\",\"isPartOf\":{\"@id\":\"https:\\\/\\\/www.fakolith.de\\\/it\\\/#website\"},\"datePublished\":\"2022-08-17T13:34:14+00:00\",\"dateModified\":\"2023-10-12T07:33:48+00:00\",\"description\":\"Ricerca della causa - Di seguito sono riportate alcune delle pi\u00f9 comuni cause della formazione di muffa ...\",\"breadcrumb\":{\"@id\":\"https:\\\/\\\/www.fakolith.de\\\/it\\\/risanamento-da-muffa\\\/cause-della-formazione-di-muffa\\\/#breadcrumb\"},\"inLanguage\":\"it-IT\",\"potentialAction\":[{\"@type\":\"ReadAction\",\"target\":[\"https:\\\/\\\/www.fakolith.de\\\/it\\\/risanamento-da-muffa\\\/cause-della-formazione-di-muffa\\\/\"]}]},{\"@type\":\"BreadcrumbList\",\"@id\":\"https:\\\/\\\/www.fakolith.de\\\/it\\\/risanamento-da-muffa\\\/cause-della-formazione-di-muffa\\\/#breadcrumb\",\"itemListElement\":[{\"@type\":\"ListItem\",\"position\":1,\"name\":\"Startseite\",\"item\":\"https:\\\/\\\/www.fakolith.de\\\/it\\\/\"},{\"@type\":\"ListItem\",\"position\":2,\"name\":\"Schimmelsanierung\",\"item\":\"https:\\\/\\\/www.fakolith.de\\\/it\\\/risanamento-da-muffa\\\/\"},{\"@type\":\"ListItem\",\"position\":3,\"name\":\"Ursachen f\u00fcr Schimmelbefall\"}]},{\"@type\":\"WebSite\",\"@id\":\"https:\\\/\\\/www.fakolith.de\\\/it\\\/#website\",\"url\":\"https:\\\/\\\/www.fakolith.de\\\/it\\\/\",\"name\":\"Fakolith - Schimmelschutz, Bautenschutz, Hygienebeschichtungen\",\"description\":\"\",\"publisher\":{\"@id\":\"https:\\\/\\\/www.fakolith.de\\\/it\\\/#organization\"},\"potentialAction\":[{\"@type\":\"SearchAction\",\"target\":{\"@type\":\"EntryPoint\",\"urlTemplate\":\"https:\\\/\\\/www.fakolith.de\\\/it\\\/?s={search_term_string}\"},\"query-input\":{\"@type\":\"PropertyValueSpecification\",\"valueRequired\":true,\"valueName\":\"search_term_string\"}}],\"inLanguage\":\"it-IT\"},{\"@type\":\"Organization\",\"@id\":\"https:\\\/\\\/www.fakolith.de\\\/it\\\/#organization\",\"name\":\"FAKOLITH Farben GmbH\",\"url\":\"https:\\\/\\\/www.fakolith.de\\\/it\\\/\",\"logo\":{\"@type\":\"ImageObject\",\"inLanguage\":\"it-IT\",\"@id\":\"https:\\\/\\\/www.fakolith.de\\\/it\\\/#\\\/schema\\\/logo\\\/image\\\/\",\"url\":\"https:\\\/\\\/www.fakolith.de\\\/wp-content\\\/uploads\\\/2021\\\/03\\\/FAKOLITH-Logo.png\",\"contentUrl\":\"https:\\\/\\\/www.fakolith.de\\\/wp-content\\\/uploads\\\/2021\\\/03\\\/FAKOLITH-Logo.png\",\"width\":920,\"height\":185,\"caption\":\"FAKOLITH Farben GmbH\"},\"image\":{\"@id\":\"https:\\\/\\\/www.fakolith.de\\\/it\\\/#\\\/schema\\\/logo\\\/image\\\/\"},\"sameAs\":[\"https:\\\/\\\/de.linkedin.com\\\/company\\\/fakolith-hygienic-paints\",\"https:\\\/\\\/www.youtube.com\\\/channel\\\/UCMZ_L-Ut3xtVeWryvOYjaew\"],\"description\":\"Als Hersteller chemischer Produkte produziert FAKOLITH alle Produkte in Deutschland und Spanien. Gemeinsam mit der spanischen Tochterfirma FAKOLITH CHEMICAL SYSTEMS ist FAKOLITH seit 2006 nach dem Qualit\u00e4tsmanagementsystem DIN EN ISO 9001:2015 zertifiziert.\",\"email\":\"info@fakolith.de\",\"telephone\":\"+49 (0)6253 \\\/ 2394-0\",\"legalName\":\"FAKOLITH Farben GmbH\",\"vatID\":\"DE 111629099\",\"numberOfEmployees\":{\"@type\":\"QuantitativeValue\",\"minValue\":\"11\",\"maxValue\":\"50\"}}]}<\/script>\n<!-- \/ Yoast SEO Premium plugin. -->","yoast_head_json":{"title":"Cause della formazione di muffa","description":"Ricerca della causa - Di seguito sono riportate alcune delle pi\u00f9 comuni cause della formazione di muffa ...","robots":{"index":"index","follow":"follow","max-snippet":"max-snippet:-1","max-image-preview":"max-image-preview:large","max-video-preview":"max-video-preview:-1"},"canonical":"https:\/\/www.fakolith.de\/it\/risanamento-da-muffa\/cause-della-formazione-di-muffa\/","og_locale":"it_IT","og_type":"article","og_title":"FAKOLITH - Profiprodukte f\u00fcr Schimmelsanierung an Geb\u00e4uden, Hygienebeschichtungen im Gesundheitswesen, FOODGRADE-Produkte in der Lebensmittelindustrie","og_description":"FAKOLITH entwickelt und produziert seit \u00fcber 60 Jahren innovative Beschichtungssysteme f\u00fcr professionelle Anwendungen. Heute ist FAKOLITH ein international t\u00e4tiger Hersteller von Qualit\u00e4tsprodukten im Bereich Schimmelschutz und Bautenschutz, Hochwassersch\u00e4den sowie von Farben f\u00fcr das Gesundheitswesen und Beschichtungen f\u00fcr die Lebensmittelindustrie. Die lebensmittelechten FOODGRADE-Produkte, zertifiziert f\u00fcr den Direktkontakt mit Lebensmitteln nach VO (EU) 10\/2011 und FDA 21 CFR 175.300, wurden im Rahmen von internationalen Forschungsprojekten entwickelt und erweitern heute das Produktportfolio der FAKOLITH Gruppe.","og_url":"https:\/\/www.fakolith.de\/it\/risanamento-da-muffa\/cause-della-formazione-di-muffa\/","og_site_name":"Fakolith - Schimmelschutz, Bautenschutz, Hygienebeschichtungen","article_modified_time":"2023-10-12T07:33:48+00:00","og_image":[{"width":1200,"height":675,"url":"https:\/\/www.fakolith.de\/wp-content\/uploads\/default-social-media.jpg","type":"image\/jpeg"}],"twitter_card":"summary_large_image","twitter_misc":{"Tempo di lettura stimato":"4 minuti"},"schema":{"@context":"https:\/\/schema.org","@graph":[{"@type":"WebPage","@id":"https:\/\/www.fakolith.de\/it\/risanamento-da-muffa\/cause-della-formazione-di-muffa\/","url":"https:\/\/www.fakolith.de\/it\/risanamento-da-muffa\/cause-della-formazione-di-muffa\/","name":"Cause della formazione di muffa","isPartOf":{"@id":"https:\/\/www.fakolith.de\/it\/#website"},"datePublished":"2022-08-17T13:34:14+00:00","dateModified":"2023-10-12T07:33:48+00:00","description":"Ricerca della causa - Di seguito sono riportate alcune delle pi\u00f9 comuni cause della formazione di muffa ...","breadcrumb":{"@id":"https:\/\/www.fakolith.de\/it\/risanamento-da-muffa\/cause-della-formazione-di-muffa\/#breadcrumb"},"inLanguage":"it-IT","potentialAction":[{"@type":"ReadAction","target":["https:\/\/www.fakolith.de\/it\/risanamento-da-muffa\/cause-della-formazione-di-muffa\/"]}]},{"@type":"BreadcrumbList","@id":"https:\/\/www.fakolith.de\/it\/risanamento-da-muffa\/cause-della-formazione-di-muffa\/#breadcrumb","itemListElement":[{"@type":"ListItem","position":1,"name":"Startseite","item":"https:\/\/www.fakolith.de\/it\/"},{"@type":"ListItem","position":2,"name":"Schimmelsanierung","item":"https:\/\/www.fakolith.de\/it\/risanamento-da-muffa\/"},{"@type":"ListItem","position":3,"name":"Ursachen f\u00fcr Schimmelbefall"}]},{"@type":"WebSite","@id":"https:\/\/www.fakolith.de\/it\/#website","url":"https:\/\/www.fakolith.de\/it\/","name":"Fakolith - Schimmelschutz, Bautenschutz, Hygienebeschichtungen","description":"","publisher":{"@id":"https:\/\/www.fakolith.de\/it\/#organization"},"potentialAction":[{"@type":"SearchAction","target":{"@type":"EntryPoint","urlTemplate":"https:\/\/www.fakolith.de\/it\/?s={search_term_string}"},"query-input":{"@type":"PropertyValueSpecification","valueRequired":true,"valueName":"search_term_string"}}],"inLanguage":"it-IT"},{"@type":"Organization","@id":"https:\/\/www.fakolith.de\/it\/#organization","name":"FAKOLITH Farben GmbH","url":"https:\/\/www.fakolith.de\/it\/","logo":{"@type":"ImageObject","inLanguage":"it-IT","@id":"https:\/\/www.fakolith.de\/it\/#\/schema\/logo\/image\/","url":"https:\/\/www.fakolith.de\/wp-content\/uploads\/2021\/03\/FAKOLITH-Logo.png","contentUrl":"https:\/\/www.fakolith.de\/wp-content\/uploads\/2021\/03\/FAKOLITH-Logo.png","width":920,"height":185,"caption":"FAKOLITH Farben GmbH"},"image":{"@id":"https:\/\/www.fakolith.de\/it\/#\/schema\/logo\/image\/"},"sameAs":["https:\/\/de.linkedin.com\/company\/fakolith-hygienic-paints","https:\/\/www.youtube.com\/channel\/UCMZ_L-Ut3xtVeWryvOYjaew"],"description":"Als Hersteller chemischer Produkte produziert FAKOLITH alle Produkte in Deutschland und Spanien. Gemeinsam mit der spanischen Tochterfirma FAKOLITH CHEMICAL SYSTEMS ist FAKOLITH seit 2006 nach dem Qualit\u00e4tsmanagementsystem DIN EN ISO 9001:2015 zertifiziert.","email":"info@fakolith.de","telephone":"+49 (0)6253 \/ 2394-0","legalName":"FAKOLITH Farben GmbH","vatID":"DE 111629099","numberOfEmployees":{"@type":"QuantitativeValue","minValue":"11","maxValue":"50"}}]}},"_links":{"self":[{"href":"https:\/\/www.fakolith.de\/it\/wp-json\/wp\/v2\/pages\/6386","targetHints":{"allow":["GET"]}}],"collection":[{"href":"https:\/\/www.fakolith.de\/it\/wp-json\/wp\/v2\/pages"}],"about":[{"href":"https:\/\/www.fakolith.de\/it\/wp-json\/wp\/v2\/types\/page"}],"author":[{"embeddable":true,"href":"https:\/\/www.fakolith.de\/it\/wp-json\/wp\/v2\/users\/1"}],"replies":[{"embeddable":true,"href":"https:\/\/www.fakolith.de\/it\/wp-json\/wp\/v2\/comments?post=6386"}],"version-history":[{"count":0,"href":"https:\/\/www.fakolith.de\/it\/wp-json\/wp\/v2\/pages\/6386\/revisions"}],"up":[{"embeddable":true,"href":"https:\/\/www.fakolith.de\/it\/wp-json\/wp\/v2\/pages\/6009"}],"wp:attachment":[{"href":"https:\/\/www.fakolith.de\/it\/wp-json\/wp\/v2\/media?parent=6386"}],"wp:term":[{"taxonomy":"post_tag","embeddable":true,"href":"https:\/\/www.fakolith.de\/it\/wp-json\/wp\/v2\/tags?post=6386"}],"curies":[{"name":"wp","href":"https:\/\/api.w.org\/{rel}","templated":true}]}}