{"id":6407,"date":"2022-08-17T15:34:14","date_gmt":"2022-08-17T13:34:14","guid":{"rendered":"https:\/\/www.fakolith.de\/?page_id=6407"},"modified":"2024-02-16T17:27:29","modified_gmt":"2024-02-16T16:27:29","slug":"chi-puo-eseguire-il-risanamento-in-presenza-di-muffa","status":"publish","type":"page","link":"https:\/\/www.fakolith.de\/it\/chi-puo-eseguire-il-risanamento-in-presenza-di-muffa\/","title":{"rendered":"Wer darf eine Schimmelsanierung durchf\u00fchren?"},"content":{"rendered":"<div class=\"wpb-content-wrapper\">[vc_row full_width=&#8221;stretch_row_content_no_spaces&#8221; css=&#8221;.vc_custom_1617288255146{margin-bottom: 0px !important;padding-bottom: 0px !important;}&#8221;][vc_column css=&#8221;.vc_custom_1617288267876{margin-bottom: 0px !important;padding-bottom: 0px !important;}&#8221;][vc_single_image image=&#8221;6019&#8243; img_size=&#8221;2500x350px&#8221;][\/vc_column][\/vc_row][vc_row][vc_column css=&#8221;.vc_custom_1625581081233{margin-bottom: 0px !important;}&#8221;][vc_column_text css=&#8221;.vc_custom_1649407686733{padding-top: 20px !important;}&#8221;]\n<h1>Chi pu\u00f2 eseguire il risanamento in presenza di muffa?<\/h1>\n[\/vc_column_text][vc_column_text css=&#8221;.vc_custom_1649407871552{padding-top: 20px !important;}&#8221;]\n<p style=\"text-align: justify;\">Ad oggi non esiste un profilo professionale riconosciuto a livello generale. MA: chiunque offra un servizio professionale di eliminazione della muffa deve rispettare le norme sulle sostanze biologiche e pericolose (BioStoffV, GefStoffV) e disporre di sufficienti competenze.<\/p>\n<p><strong>Ordinanza tedesca sulle sostanze biologiche<\/strong><br \/>\nSi applica alle attivit\u00e0 che prevedono l\u2019uso di agenti biologici. I microrganismi sono agenti biologici che possono causare infezioni ed effetti sensibilizzanti o tossici nell\u2019uomo.<\/p>\n<p><strong>Ordinanza tedesca sulle sostanze pericolose<\/strong><br \/>\nRegolamenta le misure per la tutela dei lavoratori che operano a contatto con sostanze pericolose. Lo scopo \u00e8 quello di proteggere i lavoratori e le altre persone nonch\u00e9 l\u2019ambiente dai danni causati dalle sostanze.<\/p>\n<p><strong>Livello \u201csufficiente\u201d di competenza<\/strong><br \/>\nI requisiti di competenza sono definiti nelle norme TRBA 200 (\u201cRegole tecniche per le sostanze pericolose\u201d). Questi includono:<\/p>\n<ul>\n<li>formazione professionale adeguata<\/li>\n<li>pi\u00f9 di 2 anni di esperienza professionale nel settore<\/li>\n<li>competenze in materia di sicurezza e salute sul lavoro<\/li>\n<li>misure specifiche di formazione<\/li>\n<\/ul>\n<p>In qualit\u00e0 di datore di lavoro, la ditta esecutrice \u00e8 responsabile della corretta applicazione dell\u2019ordinanza sulle sostanze biologiche e pericolose. Prima di eseguire i lavori di risanamento, deve essere effettuata un\u2019analisi dei pericoli. Se l\u2019area da risanare \u00e8 inferiore a 0,5 m\u00b2, non \u00e8 richiesto il rispetto dei requisiti summenzionati.<\/p>\n<p><strong>Obbligo di evitare l\u2019esposizione alla polvere!<\/strong><br \/>\nL\u2019applicazione del sistema a 3 fasi FAKOLITH \u00e8 sicura, efficace ed efficiente. Nessuna esposizione alla polvere!<\/p>\n<p>Vantaggi dell\u2019utilizzo del sistema a 3 fasi FAKOLITH:[\/vc_column_text][vc_single_image image=&#8221;8143&#8243; css=&#8221;.vc_custom_1689758050707{padding-top: 25px !important;padding-bottom: 10px !important;}&#8221;][vc_row_inner equal_height=&#8221;yes&#8221; gap=&#8221;10&#8243;][vc_column_inner width=&#8221;1\/4&#8243; css=&#8221;.vc_custom_1625580979109{padding-top: 20px !important;padding-bottom: 20px !important;background-color: #e2e2e2 !important;}&#8221;][vc_column_text]<strong>1. Pulizia a umido senza esposizione alla polvere:<\/strong> pulire il sottofondo con FAKOLITH FK 12, diluito 1:4 con acqua.[\/vc_column_text][\/vc_column_inner][vc_column_inner width=&#8221;1\/4&#8243; css=&#8221;.vc_custom_1625580984792{padding-top: 20px !important;padding-bottom: 20px !important;background-color: #e2e2e2 !important;}&#8221;][vc_column_text]\n<p style=\"text-align: left;\"><strong>2. Risanare il sottofondo invece di rimuoverlo:<\/strong> applicare FAKOLITH FK 14 a saturazione per il risanamento del sottofondo.<\/p>\n[\/vc_column_text][\/vc_column_inner][vc_column_inner width=&#8221;1\/4&#8243; css=&#8221;.vc_custom_1625580990161{padding-top: 20px !important;padding-bottom: 20px !important;background-color: #e2e2e2 !important;}&#8221;][vc_column_text]\n<p style=\"text-align: left;\"><strong>3. Proteggere la superficie dalla muffa:<\/strong> FAKOLITH PITTURA IN DISPERSIONE con tecnologia BIO.FILM.STOP protegge la pellicola contro muffa e batteri.<\/p>\n[\/vc_column_text][\/vc_column_inner][vc_column_inner width=&#8221;1\/4&#8243;][\/vc_column_inner][\/vc_row_inner][\/vc_column][\/vc_row][vc_row css=&#8221;.vc_custom_1625581042997{margin-top: 0px !important;padding-top: 0px !important;}&#8221;][vc_column][vc_separator][vc_column_text css=&#8221;.vc_custom_1649408245582{padding-top: 20px !important;}&#8221;]<div class=\"templatera_shortcode\"><style type=\"text\/css\" data-type=\"vc_shortcodes-custom-css\">.vc_custom_1649408088694{padding-top: 20px !important;}.vc_custom_1660736545055{padding-top: 20px !important;}<\/style><div class=\"vc_row wpb_row vc_row-fluid wpex-relative\"><div class=\"wpb_column vc_column_container vc_col-sm-12\"><div class=\"vc_column-inner\"><div class=\"wpb_wrapper\">\n\t<div class=\"wpb_text_column wpb_content_element vc_custom_1649408088694\" >\n\t\t<div class=\"wpb_wrapper\">\n\t\t\t<h2><span  style=\"color:#dd2a1b;margin-right:5px;font-size:28px;\" class=\"wpex-icon\" aria-hidden=\"true\"><svg xmlns=\"http:\/\/www.w3.org\/2000\/svg\" viewBox=\"0 0 512 512\"><path d=\"M256 512A256 256 0 1 0 256 0a256 256 0 1 0 0 512zM216 336h24V272H216c-13.3 0-24-10.7-24-24s10.7-24 24-24h48c13.3 0 24 10.7 24 24v88h8c13.3 0 24 10.7 24 24s-10.7 24-24 24H216c-13.3 0-24-10.7-24-24s10.7-24 24-24zm40-208a32 32 0 1 1 0 64 32 32 0 1 1 0-64z\"\/><\/svg><\/span>Informazioni e assistenza<\/h2>\n\n\t\t<\/div>\n\t<\/div>\n\n\t<div class=\"wpb_text_column wpb_content_element vc_custom_1660736545055\" >\n\t\t<div class=\"wpb_wrapper\">\n\t\t\t<p>Conosciamo i requisiti delle superfici negli impianti di trasformazione alimentare e forniamo soluzioni di rivestimento funzionali.<br \/>\nAvete poco tempo da dedicare ai lavori? Avete delle domande sui nostri prodotti o sul loro uso? Il nostro reparto tecnico specializzato \u00e8 sempre disponibile per un consulto personale, telefonicamente o per e-mail.<\/p>\n<p>FAKOLITH Farben \/ Reparto tecnico specializzato<br \/>\nOrari: dal luned\u00ec al venerd\u00ec 7:30 - 12:00 e 13:00 - 16:00<br \/>\nTel.: +49 (0)6253 \/ 23 94 - 18<br \/>\nE-mail: <a href=\"mailto:anwendungstechnik@fakolith.de\">anwendungstechnik@fakolith.de<\/a><\/p>\n\n\t\t<\/div>\n\t<\/div>\n<div class=\"vc_empty_space\"   style=\"height: 32px\"><span class=\"vc_empty_space_inner\"><\/span><\/div><\/div><\/div><\/div><\/div><\/div>[\/vc_column_text][vc_empty_space][\/vc_column][\/vc_row]\n<\/div>","protected":false},"excerpt":{"rendered":"Chi pu\u00f2 eseguire il risanamento in presenza di muffa? Ad oggi non esiste un profilo professionale riconosciuto a livello generale. MA: chiunque offra un servizio professionale di eliminazione della muffa deve rispettare le norme sulle sostanze biologiche e pericolose (BioStoffV, GefStoffV) e disporre di sufficienti competenze. Ordinanza tedesca sulle sostanze biologiche Si applica alle attivit\u00e0&hellip;","protected":false},"author":1,"featured_media":0,"parent":0,"menu_order":187,"comment_status":"closed","ping_status":"closed","template":"","meta":{"inline_featured_image":false,"footnotes":""},"tags":[],"class_list":["post-6407","page","type-page","status-publish","hentry","entry","no-media"],"yoast_head":"<!-- This site is optimized with the Yoast SEO Premium plugin v27.4 (Yoast SEO v27.4) - https:\/\/yoast.com\/product\/yoast-seo-premium-wordpress\/ -->\n<title>Chi pu\u00f2 eseguire il risanamento in presenza di muffa?<\/title>\n<meta name=\"description\" content=\"Ad oggi non esiste un profilo professionale riconosciuto a livello generale. MA: chiunque offra un servizio professionale di eliminazione ...\" \/>\n<meta name=\"robots\" content=\"index, follow, max-snippet:-1, max-image-preview:large, max-video-preview:-1\" \/>\n<link rel=\"canonical\" href=\"https:\/\/www.fakolith.de\/it\/chi-puo-eseguire-il-risanamento-in-presenza-di-muffa\/\" \/>\n<meta property=\"og:locale\" content=\"it_IT\" \/>\n<meta property=\"og:type\" content=\"article\" \/>\n<meta property=\"og:title\" content=\"FAKOLITH - Profiprodukte f\u00fcr Schimmelsanierung an Geb\u00e4uden, Hygienebeschichtungen im Gesundheitswesen, FOODGRADE-Produkte in der Lebensmittelindustrie\" \/>\n<meta property=\"og:description\" content=\"FAKOLITH entwickelt und produziert seit \u00fcber 60 Jahren innovative Beschichtungssysteme f\u00fcr professionelle Anwendungen. Heute ist FAKOLITH ein international t\u00e4tiger Hersteller von Qualit\u00e4tsprodukten im Bereich Schimmelschutz und Bautenschutz, Hochwassersch\u00e4den sowie von Farben f\u00fcr das Gesundheitswesen und Beschichtungen f\u00fcr die Lebensmittelindustrie. Die lebensmittelechten FOODGRADE-Produkte, zertifiziert f\u00fcr den Direktkontakt mit Lebensmitteln nach VO (EU) 10\/2011 und FDA 21 CFR 175.300, wurden im Rahmen von internationalen Forschungsprojekten entwickelt und erweitern heute das Produktportfolio der FAKOLITH Gruppe.\" \/>\n<meta property=\"og:url\" content=\"https:\/\/www.fakolith.de\/it\/chi-puo-eseguire-il-risanamento-in-presenza-di-muffa\/\" \/>\n<meta property=\"og:site_name\" content=\"Fakolith - Schimmelschutz, Bautenschutz, Hygienebeschichtungen\" \/>\n<meta property=\"article:modified_time\" content=\"2024-02-16T16:27:29+00:00\" \/>\n<meta property=\"og:image\" content=\"https:\/\/www.fakolith.de\/wp-content\/uploads\/default-social-media.jpg\" \/>\n\t<meta property=\"og:image:width\" content=\"1200\" \/>\n\t<meta property=\"og:image:height\" content=\"675\" \/>\n\t<meta property=\"og:image:type\" content=\"image\/jpeg\" \/>\n<meta name=\"twitter:card\" content=\"summary_large_image\" \/>\n<meta name=\"twitter:label1\" content=\"Tempo di lettura stimato\" \/>\n\t<meta name=\"twitter:data1\" content=\"3 minuti\" \/>\n<script type=\"application\/ld+json\" class=\"yoast-schema-graph\">{\"@context\":\"https:\\\/\\\/schema.org\",\"@graph\":[{\"@type\":\"WebPage\",\"@id\":\"https:\\\/\\\/www.fakolith.de\\\/it\\\/chi-puo-eseguire-il-risanamento-in-presenza-di-muffa\\\/\",\"url\":\"https:\\\/\\\/www.fakolith.de\\\/it\\\/chi-puo-eseguire-il-risanamento-in-presenza-di-muffa\\\/\",\"name\":\"Chi pu\u00f2 eseguire il risanamento in presenza di muffa?\",\"isPartOf\":{\"@id\":\"https:\\\/\\\/www.fakolith.de\\\/it\\\/#website\"},\"datePublished\":\"2022-08-17T13:34:14+00:00\",\"dateModified\":\"2024-02-16T16:27:29+00:00\",\"description\":\"Ad oggi non esiste un profilo professionale riconosciuto a livello generale. MA: chiunque offra un servizio professionale di eliminazione ...\",\"breadcrumb\":{\"@id\":\"https:\\\/\\\/www.fakolith.de\\\/it\\\/chi-puo-eseguire-il-risanamento-in-presenza-di-muffa\\\/#breadcrumb\"},\"inLanguage\":\"it-IT\",\"potentialAction\":[{\"@type\":\"ReadAction\",\"target\":[\"https:\\\/\\\/www.fakolith.de\\\/it\\\/chi-puo-eseguire-il-risanamento-in-presenza-di-muffa\\\/\"]}]},{\"@type\":\"BreadcrumbList\",\"@id\":\"https:\\\/\\\/www.fakolith.de\\\/it\\\/chi-puo-eseguire-il-risanamento-in-presenza-di-muffa\\\/#breadcrumb\",\"itemListElement\":[{\"@type\":\"ListItem\",\"position\":1,\"name\":\"Startseite\",\"item\":\"https:\\\/\\\/www.fakolith.de\\\/it\\\/\"},{\"@type\":\"ListItem\",\"position\":2,\"name\":\"Schimmelsanierung\",\"item\":\"https:\\\/\\\/www.fakolith.de\\\/it\\\/risanamento-da-muffa\\\/\"},{\"@type\":\"ListItem\",\"position\":3,\"name\":\"Wer darf eine Schimmelsanierung durchf\u00fchren?\"}]},{\"@type\":\"WebSite\",\"@id\":\"https:\\\/\\\/www.fakolith.de\\\/it\\\/#website\",\"url\":\"https:\\\/\\\/www.fakolith.de\\\/it\\\/\",\"name\":\"Fakolith - Schimmelschutz, Bautenschutz, Hygienebeschichtungen\",\"description\":\"\",\"publisher\":{\"@id\":\"https:\\\/\\\/www.fakolith.de\\\/it\\\/#organization\"},\"potentialAction\":[{\"@type\":\"SearchAction\",\"target\":{\"@type\":\"EntryPoint\",\"urlTemplate\":\"https:\\\/\\\/www.fakolith.de\\\/it\\\/?s={search_term_string}\"},\"query-input\":{\"@type\":\"PropertyValueSpecification\",\"valueRequired\":true,\"valueName\":\"search_term_string\"}}],\"inLanguage\":\"it-IT\"},{\"@type\":\"Organization\",\"@id\":\"https:\\\/\\\/www.fakolith.de\\\/it\\\/#organization\",\"name\":\"FAKOLITH Farben GmbH\",\"url\":\"https:\\\/\\\/www.fakolith.de\\\/it\\\/\",\"logo\":{\"@type\":\"ImageObject\",\"inLanguage\":\"it-IT\",\"@id\":\"https:\\\/\\\/www.fakolith.de\\\/it\\\/#\\\/schema\\\/logo\\\/image\\\/\",\"url\":\"https:\\\/\\\/www.fakolith.de\\\/wp-content\\\/uploads\\\/2021\\\/03\\\/FAKOLITH-Logo.png\",\"contentUrl\":\"https:\\\/\\\/www.fakolith.de\\\/wp-content\\\/uploads\\\/2021\\\/03\\\/FAKOLITH-Logo.png\",\"width\":920,\"height\":185,\"caption\":\"FAKOLITH Farben GmbH\"},\"image\":{\"@id\":\"https:\\\/\\\/www.fakolith.de\\\/it\\\/#\\\/schema\\\/logo\\\/image\\\/\"},\"sameAs\":[\"https:\\\/\\\/de.linkedin.com\\\/company\\\/fakolith-hygienic-paints\",\"https:\\\/\\\/www.youtube.com\\\/channel\\\/UCMZ_L-Ut3xtVeWryvOYjaew\"],\"description\":\"Als Hersteller chemischer Produkte produziert FAKOLITH alle Produkte in Deutschland und Spanien. Gemeinsam mit der spanischen Tochterfirma FAKOLITH CHEMICAL SYSTEMS ist FAKOLITH seit 2006 nach dem Qualit\u00e4tsmanagementsystem DIN EN ISO 9001:2015 zertifiziert.\",\"email\":\"info@fakolith.de\",\"telephone\":\"+49 (0)6253 \\\/ 2394-0\",\"legalName\":\"FAKOLITH Farben GmbH\",\"vatID\":\"DE 111629099\",\"numberOfEmployees\":{\"@type\":\"QuantitativeValue\",\"minValue\":\"11\",\"maxValue\":\"50\"}}]}<\/script>\n<!-- \/ Yoast SEO Premium plugin. -->","yoast_head_json":{"title":"Chi pu\u00f2 eseguire il risanamento in presenza di muffa?","description":"Ad oggi non esiste un profilo professionale riconosciuto a livello generale. MA: chiunque offra un servizio professionale di eliminazione ...","robots":{"index":"index","follow":"follow","max-snippet":"max-snippet:-1","max-image-preview":"max-image-preview:large","max-video-preview":"max-video-preview:-1"},"canonical":"https:\/\/www.fakolith.de\/it\/chi-puo-eseguire-il-risanamento-in-presenza-di-muffa\/","og_locale":"it_IT","og_type":"article","og_title":"FAKOLITH - Profiprodukte f\u00fcr Schimmelsanierung an Geb\u00e4uden, Hygienebeschichtungen im Gesundheitswesen, FOODGRADE-Produkte in der Lebensmittelindustrie","og_description":"FAKOLITH entwickelt und produziert seit \u00fcber 60 Jahren innovative Beschichtungssysteme f\u00fcr professionelle Anwendungen. Heute ist FAKOLITH ein international t\u00e4tiger Hersteller von Qualit\u00e4tsprodukten im Bereich Schimmelschutz und Bautenschutz, Hochwassersch\u00e4den sowie von Farben f\u00fcr das Gesundheitswesen und Beschichtungen f\u00fcr die Lebensmittelindustrie. Die lebensmittelechten FOODGRADE-Produkte, zertifiziert f\u00fcr den Direktkontakt mit Lebensmitteln nach VO (EU) 10\/2011 und FDA 21 CFR 175.300, wurden im Rahmen von internationalen Forschungsprojekten entwickelt und erweitern heute das Produktportfolio der FAKOLITH Gruppe.","og_url":"https:\/\/www.fakolith.de\/it\/chi-puo-eseguire-il-risanamento-in-presenza-di-muffa\/","og_site_name":"Fakolith - Schimmelschutz, Bautenschutz, Hygienebeschichtungen","article_modified_time":"2024-02-16T16:27:29+00:00","og_image":[{"width":1200,"height":675,"url":"https:\/\/www.fakolith.de\/wp-content\/uploads\/default-social-media.jpg","type":"image\/jpeg"}],"twitter_card":"summary_large_image","twitter_misc":{"Tempo di lettura stimato":"3 minuti"},"schema":{"@context":"https:\/\/schema.org","@graph":[{"@type":"WebPage","@id":"https:\/\/www.fakolith.de\/it\/chi-puo-eseguire-il-risanamento-in-presenza-di-muffa\/","url":"https:\/\/www.fakolith.de\/it\/chi-puo-eseguire-il-risanamento-in-presenza-di-muffa\/","name":"Chi pu\u00f2 eseguire il risanamento in presenza di muffa?","isPartOf":{"@id":"https:\/\/www.fakolith.de\/it\/#website"},"datePublished":"2022-08-17T13:34:14+00:00","dateModified":"2024-02-16T16:27:29+00:00","description":"Ad oggi non esiste un profilo professionale riconosciuto a livello generale. MA: chiunque offra un servizio professionale di eliminazione ...","breadcrumb":{"@id":"https:\/\/www.fakolith.de\/it\/chi-puo-eseguire-il-risanamento-in-presenza-di-muffa\/#breadcrumb"},"inLanguage":"it-IT","potentialAction":[{"@type":"ReadAction","target":["https:\/\/www.fakolith.de\/it\/chi-puo-eseguire-il-risanamento-in-presenza-di-muffa\/"]}]},{"@type":"BreadcrumbList","@id":"https:\/\/www.fakolith.de\/it\/chi-puo-eseguire-il-risanamento-in-presenza-di-muffa\/#breadcrumb","itemListElement":[{"@type":"ListItem","position":1,"name":"Startseite","item":"https:\/\/www.fakolith.de\/it\/"},{"@type":"ListItem","position":2,"name":"Schimmelsanierung","item":"https:\/\/www.fakolith.de\/it\/risanamento-da-muffa\/"},{"@type":"ListItem","position":3,"name":"Wer darf eine Schimmelsanierung durchf\u00fchren?"}]},{"@type":"WebSite","@id":"https:\/\/www.fakolith.de\/it\/#website","url":"https:\/\/www.fakolith.de\/it\/","name":"Fakolith - Schimmelschutz, Bautenschutz, Hygienebeschichtungen","description":"","publisher":{"@id":"https:\/\/www.fakolith.de\/it\/#organization"},"potentialAction":[{"@type":"SearchAction","target":{"@type":"EntryPoint","urlTemplate":"https:\/\/www.fakolith.de\/it\/?s={search_term_string}"},"query-input":{"@type":"PropertyValueSpecification","valueRequired":true,"valueName":"search_term_string"}}],"inLanguage":"it-IT"},{"@type":"Organization","@id":"https:\/\/www.fakolith.de\/it\/#organization","name":"FAKOLITH Farben GmbH","url":"https:\/\/www.fakolith.de\/it\/","logo":{"@type":"ImageObject","inLanguage":"it-IT","@id":"https:\/\/www.fakolith.de\/it\/#\/schema\/logo\/image\/","url":"https:\/\/www.fakolith.de\/wp-content\/uploads\/2021\/03\/FAKOLITH-Logo.png","contentUrl":"https:\/\/www.fakolith.de\/wp-content\/uploads\/2021\/03\/FAKOLITH-Logo.png","width":920,"height":185,"caption":"FAKOLITH Farben GmbH"},"image":{"@id":"https:\/\/www.fakolith.de\/it\/#\/schema\/logo\/image\/"},"sameAs":["https:\/\/de.linkedin.com\/company\/fakolith-hygienic-paints","https:\/\/www.youtube.com\/channel\/UCMZ_L-Ut3xtVeWryvOYjaew"],"description":"Als Hersteller chemischer Produkte produziert FAKOLITH alle Produkte in Deutschland und Spanien. Gemeinsam mit der spanischen Tochterfirma FAKOLITH CHEMICAL SYSTEMS ist FAKOLITH seit 2006 nach dem Qualit\u00e4tsmanagementsystem DIN EN ISO 9001:2015 zertifiziert.","email":"info@fakolith.de","telephone":"+49 (0)6253 \/ 2394-0","legalName":"FAKOLITH Farben GmbH","vatID":"DE 111629099","numberOfEmployees":{"@type":"QuantitativeValue","minValue":"11","maxValue":"50"}}]}},"_links":{"self":[{"href":"https:\/\/www.fakolith.de\/it\/wp-json\/wp\/v2\/pages\/6407","targetHints":{"allow":["GET"]}}],"collection":[{"href":"https:\/\/www.fakolith.de\/it\/wp-json\/wp\/v2\/pages"}],"about":[{"href":"https:\/\/www.fakolith.de\/it\/wp-json\/wp\/v2\/types\/page"}],"author":[{"embeddable":true,"href":"https:\/\/www.fakolith.de\/it\/wp-json\/wp\/v2\/users\/1"}],"replies":[{"embeddable":true,"href":"https:\/\/www.fakolith.de\/it\/wp-json\/wp\/v2\/comments?post=6407"}],"version-history":[{"count":0,"href":"https:\/\/www.fakolith.de\/it\/wp-json\/wp\/v2\/pages\/6407\/revisions"}],"wp:attachment":[{"href":"https:\/\/www.fakolith.de\/it\/wp-json\/wp\/v2\/media?parent=6407"}],"wp:term":[{"taxonomy":"post_tag","embeddable":true,"href":"https:\/\/www.fakolith.de\/it\/wp-json\/wp\/v2\/tags?post=6407"}],"curies":[{"name":"wp","href":"https:\/\/api.w.org\/{rel}","templated":true}]}}