{"id":6428,"date":"2022-08-17T15:34:16","date_gmt":"2022-08-17T13:34:16","guid":{"rendered":"https:\/\/www.fakolith.de\/?page_id=6428"},"modified":"2024-01-15T18:27:49","modified_gmt":"2024-01-15T17:27:49","slug":"note-legali","status":"publish","type":"page","link":"https:\/\/www.fakolith.de\/it\/note-legali\/","title":{"rendered":"Impressum"},"content":{"rendered":"<div class=\"wpb-content-wrapper\">[vc_row full_width=&#8221;stretch_row_content_no_spaces&#8221; css=&#8221;.vc_custom_1617288255146{margin-bottom: 0px !important;padding-bottom: 0px !important;}&#8221;][vc_column css=&#8221;.vc_custom_1617288267876{margin-bottom: 0px !important;padding-bottom: 0px !important;}&#8221;][vc_single_image image=&#8221;6019&#8243; img_size=&#8221;2500x350px&#8221;][\/vc_column][\/vc_row][vc_row][vc_column][vc_column_text css=&#8221;.vc_custom_1649409874633{padding-top: 20px !important;}&#8221;]\n<h1>Note legali<\/h1>\n[\/vc_column_text][vc_column_text css=&#8221;.vc_custom_1649409887256{padding-top: 20px !important;}&#8221;]\n<h2>Informazioni ai sensi dell&#8217;art. 5 della legge tedesca sui media telematici (TMG):<\/h2>\n[\/vc_column_text][vc_row_inner][vc_column_inner width=&#8221;1\/3&#8243;][vc_column_text css=&#8221;.vc_custom_1687273689422{padding-top: 20px !important;}&#8221;]FAKOLITH Farben GmbH<br \/>\nCarl-Benz-Stra\u00dfe 19<br \/>\n64658 F\u00fcrth<\/p>\n<p>N. iscrizione nel Registro delle imprese: HRB 40397<br \/>\nTribunale commerciale: Amtsgericht F\u00fcrth (Tribunale di primo grado)<\/p>\n<p>Rappresentata da:<br \/>\nHeike G\u00f6hlich<br \/>\nUwe Farenkopf<\/p>\n<p>Contatto:<br \/>\nTel.: +49 (0)6253 \/ 2394-0<br \/>\nFax: +49 (0)6253 \/ 2394-10<br \/>\nE-mail: info@fakolith.de[\/vc_column_text][\/vc_column_inner][vc_column_inner width=&#8221;2\/3&#8243;][vc_column_text css=&#8221;.vc_custom_1649409964064{padding-top: 20px !important;}&#8221;]Partita IVA:<br \/>\nNumero di identificazione IVA ai sensi dell\u2019art. 27 a della normativa tedesca in materia:<br \/>\nDE 111629099<\/p>\n<p>Assicurazione di responsabilit\u00e0 civile professionale:<br \/>\nNome e sede dell\u2019assicuratore:<br \/>\nGothaer Versicherung AG<br \/>\nAmbito di validit\u00e0 dell\u2019assicurazione:<br \/>\nin tutto il mondo<\/p>\n<p>Responsabilit\u00e0 editoriale:<br \/>\nHeike G\u00f6hlich[\/vc_column_text][\/vc_column_inner][\/vc_row_inner][vc_column_text]\n<h2>Risoluzione delle controversie UE<\/h2>\n<p>La Commissione europea fornisce una piattaforma per la risoluzione online delle controversie (ODR):<br \/>\nhttps:\/\/ec.europa.eu\/consumers\/odr\/.<br \/>\nIl nostro indirizzo e-mail \u00e8 riportato nelle note legali qui sopra.<\/p>\n<h2>Procedimenti di risoluzione delle controversie dinanzi a un collegio arbitrale dei consumatori<\/h2>\n<p>Siamo disposti a partecipare a una procedura di risoluzione delle controversie dinanzi a un collegio arbitrale dei consumatori. \u00c8 competente il collegio arbitrale universale del Zentrum f\u00fcr Schlichtung e.V., Stra\u00dfburger Stra\u00dfe 8, 77694 Kehl am Rhein (https:\/\/www.verbraucher-schlichter.de).<\/p>\n<p>Fonte: https:\/\/www.e-recht24.de\/impressum-generator.html<\/p>\n<h2>Disclaimer<\/h2>\n<p>Responsabilit\u00e0 per i contenuti<\/p>\n<p>In qualit\u00e0 di fornitore di servizi, siamo responsabili dei contenuti pubblicati su queste pagine in conformit\u00e0 con la legislazione generale ai sensi dell\u2019art. 7, comma 1 della legge tedesca sui media telematici (TMG). Tuttavia, secondo gli artt. da 8 a 10 TMG, non siamo obbligati come fornitore di servizi a controllare le informazioni di terzi trasmesse o memorizzate, n\u00e9 a indagare su circostanze che possano indicare attivit\u00e0 illecite. Restano salvi gli obblighi di rimuovere le informazioni o di bloccarne l\u2019uso in conformit\u00e0 con la legislazione generale. Tuttavia, sussiste una responsabilit\u00e0 in questo senso solo a partire dal momento in cui si viene a conoscenza di una concreta violazione di legge. Qualora venissimo a conoscenza di eventuali violazioni della legge, provvederemo a rimuovere immediatamente i contenuti interessati.<\/p>\n<p>Responsabilit\u00e0 per i link<\/p>\n<p>La nostra offerta contiene link che rimandano a siti web esterni di terzi, sui cui contenuti non abbiamo alcuna influenza. Pertanto, non possiamo assumerci alcuna responsabilit\u00e0 per tali contenuti esterni. La responsabilit\u00e0 per il contenuto delle pagine collegate ricade sempre sul rispettivo fornitore o gestore. Le pagine collegate sono state controllate per eventuali violazioni legali al momento del collegamento. I contenuti illegali non erano riconoscibili al momento del collegamento. Tuttavia, non \u00e8 possibile esigere il monitoraggio permanente del contenuto delle pagine collegate se non in presenza di concreti elementi che facciano presumere una violazione. Qualora venissimo a conoscenza di tali violazioni, provvederemo a rimuovere immediatamente i link interessati.<\/p>\n<p>Copyright<\/p>\n<p>I contenuti e i lavori presenti in questo sito web, creati dai gestori dello stesso, sono soggetti alla legge tedesca in materia di diritti d&#8217;autore. La riproduzione, il trattamento, la diffusione e qualsiasi tipo di utilizzo al di fuori dei limiti della legge sul diritto d\u2019autore richiedono il consenso scritto del rispettivo autore o redattore. I download e le copie di questo sito sono consentiti solo per uso privato e non commerciale. Se i contenuti di questo sito non sono stati realizzati dal gestore, vigono i diritti d\u2019autore dei terzi interessati. In particolare, questi contenuti verranno segnalati come appartenenti a terzi. Vi invitiamo tuttavia a segnalarci le violazioni dei diritti d\u2019autore eventualmente riscontrate. Qualora venissimo a conoscenza di tali violazioni, provvederemo a rimuovere immediatamente i contenuti interessati.<\/p>\n<p>Crediti fotografici<br \/>\n\u00a9RioPatuca Images\/Stock.Adobe.com<br \/>\n\u00a9Jakub Krechowicz\/Stock.Adobe.com<br \/>\n\u00a9fotoliaxrender\/Stock.Adobe.com<br \/>\n\u00a9Dinadesign\/Stock.Adobe.com<br \/>\n\u00a9industrieblick\/Stock.Adobe.com<br \/>\n\u00a9Gresei\/Stock.Adobe.com<br \/>\n\u00a9ematon\/Stock.Adobe.com<br \/>\n\u00a9crevis\/Stock.Adobe.com<br \/>\n\u00a9Sagittaria\/Stock.Adobe.com<br \/>\n\u00a9fotoliaxrender\/Stock.Adobe.com<br \/>\n\u00a9cmfotoworks\/Stock.Adobe.com<br \/>\n\u00a9elen31\/Stock.Adobe.com<br \/>\n\u00a9Alexander Potapov\/Stock.Adobe.com<br \/>\n\u00a9Mexrix\/Stock.Adobe.com<br \/>\n\u00a9Lushpix\/Fotosearch<br \/>\n\u00a9iStockphoto.com\/DavidMarchal<br \/>\n\u00a9iStockphoto.com\/Justin Horrocks<br \/>\n\u00a9iStockphoto.com\/Karl Thaller<br \/>\n\u00a9iStockphoto.com\/Timur Arbaev<br \/>\n\u00a9imagepointfr\/Depositphotos<br \/>\n\u00a9Alexander Raths\/Shutterstock.com<br \/>\n\u00a9Andrii Muzyka\/Shutterstock.com<br \/>\n\u00a9Sebastian Kaulitzki\/Shutterstock.com<br \/>\n\u00a9Pixel 4 Images\/Shutterstock.com<br \/>\n\u00a9Watin\/Shutterstock.com<br \/>\n\u00a9Apostolosmastoris\/dreamstime<br \/>\n\u00a9panthermedia\/Richterfoto<br \/>\n\u00a9panthermedia\/Viktor Cap<br \/>\n\u00a9panthermedia\/Anatolii Tsekhmister<br \/>\n\u00a9trendobjects\/Stock.Adobe.com<br \/>\n\u00a9mapoli-photo-Stock.Adobe.com<br \/>\n\u00a9El\u00e9onore H\/Stock.Adobe.com<br \/>\n\u00a9bongkarn\/Stock.Adobe.com<br \/>\n\u00a9i-picture\/Stock.Adobe.com[\/vc_column_text][vc_empty_space][vc_column_text]Sito web \u2013 realizzazione:<br \/>\nDaniel Eiberger, <a href=\"https:\/\/www.reonex.de\" target=\"_blank\" rel=\"noopener\">www.reonex.de<\/a>[\/vc_column_text][\/vc_column][\/vc_row]\n<\/div>","protected":false},"excerpt":{"rendered":"<p>[vc_row full_width=&#8221;stretch_row_content_no_spaces&#8221; css=&#8221;.vc_custom_1617288255146{margin-bottom: 0px !important;padding-bottom: 0px !important;}&#8221;][vc_column css=&#8221;.vc_custom_1617288267876{margin-bottom: 0px !important;padding-bottom: 0px !important;}&#8221;][vc_single_image image=&#8221;6019&#8243; img_size=&#8221;2500x350px&#8221;][\/vc_column][\/vc_row][vc_row][vc_column][vc_column_text css=&#8221;.vc_custom_1649409874633{padding-top: 20px !important;}&#8221;] Note legali [\/vc_column_text][vc_column_text css=&#8221;.vc_custom_1649409887256{padding-top: 20px !important;}&#8221;] Informazioni ai sensi dell&#8217;art. 5 della legge tedesca sui media telematici (TMG): [\/vc_column_text][vc_row_inner][vc_column_inner width=&#8221;1\/3&#8243;][vc_column_text css=&#8221;.vc_custom_1687273689422{padding-top: 20px !important;}&#8221;]FAKOLITH Farben GmbH Carl-Benz-Stra\u00dfe 19 64658 F\u00fcrth N. iscrizione nel Registro delle imprese: HRB 40397 Tribunale&hellip;<\/p>\n","protected":false},"author":1,"featured_media":0,"parent":0,"menu_order":231,"comment_status":"closed","ping_status":"closed","template":"","meta":{"inline_featured_image":false,"footnotes":""},"tags":[],"class_list":["post-6428","page","type-page","status-publish","hentry","entry","no-media"],"yoast_head":"<!-- This site is optimized with the Yoast SEO Premium plugin v27.4 (Yoast SEO v27.4) - https:\/\/yoast.com\/product\/yoast-seo-premium-wordpress\/ -->\n<title>Impressum - Fakolith - Schimmelschutz, Bautenschutz, Hygienebeschichtungen<\/title>\n<meta name=\"robots\" content=\"index, follow, max-snippet:-1, max-image-preview:large, max-video-preview:-1\" \/>\n<link rel=\"canonical\" href=\"https:\/\/www.fakolith.de\/it\/note-legali\/\" \/>\n<meta property=\"og:locale\" content=\"it_IT\" \/>\n<meta property=\"og:type\" content=\"article\" \/>\n<meta property=\"og:title\" content=\"FAKOLITH - Profiprodukte f\u00fcr Schimmelsanierung an Geb\u00e4uden, Hygienebeschichtungen im Gesundheitswesen, FOODGRADE-Produkte in der Lebensmittelindustrie\" \/>\n<meta property=\"og:description\" content=\"FAKOLITH entwickelt und produziert seit \u00fcber 60 Jahren innovative Beschichtungssysteme f\u00fcr professionelle Anwendungen. Heute ist FAKOLITH ein international t\u00e4tiger Hersteller von Qualit\u00e4tsprodukten im Bereich Schimmelschutz und Bautenschutz, Hochwassersch\u00e4den sowie von Farben f\u00fcr das Gesundheitswesen und Beschichtungen f\u00fcr die Lebensmittelindustrie. Die lebensmittelechten FOODGRADE-Produkte, zertifiziert f\u00fcr den Direktkontakt mit Lebensmitteln nach VO (EU) 10\/2011 und FDA 21 CFR 175.300, wurden im Rahmen von internationalen Forschungsprojekten entwickelt und erweitern heute das Produktportfolio der FAKOLITH Gruppe.\" \/>\n<meta property=\"og:url\" content=\"https:\/\/www.fakolith.de\/it\/note-legali\/\" \/>\n<meta property=\"og:site_name\" content=\"Fakolith - Schimmelschutz, Bautenschutz, Hygienebeschichtungen\" \/>\n<meta property=\"article:modified_time\" content=\"2024-01-15T17:27:49+00:00\" \/>\n<meta property=\"og:image\" content=\"https:\/\/www.fakolith.de\/wp-content\/uploads\/default-social-media.jpg\" \/>\n\t<meta property=\"og:image:width\" content=\"1200\" \/>\n\t<meta property=\"og:image:height\" content=\"675\" \/>\n\t<meta property=\"og:image:type\" content=\"image\/jpeg\" \/>\n<meta name=\"twitter:card\" content=\"summary_large_image\" \/>\n<meta name=\"twitter:label1\" content=\"Tempo di lettura stimato\" \/>\n\t<meta name=\"twitter:data1\" content=\"4 minuti\" \/>\n<script type=\"application\/ld+json\" class=\"yoast-schema-graph\">{\"@context\":\"https:\\\/\\\/schema.org\",\"@graph\":[{\"@type\":\"WebPage\",\"@id\":\"https:\\\/\\\/www.fakolith.de\\\/it\\\/note-legali\\\/\",\"url\":\"https:\\\/\\\/www.fakolith.de\\\/it\\\/note-legali\\\/\",\"name\":\"Impressum - Fakolith - Schimmelschutz, Bautenschutz, Hygienebeschichtungen\",\"isPartOf\":{\"@id\":\"https:\\\/\\\/www.fakolith.de\\\/it\\\/#website\"},\"datePublished\":\"2022-08-17T13:34:16+00:00\",\"dateModified\":\"2024-01-15T17:27:49+00:00\",\"breadcrumb\":{\"@id\":\"https:\\\/\\\/www.fakolith.de\\\/it\\\/note-legali\\\/#breadcrumb\"},\"inLanguage\":\"it-IT\",\"potentialAction\":[{\"@type\":\"ReadAction\",\"target\":[\"https:\\\/\\\/www.fakolith.de\\\/it\\\/note-legali\\\/\"]}]},{\"@type\":\"BreadcrumbList\",\"@id\":\"https:\\\/\\\/www.fakolith.de\\\/it\\\/note-legali\\\/#breadcrumb\",\"itemListElement\":[{\"@type\":\"ListItem\",\"position\":1,\"name\":\"Startseite\",\"item\":\"https:\\\/\\\/www.fakolith.de\\\/it\\\/\"},{\"@type\":\"ListItem\",\"position\":2,\"name\":\"Impressum\"}]},{\"@type\":\"WebSite\",\"@id\":\"https:\\\/\\\/www.fakolith.de\\\/it\\\/#website\",\"url\":\"https:\\\/\\\/www.fakolith.de\\\/it\\\/\",\"name\":\"Fakolith - Schimmelschutz, Bautenschutz, Hygienebeschichtungen\",\"description\":\"\",\"publisher\":{\"@id\":\"https:\\\/\\\/www.fakolith.de\\\/it\\\/#organization\"},\"potentialAction\":[{\"@type\":\"SearchAction\",\"target\":{\"@type\":\"EntryPoint\",\"urlTemplate\":\"https:\\\/\\\/www.fakolith.de\\\/it\\\/?s={search_term_string}\"},\"query-input\":{\"@type\":\"PropertyValueSpecification\",\"valueRequired\":true,\"valueName\":\"search_term_string\"}}],\"inLanguage\":\"it-IT\"},{\"@type\":\"Organization\",\"@id\":\"https:\\\/\\\/www.fakolith.de\\\/it\\\/#organization\",\"name\":\"FAKOLITH Farben GmbH\",\"url\":\"https:\\\/\\\/www.fakolith.de\\\/it\\\/\",\"logo\":{\"@type\":\"ImageObject\",\"inLanguage\":\"it-IT\",\"@id\":\"https:\\\/\\\/www.fakolith.de\\\/it\\\/#\\\/schema\\\/logo\\\/image\\\/\",\"url\":\"https:\\\/\\\/www.fakolith.de\\\/wp-content\\\/uploads\\\/2021\\\/03\\\/FAKOLITH-Logo.png\",\"contentUrl\":\"https:\\\/\\\/www.fakolith.de\\\/wp-content\\\/uploads\\\/2021\\\/03\\\/FAKOLITH-Logo.png\",\"width\":920,\"height\":185,\"caption\":\"FAKOLITH Farben GmbH\"},\"image\":{\"@id\":\"https:\\\/\\\/www.fakolith.de\\\/it\\\/#\\\/schema\\\/logo\\\/image\\\/\"},\"sameAs\":[\"https:\\\/\\\/de.linkedin.com\\\/company\\\/fakolith-hygienic-paints\",\"https:\\\/\\\/www.youtube.com\\\/channel\\\/UCMZ_L-Ut3xtVeWryvOYjaew\"],\"description\":\"Als Hersteller chemischer Produkte produziert FAKOLITH alle Produkte in Deutschland und Spanien. Gemeinsam mit der spanischen Tochterfirma FAKOLITH CHEMICAL SYSTEMS ist FAKOLITH seit 2006 nach dem Qualit\u00e4tsmanagementsystem DIN EN ISO 9001:2015 zertifiziert.\",\"email\":\"info@fakolith.de\",\"telephone\":\"+49 (0)6253 \\\/ 2394-0\",\"legalName\":\"FAKOLITH Farben GmbH\",\"vatID\":\"DE 111629099\",\"numberOfEmployees\":{\"@type\":\"QuantitativeValue\",\"minValue\":\"11\",\"maxValue\":\"50\"}}]}<\/script>\n<!-- \/ Yoast SEO Premium plugin. -->","yoast_head_json":{"title":"Impressum - Fakolith - Schimmelschutz, Bautenschutz, Hygienebeschichtungen","robots":{"index":"index","follow":"follow","max-snippet":"max-snippet:-1","max-image-preview":"max-image-preview:large","max-video-preview":"max-video-preview:-1"},"canonical":"https:\/\/www.fakolith.de\/it\/note-legali\/","og_locale":"it_IT","og_type":"article","og_title":"FAKOLITH - Profiprodukte f\u00fcr Schimmelsanierung an Geb\u00e4uden, Hygienebeschichtungen im Gesundheitswesen, FOODGRADE-Produkte in der Lebensmittelindustrie","og_description":"FAKOLITH entwickelt und produziert seit \u00fcber 60 Jahren innovative Beschichtungssysteme f\u00fcr professionelle Anwendungen. Heute ist FAKOLITH ein international t\u00e4tiger Hersteller von Qualit\u00e4tsprodukten im Bereich Schimmelschutz und Bautenschutz, Hochwassersch\u00e4den sowie von Farben f\u00fcr das Gesundheitswesen und Beschichtungen f\u00fcr die Lebensmittelindustrie. Die lebensmittelechten FOODGRADE-Produkte, zertifiziert f\u00fcr den Direktkontakt mit Lebensmitteln nach VO (EU) 10\/2011 und FDA 21 CFR 175.300, wurden im Rahmen von internationalen Forschungsprojekten entwickelt und erweitern heute das Produktportfolio der FAKOLITH Gruppe.","og_url":"https:\/\/www.fakolith.de\/it\/note-legali\/","og_site_name":"Fakolith - Schimmelschutz, Bautenschutz, Hygienebeschichtungen","article_modified_time":"2024-01-15T17:27:49+00:00","og_image":[{"width":1200,"height":675,"url":"https:\/\/www.fakolith.de\/wp-content\/uploads\/default-social-media.jpg","type":"image\/jpeg"}],"twitter_card":"summary_large_image","twitter_misc":{"Tempo di lettura stimato":"4 minuti"},"schema":{"@context":"https:\/\/schema.org","@graph":[{"@type":"WebPage","@id":"https:\/\/www.fakolith.de\/it\/note-legali\/","url":"https:\/\/www.fakolith.de\/it\/note-legali\/","name":"Impressum - Fakolith - Schimmelschutz, Bautenschutz, Hygienebeschichtungen","isPartOf":{"@id":"https:\/\/www.fakolith.de\/it\/#website"},"datePublished":"2022-08-17T13:34:16+00:00","dateModified":"2024-01-15T17:27:49+00:00","breadcrumb":{"@id":"https:\/\/www.fakolith.de\/it\/note-legali\/#breadcrumb"},"inLanguage":"it-IT","potentialAction":[{"@type":"ReadAction","target":["https:\/\/www.fakolith.de\/it\/note-legali\/"]}]},{"@type":"BreadcrumbList","@id":"https:\/\/www.fakolith.de\/it\/note-legali\/#breadcrumb","itemListElement":[{"@type":"ListItem","position":1,"name":"Startseite","item":"https:\/\/www.fakolith.de\/it\/"},{"@type":"ListItem","position":2,"name":"Impressum"}]},{"@type":"WebSite","@id":"https:\/\/www.fakolith.de\/it\/#website","url":"https:\/\/www.fakolith.de\/it\/","name":"Fakolith - Schimmelschutz, Bautenschutz, Hygienebeschichtungen","description":"","publisher":{"@id":"https:\/\/www.fakolith.de\/it\/#organization"},"potentialAction":[{"@type":"SearchAction","target":{"@type":"EntryPoint","urlTemplate":"https:\/\/www.fakolith.de\/it\/?s={search_term_string}"},"query-input":{"@type":"PropertyValueSpecification","valueRequired":true,"valueName":"search_term_string"}}],"inLanguage":"it-IT"},{"@type":"Organization","@id":"https:\/\/www.fakolith.de\/it\/#organization","name":"FAKOLITH Farben GmbH","url":"https:\/\/www.fakolith.de\/it\/","logo":{"@type":"ImageObject","inLanguage":"it-IT","@id":"https:\/\/www.fakolith.de\/it\/#\/schema\/logo\/image\/","url":"https:\/\/www.fakolith.de\/wp-content\/uploads\/2021\/03\/FAKOLITH-Logo.png","contentUrl":"https:\/\/www.fakolith.de\/wp-content\/uploads\/2021\/03\/FAKOLITH-Logo.png","width":920,"height":185,"caption":"FAKOLITH Farben GmbH"},"image":{"@id":"https:\/\/www.fakolith.de\/it\/#\/schema\/logo\/image\/"},"sameAs":["https:\/\/de.linkedin.com\/company\/fakolith-hygienic-paints","https:\/\/www.youtube.com\/channel\/UCMZ_L-Ut3xtVeWryvOYjaew"],"description":"Als Hersteller chemischer Produkte produziert FAKOLITH alle Produkte in Deutschland und Spanien. Gemeinsam mit der spanischen Tochterfirma FAKOLITH CHEMICAL SYSTEMS ist FAKOLITH seit 2006 nach dem Qualit\u00e4tsmanagementsystem DIN EN ISO 9001:2015 zertifiziert.","email":"info@fakolith.de","telephone":"+49 (0)6253 \/ 2394-0","legalName":"FAKOLITH Farben GmbH","vatID":"DE 111629099","numberOfEmployees":{"@type":"QuantitativeValue","minValue":"11","maxValue":"50"}}]}},"_links":{"self":[{"href":"https:\/\/www.fakolith.de\/it\/wp-json\/wp\/v2\/pages\/6428","targetHints":{"allow":["GET"]}}],"collection":[{"href":"https:\/\/www.fakolith.de\/it\/wp-json\/wp\/v2\/pages"}],"about":[{"href":"https:\/\/www.fakolith.de\/it\/wp-json\/wp\/v2\/types\/page"}],"author":[{"embeddable":true,"href":"https:\/\/www.fakolith.de\/it\/wp-json\/wp\/v2\/users\/1"}],"replies":[{"embeddable":true,"href":"https:\/\/www.fakolith.de\/it\/wp-json\/wp\/v2\/comments?post=6428"}],"version-history":[{"count":0,"href":"https:\/\/www.fakolith.de\/it\/wp-json\/wp\/v2\/pages\/6428\/revisions"}],"wp:attachment":[{"href":"https:\/\/www.fakolith.de\/it\/wp-json\/wp\/v2\/media?parent=6428"}],"wp:term":[{"taxonomy":"post_tag","embeddable":true,"href":"https:\/\/www.fakolith.de\/it\/wp-json\/wp\/v2\/tags?post=6428"}],"curies":[{"name":"wp","href":"https:\/\/api.w.org\/{rel}","templated":true}]}}