{"id":7484,"date":"2023-10-12T10:08:58","date_gmt":"2023-10-12T08:08:58","guid":{"rendered":"https:\/\/www.fakolith.de\/?page_id=7484"},"modified":"2023-10-12T10:13:41","modified_gmt":"2023-10-12T08:13:41","slug":"fakolith-produktfinder","status":"publish","type":"page","link":"https:\/\/www.fakolith.de\/it\/fakolith-produktfinder\/","title":{"rendered":"Fakolith Produktfinder"},"content":{"rendered":"<div class=\"wpb-content-wrapper\">[vc_row full_width=&#8221;stretch_row_content_no_spaces&#8221; css=&#8221;.vc_custom_1617288255146{margin-bottom: 0px !important;padding-bottom: 0px !important;}&#8221;][vc_column css=&#8221;.vc_custom_1617288267876{margin-bottom: 0px !important;padding-bottom: 0px !important;}&#8221;][vc_single_image image=&#8221;5888&#8243; img_size=&#8221;2500x350px&#8221;][\/vc_column][\/vc_row][vc_row][vc_column css=&#8221;.vc_custom_1625065826129{margin-bottom: 10px !important;}&#8221;][vc_column_text css=&#8221;.vc_custom_1697097787538{padding-top: 20px !important;}&#8221;]\n<h1>Ricerca prodotti FAKOLITH per i rivestimenti nell&#8217;industria alimentare<\/h1>\n[\/vc_column_text][vc_row_inner][vc_column_inner width=&#8221;1\/2&#8243; css=&#8221;.vc_custom_1689949264360{margin-bottom: 0px !important;}&#8221;][vc_column_text]Ricerca dei prodotti semplificata in quattro passi<\/p>\n<p>I rivestimenti di pareti e soffitti negli impianti di lavorazione degli alimenti sono soggetti a requisiti elevati. I rivestimenti di vasche, serbatoi e silo sono soggetti a requisiti legali particolarmente severi.<\/p>\n<p>Il nuovo TrovaProdotti FAKOLITH vi aiuta a trovare in 4 passi i prodotti di sistema FAKOLITH ottimali per la vostra applicazione nelle aree della pulizia, del rinnovamento del substrato e del rivestimento finale in modo rapido ed efficiente. Su richiesta, i prodotti saranno resi disponibili in un concetto di ristrutturazione in formato PDF.[\/vc_column_text]<div class=\"vc_custom_1697098330685 wpex-clr\"><a href=\"https:\/\/profi.fakolith.de\/?lng=en\" class=\"vcex-button theme-button inline green\" style=\"background:#53b43e;font-weight:600;letter-spacing:1px;\" target=\"_blank\" rel=\"noopener noreferrer\"><span class=\"vcex-button-inner theme-button-inner\">Aprire il Trova prodotti FAKOLITH \/ inglese (nuova finestra)<span class=\"vcex-button-icon vcex-icon-wrap theme-button-icon-right\"><span class=\"ticon ticon-arrow-right\" aria-hidden=\"true\"><\/span><\/span><\/span><\/a><\/div> [\/vc_column_inner][vc_column_inner width=&#8221;1\/2&#8243; css=&#8221;.vc_custom_1689949287639{margin-bottom: 0px !important;padding-top: 30px !important;}&#8221;][vc_single_image image=&#8221;8293&#8243; alignment=&#8221;center&#8221; onclick=&#8221;custom_link&#8221; img_link_target=&#8221;_blank&#8221; link=&#8221;https:\/\/vimeo.com\/855051808&#8243;][vc_column_text css=&#8221;.vc_custom_1697098127382{padding-top: 10px !important;}&#8221;]\n<p style=\"text-align: center;\">Apre il video su vimeo.com \/ inglese (nuova finestra)<\/p>\n[\/vc_column_text][\/vc_column_inner][\/vc_row_inner][vc_column_text]I vostri vantaggi in un colpo d&#8217;occhio<\/p>\n<p>&nbsp;<\/p>\n<ul>\n<li>Interrogazione dei soli criteri di oggetto rilevanti con informazioni sulle caratteristiche speciali in 4 semplici passi<\/li>\n<li>Combinazione di prodotti di sistema adatti per la pulizia, il rinnovamento del substrato e il rivestimento finale<\/li>\n<li>Preselezione sensibile e automatica dei prodotti in caso di pi\u00f9 risultati in base ai dati dell&#8217;oggetto<\/li>\n<li>Creazione di un concetto di risanamento in formato PDF, per scopi di calcolo o per la trasmissione ad altri<\/li>\n<li>Risultato immediato della ricerca con la possibilit\u00e0 di discuterne successivamente con la tecnologia di applicazione FAKOLITH<\/li>\n<\/ul>\n[\/vc_column_text][vc_empty_space height=&#8221;30px&#8221;][vc_separator][vc_column_text css=&#8221;.vc_custom_1697097958342{padding-top: 10px !important;}&#8221;]Siete alla ricerca di un rivestimento per le aree di produzione, raffreddamento, stoccaggio e vendita delle aziende alimentari?<\/p>\n<p>Ogni settore ha i suoi requisiti speciali per la superficie di un rivestimento. Che si tratti di pareti, soffitti, serbatoi, silos o piastrelle. Il Product Finder \u00e8 adatto a tutti i settori dell&#8217;industria alimentare e distingue, ad esempio, i sistemi per macellerie, panifici, caseifici, aziende vinicole, birrerie, industria ittica, industria ortofrutticola e conserviera, ecc. Con l&#8217;aiuto dei dati degli oggetti, il software pu\u00f2 gi\u00e0 suggerire una buona selezione preliminare di prodotti adatti. Se sono in discussione diversi prodotti o se mancano dati essenziali per restringere la selezione, vi consigliamo di contattare il nostro dipartimento di tecnologia applicativa.[\/vc_column_text][vc_empty_space height=&#8221;15px&#8221;]<div class=\"vc_custom_1697098330685 wpex-clr\"><a href=\"https:\/\/profi.fakolith.de\/?lng=en\" class=\"vcex-button theme-button inline green\" style=\"background:#53b43e;font-weight:600;letter-spacing:1px;\" target=\"_blank\" rel=\"noopener noreferrer\"><span class=\"vcex-button-inner theme-button-inner\">Aprire il Trova prodotti FAKOLITH \/ inglese (nuova finestra)<span class=\"vcex-button-icon vcex-icon-wrap theme-button-icon-right\"><span class=\"ticon ticon-arrow-right\" aria-hidden=\"true\"><\/span><\/span><\/span><\/a><\/div> [\/vc_column][\/vc_row][vc_row][vc_column][vc_separator][vc_column_text css=&#8221;.vc_custom_1619449278051{padding-top: 20px !important;}&#8221;]\n<h2><span class=\"ticon ticon-info-circle\" aria-hidden=\"true\" style=\"color:#dd2a1b;margin-right:5px;font-size:28px;\"><\/span> Anwendungstechnik und Beratung<\/h2>\n[\/vc_column_text][vc_column_text css=&#8221;.vc_custom_1697097991060{padding-top: 20px !important;}&#8221;]Se avete domande sul Trova prodotti FAKOLITH o desiderate ulteriori consigli sui prodotti trovati, contattate direttamente il nostro reparto di tecnologia applicativa o inviate un&#8217;e-mail.<\/p>\n<p>Telefono: +49 (0)6253 \/ 23 94 &#8211; 18<br \/>\nOrari di consultazione: Dal luned\u00ec al venerd\u00ec dalle 7.30 alle 12.00 e dalle 13.00 alle 16.00.<br \/>\nE-mail: <a href=\"mailto:anwendungstechnik@fakolith.de\">anwendungstechnik@fakolith.de<\/a>[\/vc_column_text][vc_empty_space][\/vc_column][\/vc_row][vc_row][vc_column][vc_column_text visibility=&#8221;hidden&#8221;]F\u00fcr Suche \/ nicht sichtbar:<br \/>\nProduktsuche, Produktfinder, Productfinder, Produkt Suche, Product Search[\/vc_column_text][\/vc_column][\/vc_row]\n<\/div>","protected":false},"excerpt":{"rendered":"<p>[vc_row full_width=&#8221;stretch_row_content_no_spaces&#8221; css=&#8221;.vc_custom_1617288255146{margin-bottom: 0px !important;padding-bottom: 0px !important;}&#8221;][vc_column css=&#8221;.vc_custom_1617288267876{margin-bottom: 0px !important;padding-bottom: 0px !important;}&#8221;][vc_single_image image=&#8221;5888&#8243; img_size=&#8221;2500x350px&#8221;][\/vc_column][\/vc_row][vc_row][vc_column css=&#8221;.vc_custom_1625065826129{margin-bottom: 10px !important;}&#8221;][vc_column_text css=&#8221;.vc_custom_1697097787538{padding-top: 20px !important;}&#8221;] Ricerca prodotti FAKOLITH per i rivestimenti nell&#8217;industria alimentare [\/vc_column_text][vc_row_inner][vc_column_inner width=&#8221;1\/2&#8243; css=&#8221;.vc_custom_1689949264360{margin-bottom: 0px !important;}&#8221;][vc_column_text]Ricerca dei prodotti semplificata in quattro passi I rivestimenti di pareti e soffitti negli impianti di lavorazione degli alimenti sono soggetti a requisiti&hellip;<\/p>\n","protected":false},"author":1,"featured_media":0,"parent":0,"menu_order":249,"comment_status":"closed","ping_status":"closed","template":"","meta":{"footnotes":""},"tags":[],"class_list":["post-7484","page","type-page","status-publish","hentry","entry","no-media"],"yoast_head":"<!-- This site is optimized with the Yoast SEO Premium plugin v23.6 (Yoast SEO v27.3) - https:\/\/yoast.com\/product\/yoast-seo-premium-wordpress\/ -->\n<title>Produktfinder f\u00fcr Beschichtungen in der Lebensmittelindustrie<\/title>\n<meta name=\"description\" content=\"Testen Sie jetzt den FAKOLITH Produktfinder! Ihr individuelles Renovierungskonzept durch gezielte Eingabe Ihrer Anforderungen in 4 Schritten.\" \/>\n<meta name=\"robots\" content=\"index, follow, max-snippet:-1, max-image-preview:large, max-video-preview:-1\" \/>\n<link rel=\"canonical\" href=\"https:\/\/www.fakolith.de\/it\/fakolith-produktfinder\/\" \/>\n<meta property=\"og:locale\" content=\"it_IT\" \/>\n<meta property=\"og:type\" content=\"article\" \/>\n<meta property=\"og:title\" content=\"FAKOLITH - Profiprodukte f\u00fcr Schimmelsanierung an Geb\u00e4uden, Hygienebeschichtungen im Gesundheitswesen, FOODGRADE-Produkte in der Lebensmittelindustrie\" \/>\n<meta property=\"og:description\" content=\"FAKOLITH entwickelt und produziert seit \u00fcber 60 Jahren innovative Beschichtungssysteme f\u00fcr professionelle Anwendungen. Heute ist FAKOLITH ein international t\u00e4tiger Hersteller von Qualit\u00e4tsprodukten im Bereich Schimmelschutz und Bautenschutz, Hochwassersch\u00e4den sowie von Farben f\u00fcr das Gesundheitswesen und Beschichtungen f\u00fcr die Lebensmittelindustrie. Die lebensmittelechten FOODGRADE-Produkte, zertifiziert f\u00fcr den Direktkontakt mit Lebensmitteln nach VO (EU) 10\/2011 und FDA 21 CFR 175.300, wurden im Rahmen von internationalen Forschungsprojekten entwickelt und erweitern heute das Produktportfolio der FAKOLITH Gruppe.\" \/>\n<meta property=\"og:url\" content=\"https:\/\/www.fakolith.de\/it\/fakolith-produktfinder\/\" \/>\n<meta property=\"og:site_name\" content=\"Fakolith - Schimmelschutz, Bautenschutz, Hygienebeschichtungen\" \/>\n<meta property=\"article:modified_time\" content=\"2023-10-12T08:13:41+00:00\" \/>\n<meta property=\"og:image\" content=\"https:\/\/www.fakolith.de\/wp-content\/uploads\/default-social-media.jpg\" \/>\n\t<meta property=\"og:image:width\" content=\"1200\" \/>\n\t<meta property=\"og:image:height\" content=\"675\" \/>\n\t<meta property=\"og:image:type\" content=\"image\/jpeg\" \/>\n<meta name=\"twitter:card\" content=\"summary_large_image\" \/>\n<meta name=\"twitter:label1\" content=\"Tempo di lettura stimato\" \/>\n\t<meta name=\"twitter:data1\" content=\"3 minuti\" \/>\n<script type=\"application\/ld+json\" class=\"yoast-schema-graph\">{\"@context\":\"https:\\\/\\\/schema.org\",\"@graph\":[{\"@type\":\"WebPage\",\"@id\":\"https:\\\/\\\/www.fakolith.de\\\/it\\\/fakolith-produktfinder\\\/\",\"url\":\"https:\\\/\\\/www.fakolith.de\\\/it\\\/fakolith-produktfinder\\\/\",\"name\":\"Produktfinder f\u00fcr Beschichtungen in der Lebensmittelindustrie\",\"isPartOf\":{\"@id\":\"https:\\\/\\\/www.fakolith.de\\\/#website\"},\"datePublished\":\"2023-10-12T08:08:58+00:00\",\"dateModified\":\"2023-10-12T08:13:41+00:00\",\"description\":\"Testen Sie jetzt den FAKOLITH Produktfinder! Ihr individuelles Renovierungskonzept durch gezielte Eingabe Ihrer Anforderungen in 4 Schritten.\",\"breadcrumb\":{\"@id\":\"https:\\\/\\\/www.fakolith.de\\\/it\\\/fakolith-produktfinder\\\/#breadcrumb\"},\"inLanguage\":\"it-IT\",\"potentialAction\":[{\"@type\":\"ReadAction\",\"target\":[\"https:\\\/\\\/www.fakolith.de\\\/it\\\/fakolith-produktfinder\\\/\"]}]},{\"@type\":\"BreadcrumbList\",\"@id\":\"https:\\\/\\\/www.fakolith.de\\\/it\\\/fakolith-produktfinder\\\/#breadcrumb\",\"itemListElement\":[{\"@type\":\"ListItem\",\"position\":1,\"name\":\"Startseite\",\"item\":\"https:\\\/\\\/www.fakolith.de\\\/it\\\/\"},{\"@type\":\"ListItem\",\"position\":2,\"name\":\"Fakolith Produktfinder\"}]},{\"@type\":\"WebSite\",\"@id\":\"https:\\\/\\\/www.fakolith.de\\\/#website\",\"url\":\"https:\\\/\\\/www.fakolith.de\\\/\",\"name\":\"Fakolith - Schimmelschutz, Bautenschutz, Hygienebeschichtungen\",\"description\":\"\",\"publisher\":{\"@id\":\"https:\\\/\\\/www.fakolith.de\\\/#organization\"},\"potentialAction\":[{\"@type\":\"SearchAction\",\"target\":{\"@type\":\"EntryPoint\",\"urlTemplate\":\"https:\\\/\\\/www.fakolith.de\\\/?s={search_term_string}\"},\"query-input\":{\"@type\":\"PropertyValueSpecification\",\"valueRequired\":true,\"valueName\":\"search_term_string\"}}],\"inLanguage\":\"it-IT\"},{\"@type\":\"Organization\",\"@id\":\"https:\\\/\\\/www.fakolith.de\\\/#organization\",\"name\":\"FAKOLITH Farben GmbH\",\"url\":\"https:\\\/\\\/www.fakolith.de\\\/\",\"logo\":{\"@type\":\"ImageObject\",\"inLanguage\":\"it-IT\",\"@id\":\"https:\\\/\\\/www.fakolith.de\\\/#\\\/schema\\\/logo\\\/image\\\/\",\"url\":\"https:\\\/\\\/www.fakolith.de\\\/wp-content\\\/uploads\\\/2021\\\/03\\\/FAKOLITH-Logo.png\",\"contentUrl\":\"https:\\\/\\\/www.fakolith.de\\\/wp-content\\\/uploads\\\/2021\\\/03\\\/FAKOLITH-Logo.png\",\"width\":920,\"height\":185,\"caption\":\"FAKOLITH Farben GmbH\"},\"image\":{\"@id\":\"https:\\\/\\\/www.fakolith.de\\\/#\\\/schema\\\/logo\\\/image\\\/\"},\"sameAs\":[\"https:\\\/\\\/de.linkedin.com\\\/company\\\/fakolith-hygienic-paints\",\"https:\\\/\\\/www.youtube.com\\\/channel\\\/UCMZ_L-Ut3xtVeWryvOYjaew\"]}]}<\/script>\n<!-- \/ Yoast SEO Premium plugin. -->","yoast_head_json":{"title":"Produktfinder f\u00fcr Beschichtungen in der Lebensmittelindustrie","description":"Testen Sie jetzt den FAKOLITH Produktfinder! Ihr individuelles Renovierungskonzept durch gezielte Eingabe Ihrer Anforderungen in 4 Schritten.","robots":{"index":"index","follow":"follow","max-snippet":"max-snippet:-1","max-image-preview":"max-image-preview:large","max-video-preview":"max-video-preview:-1"},"canonical":"https:\/\/www.fakolith.de\/it\/fakolith-produktfinder\/","og_locale":"it_IT","og_type":"article","og_title":"FAKOLITH - Profiprodukte f\u00fcr Schimmelsanierung an Geb\u00e4uden, Hygienebeschichtungen im Gesundheitswesen, FOODGRADE-Produkte in der Lebensmittelindustrie","og_description":"FAKOLITH entwickelt und produziert seit \u00fcber 60 Jahren innovative Beschichtungssysteme f\u00fcr professionelle Anwendungen. Heute ist FAKOLITH ein international t\u00e4tiger Hersteller von Qualit\u00e4tsprodukten im Bereich Schimmelschutz und Bautenschutz, Hochwassersch\u00e4den sowie von Farben f\u00fcr das Gesundheitswesen und Beschichtungen f\u00fcr die Lebensmittelindustrie. Die lebensmittelechten FOODGRADE-Produkte, zertifiziert f\u00fcr den Direktkontakt mit Lebensmitteln nach VO (EU) 10\/2011 und FDA 21 CFR 175.300, wurden im Rahmen von internationalen Forschungsprojekten entwickelt und erweitern heute das Produktportfolio der FAKOLITH Gruppe.","og_url":"https:\/\/www.fakolith.de\/it\/fakolith-produktfinder\/","og_site_name":"Fakolith - Schimmelschutz, Bautenschutz, Hygienebeschichtungen","article_modified_time":"2023-10-12T08:13:41+00:00","og_image":[{"width":1200,"height":675,"url":"https:\/\/www.fakolith.de\/wp-content\/uploads\/default-social-media.jpg","type":"image\/jpeg"}],"twitter_card":"summary_large_image","twitter_misc":{"Tempo di lettura stimato":"3 minuti"},"schema":{"@context":"https:\/\/schema.org","@graph":[{"@type":"WebPage","@id":"https:\/\/www.fakolith.de\/it\/fakolith-produktfinder\/","url":"https:\/\/www.fakolith.de\/it\/fakolith-produktfinder\/","name":"Produktfinder f\u00fcr Beschichtungen in der Lebensmittelindustrie","isPartOf":{"@id":"https:\/\/www.fakolith.de\/#website"},"datePublished":"2023-10-12T08:08:58+00:00","dateModified":"2023-10-12T08:13:41+00:00","description":"Testen Sie jetzt den FAKOLITH Produktfinder! Ihr individuelles Renovierungskonzept durch gezielte Eingabe Ihrer Anforderungen in 4 Schritten.","breadcrumb":{"@id":"https:\/\/www.fakolith.de\/it\/fakolith-produktfinder\/#breadcrumb"},"inLanguage":"it-IT","potentialAction":[{"@type":"ReadAction","target":["https:\/\/www.fakolith.de\/it\/fakolith-produktfinder\/"]}]},{"@type":"BreadcrumbList","@id":"https:\/\/www.fakolith.de\/it\/fakolith-produktfinder\/#breadcrumb","itemListElement":[{"@type":"ListItem","position":1,"name":"Startseite","item":"https:\/\/www.fakolith.de\/it\/"},{"@type":"ListItem","position":2,"name":"Fakolith Produktfinder"}]},{"@type":"WebSite","@id":"https:\/\/www.fakolith.de\/#website","url":"https:\/\/www.fakolith.de\/","name":"Fakolith - Schimmelschutz, Bautenschutz, Hygienebeschichtungen","description":"","publisher":{"@id":"https:\/\/www.fakolith.de\/#organization"},"potentialAction":[{"@type":"SearchAction","target":{"@type":"EntryPoint","urlTemplate":"https:\/\/www.fakolith.de\/?s={search_term_string}"},"query-input":{"@type":"PropertyValueSpecification","valueRequired":true,"valueName":"search_term_string"}}],"inLanguage":"it-IT"},{"@type":"Organization","@id":"https:\/\/www.fakolith.de\/#organization","name":"FAKOLITH Farben GmbH","url":"https:\/\/www.fakolith.de\/","logo":{"@type":"ImageObject","inLanguage":"it-IT","@id":"https:\/\/www.fakolith.de\/#\/schema\/logo\/image\/","url":"https:\/\/www.fakolith.de\/wp-content\/uploads\/2021\/03\/FAKOLITH-Logo.png","contentUrl":"https:\/\/www.fakolith.de\/wp-content\/uploads\/2021\/03\/FAKOLITH-Logo.png","width":920,"height":185,"caption":"FAKOLITH Farben GmbH"},"image":{"@id":"https:\/\/www.fakolith.de\/#\/schema\/logo\/image\/"},"sameAs":["https:\/\/de.linkedin.com\/company\/fakolith-hygienic-paints","https:\/\/www.youtube.com\/channel\/UCMZ_L-Ut3xtVeWryvOYjaew"]}]}},"_links":{"self":[{"href":"https:\/\/www.fakolith.de\/it\/wp-json\/wp\/v2\/pages\/7484","targetHints":{"allow":["GET"]}}],"collection":[{"href":"https:\/\/www.fakolith.de\/it\/wp-json\/wp\/v2\/pages"}],"about":[{"href":"https:\/\/www.fakolith.de\/it\/wp-json\/wp\/v2\/types\/page"}],"author":[{"embeddable":true,"href":"https:\/\/www.fakolith.de\/it\/wp-json\/wp\/v2\/users\/1"}],"replies":[{"embeddable":true,"href":"https:\/\/www.fakolith.de\/it\/wp-json\/wp\/v2\/comments?post=7484"}],"version-history":[{"count":0,"href":"https:\/\/www.fakolith.de\/it\/wp-json\/wp\/v2\/pages\/7484\/revisions"}],"wp:attachment":[{"href":"https:\/\/www.fakolith.de\/it\/wp-json\/wp\/v2\/media?parent=7484"}],"wp:term":[{"taxonomy":"post_tag","embeddable":true,"href":"https:\/\/www.fakolith.de\/it\/wp-json\/wp\/v2\/tags?post=7484"}],"curies":[{"name":"wp","href":"https:\/\/api.w.org\/{rel}","templated":true}]}}